{"id":19482,"date":"2026-02-04T14:05:31","date_gmt":"2026-02-04T14:05:31","guid":{"rendered":"https:\/\/meditex.ee\/product\/slapimo-nelaikymo-apatiniai-rubai-ladonna\/"},"modified":"2026-02-04T14:05:37","modified_gmt":"2026-02-04T14:05:37","slug":"slapimo-nelaikymo-apatiniai-rubai-ladonna","status":"publish","type":"product","link":"https:\/\/meditex.ee\/lt\/produktas\/slapimo-nelaikymo-apatiniai-rubai-ladonna\/","title":{"rendered":"\u0160lapimo nelaikymo apatiniai r\u016bbai LaDonna"},"content":{"rendered":"<div class=\"row\"  id=\"row-640226173\">\n\n\t<div id=\"col-242441505\" class=\"col medium-4 small-12 large-4\"  >\n\t\t\t\t<div class=\"col-inner text-left\"  >\n\t\t\t\n\t\t\t\n\t<div class=\"img has-hover x md-x lg-x y md-y lg-y\" id=\"image_901264363\">\n\t\t\t\t\t\t\t\t<div class=\"img-inner dark\" >\n\t\t\t<img decoding=\"async\" width=\"125\" height=\"33\" src=\"https:\/\/meditex.ee\/wp-content\/uploads\/2020\/10\/tilk2.png\" class=\"attachment-large size-large\" alt=\"\" \/>\t\t\t\t\t\t\n\t\t\t\t\t<\/div>\n\t\t\t\t\t\t\t\t\n<style>\n#image_901264363 {\n  width: 40%;\n}\n<\/style>\n\t<\/div>\n\t\n\t\t<\/div>\n\t\t\t\t\t<\/div>\n\n\t\n\n\t<div id=\"col-1631465222\" class=\"col medium-4 small-12 large-4\"  >\n\t\t\t\t<div class=\"col-inner text-center\"  >\n\t\t\t\n\t\t\t\n\t<div class=\"img has-hover x md-x lg-x y md-y lg-y\" id=\"image_438327785\">\n\t\t\t\t\t\t\t\t<div class=\"img-inner dark\" >\n\t\t\t<img decoding=\"async\" width=\"500\" height=\"500\" src=\"https:\/\/meditex.ee\/wp-content\/uploads\/2020\/10\/naiste.png\" class=\"attachment-large size-large\" alt=\"\" srcset=\"https:\/\/meditex.ee\/wp-content\/uploads\/2020\/10\/naiste.png 500w, https:\/\/meditex.ee\/wp-content\/uploads\/2020\/10\/naiste-100x100.png 100w, https:\/\/meditex.ee\/wp-content\/uploads\/2020\/10\/naiste-400x400.png 400w, https:\/\/meditex.ee\/wp-content\/uploads\/2020\/10\/naiste-280x280.png 280w, https:\/\/meditex.ee\/wp-content\/uploads\/2020\/10\/naiste-300x300.png 300w\" sizes=\"(max-width: 500px) 100vw, 500px\" \/>\t\t\t\t\t\t\n\t\t\t\t\t<\/div>\n\t\t\t\t\t\t\t\t\n<style>\n#image_438327785 {\n  width: 25%;\n}\n<\/style>\n\t<\/div>\n\t\n\t\t<\/div>\n\t\t\t\t\t<\/div>\n\n\t\n\n\t<div id=\"col-2052461323\" class=\"col medium-4 small-12 large-4\"  >\n\t\t\t\t<div class=\"col-inner text-right\"  >\n\t\t\t\n\t\t\t\n\t<div class=\"img has-hover x md-x lg-x y md-y lg-y\" id=\"image_1859216526\">\n\t\t\t\t\t\t\t\t<div class=\"img-inner dark\" >\n\t\t\t<img decoding=\"async\" width=\"451\" height=\"112\" src=\"https:\/\/meditex.ee\/wp-content\/uploads\/2020\/10\/suprimalogo.png\" class=\"attachment-large size-large\" alt=\"\" \/>\t\t\t\t\t\t\n\t\t\t\t\t<\/div>\n\t\t\t\t\t\t\t\t\n<style>\n#image_1859216526 {\n  width: 60%;\n}\n<\/style>\n\t<\/div>\n\t\n\t\t<\/div>\n\t\t\t\t\t<\/div>\n\n\t\n<\/div>\n<h2><strong>Uriinipidamatuse aluspesu<\/strong><\/h2>\n<h2><img decoding=\"async\" class=\"alignnone wp-image-11419\" src=\"https:\/\/meditex.ee\/wp-content\/uploads\/2020\/10\/LaDonna.png\" alt=\"\" width=\"338\" height=\"115\" \/><\/h2>\n<p style=\"text-align: left;\"><span style=\"color: #000000;\">Pidamatus on selle all kannatajate jaoks v\u00e4ga ebameeldiv. Hirm meelitada t\u00e4helepanu l\u00f5hna v\u00f5i m\u00e4rgumise t\u00f5ttu viib sageli sotsiaalsetest suhetest taganemisele. Mis puutub t\u00fc\u00fcpilistesse pidamatuse toodetesse, siis pole nende disain \u00fcldjuhul eriti atraktiivne. Lisaks usaldusv\u00e4\u00e4rsele kaitsele pakub suprima LaDonna aluspesu ka maksimaalset diskreetsust.<\/span><\/p>\n<p style=\"text-align: left;\"><span style=\"color: #000000;\">LaDonna uriinipidamatuse aluspesu pakub kaasaegset ja v\u00e4ga naiselikku kujundust. V\u00e4ljast kaunistatud pitsi ja v\u00e4ikese lipsuga, seestpoolt aga tagatud maksimaalne funktsionaalsus. Pesul on integreeritud veekindel pol\u00fcuretaanist kaitse ning see on m\u00f5eldud v\u00e4ikeste ja kergete sidemete jaoks.<\/span><\/p>\n<p><span style=\"color: #000000;\">LaDonna aluspesu sobib ideaalselt nii kerge kuni m\u00f5\u00f5duka uriinipidamatuse kui ka tugevate menstruatsioonide korral kandmiseks.<\/span><\/p>\n<p style=\"text-align: left;\"><span style=\"color: #000000;\">T\u00e4nu oma moodsale ja naiselikule kujundusele on seda v\u00f5imatu eristada tavalisest aluspesust ja see sobib h\u00e4sti t\u00e4nap\u00e4evastele aktiivsetele naistele.<\/span><\/p>\n<p>&nbsp;<\/p>\n<p style=\"text-align: left;\"><span style=\"color: #000000;\"><strong>Materjal: <\/strong>95% puuvill, 5% elastaan<\/span><\/p>\n<div><\/div>\n\t<div class=\"img has-hover x md-x lg-x y md-y lg-y\" id=\"image_612145925\">\n\t\t\t\t\t\t\t\t<div class=\"img-inner dark\" >\n\t\t\t<img decoding=\"async\" width=\"1020\" height=\"332\" src=\"https:\/\/meditex.ee\/wp-content\/uploads\/2020\/10\/Suuruste-tabel-1400x456.png\" class=\"attachment-large size-large\" alt=\"\" srcset=\"https:\/\/meditex.ee\/wp-content\/uploads\/2020\/10\/Suuruste-tabel-1400x456.png 1400w, https:\/\/meditex.ee\/wp-content\/uploads\/2020\/10\/Suuruste-tabel-510x166.png 510w, https:\/\/meditex.ee\/wp-content\/uploads\/2020\/10\/Suuruste-tabel-800x261.png 800w, https:\/\/meditex.ee\/wp-content\/uploads\/2020\/10\/Suuruste-tabel-768x250.png 768w, https:\/\/meditex.ee\/wp-content\/uploads\/2020\/10\/Suuruste-tabel-600x195.png 600w, https:\/\/meditex.ee\/wp-content\/uploads\/2020\/10\/Suuruste-tabel.png 1412w\" sizes=\"(max-width: 1020px) 100vw, 1020px\" \/>\t\t\t\t\t\t\n\t\t\t\t\t<\/div>\n\t\t\t\t\t\t\t\t\n<style>\n#image_612145925 {\n  width: 100%;\n}\n<\/style>\n\t<\/div>\n\t\n<div class=\"is-divider divider clearfix\" style=\"max-width:1110px;background-color:rgb(255, 255, 255);\"><\/div>\n<p style=\"text-align: left;\"><strong><span style=\"color: #000000;\">HOOLDUSJUHEND:<\/span><\/strong><\/p>\n\t<div class=\"img has-hover x md-x lg-x y md-y lg-y\" id=\"image_1767669819\">\n\t\t\t\t\t\t\t\t<div class=\"img-inner dark\" >\n\t\t\t<img decoding=\"async\" width=\"1020\" height=\"723\" src=\"https:\/\/meditex.ee\/wp-content\/uploads\/2021\/11\/Pesujuhend-60-1128x800.png\" class=\"attachment-large size-large\" alt=\"\" srcset=\"https:\/\/meditex.ee\/wp-content\/uploads\/2021\/11\/Pesujuhend-60-1128x800.png 1128w, https:\/\/meditex.ee\/wp-content\/uploads\/2021\/11\/Pesujuhend-60-510x362.png 510w, https:\/\/meditex.ee\/wp-content\/uploads\/2021\/11\/Pesujuhend-60-564x400.png 564w, https:\/\/meditex.ee\/wp-content\/uploads\/2021\/11\/Pesujuhend-60-768x545.png 768w, https:\/\/meditex.ee\/wp-content\/uploads\/2021\/11\/Pesujuhend-60-1536x1090.png 1536w, https:\/\/meditex.ee\/wp-content\/uploads\/2021\/11\/Pesujuhend-60-600x426.png 600w, https:\/\/meditex.ee\/wp-content\/uploads\/2021\/11\/Pesujuhend-60.png 1748w\" sizes=\"(max-width: 1020px) 100vw, 1020px\" \/>\t\t\t\t\t\t\n\t\t\t\t\t<\/div>\n\t\t\t\t\t\t\t\t\n<style>\n#image_1767669819 {\n  width: 50%;\n}\n<\/style>\n\t<\/div>\n\t\n<div class=\"is-divider divider clearfix\" style=\"background-color:rgb(255, 255, 255);\"><\/div>\n<p>Kokkusobivad <a href=\"https:\/\/www.tena.ee\/\" target=\"_blank\" rel=\"noopener noreferrer\">TENA<\/a> tooted: Mini, Mini Plus, Normal, Extra.<\/p>\n<p>Info tootja kodulehel <a href=\"https:\/\/www.suprima-gmbh.de\/inkontinenz-slips\/2037\/ladonna-slip-mit-waescheschutz\">https:\/\/www.suprima-gmbh.de\/inkontinenz-slips\/2037\/ladonna-slip-mit-waescheschutz<\/a><\/p>\n<p>Suprima kohta loe l\u00e4hemalt <a href=\"https:\/\/meditex.ee\/lt\/suprima\/\">siin<\/a>.<\/p>\n<div class=\"is-divider divider clearfix\" style=\"background-color:rgb(255, 255, 255);\"><\/div>\n<div class=\"row\"  id=\"row-2049566074\">\n\n\t<div id=\"col-193018019\" class=\"col small-12 large-12\"  >\n\t\t\t\t<div class=\"col-inner\"  >\n\t\t\t\n\t\t\t\n<div class=\"is-divider divider clearfix\" style=\"max-width:1100px;height:1px;\"><\/div>\n<div class=\"row\"  id=\"row-1910117822\">\n\n\t<div id=\"col-957229404\" class=\"col medium-8 small-12 large-8\"  >\n\t\t\t\t<div class=\"col-inner\"  >\n\t\t\t\n\t\t\t\n<h4 style=\"text-align: left;\">Kod\u0117l naudoti nelaikymo apatinius vietoj vienkartini\u0173 sauskelni\u0173.<\/h4>\n<p style=\"text-align: left;\"><span style=\"font-weight: 400;\">Vienkartin\u0117s kelnait\u0117s yra labai populiarios. <\/span><span style=\"font-weight: 400;\">Ta\u010diau kiekvien\u0105 kart\u0105, kai reikia keisti vienkartines kelnaites, turite nusirengti iki kojini\u0173, kas gali b\u016bti tiek nehigieni\u0161ka, tiek nepatogu. Ypa\u010d vie\u0161ose vietose. <\/span><\/p>\n\t\t<\/div>\n\t\t\t\t\t<\/div>\n\n\t\n\n\t<div id=\"col-835710371\" class=\"col medium-4 small-12 large-4\"  >\n\t\t\t\t<div class=\"col-inner text-center\"  >\n\t\t\t\n\t\t\t\n\t<div class=\"img has-hover x md-x lg-x y md-y lg-y\" id=\"image_1924084036\">\n\t\t\t\t\t\t\t\t<div class=\"img-inner dark\" >\n\t\t\t<img decoding=\"async\" width=\"500\" height=\"500\" src=\"https:\/\/meditex.ee\/wp-content\/uploads\/2021\/02\/disposable-pants.png\" class=\"attachment-large size-large\" alt=\"\" srcset=\"https:\/\/meditex.ee\/wp-content\/uploads\/2021\/02\/disposable-pants.png 500w, https:\/\/meditex.ee\/wp-content\/uploads\/2021\/02\/disposable-pants-100x100.png 100w, https:\/\/meditex.ee\/wp-content\/uploads\/2021\/02\/disposable-pants-400x400.png 400w, https:\/\/meditex.ee\/wp-content\/uploads\/2021\/02\/disposable-pants-280x280.png 280w, https:\/\/meditex.ee\/wp-content\/uploads\/2021\/02\/disposable-pants-300x300.png 300w\" sizes=\"(max-width: 500px) 100vw, 500px\" \/>\t\t\t\t\t\t\n\t\t\t\t\t<\/div>\n\t\t\t\t\t\t\t\t\n<style>\n#image_1924084036 {\n  width: 41%;\n}\n<\/style>\n\t<\/div>\n\t\n\t\t<\/div>\n\t\t\t\t\t<\/div>\n\n\t\n<\/div>\n<div class=\"row\"  id=\"row-427640373\">\n\n\t<div id=\"col-7738461\" class=\"col medium-4 small-12 large-4\"  >\n\t\t\t\t<div class=\"col-inner text-center\"  >\n\t\t\t\n\t\t\t\n\t<div class=\"img has-hover x md-x lg-x y md-y lg-y\" id=\"image_710077365\">\n\t\t\t\t\t\t\t\t<div class=\"img-inner dark\" >\n\t\t\t<img decoding=\"async\" width=\"800\" height=\"400\" src=\"https:\/\/meditex.ee\/wp-content\/uploads\/2021\/02\/suprima-lahendus.png\" class=\"attachment-large size-large\" alt=\"\" srcset=\"https:\/\/meditex.ee\/wp-content\/uploads\/2021\/02\/suprima-lahendus.png 800w, https:\/\/meditex.ee\/wp-content\/uploads\/2021\/02\/suprima-lahendus-510x255.png 510w, https:\/\/meditex.ee\/wp-content\/uploads\/2021\/02\/suprima-lahendus-768x384.png 768w, https:\/\/meditex.ee\/wp-content\/uploads\/2021\/02\/suprima-lahendus-600x300.png 600w\" sizes=\"(max-width: 800px) 100vw, 800px\" \/>\t\t\t\t\t\t\n\t\t\t\t\t<\/div>\n\t\t\t\t\t\t\t\t\n<style>\n#image_710077365 {\n  width: 81%;\n}\n<\/style>\n\t<\/div>\n\t\n\t\t<\/div>\n\t\t\t\t\t<\/div>\n\n\t\n\n\t<div id=\"col-1190009012\" class=\"col medium-8 small-12 large-8\"  >\n\t\t\t\t<div class=\"col-inner\"  >\n\t\t\t\n\t\t\t\n<p style=\"text-align: left;\"><span style=\"font-weight: 400;\">Sprendimas &#8211; n<\/span><span style=\"font-weight: 400;\">audojant suprima apatinius su vienkartiniais \u012fklotais, kei\u010diate tik \u012fklotus.<\/span><\/p>\n<p style=\"text-align: left;\"><span style=\"font-weight: 400;\">\u012eklotai yra pigesni nei vienkartin\u0117s kelnait\u0117s. \u012eklotai taip pat sukuria ma\u017eiau atliek\u0173 nei vienkartin\u0117s kelnait\u0117s ir galima teigti, kad apatini\u0173 + \u012fkloto kombinacija yra draugi\u0161kesn\u0117 aplinkai.  <\/span><\/p>\n\t\t<\/div>\n\t\t\t\t\t<\/div>\n\n\t\n<\/div>\n<div class=\"row\"  id=\"row-1524036073\">\n\n\t<div id=\"col-160701596\" class=\"col small-12 large-12\"  >\n\t\t\t\t<div class=\"col-inner\"  >\n\t\t\t\n\t\t\t\n<p style=\"text-align: left;\"><span style=\"font-weight: 400;\">Nelaikymo apatini\u0173 privalumai:<\/span><\/p>\n<p style=\"text-align: left;\"><b>Ekonomi\u0161ki<\/b><span style=\"font-weight: 400;\">. Skalb\u016bs apatiniai tarnaus ilgai, nes juos galima skalbti kelis kartus. Tai daro juos ekonomi\u0161ku ir patvariu sprendimu. Pradin\u0117 pirkimo kaina gali atrodyti brangi, bet ilgalaik\u0117je perspektyvoje skalb\u016bs apatiniai yra pigesni nei vienkartin\u0117 apsauga.  <\/span><\/p>\n<p style=\"text-align: left;\"><b>Diskreti\u0161ki.<\/b><span style=\"font-weight: 400;\"> Skalb\u016bs nelaikymo apatiniai yra plonesni, tai rei\u0161kia, kad jie da\u017enai yra diskretesni ir nepastebimesni. Skalb\u016bs apatiniai neturi masyvaus sauskelni\u0173 i\u0161vaizdos ir yra sukurti atrodyti kaip \u012fprasti apatiniai. <\/span><\/p>\n<p style=\"text-align: left;\"><b>I\u0161vaizda.<\/b><span style=\"font-weight: 400;\"> Skalb\u016bs apatiniai r\u016bbai yra \u012fvairi\u0173 stili\u0173. Tinkamo i\u0161vaizdos modelio ras sau tiek vyrai, tiek moterys. Yra tiek bokseriuk\u0173, tiek \u012fprast\u0173 kelnu\u010di\u0173.  <\/span><\/p>\n\t\t<\/div>\n\t\t\t\t\t<\/div>\n\n\t\n<\/div>\n\t\t<\/div>\n\t\t\t\t\t<\/div>\n\n\t\n<\/div>\n","protected":false},"excerpt":{"rendered":"<p style=\"text-align: left;\"><span style=\"color: #000000; font-size: 75%;\">\u0160lapimo nelaikymo apatiniai r\u016bbai moterims.<\/span><\/p>\n<p><img decoding=\"async\" class=\"alignnone size-full wp-image-10979\" src=\"https:\/\/meditex.ee\/wp-content\/uploads\/2020\/10\/tilk2.png\" alt=\"\" width=\"125\" height=\"33\"><\/p>\n","protected":false},"featured_media":19488,"template":"","meta":[],"product_brand":[],"product_cat":[634],"product_tag":[637,635],"class_list":{"0":"post-19482","1":"product","2":"type-product","3":"status-publish","4":"has-post-thumbnail","6":"product_cat-inkontinencijos-apatiniai-drabuziai","7":"product_tag-moteru","8":"product_tag-suprima","10":"first","11":"instock","12":"taxable","13":"shipping-taxable","14":"purchasable","15":"product-type-variable"},"yoast_head":"<!-- This site is optimized with the Yoast SEO plugin v27.3 - https:\/\/yoast.com\/product\/yoast-seo-wordpress\/ -->\n<title>\u0160lapimo nelaikymo apatiniai r\u016bbai LaDonna - Meditex .ee internetin\u0117 parduotuv\u0117<\/title>\n<meta name=\"description\" content=\"Tinka moterims su vidutinio laipsnio \u0161lapimo nelaikymu. Be patikimos apsaugos, \u0161lapimo nelaikymo apatiniai r\u016bbai taip pat u\u017etikrina maksimal\u0173 diskretum\u0105.\" \/>\n<meta name=\"robots\" content=\"index, follow, max-snippet:-1, max-image-preview:large, max-video-preview:-1\" \/>\n<link rel=\"canonical\" href=\"https:\/\/meditex.ee\/lt\/product\/slapimo-nelaikymo-apatiniai-rubai-ladonna\/\" \/>\n<meta property=\"og:locale\" content=\"lt_LT\" \/>\n<meta property=\"og:type\" content=\"article\" \/>\n<meta property=\"og:title\" content=\"\u0160lapimo nelaikymo apatiniai r\u016bbai LaDonna - Meditex .ee internetin\u0117 parduotuv\u0117\" \/>\n<meta property=\"og:description\" content=\"Tinka moterims su vidutinio laipsnio \u0161lapimo nelaikymu. Be patikimos apsaugos, \u0161lapimo nelaikymo apatiniai r\u016bbai taip pat u\u017etikrina maksimal\u0173 diskretum\u0105.\" \/>\n<meta property=\"og:url\" content=\"https:\/\/meditex.ee\/lt\/product\/slapimo-nelaikymo-apatiniai-rubai-ladonna\/\" \/>\n<meta property=\"og:site_name\" content=\"Meditex\" \/>\n<meta property=\"article:publisher\" content=\"https:\/\/www.facebook.com\/meditexepood\/\" \/>\n<meta property=\"article:modified_time\" content=\"2026-02-04T14:05:37+00:00\" \/>\n<meta property=\"og:image\" content=\"https:\/\/meditex.ee\/wp-content\/uploads\/2020\/10\/suprima_1267-009_D-2.jpg\" \/>\n\t<meta property=\"og:image:width\" content=\"1063\" \/>\n\t<meta property=\"og:image:height\" content=\"1063\" \/>\n\t<meta property=\"og:image:type\" content=\"image\/jpeg\" \/>\n<meta name=\"twitter:card\" content=\"summary_large_image\" \/>\n<meta name=\"twitter:label1\" content=\"Est. reading time\" \/>\n\t<meta name=\"twitter:data1\" content=\"2 minut\u0117\" \/>\n<script type=\"application\/ld+json\" class=\"yoast-schema-graph\">{\"@context\":\"https:\\\/\\\/schema.org\",\"@graph\":[{\"@type\":\"WebPage\",\"@id\":\"https:\\\/\\\/meditex.ee\\\/lt\\\/product\\\/slapimo-nelaikymo-apatiniai-rubai-ladonna\\\/\",\"url\":\"https:\\\/\\\/meditex.ee\\\/lt\\\/product\\\/slapimo-nelaikymo-apatiniai-rubai-ladonna\\\/\",\"name\":\"\u0160lapimo nelaikymo apatiniai r\u016bbai LaDonna - Meditex .ee internetin\u0117 parduotuv\u0117\",\"isPartOf\":{\"@id\":\"https:\\\/\\\/meditex.ee\\\/en\\\/#website\"},\"primaryImageOfPage\":{\"@id\":\"https:\\\/\\\/meditex.ee\\\/lt\\\/product\\\/slapimo-nelaikymo-apatiniai-rubai-ladonna\\\/#primaryimage\"},\"image\":{\"@id\":\"https:\\\/\\\/meditex.ee\\\/lt\\\/product\\\/slapimo-nelaikymo-apatiniai-rubai-ladonna\\\/#primaryimage\"},\"thumbnailUrl\":\"https:\\\/\\\/meditex.ee\\\/wp-content\\\/uploads\\\/2020\\\/10\\\/suprima_1267-009_D-2.jpg\",\"datePublished\":\"2026-02-04T14:05:31+00:00\",\"dateModified\":\"2026-02-04T14:05:37+00:00\",\"description\":\"Tinka moterims su vidutinio laipsnio \u0161lapimo nelaikymu. Be patikimos apsaugos, \u0161lapimo nelaikymo apatiniai r\u016bbai taip pat u\u017etikrina maksimal\u0173 diskretum\u0105.\",\"breadcrumb\":{\"@id\":\"https:\\\/\\\/meditex.ee\\\/lt\\\/product\\\/slapimo-nelaikymo-apatiniai-rubai-ladonna\\\/#breadcrumb\"},\"inLanguage\":\"lt-LT\",\"potentialAction\":[{\"@type\":\"ReadAction\",\"target\":[\"https:\\\/\\\/meditex.ee\\\/lt\\\/product\\\/slapimo-nelaikymo-apatiniai-rubai-ladonna\\\/\"]}]},{\"@type\":\"ImageObject\",\"inLanguage\":\"lt-LT\",\"@id\":\"https:\\\/\\\/meditex.ee\\\/lt\\\/product\\\/slapimo-nelaikymo-apatiniai-rubai-ladonna\\\/#primaryimage\",\"url\":\"https:\\\/\\\/meditex.ee\\\/wp-content\\\/uploads\\\/2020\\\/10\\\/suprima_1267-009_D-2.jpg\",\"contentUrl\":\"https:\\\/\\\/meditex.ee\\\/wp-content\\\/uploads\\\/2020\\\/10\\\/suprima_1267-009_D-2.jpg\",\"width\":1063,\"height\":1063},{\"@type\":\"BreadcrumbList\",\"@id\":\"https:\\\/\\\/meditex.ee\\\/lt\\\/product\\\/slapimo-nelaikymo-apatiniai-rubai-ladonna\\\/#breadcrumb\",\"itemListElement\":[{\"@type\":\"ListItem\",\"position\":1,\"name\":\"Home\",\"item\":\"https:\\\/\\\/meditex.ee\\\/lt\\\/\"},{\"@type\":\"ListItem\",\"position\":2,\"name\":\"Parduotuv\u0117\",\"item\":\"https:\\\/\\\/meditex.ee\\\/lt\\\/parduotuve\\\/\"},{\"@type\":\"ListItem\",\"position\":3,\"name\":\"\u0160lapimo nelaikymo apatiniai r\u016bbai LaDonna\"}]},{\"@type\":\"WebSite\",\"@id\":\"https:\\\/\\\/meditex.ee\\\/en\\\/#website\",\"url\":\"https:\\\/\\\/meditex.ee\\\/en\\\/\",\"name\":\"Meditex\",\"description\":\"\",\"publisher\":{\"@id\":\"https:\\\/\\\/meditex.ee\\\/en\\\/#organization\"},\"potentialAction\":[{\"@type\":\"SearchAction\",\"target\":{\"@type\":\"EntryPoint\",\"urlTemplate\":\"https:\\\/\\\/meditex.ee\\\/en\\\/?s={search_term_string}\"},\"query-input\":{\"@type\":\"PropertyValueSpecification\",\"valueRequired\":true,\"valueName\":\"search_term_string\"}}],\"inLanguage\":\"lt-LT\"},{\"@type\":\"Organization\",\"@id\":\"https:\\\/\\\/meditex.ee\\\/en\\\/#organization\",\"name\":\"Meditex\",\"url\":\"https:\\\/\\\/meditex.ee\\\/en\\\/\",\"logo\":{\"@type\":\"ImageObject\",\"inLanguage\":\"lt-LT\",\"@id\":\"https:\\\/\\\/meditex.ee\\\/en\\\/#\\\/schema\\\/logo\\\/image\\\/\",\"url\":\"https:\\\/\\\/meditex.ee\\\/wp-content\\\/uploads\\\/2018\\\/03\\\/mdtx_logo.png\",\"contentUrl\":\"https:\\\/\\\/meditex.ee\\\/wp-content\\\/uploads\\\/2018\\\/03\\\/mdtx_logo.png\",\"width\":669,\"height\":235,\"caption\":\"Meditex\"},\"image\":{\"@id\":\"https:\\\/\\\/meditex.ee\\\/en\\\/#\\\/schema\\\/logo\\\/image\\\/\"},\"sameAs\":[\"https:\\\/\\\/www.facebook.com\\\/meditexepood\\\/\"]}]}<\/script>\n<!-- \/ Yoast SEO plugin. -->","yoast_head_json":{"title":"\u0160lapimo nelaikymo apatiniai r\u016bbai LaDonna - Meditex .ee internetin\u0117 parduotuv\u0117","description":"Tinka moterims su vidutinio laipsnio \u0161lapimo nelaikymu. Be patikimos apsaugos, \u0161lapimo nelaikymo apatiniai r\u016bbai taip pat u\u017etikrina maksimal\u0173 diskretum\u0105.","robots":{"index":"index","follow":"follow","max-snippet":"max-snippet:-1","max-image-preview":"max-image-preview:large","max-video-preview":"max-video-preview:-1"},"canonical":"https:\/\/meditex.ee\/lt\/product\/slapimo-nelaikymo-apatiniai-rubai-ladonna\/","og_locale":"lt_LT","og_type":"article","og_title":"\u0160lapimo nelaikymo apatiniai r\u016bbai LaDonna - Meditex .ee internetin\u0117 parduotuv\u0117","og_description":"Tinka moterims su vidutinio laipsnio \u0161lapimo nelaikymu. Be patikimos apsaugos, \u0161lapimo nelaikymo apatiniai r\u016bbai taip pat u\u017etikrina maksimal\u0173 diskretum\u0105.","og_url":"https:\/\/meditex.ee\/lt\/product\/slapimo-nelaikymo-apatiniai-rubai-ladonna\/","og_site_name":"Meditex","article_publisher":"https:\/\/www.facebook.com\/meditexepood\/","article_modified_time":"2026-02-04T14:05:37+00:00","og_image":[{"width":1063,"height":1063,"url":"https:\/\/meditex.ee\/wp-content\/uploads\/2020\/10\/suprima_1267-009_D-2.jpg","type":"image\/jpeg"}],"twitter_card":"summary_large_image","twitter_misc":{"Est. reading time":"2 minut\u0117"},"schema":{"@context":"https:\/\/schema.org","@graph":[{"@type":"WebPage","@id":"https:\/\/meditex.ee\/lt\/product\/slapimo-nelaikymo-apatiniai-rubai-ladonna\/","url":"https:\/\/meditex.ee\/lt\/product\/slapimo-nelaikymo-apatiniai-rubai-ladonna\/","name":"\u0160lapimo nelaikymo apatiniai r\u016bbai LaDonna - Meditex .ee internetin\u0117 parduotuv\u0117","isPartOf":{"@id":"https:\/\/meditex.ee\/en\/#website"},"primaryImageOfPage":{"@id":"https:\/\/meditex.ee\/lt\/product\/slapimo-nelaikymo-apatiniai-rubai-ladonna\/#primaryimage"},"image":{"@id":"https:\/\/meditex.ee\/lt\/product\/slapimo-nelaikymo-apatiniai-rubai-ladonna\/#primaryimage"},"thumbnailUrl":"https:\/\/meditex.ee\/wp-content\/uploads\/2020\/10\/suprima_1267-009_D-2.jpg","datePublished":"2026-02-04T14:05:31+00:00","dateModified":"2026-02-04T14:05:37+00:00","description":"Tinka moterims su vidutinio laipsnio \u0161lapimo nelaikymu. Be patikimos apsaugos, \u0161lapimo nelaikymo apatiniai r\u016bbai taip pat u\u017etikrina maksimal\u0173 diskretum\u0105.","breadcrumb":{"@id":"https:\/\/meditex.ee\/lt\/product\/slapimo-nelaikymo-apatiniai-rubai-ladonna\/#breadcrumb"},"inLanguage":"lt-LT","potentialAction":[{"@type":"ReadAction","target":["https:\/\/meditex.ee\/lt\/product\/slapimo-nelaikymo-apatiniai-rubai-ladonna\/"]}]},{"@type":"ImageObject","inLanguage":"lt-LT","@id":"https:\/\/meditex.ee\/lt\/product\/slapimo-nelaikymo-apatiniai-rubai-ladonna\/#primaryimage","url":"https:\/\/meditex.ee\/wp-content\/uploads\/2020\/10\/suprima_1267-009_D-2.jpg","contentUrl":"https:\/\/meditex.ee\/wp-content\/uploads\/2020\/10\/suprima_1267-009_D-2.jpg","width":1063,"height":1063},{"@type":"BreadcrumbList","@id":"https:\/\/meditex.ee\/lt\/product\/slapimo-nelaikymo-apatiniai-rubai-ladonna\/#breadcrumb","itemListElement":[{"@type":"ListItem","position":1,"name":"Home","item":"https:\/\/meditex.ee\/lt\/"},{"@type":"ListItem","position":2,"name":"Parduotuv\u0117","item":"https:\/\/meditex.ee\/lt\/parduotuve\/"},{"@type":"ListItem","position":3,"name":"\u0160lapimo nelaikymo apatiniai r\u016bbai LaDonna"}]},{"@type":"WebSite","@id":"https:\/\/meditex.ee\/en\/#website","url":"https:\/\/meditex.ee\/en\/","name":"Meditex","description":"","publisher":{"@id":"https:\/\/meditex.ee\/en\/#organization"},"potentialAction":[{"@type":"SearchAction","target":{"@type":"EntryPoint","urlTemplate":"https:\/\/meditex.ee\/en\/?s={search_term_string}"},"query-input":{"@type":"PropertyValueSpecification","valueRequired":true,"valueName":"search_term_string"}}],"inLanguage":"lt-LT"},{"@type":"Organization","@id":"https:\/\/meditex.ee\/en\/#organization","name":"Meditex","url":"https:\/\/meditex.ee\/en\/","logo":{"@type":"ImageObject","inLanguage":"lt-LT","@id":"https:\/\/meditex.ee\/en\/#\/schema\/logo\/image\/","url":"https:\/\/meditex.ee\/wp-content\/uploads\/2018\/03\/mdtx_logo.png","contentUrl":"https:\/\/meditex.ee\/wp-content\/uploads\/2018\/03\/mdtx_logo.png","width":669,"height":235,"caption":"Meditex"},"image":{"@id":"https:\/\/meditex.ee\/en\/#\/schema\/logo\/image\/"},"sameAs":["https:\/\/www.facebook.com\/meditexepood\/"]}]}},"_links":{"self":[{"href":"https:\/\/meditex.ee\/lt\/wp-json\/wp\/v2\/product\/19482","targetHints":{"allow":["GET"]}}],"collection":[{"href":"https:\/\/meditex.ee\/lt\/wp-json\/wp\/v2\/product"}],"about":[{"href":"https:\/\/meditex.ee\/lt\/wp-json\/wp\/v2\/types\/product"}],"wp:featuredmedia":[{"embeddable":true,"href":"https:\/\/meditex.ee\/lt\/wp-json\/wp\/v2\/media\/19488"}],"wp:attachment":[{"href":"https:\/\/meditex.ee\/lt\/wp-json\/wp\/v2\/media?parent=19482"}],"wp:term":[{"taxonomy":"product_brand","embeddable":true,"href":"https:\/\/meditex.ee\/lt\/wp-json\/wp\/v2\/product_brand?post=19482"},{"taxonomy":"product_cat","embeddable":true,"href":"https:\/\/meditex.ee\/lt\/wp-json\/wp\/v2\/product_cat?post=19482"},{"taxonomy":"product_tag","embeddable":true,"href":"https:\/\/meditex.ee\/lt\/wp-json\/wp\/v2\/product_tag?post=19482"}],"curies":[{"name":"wp","href":"https:\/\/api.w.org\/{rel}","templated":true}]}}