{"id":19431,"date":"2026-02-04T14:04:44","date_gmt":"2026-02-04T14:04:44","guid":{"rendered":"https:\/\/meditex.ee\/product\/corsinel-stomasafe-cool\/"},"modified":"2026-02-04T14:04:47","modified_gmt":"2026-02-04T14:04:47","slug":"corsinel-stomasafe-cool","status":"publish","type":"product","link":"https:\/\/meditex.ee\/lt\/produktas\/corsinel-stomasafe-cool\/","title":{"rendered":"Corsinel StomaSafe Cool"},"content":{"rendered":"<div class=\"row\"  id=\"row-975611822\">\n\n\t<div id=\"col-2039178568\" class=\"col medium-4 small-12 large-4\"  >\n\t\t\t\t<div class=\"col-inner\"  >\n\t\t\t\n\t\t\t\n\t<div class=\"img has-hover x md-x lg-x y md-y lg-y\" id=\"image_1030565323\">\n\t\t\t\t\t\t\t\t<div class=\"img-inner dark\" >\n\t\t\t<img decoding=\"async\" width=\"419\" height=\"417\" src=\"https:\/\/meditex.ee\/wp-content\/uploads\/2020\/09\/Corsinel-compression-level-icon_LIGHT.png\" class=\"attachment-large size-large\" alt=\"\" srcset=\"https:\/\/meditex.ee\/wp-content\/uploads\/2020\/09\/Corsinel-compression-level-icon_LIGHT.png 419w, https:\/\/meditex.ee\/wp-content\/uploads\/2020\/09\/Corsinel-compression-level-icon_LIGHT-100x100.png 100w, https:\/\/meditex.ee\/wp-content\/uploads\/2020\/09\/Corsinel-compression-level-icon_LIGHT-402x400.png 402w, https:\/\/meditex.ee\/wp-content\/uploads\/2020\/09\/Corsinel-compression-level-icon_LIGHT-280x280.png 280w, https:\/\/meditex.ee\/wp-content\/uploads\/2020\/09\/Corsinel-compression-level-icon_LIGHT-300x300.png 300w\" sizes=\"(max-width: 419px) 100vw, 419px\" \/>\t\t\t\t\t\t\n\t\t\t\t\t<\/div>\n\t\t\t\t\t\t\t\t\n<style>\n#image_1030565323 {\n  width: 30%;\n}\n<\/style>\n\t<\/div>\n\t\n\t\t<\/div>\n\t\t\t\t\t<\/div>\n\n\t\n\n\t<div id=\"col-1670227655\" class=\"col medium-4 small-12 large-4\"  >\n\t\t\t\t<div class=\"col-inner\"  >\n\t\t\t\n\t\t\t\n\t\t<\/div>\n\t\t\t\t\t<\/div>\n\n\t\n\n\t<div id=\"col-1394823920\" class=\"col medium-4 small-12 large-4\"  >\n\t\t\t\t<div class=\"col-inner text-right\"  >\n\t\t\t\n\t\t\t\n\t<div class=\"img has-hover x md-x lg-x y md-y lg-y\" id=\"image_1383952157\">\n\t\t\t\t\t\t\t\t<div class=\"img-inner dark\" >\n\t\t\t<img decoding=\"async\" width=\"1000\" height=\"285\" src=\"https:\/\/meditex.ee\/wp-content\/uploads\/2023\/04\/logo_86_11zon.jpg\" class=\"attachment-large size-large\" alt=\"\" srcset=\"https:\/\/meditex.ee\/wp-content\/uploads\/2023\/04\/logo_86_11zon.jpg 1000w, https:\/\/meditex.ee\/wp-content\/uploads\/2023\/04\/logo_86_11zon-510x145.jpg 510w, https:\/\/meditex.ee\/wp-content\/uploads\/2023\/04\/logo_86_11zon-800x228.jpg 800w, https:\/\/meditex.ee\/wp-content\/uploads\/2023\/04\/logo_86_11zon-768x219.jpg 768w\" sizes=\"(max-width: 1000px) 100vw, 1000px\" \/>\t\t\t\t\t\t\n\t\t\t\t\t<\/div>\n\t\t\t\t\t\t\t\t\n<style>\n#image_1383952157 {\n  width: 50%;\n}\n<\/style>\n\t<\/div>\n\t\n\t\t<\/div>\n\t\t\t\t\t<\/div>\n\n\t\n<\/div>\n<h3 style=\"text-align: left;\"><span style=\"color: #000000;\"><strong>Lengvo palaikymo stomos juosta <\/strong><\/span><span style=\"color: #000000;\"><strong>StomaSafe Cool<\/strong><\/span><\/h3>\n<p style=\"text-align: left;\"><span style=\"color: #000000;\">StomaSafe Cool stomos juosta sukurta neprilygstamam komfortui u\u017etikrinti. Ji diskre\u010diai ir saugiai fiksuoja bei palaiko stomos mai\u0161el\u012f, tuo pa\u010diu metu suteikdama v\u0117sinimo poj\u016bt\u012f odai d\u0117l pa\u017eangios v\u0117sinan\u010dios si\u016bl\u0173 technologijos. Juostos dizainas leid\u017eia ne\u0161iotojui gyventi fizi\u0161kai aktyv\u0173 gyvenim\u0105. StomaSafe Cool galima naudoti tiek su vienos, tiek su dviej\u0173 dali\u0173 sistemomis ir ne\u0161ioti vis\u0105 par\u0105.   <\/span><\/p>\n<p><span style=\"color: #000000;\"><strong>Funkcijos:<\/strong><\/span><\/p>\n<ul>\n<li><span style=\"color: #000000;\">Diskre\u010diai ir saugiai: tas pats patikimas palaikymas kaip StomaSafe Plus, dabar su papildomo v\u0117sumo poj\u016b\u010dio prana\u0161umu<\/span><\/li>\n<li><span style=\"color: #000000;\">Nuolatinis komfortas su pa\u017eangia v\u0117sinan\u010di\u0173 si\u016bl\u0173 technologija<\/span><\/li>\n<li><span style=\"color: #000000;\">Lengvas, vos juntamas poj\u016btis, kuris nat\u016braliai juda kartu su k\u016bnu<\/span><\/li>\n<li><span style=\"color: #000000;\">Be klij\u0173 \u2013 apsaugo jautri\u0105 od\u0105<\/span><\/li>\n<li><span style=\"color: #000000;\">I\u0161 anksto supjaustytas ir paruo\u0161tas naudojimui greitam pritaikymui<\/span><\/li>\n<li><span style=\"color: #000000;\">Didelis elastingumas saugiam ir patogiam tinkamumui<\/span><\/li>\n<li><span style=\"color: #000000;\">Suma\u017eina tvars\u010dio slydim\u0105 ir \u017eaizdos kontakt\u0105<\/span><\/li>\n<\/ul>\n<p><span style=\"color: #000000;\"><strong>Audinio sud\u0117tis:<\/strong> 91% poliamidas, 9% elastanas<\/span><\/p>\n<p style=\"text-align: left;\"><span style=\"color: #000000;\"><strong>Dyd\u017eiai: <\/strong>Visada matuokite pla\u010diausioje pilvo vietoje.<\/span><\/p>\n<div class=\"row\"  id=\"row-1774107908\">\n\n\t<div id=\"col-690704919\" class=\"col medium-6 small-12 large-6\"  >\n\t\t\t\t<div class=\"col-inner\"  >\n\t\t\t\n\t\t\t\n\t<div class=\"img has-hover x md-x lg-x y md-y lg-y\" id=\"image_851140189\">\n\t\t\t\t\t\t\t\t<div class=\"img-inner dark\" >\n\t\t\t<img decoding=\"async\" width=\"441\" height=\"455\" src=\"https:\/\/meditex.ee\/wp-content\/uploads\/2025\/06\/suurused.webp\" class=\"attachment-large size-large\" alt=\"\" srcset=\"https:\/\/meditex.ee\/wp-content\/uploads\/2025\/06\/suurused.webp 441w, https:\/\/meditex.ee\/wp-content\/uploads\/2025\/06\/suurused-388x400.webp 388w\" sizes=\"(max-width: 441px) 100vw, 441px\" \/>\t\t\t\t\t\t\n\t\t\t\t\t<\/div>\n\t\t\t\t\t\t\t\t\n<style>\n#image_851140189 {\n  width: 100%;\n}\n<\/style>\n\t<\/div>\n\t\n\t\t<\/div>\n\t\t\t\t\t<\/div>\n\n\t\n\n\t<div id=\"col-371050475\" class=\"col medium-6 small-12 large-6\"  >\n\t\t\t\t<div class=\"col-inner\"  >\n\t\t\t\n\t\t\t\n\t\t<\/div>\n\t\t\t\t\t<\/div>\n\n\t\n<\/div>\n<div class=\"is-divider divider clearfix\" style=\"background-color:rgb(255, 255, 255);\"><\/div>\n<div class=\"row row-small\"  id=\"row-1924510680\">\n\n\t<div id=\"col-1619573209\" class=\"col medium-6 small-12 large-6\"  >\n\t\t\t\t<div class=\"col-inner\"  >\n\t\t\t\n\t\t\t\n\t<div class=\"img has-hover x md-x lg-x y md-y lg-y\" id=\"image_125593427\">\n\t\t\t\t\t\t\t\t<div class=\"img-inner dark\" >\n\t\t\t<img decoding=\"async\" width=\"500\" height=\"200\" src=\"https:\/\/meditex.ee\/wp-content\/uploads\/2020\/10\/SSP-paigaldamine-1.png\" class=\"attachment-large size-large\" alt=\"\" \/>\t\t\t\t\t\t\n\t\t\t\t\t<\/div>\n\t\t\t\t\t\t\t\t\n<style>\n#image_125593427 {\n  width: 100%;\n}\n<\/style>\n\t<\/div>\n\t\n\t\t<\/div>\n\t\t\t\t\t<\/div>\n\n\t\n\n\t<div id=\"col-1276048230\" class=\"col medium-6 small-12 large-6\"  >\n\t\t\t\t<div class=\"col-inner\"  >\n\t\t\t\n\t\t\t\n\t<div class=\"img has-hover x md-x lg-x y md-y lg-y\" id=\"image_1933265241\">\n\t\t\t\t\t\t\t\t<div class=\"img-inner dark\" >\n\t\t\t<img decoding=\"async\" width=\"500\" height=\"200\" src=\"https:\/\/meditex.ee\/wp-content\/uploads\/2020\/10\/SSP-paigaldamine-2.png\" class=\"attachment-large size-large\" alt=\"\" \/>\t\t\t\t\t\t\n\t\t\t\t\t<\/div>\n\t\t\t\t\t\t\t\t\n<style>\n#image_1933265241 {\n  width: 100%;\n}\n<\/style>\n\t<\/div>\n\t\n\t\t<\/div>\n\t\t\t\t\t<\/div>\n\n\t\n<\/div>\n<div class=\"row row-small\"  id=\"row-1537960485\">\n\n\t<div id=\"col-1498979273\" class=\"col medium-6 small-12 large-6\"  >\n\t\t\t\t<div class=\"col-inner\"  >\n\t\t\t\n\t\t\t\n\t<div class=\"img has-hover x md-x lg-x y md-y lg-y\" id=\"image_1768892161\">\n\t\t\t\t\t\t\t\t<div class=\"img-inner dark\" >\n\t\t\t<img decoding=\"async\" width=\"500\" height=\"200\" src=\"https:\/\/meditex.ee\/wp-content\/uploads\/2020\/10\/SSP-paigaldamine-3.png\" class=\"attachment-large size-large\" alt=\"\" \/>\t\t\t\t\t\t\n\t\t\t\t\t<\/div>\n\t\t\t\t\t\t\t\t\n<style>\n#image_1768892161 {\n  width: 100%;\n}\n<\/style>\n\t<\/div>\n\t\n\t\t<\/div>\n\t\t\t\t\t<\/div>\n\n\t\n\n\t<div id=\"col-27869349\" class=\"col medium-6 small-12 large-6\"  >\n\t\t\t\t<div class=\"col-inner\"  >\n\t\t\t\n\t\t\t\n\t<div class=\"img has-hover x md-x lg-x y md-y lg-y\" id=\"image_1368353533\">\n\t\t\t\t\t\t\t\t<div class=\"img-inner dark\" >\n\t\t\t<img decoding=\"async\" width=\"500\" height=\"200\" src=\"https:\/\/meditex.ee\/wp-content\/uploads\/2020\/10\/SSP-paigaldamine-4.png\" class=\"attachment-large size-large\" alt=\"\" \/>\t\t\t\t\t\t\n\t\t\t\t\t<\/div>\n\t\t\t\t\t\t\t\t\n<style>\n#image_1368353533 {\n  width: 100%;\n}\n<\/style>\n\t<\/div>\n\t\n\t\t<\/div>\n\t\t\t\t\t<\/div>\n\n\t\n<\/div>\n<p><strong>Informacija gamintojo svetain\u0117je:<\/strong> <a href=\"https:\/\/tytex.com\/stomasafe-cool-light-support\">https:\/\/tytex.com\/stomasafe-cool-light-support<\/a><\/p>\n<p style=\"text-align: left;\"><span style=\"color: #000000;\"><strong>Naudingo skaitymo:<\/strong> <a href=\"https:\/\/meditex.ee\/lt\/7-veiksniai-kurie-nulemia-tinkama-stomijos-ir-isanges-gaminiu-auksti\/\"><span style=\"color: #0000ff;\">https:\/\/meditex.ee\/7-tegurit-mis-maaravad-stoomi-ja-songatoote-oige-korguse\/<\/span><\/a><\/span><\/p>\n<p style=\"text-align: left;\">Stomos mai\u0161eliai ir stomos prie\u017ei\u016bros priemon\u0117s: <a href=\"https:\/\/stoom.ee\/tooted\/\">https:\/\/stoom.ee\/tooted\/<\/a><br \/>\nNauding\u0173 patarim\u0173 stomos pacientams rasite: <a href=\"https:\/\/www.elustoomiga.ee\">https:\/\/www.elustoomiga.ee<\/a><\/p>\n","protected":false},"excerpt":{"rendered":"<p style=\"text-align: left;\"><span style=\"color: #282828; font-size: 75%;\">Lengvo palaikymo stomos juosta.<\/span><\/p>\n","protected":false},"featured_media":19445,"template":"","meta":[],"product_brand":[],"product_cat":[610],"product_tag":[611,628],"class_list":{"0":"post-19431","1":"product","2":"type-product","3":"status-publish","4":"has-post-thumbnail","6":"product_cat-stomos-ir-isvarzos-dirzai-bei-vamzdeliai","7":"product_tag-corsinel","8":"product_tag-lengvas-palaikymas","10":"first","11":"instock","12":"taxable","13":"shipping-taxable","14":"purchasable","15":"product-type-variable"},"yoast_head":"<!-- This site is optimized with the Yoast SEO plugin v27.3 - https:\/\/yoast.com\/product\/yoast-seo-wordpress\/ -->\n<title>Lengvo palaikymo stomos juosta StomaSafe Cool - meditex.ee<\/title>\n<meta name=\"description\" content=\"Lengvo palaikymo stomos juosta StomaSafe Cool. Mink\u0161ta ir tampri juosta su vidiniu ki\u0161en\u0117le vis\u0173 tip\u0173 stomos ir drena\u017eo mai\u0161eli\u0173 saugiam laikymui.\" \/>\n<meta name=\"robots\" content=\"index, follow, max-snippet:-1, max-image-preview:large, max-video-preview:-1\" \/>\n<link rel=\"canonical\" href=\"https:\/\/meditex.ee\/lt\/product\/corsinel-stomasafe-cool\/\" \/>\n<meta property=\"og:locale\" content=\"lt_LT\" \/>\n<meta property=\"og:type\" content=\"article\" \/>\n<meta property=\"og:title\" content=\"Lengvo palaikymo stomos juosta StomaSafe Cool - meditex.ee\" \/>\n<meta property=\"og:description\" content=\"Lengvo palaikymo stomos juosta StomaSafe Cool. Mink\u0161ta ir tampri juosta su vidiniu ki\u0161en\u0117le vis\u0173 tip\u0173 stomos ir drena\u017eo mai\u0161eli\u0173 saugiam laikymui.\" \/>\n<meta property=\"og:url\" content=\"https:\/\/meditex.ee\/lt\/product\/corsinel-stomasafe-cool\/\" \/>\n<meta property=\"og:site_name\" content=\"Meditex\" \/>\n<meta property=\"article:publisher\" content=\"https:\/\/www.facebook.com\/meditexepood\/\" \/>\n<meta property=\"article:modified_time\" content=\"2026-02-04T14:04:47+00:00\" \/>\n<meta property=\"og:image\" content=\"https:\/\/meditex.ee\/wp-content\/uploads\/2025\/06\/321653_stomasafe_Cool_Unisex_TAN_Front_Highres_sticker.webp\" \/>\n\t<meta property=\"og:image:width\" content=\"4000\" \/>\n\t<meta property=\"og:image:height\" content=\"4000\" \/>\n\t<meta property=\"og:image:type\" content=\"image\/webp\" \/>\n<meta name=\"twitter:card\" content=\"summary_large_image\" \/>\n<meta name=\"twitter:label1\" content=\"Est. reading time\" \/>\n\t<meta name=\"twitter:data1\" content=\"1 minut\u0117\" \/>\n<script type=\"application\/ld+json\" class=\"yoast-schema-graph\">{\"@context\":\"https:\\\/\\\/schema.org\",\"@graph\":[{\"@type\":\"WebPage\",\"@id\":\"https:\\\/\\\/meditex.ee\\\/lt\\\/product\\\/corsinel-stomasafe-cool\\\/\",\"url\":\"https:\\\/\\\/meditex.ee\\\/lt\\\/product\\\/corsinel-stomasafe-cool\\\/\",\"name\":\"Lengvo palaikymo stomos juosta StomaSafe Cool - meditex.ee\",\"isPartOf\":{\"@id\":\"https:\\\/\\\/meditex.ee\\\/en\\\/#website\"},\"primaryImageOfPage\":{\"@id\":\"https:\\\/\\\/meditex.ee\\\/lt\\\/product\\\/corsinel-stomasafe-cool\\\/#primaryimage\"},\"image\":{\"@id\":\"https:\\\/\\\/meditex.ee\\\/lt\\\/product\\\/corsinel-stomasafe-cool\\\/#primaryimage\"},\"thumbnailUrl\":\"https:\\\/\\\/meditex.ee\\\/wp-content\\\/uploads\\\/2025\\\/06\\\/321653_stomasafe_Cool_Unisex_TAN_Front_Highres_sticker.webp\",\"datePublished\":\"2026-02-04T14:04:44+00:00\",\"dateModified\":\"2026-02-04T14:04:47+00:00\",\"description\":\"Lengvo palaikymo stomos juosta StomaSafe Cool. Mink\u0161ta ir tampri juosta su vidiniu ki\u0161en\u0117le vis\u0173 tip\u0173 stomos ir drena\u017eo mai\u0161eli\u0173 saugiam laikymui.\",\"breadcrumb\":{\"@id\":\"https:\\\/\\\/meditex.ee\\\/lt\\\/product\\\/corsinel-stomasafe-cool\\\/#breadcrumb\"},\"inLanguage\":\"lt-LT\",\"potentialAction\":[{\"@type\":\"ReadAction\",\"target\":[\"https:\\\/\\\/meditex.ee\\\/lt\\\/product\\\/corsinel-stomasafe-cool\\\/\"]}]},{\"@type\":\"ImageObject\",\"inLanguage\":\"lt-LT\",\"@id\":\"https:\\\/\\\/meditex.ee\\\/lt\\\/product\\\/corsinel-stomasafe-cool\\\/#primaryimage\",\"url\":\"https:\\\/\\\/meditex.ee\\\/wp-content\\\/uploads\\\/2025\\\/06\\\/321653_stomasafe_Cool_Unisex_TAN_Front_Highres_sticker.webp\",\"contentUrl\":\"https:\\\/\\\/meditex.ee\\\/wp-content\\\/uploads\\\/2025\\\/06\\\/321653_stomasafe_Cool_Unisex_TAN_Front_Highres_sticker.webp\",\"width\":4000,\"height\":4000},{\"@type\":\"BreadcrumbList\",\"@id\":\"https:\\\/\\\/meditex.ee\\\/lt\\\/product\\\/corsinel-stomasafe-cool\\\/#breadcrumb\",\"itemListElement\":[{\"@type\":\"ListItem\",\"position\":1,\"name\":\"Home\",\"item\":\"https:\\\/\\\/meditex.ee\\\/lt\\\/\"},{\"@type\":\"ListItem\",\"position\":2,\"name\":\"Parduotuv\u0117\",\"item\":\"https:\\\/\\\/meditex.ee\\\/lt\\\/parduotuve\\\/\"},{\"@type\":\"ListItem\",\"position\":3,\"name\":\"Corsinel StomaSafe Cool\"}]},{\"@type\":\"WebSite\",\"@id\":\"https:\\\/\\\/meditex.ee\\\/en\\\/#website\",\"url\":\"https:\\\/\\\/meditex.ee\\\/en\\\/\",\"name\":\"Meditex\",\"description\":\"\",\"publisher\":{\"@id\":\"https:\\\/\\\/meditex.ee\\\/en\\\/#organization\"},\"potentialAction\":[{\"@type\":\"SearchAction\",\"target\":{\"@type\":\"EntryPoint\",\"urlTemplate\":\"https:\\\/\\\/meditex.ee\\\/en\\\/?s={search_term_string}\"},\"query-input\":{\"@type\":\"PropertyValueSpecification\",\"valueRequired\":true,\"valueName\":\"search_term_string\"}}],\"inLanguage\":\"lt-LT\"},{\"@type\":\"Organization\",\"@id\":\"https:\\\/\\\/meditex.ee\\\/en\\\/#organization\",\"name\":\"Meditex\",\"url\":\"https:\\\/\\\/meditex.ee\\\/en\\\/\",\"logo\":{\"@type\":\"ImageObject\",\"inLanguage\":\"lt-LT\",\"@id\":\"https:\\\/\\\/meditex.ee\\\/en\\\/#\\\/schema\\\/logo\\\/image\\\/\",\"url\":\"https:\\\/\\\/meditex.ee\\\/wp-content\\\/uploads\\\/2018\\\/03\\\/mdtx_logo.png\",\"contentUrl\":\"https:\\\/\\\/meditex.ee\\\/wp-content\\\/uploads\\\/2018\\\/03\\\/mdtx_logo.png\",\"width\":669,\"height\":235,\"caption\":\"Meditex\"},\"image\":{\"@id\":\"https:\\\/\\\/meditex.ee\\\/en\\\/#\\\/schema\\\/logo\\\/image\\\/\"},\"sameAs\":[\"https:\\\/\\\/www.facebook.com\\\/meditexepood\\\/\"]}]}<\/script>\n<!-- \/ Yoast SEO plugin. -->","yoast_head_json":{"title":"Lengvo palaikymo stomos juosta StomaSafe Cool - meditex.ee","description":"Lengvo palaikymo stomos juosta StomaSafe Cool. Mink\u0161ta ir tampri juosta su vidiniu ki\u0161en\u0117le vis\u0173 tip\u0173 stomos ir drena\u017eo mai\u0161eli\u0173 saugiam laikymui.","robots":{"index":"index","follow":"follow","max-snippet":"max-snippet:-1","max-image-preview":"max-image-preview:large","max-video-preview":"max-video-preview:-1"},"canonical":"https:\/\/meditex.ee\/lt\/product\/corsinel-stomasafe-cool\/","og_locale":"lt_LT","og_type":"article","og_title":"Lengvo palaikymo stomos juosta StomaSafe Cool - meditex.ee","og_description":"Lengvo palaikymo stomos juosta StomaSafe Cool. Mink\u0161ta ir tampri juosta su vidiniu ki\u0161en\u0117le vis\u0173 tip\u0173 stomos ir drena\u017eo mai\u0161eli\u0173 saugiam laikymui.","og_url":"https:\/\/meditex.ee\/lt\/product\/corsinel-stomasafe-cool\/","og_site_name":"Meditex","article_publisher":"https:\/\/www.facebook.com\/meditexepood\/","article_modified_time":"2026-02-04T14:04:47+00:00","og_image":[{"width":4000,"height":4000,"url":"https:\/\/meditex.ee\/wp-content\/uploads\/2025\/06\/321653_stomasafe_Cool_Unisex_TAN_Front_Highres_sticker.webp","type":"image\/webp"}],"twitter_card":"summary_large_image","twitter_misc":{"Est. reading time":"1 minut\u0117"},"schema":{"@context":"https:\/\/schema.org","@graph":[{"@type":"WebPage","@id":"https:\/\/meditex.ee\/lt\/product\/corsinel-stomasafe-cool\/","url":"https:\/\/meditex.ee\/lt\/product\/corsinel-stomasafe-cool\/","name":"Lengvo palaikymo stomos juosta StomaSafe Cool - meditex.ee","isPartOf":{"@id":"https:\/\/meditex.ee\/en\/#website"},"primaryImageOfPage":{"@id":"https:\/\/meditex.ee\/lt\/product\/corsinel-stomasafe-cool\/#primaryimage"},"image":{"@id":"https:\/\/meditex.ee\/lt\/product\/corsinel-stomasafe-cool\/#primaryimage"},"thumbnailUrl":"https:\/\/meditex.ee\/wp-content\/uploads\/2025\/06\/321653_stomasafe_Cool_Unisex_TAN_Front_Highres_sticker.webp","datePublished":"2026-02-04T14:04:44+00:00","dateModified":"2026-02-04T14:04:47+00:00","description":"Lengvo palaikymo stomos juosta StomaSafe Cool. Mink\u0161ta ir tampri juosta su vidiniu ki\u0161en\u0117le vis\u0173 tip\u0173 stomos ir drena\u017eo mai\u0161eli\u0173 saugiam laikymui.","breadcrumb":{"@id":"https:\/\/meditex.ee\/lt\/product\/corsinel-stomasafe-cool\/#breadcrumb"},"inLanguage":"lt-LT","potentialAction":[{"@type":"ReadAction","target":["https:\/\/meditex.ee\/lt\/product\/corsinel-stomasafe-cool\/"]}]},{"@type":"ImageObject","inLanguage":"lt-LT","@id":"https:\/\/meditex.ee\/lt\/product\/corsinel-stomasafe-cool\/#primaryimage","url":"https:\/\/meditex.ee\/wp-content\/uploads\/2025\/06\/321653_stomasafe_Cool_Unisex_TAN_Front_Highres_sticker.webp","contentUrl":"https:\/\/meditex.ee\/wp-content\/uploads\/2025\/06\/321653_stomasafe_Cool_Unisex_TAN_Front_Highres_sticker.webp","width":4000,"height":4000},{"@type":"BreadcrumbList","@id":"https:\/\/meditex.ee\/lt\/product\/corsinel-stomasafe-cool\/#breadcrumb","itemListElement":[{"@type":"ListItem","position":1,"name":"Home","item":"https:\/\/meditex.ee\/lt\/"},{"@type":"ListItem","position":2,"name":"Parduotuv\u0117","item":"https:\/\/meditex.ee\/lt\/parduotuve\/"},{"@type":"ListItem","position":3,"name":"Corsinel StomaSafe Cool"}]},{"@type":"WebSite","@id":"https:\/\/meditex.ee\/en\/#website","url":"https:\/\/meditex.ee\/en\/","name":"Meditex","description":"","publisher":{"@id":"https:\/\/meditex.ee\/en\/#organization"},"potentialAction":[{"@type":"SearchAction","target":{"@type":"EntryPoint","urlTemplate":"https:\/\/meditex.ee\/en\/?s={search_term_string}"},"query-input":{"@type":"PropertyValueSpecification","valueRequired":true,"valueName":"search_term_string"}}],"inLanguage":"lt-LT"},{"@type":"Organization","@id":"https:\/\/meditex.ee\/en\/#organization","name":"Meditex","url":"https:\/\/meditex.ee\/en\/","logo":{"@type":"ImageObject","inLanguage":"lt-LT","@id":"https:\/\/meditex.ee\/en\/#\/schema\/logo\/image\/","url":"https:\/\/meditex.ee\/wp-content\/uploads\/2018\/03\/mdtx_logo.png","contentUrl":"https:\/\/meditex.ee\/wp-content\/uploads\/2018\/03\/mdtx_logo.png","width":669,"height":235,"caption":"Meditex"},"image":{"@id":"https:\/\/meditex.ee\/en\/#\/schema\/logo\/image\/"},"sameAs":["https:\/\/www.facebook.com\/meditexepood\/"]}]}},"_links":{"self":[{"href":"https:\/\/meditex.ee\/lt\/wp-json\/wp\/v2\/product\/19431","targetHints":{"allow":["GET"]}}],"collection":[{"href":"https:\/\/meditex.ee\/lt\/wp-json\/wp\/v2\/product"}],"about":[{"href":"https:\/\/meditex.ee\/lt\/wp-json\/wp\/v2\/types\/product"}],"wp:featuredmedia":[{"embeddable":true,"href":"https:\/\/meditex.ee\/lt\/wp-json\/wp\/v2\/media\/19445"}],"wp:attachment":[{"href":"https:\/\/meditex.ee\/lt\/wp-json\/wp\/v2\/media?parent=19431"}],"wp:term":[{"taxonomy":"product_brand","embeddable":true,"href":"https:\/\/meditex.ee\/lt\/wp-json\/wp\/v2\/product_brand?post=19431"},{"taxonomy":"product_cat","embeddable":true,"href":"https:\/\/meditex.ee\/lt\/wp-json\/wp\/v2\/product_cat?post=19431"},{"taxonomy":"product_tag","embeddable":true,"href":"https:\/\/meditex.ee\/lt\/wp-json\/wp\/v2\/product_tag?post=19431"}],"curies":[{"name":"wp","href":"https:\/\/api.w.org\/{rel}","templated":true}]}}