{"id":19413,"date":"2026-02-04T14:04:41","date_gmt":"2026-02-04T14:04:41","guid":{"rendered":"https:\/\/meditex.ee\/product\/kompresinis-bodis-nordicare-alison\/"},"modified":"2026-02-04T14:04:47","modified_gmt":"2026-02-04T14:04:47","slug":"kompresinis-bodis-nordicare-alison","status":"publish","type":"product","link":"https:\/\/meditex.ee\/lt\/produktas\/kompresinis-bodis-nordicare-alison\/","title":{"rendered":"Kompresinis bodis NordiCare Alison"},"content":{"rendered":"<div class=\"row\"  id=\"row-1546477680\">\n\n\t<div id=\"col-1333174918\" class=\"col medium-4 small-12 large-4\"  >\n\t\t\t\t<div class=\"col-inner\"  >\n\t\t\t\n\t\t\t\n\t\t<\/div>\n\t\t\t\t\t<\/div>\n\n\t\n\n\t<div id=\"col-1110195389\" class=\"col medium-4 small-12 large-4\"  >\n\t\t\t\t<div class=\"col-inner\"  >\n\t\t\t\n\t\t\t\n\t\t<\/div>\n\t\t\t\t\t<\/div>\n\n\t\n\n\t<div id=\"col-2024576353\" class=\"col medium-4 small-12 large-4\"  >\n\t\t\t\t<div class=\"col-inner text-right\"  >\n\t\t\t\n\t\t\t\n\t<div class=\"img has-hover x md-x lg-x y md-y lg-y\" id=\"image_385564825\">\n\t\t\t\t\t\t\t\t<div class=\"img-inner dark\" >\n\t\t\t<img decoding=\"async\" width=\"488\" height=\"154\" src=\"https:\/\/meditex.ee\/wp-content\/uploads\/2020\/03\/nordicare_logo.png\" class=\"attachment-large size-large\" alt=\"\" \/>\t\t\t\t\t\t\n\t\t\t\t\t<\/div>\n\t\t\t\t\t\t\t\t\n<style>\n#image_385564825 {\n  width: 55%;\n}\n<\/style>\n\t<\/div>\n\t\n\t\t<\/div>\n\t\t\t\t\t<\/div>\n\n\t\n<\/div>\n<p><span style=\"font-weight: 400;\">Kompresinis bodis su auk\u0161ta nugaros dalimi, pagamintas i\u0161 besi\u016bl\u0117s med\u017eiagos. Rekomenduojama naudoti po operacijos arba riebal\u0173 nusiurbimo ant pilvo, \u0161on\u0173 ir (arba) nugaros. 3 lygi\u0173 kabliuk\u0173 u\u017esegimai abiejose pus\u0117se, kad b\u016bt\u0173 lengva u\u017esid\u0117ti ir reguliuoti prigludim\u0105.  <\/span><\/p>\n<p><span style=\"font-weight: 400;\">Atvira tarpkojo dalis, kad b\u016bt\u0173 lengviau naudoti i\u0161kart po operacijos ir lankytis tualete nenusirengiant drabu\u017eio. Prigludusios koj\u0173 dalys su pla\u010diu \u012fsiuvu vidin\u0117je pus\u0117je patogiam d\u0117v\u0117jimui. <\/span><\/p>\n<p><span style=\"font-weight: 400;\">4 kryp\u010di\u0173 tamprus audinys prisitaiko prie k\u016bno kont\u016br\u0173. Tai u\u017etikrina tolygiai paskirstyt\u0105 kompresij\u0105, nesukeliant diskomforto ir ne\u012fsir\u0117\u017eiant \u012f od\u0105. Geresniam prigludimui s\u0117dmen\u0173 ir kirk\u0161nies srityse yra megztos zonos. Aplink pilvo srit\u012f yra sustiprinto mezgimo zonos papildomai atramai.   <\/span><\/p>\n<p><span style=\"font-weight: 400;\">Indikacijos: Rekomenduojama po plastin\u0117s operacijos. Kompresija pagerina kraujotak\u0105 ir suma\u017eina pooperacinio patinimo rizik\u0105, o tai lemia geresn\u012f gijim\u0105 ir skausmo mal\u0161inim\u0105.  <\/span><\/p>\n<p><span style=\"font-weight: 400;\">Kompresijos klas\u0117 1.<\/span><\/p>\n<p><span style=\"font-weight: 400;\">Kontraindikacijos: infekcija. Arterin\u0117s kraujotakos sutrikimai. Didel\u0117 tromboz\u0117s rizika.  <\/span><\/p>\n<p style=\"text-align: left;\"><strong>Prie\u017ei\u016bra:<\/strong> Skalbti ma\u0161inoje 40\u00b0C temperat\u016broje, prireikus galima skalbti ir auk\u0161tesn\u0117je temperat\u016broje, iki 60\u00b0C. Produktas tarnaus ilgiau, jei bus skalbiamas \u017eemesn\u0117je temperat\u016broje. Naudokite skalbimo mai\u0161el\u012f. Nenaudokite balikli\u0173 ar audini\u0173 mink\u0161tikli\u0173, nes tai gali pa\u017eeisti med\u017eiagos funkcij\u0105.    Draud\u017eiama d\u017eiovinti d\u017eiovykl\u0117je.<\/p>\n<p style=\"text-align: left;\"><span style=\"color: #000000;\"><strong>Spalva:<\/strong> juoda.<\/span><\/p>\n<p><strong>Med\u017eiaga:<\/strong> <span style=\"font-weight: 400;\">87% poliamidas, 13% elastanas. Be latekso. <\/span><\/p>\n<p style=\"text-align: left;\"><span style=\"color: #000000;\"><strong>Dyd\u017eiai:<\/strong> S &#8211; 2XL<\/span><\/p>\n<p><span style=\"font-weight: 400;\"><strong>Matavimas:<\/strong> norint u\u017etikrinti geriausi\u0105 prigludim\u0105 ir tinkam\u0105 kompresij\u0105, svarbu atid\u017eiai atlikti matavimus ir pasirinkti dyd\u012f pagal dyd\u017ei\u0173 lentel\u0119. Drabu\u017eis tur\u0117t\u0173 b\u016bti priglud\u0119s, bet patogus. <\/span><\/p>\n<p><span style=\"font-weight: 400;\">Juosmuo: matuokite aplink ploniausi\u0105 juosmens dal\u012f.<\/span><\/p>\n<p><span style=\"font-weight: 400;\">Klubai: stov\u0117kite suglaud\u0119 kojas ir matuokite apimt\u012f pla\u010diausioje klub\u0173 vietoje.<\/span><\/p>\n<p><span style=\"font-weight: 400;\">\u0160launys: apimtis \u0161launies viduryje.<\/span><\/p>\n\t<div class=\"img has-hover x md-x lg-x y md-y lg-y\" id=\"image_1006355348\">\n\t\t\t\t\t\t\t\t<div class=\"img-inner dark\" >\n\t\t\t<img decoding=\"async\" width=\"500\" height=\"228\" src=\"https:\/\/meditex.ee\/wp-content\/uploads\/2024\/05\/Alison_measurements.webp\" class=\"attachment-large size-large\" alt=\"\" \/>\t\t\t\t\t\t\n\t\t\t\t\t<\/div>\n\t\t\t\t\t\t\t\t\n<style>\n#image_1006355348 {\n  width: 50%;\n}\n<\/style>\n\t<\/div>\n\t\n\t<div id=\"gap-872963987\" class=\"gap-element clearfix\" style=\"display:block; height:auto;\">\n\t\t\n<style>\n#gap-872963987 {\n  padding-top: 30px;\n}\n<\/style>\n\t<\/div>\n\t\n<div class=\"row\"  id=\"row-1220928047\">\n\n\t<div id=\"col-1625400912\" class=\"col small-12 large-12\"  >\n\t\t\t\t<div class=\"col-inner\"  >\n\t\t\t\n\t\t\t\n\t<div id=\"gap-179785573\" class=\"gap-element clearfix\" style=\"display:block; height:auto;\">\n\t\t\n<style>\n#gap-179785573 {\n  padding-top: 30px;\n}\n<\/style>\n\t<\/div>\n\t\n<div class=\"video video-fit mb\" style=\"padding-top:56.25%;\"><p><iframe title=\"NordiCare Alison, Compression body\" src=\"https:\/\/player.vimeo.com\/video\/644800488?dnt=1&amp;app_id=122963\" width=\"1020\" height=\"574\" frameborder=\"0\" allow=\"autoplay; fullscreen; picture-in-picture; clipboard-write; encrypted-media; web-share\" referrerpolicy=\"strict-origin-when-cross-origin\"><\/iframe><\/p>\n<\/div>\n\t\t<\/div>\n\t\t\t\t\t<\/div>\n\n\t\n<\/div>\n<p>Apie NordiCare skaitykite \u010dia: <a href=\"https:\/\/meditex.ee\/lt\/nordicare\/\">https:\/\/meditex.ee\/nordicare\/<\/a><\/p>\n<p>Informacija gamintojo svetain\u0117je: <a href=\"https:\/\/t.ly\/n4_pk\">https:\/\/t.ly\/n4_pk<\/a><\/p>\n","protected":false},"excerpt":{"rendered":"<p style=\"text-align: left;\"><span style=\"font-weight: 400; font-size: 75%;\">Kompresinis bodis su auk\u0161ta nugaros dalimi, pagamintas i\u0161 besi\u016bl\u0117s med\u017eiagos.<\/span><\/p>\n","protected":false},"featured_media":19425,"template":"","meta":[],"product_brand":[],"product_cat":[617],"product_tag":[626],"class_list":{"0":"post-19413","1":"product","2":"type-product","3":"status-publish","4":"has-post-thumbnail","6":"product_cat-papildomi-produktai","7":"product_tag-nordicare","9":"first","10":"instock","11":"taxable","12":"shipping-taxable","13":"purchasable","14":"product-type-variable"},"yoast_head":"<!-- This site is optimized with the Yoast SEO plugin v27.3 - https:\/\/yoast.com\/product\/yoast-seo-wordpress\/ -->\n<title>Kompresinis bodis NordiCare Alison<\/title>\n<meta name=\"description\" content=\"Rekomenduojama naudoti po operacijos arba riebal\u0173 nusiurbimo ant pilvo, \u0161on\u0173 ir (arba) nugaros. Kompresinis bodis u\u017etikrina tolygiai paskirstyt\u0105 kompresij\u0105.\" \/>\n<meta name=\"robots\" content=\"index, follow, max-snippet:-1, max-image-preview:large, max-video-preview:-1\" \/>\n<link rel=\"canonical\" href=\"https:\/\/meditex.ee\/lt\/product\/kompresinis-bodis-nordicare-alison\/\" \/>\n<meta property=\"og:locale\" content=\"lt_LT\" \/>\n<meta property=\"og:type\" content=\"article\" \/>\n<meta property=\"og:title\" content=\"Kompresinis bodis NordiCare Alison\" \/>\n<meta property=\"og:description\" content=\"Rekomenduojama naudoti po operacijos arba riebal\u0173 nusiurbimo ant pilvo, \u0161on\u0173 ir (arba) nugaros. Kompresinis bodis u\u017etikrina tolygiai paskirstyt\u0105 kompresij\u0105.\" \/>\n<meta property=\"og:url\" content=\"https:\/\/meditex.ee\/lt\/product\/kompresinis-bodis-nordicare-alison\/\" \/>\n<meta property=\"og:site_name\" content=\"Meditex\" \/>\n<meta property=\"article:publisher\" content=\"https:\/\/www.facebook.com\/meditexepood\/\" \/>\n<meta property=\"article:modified_time\" content=\"2026-02-04T14:04:47+00:00\" \/>\n<meta property=\"og:image\" content=\"https:\/\/meditex.ee\/wp-content\/uploads\/2024\/05\/alison_bea_fram_2.webp\" \/>\n\t<meta property=\"og:image:width\" content=\"500\" \/>\n\t<meta property=\"og:image:height\" content=\"500\" \/>\n\t<meta property=\"og:image:type\" content=\"image\/webp\" \/>\n<meta name=\"twitter:card\" content=\"summary_large_image\" \/>\n<meta name=\"twitter:label1\" content=\"Est. reading time\" \/>\n\t<meta name=\"twitter:data1\" content=\"2 minut\u0117\" \/>\n<script type=\"application\/ld+json\" class=\"yoast-schema-graph\">{\"@context\":\"https:\\\/\\\/schema.org\",\"@graph\":[{\"@type\":\"WebPage\",\"@id\":\"https:\\\/\\\/meditex.ee\\\/lt\\\/product\\\/kompresinis-bodis-nordicare-alison\\\/\",\"url\":\"https:\\\/\\\/meditex.ee\\\/lt\\\/product\\\/kompresinis-bodis-nordicare-alison\\\/\",\"name\":\"Kompresinis bodis NordiCare Alison\",\"isPartOf\":{\"@id\":\"https:\\\/\\\/meditex.ee\\\/en\\\/#website\"},\"primaryImageOfPage\":{\"@id\":\"https:\\\/\\\/meditex.ee\\\/lt\\\/product\\\/kompresinis-bodis-nordicare-alison\\\/#primaryimage\"},\"image\":{\"@id\":\"https:\\\/\\\/meditex.ee\\\/lt\\\/product\\\/kompresinis-bodis-nordicare-alison\\\/#primaryimage\"},\"thumbnailUrl\":\"https:\\\/\\\/meditex.ee\\\/wp-content\\\/uploads\\\/2024\\\/05\\\/alison_bea_fram_2.webp\",\"datePublished\":\"2026-02-04T14:04:41+00:00\",\"dateModified\":\"2026-02-04T14:04:47+00:00\",\"description\":\"Rekomenduojama naudoti po operacijos arba riebal\u0173 nusiurbimo ant pilvo, \u0161on\u0173 ir (arba) nugaros. Kompresinis bodis u\u017etikrina tolygiai paskirstyt\u0105 kompresij\u0105.\",\"breadcrumb\":{\"@id\":\"https:\\\/\\\/meditex.ee\\\/lt\\\/product\\\/kompresinis-bodis-nordicare-alison\\\/#breadcrumb\"},\"inLanguage\":\"lt-LT\",\"potentialAction\":[{\"@type\":\"ReadAction\",\"target\":[\"https:\\\/\\\/meditex.ee\\\/lt\\\/product\\\/kompresinis-bodis-nordicare-alison\\\/\"]}]},{\"@type\":\"ImageObject\",\"inLanguage\":\"lt-LT\",\"@id\":\"https:\\\/\\\/meditex.ee\\\/lt\\\/product\\\/kompresinis-bodis-nordicare-alison\\\/#primaryimage\",\"url\":\"https:\\\/\\\/meditex.ee\\\/wp-content\\\/uploads\\\/2024\\\/05\\\/alison_bea_fram_2.webp\",\"contentUrl\":\"https:\\\/\\\/meditex.ee\\\/wp-content\\\/uploads\\\/2024\\\/05\\\/alison_bea_fram_2.webp\",\"width\":500,\"height\":500},{\"@type\":\"BreadcrumbList\",\"@id\":\"https:\\\/\\\/meditex.ee\\\/lt\\\/product\\\/kompresinis-bodis-nordicare-alison\\\/#breadcrumb\",\"itemListElement\":[{\"@type\":\"ListItem\",\"position\":1,\"name\":\"Home\",\"item\":\"https:\\\/\\\/meditex.ee\\\/lt\\\/\"},{\"@type\":\"ListItem\",\"position\":2,\"name\":\"Parduotuv\u0117\",\"item\":\"https:\\\/\\\/meditex.ee\\\/lt\\\/parduotuve\\\/\"},{\"@type\":\"ListItem\",\"position\":3,\"name\":\"Kompresinis bodis NordiCare Alison\"}]},{\"@type\":\"WebSite\",\"@id\":\"https:\\\/\\\/meditex.ee\\\/en\\\/#website\",\"url\":\"https:\\\/\\\/meditex.ee\\\/en\\\/\",\"name\":\"Meditex\",\"description\":\"\",\"publisher\":{\"@id\":\"https:\\\/\\\/meditex.ee\\\/en\\\/#organization\"},\"potentialAction\":[{\"@type\":\"SearchAction\",\"target\":{\"@type\":\"EntryPoint\",\"urlTemplate\":\"https:\\\/\\\/meditex.ee\\\/en\\\/?s={search_term_string}\"},\"query-input\":{\"@type\":\"PropertyValueSpecification\",\"valueRequired\":true,\"valueName\":\"search_term_string\"}}],\"inLanguage\":\"lt-LT\"},{\"@type\":\"Organization\",\"@id\":\"https:\\\/\\\/meditex.ee\\\/en\\\/#organization\",\"name\":\"Meditex\",\"url\":\"https:\\\/\\\/meditex.ee\\\/en\\\/\",\"logo\":{\"@type\":\"ImageObject\",\"inLanguage\":\"lt-LT\",\"@id\":\"https:\\\/\\\/meditex.ee\\\/en\\\/#\\\/schema\\\/logo\\\/image\\\/\",\"url\":\"https:\\\/\\\/meditex.ee\\\/wp-content\\\/uploads\\\/2018\\\/03\\\/mdtx_logo.png\",\"contentUrl\":\"https:\\\/\\\/meditex.ee\\\/wp-content\\\/uploads\\\/2018\\\/03\\\/mdtx_logo.png\",\"width\":669,\"height\":235,\"caption\":\"Meditex\"},\"image\":{\"@id\":\"https:\\\/\\\/meditex.ee\\\/en\\\/#\\\/schema\\\/logo\\\/image\\\/\"},\"sameAs\":[\"https:\\\/\\\/www.facebook.com\\\/meditexepood\\\/\"]}]}<\/script>\n<!-- \/ Yoast SEO plugin. -->","yoast_head_json":{"title":"Kompresinis bodis NordiCare Alison","description":"Rekomenduojama naudoti po operacijos arba riebal\u0173 nusiurbimo ant pilvo, \u0161on\u0173 ir (arba) nugaros. Kompresinis bodis u\u017etikrina tolygiai paskirstyt\u0105 kompresij\u0105.","robots":{"index":"index","follow":"follow","max-snippet":"max-snippet:-1","max-image-preview":"max-image-preview:large","max-video-preview":"max-video-preview:-1"},"canonical":"https:\/\/meditex.ee\/lt\/product\/kompresinis-bodis-nordicare-alison\/","og_locale":"lt_LT","og_type":"article","og_title":"Kompresinis bodis NordiCare Alison","og_description":"Rekomenduojama naudoti po operacijos arba riebal\u0173 nusiurbimo ant pilvo, \u0161on\u0173 ir (arba) nugaros. Kompresinis bodis u\u017etikrina tolygiai paskirstyt\u0105 kompresij\u0105.","og_url":"https:\/\/meditex.ee\/lt\/product\/kompresinis-bodis-nordicare-alison\/","og_site_name":"Meditex","article_publisher":"https:\/\/www.facebook.com\/meditexepood\/","article_modified_time":"2026-02-04T14:04:47+00:00","og_image":[{"width":500,"height":500,"url":"https:\/\/meditex.ee\/wp-content\/uploads\/2024\/05\/alison_bea_fram_2.webp","type":"image\/webp"}],"twitter_card":"summary_large_image","twitter_misc":{"Est. reading time":"2 minut\u0117"},"schema":{"@context":"https:\/\/schema.org","@graph":[{"@type":"WebPage","@id":"https:\/\/meditex.ee\/lt\/product\/kompresinis-bodis-nordicare-alison\/","url":"https:\/\/meditex.ee\/lt\/product\/kompresinis-bodis-nordicare-alison\/","name":"Kompresinis bodis NordiCare Alison","isPartOf":{"@id":"https:\/\/meditex.ee\/en\/#website"},"primaryImageOfPage":{"@id":"https:\/\/meditex.ee\/lt\/product\/kompresinis-bodis-nordicare-alison\/#primaryimage"},"image":{"@id":"https:\/\/meditex.ee\/lt\/product\/kompresinis-bodis-nordicare-alison\/#primaryimage"},"thumbnailUrl":"https:\/\/meditex.ee\/wp-content\/uploads\/2024\/05\/alison_bea_fram_2.webp","datePublished":"2026-02-04T14:04:41+00:00","dateModified":"2026-02-04T14:04:47+00:00","description":"Rekomenduojama naudoti po operacijos arba riebal\u0173 nusiurbimo ant pilvo, \u0161on\u0173 ir (arba) nugaros. Kompresinis bodis u\u017etikrina tolygiai paskirstyt\u0105 kompresij\u0105.","breadcrumb":{"@id":"https:\/\/meditex.ee\/lt\/product\/kompresinis-bodis-nordicare-alison\/#breadcrumb"},"inLanguage":"lt-LT","potentialAction":[{"@type":"ReadAction","target":["https:\/\/meditex.ee\/lt\/product\/kompresinis-bodis-nordicare-alison\/"]}]},{"@type":"ImageObject","inLanguage":"lt-LT","@id":"https:\/\/meditex.ee\/lt\/product\/kompresinis-bodis-nordicare-alison\/#primaryimage","url":"https:\/\/meditex.ee\/wp-content\/uploads\/2024\/05\/alison_bea_fram_2.webp","contentUrl":"https:\/\/meditex.ee\/wp-content\/uploads\/2024\/05\/alison_bea_fram_2.webp","width":500,"height":500},{"@type":"BreadcrumbList","@id":"https:\/\/meditex.ee\/lt\/product\/kompresinis-bodis-nordicare-alison\/#breadcrumb","itemListElement":[{"@type":"ListItem","position":1,"name":"Home","item":"https:\/\/meditex.ee\/lt\/"},{"@type":"ListItem","position":2,"name":"Parduotuv\u0117","item":"https:\/\/meditex.ee\/lt\/parduotuve\/"},{"@type":"ListItem","position":3,"name":"Kompresinis bodis NordiCare Alison"}]},{"@type":"WebSite","@id":"https:\/\/meditex.ee\/en\/#website","url":"https:\/\/meditex.ee\/en\/","name":"Meditex","description":"","publisher":{"@id":"https:\/\/meditex.ee\/en\/#organization"},"potentialAction":[{"@type":"SearchAction","target":{"@type":"EntryPoint","urlTemplate":"https:\/\/meditex.ee\/en\/?s={search_term_string}"},"query-input":{"@type":"PropertyValueSpecification","valueRequired":true,"valueName":"search_term_string"}}],"inLanguage":"lt-LT"},{"@type":"Organization","@id":"https:\/\/meditex.ee\/en\/#organization","name":"Meditex","url":"https:\/\/meditex.ee\/en\/","logo":{"@type":"ImageObject","inLanguage":"lt-LT","@id":"https:\/\/meditex.ee\/en\/#\/schema\/logo\/image\/","url":"https:\/\/meditex.ee\/wp-content\/uploads\/2018\/03\/mdtx_logo.png","contentUrl":"https:\/\/meditex.ee\/wp-content\/uploads\/2018\/03\/mdtx_logo.png","width":669,"height":235,"caption":"Meditex"},"image":{"@id":"https:\/\/meditex.ee\/en\/#\/schema\/logo\/image\/"},"sameAs":["https:\/\/www.facebook.com\/meditexepood\/"]}]}},"_links":{"self":[{"href":"https:\/\/meditex.ee\/lt\/wp-json\/wp\/v2\/product\/19413","targetHints":{"allow":["GET"]}}],"collection":[{"href":"https:\/\/meditex.ee\/lt\/wp-json\/wp\/v2\/product"}],"about":[{"href":"https:\/\/meditex.ee\/lt\/wp-json\/wp\/v2\/types\/product"}],"wp:featuredmedia":[{"embeddable":true,"href":"https:\/\/meditex.ee\/lt\/wp-json\/wp\/v2\/media\/19425"}],"wp:attachment":[{"href":"https:\/\/meditex.ee\/lt\/wp-json\/wp\/v2\/media?parent=19413"}],"wp:term":[{"taxonomy":"product_brand","embeddable":true,"href":"https:\/\/meditex.ee\/lt\/wp-json\/wp\/v2\/product_brand?post=19413"},{"taxonomy":"product_cat","embeddable":true,"href":"https:\/\/meditex.ee\/lt\/wp-json\/wp\/v2\/product_cat?post=19413"},{"taxonomy":"product_tag","embeddable":true,"href":"https:\/\/meditex.ee\/lt\/wp-json\/wp\/v2\/product_tag?post=19413"}],"curies":[{"name":"wp","href":"https:\/\/api.w.org\/{rel}","templated":true}]}}