{"id":19389,"date":"2026-02-04T14:04:39","date_gmt":"2026-02-04T14:04:39","guid":{"rendered":"https:\/\/meditex.ee\/product\/corsinel-dirzas-su-anga-stomos-maiseliui\/"},"modified":"2026-02-04T14:04:47","modified_gmt":"2026-02-04T14:04:47","slug":"corsinel-dirzas-su-anga-stomos-maiseliui","status":"publish","type":"product","link":"https:\/\/meditex.ee\/lt\/produktas\/corsinel-dirzas-su-anga-stomos-maiseliui\/","title":{"rendered":"Corsinel dir\u017eas su anga stomos mai\u0161eliui"},"content":{"rendered":"<div class=\"row row-small align-bottom\"  id=\"row-1437451795\">\n\n\t<div id=\"col-1873853790\" class=\"col medium-6 small-12 large-6\"  >\n\t\t\t\t<div class=\"col-inner\"  >\n\t\t\t\n\t\t\t\n\t<div class=\"img has-hover x md-x lg-x y md-y lg-y\" id=\"image_2074053187\">\n\t\t\t\t\t\t\t\t<div class=\"img-inner dark\" >\n\t\t\t<img decoding=\"async\" width=\"320\" height=\"320\" src=\"https:\/\/meditex.ee\/wp-content\/uploads\/2023\/04\/Maximum-Support-Icon.webp\" class=\"attachment-large size-large\" alt=\"maksimalus palaikymas\" srcset=\"https:\/\/meditex.ee\/wp-content\/uploads\/2023\/04\/Maximum-Support-Icon.webp 320w, https:\/\/meditex.ee\/wp-content\/uploads\/2023\/04\/Maximum-Support-Icon-100x100.webp 100w, https:\/\/meditex.ee\/wp-content\/uploads\/2023\/04\/Maximum-Support-Icon-280x280.webp 280w\" sizes=\"(max-width: 320px) 100vw, 320px\" \/>\t\t\t\t\t\t\n\t\t\t\t\t<\/div>\n\t\t\t\t\t\t\t\t\n<style>\n#image_2074053187 {\n  width: 30%;\n}\n<\/style>\n\t<\/div>\n\t\n\t\t<\/div>\n\t\t\t\t\t<\/div>\n\n\t\n\n\t<div id=\"col-1036811964\" class=\"col medium-6 small-12 large-6\"  >\n\t\t\t\t<div class=\"col-inner text-right\"  >\n\t\t\t\n\t\t\t\n\t<div class=\"img has-hover x md-x lg-x y md-y lg-y\" id=\"image_1636847503\">\n\t\t\t\t\t\t\t\t<div class=\"img-inner dark\" >\n\t\t\t<img decoding=\"async\" width=\"1000\" height=\"285\" src=\"https:\/\/meditex.ee\/wp-content\/uploads\/2023\/04\/logo_86_11zon.jpg\" class=\"attachment-large size-large\" alt=\"\" srcset=\"https:\/\/meditex.ee\/wp-content\/uploads\/2023\/04\/logo_86_11zon.jpg 1000w, https:\/\/meditex.ee\/wp-content\/uploads\/2023\/04\/logo_86_11zon-510x145.jpg 510w, https:\/\/meditex.ee\/wp-content\/uploads\/2023\/04\/logo_86_11zon-800x228.jpg 800w, https:\/\/meditex.ee\/wp-content\/uploads\/2023\/04\/logo_86_11zon-768x219.jpg 768w\" sizes=\"(max-width: 1000px) 100vw, 1000px\" \/>\t\t\t\t\t\t\n\t\t\t\t\t<\/div>\n\t\t\t\t\t\t\t\t\n<style>\n#image_1636847503 {\n  width: 100%;\n}\n<\/style>\n\t<\/div>\n\t\n\t\t<\/div>\n\t\t\t\t\t<\/div>\n\n\t\n<\/div>\n<h3 style=\"text-align: left;\" data-fontsize=\"16\" data-lineheight=\"19\"><span style=\"color: #000000;\"><strong>Corsinel dir\u017eas su anga stomos mai\u0161eliui<\/strong><\/span><\/h3>\n<p style=\"text-align: left;\"><span style=\"color: #000000;\">Corsinel maksimalios atramos parastominei i\u0161var\u017eai skirtas dir\u017eas leid\u017eia vartotojui i\u0161kirpti ang\u0105 tinkamoje vietoje stomos mai\u0161eliui.<\/span><\/p>\n<h4 style=\"text-align: left;\"><span style=\"color: #000000;\"><strong>Produkto informacija:<\/strong><\/span><\/h4>\n<ul>\n<li><span style=\"color: #000000;\">Maksimali atrama i\u0161var\u017eos prie\u017ei\u016brai.<\/span><\/li>\n<li><span style=\"color: #000000;\">Unikalaus dizaino priekin\u0117 dalis suteikia galimyb\u0119 i\u0161kirpti ang\u0105, kuri tinka individualiai stomos mai\u0161elio vietai, tuo pa\u010diu i\u0161laikant spaudim\u0105 i\u0161var\u017eai kontroliuoti.<\/span><\/li>\n<li><span style=\"color: #000000;\">U\u017etikrina diskreti\u0161kum\u0105 ir palengvina spaudimo jausm\u0105, suteikdama didesn\u012f mobilum\u0105.<\/span><\/li>\n<li data-lineheight=\"19\" data-fontsize=\"16\"><span style=\"color: #000000;\">Mink\u0161ta, orui ir dr\u0117gmei pralaidi bei odai draugi\u0161ka med\u017eiaga geriausiam komfortui.<\/span><\/li>\n<li><span style=\"color: #000000;\">Orui ir dr\u0117gmei pralaidi, odai draugi\u0161ka med\u017eiaga.<\/span><\/li>\n<li data-lineheight=\"19\" data-fontsize=\"16\"><span style=\"color: #000000;\">Silikoninis, neslystantis juosmuo.<\/span><\/li>\n<li><span style=\"color: #000000;\">Pridedamas kirpimo \u0161ablonas.<\/span><\/li>\n<li><span style=\"color: #000000;\">Reguliuojamas lipdukas priekyje.<\/span><\/li>\n<li>Auk\u0161tis 21,5\u201328 cm, priklausomai nuo dyd\u017eio.<\/li>\n<\/ul>\n\t<div id=\"gap-865796356\" class=\"gap-element clearfix\" style=\"display:block; height:auto;\">\n\t\t\n<style>\n#gap-865796356 {\n  padding-top: 30px;\n}\n<\/style>\n\t<\/div>\n\t\n<div class=\"row\"  id=\"row-1805935439\">\n\n\t<div id=\"col-1896936307\" class=\"col small-12 large-12\"  >\n\t\t\t\t<div class=\"col-inner\"  >\n\t\t\t\n\t\t\t\n<p style=\"text-align: left;\"><strong>Med\u017eiaga:<\/strong> 50% poliamidas, 50% elastanas<\/p>\n<p style=\"text-align: left;\"><strong>DYD\u017dIAI:<\/strong><\/p>\n\t\t<\/div>\n\t\t\t\t\t<\/div>\n\n\t\n<\/div>\n<div class=\"row\"  id=\"row-760264469\">\n\n\t<div id=\"col-1235953654\" class=\"col medium-6 small-12 large-6\"  >\n\t\t\t\t<div class=\"col-inner\"  >\n\t\t\t\n\t\t\t\n\t<div class=\"img has-hover x md-x lg-x y md-y lg-y\" id=\"image_1441357300\">\n\t\t\t\t\t\t\t\t<div class=\"img-inner dark\" >\n\t\t\t<img decoding=\"async\" width=\"1020\" height=\"680\" src=\"https:\/\/meditex.ee\/wp-content\/uploads\/2023\/10\/SUURUS.webp\" class=\"attachment-large size-large\" alt=\"\" srcset=\"https:\/\/meditex.ee\/wp-content\/uploads\/2023\/10\/SUURUS.webp 1200w, https:\/\/meditex.ee\/wp-content\/uploads\/2023\/10\/SUURUS-600x400.webp 600w, https:\/\/meditex.ee\/wp-content\/uploads\/2023\/10\/SUURUS-768x512.webp 768w, https:\/\/meditex.ee\/wp-content\/uploads\/2023\/10\/SUURUS-510x340.webp 510w\" sizes=\"(max-width: 1020px) 100vw, 1020px\" \/>\t\t\t\t\t\t\n\t\t\t\t\t<\/div>\n\t\t\t\t\t\t\t\t\n<style>\n#image_1441357300 {\n  width: 80%;\n}\n<\/style>\n\t<\/div>\n\t\n\t\t<\/div>\n\t\t\t\t\t<\/div>\n\n\t\n\n\t<div id=\"col-363279798\" class=\"col medium-5 small-12 large-5\"  >\n\t\t\t\t<div class=\"col-inner\"  >\n\t\t\t\n\t\t\t\n\t<div class=\"img has-hover x md-x lg-x y md-y lg-y\" id=\"image_493182301\">\n\t\t\t\t\t\t\t\t<div class=\"img-inner dark\" >\n\t\t\t<img decoding=\"async\" width=\"480\" height=\"300\" src=\"https:\/\/meditex.ee\/wp-content\/uploads\/2023\/05\/Corsinel_Measuring-waitline_.webp\" class=\"attachment-large size-large\" alt=\"\" \/>\t\t\t\t\t\t\n\t\t\t\t\t<\/div>\n\t\t\t\t\t\t\t\t\n<style>\n#image_493182301 {\n  width: 100%;\n}\n<\/style>\n\t<\/div>\n\t\n<p style=\"text-align: left;\"><span style=\"color: #000000;\">PASTABA! Visada i\u0161matuokite save, kad rastum\u0117te tinkam\u0105 dyd\u012f. <\/span><\/p>\n\t\t<\/div>\n\t\t\t\t\t<\/div>\n\n\t\n\n\t<div id=\"col-1625855028\" class=\"col medium-4 small-12 large-4\"  >\n\t\t\t\t<div class=\"col-inner\"  >\n\t\t\t\n\t\t\t\n\t\t<\/div>\n\t\t\t\t\t<\/div>\n\n\t\n<\/div>\n<div class=\"row\"  id=\"row-1952266563\">\n\n\t<div id=\"col-970083964\" class=\"col medium-4 small-12 large-4\"  >\n\t\t\t\t<div class=\"col-inner\"  >\n\t\t\t\n\t\t\t\n<p>Prie\u017ei\u016bra:<\/p>\n\t<div class=\"img has-hover x md-x lg-x y md-y lg-y\" id=\"image_1268282826\">\n\t\t\t\t\t\t\t\t<div class=\"img-inner dark\" >\n\t\t\t<img decoding=\"async\" width=\"800\" height=\"200\" src=\"https:\/\/meditex.ee\/wp-content\/uploads\/2023\/04\/hooldus_11zon.jpg\" class=\"attachment-large size-large\" alt=\"\" srcset=\"https:\/\/meditex.ee\/wp-content\/uploads\/2023\/04\/hooldus_11zon.jpg 800w, https:\/\/meditex.ee\/wp-content\/uploads\/2023\/04\/hooldus_11zon-510x128.jpg 510w, https:\/\/meditex.ee\/wp-content\/uploads\/2023\/04\/hooldus_11zon-768x192.jpg 768w\" sizes=\"(max-width: 800px) 100vw, 800px\" \/>\t\t\t\t\t\t\n\t\t\t\t\t<\/div>\n\t\t\t\t\t\t\t\t\n<style>\n#image_1268282826 {\n  width: 100%;\n}\n<\/style>\n\t<\/div>\n\t\n\t\t<\/div>\n\t\t\t\t\t<\/div>\n\n\t\n<\/div>\n<div class=\"is-divider divider clearfix\" style=\"max-width:1100px;height:1px;background-color:rgb(0, 0, 0);\"><\/div>\n<p data-fontsize=\"16\" data-lineheight=\"19\">Skaitykite \u010dia apie Corsinel stomos ir i\u0161var\u017eos produktus <a href=\"https:\/\/meditex.ee\/corsinel\/\">https:\/\/meditex.ee\/corsinel\/<\/a><\/p>\n<p data-fontsize=\"16\" data-lineheight=\"19\">Informacija gamintojo svetain\u0117je <a href=\"https:\/\/t.ly\/UUC03\">https:\/\/t.ly\/UUC03<\/a><\/p>\n<p>Stomos mai\u0161eliai ir stomos prie\u017ei\u016bros priemon\u0117s: <a href=\"https:\/\/stoom.ee\/tooted\/\">https:\/\/stoom.ee\/tooted\/<\/a><br \/>Nauding\u0173 patarim\u0173 stomos pacientams rasite: <a href=\"https:\/\/www.elustoomiga.ee\">https:\/\/www.elustoomiga.ee<\/a><\/p>\n","protected":false},"excerpt":{"rendered":"<p style=\"text-align: left;\"><span style=\"font-size: 75%; color: #000000;\">Stomos dir\u017eas su maksimalia atrama ir anga.<\/span><\/p>\n","protected":false},"featured_media":19394,"template":"","meta":[],"product_brand":[],"product_cat":[610],"product_tag":[611,612],"class_list":{"0":"post-19389","1":"product","2":"type-product","3":"status-publish","4":"has-post-thumbnail","6":"product_cat-stomos-ir-isvarzos-dirzai-bei-vamzdeliai","7":"product_tag-corsinel","8":"product_tag-maksimali-parama","10":"first","11":"instock","12":"taxable","13":"shipping-taxable","14":"purchasable","15":"product-type-variable"},"yoast_head":"<!-- This site is optimized with the Yoast SEO plugin v27.3 - https:\/\/yoast.com\/product\/yoast-seo-wordpress\/ -->\n<title>Corsinel dir\u017eas su anga stomos mai\u0161eliui - meditex.ee<\/title>\n<meta name=\"description\" content=\"Corsinel maksimalios atramos parastominei i\u0161var\u017eai skirtas dir\u017eas leid\u017eia vartotojui i\u0161kirpti ang\u0105 tinkamoje vietoje stomos mai\u0161eliui.\" \/>\n<meta name=\"robots\" content=\"index, follow, max-snippet:-1, max-image-preview:large, max-video-preview:-1\" \/>\n<link rel=\"canonical\" href=\"https:\/\/meditex.ee\/lt\/product\/corsinel-dirzas-su-anga-stomos-maiseliui\/\" \/>\n<meta property=\"og:locale\" content=\"lt_LT\" \/>\n<meta property=\"og:type\" content=\"article\" \/>\n<meta property=\"og:title\" content=\"Corsinel dir\u017eas su anga stomos mai\u0161eliui - meditex.ee\" \/>\n<meta property=\"og:description\" content=\"Corsinel maksimalios atramos parastominei i\u0161var\u017eai skirtas dir\u017eas leid\u017eia vartotojui i\u0161kirpti ang\u0105 tinkamoje vietoje stomos mai\u0161eliui.\" \/>\n<meta property=\"og:url\" content=\"https:\/\/meditex.ee\/lt\/product\/corsinel-dirzas-su-anga-stomos-maiseliui\/\" \/>\n<meta property=\"og:site_name\" content=\"Meditex\" \/>\n<meta property=\"article:publisher\" content=\"https:\/\/www.facebook.com\/meditexepood\/\" \/>\n<meta property=\"article:modified_time\" content=\"2026-02-04T14:04:47+00:00\" \/>\n<meta property=\"og:image\" content=\"https:\/\/meditex.ee\/wp-content\/uploads\/2023\/10\/3412_PANEL_FRONT.webp\" \/>\n\t<meta property=\"og:image:width\" content=\"2480\" \/>\n\t<meta property=\"og:image:height\" content=\"2480\" \/>\n\t<meta property=\"og:image:type\" content=\"image\/webp\" \/>\n<meta name=\"twitter:card\" content=\"summary_large_image\" \/>\n<meta name=\"twitter:label1\" content=\"Est. reading time\" \/>\n\t<meta name=\"twitter:data1\" content=\"1 minut\u0117\" \/>\n<script type=\"application\/ld+json\" class=\"yoast-schema-graph\">{\"@context\":\"https:\\\/\\\/schema.org\",\"@graph\":[{\"@type\":\"WebPage\",\"@id\":\"https:\\\/\\\/meditex.ee\\\/lt\\\/product\\\/corsinel-dirzas-su-anga-stomos-maiseliui\\\/\",\"url\":\"https:\\\/\\\/meditex.ee\\\/lt\\\/product\\\/corsinel-dirzas-su-anga-stomos-maiseliui\\\/\",\"name\":\"Corsinel dir\u017eas su anga stomos mai\u0161eliui - meditex.ee\",\"isPartOf\":{\"@id\":\"https:\\\/\\\/meditex.ee\\\/en\\\/#website\"},\"primaryImageOfPage\":{\"@id\":\"https:\\\/\\\/meditex.ee\\\/lt\\\/product\\\/corsinel-dirzas-su-anga-stomos-maiseliui\\\/#primaryimage\"},\"image\":{\"@id\":\"https:\\\/\\\/meditex.ee\\\/lt\\\/product\\\/corsinel-dirzas-su-anga-stomos-maiseliui\\\/#primaryimage\"},\"thumbnailUrl\":\"https:\\\/\\\/meditex.ee\\\/wp-content\\\/uploads\\\/2023\\\/10\\\/3412_PANEL_FRONT.webp\",\"datePublished\":\"2026-02-04T14:04:39+00:00\",\"dateModified\":\"2026-02-04T14:04:47+00:00\",\"description\":\"Corsinel maksimalios atramos parastominei i\u0161var\u017eai skirtas dir\u017eas leid\u017eia vartotojui i\u0161kirpti ang\u0105 tinkamoje vietoje stomos mai\u0161eliui.\",\"breadcrumb\":{\"@id\":\"https:\\\/\\\/meditex.ee\\\/lt\\\/product\\\/corsinel-dirzas-su-anga-stomos-maiseliui\\\/#breadcrumb\"},\"inLanguage\":\"lt-LT\",\"potentialAction\":[{\"@type\":\"ReadAction\",\"target\":[\"https:\\\/\\\/meditex.ee\\\/lt\\\/product\\\/corsinel-dirzas-su-anga-stomos-maiseliui\\\/\"]}]},{\"@type\":\"ImageObject\",\"inLanguage\":\"lt-LT\",\"@id\":\"https:\\\/\\\/meditex.ee\\\/lt\\\/product\\\/corsinel-dirzas-su-anga-stomos-maiseliui\\\/#primaryimage\",\"url\":\"https:\\\/\\\/meditex.ee\\\/wp-content\\\/uploads\\\/2023\\\/10\\\/3412_PANEL_FRONT.webp\",\"contentUrl\":\"https:\\\/\\\/meditex.ee\\\/wp-content\\\/uploads\\\/2023\\\/10\\\/3412_PANEL_FRONT.webp\",\"width\":2480,\"height\":2480},{\"@type\":\"BreadcrumbList\",\"@id\":\"https:\\\/\\\/meditex.ee\\\/lt\\\/product\\\/corsinel-dirzas-su-anga-stomos-maiseliui\\\/#breadcrumb\",\"itemListElement\":[{\"@type\":\"ListItem\",\"position\":1,\"name\":\"Home\",\"item\":\"https:\\\/\\\/meditex.ee\\\/lt\\\/\"},{\"@type\":\"ListItem\",\"position\":2,\"name\":\"Parduotuv\u0117\",\"item\":\"https:\\\/\\\/meditex.ee\\\/lt\\\/parduotuve\\\/\"},{\"@type\":\"ListItem\",\"position\":3,\"name\":\"Corsinel dir\u017eas su anga stomos mai\u0161eliui\"}]},{\"@type\":\"WebSite\",\"@id\":\"https:\\\/\\\/meditex.ee\\\/en\\\/#website\",\"url\":\"https:\\\/\\\/meditex.ee\\\/en\\\/\",\"name\":\"Meditex\",\"description\":\"\",\"publisher\":{\"@id\":\"https:\\\/\\\/meditex.ee\\\/en\\\/#organization\"},\"potentialAction\":[{\"@type\":\"SearchAction\",\"target\":{\"@type\":\"EntryPoint\",\"urlTemplate\":\"https:\\\/\\\/meditex.ee\\\/en\\\/?s={search_term_string}\"},\"query-input\":{\"@type\":\"PropertyValueSpecification\",\"valueRequired\":true,\"valueName\":\"search_term_string\"}}],\"inLanguage\":\"lt-LT\"},{\"@type\":\"Organization\",\"@id\":\"https:\\\/\\\/meditex.ee\\\/en\\\/#organization\",\"name\":\"Meditex\",\"url\":\"https:\\\/\\\/meditex.ee\\\/en\\\/\",\"logo\":{\"@type\":\"ImageObject\",\"inLanguage\":\"lt-LT\",\"@id\":\"https:\\\/\\\/meditex.ee\\\/en\\\/#\\\/schema\\\/logo\\\/image\\\/\",\"url\":\"https:\\\/\\\/meditex.ee\\\/wp-content\\\/uploads\\\/2018\\\/03\\\/mdtx_logo.png\",\"contentUrl\":\"https:\\\/\\\/meditex.ee\\\/wp-content\\\/uploads\\\/2018\\\/03\\\/mdtx_logo.png\",\"width\":669,\"height\":235,\"caption\":\"Meditex\"},\"image\":{\"@id\":\"https:\\\/\\\/meditex.ee\\\/en\\\/#\\\/schema\\\/logo\\\/image\\\/\"},\"sameAs\":[\"https:\\\/\\\/www.facebook.com\\\/meditexepood\\\/\"]}]}<\/script>\n<!-- \/ Yoast SEO plugin. -->","yoast_head_json":{"title":"Corsinel dir\u017eas su anga stomos mai\u0161eliui - meditex.ee","description":"Corsinel maksimalios atramos parastominei i\u0161var\u017eai skirtas dir\u017eas leid\u017eia vartotojui i\u0161kirpti ang\u0105 tinkamoje vietoje stomos mai\u0161eliui.","robots":{"index":"index","follow":"follow","max-snippet":"max-snippet:-1","max-image-preview":"max-image-preview:large","max-video-preview":"max-video-preview:-1"},"canonical":"https:\/\/meditex.ee\/lt\/product\/corsinel-dirzas-su-anga-stomos-maiseliui\/","og_locale":"lt_LT","og_type":"article","og_title":"Corsinel dir\u017eas su anga stomos mai\u0161eliui - meditex.ee","og_description":"Corsinel maksimalios atramos parastominei i\u0161var\u017eai skirtas dir\u017eas leid\u017eia vartotojui i\u0161kirpti ang\u0105 tinkamoje vietoje stomos mai\u0161eliui.","og_url":"https:\/\/meditex.ee\/lt\/product\/corsinel-dirzas-su-anga-stomos-maiseliui\/","og_site_name":"Meditex","article_publisher":"https:\/\/www.facebook.com\/meditexepood\/","article_modified_time":"2026-02-04T14:04:47+00:00","og_image":[{"width":2480,"height":2480,"url":"https:\/\/meditex.ee\/wp-content\/uploads\/2023\/10\/3412_PANEL_FRONT.webp","type":"image\/webp"}],"twitter_card":"summary_large_image","twitter_misc":{"Est. reading time":"1 minut\u0117"},"schema":{"@context":"https:\/\/schema.org","@graph":[{"@type":"WebPage","@id":"https:\/\/meditex.ee\/lt\/product\/corsinel-dirzas-su-anga-stomos-maiseliui\/","url":"https:\/\/meditex.ee\/lt\/product\/corsinel-dirzas-su-anga-stomos-maiseliui\/","name":"Corsinel dir\u017eas su anga stomos mai\u0161eliui - meditex.ee","isPartOf":{"@id":"https:\/\/meditex.ee\/en\/#website"},"primaryImageOfPage":{"@id":"https:\/\/meditex.ee\/lt\/product\/corsinel-dirzas-su-anga-stomos-maiseliui\/#primaryimage"},"image":{"@id":"https:\/\/meditex.ee\/lt\/product\/corsinel-dirzas-su-anga-stomos-maiseliui\/#primaryimage"},"thumbnailUrl":"https:\/\/meditex.ee\/wp-content\/uploads\/2023\/10\/3412_PANEL_FRONT.webp","datePublished":"2026-02-04T14:04:39+00:00","dateModified":"2026-02-04T14:04:47+00:00","description":"Corsinel maksimalios atramos parastominei i\u0161var\u017eai skirtas dir\u017eas leid\u017eia vartotojui i\u0161kirpti ang\u0105 tinkamoje vietoje stomos mai\u0161eliui.","breadcrumb":{"@id":"https:\/\/meditex.ee\/lt\/product\/corsinel-dirzas-su-anga-stomos-maiseliui\/#breadcrumb"},"inLanguage":"lt-LT","potentialAction":[{"@type":"ReadAction","target":["https:\/\/meditex.ee\/lt\/product\/corsinel-dirzas-su-anga-stomos-maiseliui\/"]}]},{"@type":"ImageObject","inLanguage":"lt-LT","@id":"https:\/\/meditex.ee\/lt\/product\/corsinel-dirzas-su-anga-stomos-maiseliui\/#primaryimage","url":"https:\/\/meditex.ee\/wp-content\/uploads\/2023\/10\/3412_PANEL_FRONT.webp","contentUrl":"https:\/\/meditex.ee\/wp-content\/uploads\/2023\/10\/3412_PANEL_FRONT.webp","width":2480,"height":2480},{"@type":"BreadcrumbList","@id":"https:\/\/meditex.ee\/lt\/product\/corsinel-dirzas-su-anga-stomos-maiseliui\/#breadcrumb","itemListElement":[{"@type":"ListItem","position":1,"name":"Home","item":"https:\/\/meditex.ee\/lt\/"},{"@type":"ListItem","position":2,"name":"Parduotuv\u0117","item":"https:\/\/meditex.ee\/lt\/parduotuve\/"},{"@type":"ListItem","position":3,"name":"Corsinel dir\u017eas su anga stomos mai\u0161eliui"}]},{"@type":"WebSite","@id":"https:\/\/meditex.ee\/en\/#website","url":"https:\/\/meditex.ee\/en\/","name":"Meditex","description":"","publisher":{"@id":"https:\/\/meditex.ee\/en\/#organization"},"potentialAction":[{"@type":"SearchAction","target":{"@type":"EntryPoint","urlTemplate":"https:\/\/meditex.ee\/en\/?s={search_term_string}"},"query-input":{"@type":"PropertyValueSpecification","valueRequired":true,"valueName":"search_term_string"}}],"inLanguage":"lt-LT"},{"@type":"Organization","@id":"https:\/\/meditex.ee\/en\/#organization","name":"Meditex","url":"https:\/\/meditex.ee\/en\/","logo":{"@type":"ImageObject","inLanguage":"lt-LT","@id":"https:\/\/meditex.ee\/en\/#\/schema\/logo\/image\/","url":"https:\/\/meditex.ee\/wp-content\/uploads\/2018\/03\/mdtx_logo.png","contentUrl":"https:\/\/meditex.ee\/wp-content\/uploads\/2018\/03\/mdtx_logo.png","width":669,"height":235,"caption":"Meditex"},"image":{"@id":"https:\/\/meditex.ee\/en\/#\/schema\/logo\/image\/"},"sameAs":["https:\/\/www.facebook.com\/meditexepood\/"]}]}},"_links":{"self":[{"href":"https:\/\/meditex.ee\/lt\/wp-json\/wp\/v2\/product\/19389","targetHints":{"allow":["GET"]}}],"collection":[{"href":"https:\/\/meditex.ee\/lt\/wp-json\/wp\/v2\/product"}],"about":[{"href":"https:\/\/meditex.ee\/lt\/wp-json\/wp\/v2\/types\/product"}],"wp:featuredmedia":[{"embeddable":true,"href":"https:\/\/meditex.ee\/lt\/wp-json\/wp\/v2\/media\/19394"}],"wp:attachment":[{"href":"https:\/\/meditex.ee\/lt\/wp-json\/wp\/v2\/media?parent=19389"}],"wp:term":[{"taxonomy":"product_brand","embeddable":true,"href":"https:\/\/meditex.ee\/lt\/wp-json\/wp\/v2\/product_brand?post=19389"},{"taxonomy":"product_cat","embeddable":true,"href":"https:\/\/meditex.ee\/lt\/wp-json\/wp\/v2\/product_cat?post=19389"},{"taxonomy":"product_tag","embeddable":true,"href":"https:\/\/meditex.ee\/lt\/wp-json\/wp\/v2\/product_tag?post=19389"}],"curies":[{"name":"wp","href":"https:\/\/api.w.org\/{rel}","templated":true}]}}