{"id":19383,"date":"2026-02-04T14:04:05","date_gmt":"2026-02-04T14:04:05","guid":{"rendered":"https:\/\/meditex.ee\/product\/palaikomasis-galvos-tvarstis-nordicare-alex\/"},"modified":"2026-02-04T14:04:08","modified_gmt":"2026-02-04T14:04:08","slug":"palaikomasis-galvos-tvarstis-nordicare-alex","status":"publish","type":"product","link":"https:\/\/meditex.ee\/lt\/produktas\/palaikomasis-galvos-tvarstis-nordicare-alex\/","title":{"rendered":"Palaikomasis galvos tvarstis NordiCare Alex"},"content":{"rendered":"<div class=\"row\"  id=\"row-864273407\">\n\n\t<div id=\"col-1143727368\" class=\"col medium-6 small-12 large-6\"  >\n\t\t\t\t<div class=\"col-inner\"  >\n\t\t\t\n\t\t\t\n\t\t<\/div>\n\t\t\t\t\t<\/div>\n\n\t\n\n\t<div id=\"col-1040169718\" class=\"col medium-6 small-12 large-6\"  >\n\t\t\t\t<div class=\"col-inner text-right\"  >\n\t\t\t\n\t\t\t\n\t<div class=\"img has-hover x md-x lg-x y md-y lg-y\" id=\"image_394542925\">\n\t\t\t\t\t\t\t\t<div class=\"img-inner dark\" >\n\t\t\t<img decoding=\"async\" width=\"488\" height=\"154\" src=\"https:\/\/meditex.ee\/wp-content\/uploads\/2020\/03\/nordicare_logo.png\" class=\"attachment-large size-large\" alt=\"\" \/>\t\t\t\t\t\t\n\t\t\t\t\t<\/div>\n\t\t\t\t\t\t\t\t\n<style>\n#image_394542925 {\n  width: 40%;\n}\n<\/style>\n\t<\/div>\n\t\n\t\t<\/div>\n\t\t\t\t\t<\/div>\n\n\t\n<\/div>\n<p style=\"text-align: left;\">Patogios med\u017eiagos galvos tvarstis su lipukais. Lengvai reguliuojamas, nes lipukai tvirtinasi prie viso tvars\u010dio pavir\u0161iaus. Komplekte yra dvi ma\u017eesn\u0117s, skirtingo ilgio juostel\u0117s papildomam fiksavimui. Dir\u017eel\u012f galima tvirtinti \u012fvairiais b\u016bdais. Plotis 7,5 cm.    <\/p>\n<p><strong>Dydis:<\/strong> vienas dydis tinka visiems (OneSize)<\/p>\n<p><strong>Prie\u017ei\u016bra:<\/strong><\/p>\n<ul>\n<li>Skalbti ma\u0161inoje 60\u00b0C temperat\u016broje.<\/li>\n<li>Gaminys tarnaus ilgiau, jei skalbsite \u017eemesn\u0117je temperat\u016broje.<\/li>\n<li>U\u017esekite lipukus.<\/li>\n<li>Naudokite skalbimo mai\u0161el\u012f.<\/li>\n<li>Nebalinti.<\/li>\n<li>Nevalyti cheminiu b\u016bdu.<\/li>\n<li>Nelyginti.<\/li>\n<li>D\u017eiovinti d\u017eiovykl\u0117je draud\u017eiama.<\/li>\n<\/ul>\n","protected":false},"excerpt":{"rendered":"<p>Patogios med\u017eiagos galvos tvarstis su lipukais. Lengvai reguliuojamas, nes lipukai tvirtinasi prie viso tvars\u010dio pavir\u0161iaus. Komplekte yra dvi ma\u017eesn\u0117s, skirtingo ilgio juostel\u0117s papildomam fiksavimui. Dir\u017eel\u012f galima tvirtinti \u012fvairiais b\u016bdais. Plotis 7,5 cm. Dydis: vienas dydis tinka visiems (OneSize) Prie\u017ei\u016bra: Skalbti ma\u0161inoje 60\u00b0C temperat\u016broje. Gaminys tarnaus ilgiau, jei skalbsite \u017eemesn\u0117je temperat\u016broje. U\u017esekite lipukus. Naudokite skalbimo mai\u0161el\u012f. [&#8230;]\n","protected":false},"featured_media":19384,"template":"","meta":[],"product_brand":[],"product_cat":[625],"product_tag":[626],"class_list":{"0":"post-19383","1":"product","2":"type-product","3":"status-publish","4":"has-post-thumbnail","6":"product_cat-galvos-raisciai","7":"product_tag-nordicare","9":"first","10":"instock","11":"taxable","12":"shipping-taxable","13":"purchasable","14":"product-type-simple"},"yoast_head":"<!-- This site is optimized with the Yoast SEO plugin v27.3 - https:\/\/yoast.com\/product\/yoast-seo-wordpress\/ -->\n<title>Palaikomasis galvos tvarstis NordiCare Alex - Meditex<\/title>\n<meta name=\"description\" content=\"NordiCare galvos tvarstis, kuris u\u017etikrina veido, smakro ir kaklo kompresij\u0105 ir tinka po veido patempimo, kaklo patempimo ir riebal\u0173 nusiurbimo.\" \/>\n<meta name=\"robots\" content=\"index, follow, max-snippet:-1, max-image-preview:large, max-video-preview:-1\" \/>\n<link rel=\"canonical\" href=\"https:\/\/meditex.ee\/lt\/product\/palaikomasis-galvos-tvarstis-nordicare-alex\/\" \/>\n<meta property=\"og:locale\" content=\"lt_LT\" \/>\n<meta property=\"og:type\" content=\"article\" \/>\n<meta property=\"og:title\" content=\"Palaikomasis galvos tvarstis NordiCare Alex - Meditex\" \/>\n<meta property=\"og:description\" content=\"NordiCare galvos tvarstis, kuris u\u017etikrina veido, smakro ir kaklo kompresij\u0105 ir tinka po veido patempimo, kaklo patempimo ir riebal\u0173 nusiurbimo.\" \/>\n<meta property=\"og:url\" content=\"https:\/\/meditex.ee\/lt\/product\/palaikomasis-galvos-tvarstis-nordicare-alex\/\" \/>\n<meta property=\"og:site_name\" content=\"Meditex\" \/>\n<meta property=\"article:publisher\" content=\"https:\/\/www.facebook.com\/meditexepood\/\" \/>\n<meta property=\"article:modified_time\" content=\"2026-02-04T14:04:08+00:00\" \/>\n<meta property=\"og:image\" content=\"https:\/\/meditex.ee\/wp-content\/uploads\/2024\/02\/alex_fram_bakband_main.webp\" \/>\n\t<meta property=\"og:image:width\" content=\"500\" \/>\n\t<meta property=\"og:image:height\" content=\"500\" \/>\n\t<meta property=\"og:image:type\" content=\"image\/webp\" \/>\n<meta name=\"twitter:card\" content=\"summary_large_image\" \/>\n<meta name=\"twitter:label1\" content=\"Est. reading time\" \/>\n\t<meta name=\"twitter:data1\" content=\"1 minut\u0117\" \/>\n<script type=\"application\/ld+json\" class=\"yoast-schema-graph\">{\"@context\":\"https:\\\/\\\/schema.org\",\"@graph\":[{\"@type\":\"WebPage\",\"@id\":\"https:\\\/\\\/meditex.ee\\\/lt\\\/product\\\/palaikomasis-galvos-tvarstis-nordicare-alex\\\/\",\"url\":\"https:\\\/\\\/meditex.ee\\\/lt\\\/product\\\/palaikomasis-galvos-tvarstis-nordicare-alex\\\/\",\"name\":\"Palaikomasis galvos tvarstis NordiCare Alex - Meditex\",\"isPartOf\":{\"@id\":\"https:\\\/\\\/meditex.ee\\\/en\\\/#website\"},\"primaryImageOfPage\":{\"@id\":\"https:\\\/\\\/meditex.ee\\\/lt\\\/product\\\/palaikomasis-galvos-tvarstis-nordicare-alex\\\/#primaryimage\"},\"image\":{\"@id\":\"https:\\\/\\\/meditex.ee\\\/lt\\\/product\\\/palaikomasis-galvos-tvarstis-nordicare-alex\\\/#primaryimage\"},\"thumbnailUrl\":\"https:\\\/\\\/meditex.ee\\\/wp-content\\\/uploads\\\/2024\\\/02\\\/alex_fram_bakband_main.webp\",\"datePublished\":\"2026-02-04T14:04:05+00:00\",\"dateModified\":\"2026-02-04T14:04:08+00:00\",\"description\":\"NordiCare galvos tvarstis, kuris u\u017etikrina veido, smakro ir kaklo kompresij\u0105 ir tinka po veido patempimo, kaklo patempimo ir riebal\u0173 nusiurbimo.\",\"breadcrumb\":{\"@id\":\"https:\\\/\\\/meditex.ee\\\/lt\\\/product\\\/palaikomasis-galvos-tvarstis-nordicare-alex\\\/#breadcrumb\"},\"inLanguage\":\"lt-LT\",\"potentialAction\":[{\"@type\":\"ReadAction\",\"target\":[\"https:\\\/\\\/meditex.ee\\\/lt\\\/product\\\/palaikomasis-galvos-tvarstis-nordicare-alex\\\/\"]}]},{\"@type\":\"ImageObject\",\"inLanguage\":\"lt-LT\",\"@id\":\"https:\\\/\\\/meditex.ee\\\/lt\\\/product\\\/palaikomasis-galvos-tvarstis-nordicare-alex\\\/#primaryimage\",\"url\":\"https:\\\/\\\/meditex.ee\\\/wp-content\\\/uploads\\\/2024\\\/02\\\/alex_fram_bakband_main.webp\",\"contentUrl\":\"https:\\\/\\\/meditex.ee\\\/wp-content\\\/uploads\\\/2024\\\/02\\\/alex_fram_bakband_main.webp\",\"width\":500,\"height\":500,\"caption\":\"palaikomasis galvos tvarstis Alex\"},{\"@type\":\"BreadcrumbList\",\"@id\":\"https:\\\/\\\/meditex.ee\\\/lt\\\/product\\\/palaikomasis-galvos-tvarstis-nordicare-alex\\\/#breadcrumb\",\"itemListElement\":[{\"@type\":\"ListItem\",\"position\":1,\"name\":\"Home\",\"item\":\"https:\\\/\\\/meditex.ee\\\/lt\\\/\"},{\"@type\":\"ListItem\",\"position\":2,\"name\":\"Parduotuv\u0117\",\"item\":\"https:\\\/\\\/meditex.ee\\\/lt\\\/parduotuve\\\/\"},{\"@type\":\"ListItem\",\"position\":3,\"name\":\"Palaikomasis galvos tvarstis NordiCare Alex\"}]},{\"@type\":\"WebSite\",\"@id\":\"https:\\\/\\\/meditex.ee\\\/en\\\/#website\",\"url\":\"https:\\\/\\\/meditex.ee\\\/en\\\/\",\"name\":\"Meditex\",\"description\":\"\",\"publisher\":{\"@id\":\"https:\\\/\\\/meditex.ee\\\/en\\\/#organization\"},\"potentialAction\":[{\"@type\":\"SearchAction\",\"target\":{\"@type\":\"EntryPoint\",\"urlTemplate\":\"https:\\\/\\\/meditex.ee\\\/en\\\/?s={search_term_string}\"},\"query-input\":{\"@type\":\"PropertyValueSpecification\",\"valueRequired\":true,\"valueName\":\"search_term_string\"}}],\"inLanguage\":\"lt-LT\"},{\"@type\":\"Organization\",\"@id\":\"https:\\\/\\\/meditex.ee\\\/en\\\/#organization\",\"name\":\"Meditex\",\"url\":\"https:\\\/\\\/meditex.ee\\\/en\\\/\",\"logo\":{\"@type\":\"ImageObject\",\"inLanguage\":\"lt-LT\",\"@id\":\"https:\\\/\\\/meditex.ee\\\/en\\\/#\\\/schema\\\/logo\\\/image\\\/\",\"url\":\"https:\\\/\\\/meditex.ee\\\/wp-content\\\/uploads\\\/2018\\\/03\\\/mdtx_logo.png\",\"contentUrl\":\"https:\\\/\\\/meditex.ee\\\/wp-content\\\/uploads\\\/2018\\\/03\\\/mdtx_logo.png\",\"width\":669,\"height\":235,\"caption\":\"Meditex\"},\"image\":{\"@id\":\"https:\\\/\\\/meditex.ee\\\/en\\\/#\\\/schema\\\/logo\\\/image\\\/\"},\"sameAs\":[\"https:\\\/\\\/www.facebook.com\\\/meditexepood\\\/\"]}]}<\/script>\n<!-- \/ Yoast SEO plugin. -->","yoast_head_json":{"title":"Palaikomasis galvos tvarstis NordiCare Alex - Meditex","description":"NordiCare galvos tvarstis, kuris u\u017etikrina veido, smakro ir kaklo kompresij\u0105 ir tinka po veido patempimo, kaklo patempimo ir riebal\u0173 nusiurbimo.","robots":{"index":"index","follow":"follow","max-snippet":"max-snippet:-1","max-image-preview":"max-image-preview:large","max-video-preview":"max-video-preview:-1"},"canonical":"https:\/\/meditex.ee\/lt\/product\/palaikomasis-galvos-tvarstis-nordicare-alex\/","og_locale":"lt_LT","og_type":"article","og_title":"Palaikomasis galvos tvarstis NordiCare Alex - Meditex","og_description":"NordiCare galvos tvarstis, kuris u\u017etikrina veido, smakro ir kaklo kompresij\u0105 ir tinka po veido patempimo, kaklo patempimo ir riebal\u0173 nusiurbimo.","og_url":"https:\/\/meditex.ee\/lt\/product\/palaikomasis-galvos-tvarstis-nordicare-alex\/","og_site_name":"Meditex","article_publisher":"https:\/\/www.facebook.com\/meditexepood\/","article_modified_time":"2026-02-04T14:04:08+00:00","og_image":[{"width":500,"height":500,"url":"https:\/\/meditex.ee\/wp-content\/uploads\/2024\/02\/alex_fram_bakband_main.webp","type":"image\/webp"}],"twitter_card":"summary_large_image","twitter_misc":{"Est. reading time":"1 minut\u0117"},"schema":{"@context":"https:\/\/schema.org","@graph":[{"@type":"WebPage","@id":"https:\/\/meditex.ee\/lt\/product\/palaikomasis-galvos-tvarstis-nordicare-alex\/","url":"https:\/\/meditex.ee\/lt\/product\/palaikomasis-galvos-tvarstis-nordicare-alex\/","name":"Palaikomasis galvos tvarstis NordiCare Alex - Meditex","isPartOf":{"@id":"https:\/\/meditex.ee\/en\/#website"},"primaryImageOfPage":{"@id":"https:\/\/meditex.ee\/lt\/product\/palaikomasis-galvos-tvarstis-nordicare-alex\/#primaryimage"},"image":{"@id":"https:\/\/meditex.ee\/lt\/product\/palaikomasis-galvos-tvarstis-nordicare-alex\/#primaryimage"},"thumbnailUrl":"https:\/\/meditex.ee\/wp-content\/uploads\/2024\/02\/alex_fram_bakband_main.webp","datePublished":"2026-02-04T14:04:05+00:00","dateModified":"2026-02-04T14:04:08+00:00","description":"NordiCare galvos tvarstis, kuris u\u017etikrina veido, smakro ir kaklo kompresij\u0105 ir tinka po veido patempimo, kaklo patempimo ir riebal\u0173 nusiurbimo.","breadcrumb":{"@id":"https:\/\/meditex.ee\/lt\/product\/palaikomasis-galvos-tvarstis-nordicare-alex\/#breadcrumb"},"inLanguage":"lt-LT","potentialAction":[{"@type":"ReadAction","target":["https:\/\/meditex.ee\/lt\/product\/palaikomasis-galvos-tvarstis-nordicare-alex\/"]}]},{"@type":"ImageObject","inLanguage":"lt-LT","@id":"https:\/\/meditex.ee\/lt\/product\/palaikomasis-galvos-tvarstis-nordicare-alex\/#primaryimage","url":"https:\/\/meditex.ee\/wp-content\/uploads\/2024\/02\/alex_fram_bakband_main.webp","contentUrl":"https:\/\/meditex.ee\/wp-content\/uploads\/2024\/02\/alex_fram_bakband_main.webp","width":500,"height":500,"caption":"palaikomasis galvos tvarstis Alex"},{"@type":"BreadcrumbList","@id":"https:\/\/meditex.ee\/lt\/product\/palaikomasis-galvos-tvarstis-nordicare-alex\/#breadcrumb","itemListElement":[{"@type":"ListItem","position":1,"name":"Home","item":"https:\/\/meditex.ee\/lt\/"},{"@type":"ListItem","position":2,"name":"Parduotuv\u0117","item":"https:\/\/meditex.ee\/lt\/parduotuve\/"},{"@type":"ListItem","position":3,"name":"Palaikomasis galvos tvarstis NordiCare Alex"}]},{"@type":"WebSite","@id":"https:\/\/meditex.ee\/en\/#website","url":"https:\/\/meditex.ee\/en\/","name":"Meditex","description":"","publisher":{"@id":"https:\/\/meditex.ee\/en\/#organization"},"potentialAction":[{"@type":"SearchAction","target":{"@type":"EntryPoint","urlTemplate":"https:\/\/meditex.ee\/en\/?s={search_term_string}"},"query-input":{"@type":"PropertyValueSpecification","valueRequired":true,"valueName":"search_term_string"}}],"inLanguage":"lt-LT"},{"@type":"Organization","@id":"https:\/\/meditex.ee\/en\/#organization","name":"Meditex","url":"https:\/\/meditex.ee\/en\/","logo":{"@type":"ImageObject","inLanguage":"lt-LT","@id":"https:\/\/meditex.ee\/en\/#\/schema\/logo\/image\/","url":"https:\/\/meditex.ee\/wp-content\/uploads\/2018\/03\/mdtx_logo.png","contentUrl":"https:\/\/meditex.ee\/wp-content\/uploads\/2018\/03\/mdtx_logo.png","width":669,"height":235,"caption":"Meditex"},"image":{"@id":"https:\/\/meditex.ee\/en\/#\/schema\/logo\/image\/"},"sameAs":["https:\/\/www.facebook.com\/meditexepood\/"]}]}},"_links":{"self":[{"href":"https:\/\/meditex.ee\/lt\/wp-json\/wp\/v2\/product\/19383","targetHints":{"allow":["GET"]}}],"collection":[{"href":"https:\/\/meditex.ee\/lt\/wp-json\/wp\/v2\/product"}],"about":[{"href":"https:\/\/meditex.ee\/lt\/wp-json\/wp\/v2\/types\/product"}],"wp:featuredmedia":[{"embeddable":true,"href":"https:\/\/meditex.ee\/lt\/wp-json\/wp\/v2\/media\/19384"}],"wp:attachment":[{"href":"https:\/\/meditex.ee\/lt\/wp-json\/wp\/v2\/media?parent=19383"}],"wp:term":[{"taxonomy":"product_brand","embeddable":true,"href":"https:\/\/meditex.ee\/lt\/wp-json\/wp\/v2\/product_brand?post=19383"},{"taxonomy":"product_cat","embeddable":true,"href":"https:\/\/meditex.ee\/lt\/wp-json\/wp\/v2\/product_cat?post=19383"},{"taxonomy":"product_tag","embeddable":true,"href":"https:\/\/meditex.ee\/lt\/wp-json\/wp\/v2\/product_tag?post=19383"}],"curies":[{"name":"wp","href":"https:\/\/api.w.org\/{rel}","templated":true}]}}