{"id":19371,"date":"2024-02-12T11:57:55","date_gmt":"2024-02-12T11:57:55","guid":{"rendered":"https:\/\/meditex.ee\/product\/galvos-raistis-nordicare-kim\/"},"modified":"2026-02-04T14:03:54","modified_gmt":"2026-02-04T14:03:54","slug":"galvos-raistis-nordicare-kim","status":"publish","type":"product","link":"https:\/\/meditex.ee\/lt\/produktas\/galvos-raistis-nordicare-kim\/","title":{"rendered":"Galvos rai\u0161tis NordiCare KIM"},"content":{"rendered":"<div class=\"row\"  id=\"row-623358080\">\n\n\t<div id=\"col-1498192363\" class=\"col medium-6 small-12 large-6\"  >\n\t\t\t\t<div class=\"col-inner\"  >\n\t\t\t\n\t\t\t\n\t\t<\/div>\n\t\t\t\t\t<\/div>\n\n\t\n\n\t<div id=\"col-1319467690\" class=\"col medium-6 small-12 large-6\"  >\n\t\t\t\t<div class=\"col-inner text-right\"  >\n\t\t\t\n\t\t\t\n\t<div class=\"img has-hover x md-x lg-x y md-y lg-y\" id=\"image_1911736201\">\n\t\t\t\t\t\t\t\t<div class=\"img-inner dark\" >\n\t\t\t<img decoding=\"async\" width=\"488\" height=\"154\" src=\"https:\/\/meditex.ee\/wp-content\/uploads\/2020\/03\/nordicare_logo.png\" class=\"attachment-large size-large\" alt=\"\" \/>\t\t\t\t\t\t\n\t\t\t\t\t<\/div>\n\t\t\t\t\t\t\t\t\n<style>\n#image_1911736201 {\n  width: 40%;\n}\n<\/style>\n\t<\/div>\n\t\n\t\t<\/div>\n\t\t\t\t\t<\/div>\n\n\t\n<\/div>\n<p style=\"text-align: left;\">Kim yra reguliuojamas galvos rai\u0161tis, pagamintas i\u0161 patogios med\u017eiagos ir su besi\u016bliais kra\u0161tais. Siekiant optimalaus komforto ir prigludimo, rai\u0161t\u012f galima lengvai apkirpti aplink skruostus, smakr\u0105 ir kakl\u0105. Taip pat galima i\u0161kirpti angas, pavyzd\u017eiui, ausims. Dir\u017eeli\u0173 su \u201eVelcro\u201c u\u017esegimais ilg\u012f galima sutrumpinti.   <\/p>\n<p style=\"text-align: left;\">Geriausi\u0105 prigludim\u0105 ir kompresij\u0105 galima pasiekti reguliuojant tris dir\u017eelius. Rai\u0161tis i\u0161lieka vietoje ir nakt\u012f. Rai\u0161\u010dio med\u017eiaga yra kv\u0117puojanti ir suteikia odai v\u0117sinant\u012f poj\u016bt\u012f.  <\/p>\n<p><strong>Dydis:<\/strong> S\/M, L\/XL<\/p>\n\t<div class=\"img has-hover x md-x lg-x y md-y lg-y\" id=\"image_1082998514\">\n\t\t\t\t\t\t\t\t<div class=\"img-inner dark\" >\n\t\t\t<img decoding=\"async\" width=\"350\" height=\"276\" src=\"https:\/\/meditex.ee\/wp-content\/uploads\/2024\/02\/kim_measurment.webp\" class=\"attachment-medium size-medium\" alt=\"\" \/>\t\t\t\t\t\t\n\t\t\t\t\t<\/div>\n\t\t\t\t\t\t\t\t\n<style>\n#image_1082998514 {\n  width: 27%;\n}\n<\/style>\n\t<\/div>\n\t\n<div class=\"is-divider divider clearfix\" style=\"background-color:rgb(255, 255, 255);\"><\/div>\n<p><strong>Prie\u017ei\u016bra: <\/strong>Skalbti ma\u0161inoje 40\u00b0C temperat\u016broje, prireikus galima skalbti ir auk\u0161tesn\u0117je temperat\u016broje iki 60\u00b0C. Gaminys tarnaus ilgiau, jei bus skalbiamas \u017eemesn\u0117je temperat\u016broje. Negalima d\u017eiovinti d\u017eiovykl\u0117je. Prie\u0161 skalbiant u\u017esekite \u201eVelcro\u201c u\u017esegim\u0105, naudokite skalbimo mai\u0161el\u012f. Esant kraujo d\u0117m\u0117ms, mirkykite arba skalbkite \u0161altame vandenyje. Nenaudokite baliklio ar audini\u0173 mink\u0161tiklio, nes tai gali pa\u017eeisti med\u017eiag\u0105.<\/p>\n","protected":false},"excerpt":{"rendered":"<p><span style=\"font-size: 75%;\">Reguliuojamas galvos rai\u0161tis i\u0161 patogios med\u017eiagos su besi\u016bliais kra\u0161tais.<\/span><\/p>\n","protected":false},"featured_media":19380,"template":"","meta":[],"product_brand":[],"product_cat":[625],"product_tag":[626],"class_list":{"0":"post-19371","1":"product","2":"type-product","3":"status-publish","4":"has-post-thumbnail","6":"product_cat-galvos-raisciai","7":"product_tag-nordicare","9":"first","10":"instock","11":"taxable","12":"shipping-taxable","13":"purchasable","14":"product-type-variable"},"yoast_head":"<!-- This site is optimized with the Yoast SEO plugin v27.3 - https:\/\/yoast.com\/product\/yoast-seo-wordpress\/ -->\n<title>Galvos rai\u0161tis NordiCare KIM - Meditex<\/title>\n<meta name=\"description\" content=\"Kim yra reguliuojamas galvos rai\u0161tis, pagamintas i\u0161 patogios med\u017eiagos. Kad u\u017etikrintum\u0117te tinkam\u0105 prigludim\u0105, rai\u0161t\u012f galima lengvai apkirpti aplink skruostus, smakr\u0105 ir kakl\u0105.\" \/>\n<meta name=\"robots\" content=\"index, follow, max-snippet:-1, max-image-preview:large, max-video-preview:-1\" \/>\n<link rel=\"canonical\" href=\"https:\/\/meditex.ee\/lt\/product\/galvos-raistis-nordicare-kim\/\" \/>\n<meta property=\"og:locale\" content=\"lt_LT\" \/>\n<meta property=\"og:type\" content=\"article\" \/>\n<meta property=\"og:title\" content=\"Galvos rai\u0161tis NordiCare KIM - Meditex\" \/>\n<meta property=\"og:description\" content=\"Kim yra reguliuojamas galvos rai\u0161tis, pagamintas i\u0161 patogios med\u017eiagos. Kad u\u017etikrintum\u0117te tinkam\u0105 prigludim\u0105, rai\u0161t\u012f galima lengvai apkirpti aplink skruostus, smakr\u0105 ir kakl\u0105.\" \/>\n<meta property=\"og:url\" content=\"https:\/\/meditex.ee\/lt\/product\/galvos-raistis-nordicare-kim\/\" \/>\n<meta property=\"og:site_name\" content=\"Meditex\" \/>\n<meta property=\"article:publisher\" content=\"https:\/\/www.facebook.com\/meditexepood\/\" \/>\n<meta property=\"article:modified_time\" content=\"2026-02-04T14:03:54+00:00\" \/>\n<meta property=\"og:image\" content=\"https:\/\/meditex.ee\/wp-content\/uploads\/2024\/02\/kim_mg_background.webp\" \/>\n\t<meta property=\"og:image:width\" content=\"500\" \/>\n\t<meta property=\"og:image:height\" content=\"500\" \/>\n\t<meta property=\"og:image:type\" content=\"image\/webp\" \/>\n<meta name=\"twitter:card\" content=\"summary_large_image\" \/>\n<meta name=\"twitter:label1\" content=\"Est. reading time\" \/>\n\t<meta name=\"twitter:data1\" content=\"1 minut\u0117\" \/>\n<script type=\"application\/ld+json\" class=\"yoast-schema-graph\">{\"@context\":\"https:\\\/\\\/schema.org\",\"@graph\":[{\"@type\":\"WebPage\",\"@id\":\"https:\\\/\\\/meditex.ee\\\/lt\\\/product\\\/galvos-raistis-nordicare-kim\\\/\",\"url\":\"https:\\\/\\\/meditex.ee\\\/lt\\\/product\\\/galvos-raistis-nordicare-kim\\\/\",\"name\":\"Galvos rai\u0161tis NordiCare KIM - Meditex\",\"isPartOf\":{\"@id\":\"https:\\\/\\\/meditex.ee\\\/en\\\/#website\"},\"primaryImageOfPage\":{\"@id\":\"https:\\\/\\\/meditex.ee\\\/lt\\\/product\\\/galvos-raistis-nordicare-kim\\\/#primaryimage\"},\"image\":{\"@id\":\"https:\\\/\\\/meditex.ee\\\/lt\\\/product\\\/galvos-raistis-nordicare-kim\\\/#primaryimage\"},\"thumbnailUrl\":\"https:\\\/\\\/meditex.ee\\\/wp-content\\\/uploads\\\/2024\\\/02\\\/kim_mg_background.webp\",\"datePublished\":\"2024-02-12T11:57:55+00:00\",\"dateModified\":\"2026-02-04T14:03:54+00:00\",\"description\":\"Kim yra reguliuojamas galvos rai\u0161tis, pagamintas i\u0161 patogios med\u017eiagos. Kad u\u017etikrintum\u0117te tinkam\u0105 prigludim\u0105, rai\u0161t\u012f galima lengvai apkirpti aplink skruostus, smakr\u0105 ir kakl\u0105.\",\"breadcrumb\":{\"@id\":\"https:\\\/\\\/meditex.ee\\\/lt\\\/product\\\/galvos-raistis-nordicare-kim\\\/#breadcrumb\"},\"inLanguage\":\"lt-LT\",\"potentialAction\":[{\"@type\":\"ReadAction\",\"target\":[\"https:\\\/\\\/meditex.ee\\\/lt\\\/product\\\/galvos-raistis-nordicare-kim\\\/\"]}]},{\"@type\":\"ImageObject\",\"inLanguage\":\"lt-LT\",\"@id\":\"https:\\\/\\\/meditex.ee\\\/lt\\\/product\\\/galvos-raistis-nordicare-kim\\\/#primaryimage\",\"url\":\"https:\\\/\\\/meditex.ee\\\/wp-content\\\/uploads\\\/2024\\\/02\\\/kim_mg_background.webp\",\"contentUrl\":\"https:\\\/\\\/meditex.ee\\\/wp-content\\\/uploads\\\/2024\\\/02\\\/kim_mg_background.webp\",\"width\":500,\"height\":500},{\"@type\":\"BreadcrumbList\",\"@id\":\"https:\\\/\\\/meditex.ee\\\/lt\\\/product\\\/galvos-raistis-nordicare-kim\\\/#breadcrumb\",\"itemListElement\":[{\"@type\":\"ListItem\",\"position\":1,\"name\":\"Home\",\"item\":\"https:\\\/\\\/meditex.ee\\\/lt\\\/\"},{\"@type\":\"ListItem\",\"position\":2,\"name\":\"Parduotuv\u0117\",\"item\":\"https:\\\/\\\/meditex.ee\\\/lt\\\/parduotuve\\\/\"},{\"@type\":\"ListItem\",\"position\":3,\"name\":\"Galvos rai\u0161tis NordiCare KIM\"}]},{\"@type\":\"WebSite\",\"@id\":\"https:\\\/\\\/meditex.ee\\\/en\\\/#website\",\"url\":\"https:\\\/\\\/meditex.ee\\\/en\\\/\",\"name\":\"Meditex\",\"description\":\"\",\"publisher\":{\"@id\":\"https:\\\/\\\/meditex.ee\\\/en\\\/#organization\"},\"potentialAction\":[{\"@type\":\"SearchAction\",\"target\":{\"@type\":\"EntryPoint\",\"urlTemplate\":\"https:\\\/\\\/meditex.ee\\\/en\\\/?s={search_term_string}\"},\"query-input\":{\"@type\":\"PropertyValueSpecification\",\"valueRequired\":true,\"valueName\":\"search_term_string\"}}],\"inLanguage\":\"lt-LT\"},{\"@type\":\"Organization\",\"@id\":\"https:\\\/\\\/meditex.ee\\\/en\\\/#organization\",\"name\":\"Meditex\",\"url\":\"https:\\\/\\\/meditex.ee\\\/en\\\/\",\"logo\":{\"@type\":\"ImageObject\",\"inLanguage\":\"lt-LT\",\"@id\":\"https:\\\/\\\/meditex.ee\\\/en\\\/#\\\/schema\\\/logo\\\/image\\\/\",\"url\":\"https:\\\/\\\/meditex.ee\\\/wp-content\\\/uploads\\\/2018\\\/03\\\/mdtx_logo.png\",\"contentUrl\":\"https:\\\/\\\/meditex.ee\\\/wp-content\\\/uploads\\\/2018\\\/03\\\/mdtx_logo.png\",\"width\":669,\"height\":235,\"caption\":\"Meditex\"},\"image\":{\"@id\":\"https:\\\/\\\/meditex.ee\\\/en\\\/#\\\/schema\\\/logo\\\/image\\\/\"},\"sameAs\":[\"https:\\\/\\\/www.facebook.com\\\/meditexepood\\\/\"]}]}<\/script>\n<!-- \/ Yoast SEO plugin. -->","yoast_head_json":{"title":"Galvos rai\u0161tis NordiCare KIM - Meditex","description":"Kim yra reguliuojamas galvos rai\u0161tis, pagamintas i\u0161 patogios med\u017eiagos. Kad u\u017etikrintum\u0117te tinkam\u0105 prigludim\u0105, rai\u0161t\u012f galima lengvai apkirpti aplink skruostus, smakr\u0105 ir kakl\u0105.","robots":{"index":"index","follow":"follow","max-snippet":"max-snippet:-1","max-image-preview":"max-image-preview:large","max-video-preview":"max-video-preview:-1"},"canonical":"https:\/\/meditex.ee\/lt\/product\/galvos-raistis-nordicare-kim\/","og_locale":"lt_LT","og_type":"article","og_title":"Galvos rai\u0161tis NordiCare KIM - Meditex","og_description":"Kim yra reguliuojamas galvos rai\u0161tis, pagamintas i\u0161 patogios med\u017eiagos. Kad u\u017etikrintum\u0117te tinkam\u0105 prigludim\u0105, rai\u0161t\u012f galima lengvai apkirpti aplink skruostus, smakr\u0105 ir kakl\u0105.","og_url":"https:\/\/meditex.ee\/lt\/product\/galvos-raistis-nordicare-kim\/","og_site_name":"Meditex","article_publisher":"https:\/\/www.facebook.com\/meditexepood\/","article_modified_time":"2026-02-04T14:03:54+00:00","og_image":[{"width":500,"height":500,"url":"https:\/\/meditex.ee\/wp-content\/uploads\/2024\/02\/kim_mg_background.webp","type":"image\/webp"}],"twitter_card":"summary_large_image","twitter_misc":{"Est. reading time":"1 minut\u0117"},"schema":{"@context":"https:\/\/schema.org","@graph":[{"@type":"WebPage","@id":"https:\/\/meditex.ee\/lt\/product\/galvos-raistis-nordicare-kim\/","url":"https:\/\/meditex.ee\/lt\/product\/galvos-raistis-nordicare-kim\/","name":"Galvos rai\u0161tis NordiCare KIM - Meditex","isPartOf":{"@id":"https:\/\/meditex.ee\/en\/#website"},"primaryImageOfPage":{"@id":"https:\/\/meditex.ee\/lt\/product\/galvos-raistis-nordicare-kim\/#primaryimage"},"image":{"@id":"https:\/\/meditex.ee\/lt\/product\/galvos-raistis-nordicare-kim\/#primaryimage"},"thumbnailUrl":"https:\/\/meditex.ee\/wp-content\/uploads\/2024\/02\/kim_mg_background.webp","datePublished":"2024-02-12T11:57:55+00:00","dateModified":"2026-02-04T14:03:54+00:00","description":"Kim yra reguliuojamas galvos rai\u0161tis, pagamintas i\u0161 patogios med\u017eiagos. Kad u\u017etikrintum\u0117te tinkam\u0105 prigludim\u0105, rai\u0161t\u012f galima lengvai apkirpti aplink skruostus, smakr\u0105 ir kakl\u0105.","breadcrumb":{"@id":"https:\/\/meditex.ee\/lt\/product\/galvos-raistis-nordicare-kim\/#breadcrumb"},"inLanguage":"lt-LT","potentialAction":[{"@type":"ReadAction","target":["https:\/\/meditex.ee\/lt\/product\/galvos-raistis-nordicare-kim\/"]}]},{"@type":"ImageObject","inLanguage":"lt-LT","@id":"https:\/\/meditex.ee\/lt\/product\/galvos-raistis-nordicare-kim\/#primaryimage","url":"https:\/\/meditex.ee\/wp-content\/uploads\/2024\/02\/kim_mg_background.webp","contentUrl":"https:\/\/meditex.ee\/wp-content\/uploads\/2024\/02\/kim_mg_background.webp","width":500,"height":500},{"@type":"BreadcrumbList","@id":"https:\/\/meditex.ee\/lt\/product\/galvos-raistis-nordicare-kim\/#breadcrumb","itemListElement":[{"@type":"ListItem","position":1,"name":"Home","item":"https:\/\/meditex.ee\/lt\/"},{"@type":"ListItem","position":2,"name":"Parduotuv\u0117","item":"https:\/\/meditex.ee\/lt\/parduotuve\/"},{"@type":"ListItem","position":3,"name":"Galvos rai\u0161tis NordiCare KIM"}]},{"@type":"WebSite","@id":"https:\/\/meditex.ee\/en\/#website","url":"https:\/\/meditex.ee\/en\/","name":"Meditex","description":"","publisher":{"@id":"https:\/\/meditex.ee\/en\/#organization"},"potentialAction":[{"@type":"SearchAction","target":{"@type":"EntryPoint","urlTemplate":"https:\/\/meditex.ee\/en\/?s={search_term_string}"},"query-input":{"@type":"PropertyValueSpecification","valueRequired":true,"valueName":"search_term_string"}}],"inLanguage":"lt-LT"},{"@type":"Organization","@id":"https:\/\/meditex.ee\/en\/#organization","name":"Meditex","url":"https:\/\/meditex.ee\/en\/","logo":{"@type":"ImageObject","inLanguage":"lt-LT","@id":"https:\/\/meditex.ee\/en\/#\/schema\/logo\/image\/","url":"https:\/\/meditex.ee\/wp-content\/uploads\/2018\/03\/mdtx_logo.png","contentUrl":"https:\/\/meditex.ee\/wp-content\/uploads\/2018\/03\/mdtx_logo.png","width":669,"height":235,"caption":"Meditex"},"image":{"@id":"https:\/\/meditex.ee\/en\/#\/schema\/logo\/image\/"},"sameAs":["https:\/\/www.facebook.com\/meditexepood\/"]}]}},"_links":{"self":[{"href":"https:\/\/meditex.ee\/lt\/wp-json\/wp\/v2\/product\/19371","targetHints":{"allow":["GET"]}}],"collection":[{"href":"https:\/\/meditex.ee\/lt\/wp-json\/wp\/v2\/product"}],"about":[{"href":"https:\/\/meditex.ee\/lt\/wp-json\/wp\/v2\/types\/product"}],"wp:featuredmedia":[{"embeddable":true,"href":"https:\/\/meditex.ee\/lt\/wp-json\/wp\/v2\/media\/19380"}],"wp:attachment":[{"href":"https:\/\/meditex.ee\/lt\/wp-json\/wp\/v2\/media?parent=19371"}],"wp:term":[{"taxonomy":"product_brand","embeddable":true,"href":"https:\/\/meditex.ee\/lt\/wp-json\/wp\/v2\/product_brand?post=19371"},{"taxonomy":"product_cat","embeddable":true,"href":"https:\/\/meditex.ee\/lt\/wp-json\/wp\/v2\/product_cat?post=19371"},{"taxonomy":"product_tag","embeddable":true,"href":"https:\/\/meditex.ee\/lt\/wp-json\/wp\/v2\/product_tag?post=19371"}],"curies":[{"name":"wp","href":"https:\/\/api.w.org\/{rel}","templated":true}]}}