{"id":19346,"date":"2026-02-04T14:03:26","date_gmt":"2026-02-04T14:03:26","guid":{"rendered":"https:\/\/meditex.ee\/product\/carefix-ava\/"},"modified":"2026-02-04T14:03:32","modified_gmt":"2026-02-04T14:03:32","slug":"carefix-ava","status":"publish","type":"product","link":"https:\/\/meditex.ee\/lt\/produktas\/carefix-ava\/","title":{"rendered":"Carefix Ava"},"content":{"rendered":"<div class=\"row align-bottom\"  id=\"row-2095494821\">\n\n\t<div id=\"col-438539301\" class=\"col medium-4 small-12 large-4\"  >\n\t\t\t\t<div class=\"col-inner text-left\"  >\n\t\t\t\n\t\t\t\n<h3>KOMPRESIJOS LYGIS 2 &#8211; STIPRUS<\/h3>\n\t\t<\/div>\n\t\t\t\t\t<\/div>\n\n\t\n\n\t<div id=\"col-1560586755\" class=\"col medium-4 small-12 large-4\"  >\n\t\t\t\t<div class=\"col-inner\"  >\n\t\t\t\n\t\t\t\n\t\t<\/div>\n\t\t\t\t\t<\/div>\n\n\t\n\n\t<div id=\"col-1468253843\" class=\"col medium-4 small-12 large-4\"  >\n\t\t\t\t<div class=\"col-inner text-right\"  >\n\t\t\t\n\t\t\t\n\t<div class=\"img has-hover x md-x lg-x y md-y lg-y\" id=\"image_614796040\">\n\t\t\t\t\t\t\t\t<div class=\"img-inner dark\" >\n\t\t\t<img decoding=\"async\" width=\"1020\" height=\"315\" src=\"https:\/\/meditex.ee\/wp-content\/uploads\/2018\/03\/CAREFIX_PAYOFF_4F-1400x433.png\" class=\"attachment-large size-large\" alt=\"\" srcset=\"https:\/\/meditex.ee\/wp-content\/uploads\/2018\/03\/CAREFIX_PAYOFF_4F-1400x433.png 1400w, https:\/\/meditex.ee\/wp-content\/uploads\/2018\/03\/CAREFIX_PAYOFF_4F-510x158.png 510w, https:\/\/meditex.ee\/wp-content\/uploads\/2018\/03\/CAREFIX_PAYOFF_4F-800x248.png 800w, https:\/\/meditex.ee\/wp-content\/uploads\/2018\/03\/CAREFIX_PAYOFF_4F-768x238.png 768w, https:\/\/meditex.ee\/wp-content\/uploads\/2018\/03\/CAREFIX_PAYOFF_4F-600x186.png 600w, https:\/\/meditex.ee\/wp-content\/uploads\/2018\/03\/CAREFIX_PAYOFF_4F.png 2038w\" sizes=\"(max-width: 1020px) 100vw, 1020px\" \/>\t\t\t\t\t\t\n\t\t\t\t\t<\/div>\n\t\t\t\t\t\t\t\t\n<style>\n#image_614796040 {\n  width: 50%;\n}\n<\/style>\n\t<\/div>\n\t\n\t\t<\/div>\n\t\t\t\t\t<\/div>\n\n\t\n<\/div>\n<h2 data-fontsize=\"16\" data-lineheight=\"19\">Carefix Ava &#8211; pooperacinis liemen\u0117l\u0117 su integruotu kr\u016btin\u0117s efektu.<\/h2>\n<p style=\"text-align: left;\" data-fontsize=\"16\" data-lineheight=\"19\"><span style=\"color: #000000;\"><strong>APRA\u0160YMAS:<\/strong> Ava yra pooperacinis liemen\u0117l\u0117 su integruotu kr\u016btin\u0117s efektu, skirtas naudoti po kr\u016btin\u0117s didinimo. Tinka ir po kr\u016btin\u0117s ma\u017einimo, kr\u016btin\u0117s k\u0117limo ar kr\u016btin\u0117s atk\u016brimo operacij\u0173. Ava u\u017etikrina geriausi\u0105 pooperacin\u012f rezultat\u0105 nedarydamas kompromis\u0173 d\u0117l naudojimo patogumo.  <\/span><\/p>\n<p style=\"text-align: left;\" data-fontsize=\"16\" data-lineheight=\"19\"><span style=\"color: #000000;\">Ava liemen\u0117l\u0117 palaiko, formuoja ir suteikia kr\u016btinei kont\u016br\u0173, taip u\u017etikrindamas geriausi\u0105 chirurgin\u012f rezultat\u0105 ir eleganti\u0161kai suformuot\u0105 kr\u016btin\u0119.<\/span><\/p>\n<p style=\"text-align: left;\" data-fontsize=\"16\" data-lineheight=\"19\"><span style=\"color: #000000;\">Med\u017eiagos 4 kryp\u010di\u0173 tempimas visada dera su kr\u016btin\u0117s ir k\u016bno kont\u016brais. Tokiu b\u016bdu Ava liemen\u0117l\u0117 padeda gydan\u010diuose atsigavimo procesuose. <\/span><\/p>\n<p style=\"text-align: left;\" data-fontsize=\"16\" data-lineheight=\"19\"><span style=\"color: #000000;\">Liemen\u0117l\u0117 visi\u0161kai atsidaro priekyje u\u017etrauktuku ir jo apa\u010dioje kabliukais bei reguliuojamais petne\u0161\u0117li\u0173 dir\u017eeliais, u\u017etikrinant lengv\u0105 pritaikym\u0105 tiek medicinos darbuotojui, tiek \u012fprastam vartotojui. Priekinis atsidarymas u\u017etikrina paprast\u0105 \u017eaizdos steb\u0117jim\u0105. <\/span><\/p>\n<p style=\"text-align: left;\" data-fontsize=\"16\" data-lineheight=\"19\"><span style=\"color: #000000;\">Su specialiai sukurtomis kompresijos zonomis Ava liemen\u0117l\u0117 u\u017etikrina optimal\u0173 kompresijos ir patogumo balans\u0105.<\/span><\/p>\n<p style=\"text-align: left;\" data-fontsize=\"16\" data-lineheight=\"19\"><span style=\"color: #000000;\"><strong>AUDINIO SUD\u0116TIS:<\/strong> 78% poliamidas, 13% elastanas, 9% poliesteris<\/span><\/p>\n<a href=\"https:\/\/meditex.ee\/suuruse-valimine-carefix\/\" class=\"button primary is-underline expand\" >\n\t\t<span>TINKAMO DYD\u017dIO PASIRINKIMAS<\/span>\n\t<\/a>\n\n\t<div class=\"box has-hover   has-hover box-text-bottom\" >\n\n\t\t<div class=\"box-image\" >\n\t\t\t\t\t\t<div class=\"\" >\n\t\t\t\t<img decoding=\"async\" width=\"1713\" height=\"397\" src=\"https:\/\/meditex.ee\/wp-content\/uploads\/2020\/12\/Carefix-bra-sizechart_Ava.png\" class=\"attachment- size-\" alt=\"\" srcset=\"https:\/\/meditex.ee\/wp-content\/uploads\/2020\/12\/Carefix-bra-sizechart_Ava.png 1713w, https:\/\/meditex.ee\/wp-content\/uploads\/2020\/12\/Carefix-bra-sizechart_Ava-510x118.png 510w, https:\/\/meditex.ee\/wp-content\/uploads\/2020\/12\/Carefix-bra-sizechart_Ava-800x185.png 800w, https:\/\/meditex.ee\/wp-content\/uploads\/2020\/12\/Carefix-bra-sizechart_Ava-1400x324.png 1400w, https:\/\/meditex.ee\/wp-content\/uploads\/2020\/12\/Carefix-bra-sizechart_Ava-768x178.png 768w, https:\/\/meditex.ee\/wp-content\/uploads\/2020\/12\/Carefix-bra-sizechart_Ava-1536x356.png 1536w, https:\/\/meditex.ee\/wp-content\/uploads\/2020\/12\/Carefix-bra-sizechart_Ava-600x139.png 600w\" sizes=\"(max-width: 1713px) 100vw, 1713px\" \/>\t\t\t\t\t\t\t\t\t\t\t<\/div>\n\t\t\t\t\t<\/div>\n\n\t\t<div class=\"box-text text-center\" >\n\t\t\t<div class=\"box-text-inner\">\n\t\t\t\t\n<p style=\"text-align: left;\">PASTABA. Nelyginkite Carefix liemen\u0117li\u0173 dyd\u017ei\u0173 su \u012fprast\u0173 liemen\u0117li\u0173 dyd\u017eiais. Kadangi Carefix liemen\u0117li\u0173 tikslas yra suteikti palaikym\u0105 ir kompresij\u0105, jie turi b\u016bti glaud\u017eiai priglundantys ir gali atrodyti ma\u017ei.  <\/p>\n\t\t\t<\/div>\n\t\t<\/div>\n\t<\/div>\n\t\n\t<div class=\"box has-hover   has-hover box-text-bottom\" >\n\n\t\t<div class=\"box-image\" >\n\t\t\t\t\t\t<div class=\"\" >\n\t\t\t\t<img decoding=\"async\" width=\"900\" height=\"472\" src=\"https:\/\/meditex.ee\/wp-content\/uploads\/2018\/03\/ava_front-back.png\" class=\"attachment- size-\" alt=\"\" srcset=\"https:\/\/meditex.ee\/wp-content\/uploads\/2018\/03\/ava_front-back.png 900w, https:\/\/meditex.ee\/wp-content\/uploads\/2018\/03\/ava_front-back-510x267.png 510w, https:\/\/meditex.ee\/wp-content\/uploads\/2018\/03\/ava_front-back-763x400.png 763w, https:\/\/meditex.ee\/wp-content\/uploads\/2018\/03\/ava_front-back-768x403.png 768w, https:\/\/meditex.ee\/wp-content\/uploads\/2018\/03\/ava_front-back-600x315.png 600w\" sizes=\"(max-width: 900px) 100vw, 900px\" \/>\t\t\t\t\t\t\t\t\t\t\t<\/div>\n\t\t\t\t\t<\/div>\n\n\t\t<div class=\"box-text text-center\" >\n\t\t\t<div class=\"box-text-inner\">\n\t\t\t\t\n<p style=\"text-align: left;\"><span style=\"color: #e14d43;\">KOMPRESIJOS SRITYS, KUR NR. 1 \u017dYMI STIPRIAUSI\u0104 KOMPRESIJ\u0104<\/span><\/p>\n\t\t\t<\/div>\n\t\t<\/div>\n\t<\/div>\n\t\n<p style=\"text-align: left;\"><span style=\"font-weight: 400;\">Mezgimo strukt\u016bra skirtingose kompresijos ir palaikymo zonose visada nustatoma pagal chirurg\u0173 ir slaugytoj\u0173 pageidavimus ir rekomendacijas, taip pat zonos viet\u0105 ir dyd\u012f.<\/span><\/p>\n<p style=\"text-align: left;\"><span style=\"font-weight: 400;\">Vis\u0173 Carefix liemen\u0117li\u0173 skirting\u0173 modeli\u0173 kompresijos ir palaikymo zonos yra i\u0161bandytos su tikrais pacientais. Kiekvienas liemen\u0117l\u0117s modelis testuojamas d\u0117l indikacij\u0173, medicinini\u0173 savybi\u0173 ir patogumo. Apibendrinant, tai rei\u0161kia, kad mezgimo strukt\u016bra, kiekvienos kompresijos ir palaikymo zonos vieta bei dydis kruop\u0161\u010diai parenkami pagal chirurg\u0173, slaugytoj\u0173 ir galutini\u0173 vartotoj\u0173 rekomendacijas ir pageidavimus.  <\/span><\/p>\n<p style=\"text-align: left;\"><span style=\"font-weight: 400;\">Kiekvieno liemen\u0117l\u0117s skirting\u0173 zon\u0173 derinys grind\u017eiamas:<\/span><\/p>\n<ul style=\"text-align: left;\">\n<li><span style=\"font-weight: 400;\">  vartotoj\u0173 testais (bandym\u0173 ir klaid\u0173 metodas).<\/span><\/li>\n<li><span style=\"font-weight: 400;\">  unikaliu ir stipriu bendradarbiavimu su sveikatos prie\u017ei\u016bros darbuotojais, paprastai chirurgais ir slaugytojais.<\/span><\/li>\n<\/ul>\n<p style=\"text-align: left;\"><span style=\"font-weight: 400;\">I\u0161bandyta daug derini\u0173, tod\u0117l liemen\u0117li\u0173 galutinis veikimas yra kruop\u0161\u010diai suderintas ir geriausias savo klas\u0117je rezultatas tiek tinkamumu ir patogumu (vartotojams), tiek klinikiniu ir medicininiu veikimu (profesionalus aspektas).<\/span><\/p>\n<p style=\"text-align: left;\"><span style=\"font-weight: 400;\">Puikus kompresijos ir palaikymo zon\u0173 derinys, kuriame atsi\u017evelgta \u012f medicinos ekspert\u0173 ir vartotoj\u0173 rekomendacijas, daro kiekvien\u0105 liemen\u0117l\u0117s model\u012f unikal\u0173.<\/span><\/p>\n<p style=\"text-align: left;\">\t<div id=\"gap-978320640\" class=\"gap-element clearfix\" style=\"display:block; height:auto;\">\n\t\t\n<style>\n#gap-978320640 {\n  padding-top: 30px;\n}\n<\/style>\n\t<\/div>\n\t\n<p style=\"text-align: left;\">Informacija gamintojo svetain\u0117je (angl\u0173 kalba) <a href=\"https:\/\/shorturl.at\/cxBOQ\">https:\/\/shorturl.at\/cxBOQ<\/a><\/p>\n<p>Apie Carefix liemen\u0117li\u0173 savybes skaitykite pla\u010diau \u010dia  <a href=\"https:\/\/meditex.ee\/carefix\/\">https:\/\/meditex.ee\/carefix\/<\/a><\/p>\n","protected":false},"excerpt":{"rendered":"<p><span style=\"color: #000000; font-size: 85%;\">Pooperacinis liemen\u0117l\u0117 su integruotu kr\u016btin\u0117s efektu, skirtas naudoti po kr\u016btin\u0117s didinimo. Tinka ir po kr\u016btin\u0117s ma\u017einimo, kr\u016btin\u0117s k\u0117limo ar kr\u016btin\u0117s atk\u016brimo operacij\u0173. <\/span><\/p>\n","protected":false},"featured_media":19357,"template":"","meta":[],"product_brand":[],"product_cat":[603],"product_tag":[604],"class_list":{"0":"post-19346","1":"product","2":"type-product","3":"status-publish","4":"has-post-thumbnail","6":"product_cat-pooperacines-liemeneles","7":"product_tag-carefix","9":"first","10":"instock","11":"taxable","12":"shipping-taxable","13":"purchasable","14":"product-type-variable"},"yoast_head":"<!-- This site is optimized with the Yoast SEO plugin v27.3 - https:\/\/yoast.com\/product\/yoast-seo-wordpress\/ -->\n<title>Carefix Ava - pooperacinis liemen\u0117l\u0117 su integruotu kr\u016btin\u0117s efektu - Meditex<\/title>\n<meta name=\"description\" content=\"Ava yra pooperacinis liemen\u0117l\u0117 su integruotu kr\u016btin\u0117s efektu. Ava liemen\u0117l\u0117 padeda gydan\u010diuose atsigavimo procesuose.\" \/>\n<meta name=\"robots\" content=\"index, follow, max-snippet:-1, max-image-preview:large, max-video-preview:-1\" \/>\n<link rel=\"canonical\" href=\"https:\/\/meditex.ee\/lt\/produktas\/carefix-ava\/\" \/>\n<meta property=\"og:locale\" content=\"lt_LT\" \/>\n<meta property=\"og:type\" content=\"article\" \/>\n<meta property=\"og:title\" content=\"Carefix Ava - pooperacinis liemen\u0117l\u0117 su integruotu kr\u016btin\u0117s efektu - Meditex\" \/>\n<meta property=\"og:description\" content=\"Ava yra pooperacinis liemen\u0117l\u0117 su integruotu kr\u016btin\u0117s efektu. Ava liemen\u0117l\u0117 padeda gydan\u010diuose atsigavimo procesuose.\" \/>\n<meta property=\"og:url\" content=\"https:\/\/meditex.ee\/lt\/produktas\/carefix-ava\/\" \/>\n<meta property=\"og:site_name\" content=\"Meditex\" \/>\n<meta property=\"article:publisher\" content=\"https:\/\/www.facebook.com\/meditexepood\/\" \/>\n<meta property=\"article:modified_time\" content=\"2026-02-04T14:03:32+00:00\" \/>\n<meta property=\"og:image\" content=\"https:\/\/meditex.ee\/wp-content\/uploads\/2018\/03\/Ava_3444_BL_Front_300-medium.jpg\" \/>\n\t<meta property=\"og:image:width\" content=\"1252\" \/>\n\t<meta property=\"og:image:height\" content=\"1600\" \/>\n\t<meta property=\"og:image:type\" content=\"image\/jpeg\" \/>\n<meta name=\"twitter:card\" content=\"summary_large_image\" \/>\n<meta name=\"twitter:label1\" content=\"Est. reading time\" \/>\n\t<meta name=\"twitter:data1\" content=\"2 minut\u0117\" \/>\n<script type=\"application\/ld+json\" class=\"yoast-schema-graph\">{\"@context\":\"https:\\\/\\\/schema.org\",\"@graph\":[{\"@type\":\"WebPage\",\"@id\":\"https:\\\/\\\/meditex.ee\\\/lt\\\/produktas\\\/carefix-ava\\\/\",\"url\":\"https:\\\/\\\/meditex.ee\\\/lt\\\/produktas\\\/carefix-ava\\\/\",\"name\":\"Carefix Ava - pooperacinis liemen\u0117l\u0117 su integruotu kr\u016btin\u0117s efektu - Meditex\",\"isPartOf\":{\"@id\":\"https:\\\/\\\/meditex.ee\\\/en\\\/#website\"},\"primaryImageOfPage\":{\"@id\":\"https:\\\/\\\/meditex.ee\\\/lt\\\/produktas\\\/carefix-ava\\\/#primaryimage\"},\"image\":{\"@id\":\"https:\\\/\\\/meditex.ee\\\/lt\\\/produktas\\\/carefix-ava\\\/#primaryimage\"},\"thumbnailUrl\":\"https:\\\/\\\/meditex.ee\\\/wp-content\\\/uploads\\\/2018\\\/03\\\/Ava_3444_BL_Front_300-medium.jpg\",\"datePublished\":\"2026-02-04T14:03:26+00:00\",\"dateModified\":\"2026-02-04T14:03:32+00:00\",\"description\":\"Ava yra pooperacinis liemen\u0117l\u0117 su integruotu kr\u016btin\u0117s efektu. Ava liemen\u0117l\u0117 padeda gydan\u010diuose atsigavimo procesuose.\",\"breadcrumb\":{\"@id\":\"https:\\\/\\\/meditex.ee\\\/lt\\\/produktas\\\/carefix-ava\\\/#breadcrumb\"},\"inLanguage\":\"lt-LT\",\"potentialAction\":[{\"@type\":\"ReadAction\",\"target\":[\"https:\\\/\\\/meditex.ee\\\/lt\\\/produktas\\\/carefix-ava\\\/\"]}]},{\"@type\":\"ImageObject\",\"inLanguage\":\"lt-LT\",\"@id\":\"https:\\\/\\\/meditex.ee\\\/lt\\\/produktas\\\/carefix-ava\\\/#primaryimage\",\"url\":\"https:\\\/\\\/meditex.ee\\\/wp-content\\\/uploads\\\/2018\\\/03\\\/Ava_3444_BL_Front_300-medium.jpg\",\"contentUrl\":\"https:\\\/\\\/meditex.ee\\\/wp-content\\\/uploads\\\/2018\\\/03\\\/Ava_3444_BL_Front_300-medium.jpg\",\"width\":1252,\"height\":1600,\"caption\":\"Ava - pooperacinis liemen\u0117l\u0117 su integruotu kr\u016btin\u0117s efektu\"},{\"@type\":\"BreadcrumbList\",\"@id\":\"https:\\\/\\\/meditex.ee\\\/lt\\\/produktas\\\/carefix-ava\\\/#breadcrumb\",\"itemListElement\":[{\"@type\":\"ListItem\",\"position\":1,\"name\":\"Home\",\"item\":\"https:\\\/\\\/meditex.ee\\\/lt\\\/\"},{\"@type\":\"ListItem\",\"position\":2,\"name\":\"Parduotuv\u0117\",\"item\":\"https:\\\/\\\/meditex.ee\\\/lt\\\/parduotuve\\\/\"},{\"@type\":\"ListItem\",\"position\":3,\"name\":\"Carefix Ava\"}]},{\"@type\":\"WebSite\",\"@id\":\"https:\\\/\\\/meditex.ee\\\/en\\\/#website\",\"url\":\"https:\\\/\\\/meditex.ee\\\/en\\\/\",\"name\":\"Meditex\",\"description\":\"\",\"publisher\":{\"@id\":\"https:\\\/\\\/meditex.ee\\\/en\\\/#organization\"},\"potentialAction\":[{\"@type\":\"SearchAction\",\"target\":{\"@type\":\"EntryPoint\",\"urlTemplate\":\"https:\\\/\\\/meditex.ee\\\/en\\\/?s={search_term_string}\"},\"query-input\":{\"@type\":\"PropertyValueSpecification\",\"valueRequired\":true,\"valueName\":\"search_term_string\"}}],\"inLanguage\":\"lt-LT\"},{\"@type\":\"Organization\",\"@id\":\"https:\\\/\\\/meditex.ee\\\/en\\\/#organization\",\"name\":\"Meditex\",\"url\":\"https:\\\/\\\/meditex.ee\\\/en\\\/\",\"logo\":{\"@type\":\"ImageObject\",\"inLanguage\":\"lt-LT\",\"@id\":\"https:\\\/\\\/meditex.ee\\\/en\\\/#\\\/schema\\\/logo\\\/image\\\/\",\"url\":\"https:\\\/\\\/meditex.ee\\\/wp-content\\\/uploads\\\/2018\\\/03\\\/mdtx_logo.png\",\"contentUrl\":\"https:\\\/\\\/meditex.ee\\\/wp-content\\\/uploads\\\/2018\\\/03\\\/mdtx_logo.png\",\"width\":669,\"height\":235,\"caption\":\"Meditex\"},\"image\":{\"@id\":\"https:\\\/\\\/meditex.ee\\\/en\\\/#\\\/schema\\\/logo\\\/image\\\/\"},\"sameAs\":[\"https:\\\/\\\/www.facebook.com\\\/meditexepood\\\/\"]}]}<\/script>\n<!-- \/ Yoast SEO plugin. -->","yoast_head_json":{"title":"Carefix Ava - pooperacinis liemen\u0117l\u0117 su integruotu kr\u016btin\u0117s efektu - Meditex","description":"Ava yra pooperacinis liemen\u0117l\u0117 su integruotu kr\u016btin\u0117s efektu. Ava liemen\u0117l\u0117 padeda gydan\u010diuose atsigavimo procesuose.","robots":{"index":"index","follow":"follow","max-snippet":"max-snippet:-1","max-image-preview":"max-image-preview:large","max-video-preview":"max-video-preview:-1"},"canonical":"https:\/\/meditex.ee\/lt\/produktas\/carefix-ava\/","og_locale":"lt_LT","og_type":"article","og_title":"Carefix Ava - pooperacinis liemen\u0117l\u0117 su integruotu kr\u016btin\u0117s efektu - Meditex","og_description":"Ava yra pooperacinis liemen\u0117l\u0117 su integruotu kr\u016btin\u0117s efektu. Ava liemen\u0117l\u0117 padeda gydan\u010diuose atsigavimo procesuose.","og_url":"https:\/\/meditex.ee\/lt\/produktas\/carefix-ava\/","og_site_name":"Meditex","article_publisher":"https:\/\/www.facebook.com\/meditexepood\/","article_modified_time":"2026-02-04T14:03:32+00:00","og_image":[{"width":1252,"height":1600,"url":"https:\/\/meditex.ee\/wp-content\/uploads\/2018\/03\/Ava_3444_BL_Front_300-medium.jpg","type":"image\/jpeg"}],"twitter_card":"summary_large_image","twitter_misc":{"Est. reading time":"2 minut\u0117"},"schema":{"@context":"https:\/\/schema.org","@graph":[{"@type":"WebPage","@id":"https:\/\/meditex.ee\/lt\/produktas\/carefix-ava\/","url":"https:\/\/meditex.ee\/lt\/produktas\/carefix-ava\/","name":"Carefix Ava - pooperacinis liemen\u0117l\u0117 su integruotu kr\u016btin\u0117s efektu - Meditex","isPartOf":{"@id":"https:\/\/meditex.ee\/en\/#website"},"primaryImageOfPage":{"@id":"https:\/\/meditex.ee\/lt\/produktas\/carefix-ava\/#primaryimage"},"image":{"@id":"https:\/\/meditex.ee\/lt\/produktas\/carefix-ava\/#primaryimage"},"thumbnailUrl":"https:\/\/meditex.ee\/wp-content\/uploads\/2018\/03\/Ava_3444_BL_Front_300-medium.jpg","datePublished":"2026-02-04T14:03:26+00:00","dateModified":"2026-02-04T14:03:32+00:00","description":"Ava yra pooperacinis liemen\u0117l\u0117 su integruotu kr\u016btin\u0117s efektu. Ava liemen\u0117l\u0117 padeda gydan\u010diuose atsigavimo procesuose.","breadcrumb":{"@id":"https:\/\/meditex.ee\/lt\/produktas\/carefix-ava\/#breadcrumb"},"inLanguage":"lt-LT","potentialAction":[{"@type":"ReadAction","target":["https:\/\/meditex.ee\/lt\/produktas\/carefix-ava\/"]}]},{"@type":"ImageObject","inLanguage":"lt-LT","@id":"https:\/\/meditex.ee\/lt\/produktas\/carefix-ava\/#primaryimage","url":"https:\/\/meditex.ee\/wp-content\/uploads\/2018\/03\/Ava_3444_BL_Front_300-medium.jpg","contentUrl":"https:\/\/meditex.ee\/wp-content\/uploads\/2018\/03\/Ava_3444_BL_Front_300-medium.jpg","width":1252,"height":1600,"caption":"Ava - pooperacinis liemen\u0117l\u0117 su integruotu kr\u016btin\u0117s efektu"},{"@type":"BreadcrumbList","@id":"https:\/\/meditex.ee\/lt\/produktas\/carefix-ava\/#breadcrumb","itemListElement":[{"@type":"ListItem","position":1,"name":"Home","item":"https:\/\/meditex.ee\/lt\/"},{"@type":"ListItem","position":2,"name":"Parduotuv\u0117","item":"https:\/\/meditex.ee\/lt\/parduotuve\/"},{"@type":"ListItem","position":3,"name":"Carefix Ava"}]},{"@type":"WebSite","@id":"https:\/\/meditex.ee\/en\/#website","url":"https:\/\/meditex.ee\/en\/","name":"Meditex","description":"","publisher":{"@id":"https:\/\/meditex.ee\/en\/#organization"},"potentialAction":[{"@type":"SearchAction","target":{"@type":"EntryPoint","urlTemplate":"https:\/\/meditex.ee\/en\/?s={search_term_string}"},"query-input":{"@type":"PropertyValueSpecification","valueRequired":true,"valueName":"search_term_string"}}],"inLanguage":"lt-LT"},{"@type":"Organization","@id":"https:\/\/meditex.ee\/en\/#organization","name":"Meditex","url":"https:\/\/meditex.ee\/en\/","logo":{"@type":"ImageObject","inLanguage":"lt-LT","@id":"https:\/\/meditex.ee\/en\/#\/schema\/logo\/image\/","url":"https:\/\/meditex.ee\/wp-content\/uploads\/2018\/03\/mdtx_logo.png","contentUrl":"https:\/\/meditex.ee\/wp-content\/uploads\/2018\/03\/mdtx_logo.png","width":669,"height":235,"caption":"Meditex"},"image":{"@id":"https:\/\/meditex.ee\/en\/#\/schema\/logo\/image\/"},"sameAs":["https:\/\/www.facebook.com\/meditexepood\/"]}]}},"_links":{"self":[{"href":"https:\/\/meditex.ee\/lt\/wp-json\/wp\/v2\/product\/19346","targetHints":{"allow":["GET"]}}],"collection":[{"href":"https:\/\/meditex.ee\/lt\/wp-json\/wp\/v2\/product"}],"about":[{"href":"https:\/\/meditex.ee\/lt\/wp-json\/wp\/v2\/types\/product"}],"wp:featuredmedia":[{"embeddable":true,"href":"https:\/\/meditex.ee\/lt\/wp-json\/wp\/v2\/media\/19357"}],"wp:attachment":[{"href":"https:\/\/meditex.ee\/lt\/wp-json\/wp\/v2\/media?parent=19346"}],"wp:term":[{"taxonomy":"product_brand","embeddable":true,"href":"https:\/\/meditex.ee\/lt\/wp-json\/wp\/v2\/product_brand?post=19346"},{"taxonomy":"product_cat","embeddable":true,"href":"https:\/\/meditex.ee\/lt\/wp-json\/wp\/v2\/product_cat?post=19346"},{"taxonomy":"product_tag","embeddable":true,"href":"https:\/\/meditex.ee\/lt\/wp-json\/wp\/v2\/product_tag?post=19346"}],"curies":[{"name":"wp","href":"https:\/\/api.w.org\/{rel}","templated":true}]}}