{"id":19211,"date":"2026-02-04T14:01:03","date_gmt":"2026-02-04T14:01:03","guid":{"rendered":"https:\/\/meditex.ee\/product\/carefix-ideklai\/"},"modified":"2026-02-04T14:01:05","modified_gmt":"2026-02-04T14:01:05","slug":"carefix-ideklai","status":"publish","type":"product","link":"https:\/\/meditex.ee\/lt\/produktas\/carefix-ideklai\/","title":{"rendered":"Carefix \u012fd\u0117klai"},"content":{"rendered":"<div class=\"row align-bottom\"  id=\"row-1824756010\">\n\n\t<div id=\"col-891915356\" class=\"col medium-4 small-12 large-4\"  >\n\t\t\t\t<div class=\"col-inner\"  >\n\t\t\t\n\t\t\t\n\t\t<\/div>\n\t\t\t\t\t<\/div>\n\n\t\n\n\t<div id=\"col-1068970800\" class=\"col medium-4 small-12 large-4\"  >\n\t\t\t\t<div class=\"col-inner\"  >\n\t\t\t\n\t\t\t\n\t\t<\/div>\n\t\t\t\t\t<\/div>\n\n\t\n\n\t<div id=\"col-1406294603\" class=\"col medium-4 small-12 large-4\"  >\n\t\t\t\t<div class=\"col-inner text-right\"  >\n\t\t\t\n\t\t\t\n\t<div class=\"img has-hover x md-x lg-x y md-y lg-y\" id=\"image_350762401\">\n\t\t\t\t\t\t\t\t<div class=\"img-inner dark\" >\n\t\t\t<img decoding=\"async\" width=\"1020\" height=\"315\" src=\"https:\/\/meditex.ee\/wp-content\/uploads\/2018\/03\/CAREFIX_PAYOFF_4F-1400x433.png\" class=\"attachment-large size-large\" alt=\"\" srcset=\"https:\/\/meditex.ee\/wp-content\/uploads\/2018\/03\/CAREFIX_PAYOFF_4F-1400x433.png 1400w, https:\/\/meditex.ee\/wp-content\/uploads\/2018\/03\/CAREFIX_PAYOFF_4F-510x158.png 510w, https:\/\/meditex.ee\/wp-content\/uploads\/2018\/03\/CAREFIX_PAYOFF_4F-800x248.png 800w, https:\/\/meditex.ee\/wp-content\/uploads\/2018\/03\/CAREFIX_PAYOFF_4F-768x238.png 768w, https:\/\/meditex.ee\/wp-content\/uploads\/2018\/03\/CAREFIX_PAYOFF_4F-600x186.png 600w, https:\/\/meditex.ee\/wp-content\/uploads\/2018\/03\/CAREFIX_PAYOFF_4F.png 2038w\" sizes=\"(max-width: 1020px) 100vw, 1020px\" \/>\t\t\t\t\t\t\n\t\t\t\t\t<\/div>\n\t\t\t\t\t\t\t\t\n<style>\n#image_350762401 {\n  width: 50%;\n}\n<\/style>\n\t<\/div>\n\t\n\t\t<\/div>\n\t\t\t\t\t<\/div>\n\n\t\n<\/div>\n<p style=\"text-align: left;\" data-fontsize=\"16\" data-lineheight=\"19\"><span style=\"color: #000000;\"><strong>APRA\u0160YMAS: <\/strong>Carefix \u012fd\u0117klai skirti naudoti liemen\u0117l\u0117se su ki\u0161en\u0117mis, tokiose kaip <a style=\"color: #000000;\" href=\"https:\/\/meditex.ee\/toode\/mary\/\">Mary<\/a>, <a style=\"color: #000000;\" href=\"https:\/\/meditex.ee\/lt\/toode\/carefix-sophia\/\">Sophia<\/a> ar <a style=\"color: #000000;\" href=\"https:\/\/meditex.ee\/lt\/toode\/carefix-mindy\/\">Mindy<\/a><\/span><\/p>\n<p style=\"text-align: left;\" data-fontsize=\"16\" data-lineheight=\"19\"><span style=\"color: #000000;\">\u012ed\u0117klai u\u017epildyti lengvu pluo\u0161tu, o j\u0173 dyd\u012f galima keisti pa\u0161alinant reikiam\u0105 pluo\u0161to kiek\u012f.<\/span><\/p>\n<p data-fontsize=\"16\" data-lineheight=\"19\"><img decoding=\"async\" class=\"alignnone size-full wp-image-557\" src=\"https:\/\/meditex.ee\/wp-content\/uploads\/2018\/03\/carefix-breast-puffs.png\" alt=\"\" width=\"323\" height=\"157\"><\/p>\n<p style=\"text-align: left;\" data-fontsize=\"16\" data-lineheight=\"19\"><span style=\"color: #000000;\"><strong>SUD\u0116TIS:<\/strong> 92% medviln\u0117, 8% elastanas.<\/span><\/p>\n","protected":false},"excerpt":{"rendered":"<p style=\"text-align: left;\" data-fontsize=\"16\" data-lineheight=\"19\"><span style=\"font-size: 75%; color: #000000;\">Medicinos priemon\u0117 naudojimui po kr\u016bties operacijos, pavyzd\u017eiui, po lumpektomijos ar mastektomijos.<\/span><\/p>\n","protected":false},"featured_media":19215,"template":"","meta":[],"product_brand":[],"product_cat":[617],"product_tag":[604],"class_list":{"0":"post-19211","1":"product","2":"type-product","3":"status-publish","4":"has-post-thumbnail","6":"product_cat-papildomi-produktai","7":"product_tag-carefix","9":"first","10":"instock","11":"taxable","12":"shipping-taxable","13":"purchasable","14":"product-type-simple"},"yoast_head":"<!-- This site is optimized with the Yoast SEO plugin v27.3 - https:\/\/yoast.com\/product\/yoast-seo-wordpress\/ -->\n<title>Clarefix\u00ae Liemen\u0117l\u0117s \u012fd\u0117klai \/ u\u017epildas - Meditex.ee internetin\u0117 parduotuv\u0117<\/title>\n<meta name=\"description\" content=\"\u012ed\u0117klai skirti naudoti liemen\u0117l\u0117se su ki\u0161en\u0117mis. Liemen\u0117l\u0117s \u012fd\u0117klo dyd\u012f galima keisti pa\u0161alinant reikiam\u0105 pluo\u0161to kiek\u012f.\" \/>\n<meta name=\"robots\" content=\"index, follow, max-snippet:-1, max-image-preview:large, max-video-preview:-1\" \/>\n<link rel=\"canonical\" href=\"https:\/\/meditex.ee\/lt\/product\/carefix-ideklai\/\" \/>\n<meta property=\"og:locale\" content=\"lt_LT\" \/>\n<meta property=\"og:type\" content=\"article\" \/>\n<meta property=\"og:title\" content=\"Clarefix\u00ae Liemen\u0117l\u0117s \u012fd\u0117klai \/ u\u017epildas - Meditex.ee internetin\u0117 parduotuv\u0117\" \/>\n<meta property=\"og:description\" content=\"\u012ed\u0117klai skirti naudoti liemen\u0117l\u0117se su ki\u0161en\u0117mis. Liemen\u0117l\u0117s \u012fd\u0117klo dyd\u012f galima keisti pa\u0161alinant reikiam\u0105 pluo\u0161to kiek\u012f.\" \/>\n<meta property=\"og:url\" content=\"https:\/\/meditex.ee\/lt\/product\/carefix-ideklai\/\" \/>\n<meta property=\"og:site_name\" content=\"Meditex\" \/>\n<meta property=\"article:publisher\" content=\"https:\/\/www.facebook.com\/meditexepood\/\" \/>\n<meta property=\"article:modified_time\" content=\"2026-02-04T14:01:05+00:00\" \/>\n<meta property=\"og:image\" content=\"https:\/\/meditex.ee\/wp-content\/uploads\/2018\/03\/8108_puffs-for-marianne_white-background_adj-1.png\" \/>\n\t<meta property=\"og:image:width\" content=\"850\" \/>\n\t<meta property=\"og:image:height\" content=\"500\" \/>\n\t<meta property=\"og:image:type\" content=\"image\/png\" \/>\n<meta name=\"twitter:card\" content=\"summary_large_image\" \/>\n<script type=\"application\/ld+json\" class=\"yoast-schema-graph\">{\"@context\":\"https:\\\/\\\/schema.org\",\"@graph\":[{\"@type\":\"WebPage\",\"@id\":\"https:\\\/\\\/meditex.ee\\\/lt\\\/product\\\/carefix-ideklai\\\/\",\"url\":\"https:\\\/\\\/meditex.ee\\\/lt\\\/product\\\/carefix-ideklai\\\/\",\"name\":\"Clarefix\u00ae Liemen\u0117l\u0117s \u012fd\u0117klai \\\/ u\u017epildas - Meditex.ee internetin\u0117 parduotuv\u0117\",\"isPartOf\":{\"@id\":\"https:\\\/\\\/meditex.ee\\\/en\\\/#website\"},\"primaryImageOfPage\":{\"@id\":\"https:\\\/\\\/meditex.ee\\\/lt\\\/product\\\/carefix-ideklai\\\/#primaryimage\"},\"image\":{\"@id\":\"https:\\\/\\\/meditex.ee\\\/lt\\\/product\\\/carefix-ideklai\\\/#primaryimage\"},\"thumbnailUrl\":\"https:\\\/\\\/meditex.ee\\\/wp-content\\\/uploads\\\/2018\\\/03\\\/8108_puffs-for-marianne_white-background_adj-1.png\",\"datePublished\":\"2026-02-04T14:01:03+00:00\",\"dateModified\":\"2026-02-04T14:01:05+00:00\",\"description\":\"\u012ed\u0117klai skirti naudoti liemen\u0117l\u0117se su ki\u0161en\u0117mis. Liemen\u0117l\u0117s \u012fd\u0117klo dyd\u012f galima keisti pa\u0161alinant reikiam\u0105 pluo\u0161to kiek\u012f.\",\"breadcrumb\":{\"@id\":\"https:\\\/\\\/meditex.ee\\\/lt\\\/product\\\/carefix-ideklai\\\/#breadcrumb\"},\"inLanguage\":\"lt-LT\",\"potentialAction\":[{\"@type\":\"ReadAction\",\"target\":[\"https:\\\/\\\/meditex.ee\\\/lt\\\/product\\\/carefix-ideklai\\\/\"]}]},{\"@type\":\"ImageObject\",\"inLanguage\":\"lt-LT\",\"@id\":\"https:\\\/\\\/meditex.ee\\\/lt\\\/product\\\/carefix-ideklai\\\/#primaryimage\",\"url\":\"https:\\\/\\\/meditex.ee\\\/wp-content\\\/uploads\\\/2018\\\/03\\\/8108_puffs-for-marianne_white-background_adj-1.png\",\"contentUrl\":\"https:\\\/\\\/meditex.ee\\\/wp-content\\\/uploads\\\/2018\\\/03\\\/8108_puffs-for-marianne_white-background_adj-1.png\",\"width\":850,\"height\":500},{\"@type\":\"BreadcrumbList\",\"@id\":\"https:\\\/\\\/meditex.ee\\\/lt\\\/product\\\/carefix-ideklai\\\/#breadcrumb\",\"itemListElement\":[{\"@type\":\"ListItem\",\"position\":1,\"name\":\"Home\",\"item\":\"https:\\\/\\\/meditex.ee\\\/lt\\\/\"},{\"@type\":\"ListItem\",\"position\":2,\"name\":\"Parduotuv\u0117\",\"item\":\"https:\\\/\\\/meditex.ee\\\/lt\\\/parduotuve\\\/\"},{\"@type\":\"ListItem\",\"position\":3,\"name\":\"Carefix \u012fd\u0117klai\"}]},{\"@type\":\"WebSite\",\"@id\":\"https:\\\/\\\/meditex.ee\\\/en\\\/#website\",\"url\":\"https:\\\/\\\/meditex.ee\\\/en\\\/\",\"name\":\"Meditex\",\"description\":\"\",\"publisher\":{\"@id\":\"https:\\\/\\\/meditex.ee\\\/en\\\/#organization\"},\"potentialAction\":[{\"@type\":\"SearchAction\",\"target\":{\"@type\":\"EntryPoint\",\"urlTemplate\":\"https:\\\/\\\/meditex.ee\\\/en\\\/?s={search_term_string}\"},\"query-input\":{\"@type\":\"PropertyValueSpecification\",\"valueRequired\":true,\"valueName\":\"search_term_string\"}}],\"inLanguage\":\"lt-LT\"},{\"@type\":\"Organization\",\"@id\":\"https:\\\/\\\/meditex.ee\\\/en\\\/#organization\",\"name\":\"Meditex\",\"url\":\"https:\\\/\\\/meditex.ee\\\/en\\\/\",\"logo\":{\"@type\":\"ImageObject\",\"inLanguage\":\"lt-LT\",\"@id\":\"https:\\\/\\\/meditex.ee\\\/en\\\/#\\\/schema\\\/logo\\\/image\\\/\",\"url\":\"https:\\\/\\\/meditex.ee\\\/wp-content\\\/uploads\\\/2018\\\/03\\\/mdtx_logo.png\",\"contentUrl\":\"https:\\\/\\\/meditex.ee\\\/wp-content\\\/uploads\\\/2018\\\/03\\\/mdtx_logo.png\",\"width\":669,\"height\":235,\"caption\":\"Meditex\"},\"image\":{\"@id\":\"https:\\\/\\\/meditex.ee\\\/en\\\/#\\\/schema\\\/logo\\\/image\\\/\"},\"sameAs\":[\"https:\\\/\\\/www.facebook.com\\\/meditexepood\\\/\"]}]}<\/script>\n<!-- \/ Yoast SEO plugin. -->","yoast_head_json":{"title":"Clarefix\u00ae Liemen\u0117l\u0117s \u012fd\u0117klai \/ u\u017epildas - Meditex.ee internetin\u0117 parduotuv\u0117","description":"\u012ed\u0117klai skirti naudoti liemen\u0117l\u0117se su ki\u0161en\u0117mis. Liemen\u0117l\u0117s \u012fd\u0117klo dyd\u012f galima keisti pa\u0161alinant reikiam\u0105 pluo\u0161to kiek\u012f.","robots":{"index":"index","follow":"follow","max-snippet":"max-snippet:-1","max-image-preview":"max-image-preview:large","max-video-preview":"max-video-preview:-1"},"canonical":"https:\/\/meditex.ee\/lt\/product\/carefix-ideklai\/","og_locale":"lt_LT","og_type":"article","og_title":"Clarefix\u00ae Liemen\u0117l\u0117s \u012fd\u0117klai \/ u\u017epildas - Meditex.ee internetin\u0117 parduotuv\u0117","og_description":"\u012ed\u0117klai skirti naudoti liemen\u0117l\u0117se su ki\u0161en\u0117mis. Liemen\u0117l\u0117s \u012fd\u0117klo dyd\u012f galima keisti pa\u0161alinant reikiam\u0105 pluo\u0161to kiek\u012f.","og_url":"https:\/\/meditex.ee\/lt\/product\/carefix-ideklai\/","og_site_name":"Meditex","article_publisher":"https:\/\/www.facebook.com\/meditexepood\/","article_modified_time":"2026-02-04T14:01:05+00:00","og_image":[{"width":850,"height":500,"url":"https:\/\/meditex.ee\/wp-content\/uploads\/2018\/03\/8108_puffs-for-marianne_white-background_adj-1.png","type":"image\/png"}],"twitter_card":"summary_large_image","schema":{"@context":"https:\/\/schema.org","@graph":[{"@type":"WebPage","@id":"https:\/\/meditex.ee\/lt\/product\/carefix-ideklai\/","url":"https:\/\/meditex.ee\/lt\/product\/carefix-ideklai\/","name":"Clarefix\u00ae Liemen\u0117l\u0117s \u012fd\u0117klai \/ u\u017epildas - Meditex.ee internetin\u0117 parduotuv\u0117","isPartOf":{"@id":"https:\/\/meditex.ee\/en\/#website"},"primaryImageOfPage":{"@id":"https:\/\/meditex.ee\/lt\/product\/carefix-ideklai\/#primaryimage"},"image":{"@id":"https:\/\/meditex.ee\/lt\/product\/carefix-ideklai\/#primaryimage"},"thumbnailUrl":"https:\/\/meditex.ee\/wp-content\/uploads\/2018\/03\/8108_puffs-for-marianne_white-background_adj-1.png","datePublished":"2026-02-04T14:01:03+00:00","dateModified":"2026-02-04T14:01:05+00:00","description":"\u012ed\u0117klai skirti naudoti liemen\u0117l\u0117se su ki\u0161en\u0117mis. Liemen\u0117l\u0117s \u012fd\u0117klo dyd\u012f galima keisti pa\u0161alinant reikiam\u0105 pluo\u0161to kiek\u012f.","breadcrumb":{"@id":"https:\/\/meditex.ee\/lt\/product\/carefix-ideklai\/#breadcrumb"},"inLanguage":"lt-LT","potentialAction":[{"@type":"ReadAction","target":["https:\/\/meditex.ee\/lt\/product\/carefix-ideklai\/"]}]},{"@type":"ImageObject","inLanguage":"lt-LT","@id":"https:\/\/meditex.ee\/lt\/product\/carefix-ideklai\/#primaryimage","url":"https:\/\/meditex.ee\/wp-content\/uploads\/2018\/03\/8108_puffs-for-marianne_white-background_adj-1.png","contentUrl":"https:\/\/meditex.ee\/wp-content\/uploads\/2018\/03\/8108_puffs-for-marianne_white-background_adj-1.png","width":850,"height":500},{"@type":"BreadcrumbList","@id":"https:\/\/meditex.ee\/lt\/product\/carefix-ideklai\/#breadcrumb","itemListElement":[{"@type":"ListItem","position":1,"name":"Home","item":"https:\/\/meditex.ee\/lt\/"},{"@type":"ListItem","position":2,"name":"Parduotuv\u0117","item":"https:\/\/meditex.ee\/lt\/parduotuve\/"},{"@type":"ListItem","position":3,"name":"Carefix \u012fd\u0117klai"}]},{"@type":"WebSite","@id":"https:\/\/meditex.ee\/en\/#website","url":"https:\/\/meditex.ee\/en\/","name":"Meditex","description":"","publisher":{"@id":"https:\/\/meditex.ee\/en\/#organization"},"potentialAction":[{"@type":"SearchAction","target":{"@type":"EntryPoint","urlTemplate":"https:\/\/meditex.ee\/en\/?s={search_term_string}"},"query-input":{"@type":"PropertyValueSpecification","valueRequired":true,"valueName":"search_term_string"}}],"inLanguage":"lt-LT"},{"@type":"Organization","@id":"https:\/\/meditex.ee\/en\/#organization","name":"Meditex","url":"https:\/\/meditex.ee\/en\/","logo":{"@type":"ImageObject","inLanguage":"lt-LT","@id":"https:\/\/meditex.ee\/en\/#\/schema\/logo\/image\/","url":"https:\/\/meditex.ee\/wp-content\/uploads\/2018\/03\/mdtx_logo.png","contentUrl":"https:\/\/meditex.ee\/wp-content\/uploads\/2018\/03\/mdtx_logo.png","width":669,"height":235,"caption":"Meditex"},"image":{"@id":"https:\/\/meditex.ee\/en\/#\/schema\/logo\/image\/"},"sameAs":["https:\/\/www.facebook.com\/meditexepood\/"]}]}},"_links":{"self":[{"href":"https:\/\/meditex.ee\/lt\/wp-json\/wp\/v2\/product\/19211","targetHints":{"allow":["GET"]}}],"collection":[{"href":"https:\/\/meditex.ee\/lt\/wp-json\/wp\/v2\/product"}],"about":[{"href":"https:\/\/meditex.ee\/lt\/wp-json\/wp\/v2\/types\/product"}],"wp:featuredmedia":[{"embeddable":true,"href":"https:\/\/meditex.ee\/lt\/wp-json\/wp\/v2\/media\/19215"}],"wp:attachment":[{"href":"https:\/\/meditex.ee\/lt\/wp-json\/wp\/v2\/media?parent=19211"}],"wp:term":[{"taxonomy":"product_brand","embeddable":true,"href":"https:\/\/meditex.ee\/lt\/wp-json\/wp\/v2\/product_brand?post=19211"},{"taxonomy":"product_cat","embeddable":true,"href":"https:\/\/meditex.ee\/lt\/wp-json\/wp\/v2\/product_cat?post=19211"},{"taxonomy":"product_tag","embeddable":true,"href":"https:\/\/meditex.ee\/lt\/wp-json\/wp\/v2\/product_tag?post=19211"}],"curies":[{"name":"wp","href":"https:\/\/api.w.org\/{rel}","templated":true}]}}