{"id":19170,"date":"2026-02-04T13:57:38","date_gmt":"2026-02-04T13:57:38","guid":{"rendered":"https:\/\/meditex.ee\/product\/carefix-mindy\/"},"modified":"2026-02-04T13:57:40","modified_gmt":"2026-02-04T13:57:40","slug":"carefix-mindy","status":"publish","type":"product","link":"https:\/\/meditex.ee\/lt\/produktas\/carefix-mindy\/","title":{"rendered":"Carefix Mindy"},"content":{"rendered":"<div class=\"row align-bottom\"  id=\"row-1763581560\">\n\n\t<div id=\"col-964090480\" class=\"col medium-5 small-12 large-5\"  >\n\t\t\t\t<div class=\"col-inner text-left\"  >\n\t\t\t\n\t\t\t\n<h3 style=\"text-align: left;\"><span style=\"color: #000000;\">KOMPRESIJOS LYGIS 3 \u2013 VIDUTINIS<\/span><\/h3>\n\t\t<\/div>\n\t\t\t\t\t<\/div>\n\n\t\n\n\t<div id=\"col-591771735\" class=\"col medium-3 small-12 large-3\"  >\n\t\t\t\t<div class=\"col-inner\"  >\n\t\t\t\n\t\t\t\n\t\t<\/div>\n\t\t\t\t\t<\/div>\n\n\t\n\n\t<div id=\"col-1581332431\" class=\"col medium-4 small-12 large-4\"  >\n\t\t\t\t<div class=\"col-inner text-right\"  >\n\t\t\t\n\t\t\t\n\t<div class=\"img has-hover x md-x lg-x y md-y lg-y\" id=\"image_598856716\">\n\t\t\t\t\t\t\t\t<div class=\"img-inner dark\" >\n\t\t\t<img decoding=\"async\" width=\"1020\" height=\"315\" src=\"https:\/\/meditex.ee\/wp-content\/uploads\/2018\/03\/CAREFIX_PAYOFF_4F-1400x433.png\" class=\"attachment-large size-large\" alt=\"\" srcset=\"https:\/\/meditex.ee\/wp-content\/uploads\/2018\/03\/CAREFIX_PAYOFF_4F-1400x433.png 1400w, https:\/\/meditex.ee\/wp-content\/uploads\/2018\/03\/CAREFIX_PAYOFF_4F-510x158.png 510w, https:\/\/meditex.ee\/wp-content\/uploads\/2018\/03\/CAREFIX_PAYOFF_4F-800x248.png 800w, https:\/\/meditex.ee\/wp-content\/uploads\/2018\/03\/CAREFIX_PAYOFF_4F-768x238.png 768w, https:\/\/meditex.ee\/wp-content\/uploads\/2018\/03\/CAREFIX_PAYOFF_4F-600x186.png 600w, https:\/\/meditex.ee\/wp-content\/uploads\/2018\/03\/CAREFIX_PAYOFF_4F.png 2038w\" sizes=\"(max-width: 1020px) 100vw, 1020px\" \/>\t\t\t\t\t\t\n\t\t\t\t\t<\/div>\n\t\t\t\t\t\t\t\t\n<style>\n#image_598856716 {\n  width: 40%;\n}\n<\/style>\n\t<\/div>\n\t\n\t\t<\/div>\n\t\t\t\t\t<\/div>\n\n\t\n<\/div>\n<p style=\"text-align: left;\" data-fontsize=\"16\" data-lineheight=\"19\"><span style=\"color: #000000;\"><strong>APRA\u0160YMAS:<\/strong> Mindy moteri\u0161ki mar\u0161kin\u0117liai turi integruotas atramines zonas geriausiems chirurginiams rezultatams pasiekti. Jie turi dvipuses ki\u0161enes Carefix u\u017epildams. Mindy moteri\u0161ki mar\u0161kin\u0117liai pasi\u017eymi optimaliu komfortu ir yra draugi\u0161ki odai.  <\/span><\/p>\n<p style=\"text-align: left;\" data-fontsize=\"16\" data-lineheight=\"19\"><span style=\"color: #000000;\">Mindy moteri\u0161ki mar\u0161kin\u0117liai apsaugo operuot\u0105 srit\u012f, taip pat suteikia atram\u0105 ir kompresij\u0105, pad\u0117dami pagerinti rando i\u0161vaizd\u0105, suma\u017einti patinim\u0173 ir chirurgini\u0173 komplikacij\u0173 rizik\u0105.<\/span><\/p>\n<p style=\"text-align: left;\" data-fontsize=\"16\" data-lineheight=\"19\"><span style=\"color: #000000;\">100% besi\u016blis audimas padidina naudojimo patogum\u0105, apsaugo nuo spaudimo ta\u0161k\u0173 ir audini\u0173 dirginimo, u\u017etikrindamas maksimal\u0173 odos draugi\u0161kum\u0105.<\/span><\/p>\n<p style=\"text-align: left;\" data-fontsize=\"16\" data-lineheight=\"19\"><span style=\"color: #000000;\">Rekomenduojama d\u0117v\u0117ti \u0161iuos mar\u0161kin\u0117lius, kai atkuriamas visi\u0161kas judrumas ir vartotojas gali pasiekti nugar\u0105 be jokio skausmo ar spaudimo \u017eaizdai.<\/span><\/p>\n<p style=\"text-align: left;\" data-fontsize=\"16\" data-lineheight=\"19\"><span style=\"color: #000000;\"><strong>AUDINIO SUD\u0116TIS:<\/strong> 91% poliamidas, 9% elastanas<\/span><\/p>\n<a href=\"https:\/\/meditex.ee\/suuruse-valimine-carefix\/\" class=\"button primary is-underline expand\" >\n\t\t<span>TEISINGO DYD\u017dIO PASIRINKIMAS<\/span>\n\t<\/a>\n\n\t<div class=\"img has-hover x md-x lg-x y md-y lg-y\" id=\"image_437286708\">\n\t\t\t\t\t\t\t\t<div class=\"img-inner dark\" >\n\t\t\t<img decoding=\"async\" width=\"1020\" height=\"281\" src=\"https:\/\/meditex.ee\/wp-content\/uploads\/2018\/03\/carefix-bra-sizechart_anna_alice_mindy_red-1200x331.jpg\" class=\"attachment-large size-large\" alt=\"\" srcset=\"https:\/\/meditex.ee\/wp-content\/uploads\/2018\/03\/carefix-bra-sizechart_anna_alice_mindy_red-1200x331.jpg 1200w, https:\/\/meditex.ee\/wp-content\/uploads\/2018\/03\/carefix-bra-sizechart_anna_alice_mindy_red-1200x331-510x141.jpg 510w, https:\/\/meditex.ee\/wp-content\/uploads\/2018\/03\/carefix-bra-sizechart_anna_alice_mindy_red-1200x331-800x221.jpg 800w, https:\/\/meditex.ee\/wp-content\/uploads\/2018\/03\/carefix-bra-sizechart_anna_alice_mindy_red-1200x331-768x212.jpg 768w, https:\/\/meditex.ee\/wp-content\/uploads\/2018\/03\/carefix-bra-sizechart_anna_alice_mindy_red-1200x331-600x166.jpg 600w\" sizes=\"(max-width: 1020px) 100vw, 1020px\" \/>\t\t\t\t\t\t\n\t\t\t\t\t<\/div>\n\t\t\t\t\t\t\t\t\n<style>\n#image_437286708 {\n  width: 100%;\n}\n<\/style>\n\t<\/div>\n\t\n\t<div id=\"gap-763780764\" class=\"gap-element clearfix\" style=\"display:block; height:auto;\">\n\t\t\n<style>\n#gap-763780764 {\n  padding-top: 30px;\n}\n<\/style>\n\t<\/div>\n\t\n<p style=\"text-align: left;\">Apie Carefix liemen\u0117li\u0173 savybes skaitykite pla\u010diau \u010dia <a href=\"https:\/\/meditex.ee\/carefix\/\">https:\/\/meditex.ee\/carefix\/<\/a><\/p>\n","protected":false},"excerpt":{"rendered":"<p style=\"text-align: left;\" data-fontsize=\"16\" data-lineheight=\"19\"><span style=\"font-size: 75%; color: #000000;\">Medicinin\u0117 priemon\u0117, skirta naudoti po kr\u016bties operacijos, kai atkuriamas visi\u0161kas judrumas. Turi ki\u0161enes Carefix u\u017epildams (u\u017epild\u0173 komplekte n\u0117ra). <\/span><\/p>\n","protected":false},"featured_media":19181,"template":"","meta":[],"product_brand":[],"product_cat":[603],"product_tag":[604],"class_list":{"0":"post-19170","1":"product","2":"type-product","3":"status-publish","4":"has-post-thumbnail","6":"product_cat-pooperacines-liemeneles","7":"product_tag-carefix","9":"first","10":"instock","11":"taxable","12":"shipping-taxable","13":"purchasable","14":"product-type-variable"},"yoast_head":"<!-- This site is optimized with the Yoast SEO plugin v27.3 - https:\/\/yoast.com\/product\/yoast-seo-wordpress\/ -->\n<title>Carefix Mindy pooperaciniai moteri\u0161ki mar\u0161kin\u0117liai - Meditex .ee internetin\u0117 parduotuv\u0117<\/title>\n<meta name=\"description\" content=\"Mindy moteri\u0161ki mar\u0161kin\u0117liai turi integruotas atramines zonas geriausiems chirurginiams rezultatams pasiekti. 100% besi\u016blis audimas padidina naudojimo patogum\u0105.\" \/>\n<meta name=\"robots\" content=\"index, follow, max-snippet:-1, max-image-preview:large, max-video-preview:-1\" \/>\n<link rel=\"canonical\" href=\"https:\/\/meditex.ee\/lt\/produktas\/carefix-mindy\/\" \/>\n<meta property=\"og:locale\" content=\"lt_LT\" \/>\n<meta property=\"og:type\" content=\"article\" \/>\n<meta property=\"og:title\" content=\"Carefix Mindy pooperaciniai moteri\u0161ki mar\u0161kin\u0117liai - Meditex .ee internetin\u0117 parduotuv\u0117\" \/>\n<meta property=\"og:description\" content=\"Mindy moteri\u0161ki mar\u0161kin\u0117liai turi integruotas atramines zonas geriausiems chirurginiams rezultatams pasiekti. 100% besi\u016blis audimas padidina naudojimo patogum\u0105.\" \/>\n<meta property=\"og:url\" content=\"https:\/\/meditex.ee\/lt\/produktas\/carefix-mindy\/\" \/>\n<meta property=\"og:site_name\" content=\"Meditex\" \/>\n<meta property=\"article:publisher\" content=\"https:\/\/www.facebook.com\/meditexepood\/\" \/>\n<meta property=\"article:modified_time\" content=\"2026-02-04T13:57:40+00:00\" \/>\n<meta property=\"og:image\" content=\"https:\/\/meditex.ee\/wp-content\/uploads\/2018\/04\/Mindy_3227_BL_Front_300-medium.jpg\" \/>\n\t<meta property=\"og:image:width\" content=\"1252\" \/>\n\t<meta property=\"og:image:height\" content=\"1600\" \/>\n\t<meta property=\"og:image:type\" content=\"image\/jpeg\" \/>\n<meta name=\"twitter:card\" content=\"summary_large_image\" \/>\n<meta name=\"twitter:label1\" content=\"Est. reading time\" \/>\n\t<meta name=\"twitter:data1\" content=\"1 minut\u0117\" \/>\n<script type=\"application\/ld+json\" class=\"yoast-schema-graph\">{\"@context\":\"https:\\\/\\\/schema.org\",\"@graph\":[{\"@type\":\"WebPage\",\"@id\":\"https:\\\/\\\/meditex.ee\\\/lt\\\/produktas\\\/carefix-mindy\\\/\",\"url\":\"https:\\\/\\\/meditex.ee\\\/lt\\\/produktas\\\/carefix-mindy\\\/\",\"name\":\"Carefix Mindy pooperaciniai moteri\u0161ki mar\u0161kin\u0117liai - Meditex .ee internetin\u0117 parduotuv\u0117\",\"isPartOf\":{\"@id\":\"https:\\\/\\\/meditex.ee\\\/en\\\/#website\"},\"primaryImageOfPage\":{\"@id\":\"https:\\\/\\\/meditex.ee\\\/lt\\\/produktas\\\/carefix-mindy\\\/#primaryimage\"},\"image\":{\"@id\":\"https:\\\/\\\/meditex.ee\\\/lt\\\/produktas\\\/carefix-mindy\\\/#primaryimage\"},\"thumbnailUrl\":\"https:\\\/\\\/meditex.ee\\\/wp-content\\\/uploads\\\/2018\\\/04\\\/Mindy_3227_BL_Front_300-medium.jpg\",\"datePublished\":\"2026-02-04T13:57:38+00:00\",\"dateModified\":\"2026-02-04T13:57:40+00:00\",\"description\":\"Mindy moteri\u0161ki mar\u0161kin\u0117liai turi integruotas atramines zonas geriausiems chirurginiams rezultatams pasiekti. 100% besi\u016blis audimas padidina naudojimo patogum\u0105.\",\"breadcrumb\":{\"@id\":\"https:\\\/\\\/meditex.ee\\\/lt\\\/produktas\\\/carefix-mindy\\\/#breadcrumb\"},\"inLanguage\":\"lt-LT\",\"potentialAction\":[{\"@type\":\"ReadAction\",\"target\":[\"https:\\\/\\\/meditex.ee\\\/lt\\\/produktas\\\/carefix-mindy\\\/\"]}]},{\"@type\":\"ImageObject\",\"inLanguage\":\"lt-LT\",\"@id\":\"https:\\\/\\\/meditex.ee\\\/lt\\\/produktas\\\/carefix-mindy\\\/#primaryimage\",\"url\":\"https:\\\/\\\/meditex.ee\\\/wp-content\\\/uploads\\\/2018\\\/04\\\/Mindy_3227_BL_Front_300-medium.jpg\",\"contentUrl\":\"https:\\\/\\\/meditex.ee\\\/wp-content\\\/uploads\\\/2018\\\/04\\\/Mindy_3227_BL_Front_300-medium.jpg\",\"width\":1252,\"height\":1600,\"caption\":\"Carefix Mindy pooperaciniai moteri\u0161ki mar\u0161kin\u0117liai\"},{\"@type\":\"BreadcrumbList\",\"@id\":\"https:\\\/\\\/meditex.ee\\\/lt\\\/produktas\\\/carefix-mindy\\\/#breadcrumb\",\"itemListElement\":[{\"@type\":\"ListItem\",\"position\":1,\"name\":\"Home\",\"item\":\"https:\\\/\\\/meditex.ee\\\/lt\\\/\"},{\"@type\":\"ListItem\",\"position\":2,\"name\":\"Parduotuv\u0117\",\"item\":\"https:\\\/\\\/meditex.ee\\\/lt\\\/parduotuve\\\/\"},{\"@type\":\"ListItem\",\"position\":3,\"name\":\"Carefix Mindy\"}]},{\"@type\":\"WebSite\",\"@id\":\"https:\\\/\\\/meditex.ee\\\/en\\\/#website\",\"url\":\"https:\\\/\\\/meditex.ee\\\/en\\\/\",\"name\":\"Meditex\",\"description\":\"\",\"publisher\":{\"@id\":\"https:\\\/\\\/meditex.ee\\\/en\\\/#organization\"},\"potentialAction\":[{\"@type\":\"SearchAction\",\"target\":{\"@type\":\"EntryPoint\",\"urlTemplate\":\"https:\\\/\\\/meditex.ee\\\/en\\\/?s={search_term_string}\"},\"query-input\":{\"@type\":\"PropertyValueSpecification\",\"valueRequired\":true,\"valueName\":\"search_term_string\"}}],\"inLanguage\":\"lt-LT\"},{\"@type\":\"Organization\",\"@id\":\"https:\\\/\\\/meditex.ee\\\/en\\\/#organization\",\"name\":\"Meditex\",\"url\":\"https:\\\/\\\/meditex.ee\\\/en\\\/\",\"logo\":{\"@type\":\"ImageObject\",\"inLanguage\":\"lt-LT\",\"@id\":\"https:\\\/\\\/meditex.ee\\\/en\\\/#\\\/schema\\\/logo\\\/image\\\/\",\"url\":\"https:\\\/\\\/meditex.ee\\\/wp-content\\\/uploads\\\/2018\\\/03\\\/mdtx_logo.png\",\"contentUrl\":\"https:\\\/\\\/meditex.ee\\\/wp-content\\\/uploads\\\/2018\\\/03\\\/mdtx_logo.png\",\"width\":669,\"height\":235,\"caption\":\"Meditex\"},\"image\":{\"@id\":\"https:\\\/\\\/meditex.ee\\\/en\\\/#\\\/schema\\\/logo\\\/image\\\/\"},\"sameAs\":[\"https:\\\/\\\/www.facebook.com\\\/meditexepood\\\/\"]}]}<\/script>\n<!-- \/ Yoast SEO plugin. -->","yoast_head_json":{"title":"Carefix Mindy pooperaciniai moteri\u0161ki mar\u0161kin\u0117liai - Meditex .ee internetin\u0117 parduotuv\u0117","description":"Mindy moteri\u0161ki mar\u0161kin\u0117liai turi integruotas atramines zonas geriausiems chirurginiams rezultatams pasiekti. 100% besi\u016blis audimas padidina naudojimo patogum\u0105.","robots":{"index":"index","follow":"follow","max-snippet":"max-snippet:-1","max-image-preview":"max-image-preview:large","max-video-preview":"max-video-preview:-1"},"canonical":"https:\/\/meditex.ee\/lt\/produktas\/carefix-mindy\/","og_locale":"lt_LT","og_type":"article","og_title":"Carefix Mindy pooperaciniai moteri\u0161ki mar\u0161kin\u0117liai - Meditex .ee internetin\u0117 parduotuv\u0117","og_description":"Mindy moteri\u0161ki mar\u0161kin\u0117liai turi integruotas atramines zonas geriausiems chirurginiams rezultatams pasiekti. 100% besi\u016blis audimas padidina naudojimo patogum\u0105.","og_url":"https:\/\/meditex.ee\/lt\/produktas\/carefix-mindy\/","og_site_name":"Meditex","article_publisher":"https:\/\/www.facebook.com\/meditexepood\/","article_modified_time":"2026-02-04T13:57:40+00:00","og_image":[{"width":1252,"height":1600,"url":"https:\/\/meditex.ee\/wp-content\/uploads\/2018\/04\/Mindy_3227_BL_Front_300-medium.jpg","type":"image\/jpeg"}],"twitter_card":"summary_large_image","twitter_misc":{"Est. reading time":"1 minut\u0117"},"schema":{"@context":"https:\/\/schema.org","@graph":[{"@type":"WebPage","@id":"https:\/\/meditex.ee\/lt\/produktas\/carefix-mindy\/","url":"https:\/\/meditex.ee\/lt\/produktas\/carefix-mindy\/","name":"Carefix Mindy pooperaciniai moteri\u0161ki mar\u0161kin\u0117liai - Meditex .ee internetin\u0117 parduotuv\u0117","isPartOf":{"@id":"https:\/\/meditex.ee\/en\/#website"},"primaryImageOfPage":{"@id":"https:\/\/meditex.ee\/lt\/produktas\/carefix-mindy\/#primaryimage"},"image":{"@id":"https:\/\/meditex.ee\/lt\/produktas\/carefix-mindy\/#primaryimage"},"thumbnailUrl":"https:\/\/meditex.ee\/wp-content\/uploads\/2018\/04\/Mindy_3227_BL_Front_300-medium.jpg","datePublished":"2026-02-04T13:57:38+00:00","dateModified":"2026-02-04T13:57:40+00:00","description":"Mindy moteri\u0161ki mar\u0161kin\u0117liai turi integruotas atramines zonas geriausiems chirurginiams rezultatams pasiekti. 100% besi\u016blis audimas padidina naudojimo patogum\u0105.","breadcrumb":{"@id":"https:\/\/meditex.ee\/lt\/produktas\/carefix-mindy\/#breadcrumb"},"inLanguage":"lt-LT","potentialAction":[{"@type":"ReadAction","target":["https:\/\/meditex.ee\/lt\/produktas\/carefix-mindy\/"]}]},{"@type":"ImageObject","inLanguage":"lt-LT","@id":"https:\/\/meditex.ee\/lt\/produktas\/carefix-mindy\/#primaryimage","url":"https:\/\/meditex.ee\/wp-content\/uploads\/2018\/04\/Mindy_3227_BL_Front_300-medium.jpg","contentUrl":"https:\/\/meditex.ee\/wp-content\/uploads\/2018\/04\/Mindy_3227_BL_Front_300-medium.jpg","width":1252,"height":1600,"caption":"Carefix Mindy pooperaciniai moteri\u0161ki mar\u0161kin\u0117liai"},{"@type":"BreadcrumbList","@id":"https:\/\/meditex.ee\/lt\/produktas\/carefix-mindy\/#breadcrumb","itemListElement":[{"@type":"ListItem","position":1,"name":"Home","item":"https:\/\/meditex.ee\/lt\/"},{"@type":"ListItem","position":2,"name":"Parduotuv\u0117","item":"https:\/\/meditex.ee\/lt\/parduotuve\/"},{"@type":"ListItem","position":3,"name":"Carefix Mindy"}]},{"@type":"WebSite","@id":"https:\/\/meditex.ee\/en\/#website","url":"https:\/\/meditex.ee\/en\/","name":"Meditex","description":"","publisher":{"@id":"https:\/\/meditex.ee\/en\/#organization"},"potentialAction":[{"@type":"SearchAction","target":{"@type":"EntryPoint","urlTemplate":"https:\/\/meditex.ee\/en\/?s={search_term_string}"},"query-input":{"@type":"PropertyValueSpecification","valueRequired":true,"valueName":"search_term_string"}}],"inLanguage":"lt-LT"},{"@type":"Organization","@id":"https:\/\/meditex.ee\/en\/#organization","name":"Meditex","url":"https:\/\/meditex.ee\/en\/","logo":{"@type":"ImageObject","inLanguage":"lt-LT","@id":"https:\/\/meditex.ee\/en\/#\/schema\/logo\/image\/","url":"https:\/\/meditex.ee\/wp-content\/uploads\/2018\/03\/mdtx_logo.png","contentUrl":"https:\/\/meditex.ee\/wp-content\/uploads\/2018\/03\/mdtx_logo.png","width":669,"height":235,"caption":"Meditex"},"image":{"@id":"https:\/\/meditex.ee\/en\/#\/schema\/logo\/image\/"},"sameAs":["https:\/\/www.facebook.com\/meditexepood\/"]}]}},"_links":{"self":[{"href":"https:\/\/meditex.ee\/lt\/wp-json\/wp\/v2\/product\/19170","targetHints":{"allow":["GET"]}}],"collection":[{"href":"https:\/\/meditex.ee\/lt\/wp-json\/wp\/v2\/product"}],"about":[{"href":"https:\/\/meditex.ee\/lt\/wp-json\/wp\/v2\/types\/product"}],"wp:featuredmedia":[{"embeddable":true,"href":"https:\/\/meditex.ee\/lt\/wp-json\/wp\/v2\/media\/19181"}],"wp:attachment":[{"href":"https:\/\/meditex.ee\/lt\/wp-json\/wp\/v2\/media?parent=19170"}],"wp:term":[{"taxonomy":"product_brand","embeddable":true,"href":"https:\/\/meditex.ee\/lt\/wp-json\/wp\/v2\/product_brand?post=19170"},{"taxonomy":"product_cat","embeddable":true,"href":"https:\/\/meditex.ee\/lt\/wp-json\/wp\/v2\/product_cat?post=19170"},{"taxonomy":"product_tag","embeddable":true,"href":"https:\/\/meditex.ee\/lt\/wp-json\/wp\/v2\/product_tag?post=19170"}],"curies":[{"name":"wp","href":"https:\/\/api.w.org\/{rel}","templated":true}]}}