{"id":19152,"date":"2018-04-03T09:14:08","date_gmt":"2018-04-03T09:14:08","guid":{"rendered":"https:\/\/meditex.ee\/product\/carefix-implantu-stabilizuojantis-dirzas\/"},"modified":"2026-02-04T13:57:29","modified_gmt":"2026-02-04T13:57:29","slug":"carefix-implantu-stabilizuojantis-dirzas","status":"publish","type":"product","link":"https:\/\/meditex.ee\/lt\/produktas\/carefix-implantu-stabilizuojantis-dirzas\/","title":{"rendered":"Carefix implant\u0173 stabilizuojantis dir\u017eas"},"content":{"rendered":"<div class=\"row align-bottom\"  id=\"row-1308949679\">\n\n\t<div id=\"col-1430762709\" class=\"col medium-4 small-12 large-4\"  >\n\t\t\t\t<div class=\"col-inner\"  >\n\t\t\t\n\t\t\t\n\t\t<\/div>\n\t\t\t\t\t<\/div>\n\n\t\n\n\t<div id=\"col-1366379154\" class=\"col medium-4 small-12 large-4\"  >\n\t\t\t\t<div class=\"col-inner\"  >\n\t\t\t\n\t\t\t\n\t\t<\/div>\n\t\t\t\t\t<\/div>\n\n\t\n\n\t<div id=\"col-1537837130\" class=\"col medium-4 small-12 large-4\"  >\n\t\t\t\t<div class=\"col-inner text-right\"  >\n\t\t\t\n\t\t\t\n\t<div class=\"img has-hover x md-x lg-x y md-y lg-y\" id=\"image_771732221\">\n\t\t\t\t\t\t\t\t<div class=\"img-inner dark\" >\n\t\t\t<img decoding=\"async\" width=\"1020\" height=\"315\" src=\"https:\/\/meditex.ee\/wp-content\/uploads\/2018\/03\/CAREFIX_PAYOFF_4F-1400x433.png\" class=\"attachment-large size-large\" alt=\"\" srcset=\"https:\/\/meditex.ee\/wp-content\/uploads\/2018\/03\/CAREFIX_PAYOFF_4F-1400x433.png 1400w, https:\/\/meditex.ee\/wp-content\/uploads\/2018\/03\/CAREFIX_PAYOFF_4F-510x158.png 510w, https:\/\/meditex.ee\/wp-content\/uploads\/2018\/03\/CAREFIX_PAYOFF_4F-800x248.png 800w, https:\/\/meditex.ee\/wp-content\/uploads\/2018\/03\/CAREFIX_PAYOFF_4F-768x238.png 768w, https:\/\/meditex.ee\/wp-content\/uploads\/2018\/03\/CAREFIX_PAYOFF_4F-600x186.png 600w, https:\/\/meditex.ee\/wp-content\/uploads\/2018\/03\/CAREFIX_PAYOFF_4F.png 2038w\" sizes=\"(max-width: 1020px) 100vw, 1020px\" \/>\t\t\t\t\t\t\n\t\t\t\t\t<\/div>\n\t\t\t\t\t\t\t\t\n<style>\n#image_771732221 {\n  width: 50%;\n}\n<\/style>\n\t<\/div>\n\t\n\t\t<\/div>\n\t\t\t\t\t<\/div>\n\n\t\n<\/div>\n<p class=\"western\" style=\"text-align: left;\"><span style=\"font-size: 105%; color: #000000;\"><strong><span style=\"font-family: Arial, serif;\">KIRJELDUS: <\/span><\/strong><span style=\"font-family: 'HelveticaNeueLT Std Lt', sans-serif;\">Implantaadi stabiliseerivi v\u00f6\u00f6 on loodud rinnaimplantaatide stabiliseerimiseks ja paigutamiseks rindade suurendamise j\u00e4rel. Tootel on eest reguleeritav takjakinnitus jning see on valmistatud pehmest hingavast materjalist. V\u00f6\u00f6 pakub ideaalse tasakaalu mugavuse ja kompressiooni vahel. Implantaadi stabilisaatori v\u00f6\u00f6d on lihtne kasutada ja kohaldada.<\/span><\/span><\/p>\n<p class=\"western\" style=\"text-align: left;\"><span style=\"font-size: 105%; color: #000000;\"><strong><span style=\"font-family: Arial, serif;\">KOOSTIS:<\/span><\/strong><span style=\"font-family: Arial, serif;\"> 62% pol\u00fcamiid, 29% viskoos, 9% elastaan<\/span><\/span><\/p>\n<p class=\"western\" style=\"text-align: left;\"><span style=\"font-size: 105%; color: #000000;\"><strong><span style=\"font-family: Arial, serif;\">SUURUS:<\/span><\/strong><span style=\"font-family: Arial, serif;\">\u00a090X9,5 \u0441\u043c<\/span><\/span><\/p>\n<p class=\"western\" style=\"text-align: left;\"><span style=\"color: #333399; font-size: 105%;\"><strong><span style=\"font-family: Arial, serif;\">KOKKUSOBIVAD TOOTED:<\/span><\/strong><\/span><\/p>\n<div class=\"row row-full-width align-equal align-center\"  id=\"row-861443132\">\n\n\t<div id=\"col-120625025\" class=\"col medium-3 small-6 large-3\"  >\n\t\t\t\t<div class=\"col-inner text-center\"  >\n\t\t\t\n\t\t\t\n\t<div class=\"box has-hover   has-hover box-text-bottom\" >\n\n\t\t<div class=\"box-image\" >\n\t\t\t<a href=\"https:\/\/meditex.ee\/toode\/ava\/\" >\t\t\t<div class=\"\" >\n\t\t\t\t<img decoding=\"async\" width=\"600\" height=\"767\" src=\"https:\/\/meditex.ee\/wp-content\/uploads\/2018\/03\/ava_3444_wh_front_100.jpg\" class=\"attachment- size-\" alt=\"\" srcset=\"https:\/\/meditex.ee\/wp-content\/uploads\/2018\/03\/ava_3444_wh_front_100.jpg 600w, https:\/\/meditex.ee\/wp-content\/uploads\/2018\/03\/ava_3444_wh_front_100-510x652.jpg 510w, https:\/\/meditex.ee\/wp-content\/uploads\/2018\/03\/ava_3444_wh_front_100-313x400.jpg 313w\" sizes=\"(max-width: 600px) 100vw, 600px\" \/>\t\t\t\t\t\t\t\t\t\t\t<\/div>\n\t\t\t<\/a>\t\t<\/div>\n\n\t\t<div class=\"box-text text-center\" >\n\t\t\t<div class=\"box-text-inner\">\n\t\t\t\t\n<h3 style=\"text-align: center;\"><a href=\"https:\/\/meditex.ee\/toode\/ava\/\"><span style=\"color: #000000;\">AVA<\/span><\/a><\/h3>\n\t\t\t<\/div>\n\t\t<\/div>\n\t<\/div>\n\t\n\t\t<\/div>\n\t\t\t\t\t<\/div>\n\n\t\n\n\t<div id=\"col-107586109\" class=\"col medium-3 small-6 large-3\"  >\n\t\t\t\t<div class=\"col-inner text-center\"  >\n\t\t\t\n\t\t\t\n\t<div class=\"box has-hover   has-hover box-text-bottom\" >\n\n\t\t<div class=\"box-image\" >\n\t\t\t<a href=\"https:\/\/meditex.ee\/toode\/alice\/\" >\t\t\t<div class=\"\" >\n\t\t\t\t<img decoding=\"async\" width=\"400\" height=\"532\" src=\"https:\/\/meditex.ee\/wp-content\/uploads\/2018\/04\/alice_3291_bl_front_100-400x532.jpg\" class=\"attachment- size-\" alt=\"\" srcset=\"https:\/\/meditex.ee\/wp-content\/uploads\/2018\/04\/alice_3291_bl_front_100-400x532.jpg 400w, https:\/\/meditex.ee\/wp-content\/uploads\/2018\/04\/alice_3291_bl_front_100-400x532-301x400.jpg 301w\" sizes=\"(max-width: 400px) 100vw, 400px\" \/>\t\t\t\t\t\t\t\t\t\t\t<\/div>\n\t\t\t<\/a>\t\t<\/div>\n\n\t\t<div class=\"box-text text-center\" >\n\t\t\t<div class=\"box-text-inner\">\n\t\t\t\t\n<h3 style=\"text-align: center;\"><a href=\"https:\/\/meditex.ee\/toode\/alice\/\"><span style=\"color: #000000;\">ALICE<\/span><\/a><\/h3>\n\t\t\t<\/div>\n\t\t<\/div>\n\t<\/div>\n\t\n\t\t<\/div>\n\t\t\t\t\t<\/div>\n\n\t\n\n\t<div id=\"col-1840879567\" class=\"col medium-3 small-6 large-3\"  >\n\t\t\t\t<div class=\"col-inner text-center\"  >\n\t\t\t\n\t\t\t\n\t<div class=\"box has-hover   has-hover box-text-bottom\" >\n\n\t\t<div class=\"box-image\" >\n\t\t\t<a href=\"https:\/\/meditex.ee\/toode\/mary\/\" >\t\t\t<div class=\"\" >\n\t\t\t\t<img decoding=\"async\" width=\"600\" height=\"767\" src=\"https:\/\/meditex.ee\/wp-content\/uploads\/2018\/03\/mary_3343_wh2_front_100.jpg\" class=\"attachment- size-\" alt=\"\" srcset=\"https:\/\/meditex.ee\/wp-content\/uploads\/2018\/03\/mary_3343_wh2_front_100.jpg 600w, https:\/\/meditex.ee\/wp-content\/uploads\/2018\/03\/mary_3343_wh2_front_100-510x652.jpg 510w, https:\/\/meditex.ee\/wp-content\/uploads\/2018\/03\/mary_3343_wh2_front_100-313x400.jpg 313w\" sizes=\"(max-width: 600px) 100vw, 600px\" \/>\t\t\t\t\t\t\t\t\t\t\t<\/div>\n\t\t\t<\/a>\t\t<\/div>\n\n\t\t<div class=\"box-text text-center\" >\n\t\t\t<div class=\"box-text-inner\">\n\t\t\t\t\n<h3 style=\"text-align: center;\"><a href=\"https:\/\/meditex.ee\/toode\/mary\/\"><span style=\"color: #000000;\">MARY<\/span><\/a><\/h3>\n\t\t\t<\/div>\n\t\t<\/div>\n\t<\/div>\n\t\n\t\t<\/div>\n\t\t\t\t\t<\/div>\n\n\t\n\n\t<div id=\"col-1457962309\" class=\"col medium-3 small-6 large-3\"  >\n\t\t\t\t<div class=\"col-inner text-center\"  >\n\t\t\t\n\t\t\t\n\t<div class=\"box has-hover   has-hover box-text-bottom\" >\n\n\t\t<div class=\"box-image\" >\n\t\t\t<a href=\"https:\/\/meditex.ee\/toode\/bella\/\" >\t\t\t<div class=\"\" >\n\t\t\t\t<img decoding=\"async\" width=\"600\" height=\"767\" src=\"https:\/\/meditex.ee\/wp-content\/uploads\/2018\/04\/bella_3212_wh_front_100.jpg\" class=\"attachment- size-\" alt=\"\" srcset=\"https:\/\/meditex.ee\/wp-content\/uploads\/2018\/04\/bella_3212_wh_front_100.jpg 600w, https:\/\/meditex.ee\/wp-content\/uploads\/2018\/04\/bella_3212_wh_front_100-510x652.jpg 510w, https:\/\/meditex.ee\/wp-content\/uploads\/2018\/04\/bella_3212_wh_front_100-313x400.jpg 313w\" sizes=\"(max-width: 600px) 100vw, 600px\" \/>\t\t\t\t\t\t\t\t\t\t\t<\/div>\n\t\t\t<\/a>\t\t<\/div>\n\n\t\t<div class=\"box-text text-center\" >\n\t\t\t<div class=\"box-text-inner\">\n\t\t\t\t\n<h3 style=\"text-align: center;\"><a href=\"https:\/\/meditex.ee\/toode\/bella\/\"><span style=\"color: #000000;\">BELLA<\/span><\/a><\/h3>\n\t\t\t<\/div>\n\t\t<\/div>\n\t<\/div>\n\t\n\t\t<\/div>\n\t\t\t\t\t<\/div>\n\n\t\n<\/div>\n","protected":false},"excerpt":{"rendered":"<p style=\"text-align: left;\" align=\"justify\"><span style=\"color: #000000; font-size: 75%;\"><span style=\"font-family: HelveticaNeueLT Std Lt, sans-serif;\">Kr\u016bties implant\u0173 stabilizavimui ir pozicionavimui optimalaus chirurginio rezultato ir eleganti\u0161kai formuot\u0173 kr\u016bt\u0173 pasiekimui.<\/span><\/span><\/p>\n","protected":false},"featured_media":19153,"template":"","meta":[],"product_brand":[],"product_cat":[617],"product_tag":[604],"class_list":{"0":"post-19152","1":"product","2":"type-product","3":"status-publish","4":"has-post-thumbnail","6":"product_cat-papildomi-produktai","7":"product_tag-carefix","9":"first","10":"instock","11":"taxable","12":"shipping-taxable","13":"purchasable","14":"product-type-variable","15":"has-default-attributes"},"yoast_head":"<!-- This site is optimized with the Yoast SEO plugin v27.3 - https:\/\/yoast.com\/product\/yoast-seo-wordpress\/ -->\n<title>Carefix implant\u0173 stabilizuojantis dir\u017eas<\/title>\n<meta name=\"description\" content=\"Kr\u016bties implant\u0173 stabilizavimui po kr\u016bties didinimo. Priekyje reguliuojamas u\u017esegimas, pagamintas i\u0161 mink\u0161tos kv\u0117puojan\u010dios med\u017eiagos.\" \/>\n<meta name=\"robots\" content=\"index, follow, max-snippet:-1, max-image-preview:large, max-video-preview:-1\" \/>\n<link rel=\"canonical\" href=\"https:\/\/meditex.ee\/lt\/product\/carefix-implantu-stabilizuojantis-dirzas\/\" \/>\n<meta property=\"og:locale\" content=\"lt_LT\" \/>\n<meta property=\"og:type\" content=\"article\" \/>\n<meta property=\"og:title\" content=\"Carefix implant\u0173 stabilizuojantis dir\u017eas\" \/>\n<meta property=\"og:description\" content=\"Kr\u016bties implant\u0173 stabilizavimui po kr\u016bties didinimo. Priekyje reguliuojamas u\u017esegimas, pagamintas i\u0161 mink\u0161tos kv\u0117puojan\u010dios med\u017eiagos.\" \/>\n<meta property=\"og:url\" content=\"https:\/\/meditex.ee\/lt\/product\/carefix-implantu-stabilizuojantis-dirzas\/\" \/>\n<meta property=\"og:site_name\" content=\"Meditex\" \/>\n<meta property=\"article:publisher\" content=\"https:\/\/www.facebook.com\/meditexepood\/\" \/>\n<meta property=\"article:modified_time\" content=\"2026-02-04T13:57:29+00:00\" \/>\n<meta property=\"og:image\" content=\"https:\/\/meditex.ee\/wp-content\/uploads\/2018\/04\/isb_8113_black_front_100.jpg\" \/>\n\t<meta property=\"og:image:width\" content=\"600\" \/>\n\t<meta property=\"og:image:height\" content=\"639\" \/>\n\t<meta property=\"og:image:type\" content=\"image\/jpeg\" \/>\n<meta name=\"twitter:card\" content=\"summary_large_image\" \/>\n<meta name=\"twitter:label1\" content=\"Est. reading time\" \/>\n\t<meta name=\"twitter:data1\" content=\"1 minut\u0117\" \/>\n<script type=\"application\/ld+json\" class=\"yoast-schema-graph\">{\"@context\":\"https:\\\/\\\/schema.org\",\"@graph\":[{\"@type\":\"WebPage\",\"@id\":\"https:\\\/\\\/meditex.ee\\\/lt\\\/product\\\/carefix-implantu-stabilizuojantis-dirzas\\\/\",\"url\":\"https:\\\/\\\/meditex.ee\\\/lt\\\/product\\\/carefix-implantu-stabilizuojantis-dirzas\\\/\",\"name\":\"Carefix implant\u0173 stabilizuojantis dir\u017eas\",\"isPartOf\":{\"@id\":\"https:\\\/\\\/meditex.ee\\\/en\\\/#website\"},\"primaryImageOfPage\":{\"@id\":\"https:\\\/\\\/meditex.ee\\\/lt\\\/product\\\/carefix-implantu-stabilizuojantis-dirzas\\\/#primaryimage\"},\"image\":{\"@id\":\"https:\\\/\\\/meditex.ee\\\/lt\\\/product\\\/carefix-implantu-stabilizuojantis-dirzas\\\/#primaryimage\"},\"thumbnailUrl\":\"https:\\\/\\\/meditex.ee\\\/wp-content\\\/uploads\\\/2018\\\/04\\\/isb_8113_black_front_100.jpg\",\"datePublished\":\"2018-04-03T09:14:08+00:00\",\"dateModified\":\"2026-02-04T13:57:29+00:00\",\"description\":\"Kr\u016bties implant\u0173 stabilizavimui po kr\u016bties didinimo. Priekyje reguliuojamas u\u017esegimas, pagamintas i\u0161 mink\u0161tos kv\u0117puojan\u010dios med\u017eiagos.\",\"breadcrumb\":{\"@id\":\"https:\\\/\\\/meditex.ee\\\/lt\\\/product\\\/carefix-implantu-stabilizuojantis-dirzas\\\/#breadcrumb\"},\"inLanguage\":\"lt-LT\",\"potentialAction\":[{\"@type\":\"ReadAction\",\"target\":[\"https:\\\/\\\/meditex.ee\\\/lt\\\/product\\\/carefix-implantu-stabilizuojantis-dirzas\\\/\"]}]},{\"@type\":\"ImageObject\",\"inLanguage\":\"lt-LT\",\"@id\":\"https:\\\/\\\/meditex.ee\\\/lt\\\/product\\\/carefix-implantu-stabilizuojantis-dirzas\\\/#primaryimage\",\"url\":\"https:\\\/\\\/meditex.ee\\\/wp-content\\\/uploads\\\/2018\\\/04\\\/isb_8113_black_front_100.jpg\",\"contentUrl\":\"https:\\\/\\\/meditex.ee\\\/wp-content\\\/uploads\\\/2018\\\/04\\\/isb_8113_black_front_100.jpg\",\"width\":600,\"height\":639,\"caption\":\"Po kr\u016bties implant\u0173 \u012fstatymo atsigavimui naudojamas stabilizuojantis dir\u017eas.\"},{\"@type\":\"BreadcrumbList\",\"@id\":\"https:\\\/\\\/meditex.ee\\\/lt\\\/product\\\/carefix-implantu-stabilizuojantis-dirzas\\\/#breadcrumb\",\"itemListElement\":[{\"@type\":\"ListItem\",\"position\":1,\"name\":\"Home\",\"item\":\"https:\\\/\\\/meditex.ee\\\/lt\\\/\"},{\"@type\":\"ListItem\",\"position\":2,\"name\":\"Parduotuv\u0117\",\"item\":\"https:\\\/\\\/meditex.ee\\\/lt\\\/parduotuve\\\/\"},{\"@type\":\"ListItem\",\"position\":3,\"name\":\"Carefix implant\u0173 stabilizuojantis dir\u017eas\"}]},{\"@type\":\"WebSite\",\"@id\":\"https:\\\/\\\/meditex.ee\\\/en\\\/#website\",\"url\":\"https:\\\/\\\/meditex.ee\\\/en\\\/\",\"name\":\"Meditex\",\"description\":\"\",\"publisher\":{\"@id\":\"https:\\\/\\\/meditex.ee\\\/en\\\/#organization\"},\"potentialAction\":[{\"@type\":\"SearchAction\",\"target\":{\"@type\":\"EntryPoint\",\"urlTemplate\":\"https:\\\/\\\/meditex.ee\\\/en\\\/?s={search_term_string}\"},\"query-input\":{\"@type\":\"PropertyValueSpecification\",\"valueRequired\":true,\"valueName\":\"search_term_string\"}}],\"inLanguage\":\"lt-LT\"},{\"@type\":\"Organization\",\"@id\":\"https:\\\/\\\/meditex.ee\\\/en\\\/#organization\",\"name\":\"Meditex\",\"url\":\"https:\\\/\\\/meditex.ee\\\/en\\\/\",\"logo\":{\"@type\":\"ImageObject\",\"inLanguage\":\"lt-LT\",\"@id\":\"https:\\\/\\\/meditex.ee\\\/en\\\/#\\\/schema\\\/logo\\\/image\\\/\",\"url\":\"https:\\\/\\\/meditex.ee\\\/wp-content\\\/uploads\\\/2018\\\/03\\\/mdtx_logo.png\",\"contentUrl\":\"https:\\\/\\\/meditex.ee\\\/wp-content\\\/uploads\\\/2018\\\/03\\\/mdtx_logo.png\",\"width\":669,\"height\":235,\"caption\":\"Meditex\"},\"image\":{\"@id\":\"https:\\\/\\\/meditex.ee\\\/en\\\/#\\\/schema\\\/logo\\\/image\\\/\"},\"sameAs\":[\"https:\\\/\\\/www.facebook.com\\\/meditexepood\\\/\"]}]}<\/script>\n<!-- \/ Yoast SEO plugin. -->","yoast_head_json":{"title":"Carefix implant\u0173 stabilizuojantis dir\u017eas","description":"Kr\u016bties implant\u0173 stabilizavimui po kr\u016bties didinimo. Priekyje reguliuojamas u\u017esegimas, pagamintas i\u0161 mink\u0161tos kv\u0117puojan\u010dios med\u017eiagos.","robots":{"index":"index","follow":"follow","max-snippet":"max-snippet:-1","max-image-preview":"max-image-preview:large","max-video-preview":"max-video-preview:-1"},"canonical":"https:\/\/meditex.ee\/lt\/product\/carefix-implantu-stabilizuojantis-dirzas\/","og_locale":"lt_LT","og_type":"article","og_title":"Carefix implant\u0173 stabilizuojantis dir\u017eas","og_description":"Kr\u016bties implant\u0173 stabilizavimui po kr\u016bties didinimo. Priekyje reguliuojamas u\u017esegimas, pagamintas i\u0161 mink\u0161tos kv\u0117puojan\u010dios med\u017eiagos.","og_url":"https:\/\/meditex.ee\/lt\/product\/carefix-implantu-stabilizuojantis-dirzas\/","og_site_name":"Meditex","article_publisher":"https:\/\/www.facebook.com\/meditexepood\/","article_modified_time":"2026-02-04T13:57:29+00:00","og_image":[{"width":600,"height":639,"url":"https:\/\/meditex.ee\/wp-content\/uploads\/2018\/04\/isb_8113_black_front_100.jpg","type":"image\/jpeg"}],"twitter_card":"summary_large_image","twitter_misc":{"Est. reading time":"1 minut\u0117"},"schema":{"@context":"https:\/\/schema.org","@graph":[{"@type":"WebPage","@id":"https:\/\/meditex.ee\/lt\/product\/carefix-implantu-stabilizuojantis-dirzas\/","url":"https:\/\/meditex.ee\/lt\/product\/carefix-implantu-stabilizuojantis-dirzas\/","name":"Carefix implant\u0173 stabilizuojantis dir\u017eas","isPartOf":{"@id":"https:\/\/meditex.ee\/en\/#website"},"primaryImageOfPage":{"@id":"https:\/\/meditex.ee\/lt\/product\/carefix-implantu-stabilizuojantis-dirzas\/#primaryimage"},"image":{"@id":"https:\/\/meditex.ee\/lt\/product\/carefix-implantu-stabilizuojantis-dirzas\/#primaryimage"},"thumbnailUrl":"https:\/\/meditex.ee\/wp-content\/uploads\/2018\/04\/isb_8113_black_front_100.jpg","datePublished":"2018-04-03T09:14:08+00:00","dateModified":"2026-02-04T13:57:29+00:00","description":"Kr\u016bties implant\u0173 stabilizavimui po kr\u016bties didinimo. Priekyje reguliuojamas u\u017esegimas, pagamintas i\u0161 mink\u0161tos kv\u0117puojan\u010dios med\u017eiagos.","breadcrumb":{"@id":"https:\/\/meditex.ee\/lt\/product\/carefix-implantu-stabilizuojantis-dirzas\/#breadcrumb"},"inLanguage":"lt-LT","potentialAction":[{"@type":"ReadAction","target":["https:\/\/meditex.ee\/lt\/product\/carefix-implantu-stabilizuojantis-dirzas\/"]}]},{"@type":"ImageObject","inLanguage":"lt-LT","@id":"https:\/\/meditex.ee\/lt\/product\/carefix-implantu-stabilizuojantis-dirzas\/#primaryimage","url":"https:\/\/meditex.ee\/wp-content\/uploads\/2018\/04\/isb_8113_black_front_100.jpg","contentUrl":"https:\/\/meditex.ee\/wp-content\/uploads\/2018\/04\/isb_8113_black_front_100.jpg","width":600,"height":639,"caption":"Po kr\u016bties implant\u0173 \u012fstatymo atsigavimui naudojamas stabilizuojantis dir\u017eas."},{"@type":"BreadcrumbList","@id":"https:\/\/meditex.ee\/lt\/product\/carefix-implantu-stabilizuojantis-dirzas\/#breadcrumb","itemListElement":[{"@type":"ListItem","position":1,"name":"Home","item":"https:\/\/meditex.ee\/lt\/"},{"@type":"ListItem","position":2,"name":"Parduotuv\u0117","item":"https:\/\/meditex.ee\/lt\/parduotuve\/"},{"@type":"ListItem","position":3,"name":"Carefix implant\u0173 stabilizuojantis dir\u017eas"}]},{"@type":"WebSite","@id":"https:\/\/meditex.ee\/en\/#website","url":"https:\/\/meditex.ee\/en\/","name":"Meditex","description":"","publisher":{"@id":"https:\/\/meditex.ee\/en\/#organization"},"potentialAction":[{"@type":"SearchAction","target":{"@type":"EntryPoint","urlTemplate":"https:\/\/meditex.ee\/en\/?s={search_term_string}"},"query-input":{"@type":"PropertyValueSpecification","valueRequired":true,"valueName":"search_term_string"}}],"inLanguage":"lt-LT"},{"@type":"Organization","@id":"https:\/\/meditex.ee\/en\/#organization","name":"Meditex","url":"https:\/\/meditex.ee\/en\/","logo":{"@type":"ImageObject","inLanguage":"lt-LT","@id":"https:\/\/meditex.ee\/en\/#\/schema\/logo\/image\/","url":"https:\/\/meditex.ee\/wp-content\/uploads\/2018\/03\/mdtx_logo.png","contentUrl":"https:\/\/meditex.ee\/wp-content\/uploads\/2018\/03\/mdtx_logo.png","width":669,"height":235,"caption":"Meditex"},"image":{"@id":"https:\/\/meditex.ee\/en\/#\/schema\/logo\/image\/"},"sameAs":["https:\/\/www.facebook.com\/meditexepood\/"]}]}},"_links":{"self":[{"href":"https:\/\/meditex.ee\/lt\/wp-json\/wp\/v2\/product\/19152","targetHints":{"allow":["GET"]}}],"collection":[{"href":"https:\/\/meditex.ee\/lt\/wp-json\/wp\/v2\/product"}],"about":[{"href":"https:\/\/meditex.ee\/lt\/wp-json\/wp\/v2\/types\/product"}],"wp:featuredmedia":[{"embeddable":true,"href":"https:\/\/meditex.ee\/lt\/wp-json\/wp\/v2\/media\/19153"}],"wp:attachment":[{"href":"https:\/\/meditex.ee\/lt\/wp-json\/wp\/v2\/media?parent=19152"}],"wp:term":[{"taxonomy":"product_brand","embeddable":true,"href":"https:\/\/meditex.ee\/lt\/wp-json\/wp\/v2\/product_brand?post=19152"},{"taxonomy":"product_cat","embeddable":true,"href":"https:\/\/meditex.ee\/lt\/wp-json\/wp\/v2\/product_cat?post=19152"},{"taxonomy":"product_tag","embeddable":true,"href":"https:\/\/meditex.ee\/lt\/wp-json\/wp\/v2\/product_tag?post=19152"}],"curies":[{"name":"wp","href":"https:\/\/api.w.org\/{rel}","templated":true}]}}