{"id":19136,"date":"2026-02-04T13:57:17","date_gmt":"2026-02-04T13:57:17","guid":{"rendered":"https:\/\/meditex.ee\/product\/corsinel-dirzas-20\/"},"modified":"2026-02-04T13:57:18","modified_gmt":"2026-02-04T13:57:18","slug":"corsinel-dirzas-20","status":"publish","type":"product","link":"https:\/\/meditex.ee\/lt\/produktas\/corsinel-dirzas-20\/","title":{"rendered":"Corsinel dir\u017eas 20"},"content":{"rendered":"<div class=\"row row-small align-bottom\"  id=\"row-949933640\">\n\n\t<div id=\"col-48262591\" class=\"col medium-4 small-12 large-4\"  >\n\t\t\t\t<div class=\"col-inner\"  >\n\t\t\t\n\t\t\t\n\t<div class=\"img has-hover x md-x lg-x y md-y lg-y\" id=\"image_497439476\">\n\t\t\t\t\t\t\t\t<div class=\"img-inner dark\" >\n\t\t\t<img decoding=\"async\" width=\"419\" height=\"420\" src=\"https:\/\/meditex.ee\/wp-content\/uploads\/2018\/04\/Corsinel-compression-level-icon_MAXIMUM.png\" class=\"attachment-large size-large\" alt=\"\" srcset=\"https:\/\/meditex.ee\/wp-content\/uploads\/2018\/04\/Corsinel-compression-level-icon_MAXIMUM.png 419w, https:\/\/meditex.ee\/wp-content\/uploads\/2018\/04\/Corsinel-compression-level-icon_MAXIMUM-100x100.png 100w, https:\/\/meditex.ee\/wp-content\/uploads\/2018\/04\/Corsinel-compression-level-icon_MAXIMUM-280x280.png 280w, https:\/\/meditex.ee\/wp-content\/uploads\/2018\/04\/Corsinel-compression-level-icon_MAXIMUM-399x400.png 399w, https:\/\/meditex.ee\/wp-content\/uploads\/2018\/04\/Corsinel-compression-level-icon_MAXIMUM-300x300.png 300w\" sizes=\"(max-width: 419px) 100vw, 419px\" \/>\t\t\t\t\t\t\n\t\t\t\t\t<\/div>\n\t\t\t\t\t\t\t\t\n<style>\n#image_497439476 {\n  width: 30%;\n}\n<\/style>\n\t<\/div>\n\t\n\t\t<\/div>\n\t\t\t\t\t<\/div>\n\n\t\n\n\t<div id=\"col-881036085\" class=\"col medium-4 small-12 large-4\"  >\n\t\t\t\t<div class=\"col-inner\"  >\n\t\t\t\n\t\t\t\n\t\t<\/div>\n\t\t\t\t\t<\/div>\n\n\t\n\n\t<div id=\"col-1556201951\" class=\"col medium-4 small-12 large-4\"  >\n\t\t\t\t<div class=\"col-inner text-right\"  >\n\t\t\t\n\t\t\t\n\t<div class=\"img has-hover x md-x lg-x y md-y lg-y\" id=\"image_647154653\">\n\t\t\t\t\t\t\t\t<div class=\"img-inner dark\" >\n\t\t\t<img decoding=\"async\" width=\"1020\" height=\"274\" src=\"https:\/\/meditex.ee\/wp-content\/uploads\/2018\/03\/Corsinel_Live-as-you-like_200mm-1400x376.png\" class=\"attachment-large size-large\" alt=\"\" srcset=\"https:\/\/meditex.ee\/wp-content\/uploads\/2018\/03\/Corsinel_Live-as-you-like_200mm-1400x376.png 1400w, https:\/\/meditex.ee\/wp-content\/uploads\/2018\/03\/Corsinel_Live-as-you-like_200mm-510x137.png 510w, https:\/\/meditex.ee\/wp-content\/uploads\/2018\/03\/Corsinel_Live-as-you-like_200mm-800x215.png 800w, https:\/\/meditex.ee\/wp-content\/uploads\/2018\/03\/Corsinel_Live-as-you-like_200mm-768x206.png 768w, https:\/\/meditex.ee\/wp-content\/uploads\/2018\/03\/Corsinel_Live-as-you-like_200mm-600x161.png 600w\" sizes=\"(max-width: 1020px) 100vw, 1020px\" \/>\t\t\t\t\t\t\n\t\t\t\t\t<\/div>\n\t\t\t\t\t\t\t\t\n<style>\n#image_647154653 {\n  width: 50%;\n}\n<\/style>\n\t<\/div>\n\t\n\t\t<\/div>\n\t\t\t\t\t<\/div>\n\n\t\n<\/div>\n<p style=\"text-align: left;\"><span style=\"color: #000000;\"><strong>APRA\u0160YMAS:<\/strong> Corsinel maksimalios atramos dir\u017eas palaiko ir palengvina parastomines, bambos, epigastrines ir rand\u0173 i\u0161var\u017eas. Dir\u017eas suteikia palengv\u0117jim\u0105, padeda jud\u0117ti, neutralizuoja gravitacijos poveik\u012f \u2013 visa tai mal\u0161ina skausm\u0105. Be to, dir\u017eas gali suma\u017einti stomos keliam\u0105 gars\u0105 ir kvap\u0105. Dir\u017eas taip pat gali b\u016bti naudojamas i\u0161var\u017e\u0173 prevencijai. Dir\u017eas yra trij\u0173 auk\u0161\u010di\u0173: 15, 20 ir 26 cm. D\u0117l dir\u017eo auk\u0161\u010dio ir naudojimo pra\u0161ome pasikonsultuoti su savo gydytoju ar slaugytoja.     <\/span><\/p>\n\t<div class=\"img has-hover x md-x lg-x y md-y lg-y\" id=\"image_1402687616\">\n\t\t\t\t\t\t\t\t<div class=\"img-inner dark\" >\n\t\t\t<img decoding=\"async\" width=\"406\" height=\"364\" src=\"https:\/\/meditex.ee\/wp-content\/uploads\/2018\/03\/pressure-on-parastomal-hernia_graph_E.png\" class=\"attachment-large size-large\" alt=\"\" \/>\t\t\t\t\t\t\n\t\t\t\t\t<\/div>\n\t\t\t\t\t\t\t\t\n<style>\n#image_1402687616 {\n  width: 40%;\n}\n<\/style>\n\t<\/div>\n\t\n<p style=\"text-align: left;\" data-lineheight=\"19\" data-fontsize=\"16\"><span style=\"color: #000000;\"><strong>Savyb\u0117s:<\/strong><\/span><\/p>\n<ul>\n<li style=\"text-align: left;\">\n<p data-lineheight=\"19\" data-fontsize=\"16\"><span style=\"color: #000000;\">Maksimali atrama i\u0161var\u017e\u0173 prie\u017ei\u016brai ir prevencijai<\/span><\/p>\n<\/li>\n<li style=\"text-align: left;\">\n<p data-lineheight=\"19\" data-fontsize=\"16\"><span style=\"color: #000000;\">U\u017etikrina diskreti\u0161kum\u0105 ir palengvina spaudimo jausm\u0105, suteikdamas didesn\u012f mobilum\u0105<\/span><\/p>\n<\/li>\n<li style=\"text-align: left;\">\n<p data-lineheight=\"19\" data-fontsize=\"16\"><span style=\"color: #000000;\">Mink\u0161ta, orui ir dr\u0117gmei pralaidi bei odai draugi\u0161ka med\u017eiaga<\/span><\/p>\n<\/li>\n<li style=\"text-align: left;\">\n<p data-lineheight=\"19\" data-fontsize=\"16\"><span style=\"color: #000000;\">Suteikia lyg\u0173 ir diskreti\u0161k\u0105 rezultat\u0105, taip skatindamas aktyviau dalyvauti socialiniame gyvenime<\/span><\/p>\n<\/li>\n<li style=\"text-align: left;\">\n<p data-lineheight=\"19\" data-fontsize=\"16\"><span style=\"color: #000000;\">Keturiomis kryptimis tempiama med\u017eiaga didesniam judesi\u0173 diapazonui<\/span><\/p>\n<\/li>\n<li style=\"text-align: left;\">\n<p data-lineheight=\"19\" data-fontsize=\"16\"><span style=\"color: #000000;\">Lengvai pasiekiama ki\u0161en\u0117 ir platus lipnus u\u017esegimas atramos stiprumui reguliuoti<\/span><\/p>\n<\/li>\n<li style=\"text-align: left;\">\n<p data-lineheight=\"19\" data-fontsize=\"16\"><span style=\"color: #000000;\">Besi\u016blis dizainas optimaliam odos komfortui<\/span><\/p>\n<\/li>\n<li style=\"text-align: left;\">\n<p data-lineheight=\"19\" data-fontsize=\"16\"><span style=\"color: #000000;\">Silikoninis kra\u0161tas, apsaugantis nuo susisukimo<\/span><\/p>\n<\/li>\n<li style=\"text-align: left;\">\n<p data-lineheight=\"19\" data-fontsize=\"16\"><span style=\"color: #000000;\">Skalbiamas<\/span><\/p>\n<\/li>\n<li style=\"text-align: left;\">\n<p data-lineheight=\"19\" data-fontsize=\"16\"><span style=\"color: #000000;\">Be latekso<\/span><\/p>\n<\/li>\n<li style=\"text-align: left;\">\n<p data-lineheight=\"19\" data-fontsize=\"16\"><span style=\"color: #000000;\">Naudoti 24 valandas per par\u0105<\/span><\/p>\n<\/li>\n<\/ul>\n<p><span style=\"color: #000000; font-size: 14.4px;\"> <\/span><\/p>\n<div class=\"fusion-text\">\n<p style=\"text-align: left;\" data-lineheight=\"28\" data-fontsize=\"20\"><span style=\"color: #000000;\"><strong>Dyd\u017eiai:<\/strong><\/span><\/p>\n<\/div>\n<div class=\"row\"  id=\"row-1545699408\">\n\n\t<div id=\"col-2065432382\" class=\"col medium-8 small-12 large-8\"  >\n\t\t\t\t<div class=\"col-inner\"  >\n\t\t\t\n\t\t\t\n\t<div class=\"img has-hover x md-x lg-x y md-y lg-y\" id=\"image_903332670\">\n\t\t\t\t\t\t\t\t<div class=\"img-inner dark\" >\n\t\t\t<img decoding=\"async\" width=\"472\" height=\"228\" src=\"https:\/\/meditex.ee\/wp-content\/uploads\/2018\/03\/Suurused.png\" class=\"attachment-large size-large\" alt=\"\" \/>\t\t\t\t\t\t\n\t\t\t\t\t<\/div>\n\t\t\t\t\t\t\t\t\n<style>\n#image_903332670 {\n  width: 100%;\n}\n<\/style>\n\t<\/div>\n\t\n<p style=\"text-align: left;\" data-lineheight=\"19\" data-fontsize=\"16\"><span style=\"color: #000000;\">Nor\u0117dami didesn\u0117s atramos, rinkit\u0117s vienu dyd\u017eiu ma\u017eesn\u012f, o silpnesnei atramai \u2013 vienu dyd\u017eiu didesn\u012f gamin\u012f.<\/span><\/p>\n<p style=\"text-align: left;\" data-lineheight=\"19\" data-fontsize=\"16\"><span style=\"color: #000000;\">PASTABA! Visada i\u0161matuokite save, kad rastum\u0117te tinkam\u0105 dyd\u012f. <\/span><\/p>\n\t\t<\/div>\n\t\t\t\t\t<\/div>\n\n\t\n\n\t<div id=\"col-1885019498\" class=\"col medium-4 small-12 large-4\"  >\n\t\t\t\t<div class=\"col-inner\"  >\n\t\t\t\n\t\t\t\n\t\t<\/div>\n\t\t\t\t\t<\/div>\n\n\t\n<\/div>\n<p style=\"text-align: left;\"><strong>Informacija gamintojo svetain\u0117je: <\/strong><a href=\"https:\/\/www.corsinel.com\/en\/product\/351950-00-01-1ma\">https:\/\/www.corsinel.com\/en\/product\/351950-00-01-1ma<\/a><\/p>\n<p style=\"text-align: left;\"><strong>Naudinga paskaityti:<\/strong> <a href=\"https:\/\/meditex.ee\/7-tegurit-mis-maaravad-stoomi-ja-songatoote-oige-korguse\/\">https:\/\/meditex.ee\/7-tegurit-mis-maaravad-stoomi-ja-songatoote-oige-korguse\/<\/a><\/p>\n<p>Stomos mai\u0161eliai ir stomos prie\u017ei\u016bros priemon\u0117s: <a href=\"https:\/\/stoom.ee\/tooted\/\">https:\/\/stoom.ee\/tooted\/<\/a><br \/>Nauding\u0173 patarim\u0173 stomos pacientams rasite: <a href=\"https:\/\/www.elustoomiga.ee\">https:\/\/www.elustoomiga.ee<\/a><\/p>\n","protected":false},"excerpt":{"rendered":"<p style=\"text-align: left;\"><span style=\"font-size: 75%; color: #000000;\">Stomos ir i\u0161var\u017eos dir\u017eas su maksimalia atrama.<\/span><\/p>\n","protected":false},"featured_media":19143,"template":"","meta":[],"product_brand":[],"product_cat":[610],"product_tag":[611,612],"class_list":{"0":"post-19136","1":"product","2":"type-product","3":"status-publish","4":"has-post-thumbnail","6":"product_cat-stomos-ir-isvarzos-dirzai-bei-vamzdeliai","7":"product_tag-corsinel","8":"product_tag-maksimali-parama","10":"first","11":"instock","12":"taxable","13":"shipping-taxable","14":"purchasable","15":"product-type-variable"},"yoast_head":"<!-- This site is optimized with the Yoast SEO plugin v27.3 - https:\/\/yoast.com\/product\/yoast-seo-wordpress\/ -->\n<title>Corsinel stomos ir i\u0161var\u017eos dir\u017eas 20 - meditex.ee elektronin\u0117 parduotuv\u0117<\/title>\n<meta name=\"description\" content=\"Corsinel maksimalios atramos dir\u017eas palaiko ir palengvina parastomines, bambos, epigastrines ir rand\u0173 i\u0161var\u017eas. Maksimali atrama.\" \/>\n<meta name=\"robots\" content=\"index, follow, max-snippet:-1, max-image-preview:large, max-video-preview:-1\" \/>\n<link rel=\"canonical\" href=\"https:\/\/meditex.ee\/lt\/product\/corsinel-dirzas-20\/\" \/>\n<meta property=\"og:locale\" content=\"lt_LT\" \/>\n<meta property=\"og:type\" content=\"article\" \/>\n<meta property=\"og:title\" content=\"Corsinel stomos ir i\u0161var\u017eos dir\u017eas 20 - meditex.ee elektronin\u0117 parduotuv\u0117\" \/>\n<meta property=\"og:description\" content=\"Corsinel maksimalios atramos dir\u017eas palaiko ir palengvina parastomines, bambos, epigastrines ir rand\u0173 i\u0161var\u017eas. Maksimali atrama.\" \/>\n<meta property=\"og:url\" content=\"https:\/\/meditex.ee\/lt\/product\/corsinel-dirzas-20\/\" \/>\n<meta property=\"og:site_name\" content=\"Meditex\" \/>\n<meta property=\"article:publisher\" content=\"https:\/\/www.facebook.com\/meditexepood\/\" \/>\n<meta property=\"article:modified_time\" content=\"2026-02-04T13:57:18+00:00\" \/>\n<meta property=\"og:image\" content=\"https:\/\/meditex.ee\/wp-content\/uploads\/2018\/04\/Corsinel-Maxsupp-20.png\" \/>\n\t<meta property=\"og:image:width\" content=\"600\" \/>\n\t<meta property=\"og:image:height\" content=\"600\" \/>\n\t<meta property=\"og:image:type\" content=\"image\/png\" \/>\n<meta name=\"twitter:card\" content=\"summary_large_image\" \/>\n<meta name=\"twitter:label1\" content=\"Est. reading time\" \/>\n\t<meta name=\"twitter:data1\" content=\"1 minut\u0117\" \/>\n<script type=\"application\/ld+json\" class=\"yoast-schema-graph\">{\"@context\":\"https:\\\/\\\/schema.org\",\"@graph\":[{\"@type\":\"WebPage\",\"@id\":\"https:\\\/\\\/meditex.ee\\\/lt\\\/product\\\/corsinel-dirzas-20\\\/\",\"url\":\"https:\\\/\\\/meditex.ee\\\/lt\\\/product\\\/corsinel-dirzas-20\\\/\",\"name\":\"Corsinel stomos ir i\u0161var\u017eos dir\u017eas 20 - meditex.ee elektronin\u0117 parduotuv\u0117\",\"isPartOf\":{\"@id\":\"https:\\\/\\\/meditex.ee\\\/en\\\/#website\"},\"primaryImageOfPage\":{\"@id\":\"https:\\\/\\\/meditex.ee\\\/lt\\\/product\\\/corsinel-dirzas-20\\\/#primaryimage\"},\"image\":{\"@id\":\"https:\\\/\\\/meditex.ee\\\/lt\\\/product\\\/corsinel-dirzas-20\\\/#primaryimage\"},\"thumbnailUrl\":\"https:\\\/\\\/meditex.ee\\\/wp-content\\\/uploads\\\/2018\\\/04\\\/Corsinel-Maxsupp-20.png\",\"datePublished\":\"2026-02-04T13:57:17+00:00\",\"dateModified\":\"2026-02-04T13:57:18+00:00\",\"description\":\"Corsinel maksimalios atramos dir\u017eas palaiko ir palengvina parastomines, bambos, epigastrines ir rand\u0173 i\u0161var\u017eas. Maksimali atrama.\",\"breadcrumb\":{\"@id\":\"https:\\\/\\\/meditex.ee\\\/lt\\\/product\\\/corsinel-dirzas-20\\\/#breadcrumb\"},\"inLanguage\":\"lt-LT\",\"potentialAction\":[{\"@type\":\"ReadAction\",\"target\":[\"https:\\\/\\\/meditex.ee\\\/lt\\\/product\\\/corsinel-dirzas-20\\\/\"]}]},{\"@type\":\"ImageObject\",\"inLanguage\":\"lt-LT\",\"@id\":\"https:\\\/\\\/meditex.ee\\\/lt\\\/product\\\/corsinel-dirzas-20\\\/#primaryimage\",\"url\":\"https:\\\/\\\/meditex.ee\\\/wp-content\\\/uploads\\\/2018\\\/04\\\/Corsinel-Maxsupp-20.png\",\"contentUrl\":\"https:\\\/\\\/meditex.ee\\\/wp-content\\\/uploads\\\/2018\\\/04\\\/Corsinel-Maxsupp-20.png\",\"width\":600,\"height\":600},{\"@type\":\"BreadcrumbList\",\"@id\":\"https:\\\/\\\/meditex.ee\\\/lt\\\/product\\\/corsinel-dirzas-20\\\/#breadcrumb\",\"itemListElement\":[{\"@type\":\"ListItem\",\"position\":1,\"name\":\"Home\",\"item\":\"https:\\\/\\\/meditex.ee\\\/lt\\\/\"},{\"@type\":\"ListItem\",\"position\":2,\"name\":\"Parduotuv\u0117\",\"item\":\"https:\\\/\\\/meditex.ee\\\/lt\\\/parduotuve\\\/\"},{\"@type\":\"ListItem\",\"position\":3,\"name\":\"Corsinel dir\u017eas 20\"}]},{\"@type\":\"WebSite\",\"@id\":\"https:\\\/\\\/meditex.ee\\\/en\\\/#website\",\"url\":\"https:\\\/\\\/meditex.ee\\\/en\\\/\",\"name\":\"Meditex\",\"description\":\"\",\"publisher\":{\"@id\":\"https:\\\/\\\/meditex.ee\\\/en\\\/#organization\"},\"potentialAction\":[{\"@type\":\"SearchAction\",\"target\":{\"@type\":\"EntryPoint\",\"urlTemplate\":\"https:\\\/\\\/meditex.ee\\\/en\\\/?s={search_term_string}\"},\"query-input\":{\"@type\":\"PropertyValueSpecification\",\"valueRequired\":true,\"valueName\":\"search_term_string\"}}],\"inLanguage\":\"lt-LT\"},{\"@type\":\"Organization\",\"@id\":\"https:\\\/\\\/meditex.ee\\\/en\\\/#organization\",\"name\":\"Meditex\",\"url\":\"https:\\\/\\\/meditex.ee\\\/en\\\/\",\"logo\":{\"@type\":\"ImageObject\",\"inLanguage\":\"lt-LT\",\"@id\":\"https:\\\/\\\/meditex.ee\\\/en\\\/#\\\/schema\\\/logo\\\/image\\\/\",\"url\":\"https:\\\/\\\/meditex.ee\\\/wp-content\\\/uploads\\\/2018\\\/03\\\/mdtx_logo.png\",\"contentUrl\":\"https:\\\/\\\/meditex.ee\\\/wp-content\\\/uploads\\\/2018\\\/03\\\/mdtx_logo.png\",\"width\":669,\"height\":235,\"caption\":\"Meditex\"},\"image\":{\"@id\":\"https:\\\/\\\/meditex.ee\\\/en\\\/#\\\/schema\\\/logo\\\/image\\\/\"},\"sameAs\":[\"https:\\\/\\\/www.facebook.com\\\/meditexepood\\\/\"]}]}<\/script>\n<!-- \/ Yoast SEO plugin. -->","yoast_head_json":{"title":"Corsinel stomos ir i\u0161var\u017eos dir\u017eas 20 - meditex.ee elektronin\u0117 parduotuv\u0117","description":"Corsinel maksimalios atramos dir\u017eas palaiko ir palengvina parastomines, bambos, epigastrines ir rand\u0173 i\u0161var\u017eas. Maksimali atrama.","robots":{"index":"index","follow":"follow","max-snippet":"max-snippet:-1","max-image-preview":"max-image-preview:large","max-video-preview":"max-video-preview:-1"},"canonical":"https:\/\/meditex.ee\/lt\/product\/corsinel-dirzas-20\/","og_locale":"lt_LT","og_type":"article","og_title":"Corsinel stomos ir i\u0161var\u017eos dir\u017eas 20 - meditex.ee elektronin\u0117 parduotuv\u0117","og_description":"Corsinel maksimalios atramos dir\u017eas palaiko ir palengvina parastomines, bambos, epigastrines ir rand\u0173 i\u0161var\u017eas. Maksimali atrama.","og_url":"https:\/\/meditex.ee\/lt\/product\/corsinel-dirzas-20\/","og_site_name":"Meditex","article_publisher":"https:\/\/www.facebook.com\/meditexepood\/","article_modified_time":"2026-02-04T13:57:18+00:00","og_image":[{"width":600,"height":600,"url":"https:\/\/meditex.ee\/wp-content\/uploads\/2018\/04\/Corsinel-Maxsupp-20.png","type":"image\/png"}],"twitter_card":"summary_large_image","twitter_misc":{"Est. reading time":"1 minut\u0117"},"schema":{"@context":"https:\/\/schema.org","@graph":[{"@type":"WebPage","@id":"https:\/\/meditex.ee\/lt\/product\/corsinel-dirzas-20\/","url":"https:\/\/meditex.ee\/lt\/product\/corsinel-dirzas-20\/","name":"Corsinel stomos ir i\u0161var\u017eos dir\u017eas 20 - meditex.ee elektronin\u0117 parduotuv\u0117","isPartOf":{"@id":"https:\/\/meditex.ee\/en\/#website"},"primaryImageOfPage":{"@id":"https:\/\/meditex.ee\/lt\/product\/corsinel-dirzas-20\/#primaryimage"},"image":{"@id":"https:\/\/meditex.ee\/lt\/product\/corsinel-dirzas-20\/#primaryimage"},"thumbnailUrl":"https:\/\/meditex.ee\/wp-content\/uploads\/2018\/04\/Corsinel-Maxsupp-20.png","datePublished":"2026-02-04T13:57:17+00:00","dateModified":"2026-02-04T13:57:18+00:00","description":"Corsinel maksimalios atramos dir\u017eas palaiko ir palengvina parastomines, bambos, epigastrines ir rand\u0173 i\u0161var\u017eas. Maksimali atrama.","breadcrumb":{"@id":"https:\/\/meditex.ee\/lt\/product\/corsinel-dirzas-20\/#breadcrumb"},"inLanguage":"lt-LT","potentialAction":[{"@type":"ReadAction","target":["https:\/\/meditex.ee\/lt\/product\/corsinel-dirzas-20\/"]}]},{"@type":"ImageObject","inLanguage":"lt-LT","@id":"https:\/\/meditex.ee\/lt\/product\/corsinel-dirzas-20\/#primaryimage","url":"https:\/\/meditex.ee\/wp-content\/uploads\/2018\/04\/Corsinel-Maxsupp-20.png","contentUrl":"https:\/\/meditex.ee\/wp-content\/uploads\/2018\/04\/Corsinel-Maxsupp-20.png","width":600,"height":600},{"@type":"BreadcrumbList","@id":"https:\/\/meditex.ee\/lt\/product\/corsinel-dirzas-20\/#breadcrumb","itemListElement":[{"@type":"ListItem","position":1,"name":"Home","item":"https:\/\/meditex.ee\/lt\/"},{"@type":"ListItem","position":2,"name":"Parduotuv\u0117","item":"https:\/\/meditex.ee\/lt\/parduotuve\/"},{"@type":"ListItem","position":3,"name":"Corsinel dir\u017eas 20"}]},{"@type":"WebSite","@id":"https:\/\/meditex.ee\/en\/#website","url":"https:\/\/meditex.ee\/en\/","name":"Meditex","description":"","publisher":{"@id":"https:\/\/meditex.ee\/en\/#organization"},"potentialAction":[{"@type":"SearchAction","target":{"@type":"EntryPoint","urlTemplate":"https:\/\/meditex.ee\/en\/?s={search_term_string}"},"query-input":{"@type":"PropertyValueSpecification","valueRequired":true,"valueName":"search_term_string"}}],"inLanguage":"lt-LT"},{"@type":"Organization","@id":"https:\/\/meditex.ee\/en\/#organization","name":"Meditex","url":"https:\/\/meditex.ee\/en\/","logo":{"@type":"ImageObject","inLanguage":"lt-LT","@id":"https:\/\/meditex.ee\/en\/#\/schema\/logo\/image\/","url":"https:\/\/meditex.ee\/wp-content\/uploads\/2018\/03\/mdtx_logo.png","contentUrl":"https:\/\/meditex.ee\/wp-content\/uploads\/2018\/03\/mdtx_logo.png","width":669,"height":235,"caption":"Meditex"},"image":{"@id":"https:\/\/meditex.ee\/en\/#\/schema\/logo\/image\/"},"sameAs":["https:\/\/www.facebook.com\/meditexepood\/"]}]}},"_links":{"self":[{"href":"https:\/\/meditex.ee\/lt\/wp-json\/wp\/v2\/product\/19136","targetHints":{"allow":["GET"]}}],"collection":[{"href":"https:\/\/meditex.ee\/lt\/wp-json\/wp\/v2\/product"}],"about":[{"href":"https:\/\/meditex.ee\/lt\/wp-json\/wp\/v2\/types\/product"}],"wp:featuredmedia":[{"embeddable":true,"href":"https:\/\/meditex.ee\/lt\/wp-json\/wp\/v2\/media\/19143"}],"wp:attachment":[{"href":"https:\/\/meditex.ee\/lt\/wp-json\/wp\/v2\/media?parent=19136"}],"wp:term":[{"taxonomy":"product_brand","embeddable":true,"href":"https:\/\/meditex.ee\/lt\/wp-json\/wp\/v2\/product_brand?post=19136"},{"taxonomy":"product_cat","embeddable":true,"href":"https:\/\/meditex.ee\/lt\/wp-json\/wp\/v2\/product_cat?post=19136"},{"taxonomy":"product_tag","embeddable":true,"href":"https:\/\/meditex.ee\/lt\/wp-json\/wp\/v2\/product_tag?post=19136"}],"curies":[{"name":"wp","href":"https:\/\/api.w.org\/{rel}","templated":true}]}}