{"id":19118,"date":"2026-02-04T13:57:05","date_gmt":"2026-02-04T13:57:05","guid":{"rendered":"https:\/\/meditex.ee\/product\/corsinel-regular-moteru-stomu-ir-isvarzu-apatiniai-drabuziai\/"},"modified":"2026-02-04T13:57:08","modified_gmt":"2026-02-04T13:57:08","slug":"corsinel-regular-moteru-stomu-ir-isvarzu-apatiniai-drabuziai","status":"publish","type":"product","link":"https:\/\/meditex.ee\/lt\/produktas\/corsinel-regular-moteru-stomu-ir-isvarzu-apatiniai-drabuziai\/","title":{"rendered":"Corsinel Regular moter\u0173 stom\u0173 ir i\u0161var\u017e\u0173 apatiniai drabu\u017eiai"},"content":{"rendered":"<div class=\"row row-small align-bottom\"  id=\"row-593850508\">\n\n\t<div id=\"col-1618860995\" class=\"col medium-4 small-12 large-4\"  >\n\t\t\t\t<div class=\"col-inner\"  >\n\t\t\t\n\t\t\t\n\t<div class=\"img has-hover x md-x lg-x y md-y lg-y\" id=\"image_1273939778\">\n\t\t\t\t\t\t\t\t<div class=\"img-inner dark\" >\n\t\t\t<img decoding=\"async\" width=\"419\" height=\"420\" src=\"https:\/\/meditex.ee\/wp-content\/uploads\/2018\/03\/Corsinel-compression-level-icon_MEDIUM.png\" class=\"attachment-large size-large\" alt=\"\" srcset=\"https:\/\/meditex.ee\/wp-content\/uploads\/2018\/03\/Corsinel-compression-level-icon_MEDIUM.png 419w, https:\/\/meditex.ee\/wp-content\/uploads\/2018\/03\/Corsinel-compression-level-icon_MEDIUM-100x100.png 100w, https:\/\/meditex.ee\/wp-content\/uploads\/2018\/03\/Corsinel-compression-level-icon_MEDIUM-280x280.png 280w, https:\/\/meditex.ee\/wp-content\/uploads\/2018\/03\/Corsinel-compression-level-icon_MEDIUM-399x400.png 399w, https:\/\/meditex.ee\/wp-content\/uploads\/2018\/03\/Corsinel-compression-level-icon_MEDIUM-300x300.png 300w\" sizes=\"(max-width: 419px) 100vw, 419px\" \/>\t\t\t\t\t\t\n\t\t\t\t\t<\/div>\n\t\t\t\t\t\t\t\t\n<style>\n#image_1273939778 {\n  width: 30%;\n}\n<\/style>\n\t<\/div>\n\t\n\t\t<\/div>\n\t\t\t\t\t<\/div>\n\n\t\n\n\t<div id=\"col-976097955\" class=\"col medium-4 small-12 large-4\"  >\n\t\t\t\t<div class=\"col-inner\"  >\n\t\t\t\n\t\t\t\n\t\t<\/div>\n\t\t\t\t\t<\/div>\n\n\t\n\n\t<div id=\"col-626134778\" class=\"col medium-4 small-12 large-4\"  >\n\t\t\t\t<div class=\"col-inner text-right\"  >\n\t\t\t\n\t\t\t\n\t<div class=\"img has-hover x md-x lg-x y md-y lg-y\" id=\"image_537063034\">\n\t\t\t\t\t\t\t\t<div class=\"img-inner dark\" >\n\t\t\t<img decoding=\"async\" width=\"1020\" height=\"274\" src=\"https:\/\/meditex.ee\/wp-content\/uploads\/2018\/03\/Corsinel_Live-as-you-like_200mm-1400x376.png\" class=\"attachment-large size-large\" alt=\"\" srcset=\"https:\/\/meditex.ee\/wp-content\/uploads\/2018\/03\/Corsinel_Live-as-you-like_200mm-1400x376.png 1400w, https:\/\/meditex.ee\/wp-content\/uploads\/2018\/03\/Corsinel_Live-as-you-like_200mm-510x137.png 510w, https:\/\/meditex.ee\/wp-content\/uploads\/2018\/03\/Corsinel_Live-as-you-like_200mm-800x215.png 800w, https:\/\/meditex.ee\/wp-content\/uploads\/2018\/03\/Corsinel_Live-as-you-like_200mm-768x206.png 768w, https:\/\/meditex.ee\/wp-content\/uploads\/2018\/03\/Corsinel_Live-as-you-like_200mm-600x161.png 600w\" sizes=\"(max-width: 1020px) 100vw, 1020px\" \/>\t\t\t\t\t\t\n\t\t\t\t\t<\/div>\n\t\t\t\t\t\t\t\t\n<style>\n#image_537063034 {\n  width: 50%;\n}\n<\/style>\n\t<\/div>\n\t\n\t\t<\/div>\n\t\t\t\t\t<\/div>\n\n\t\n<\/div>\n<p style=\"text-align: left;\"><span style=\"font-weight: 400; color: #000000;\">Corsinel Regular stom\u0173 ir i\u0161var\u017e\u0173 apatiniai drabu\u017eiai sukurti siekiant suteikti vartotojams visapusi\u0161k\u0105 pagalb\u0105 geriau pritvirtinti ir palaikyti stomos mai\u0161el\u012f. Be to, Corsinel Regular apatiniai drabu\u017eiai palaiko ir pilvo i\u0161var\u017eas, suteikdami vidutin\u012f palaikym\u0105, kai didelio palaikymo nereikia arba jis netoleruojamas. Apatiniai drabu\u017eiai taip pat gali u\u017ekirsti keli\u0105 i\u0161var\u017e\u0173 atsiradimui didel\u0117s rizikos vartotojams ir, jei reikia, gali b\u016bti naudojami kaip naktiniai apatiniai drabu\u017eiai.  <\/span><\/p>\n<p style=\"text-align: left;\"><span style=\"font-weight: 400; color: #000000;\">Tiek moter\u0173, tiek vyr\u0173 modeliai sukurti taip, kad atrodyt\u0173 kaip \u012fprasti apatiniai drabu\u017eiai, o j\u0173 naudojimas yra labai patogus ir u\u017etikrina diskreti\u0161kum\u0105. Kasdien d\u0117vint apatinius drabu\u017eius, iki \u0161iol sunkiai atrod\u017eiusios veiklos tampa lengvesn\u0117s. Be to, apatiniai drabu\u017eiai suteikia d\u0117v\u0117tojui lyg\u0173 siluet\u0105, u\u017etikrina diskreti\u0161kum\u0105 ir skatina dalyvauti visuomeniniame gyvenime.  <\/span><\/p>\n<p style=\"text-align: left;\"><span style=\"font-weight: 400; color: #000000;\">Corsinel Regular stom\u0173 ir i\u0161var\u017e\u0173 apatini\u0173 drabu\u017ei\u0173 tvirta vir\u0161utin\u0117 dalis palaiko mai\u0161el\u012f ir (arba) stom\u0105. Apatin\u0117 dalis pagaminta i\u0161 mink\u0161tesn\u0117s med\u017eiagos, tod\u0117l lengviau u\u017esid\u0117ti ir nusiimti apatinius drabu\u017eius. <\/span><\/p>\n<p style=\"text-align: left;\"><span style=\"font-weight: 400; color: #000000;\">Corsinel Regular stom\u0173 ir i\u0161var\u017e\u0173 palaikom\u0173j\u0173 apatini\u0173 drabu\u017ei\u0173 med\u017eiaga yra keturi\u0173 kryp\u010di\u0173 tamprumo, o tai rei\u0161kia, kad ji visada puikiai prisitaiko prie k\u016bno kont\u016br\u0173 ir u\u017etikrina ideal\u0173 prigludim\u0105. Apatiniai drabu\u017eiai pagaminti i\u0161 odai draugi\u0161kos ir be latekso med\u017eiagos, kad b\u016bt\u0173 i\u0161vengta alergini\u0173 reakcij\u0173, paraudimo ar odos dirginimo apskritai. <\/span><\/p>\n<h3 data-fontsize=\"16\" data-lineheight=\"19\"><strong>Corsinel Regular moter\u0173 stom\u0173 ir i\u0161var\u017e\u0173 apatiniai drabu\u017eiai<\/strong><\/h3>\n<p style=\"text-align: left;\" data-fontsize=\"16\" data-lineheight=\"19\"><span style=\"color: #000000;\">Corsinel Regular moter\u0173 stom\u0173 ir i\u0161var\u017e\u0173 apatiniai drabu\u017eiai fiksuoja stomos mai\u0161el\u012f ir palaiko bei palengvina parastomines, bambos, epigastrines ir pj\u016bvio i\u0161var\u017eas. Palaikantys apatiniai drabu\u017eiai suteikia palengv\u0117jim\u0105, padeda jud\u0117ti, neutralizuoja gravitacijos poveik\u012f \u2013 visa tai mal\u0161ina skausm\u0105. \u0160iuos apatinius drabu\u017eius galima naudoti ir i\u0161var\u017e\u0173 prevencijai. D\u0117l apatini\u0173 drabu\u017ei\u0173 auk\u0161\u010dio ir naudojimo pasikonsultuokite su savo gydytoju ar medicinos seserimi.   <\/span><\/p>\n<h4 style=\"text-align: left;\" data-fontsize=\"16\" data-lineheight=\"19\"><span style=\"color: #000000;\"><strong>Savyb\u0117s:<\/strong><\/span><\/h4>\n<ul>\n<li style=\"text-align: left;\">\n<p data-fontsize=\"16\" data-lineheight=\"19\"><span style=\"color: #000000;\">Tvirta vir\u0161utin\u0117 dalis palaiko mai\u0161el\u012f\/i\u0161var\u017e\u0105, apatin\u0117 dalis pagaminta i\u0161 mink\u0161tesn\u0117s med\u017eiagos, kad apatinius drabu\u017eius b\u016bt\u0173 lengviau u\u017esid\u0117ti ir nusiimti<\/span><\/p>\n<\/li>\n<li style=\"text-align: left;\">\n<p data-fontsize=\"16\" data-lineheight=\"19\"><span style=\"color: #000000;\">Sukurti kaip \u012fprasti apatiniai drabu\u017eiai<\/span><\/p>\n<\/li>\n<li style=\"text-align: left;\">\n<p data-fontsize=\"16\" data-lineheight=\"19\"><span style=\"color: #000000;\">U\u017etikrina lyg\u0173 ir diskreti\u0161k\u0105 siluet\u0105<\/span><\/p>\n<\/li>\n<li style=\"text-align: left;\">\n<p data-fontsize=\"16\" data-lineheight=\"19\"><span style=\"color: #000000;\">Orui ir dr\u0117gmei pralaidi bei odai draugi\u0161ka med\u017eiaga<\/span><\/p>\n<\/li>\n<li style=\"text-align: left;\">\n<p data-fontsize=\"16\" data-lineheight=\"19\"><span style=\"color: #000000;\">Keturi\u0173 kryp\u010di\u0173 tamprumo med\u017eiaga didesniam judesi\u0173 diapazonui<\/span><\/p>\n<\/li>\n<li style=\"text-align: left;\">\n<p data-fontsize=\"16\" data-lineheight=\"19\"><span style=\"color: #000000;\">Besi\u016blis dizainas optimaliam odos draugi\u0161kumui<\/span><\/p>\n<\/li>\n<li style=\"text-align: left;\">\n<p data-fontsize=\"16\" data-lineheight=\"19\"><span style=\"color: #000000;\">Skalbiami<\/span><\/p>\n<\/li>\n<li style=\"text-align: left;\">\n<p data-fontsize=\"16\" data-lineheight=\"19\"><span style=\"color: #000000;\">Be latekso<\/span><\/p>\n<\/li>\n<li style=\"text-align: left;\">\n<p data-fontsize=\"16\" data-lineheight=\"19\"><span style=\"color: #000000;\">24 valand\u0173 naudojimui<\/span><\/p>\n<\/li>\n<\/ul>\n<p>DYD\u017dIAI:<\/p>\n<div class=\"row\"  id=\"row-755601728\">\n\n\t<div id=\"col-644013707\" class=\"col medium-8 small-12 large-8\"  >\n\t\t\t\t<div class=\"col-inner\"  >\n\t\t\t\n\t\t\t\n\t<div class=\"img has-hover x md-x lg-x y md-y lg-y\" id=\"image_953454702\">\n\t\t\t\t\t\t\t\t<div class=\"img-inner dark\" >\n\t\t\t<img decoding=\"async\" width=\"427\" height=\"202\" src=\"https:\/\/meditex.ee\/wp-content\/uploads\/2019\/07\/naiste.png\" class=\"attachment-large size-large\" alt=\"\" \/>\t\t\t\t\t\t\n\t\t\t\t\t<\/div>\n\t\t\t\t\t\t\t\t\n<style>\n#image_953454702 {\n  width: 80%;\n}\n<\/style>\n\t<\/div>\n\t\n\t\t<\/div>\n\t\t\t\t\t<\/div>\n\n\t\n\n\t<div id=\"col-1624153063\" class=\"col medium-4 small-12 large-4\"  >\n\t\t\t\t<div class=\"col-inner\"  >\n\t\t\t\n\t\t\t\n\t\t<\/div>\n\t\t\t\t\t<\/div>\n\n\t\n<\/div>\n<p style=\"text-align: left;\" data-fontsize=\"16\" data-lineheight=\"19\"><span style=\"color: #000000;\">Stipresnei kompresijai rinkit\u0117s vienu dyd\u017eiu ma\u017eesn\u012f, o silpnesnei kompresijai \u2013 vienu dyd\u017eiu didesn\u012f gamin\u012f.<\/span><\/p>\n<p style=\"text-align: left;\" data-fontsize=\"16\" data-lineheight=\"19\"><span style=\"color: #000000;\">NB! Visada i\u0161matuokite save, kad rastum\u0117te tinkam\u0105 dyd\u012f. <\/span><\/p>\n<p data-fontsize=\"16\" data-lineheight=\"19\">Skaitykite daugiau apie Corsinel stom\u0173 ir i\u0161var\u017e\u0173 gaminius \u010dia: <a href=\"https:\/\/meditex.ee\/corsinel\/\">https:\/\/meditex.ee\/corsinel\/<\/a><\/p>\n<p data-fontsize=\"16\" data-lineheight=\"19\">Informacija gamintojo svetain\u0117je: <a href=\"https:\/\/www.corsinel.com\/en\/product\/353350-01-01-1ma\">https:\/\/www.corsinel.com\/en\/product\/353350-01-01-1ma<\/a><\/p>\n<p style=\"text-align: left;\">Stomos mai\u0161eliai ir stomos prie\u017ei\u016bros priemon\u0117s: <a href=\"https:\/\/stoom.ee\/tooted\/\">https:\/\/stoom.ee\/tooted\/<\/a><br \/>\nNauding\u0173 patarim\u0173 stomos pacientams rasite: <a href=\"https:\/\/www.elustoomiga.ee\">https:\/\/www.elustoomiga.ee<\/a><\/p>\n","protected":false},"excerpt":{"rendered":"<p style=\"text-align: left;\"><span style=\"font-size: 75%; color: #000000;\">Vidutinio palaikymo stom\u0173 ir i\u0161var\u017e\u0173 apatiniai moterims.<\/span><\/p>\n","protected":false},"featured_media":19125,"template":"","meta":[],"product_brand":[],"product_cat":[613],"product_tag":[611,614],"class_list":{"0":"post-19118","1":"product","2":"type-product","3":"status-publish","4":"has-post-thumbnail","6":"product_cat-stomu-ir-isvarzu-apatiniai-drabuziai","7":"product_tag-corsinel","8":"product_tag-vidutinis-palaikymas","10":"first","11":"instock","12":"taxable","13":"shipping-taxable","14":"purchasable","15":"product-type-variable"},"yoast_head":"<!-- This site is optimized with the Yoast SEO plugin v27.3 - https:\/\/yoast.com\/product\/yoast-seo-wordpress\/ -->\n<title>Corsinel Regular moter\u0173 stom\u0173 ir i\u0161var\u017e\u0173 apatiniai drabu\u017eiai - meditex.ee<\/title>\n<meta name=\"description\" content=\"Corsinel Regular moter\u0173 stom\u0173 ir i\u0161var\u017e\u0173 apatiniai drabu\u017eiai fiksuoja stomos mai\u0161el\u012f ir palaiko bei palengvina parastomines, bambos, epigastrines ir pj\u016bvio i\u0161var\u017eas.\" \/>\n<meta name=\"robots\" content=\"index, follow, max-snippet:-1, max-image-preview:large, max-video-preview:-1\" \/>\n<link rel=\"canonical\" href=\"https:\/\/meditex.ee\/lt\/product\/corsinel-regular-moteru-stomu-ir-isvarzu-apatiniai-drabuziai\/\" \/>\n<meta property=\"og:locale\" content=\"lt_LT\" \/>\n<meta property=\"og:type\" content=\"article\" \/>\n<meta property=\"og:title\" content=\"Corsinel Regular moter\u0173 stom\u0173 ir i\u0161var\u017e\u0173 apatiniai drabu\u017eiai - meditex.ee\" \/>\n<meta property=\"og:description\" content=\"Corsinel Regular moter\u0173 stom\u0173 ir i\u0161var\u017e\u0173 apatiniai drabu\u017eiai fiksuoja stomos mai\u0161el\u012f ir palaiko bei palengvina parastomines, bambos, epigastrines ir pj\u016bvio i\u0161var\u017eas.\" \/>\n<meta property=\"og:url\" content=\"https:\/\/meditex.ee\/lt\/product\/corsinel-regular-moteru-stomu-ir-isvarzu-apatiniai-drabuziai\/\" \/>\n<meta property=\"og:site_name\" content=\"Meditex\" \/>\n<meta property=\"article:publisher\" content=\"https:\/\/www.facebook.com\/meditexepood\/\" \/>\n<meta property=\"article:modified_time\" content=\"2026-02-04T13:57:08+00:00\" \/>\n<meta property=\"og:image\" content=\"https:\/\/meditex.ee\/wp-content\/uploads\/2018\/04\/Corsinel-naiste-k\u00f5rge.png\" \/>\n\t<meta property=\"og:image:width\" content=\"800\" \/>\n\t<meta property=\"og:image:height\" content=\"800\" \/>\n\t<meta property=\"og:image:type\" content=\"image\/png\" \/>\n<meta name=\"twitter:card\" content=\"summary_large_image\" \/>\n<meta name=\"twitter:label1\" content=\"Est. reading time\" \/>\n\t<meta name=\"twitter:data1\" content=\"3 minut\u0117\" \/>\n<script type=\"application\/ld+json\" class=\"yoast-schema-graph\">{\"@context\":\"https:\\\/\\\/schema.org\",\"@graph\":[{\"@type\":\"WebPage\",\"@id\":\"https:\\\/\\\/meditex.ee\\\/lt\\\/product\\\/corsinel-regular-moteru-stomu-ir-isvarzu-apatiniai-drabuziai\\\/\",\"url\":\"https:\\\/\\\/meditex.ee\\\/lt\\\/product\\\/corsinel-regular-moteru-stomu-ir-isvarzu-apatiniai-drabuziai\\\/\",\"name\":\"Corsinel Regular moter\u0173 stom\u0173 ir i\u0161var\u017e\u0173 apatiniai drabu\u017eiai - meditex.ee\",\"isPartOf\":{\"@id\":\"https:\\\/\\\/meditex.ee\\\/en\\\/#website\"},\"primaryImageOfPage\":{\"@id\":\"https:\\\/\\\/meditex.ee\\\/lt\\\/product\\\/corsinel-regular-moteru-stomu-ir-isvarzu-apatiniai-drabuziai\\\/#primaryimage\"},\"image\":{\"@id\":\"https:\\\/\\\/meditex.ee\\\/lt\\\/product\\\/corsinel-regular-moteru-stomu-ir-isvarzu-apatiniai-drabuziai\\\/#primaryimage\"},\"thumbnailUrl\":\"https:\\\/\\\/meditex.ee\\\/wp-content\\\/uploads\\\/2018\\\/04\\\/Corsinel-naiste-k\u00f5rge.png\",\"datePublished\":\"2026-02-04T13:57:05+00:00\",\"dateModified\":\"2026-02-04T13:57:08+00:00\",\"description\":\"Corsinel Regular moter\u0173 stom\u0173 ir i\u0161var\u017e\u0173 apatiniai drabu\u017eiai fiksuoja stomos mai\u0161el\u012f ir palaiko bei palengvina parastomines, bambos, epigastrines ir pj\u016bvio i\u0161var\u017eas.\",\"breadcrumb\":{\"@id\":\"https:\\\/\\\/meditex.ee\\\/lt\\\/product\\\/corsinel-regular-moteru-stomu-ir-isvarzu-apatiniai-drabuziai\\\/#breadcrumb\"},\"inLanguage\":\"lt-LT\",\"potentialAction\":[{\"@type\":\"ReadAction\",\"target\":[\"https:\\\/\\\/meditex.ee\\\/lt\\\/product\\\/corsinel-regular-moteru-stomu-ir-isvarzu-apatiniai-drabuziai\\\/\"]}]},{\"@type\":\"ImageObject\",\"inLanguage\":\"lt-LT\",\"@id\":\"https:\\\/\\\/meditex.ee\\\/lt\\\/product\\\/corsinel-regular-moteru-stomu-ir-isvarzu-apatiniai-drabuziai\\\/#primaryimage\",\"url\":\"https:\\\/\\\/meditex.ee\\\/wp-content\\\/uploads\\\/2018\\\/04\\\/Corsinel-naiste-k\u00f5rge.png\",\"contentUrl\":\"https:\\\/\\\/meditex.ee\\\/wp-content\\\/uploads\\\/2018\\\/04\\\/Corsinel-naiste-k\u00f5rge.png\",\"width\":800,\"height\":800,\"caption\":\"Corsinel moter\u0173 stom\u0173 ir i\u0161var\u017e\u0173 apatiniai drabu\u017eiai\"},{\"@type\":\"BreadcrumbList\",\"@id\":\"https:\\\/\\\/meditex.ee\\\/lt\\\/product\\\/corsinel-regular-moteru-stomu-ir-isvarzu-apatiniai-drabuziai\\\/#breadcrumb\",\"itemListElement\":[{\"@type\":\"ListItem\",\"position\":1,\"name\":\"Home\",\"item\":\"https:\\\/\\\/meditex.ee\\\/lt\\\/\"},{\"@type\":\"ListItem\",\"position\":2,\"name\":\"Parduotuv\u0117\",\"item\":\"https:\\\/\\\/meditex.ee\\\/lt\\\/parduotuve\\\/\"},{\"@type\":\"ListItem\",\"position\":3,\"name\":\"Corsinel Regular moter\u0173 stom\u0173 ir i\u0161var\u017e\u0173 apatiniai drabu\u017eiai\"}]},{\"@type\":\"WebSite\",\"@id\":\"https:\\\/\\\/meditex.ee\\\/en\\\/#website\",\"url\":\"https:\\\/\\\/meditex.ee\\\/en\\\/\",\"name\":\"Meditex\",\"description\":\"\",\"publisher\":{\"@id\":\"https:\\\/\\\/meditex.ee\\\/en\\\/#organization\"},\"potentialAction\":[{\"@type\":\"SearchAction\",\"target\":{\"@type\":\"EntryPoint\",\"urlTemplate\":\"https:\\\/\\\/meditex.ee\\\/en\\\/?s={search_term_string}\"},\"query-input\":{\"@type\":\"PropertyValueSpecification\",\"valueRequired\":true,\"valueName\":\"search_term_string\"}}],\"inLanguage\":\"lt-LT\"},{\"@type\":\"Organization\",\"@id\":\"https:\\\/\\\/meditex.ee\\\/en\\\/#organization\",\"name\":\"Meditex\",\"url\":\"https:\\\/\\\/meditex.ee\\\/en\\\/\",\"logo\":{\"@type\":\"ImageObject\",\"inLanguage\":\"lt-LT\",\"@id\":\"https:\\\/\\\/meditex.ee\\\/en\\\/#\\\/schema\\\/logo\\\/image\\\/\",\"url\":\"https:\\\/\\\/meditex.ee\\\/wp-content\\\/uploads\\\/2018\\\/03\\\/mdtx_logo.png\",\"contentUrl\":\"https:\\\/\\\/meditex.ee\\\/wp-content\\\/uploads\\\/2018\\\/03\\\/mdtx_logo.png\",\"width\":669,\"height\":235,\"caption\":\"Meditex\"},\"image\":{\"@id\":\"https:\\\/\\\/meditex.ee\\\/en\\\/#\\\/schema\\\/logo\\\/image\\\/\"},\"sameAs\":[\"https:\\\/\\\/www.facebook.com\\\/meditexepood\\\/\"]}]}<\/script>\n<!-- \/ Yoast SEO plugin. -->","yoast_head_json":{"title":"Corsinel Regular moter\u0173 stom\u0173 ir i\u0161var\u017e\u0173 apatiniai drabu\u017eiai - meditex.ee","description":"Corsinel Regular moter\u0173 stom\u0173 ir i\u0161var\u017e\u0173 apatiniai drabu\u017eiai fiksuoja stomos mai\u0161el\u012f ir palaiko bei palengvina parastomines, bambos, epigastrines ir pj\u016bvio i\u0161var\u017eas.","robots":{"index":"index","follow":"follow","max-snippet":"max-snippet:-1","max-image-preview":"max-image-preview:large","max-video-preview":"max-video-preview:-1"},"canonical":"https:\/\/meditex.ee\/lt\/product\/corsinel-regular-moteru-stomu-ir-isvarzu-apatiniai-drabuziai\/","og_locale":"lt_LT","og_type":"article","og_title":"Corsinel Regular moter\u0173 stom\u0173 ir i\u0161var\u017e\u0173 apatiniai drabu\u017eiai - meditex.ee","og_description":"Corsinel Regular moter\u0173 stom\u0173 ir i\u0161var\u017e\u0173 apatiniai drabu\u017eiai fiksuoja stomos mai\u0161el\u012f ir palaiko bei palengvina parastomines, bambos, epigastrines ir pj\u016bvio i\u0161var\u017eas.","og_url":"https:\/\/meditex.ee\/lt\/product\/corsinel-regular-moteru-stomu-ir-isvarzu-apatiniai-drabuziai\/","og_site_name":"Meditex","article_publisher":"https:\/\/www.facebook.com\/meditexepood\/","article_modified_time":"2026-02-04T13:57:08+00:00","og_image":[{"width":800,"height":800,"url":"https:\/\/meditex.ee\/wp-content\/uploads\/2018\/04\/Corsinel-naiste-k\u00f5rge.png","type":"image\/png"}],"twitter_card":"summary_large_image","twitter_misc":{"Est. reading time":"3 minut\u0117"},"schema":{"@context":"https:\/\/schema.org","@graph":[{"@type":"WebPage","@id":"https:\/\/meditex.ee\/lt\/product\/corsinel-regular-moteru-stomu-ir-isvarzu-apatiniai-drabuziai\/","url":"https:\/\/meditex.ee\/lt\/product\/corsinel-regular-moteru-stomu-ir-isvarzu-apatiniai-drabuziai\/","name":"Corsinel Regular moter\u0173 stom\u0173 ir i\u0161var\u017e\u0173 apatiniai drabu\u017eiai - meditex.ee","isPartOf":{"@id":"https:\/\/meditex.ee\/en\/#website"},"primaryImageOfPage":{"@id":"https:\/\/meditex.ee\/lt\/product\/corsinel-regular-moteru-stomu-ir-isvarzu-apatiniai-drabuziai\/#primaryimage"},"image":{"@id":"https:\/\/meditex.ee\/lt\/product\/corsinel-regular-moteru-stomu-ir-isvarzu-apatiniai-drabuziai\/#primaryimage"},"thumbnailUrl":"https:\/\/meditex.ee\/wp-content\/uploads\/2018\/04\/Corsinel-naiste-k\u00f5rge.png","datePublished":"2026-02-04T13:57:05+00:00","dateModified":"2026-02-04T13:57:08+00:00","description":"Corsinel Regular moter\u0173 stom\u0173 ir i\u0161var\u017e\u0173 apatiniai drabu\u017eiai fiksuoja stomos mai\u0161el\u012f ir palaiko bei palengvina parastomines, bambos, epigastrines ir pj\u016bvio i\u0161var\u017eas.","breadcrumb":{"@id":"https:\/\/meditex.ee\/lt\/product\/corsinel-regular-moteru-stomu-ir-isvarzu-apatiniai-drabuziai\/#breadcrumb"},"inLanguage":"lt-LT","potentialAction":[{"@type":"ReadAction","target":["https:\/\/meditex.ee\/lt\/product\/corsinel-regular-moteru-stomu-ir-isvarzu-apatiniai-drabuziai\/"]}]},{"@type":"ImageObject","inLanguage":"lt-LT","@id":"https:\/\/meditex.ee\/lt\/product\/corsinel-regular-moteru-stomu-ir-isvarzu-apatiniai-drabuziai\/#primaryimage","url":"https:\/\/meditex.ee\/wp-content\/uploads\/2018\/04\/Corsinel-naiste-k\u00f5rge.png","contentUrl":"https:\/\/meditex.ee\/wp-content\/uploads\/2018\/04\/Corsinel-naiste-k\u00f5rge.png","width":800,"height":800,"caption":"Corsinel moter\u0173 stom\u0173 ir i\u0161var\u017e\u0173 apatiniai drabu\u017eiai"},{"@type":"BreadcrumbList","@id":"https:\/\/meditex.ee\/lt\/product\/corsinel-regular-moteru-stomu-ir-isvarzu-apatiniai-drabuziai\/#breadcrumb","itemListElement":[{"@type":"ListItem","position":1,"name":"Home","item":"https:\/\/meditex.ee\/lt\/"},{"@type":"ListItem","position":2,"name":"Parduotuv\u0117","item":"https:\/\/meditex.ee\/lt\/parduotuve\/"},{"@type":"ListItem","position":3,"name":"Corsinel Regular moter\u0173 stom\u0173 ir i\u0161var\u017e\u0173 apatiniai drabu\u017eiai"}]},{"@type":"WebSite","@id":"https:\/\/meditex.ee\/en\/#website","url":"https:\/\/meditex.ee\/en\/","name":"Meditex","description":"","publisher":{"@id":"https:\/\/meditex.ee\/en\/#organization"},"potentialAction":[{"@type":"SearchAction","target":{"@type":"EntryPoint","urlTemplate":"https:\/\/meditex.ee\/en\/?s={search_term_string}"},"query-input":{"@type":"PropertyValueSpecification","valueRequired":true,"valueName":"search_term_string"}}],"inLanguage":"lt-LT"},{"@type":"Organization","@id":"https:\/\/meditex.ee\/en\/#organization","name":"Meditex","url":"https:\/\/meditex.ee\/en\/","logo":{"@type":"ImageObject","inLanguage":"lt-LT","@id":"https:\/\/meditex.ee\/en\/#\/schema\/logo\/image\/","url":"https:\/\/meditex.ee\/wp-content\/uploads\/2018\/03\/mdtx_logo.png","contentUrl":"https:\/\/meditex.ee\/wp-content\/uploads\/2018\/03\/mdtx_logo.png","width":669,"height":235,"caption":"Meditex"},"image":{"@id":"https:\/\/meditex.ee\/en\/#\/schema\/logo\/image\/"},"sameAs":["https:\/\/www.facebook.com\/meditexepood\/"]}]}},"_links":{"self":[{"href":"https:\/\/meditex.ee\/lt\/wp-json\/wp\/v2\/product\/19118","targetHints":{"allow":["GET"]}}],"collection":[{"href":"https:\/\/meditex.ee\/lt\/wp-json\/wp\/v2\/product"}],"about":[{"href":"https:\/\/meditex.ee\/lt\/wp-json\/wp\/v2\/types\/product"}],"wp:featuredmedia":[{"embeddable":true,"href":"https:\/\/meditex.ee\/lt\/wp-json\/wp\/v2\/media\/19125"}],"wp:attachment":[{"href":"https:\/\/meditex.ee\/lt\/wp-json\/wp\/v2\/media?parent=19118"}],"wp:term":[{"taxonomy":"product_brand","embeddable":true,"href":"https:\/\/meditex.ee\/lt\/wp-json\/wp\/v2\/product_brand?post=19118"},{"taxonomy":"product_cat","embeddable":true,"href":"https:\/\/meditex.ee\/lt\/wp-json\/wp\/v2\/product_cat?post=19118"},{"taxonomy":"product_tag","embeddable":true,"href":"https:\/\/meditex.ee\/lt\/wp-json\/wp\/v2\/product_tag?post=19118"}],"curies":[{"name":"wp","href":"https:\/\/api.w.org\/{rel}","templated":true}]}}