{"id":19098,"date":"2026-02-04T13:57:03","date_gmt":"2026-02-04T13:57:03","guid":{"rendered":"https:\/\/meditex.ee\/product\/corsinel-dirzas-15\/"},"modified":"2026-02-04T13:57:08","modified_gmt":"2026-02-04T13:57:08","slug":"corsinel-dirzas-15","status":"publish","type":"product","link":"https:\/\/meditex.ee\/lt\/produktas\/corsinel-dirzas-15\/","title":{"rendered":"Corsinel Dir\u017eas 15"},"content":{"rendered":"<div class=\"row row-small align-bottom\"  id=\"row-1745709698\">\n\n\t<div id=\"col-1515523695\" class=\"col medium-4 small-12 large-4\"  >\n\t\t\t\t<div class=\"col-inner\"  >\n\t\t\t\n\t\t\t\n\t<div class=\"img has-hover x md-x lg-x y md-y lg-y\" id=\"image_743809055\">\n\t\t\t\t\t\t\t\t<div class=\"img-inner dark\" >\n\t\t\t<img decoding=\"async\" width=\"419\" height=\"420\" src=\"https:\/\/meditex.ee\/wp-content\/uploads\/2018\/04\/Corsinel-compression-level-icon_MAXIMUM.png\" class=\"attachment-large size-large\" alt=\"\" srcset=\"https:\/\/meditex.ee\/wp-content\/uploads\/2018\/04\/Corsinel-compression-level-icon_MAXIMUM.png 419w, https:\/\/meditex.ee\/wp-content\/uploads\/2018\/04\/Corsinel-compression-level-icon_MAXIMUM-100x100.png 100w, https:\/\/meditex.ee\/wp-content\/uploads\/2018\/04\/Corsinel-compression-level-icon_MAXIMUM-280x280.png 280w, https:\/\/meditex.ee\/wp-content\/uploads\/2018\/04\/Corsinel-compression-level-icon_MAXIMUM-399x400.png 399w, https:\/\/meditex.ee\/wp-content\/uploads\/2018\/04\/Corsinel-compression-level-icon_MAXIMUM-300x300.png 300w\" sizes=\"(max-width: 419px) 100vw, 419px\" \/>\t\t\t\t\t\t\n\t\t\t\t\t<\/div>\n\t\t\t\t\t\t\t\t\n<style>\n#image_743809055 {\n  width: 30%;\n}\n<\/style>\n\t<\/div>\n\t\n\t\t<\/div>\n\t\t\t\t\t<\/div>\n\n\t\n\n\t<div id=\"col-28398603\" class=\"col medium-4 small-12 large-4\"  >\n\t\t\t\t<div class=\"col-inner\"  >\n\t\t\t\n\t\t\t\n\t\t<\/div>\n\t\t\t\t\t<\/div>\n\n\t\n\n\t<div id=\"col-375340559\" class=\"col medium-4 small-12 large-4\"  >\n\t\t\t\t<div class=\"col-inner text-right\"  >\n\t\t\t\n\t\t\t\n\t<div class=\"img has-hover x md-x lg-x y md-y lg-y\" id=\"image_1106039016\">\n\t\t\t\t\t\t\t\t<div class=\"img-inner dark\" >\n\t\t\t<img decoding=\"async\" width=\"1020\" height=\"274\" src=\"https:\/\/meditex.ee\/wp-content\/uploads\/2018\/03\/Corsinel_Live-as-you-like_200mm-1400x376.png\" class=\"attachment-large size-large\" alt=\"\" srcset=\"https:\/\/meditex.ee\/wp-content\/uploads\/2018\/03\/Corsinel_Live-as-you-like_200mm-1400x376.png 1400w, https:\/\/meditex.ee\/wp-content\/uploads\/2018\/03\/Corsinel_Live-as-you-like_200mm-510x137.png 510w, https:\/\/meditex.ee\/wp-content\/uploads\/2018\/03\/Corsinel_Live-as-you-like_200mm-800x215.png 800w, https:\/\/meditex.ee\/wp-content\/uploads\/2018\/03\/Corsinel_Live-as-you-like_200mm-768x206.png 768w, https:\/\/meditex.ee\/wp-content\/uploads\/2018\/03\/Corsinel_Live-as-you-like_200mm-600x161.png 600w\" sizes=\"(max-width: 1020px) 100vw, 1020px\" \/>\t\t\t\t\t\t\n\t\t\t\t\t<\/div>\n\t\t\t\t\t\t\t\t\n<style>\n#image_1106039016 {\n  width: 50%;\n}\n<\/style>\n\t<\/div>\n\t\n\t\t<\/div>\n\t\t\t\t\t<\/div>\n\n\t\n<\/div>\n<p style=\"text-align: left;\"><span style=\"color: #000000;\"><strong>APRA\u0160YMAS:<\/strong> Corsinel maksimalios paramos dir\u017eas palaiko ir palengvina parastomalin\u0119, bambos, epigastralin\u0119 ir rand\u0173 i\u0161var\u017e\u0105. Dir\u017eas teikia palengv\u0117jim\u0105, ramina, padeda jud\u0117jimo metu, neutralizuoja gravitacijos poveik\u012f \u2013 visa tai suma\u017eina skausm\u0105. Be to, dir\u017eas gali suma\u017einti i\u0161 stomos sklindant\u012f gars\u0105 ir kvap\u0105. Dir\u017e\u0105 galima naudoti ir i\u0161var\u017eos prevencijai. Dir\u017eas prieinamas trimis auk\u0161\u010diais: 15, 20 ir 26 cm. D\u0117l dir\u017eo auk\u0161\u010dio ir naudojimo pasitarkite su savo gydytoju ar medicinos seserimi.     <\/span><\/p>\n\t<div class=\"img has-hover x md-x lg-x y md-y lg-y\" id=\"image_1241219209\">\n\t\t\t\t\t\t\t\t<div class=\"img-inner dark\" >\n\t\t\t<img decoding=\"async\" width=\"406\" height=\"364\" src=\"https:\/\/meditex.ee\/wp-content\/uploads\/2018\/03\/pressure-on-parastomal-hernia_graph_E.png\" class=\"attachment-large size-large\" alt=\"\" \/>\t\t\t\t\t\t\n\t\t\t\t\t<\/div>\n\t\t\t\t\t\t\t\t\n<style>\n#image_1241219209 {\n  width: 40%;\n}\n<\/style>\n\t<\/div>\n\t\n<p style=\"text-align: left;\" data-lineheight=\"19\" data-fontsize=\"16\"><span style=\"color: #000000;\"><strong>Savyb\u0117s:<\/strong><\/span><\/p>\n<ul>\n<li style=\"text-align: left;\">\n<p data-lineheight=\"19\" data-fontsize=\"16\"><span style=\"color: #000000;\">Maksimali parama i\u0161var\u017eos prie\u017ei\u016brai ir prevencijai<\/span><\/p>\n<\/li>\n<li style=\"text-align: left;\">\n<p data-lineheight=\"19\" data-fontsize=\"16\"><span style=\"color: #000000;\">U\u017etikrina diskretum\u0105 ir suma\u017eina spaudimo jausm\u0105, garantuodamas didesn\u012f judum\u0105<\/span><\/p>\n<\/li>\n<li style=\"text-align: left;\">\n<p data-lineheight=\"19\" data-fontsize=\"16\"><span style=\"color: #000000;\">Mink\u0161ta oro ir dr\u0117gm\u0117s pralaidus bei odai draugi\u0161kas med\u017eiagas<\/span><\/p>\n<\/li>\n<li style=\"text-align: left;\">\n<p data-lineheight=\"19\" data-fontsize=\"16\"><span style=\"color: #000000;\">Suteikia lyg\u0173 ir diskret\u0173 rezultat\u0105, taip skatindamas daugiau dalyvauti socialiniame gyvenime<\/span><\/p>\n<\/li>\n<li style=\"text-align: left;\">\n<p data-lineheight=\"19\" data-fontsize=\"16\"><span style=\"color: #000000;\">Keturiais kryptimis tamprus med\u017eiagas jud\u0117jimo amplitud\u0117s didinimui<\/span><\/p>\n<\/li>\n<li style=\"text-align: left;\">\n<p data-lineheight=\"19\" data-fontsize=\"16\"><span style=\"color: #000000;\">Lengvai prieinamas ki\u0161en\u0117 ir platus lipnusis dir\u017eelis paramos stiprumo reguliavimui<\/span><\/p>\n<\/li>\n<li style=\"text-align: left;\">\n<p data-lineheight=\"19\" data-fontsize=\"16\"><span style=\"color: #000000;\">Bes\u016bl\u0117s dizainas optimaliam odos draugi\u0161kumui<\/span><\/p>\n<\/li>\n<li style=\"text-align: left;\">\n<p data-lineheight=\"19\" data-fontsize=\"16\"><span style=\"color: #000000;\">Silikoninis apsisukimo prevencijos kra\u0161tas<\/span><\/p>\n<\/li>\n<li style=\"text-align: left;\">\n<p data-lineheight=\"19\" data-fontsize=\"16\"><span style=\"color: #000000;\">Skalbamas<\/span><\/p>\n<\/li>\n<li style=\"text-align: left;\">\n<p data-lineheight=\"19\" data-fontsize=\"16\"><span style=\"color: #000000;\">Neturi latekso<\/span><\/p>\n<\/li>\n<li style=\"text-align: left;\">\n<p data-lineheight=\"19\" data-fontsize=\"16\"><span style=\"color: #000000;\">24 val. naudojimui<\/span><\/p>\n<\/li>\n<\/ul>\n<p><span style=\"color: #000000; font-size: 14.4px;\"> <\/span><\/p>\n<div class=\"fusion-text\">\n<p style=\"text-align: left;\" data-lineheight=\"28\" data-fontsize=\"20\"><span style=\"color: #000000;\"><strong>Dyd\u017eiai:<\/strong><\/span><\/p>\n<\/div>\n<div class=\"row\"  id=\"row-1728355660\">\n\n\t<div id=\"col-591574331\" class=\"col medium-8 small-12 large-8\"  >\n\t\t\t\t<div class=\"col-inner\"  >\n\t\t\t\n\t\t\t\n\t<div class=\"img has-hover x md-x lg-x y md-y lg-y\" id=\"image_1314968619\">\n\t\t\t\t\t\t\t\t<div class=\"img-inner dark\" >\n\t\t\t<img decoding=\"async\" width=\"472\" height=\"228\" src=\"https:\/\/meditex.ee\/wp-content\/uploads\/2018\/03\/Suurused.png\" class=\"attachment-large size-large\" alt=\"\" \/>\t\t\t\t\t\t\n\t\t\t\t\t<\/div>\n\t\t\t\t\t\t\t\t\n<style>\n#image_1314968619 {\n  width: 100%;\n}\n<\/style>\n\t<\/div>\n\t\n<p style=\"text-align: left;\" data-lineheight=\"19\" data-fontsize=\"16\"><span style=\"color: #000000;\">Didesnei paramai pasirinkite vienu numeriu ma\u017eesn\u012f, o silpnesnei paramai vienu numeriu didesn\u012f produkt\u0105.<\/span><\/p>\n<p style=\"text-align: left;\" data-lineheight=\"19\" data-fontsize=\"16\"><span style=\"color: #000000;\">Pastaba! Visada i\u0161simatuokite tinkamo dyd\u017eio nustatymui. <\/span><\/p>\n\t\t<\/div>\n\t\t\t\t\t<\/div>\n\n\t\n\n\t<div id=\"col-756441774\" class=\"col medium-4 small-12 large-4\"  >\n\t\t\t\t<div class=\"col-inner\"  >\n\t\t\t\n\t\t\t\n\t\t<\/div>\n\t\t\t\t\t<\/div>\n\n\t\n<\/div>\n<p style=\"text-align: left;\"><strong>Informacija gamintojo svetain\u0117je:<\/strong> <a href=\"https:\/\/www.corsinel.com\/en\/product\/351850-00-01-1ma\">https:\/\/www.corsinel.com\/en\/product\/351850-00-01-1ma<\/a><\/p>\n<p style=\"text-align: left;\"><strong>Naudingo skaitymo:<\/strong> <a href=\"https:\/\/meditex.ee\/7-tegurit-mis-maaravad-stoomi-ja-songatoote-oige-korguse\/\">https:\/\/meditex.ee\/7-tegurit-mis-maaravad-stoomi-ja-songatoote-oige-korguse\/<\/a><\/p>\n<p style=\"text-align: left;\">Stomos mai\u0161eliai ir stomos prie\u017ei\u016bros priemon\u0117s: <a href=\"https:\/\/stoom.ee\/tooted\/\">https:\/\/stoom.ee\/tooted\/<\/a><br \/>Stomos pacientui nauding\u0173 patarim\u0173 rasite: <a href=\"https:\/\/www.elustoomiga.ee\">https:\/\/www.elustoomiga.ee<\/a><\/p>\n","protected":false},"excerpt":{"rendered":"<p style=\"text-align: left;\"><span style=\"font-size: 75%; color: #000000;\">Maksimalios paramos stomos ir i\u0161var\u017eos dir\u017eas.<\/span><\/p>\n","protected":false},"featured_media":19106,"template":"","meta":[],"product_brand":[],"product_cat":[610],"product_tag":[611,612],"class_list":{"0":"post-19098","1":"product","2":"type-product","3":"status-publish","4":"has-post-thumbnail","6":"product_cat-stomos-ir-isvarzos-dirzai-bei-vamzdeliai","7":"product_tag-corsinel","8":"product_tag-maksimali-parama","10":"first","11":"instock","12":"taxable","13":"shipping-taxable","14":"purchasable","15":"product-type-variable"},"yoast_head":"<!-- This site is optimized with the Yoast SEO plugin v27.3 - https:\/\/yoast.com\/product\/yoast-seo-wordpress\/ -->\n<title>Corsinel Dir\u017eas 15 - Meditex<\/title>\n<meta name=\"robots\" content=\"index, follow, max-snippet:-1, max-image-preview:large, max-video-preview:-1\" \/>\n<link rel=\"canonical\" href=\"https:\/\/meditex.ee\/lt\/product\/corsinel-dirzas-15\/\" \/>\n<meta property=\"og:locale\" content=\"lt_LT\" \/>\n<meta property=\"og:type\" content=\"article\" \/>\n<meta property=\"og:title\" content=\"Corsinel Dir\u017eas 15 - Meditex\" \/>\n<meta property=\"og:description\" content=\"Maksimalios paramos stomos ir i\u0161var\u017eos dir\u017eas.\" \/>\n<meta property=\"og:url\" content=\"https:\/\/meditex.ee\/lt\/product\/corsinel-dirzas-15\/\" \/>\n<meta property=\"og:site_name\" content=\"Meditex\" \/>\n<meta property=\"article:publisher\" content=\"https:\/\/www.facebook.com\/meditexepood\/\" \/>\n<meta property=\"article:modified_time\" content=\"2026-02-04T13:57:08+00:00\" \/>\n<meta property=\"og:image\" content=\"https:\/\/meditex.ee\/wp-content\/uploads\/2018\/04\/Corsinel-Maxsupp-15.png\" \/>\n\t<meta property=\"og:image:width\" content=\"600\" \/>\n\t<meta property=\"og:image:height\" content=\"600\" \/>\n\t<meta property=\"og:image:type\" content=\"image\/png\" \/>\n<meta name=\"twitter:card\" content=\"summary_large_image\" \/>\n<meta name=\"twitter:label1\" content=\"Est. reading time\" \/>\n\t<meta name=\"twitter:data1\" content=\"1 minut\u0117\" \/>\n<script type=\"application\/ld+json\" class=\"yoast-schema-graph\">{\"@context\":\"https:\\\/\\\/schema.org\",\"@graph\":[{\"@type\":\"WebPage\",\"@id\":\"https:\\\/\\\/meditex.ee\\\/lt\\\/product\\\/corsinel-dirzas-15\\\/\",\"url\":\"https:\\\/\\\/meditex.ee\\\/lt\\\/product\\\/corsinel-dirzas-15\\\/\",\"name\":\"Corsinel Dir\u017eas 15 - Meditex\",\"isPartOf\":{\"@id\":\"https:\\\/\\\/meditex.ee\\\/en\\\/#website\"},\"primaryImageOfPage\":{\"@id\":\"https:\\\/\\\/meditex.ee\\\/lt\\\/product\\\/corsinel-dirzas-15\\\/#primaryimage\"},\"image\":{\"@id\":\"https:\\\/\\\/meditex.ee\\\/lt\\\/product\\\/corsinel-dirzas-15\\\/#primaryimage\"},\"thumbnailUrl\":\"https:\\\/\\\/meditex.ee\\\/wp-content\\\/uploads\\\/2018\\\/04\\\/Corsinel-Maxsupp-15.png\",\"datePublished\":\"2026-02-04T13:57:03+00:00\",\"dateModified\":\"2026-02-04T13:57:08+00:00\",\"breadcrumb\":{\"@id\":\"https:\\\/\\\/meditex.ee\\\/lt\\\/product\\\/corsinel-dirzas-15\\\/#breadcrumb\"},\"inLanguage\":\"lt-LT\",\"potentialAction\":[{\"@type\":\"ReadAction\",\"target\":[\"https:\\\/\\\/meditex.ee\\\/lt\\\/product\\\/corsinel-dirzas-15\\\/\"]}]},{\"@type\":\"ImageObject\",\"inLanguage\":\"lt-LT\",\"@id\":\"https:\\\/\\\/meditex.ee\\\/lt\\\/product\\\/corsinel-dirzas-15\\\/#primaryimage\",\"url\":\"https:\\\/\\\/meditex.ee\\\/wp-content\\\/uploads\\\/2018\\\/04\\\/Corsinel-Maxsupp-15.png\",\"contentUrl\":\"https:\\\/\\\/meditex.ee\\\/wp-content\\\/uploads\\\/2018\\\/04\\\/Corsinel-Maxsupp-15.png\",\"width\":600,\"height\":600},{\"@type\":\"BreadcrumbList\",\"@id\":\"https:\\\/\\\/meditex.ee\\\/lt\\\/product\\\/corsinel-dirzas-15\\\/#breadcrumb\",\"itemListElement\":[{\"@type\":\"ListItem\",\"position\":1,\"name\":\"Home\",\"item\":\"https:\\\/\\\/meditex.ee\\\/lt\\\/\"},{\"@type\":\"ListItem\",\"position\":2,\"name\":\"Parduotuv\u0117\",\"item\":\"https:\\\/\\\/meditex.ee\\\/lt\\\/parduotuve\\\/\"},{\"@type\":\"ListItem\",\"position\":3,\"name\":\"Corsinel Dir\u017eas 15\"}]},{\"@type\":\"WebSite\",\"@id\":\"https:\\\/\\\/meditex.ee\\\/en\\\/#website\",\"url\":\"https:\\\/\\\/meditex.ee\\\/en\\\/\",\"name\":\"Meditex\",\"description\":\"\",\"publisher\":{\"@id\":\"https:\\\/\\\/meditex.ee\\\/en\\\/#organization\"},\"potentialAction\":[{\"@type\":\"SearchAction\",\"target\":{\"@type\":\"EntryPoint\",\"urlTemplate\":\"https:\\\/\\\/meditex.ee\\\/en\\\/?s={search_term_string}\"},\"query-input\":{\"@type\":\"PropertyValueSpecification\",\"valueRequired\":true,\"valueName\":\"search_term_string\"}}],\"inLanguage\":\"lt-LT\"},{\"@type\":\"Organization\",\"@id\":\"https:\\\/\\\/meditex.ee\\\/en\\\/#organization\",\"name\":\"Meditex\",\"url\":\"https:\\\/\\\/meditex.ee\\\/en\\\/\",\"logo\":{\"@type\":\"ImageObject\",\"inLanguage\":\"lt-LT\",\"@id\":\"https:\\\/\\\/meditex.ee\\\/en\\\/#\\\/schema\\\/logo\\\/image\\\/\",\"url\":\"https:\\\/\\\/meditex.ee\\\/wp-content\\\/uploads\\\/2018\\\/03\\\/mdtx_logo.png\",\"contentUrl\":\"https:\\\/\\\/meditex.ee\\\/wp-content\\\/uploads\\\/2018\\\/03\\\/mdtx_logo.png\",\"width\":669,\"height\":235,\"caption\":\"Meditex\"},\"image\":{\"@id\":\"https:\\\/\\\/meditex.ee\\\/en\\\/#\\\/schema\\\/logo\\\/image\\\/\"},\"sameAs\":[\"https:\\\/\\\/www.facebook.com\\\/meditexepood\\\/\"]}]}<\/script>\n<!-- \/ Yoast SEO plugin. -->","yoast_head_json":{"title":"Corsinel Dir\u017eas 15 - Meditex","robots":{"index":"index","follow":"follow","max-snippet":"max-snippet:-1","max-image-preview":"max-image-preview:large","max-video-preview":"max-video-preview:-1"},"canonical":"https:\/\/meditex.ee\/lt\/product\/corsinel-dirzas-15\/","og_locale":"lt_LT","og_type":"article","og_title":"Corsinel Dir\u017eas 15 - Meditex","og_description":"Maksimalios paramos stomos ir i\u0161var\u017eos dir\u017eas.","og_url":"https:\/\/meditex.ee\/lt\/product\/corsinel-dirzas-15\/","og_site_name":"Meditex","article_publisher":"https:\/\/www.facebook.com\/meditexepood\/","article_modified_time":"2026-02-04T13:57:08+00:00","og_image":[{"width":600,"height":600,"url":"https:\/\/meditex.ee\/wp-content\/uploads\/2018\/04\/Corsinel-Maxsupp-15.png","type":"image\/png"}],"twitter_card":"summary_large_image","twitter_misc":{"Est. reading time":"1 minut\u0117"},"schema":{"@context":"https:\/\/schema.org","@graph":[{"@type":"WebPage","@id":"https:\/\/meditex.ee\/lt\/product\/corsinel-dirzas-15\/","url":"https:\/\/meditex.ee\/lt\/product\/corsinel-dirzas-15\/","name":"Corsinel Dir\u017eas 15 - Meditex","isPartOf":{"@id":"https:\/\/meditex.ee\/en\/#website"},"primaryImageOfPage":{"@id":"https:\/\/meditex.ee\/lt\/product\/corsinel-dirzas-15\/#primaryimage"},"image":{"@id":"https:\/\/meditex.ee\/lt\/product\/corsinel-dirzas-15\/#primaryimage"},"thumbnailUrl":"https:\/\/meditex.ee\/wp-content\/uploads\/2018\/04\/Corsinel-Maxsupp-15.png","datePublished":"2026-02-04T13:57:03+00:00","dateModified":"2026-02-04T13:57:08+00:00","breadcrumb":{"@id":"https:\/\/meditex.ee\/lt\/product\/corsinel-dirzas-15\/#breadcrumb"},"inLanguage":"lt-LT","potentialAction":[{"@type":"ReadAction","target":["https:\/\/meditex.ee\/lt\/product\/corsinel-dirzas-15\/"]}]},{"@type":"ImageObject","inLanguage":"lt-LT","@id":"https:\/\/meditex.ee\/lt\/product\/corsinel-dirzas-15\/#primaryimage","url":"https:\/\/meditex.ee\/wp-content\/uploads\/2018\/04\/Corsinel-Maxsupp-15.png","contentUrl":"https:\/\/meditex.ee\/wp-content\/uploads\/2018\/04\/Corsinel-Maxsupp-15.png","width":600,"height":600},{"@type":"BreadcrumbList","@id":"https:\/\/meditex.ee\/lt\/product\/corsinel-dirzas-15\/#breadcrumb","itemListElement":[{"@type":"ListItem","position":1,"name":"Home","item":"https:\/\/meditex.ee\/lt\/"},{"@type":"ListItem","position":2,"name":"Parduotuv\u0117","item":"https:\/\/meditex.ee\/lt\/parduotuve\/"},{"@type":"ListItem","position":3,"name":"Corsinel Dir\u017eas 15"}]},{"@type":"WebSite","@id":"https:\/\/meditex.ee\/en\/#website","url":"https:\/\/meditex.ee\/en\/","name":"Meditex","description":"","publisher":{"@id":"https:\/\/meditex.ee\/en\/#organization"},"potentialAction":[{"@type":"SearchAction","target":{"@type":"EntryPoint","urlTemplate":"https:\/\/meditex.ee\/en\/?s={search_term_string}"},"query-input":{"@type":"PropertyValueSpecification","valueRequired":true,"valueName":"search_term_string"}}],"inLanguage":"lt-LT"},{"@type":"Organization","@id":"https:\/\/meditex.ee\/en\/#organization","name":"Meditex","url":"https:\/\/meditex.ee\/en\/","logo":{"@type":"ImageObject","inLanguage":"lt-LT","@id":"https:\/\/meditex.ee\/en\/#\/schema\/logo\/image\/","url":"https:\/\/meditex.ee\/wp-content\/uploads\/2018\/03\/mdtx_logo.png","contentUrl":"https:\/\/meditex.ee\/wp-content\/uploads\/2018\/03\/mdtx_logo.png","width":669,"height":235,"caption":"Meditex"},"image":{"@id":"https:\/\/meditex.ee\/en\/#\/schema\/logo\/image\/"},"sameAs":["https:\/\/www.facebook.com\/meditexepood\/"]}]}},"_links":{"self":[{"href":"https:\/\/meditex.ee\/lt\/wp-json\/wp\/v2\/product\/19098","targetHints":{"allow":["GET"]}}],"collection":[{"href":"https:\/\/meditex.ee\/lt\/wp-json\/wp\/v2\/product"}],"about":[{"href":"https:\/\/meditex.ee\/lt\/wp-json\/wp\/v2\/types\/product"}],"wp:featuredmedia":[{"embeddable":true,"href":"https:\/\/meditex.ee\/lt\/wp-json\/wp\/v2\/media\/19106"}],"wp:attachment":[{"href":"https:\/\/meditex.ee\/lt\/wp-json\/wp\/v2\/media?parent=19098"}],"wp:term":[{"taxonomy":"product_brand","embeddable":true,"href":"https:\/\/meditex.ee\/lt\/wp-json\/wp\/v2\/product_brand?post=19098"},{"taxonomy":"product_cat","embeddable":true,"href":"https:\/\/meditex.ee\/lt\/wp-json\/wp\/v2\/product_cat?post=19098"},{"taxonomy":"product_tag","embeddable":true,"href":"https:\/\/meditex.ee\/lt\/wp-json\/wp\/v2\/product_tag?post=19098"}],"curies":[{"name":"wp","href":"https:\/\/api.w.org\/{rel}","templated":true}]}}