{"id":18969,"date":"2026-02-04T13:52:16","date_gmt":"2026-02-04T13:52:16","guid":{"rendered":"https:\/\/meditex.ee\/product\/carefix-sophia\/"},"modified":"2026-02-23T20:43:07","modified_gmt":"2026-02-23T20:43:07","slug":"carefix-sophia","status":"publish","type":"product","link":"https:\/\/meditex.ee\/lt\/produktas\/carefix-sophia\/","title":{"rendered":"Carefix Sophia"},"content":{"rendered":"<div class=\"row align-bottom\"  id=\"row-110167147\">\n\n\t<div id=\"col-2141699889\" class=\"col medium-4 small-12 large-4\"  >\n\t\t\t\t<div class=\"col-inner\"  >\n\t\t\t\n\t\t\t\n<h3>KOMPRESIJOS LYGIS 1 &#8211; AUK\u0160TAS<\/h3>\n\t\t<\/div>\n\t\t\t\t\t<\/div>\n\n\t\n\n\t<div id=\"col-288514752\" class=\"col medium-4 small-12 large-4\"  >\n\t\t\t\t<div class=\"col-inner\"  >\n\t\t\t\n\t\t\t\n\t\t<\/div>\n\t\t\t\t\t<\/div>\n\n\t\n\n\t<div id=\"col-1423354089\" class=\"col medium-4 small-12 large-4\"  >\n\t\t\t\t<div class=\"col-inner text-right\"  >\n\t\t\t\n\t\t\t\n\t<div class=\"img has-hover x md-x lg-x y md-y lg-y\" id=\"image_91007917\">\n\t\t\t\t\t\t\t\t<div class=\"img-inner dark\" >\n\t\t\t<img decoding=\"async\" width=\"1020\" height=\"315\" src=\"https:\/\/meditex.ee\/wp-content\/uploads\/2018\/03\/CAREFIX_PAYOFF_4F-1400x433.png\" class=\"attachment-large size-large\" alt=\"\" srcset=\"https:\/\/meditex.ee\/wp-content\/uploads\/2018\/03\/CAREFIX_PAYOFF_4F-1400x433.png 1400w, https:\/\/meditex.ee\/wp-content\/uploads\/2018\/03\/CAREFIX_PAYOFF_4F-510x158.png 510w, https:\/\/meditex.ee\/wp-content\/uploads\/2018\/03\/CAREFIX_PAYOFF_4F-800x248.png 800w, https:\/\/meditex.ee\/wp-content\/uploads\/2018\/03\/CAREFIX_PAYOFF_4F-768x238.png 768w, https:\/\/meditex.ee\/wp-content\/uploads\/2018\/03\/CAREFIX_PAYOFF_4F-600x186.png 600w, https:\/\/meditex.ee\/wp-content\/uploads\/2018\/03\/CAREFIX_PAYOFF_4F.png 2038w\" sizes=\"(max-width: 1020px) 100vw, 1020px\" \/>\t\t\t\t\t\t\n\t\t\t\t\t<\/div>\n\t\t\t\t\t\t\t\t\n<style>\n#image_91007917 {\n  width: 50%;\n}\n<\/style>\n\t<\/div>\n\t\n\t\t<\/div>\n\t\t\t\t\t<\/div>\n\n\t\n<\/div>\n<p style=\"text-align: left;\" data-fontsize=\"16\" data-lineheight=\"19\"><span style=\"color: #000000;\"><strong>APRA\u0160YMAS:<\/strong> Sophia pla\u010di\u0173 petne\u0161\u0117li\u0173 liemen\u0117l\u0117 skatina gijimo proces\u0105 kontroliuojamos kompresijos d\u0117ka. Ji visi\u0161kai atsegama, leid\u017eianti lengvai patikrinti \u017eaizd\u0105 ir sukurta u\u017etikrinti optimal\u0173 komfort\u0105 bei odos draugi\u0161kum\u0105. <\/span><\/p>\n<p style=\"text-align: left;\" data-fontsize=\"16\" data-lineheight=\"19\"><span style=\"color: #000000;\">Sophia u\u017etikrina operuot\u0173 kr\u016bt\u0173 stabilizavim\u0105 ir imobilizacij\u0105. Ji skatina gijimo proces\u0105, kontroliuodama kompresij\u0105 operuotuose audiniuose. <\/span><\/p>\n<p style=\"text-align: left;\" data-fontsize=\"16\" data-lineheight=\"19\"><span style=\"color: #000000;\">Liemen\u0117l\u0117 padeda \u017eaizd\u0173 gijimui ir apsaugai, ma\u017eindama patinim\u0173 ir pooperacini\u0173 komplikacij\u0173 rizik\u0105.<\/span><\/p>\n<p style=\"text-align: left;\" data-fontsize=\"16\" data-lineheight=\"19\"><span style=\"color: #000000;\">Liemen\u0117l\u0117 visi\u0161kai atsegama priekyje u\u017etrauktuku ir apatiniais kabliukais bei lipuk\u0173 tvirtinimais petne\u0161\u0117l\u0117se, u\u017etikrinant lengv\u0105 pritaikym\u0105 tiek medicinos darbuotojui, tiek \u012fprastam vartotojui. Priekinis atsegimas u\u017etikrina paprast\u0105 \u017eaizdos steb\u0117jim\u0105. <\/span><\/p>\n<p style=\"text-align: left;\" data-fontsize=\"16\" data-lineheight=\"19\"><span style=\"color: #000000;\">100% besi\u016bl\u0117 mezgimo technologija padidina naudojimo komfort\u0105, i\u0161vengia spaudimo ta\u0161k\u0173 susidarymo ir audini\u0173 dirginimo, d\u0117l ko pasiekiamas odos draugi\u0161kumas.<\/span><\/p>\n<p style=\"text-align: left;\" data-fontsize=\"16\" data-lineheight=\"19\"><span style=\"color: #000000;\"><strong>AUDINIO SUD\u0116TIS:<\/strong> 78% medviln\u0117, 15% poliamidas, 7% elastanas<\/span><\/p>\n<a href=\"https:\/\/meditex.ee\/suuruse-valimine-carefix\/\" class=\"button primary is-underline expand\" >\n\t\t<span>Tinkamo dyd\u017eio pasirinkimas<\/span>\n\t<\/a>\n\n\t<div class=\"box has-hover   has-hover box-text-bottom\" >\n\n\t\t<div class=\"box-image\" >\n\t\t\t\t\t\t<div class=\"\" >\n\t\t\t\t<img decoding=\"async\" width=\"659\" height=\"142\" src=\"https:\/\/meditex.ee\/wp-content\/uploads\/2020\/12\/Carefix-bra-sizechart_Sophia_100.jpg\" class=\"attachment- size-\" alt=\"\" srcset=\"https:\/\/meditex.ee\/wp-content\/uploads\/2020\/12\/Carefix-bra-sizechart_Sophia_100.jpg 659w, https:\/\/meditex.ee\/wp-content\/uploads\/2020\/12\/Carefix-bra-sizechart_Sophia_100-510x110.jpg 510w, https:\/\/meditex.ee\/wp-content\/uploads\/2020\/12\/Carefix-bra-sizechart_Sophia_100-600x129.jpg 600w\" sizes=\"(max-width: 659px) 100vw, 659px\" \/>\t\t\t\t\t\t\t\t\t\t\t<\/div>\n\t\t\t\t\t<\/div>\n\n\t\t<div class=\"box-text text-center\" >\n\t\t\t<div class=\"box-text-inner\">\n\t\t\t\t\n<p style=\"text-align: left;\">PASTABA. Nelyginkite Carefix liemen\u0117li\u0173 dyd\u017ei\u0173 su \u012fprast\u0173 liemen\u0117li\u0173 dyd\u017eiais. Kadangi Carefix liemen\u0117li\u0173 tikslas yra suteikti param\u0105 ir kompresij\u0105, jos turi b\u016bti glaud\u017eiai priglundan\u010dios ir gali atrodyti ma\u017eos.  <\/p>\n\t\t\t<\/div>\n\t\t<\/div>\n\t<\/div>\n\t\n\t<div class=\"box has-hover   has-hover box-text-bottom\" >\n\n\t\t<div class=\"box-image\" >\n\t\t\t\t\t\t<div class=\"\" >\n\t\t\t\t<img decoding=\"async\" width=\"900\" height=\"472\" src=\"https:\/\/meditex.ee\/wp-content\/uploads\/2018\/03\/sophia_front-back.png\" class=\"attachment- size-\" alt=\"\" srcset=\"https:\/\/meditex.ee\/wp-content\/uploads\/2018\/03\/sophia_front-back.png 900w, https:\/\/meditex.ee\/wp-content\/uploads\/2018\/03\/sophia_front-back-510x267.png 510w, https:\/\/meditex.ee\/wp-content\/uploads\/2018\/03\/sophia_front-back-763x400.png 763w, https:\/\/meditex.ee\/wp-content\/uploads\/2018\/03\/sophia_front-back-768x403.png 768w, https:\/\/meditex.ee\/wp-content\/uploads\/2018\/03\/sophia_front-back-600x315.png 600w\" sizes=\"(max-width: 900px) 100vw, 900px\" \/>\t\t\t\t\t\t\t\t\t\t\t<\/div>\n\t\t\t\t\t<\/div>\n\n\t\t<div class=\"box-text text-center\" >\n\t\t\t<div class=\"box-text-inner\">\n\t\t\t\t\n<p style=\"text-align: left;\"><span style=\"color: #e14d43;\">KOMPRESIJOS ZONOS, KUR NR. 1 \u017dYMI STIPRIAUSI\u0104 KOMPRESIJ\u0104<\/span><\/p>\n\t\t\t<\/div>\n\t\t<\/div>\n\t<\/div>\n\t\n<p style=\"text-align: left;\"><span style=\"font-weight: 400;\">Mezgimo strukt\u016bra skirtingose kompresijos ir paramos zonose visada nustatoma pagal chirurg\u0173 ir slaugytoj\u0173 pageidavimus bei rekomendacijas, taip pat zonos viet\u0105 ir dyd\u012f.<\/span><\/p>\n<p style=\"text-align: left;\"><span style=\"font-weight: 400;\">Vis\u0173 Carefix liemen\u0117li\u0173 skirting\u0173 modeli\u0173 kompresijos ir paramos zonos testuojamos su tikrais pacientais. Kiekvienas liemen\u0117l\u0117s modelis testuojamas indikacij\u0173, medicinin\u0117s veiklos ir komforto at\u017evilgiu. Apibendrinant, tai rei\u0161kia, kad mezgimo strukt\u016bra, kiekvienos kompresijos ir paramos zonos vieta bei dydis kruop\u0161\u010diai parenkami pagal chirurg\u0173, slaugytoj\u0173 ir galutini\u0173 vartotoj\u0173 rekomendacijas bei pageidavimus.  <\/span><\/p>\n<p style=\"text-align: left;\"><span style=\"font-weight: 400;\">Kiekvienos liemen\u0117l\u0117s skirting\u0173 zon\u0173 derinys grind\u017eiamas:<\/span><\/p>\n<ul style=\"text-align: left;\">\n<li><span style=\"font-weight: 400;\">  vartotoj\u0173 testais (bandym\u0173 ir klaid\u0173 metodas).<\/span><\/li>\n<li><span style=\"font-weight: 400;\">  unikaliu ir stipriu bendradarbiavimu su sveikatos prie\u017ei\u016bros darbuotojais, paprastai chirurgais ir slaugytojais.<\/span><\/li>\n<\/ul>\n<p style=\"text-align: left;\"><span style=\"font-weight: 400;\">I\u0161bandyta daug derini\u0173, tod\u0117l liemen\u0117li\u0173 galutinis veikimas yra kruop\u0161\u010diai suderintas ir savo klas\u0117s geriausias rezultatas tiek tinkamumu ir komfortu (vartotojams), tiek klinikiniu ir medicininiu veikimu (profesionalus aspektas).<\/span><\/p>\n<p style=\"text-align: left;\"><span style=\"font-weight: 400;\">Puikus kompresijos ir paramos zon\u0173 derinys, atsi\u017evelgiant \u012f medicinos ekspert\u0173 ir vartotoj\u0173 rekomendacijas, daro kiekvien\u0105 liemen\u0117l\u0117s model\u012f unikal\u0173.<\/span><\/p>\n\t<div id=\"gap-1887277623\" class=\"gap-element clearfix\" style=\"display:block; height:auto;\">\n\t\t\n<style>\n#gap-1887277623 {\n  padding-top: 30px;\n}\n<\/style>\n\t<\/div>\n\t\n<p style=\"text-align: left;\">Informacija gamintojo svetain\u0117je (angl\u0173 kalba) <a href=\"https:\/\/shorturl.at\/jtKM7\">https:\/\/shorturl.at\/jtKM7<\/a><\/p>\n<p>Apie Carefix liemen\u0117li\u0173 savybes skaitykite pla\u010diau \u010dia <a href=\"https:\/\/meditex.ee\/carefix\/\">https:\/\/meditex.ee\/carefix\/<\/a><\/p>\n","protected":false},"excerpt":{"rendered":"<p style=\"text-align: left;\" data-fontsize=\"16\" data-lineheight=\"19\"><span style=\"font-size: 85%; color: #000000;\">Pla\u010di\u0173 petne\u0161\u0117li\u0173 pooperacin\u0117 liemen\u0117l\u0117 naudojimui po kr\u016bties operacijos, ypa\u010d po mastektomijos. Turi ki\u0161enes Carefix u\u017epild\u0173 pagalv\u0117l\u0117ms (ne\u012ftrauktos u\u017epild\u0173 pagalv\u0117l\u0117s). <\/span><\/p>\n","protected":false},"featured_media":18983,"template":"","meta":[],"product_brand":[],"product_cat":[603],"product_tag":[604],"class_list":{"0":"post-18969","1":"product","2":"type-product","3":"status-publish","4":"has-post-thumbnail","6":"product_cat-pooperacines-liemeneles","7":"product_tag-carefix","9":"first","10":"instock","11":"taxable","12":"shipping-taxable","13":"purchasable","14":"product-type-variable"},"yoast_head":"<!-- This site is optimized with the Yoast SEO plugin v27.3 - https:\/\/yoast.com\/product\/yoast-seo-wordpress\/ -->\n<title>Carefix\u00ae Sophia pla\u010di\u0173 petne\u0161\u0117li\u0173 liemen\u0117l\u0117 - Meditex .ee<\/title>\n<meta name=\"description\" content=\"Pla\u010di\u0173 petne\u0161\u0117li\u0173 Sophia liemen\u0117l\u0117 u\u017etikrina fiksavim\u0105, stabilizavim\u0105 ir param\u0105 tokiu lygiu, kurio neturi \u012fprasta ar sportin\u0117 liemen\u0117l\u0117.\" \/>\n<meta name=\"robots\" content=\"index, follow, max-snippet:-1, max-image-preview:large, max-video-preview:-1\" \/>\n<link rel=\"canonical\" href=\"https:\/\/meditex.ee\/lt\/produktas\/carefix-sophia\/\" \/>\n<meta property=\"og:locale\" content=\"lt_LT\" \/>\n<meta property=\"og:type\" content=\"article\" \/>\n<meta property=\"og:title\" content=\"Carefix\u00ae Sophia pla\u010di\u0173 petne\u0161\u0117li\u0173 liemen\u0117l\u0117 - Meditex .ee\" \/>\n<meta property=\"og:description\" content=\"Pla\u010di\u0173 petne\u0161\u0117li\u0173 Sophia liemen\u0117l\u0117 u\u017etikrina fiksavim\u0105, stabilizavim\u0105 ir param\u0105 tokiu lygiu, kurio neturi \u012fprasta ar sportin\u0117 liemen\u0117l\u0117.\" \/>\n<meta property=\"og:url\" content=\"https:\/\/meditex.ee\/lt\/produktas\/carefix-sophia\/\" \/>\n<meta property=\"og:site_name\" content=\"Meditex\" \/>\n<meta property=\"article:publisher\" content=\"https:\/\/www.facebook.com\/meditexepood\/\" \/>\n<meta property=\"article:modified_time\" content=\"2026-02-23T20:43:07+00:00\" \/>\n<meta property=\"og:image\" content=\"https:\/\/meditex.ee\/wp-content\/uploads\/2018\/03\/Sophia_3342_BL_Front1_300-medium.jpg\" \/>\n\t<meta property=\"og:image:width\" content=\"1252\" \/>\n\t<meta property=\"og:image:height\" content=\"1600\" \/>\n\t<meta property=\"og:image:type\" content=\"image\/jpeg\" \/>\n<meta name=\"twitter:card\" content=\"summary_large_image\" \/>\n<meta name=\"twitter:label1\" content=\"Est. reading time\" \/>\n\t<meta name=\"twitter:data1\" content=\"2 minut\u0117\" \/>\n<script type=\"application\/ld+json\" class=\"yoast-schema-graph\">{\"@context\":\"https:\\\/\\\/schema.org\",\"@graph\":[{\"@type\":\"WebPage\",\"@id\":\"https:\\\/\\\/meditex.ee\\\/lt\\\/produktas\\\/carefix-sophia\\\/\",\"url\":\"https:\\\/\\\/meditex.ee\\\/lt\\\/produktas\\\/carefix-sophia\\\/\",\"name\":\"Carefix\u00ae Sophia pla\u010di\u0173 petne\u0161\u0117li\u0173 liemen\u0117l\u0117 - Meditex .ee\",\"isPartOf\":{\"@id\":\"https:\\\/\\\/meditex.ee\\\/en\\\/#website\"},\"primaryImageOfPage\":{\"@id\":\"https:\\\/\\\/meditex.ee\\\/lt\\\/produktas\\\/carefix-sophia\\\/#primaryimage\"},\"image\":{\"@id\":\"https:\\\/\\\/meditex.ee\\\/lt\\\/produktas\\\/carefix-sophia\\\/#primaryimage\"},\"thumbnailUrl\":\"https:\\\/\\\/meditex.ee\\\/wp-content\\\/uploads\\\/2018\\\/03\\\/Sophia_3342_BL_Front1_300-medium.jpg\",\"datePublished\":\"2026-02-04T13:52:16+00:00\",\"dateModified\":\"2026-02-23T20:43:07+00:00\",\"description\":\"Pla\u010di\u0173 petne\u0161\u0117li\u0173 Sophia liemen\u0117l\u0117 u\u017etikrina fiksavim\u0105, stabilizavim\u0105 ir param\u0105 tokiu lygiu, kurio neturi \u012fprasta ar sportin\u0117 liemen\u0117l\u0117.\",\"breadcrumb\":{\"@id\":\"https:\\\/\\\/meditex.ee\\\/lt\\\/produktas\\\/carefix-sophia\\\/#breadcrumb\"},\"inLanguage\":\"lt-LT\",\"potentialAction\":[{\"@type\":\"ReadAction\",\"target\":[\"https:\\\/\\\/meditex.ee\\\/lt\\\/produktas\\\/carefix-sophia\\\/\"]}]},{\"@type\":\"ImageObject\",\"inLanguage\":\"lt-LT\",\"@id\":\"https:\\\/\\\/meditex.ee\\\/lt\\\/produktas\\\/carefix-sophia\\\/#primaryimage\",\"url\":\"https:\\\/\\\/meditex.ee\\\/wp-content\\\/uploads\\\/2018\\\/03\\\/Sophia_3342_BL_Front1_300-medium.jpg\",\"contentUrl\":\"https:\\\/\\\/meditex.ee\\\/wp-content\\\/uploads\\\/2018\\\/03\\\/Sophia_3342_BL_Front1_300-medium.jpg\",\"width\":1252,\"height\":1600,\"caption\":\"Carefix Sophia pla\u010di\u0173 petne\u0161\u0117li\u0173 liemen\u0117l\u0117\"},{\"@type\":\"BreadcrumbList\",\"@id\":\"https:\\\/\\\/meditex.ee\\\/lt\\\/produktas\\\/carefix-sophia\\\/#breadcrumb\",\"itemListElement\":[{\"@type\":\"ListItem\",\"position\":1,\"name\":\"Home\",\"item\":\"https:\\\/\\\/meditex.ee\\\/lt\\\/\"},{\"@type\":\"ListItem\",\"position\":2,\"name\":\"Parduotuv\u0117\",\"item\":\"https:\\\/\\\/meditex.ee\\\/lt\\\/parduotuve\\\/\"},{\"@type\":\"ListItem\",\"position\":3,\"name\":\"Carefix Sophia\"}]},{\"@type\":\"WebSite\",\"@id\":\"https:\\\/\\\/meditex.ee\\\/en\\\/#website\",\"url\":\"https:\\\/\\\/meditex.ee\\\/en\\\/\",\"name\":\"Meditex\",\"description\":\"\",\"publisher\":{\"@id\":\"https:\\\/\\\/meditex.ee\\\/en\\\/#organization\"},\"potentialAction\":[{\"@type\":\"SearchAction\",\"target\":{\"@type\":\"EntryPoint\",\"urlTemplate\":\"https:\\\/\\\/meditex.ee\\\/en\\\/?s={search_term_string}\"},\"query-input\":{\"@type\":\"PropertyValueSpecification\",\"valueRequired\":true,\"valueName\":\"search_term_string\"}}],\"inLanguage\":\"lt-LT\"},{\"@type\":\"Organization\",\"@id\":\"https:\\\/\\\/meditex.ee\\\/en\\\/#organization\",\"name\":\"Meditex\",\"url\":\"https:\\\/\\\/meditex.ee\\\/en\\\/\",\"logo\":{\"@type\":\"ImageObject\",\"inLanguage\":\"lt-LT\",\"@id\":\"https:\\\/\\\/meditex.ee\\\/en\\\/#\\\/schema\\\/logo\\\/image\\\/\",\"url\":\"https:\\\/\\\/meditex.ee\\\/wp-content\\\/uploads\\\/2018\\\/03\\\/mdtx_logo.png\",\"contentUrl\":\"https:\\\/\\\/meditex.ee\\\/wp-content\\\/uploads\\\/2018\\\/03\\\/mdtx_logo.png\",\"width\":669,\"height\":235,\"caption\":\"Meditex\"},\"image\":{\"@id\":\"https:\\\/\\\/meditex.ee\\\/en\\\/#\\\/schema\\\/logo\\\/image\\\/\"},\"sameAs\":[\"https:\\\/\\\/www.facebook.com\\\/meditexepood\\\/\"]}]}<\/script>\n<!-- \/ Yoast SEO plugin. -->","yoast_head_json":{"title":"Carefix\u00ae Sophia pla\u010di\u0173 petne\u0161\u0117li\u0173 liemen\u0117l\u0117 - Meditex .ee","description":"Pla\u010di\u0173 petne\u0161\u0117li\u0173 Sophia liemen\u0117l\u0117 u\u017etikrina fiksavim\u0105, stabilizavim\u0105 ir param\u0105 tokiu lygiu, kurio neturi \u012fprasta ar sportin\u0117 liemen\u0117l\u0117.","robots":{"index":"index","follow":"follow","max-snippet":"max-snippet:-1","max-image-preview":"max-image-preview:large","max-video-preview":"max-video-preview:-1"},"canonical":"https:\/\/meditex.ee\/lt\/produktas\/carefix-sophia\/","og_locale":"lt_LT","og_type":"article","og_title":"Carefix\u00ae Sophia pla\u010di\u0173 petne\u0161\u0117li\u0173 liemen\u0117l\u0117 - Meditex .ee","og_description":"Pla\u010di\u0173 petne\u0161\u0117li\u0173 Sophia liemen\u0117l\u0117 u\u017etikrina fiksavim\u0105, stabilizavim\u0105 ir param\u0105 tokiu lygiu, kurio neturi \u012fprasta ar sportin\u0117 liemen\u0117l\u0117.","og_url":"https:\/\/meditex.ee\/lt\/produktas\/carefix-sophia\/","og_site_name":"Meditex","article_publisher":"https:\/\/www.facebook.com\/meditexepood\/","article_modified_time":"2026-02-23T20:43:07+00:00","og_image":[{"width":1252,"height":1600,"url":"https:\/\/meditex.ee\/wp-content\/uploads\/2018\/03\/Sophia_3342_BL_Front1_300-medium.jpg","type":"image\/jpeg"}],"twitter_card":"summary_large_image","twitter_misc":{"Est. reading time":"2 minut\u0117"},"schema":{"@context":"https:\/\/schema.org","@graph":[{"@type":"WebPage","@id":"https:\/\/meditex.ee\/lt\/produktas\/carefix-sophia\/","url":"https:\/\/meditex.ee\/lt\/produktas\/carefix-sophia\/","name":"Carefix\u00ae Sophia pla\u010di\u0173 petne\u0161\u0117li\u0173 liemen\u0117l\u0117 - Meditex .ee","isPartOf":{"@id":"https:\/\/meditex.ee\/en\/#website"},"primaryImageOfPage":{"@id":"https:\/\/meditex.ee\/lt\/produktas\/carefix-sophia\/#primaryimage"},"image":{"@id":"https:\/\/meditex.ee\/lt\/produktas\/carefix-sophia\/#primaryimage"},"thumbnailUrl":"https:\/\/meditex.ee\/wp-content\/uploads\/2018\/03\/Sophia_3342_BL_Front1_300-medium.jpg","datePublished":"2026-02-04T13:52:16+00:00","dateModified":"2026-02-23T20:43:07+00:00","description":"Pla\u010di\u0173 petne\u0161\u0117li\u0173 Sophia liemen\u0117l\u0117 u\u017etikrina fiksavim\u0105, stabilizavim\u0105 ir param\u0105 tokiu lygiu, kurio neturi \u012fprasta ar sportin\u0117 liemen\u0117l\u0117.","breadcrumb":{"@id":"https:\/\/meditex.ee\/lt\/produktas\/carefix-sophia\/#breadcrumb"},"inLanguage":"lt-LT","potentialAction":[{"@type":"ReadAction","target":["https:\/\/meditex.ee\/lt\/produktas\/carefix-sophia\/"]}]},{"@type":"ImageObject","inLanguage":"lt-LT","@id":"https:\/\/meditex.ee\/lt\/produktas\/carefix-sophia\/#primaryimage","url":"https:\/\/meditex.ee\/wp-content\/uploads\/2018\/03\/Sophia_3342_BL_Front1_300-medium.jpg","contentUrl":"https:\/\/meditex.ee\/wp-content\/uploads\/2018\/03\/Sophia_3342_BL_Front1_300-medium.jpg","width":1252,"height":1600,"caption":"Carefix Sophia pla\u010di\u0173 petne\u0161\u0117li\u0173 liemen\u0117l\u0117"},{"@type":"BreadcrumbList","@id":"https:\/\/meditex.ee\/lt\/produktas\/carefix-sophia\/#breadcrumb","itemListElement":[{"@type":"ListItem","position":1,"name":"Home","item":"https:\/\/meditex.ee\/lt\/"},{"@type":"ListItem","position":2,"name":"Parduotuv\u0117","item":"https:\/\/meditex.ee\/lt\/parduotuve\/"},{"@type":"ListItem","position":3,"name":"Carefix Sophia"}]},{"@type":"WebSite","@id":"https:\/\/meditex.ee\/en\/#website","url":"https:\/\/meditex.ee\/en\/","name":"Meditex","description":"","publisher":{"@id":"https:\/\/meditex.ee\/en\/#organization"},"potentialAction":[{"@type":"SearchAction","target":{"@type":"EntryPoint","urlTemplate":"https:\/\/meditex.ee\/en\/?s={search_term_string}"},"query-input":{"@type":"PropertyValueSpecification","valueRequired":true,"valueName":"search_term_string"}}],"inLanguage":"lt-LT"},{"@type":"Organization","@id":"https:\/\/meditex.ee\/en\/#organization","name":"Meditex","url":"https:\/\/meditex.ee\/en\/","logo":{"@type":"ImageObject","inLanguage":"lt-LT","@id":"https:\/\/meditex.ee\/en\/#\/schema\/logo\/image\/","url":"https:\/\/meditex.ee\/wp-content\/uploads\/2018\/03\/mdtx_logo.png","contentUrl":"https:\/\/meditex.ee\/wp-content\/uploads\/2018\/03\/mdtx_logo.png","width":669,"height":235,"caption":"Meditex"},"image":{"@id":"https:\/\/meditex.ee\/en\/#\/schema\/logo\/image\/"},"sameAs":["https:\/\/www.facebook.com\/meditexepood\/"]}]}},"_links":{"self":[{"href":"https:\/\/meditex.ee\/lt\/wp-json\/wp\/v2\/product\/18969","targetHints":{"allow":["GET"]}}],"collection":[{"href":"https:\/\/meditex.ee\/lt\/wp-json\/wp\/v2\/product"}],"about":[{"href":"https:\/\/meditex.ee\/lt\/wp-json\/wp\/v2\/types\/product"}],"wp:featuredmedia":[{"embeddable":true,"href":"https:\/\/meditex.ee\/lt\/wp-json\/wp\/v2\/media\/18983"}],"wp:attachment":[{"href":"https:\/\/meditex.ee\/lt\/wp-json\/wp\/v2\/media?parent=18969"}],"wp:term":[{"taxonomy":"product_brand","embeddable":true,"href":"https:\/\/meditex.ee\/lt\/wp-json\/wp\/v2\/product_brand?post=18969"},{"taxonomy":"product_cat","embeddable":true,"href":"https:\/\/meditex.ee\/lt\/wp-json\/wp\/v2\/product_cat?post=18969"},{"taxonomy":"product_tag","embeddable":true,"href":"https:\/\/meditex.ee\/lt\/wp-json\/wp\/v2\/product_tag?post=18969"}],"curies":[{"name":"wp","href":"https:\/\/api.w.org\/{rel}","templated":true}]}}