{"id":19752,"date":"2026-02-04T14:09:41","date_gmt":"2026-02-04T14:09:41","guid":{"rendered":"https:\/\/meditex.ee\/tytex\/"},"modified":"2026-02-04T14:09:43","modified_gmt":"2026-02-04T14:09:43","slug":"tytex","status":"publish","type":"page","link":"https:\/\/meditex.ee\/lt\/tytex\/","title":{"rendered":"Tytex"},"content":{"rendered":"\t<div class=\"img has-hover x md-x lg-x y md-y lg-y\" id=\"image_913046763\">\n\t\t\t\t\t\t\t\t<div class=\"img-inner dark\" >\n\t\t\t<img decoding=\"async\" width=\"1020\" height=\"250\" src=\"https:\/\/meditex.ee\/wp-content\/uploads\/2018\/03\/top_Proven-technologies-1400x343.jpg\" class=\"attachment-large size-large\" alt=\"\" srcset=\"https:\/\/meditex.ee\/wp-content\/uploads\/2018\/03\/top_Proven-technologies-1400x343.jpg 1400w, https:\/\/meditex.ee\/wp-content\/uploads\/2018\/03\/top_Proven-technologies-510x125.jpg 510w, https:\/\/meditex.ee\/wp-content\/uploads\/2018\/03\/top_Proven-technologies-800x196.jpg 800w, https:\/\/meditex.ee\/wp-content\/uploads\/2018\/03\/top_Proven-technologies-768x188.jpg 768w, https:\/\/meditex.ee\/wp-content\/uploads\/2018\/03\/top_Proven-technologies-1536x376.jpg 1536w, https:\/\/meditex.ee\/wp-content\/uploads\/2018\/03\/top_Proven-technologies.jpg 2000w\" sizes=\"(max-width: 1020px) 100vw, 1020px\" \/>\t\t\t\t\t\t\n\t\t\t\t\t<\/div>\n\t\t\t\t\t\t\t\t\n<style>\n#image_913046763 {\n  width: 100%;\n}\n<\/style>\n\t<\/div>\n\t\n<div class=\"is-divider divider clearfix\" style=\"background-color:rgb(255, 255, 255);\"><\/div>\n<h1 style=\"text-align: left;\"><span style=\"color: #000080;\">Tytex gamyboje naudojama technologija<\/span><\/h1>\n<div class=\"is-divider divider clearfix\" style=\"background-color:rgb(255, 255, 255);\"><\/div>\n<p style=\"text-align: left;\" data-fontsize=\"16\" data-lineheight=\"19\"><span style=\"color: #000000;\"><span class=\"TextRun SCXW214365372\" lang=\"ET-EE\" xml:lang=\"ET-EE\"><span class=\"SpellingError SCXW214365372\">Tytex<\/span><span class=\"NormalTextRun SCXW214365372\"> technologij\u0173 platforma yra <\/span> <\/span><span class=\"TextRun SCXW214365372\" lang=\"ET-EE\" xml:lang=\"ET-EE\"><span class=\"NormalTextRun SCXW214365372\">orientuota \u012f metmen\u0173 ir audinio mezgimo technologij\u0105. Jos rezultatas yra pusiau apdoroti k\u016bn\u0105 priglundantys gaminiai ir audiniai. <\/span><\/span><\/span><\/p>\n<p style=\"text-align: left;\" data-fontsize=\"16\" data-lineheight=\"19\"><span style=\"color: #000000;\"><span class=\"TextRun SCXW143183666\" lang=\"ET-EE\"><span class=\"NormalTextRun SCXW143183666\">Kasdien siekiama tobulinti \u0161ias technikas visuose gaminamuose medicinos tekstil\u0117s gaminiuose, tod\u0117l <\/span><\/span><span class=\"TextRun SCXW143183666\" lang=\"ET-EE\"><span class=\"NormalTextRun SCXW143183666\">visi \u012fmon\u0117s portfelio produktai atitinka keturis pagrindinius \u017eod\u017eius:<\/span><\/span><\/span><\/p>\n<div class=\"row\"  id=\"row-680345460\">\n\n\t<div id=\"col-899388656\" class=\"col medium-5 small-12 large-5\"  >\n\t\t\t\t<div class=\"col-inner text-center\"  >\n\t\t\t\n\t\t\t\n<div class=\"is-divider divider clearfix\" style=\"background-color:rgb(255, 255, 255);\"><\/div>\n\t<div class=\"img has-hover x md-x lg-x y md-y lg-y\" id=\"image_1099547233\">\n\t\t\t\t\t\t\t\t<div class=\"img-inner dark\" >\n\t\t\t<img decoding=\"async\" width=\"90\" height=\"90\" src=\"https:\/\/meditex.ee\/wp-content\/uploads\/2018\/03\/4-way-stretch-90x90.png\" class=\"attachment-medium size-medium\" alt=\"\" \/>\t\t\t\t\t\t\n\t\t\t\t\t<\/div>\n\t\t\t\t\t\t\t\t\n<style>\n#image_1099547233 {\n  width: 25%;\n}\n<\/style>\n\t<\/div>\n\t\n\t\t<\/div>\n\t\t\t\t\t<\/div>\n\n\t\n\n\t<div id=\"col-1199508877\" class=\"col medium-6 small-12 large-6\"  >\n\t\t\t\t<div class=\"col-inner\"  >\n\t\t\t\n\t\t\t\n<h3 data-fontsize=\"20\" data-lineheight=\"28\"><span style=\"color: #000080;\"><b>4 kryp\u010di\u0173 tempimas<\/b><\/span><\/h3>\n<p style=\"text-align: left;\" data-fontsize=\"16\" data-lineheight=\"19\"><span style=\"color: #000000;\">Med\u017eiaga nat\u016braliai prisitaiko prie paciento k\u016bno kont\u016br\u0173. <\/span><\/p>\n<p style=\"text-align: left;\" data-fontsize=\"16\" data-lineheight=\"19\"><span style=\"color: #000000;\">\u0160i savyb\u0117 yra ypa\u010d svarbi medicinos tekstil\u0117s gaminiuose, nes u\u017etikrina, kad gaminys tur\u0117t\u0173 pakankam\u0105 kompresij\u0105, reikaling\u0105 atsigavimui. Taip pat u\u017etikrina geriausi\u0105 \u012fmanom\u0105 komfort\u0105 ilgalaikio ne\u0161iojimo metu. <\/span><\/p>\n\t\t<\/div>\n\t\t\t\t\t<\/div>\n\n\t\n<\/div>\n<div class=\"row\"  id=\"row-1785683516\">\n\n\t<div id=\"col-114668595\" class=\"col medium-5 small-12 large-5\"  >\n\t\t\t\t<div class=\"col-inner text-center\"  >\n\t\t\t\n\t\t\t\n<div class=\"is-divider divider clearfix\" style=\"background-color:rgb(255, 255, 255);\"><\/div>\n\t<div class=\"img has-hover x md-x lg-x y md-y lg-y\" id=\"image_668136129\">\n\t\t\t\t\t\t\t\t<div class=\"img-inner dark\" >\n\t\t\t<img decoding=\"async\" width=\"90\" height=\"90\" src=\"https:\/\/meditex.ee\/wp-content\/uploads\/2018\/03\/Real-seamless-90x90.png\" class=\"attachment-medium size-medium\" alt=\"\" \/>\t\t\t\t\t\t\n\t\t\t\t\t<\/div>\n\t\t\t\t\t\t\t\t\n<style>\n#image_668136129 {\n  width: 25%;\n}\n<\/style>\n\t<\/div>\n\t\n\t\t<\/div>\n\t\t\t\t\t<\/div>\n\n\t\n\n\t<div id=\"col-1264432737\" class=\"col medium-6 small-12 large-6\"  >\n\t\t\t\t<div class=\"col-inner\"  >\n\t\t\t\n\t\t\t\n<h3 style=\"text-align: left;\" data-fontsize=\"20\" data-lineheight=\"28\"><span style=\"color: #000080;\"><b>Be<\/b><b> si\u016bli\u0173 mezgimas<\/b><\/span><\/h3>\n<p style=\"text-align: left;\" data-fontsize=\"16\" data-lineheight=\"19\"><span style=\"color: #000000;\">Optimaliam atsigavimui operuotai sri\u010diai reikalingas poilsis. Tod\u0117l visi gaminiai suprojektuoti taip, kad \u017eaizd\u0173 ir rand\u0173 srityje ar kitoje kritin\u0117je vietoje neb\u016bt\u0173 naudojamos si\u016bl\u0117s. Tai u\u017etikrina maksimal\u0173 odos draugi\u0161kum\u0105 ir apsaugo nuo spaudimo \u017eymi\u0173 bei odos ir jos audini\u0173 dirginimo.   <\/span><\/p>\n<p style=\"text-align: left;\" data-fontsize=\"16\" data-lineheight=\"19\"><span style=\"color: #000000;\">Kitaip tariant: 100% be si\u016bli\u0173 mezgimas rei\u0161kia greitesn\u012f gijim\u0105, ma\u017eesn\u012f rand\u0117jim\u0105 ir didesn\u012f paciento komfort\u0105.<\/span><\/p>\n\t\t<\/div>\n\t\t\t\t\t<\/div>\n\n\t\n<\/div>\n<div class=\"row\"  id=\"row-243643424\">\n\n\t<div id=\"col-1134014705\" class=\"col medium-5 small-12 large-5\"  >\n\t\t\t\t<div class=\"col-inner text-center\"  >\n\t\t\t\n\t\t\t\n<div class=\"is-divider divider clearfix\" style=\"background-color:rgb(255, 255, 255);\"><\/div>\n\t<div class=\"img has-hover x md-x lg-x y md-y lg-y\" id=\"image_2045515477\">\n\t\t\t\t\t\t\t\t<div class=\"img-inner dark\" >\n\t\t\t<img decoding=\"async\" width=\"90\" height=\"90\" src=\"https:\/\/meditex.ee\/wp-content\/uploads\/2018\/03\/Targeted-compression-fixation-90x90.png\" class=\"attachment-medium size-medium\" alt=\"\" \/>\t\t\t\t\t\t\n\t\t\t\t\t<\/div>\n\t\t\t\t\t\t\t\t\n<style>\n#image_2045515477 {\n  width: 25%;\n}\n<\/style>\n\t<\/div>\n\t\n\t\t<\/div>\n\t\t\t\t\t<\/div>\n\n\t\n\n\t<div id=\"col-1469214525\" class=\"col medium-6 small-12 large-6\"  >\n\t\t\t\t<div class=\"col-inner\"  >\n\t\t\t\n\t\t\t\n<h3 style=\"text-align: left;\" data-fontsize=\"20\" data-lineheight=\"28\"><span style=\"color: #000080;\"><b>Tikslin\u0117 kompresija \/ fiksavimas<\/b><\/span><\/h3>\n<p style=\"text-align: left;\" data-fontsize=\"16\" data-lineheight=\"19\"><span style=\"color: #000000;\">Tikslin\u0117 kompresija ar fiksavimas rei\u0161kia, kad gaminiai suprojektuoti taip, kad teikt\u0173 reikaling\u0105 kompresij\u0105 ar fiksavim\u0105 tiksliai ten, kur reikia. <\/span><\/p>\n<p style=\"text-align: left;\" data-fontsize=\"16\" data-lineheight=\"19\"><span style=\"color: #000000;\">Kontroliuojant gydan\u010di\u0173 audini\u0173 kompresij\u0105, pagreit\u0117ja gijimo procesas ir padid\u0117ja paciento komfortas. Kompresijos zonos specialiai suprojektuotos atskirai kiekvienam gaminiui <\/span>.<\/p>\n\t\t<\/div>\n\t\t\t\t\t<\/div>\n\n\t\n<\/div>\n<div class=\"row\"  id=\"row-2049184438\">\n\n\t<div id=\"col-947442160\" class=\"col medium-5 small-12 large-5\"  >\n\t\t\t\t<div class=\"col-inner text-center\"  >\n\t\t\t\n\t\t\t\n<div class=\"is-divider divider clearfix\" style=\"background-color:rgb(255, 255, 255);\"><\/div>\n<div class=\"is-divider divider clearfix\" style=\"background-color:rgb(255, 255, 255);\"><\/div>\n<div class=\"is-divider divider clearfix\" style=\"background-color:rgb(255, 255, 255);\"><\/div>\n\t<div class=\"img has-hover x md-x lg-x y md-y lg-y\" id=\"image_600197367\">\n\t\t\t\t\t\t\t\t<div class=\"img-inner dark\" >\n\t\t\t<img decoding=\"async\" width=\"90\" height=\"90\" src=\"https:\/\/meditex.ee\/wp-content\/uploads\/2018\/03\/Fact-based-sizing-90x90.png\" class=\"attachment-medium size-medium\" alt=\"\" \/>\t\t\t\t\t\t\n\t\t\t\t\t<\/div>\n\t\t\t\t\t\t\t\t\n<style>\n#image_600197367 {\n  width: 25%;\n}\n<\/style>\n\t<\/div>\n\t\n\t\t<\/div>\n\t\t\t\t\t<\/div>\n\n\t\n\n\t<div id=\"col-683322627\" class=\"col medium-6 small-12 large-6\"  >\n\t\t\t\t<div class=\"col-inner\"  >\n\t\t\t\n\t\t\t\n<h3 data-fontsize=\"20\" data-lineheight=\"28\"><span style=\"color: #000080;\"><b>Faktais pagr\u012fsti dyd\u017eiai<\/b><\/span><\/h3>\n<p style=\"text-align: left;\" data-fontsize=\"16\" data-lineheight=\"19\"><span style=\"color: #000000;\">Kalbant apie medicinos tekstil\u0117s gaminius ir pooperacinius drabu\u017eius, vienas dydis netinka visiems. Tod\u0117l gamini\u0173 dyd\u017eiai grind\u017eiami \u0161iais principais:  <\/span><\/p>\n<ol style=\"text-align: left;\">\n<li>\n<p data-fontsize=\"16\" data-lineheight=\"19\"><span style=\"color: #000000;\">K\u016bno \u017einios \u2013 gamini\u0173 matavimui taikomi statistiniai ir \u012frodyti k\u016bno skenavimo ir matavimo duomenys. <\/span><\/p>\n<\/li>\n<li>\n<p data-fontsize=\"16\" data-lineheight=\"19\"><span style=\"color: #000000;\">Komfortabilaus tempimo matavimas \u2013 gatav\u0173 gamini\u0173 i\u0161matavimas.<\/span><\/p>\n<\/li>\n<li>\n<p data-fontsize=\"16\" data-lineheight=\"19\"><span style=\"color: #000000;\">Tinkam\u0105 pritaikym\u0105 skirtingiems dyd\u017eiams u\u017etikrina i\u0161sam\u016bs \u017einios ir patirtis derinant skirting\u0173 med\u017eiag\u0173 mezgimo metodus.<\/span><\/p>\n<\/li>\n<\/ol>\n<p style=\"text-align: left;\" data-fontsize=\"16\" data-lineheight=\"19\"><span style=\"color: #000000;\"> \u0160i\u0173 trij\u0173 parametr\u0173 derinys visada u\u017etikrina tobul\u0173 pritaikym\u0105. <\/span><\/p>\n\t\t<\/div>\n\t\t\t\t\t<\/div>\n\n\t\n<\/div>\n<div class=\"text-center\"><div class=\"is-divider divider clearfix\" ><\/div><\/div>\n<div class=\"row\"  id=\"row-93400422\">\n\n\t<div id=\"col-533138328\" class=\"col medium-4 small-12 large-4\"  >\n\t\t\t\t<div class=\"col-inner text-center\"  >\n\t\t\t\n\t\t\t\n\t<div class=\"img has-hover x md-x lg-x y md-y lg-y\" id=\"image_323467945\">\n\t\t\t\t\t\t\t\t<div class=\"img-inner dark\" >\n\t\t\t<img decoding=\"async\" width=\"320\" height=\"167\" src=\"https:\/\/meditex.ee\/wp-content\/uploads\/2018\/03\/STA100_Label_RGB_EN_6234-7001.jpg\" class=\"attachment-medium size-medium\" alt=\"\" \/>\t\t\t\t\t\t\n\t\t\t\t\t<\/div>\n\t\t\t\t\t\t\t\t\n<style>\n#image_323467945 {\n  width: 100%;\n}\n<\/style>\n\t<\/div>\n\t\n\t\t<\/div>\n\t\t\t\t\t<\/div>\n\n\t\n\n\t<div id=\"col-1810258753\" class=\"col medium-8 small-12 large-8\"  >\n\t\t\t\t<div class=\"col-inner\"  >\n\t\t\t\n\t\t\t\n<div class=\"fusion-text\">\n<p style=\"text-align: left;\" data-fontsize=\"16\" data-lineheight=\"19\"><span style=\"color: #000000;\">Visa Tytex produkcija turi Oeko-Tex Standard 100 sertifikat\u0105, kuris rodo, kad n\u0117 vienas \u012fmon\u0117s produktas neturi kenksming\u0173 med\u017eiag\u0173.<\/span><\/p>\n<\/div>\n<div class=\"fusion-text\">\n<p style=\"text-align: left;\" data-fontsize=\"16\" data-lineheight=\"19\"><span style=\"color: #000000;\"><span class=\"TextRun SCXW92274836\" lang=\"ET-EE\"><span class=\"NormalTextRun SCXW92274836\">Be to, \u012fmon\u0117 turi \u0161iuos sertifikatus: CE (I klas\u0117), ISO 9001, ISO 13485, ISO 14001, SEDEX, FDA (JAV), SF<\/span><\/span><span class=\"TextRun SCXW92274836\" lang=\"ET-EE\"><span class=\"NormalTextRun SCXW92274836\">DA (Kinija), PZN (Vokietija), <\/span><span class=\"SpellingError SCXW92274836\">Hilfsmittel<\/span><span class=\"NormalTextRun SCXW92274836\"> (Vokietija), <\/span><span class=\"SpellingError SCXW92274836\">MiGel<\/span><span class=\"NormalTextRun SCXW92274836\"> (<\/span><span class=\"SpellingError SCXW92274836\">Austrija<\/span><span class=\"NormalTextRun SCXW92274836\">), e-<\/span><span class=\"SpellingError SCXW92274836\">mediat<\/span><span class=\"NormalTextRun SCXW92274836\"> (\u0160veicarija).<\/span><\/span><\/span><\/p>\n<\/div>\n\t\t<\/div>\n\t\t\t\t\t<\/div>\n\n\t\n<\/div>\n<div class=\"social-icons share-icons share-row relative full-width text-right icon-style-fill\" style=\"font-size:80%\"><a href=\"whatsapp:\/\/send?text=Tytex - https:\/\/meditex.ee\/lt\/tytex\/\" data-action=\"share\/whatsapp\/share\" class=\"icon primary button circle tooltip whatsapp show-for-medium\" title=\"Share on WhatsApp\" aria-label=\"Share on WhatsApp\"><i class=\"icon-whatsapp\" aria-hidden=\"true\"><\/i><\/a><a href=\"https:\/\/www.facebook.com\/sharer.php?u=https:\/\/meditex.ee\/lt\/tytex\/\" data-label=\"Facebook\" onclick=\"window.open(this.href,this.title,'width=500,height=500,top=300px,left=300px'); return false;\" target=\"_blank\" class=\"icon primary button circle tooltip facebook\" title=\"Share on Facebook\" aria-label=\"Share on Facebook\" rel=\"noopener nofollow\"><i class=\"icon-facebook\" aria-hidden=\"true\"><\/i><\/a><a href=\"https:\/\/twitter.com\/share?url=https:\/\/meditex.ee\/lt\/tytex\/\" onclick=\"window.open(this.href,this.title,'width=500,height=500,top=300px,left=300px'); return false;\" target=\"_blank\" class=\"icon primary button circle tooltip twitter\" title=\"Share on Twitter\" aria-label=\"Share on Twitter\" rel=\"noopener nofollow\"><i class=\"icon-twitter\" aria-hidden=\"true\"><\/i><\/a><a href=\"mailto:?subject=Tytex&body=Pa%C5%BEi%C5%ABr%C4%97kite%20tai%3A%20https%3A%2F%2Fmeditex.ee%2Flt%2Ftytex%2F\" class=\"icon primary button circle tooltip email\" title=\"Email to a Friend\" aria-label=\"Email to a Friend\" rel=\"nofollow\"><i class=\"icon-envelop\" aria-hidden=\"true\"><\/i><\/a><a href=\"https:\/\/pinterest.com\/pin\/create\/button?url=https:\/\/meditex.ee\/lt\/tytex\/&media&description=Tytex\" onclick=\"window.open(this.href,this.title,'width=500,height=500,top=300px,left=300px'); return false;\" target=\"_blank\" class=\"icon primary button circle tooltip pinterest\" title=\"Pin on Pinterest\" aria-label=\"Pin on Pinterest\" rel=\"noopener nofollow\"><i class=\"icon-pinterest\" aria-hidden=\"true\"><\/i><\/a><a href=\"https:\/\/www.linkedin.com\/shareArticle?mini=true&url=https:\/\/meditex.ee\/lt\/tytex\/&title=Tytex\" onclick=\"window.open(this.href,this.title,'width=500,height=500,top=300px,left=300px'); return false;\" target=\"_blank\" class=\"icon primary button circle tooltip linkedin\" title=\"Share on LinkedIn\" aria-label=\"Share on LinkedIn\" rel=\"noopener nofollow\"><i class=\"icon-linkedin\" aria-hidden=\"true\"><\/i><\/a><\/div>\n<div class=\"text-center\"><div class=\"is-divider divider clearfix\" ><\/div><\/div>\n<a href=\"https:\/\/meditex.ee\/pood\/\" class=\"button primary is-bevel is-large box-shadow-3 box-shadow-5-hover expand\" style=\"border-radius:8px;\">\n\t<i class=\"icon-shopping-cart\" aria-hidden=\"true\"><\/i>\t<span>Parduotuv\u0117<\/span>\n\t<\/a>\n\n","protected":false},"excerpt":{"rendered":"<p>Tytex gamyboje naudojama technologija Tytex technologij\u0173 platforma yra orientuota \u012f metmen\u0173 ir audinio mezgimo technologij\u0105. Jos rezultatas yra pusiau apdoroti k\u016bn\u0105 priglundantys gaminiai ir audiniai. Kasdien siekiama tobulinti \u0161ias technikas visuose gaminamuose medicinos tekstil\u0117s gaminiuose, tod\u0117l visi \u012fmon\u0117s portfelio produktai atitinka keturis pagrindinius \u017eod\u017eius:<\/p>\n","protected":false},"author":1,"featured_media":0,"parent":0,"menu_order":0,"comment_status":"closed","ping_status":"closed","template":"","meta":{"footnotes":""},"class_list":["post-19752","page","type-page","status-publish","hentry"],"yoast_head":"<!-- This site is optimized with the Yoast SEO plugin v27.3 - https:\/\/yoast.com\/product\/yoast-seo-wordpress\/ -->\n<title>Tytex - Meditex<\/title>\n<meta name=\"robots\" content=\"index, follow, max-snippet:-1, max-image-preview:large, max-video-preview:-1\" \/>\n<link rel=\"canonical\" href=\"https:\/\/meditex.ee\/lt\/tytex\/\" \/>\n<meta property=\"og:locale\" content=\"lt_LT\" \/>\n<meta property=\"og:type\" content=\"article\" \/>\n<meta property=\"og:title\" content=\"Tytex - Meditex\" \/>\n<meta property=\"og:description\" content=\"Tytex gamyboje naudojama technologija Tytex technologij\u0173 platforma yra orientuota \u012f metmen\u0173 ir audinio mezgimo technologij\u0105. Jos rezultatas yra pusiau apdoroti k\u016bn\u0105 priglundantys gaminiai ir audiniai. Kasdien siekiama tobulinti \u0161ias technikas visuose gaminamuose medicinos tekstil\u0117s gaminiuose, tod\u0117l visi \u012fmon\u0117s portfelio produktai atitinka keturis pagrindinius \u017eod\u017eius:\" \/>\n<meta property=\"og:url\" content=\"https:\/\/meditex.ee\/lt\/tytex\/\" \/>\n<meta property=\"og:site_name\" content=\"Meditex\" \/>\n<meta property=\"article:publisher\" content=\"https:\/\/www.facebook.com\/meditexepood\/\" \/>\n<meta property=\"article:modified_time\" content=\"2026-02-04T14:09:43+00:00\" \/>\n<meta name=\"twitter:card\" content=\"summary_large_image\" \/>\n<meta name=\"twitter:label1\" content=\"Est. reading time\" \/>\n\t<meta name=\"twitter:data1\" content=\"2 minut\u0117\" \/>\n<script type=\"application\/ld+json\" class=\"yoast-schema-graph\">{\"@context\":\"https:\\\/\\\/schema.org\",\"@graph\":[{\"@type\":\"WebPage\",\"@id\":\"https:\\\/\\\/meditex.ee\\\/lt\\\/tytex\\\/\",\"url\":\"https:\\\/\\\/meditex.ee\\\/lt\\\/tytex\\\/\",\"name\":\"Tytex - Meditex\",\"isPartOf\":{\"@id\":\"https:\\\/\\\/meditex.ee\\\/en\\\/#website\"},\"datePublished\":\"2026-02-04T14:09:41+00:00\",\"dateModified\":\"2026-02-04T14:09:43+00:00\",\"breadcrumb\":{\"@id\":\"https:\\\/\\\/meditex.ee\\\/lt\\\/tytex\\\/#breadcrumb\"},\"inLanguage\":\"lt-LT\",\"potentialAction\":[{\"@type\":\"ReadAction\",\"target\":[\"https:\\\/\\\/meditex.ee\\\/lt\\\/tytex\\\/\"]}]},{\"@type\":\"BreadcrumbList\",\"@id\":\"https:\\\/\\\/meditex.ee\\\/lt\\\/tytex\\\/#breadcrumb\",\"itemListElement\":[{\"@type\":\"ListItem\",\"position\":1,\"name\":\"Home\",\"item\":\"https:\\\/\\\/meditex.ee\\\/lt\\\/\"},{\"@type\":\"ListItem\",\"position\":2,\"name\":\"Tytex\"}]},{\"@type\":\"WebSite\",\"@id\":\"https:\\\/\\\/meditex.ee\\\/en\\\/#website\",\"url\":\"https:\\\/\\\/meditex.ee\\\/en\\\/\",\"name\":\"Meditex\",\"description\":\"\",\"publisher\":{\"@id\":\"https:\\\/\\\/meditex.ee\\\/en\\\/#organization\"},\"potentialAction\":[{\"@type\":\"SearchAction\",\"target\":{\"@type\":\"EntryPoint\",\"urlTemplate\":\"https:\\\/\\\/meditex.ee\\\/en\\\/?s={search_term_string}\"},\"query-input\":{\"@type\":\"PropertyValueSpecification\",\"valueRequired\":true,\"valueName\":\"search_term_string\"}}],\"inLanguage\":\"lt-LT\"},{\"@type\":\"Organization\",\"@id\":\"https:\\\/\\\/meditex.ee\\\/en\\\/#organization\",\"name\":\"Meditex\",\"url\":\"https:\\\/\\\/meditex.ee\\\/en\\\/\",\"logo\":{\"@type\":\"ImageObject\",\"inLanguage\":\"lt-LT\",\"@id\":\"https:\\\/\\\/meditex.ee\\\/en\\\/#\\\/schema\\\/logo\\\/image\\\/\",\"url\":\"https:\\\/\\\/meditex.ee\\\/wp-content\\\/uploads\\\/2018\\\/03\\\/mdtx_logo.png\",\"contentUrl\":\"https:\\\/\\\/meditex.ee\\\/wp-content\\\/uploads\\\/2018\\\/03\\\/mdtx_logo.png\",\"width\":669,\"height\":235,\"caption\":\"Meditex\"},\"image\":{\"@id\":\"https:\\\/\\\/meditex.ee\\\/en\\\/#\\\/schema\\\/logo\\\/image\\\/\"},\"sameAs\":[\"https:\\\/\\\/www.facebook.com\\\/meditexepood\\\/\"]}]}<\/script>\n<!-- \/ Yoast SEO plugin. -->","yoast_head_json":{"title":"Tytex - Meditex","robots":{"index":"index","follow":"follow","max-snippet":"max-snippet:-1","max-image-preview":"max-image-preview:large","max-video-preview":"max-video-preview:-1"},"canonical":"https:\/\/meditex.ee\/lt\/tytex\/","og_locale":"lt_LT","og_type":"article","og_title":"Tytex - Meditex","og_description":"Tytex gamyboje naudojama technologija Tytex technologij\u0173 platforma yra orientuota \u012f metmen\u0173 ir audinio mezgimo technologij\u0105. Jos rezultatas yra pusiau apdoroti k\u016bn\u0105 priglundantys gaminiai ir audiniai. Kasdien siekiama tobulinti \u0161ias technikas visuose gaminamuose medicinos tekstil\u0117s gaminiuose, tod\u0117l visi \u012fmon\u0117s portfelio produktai atitinka keturis pagrindinius \u017eod\u017eius:","og_url":"https:\/\/meditex.ee\/lt\/tytex\/","og_site_name":"Meditex","article_publisher":"https:\/\/www.facebook.com\/meditexepood\/","article_modified_time":"2026-02-04T14:09:43+00:00","twitter_card":"summary_large_image","twitter_misc":{"Est. reading time":"2 minut\u0117"},"schema":{"@context":"https:\/\/schema.org","@graph":[{"@type":"WebPage","@id":"https:\/\/meditex.ee\/lt\/tytex\/","url":"https:\/\/meditex.ee\/lt\/tytex\/","name":"Tytex - Meditex","isPartOf":{"@id":"https:\/\/meditex.ee\/en\/#website"},"datePublished":"2026-02-04T14:09:41+00:00","dateModified":"2026-02-04T14:09:43+00:00","breadcrumb":{"@id":"https:\/\/meditex.ee\/lt\/tytex\/#breadcrumb"},"inLanguage":"lt-LT","potentialAction":[{"@type":"ReadAction","target":["https:\/\/meditex.ee\/lt\/tytex\/"]}]},{"@type":"BreadcrumbList","@id":"https:\/\/meditex.ee\/lt\/tytex\/#breadcrumb","itemListElement":[{"@type":"ListItem","position":1,"name":"Home","item":"https:\/\/meditex.ee\/lt\/"},{"@type":"ListItem","position":2,"name":"Tytex"}]},{"@type":"WebSite","@id":"https:\/\/meditex.ee\/en\/#website","url":"https:\/\/meditex.ee\/en\/","name":"Meditex","description":"","publisher":{"@id":"https:\/\/meditex.ee\/en\/#organization"},"potentialAction":[{"@type":"SearchAction","target":{"@type":"EntryPoint","urlTemplate":"https:\/\/meditex.ee\/en\/?s={search_term_string}"},"query-input":{"@type":"PropertyValueSpecification","valueRequired":true,"valueName":"search_term_string"}}],"inLanguage":"lt-LT"},{"@type":"Organization","@id":"https:\/\/meditex.ee\/en\/#organization","name":"Meditex","url":"https:\/\/meditex.ee\/en\/","logo":{"@type":"ImageObject","inLanguage":"lt-LT","@id":"https:\/\/meditex.ee\/en\/#\/schema\/logo\/image\/","url":"https:\/\/meditex.ee\/wp-content\/uploads\/2018\/03\/mdtx_logo.png","contentUrl":"https:\/\/meditex.ee\/wp-content\/uploads\/2018\/03\/mdtx_logo.png","width":669,"height":235,"caption":"Meditex"},"image":{"@id":"https:\/\/meditex.ee\/en\/#\/schema\/logo\/image\/"},"sameAs":["https:\/\/www.facebook.com\/meditexepood\/"]}]}},"_links":{"self":[{"href":"https:\/\/meditex.ee\/lt\/wp-json\/wp\/v2\/pages\/19752","targetHints":{"allow":["GET"]}}],"collection":[{"href":"https:\/\/meditex.ee\/lt\/wp-json\/wp\/v2\/pages"}],"about":[{"href":"https:\/\/meditex.ee\/lt\/wp-json\/wp\/v2\/types\/page"}],"author":[{"embeddable":true,"href":"https:\/\/meditex.ee\/lt\/wp-json\/wp\/v2\/users\/1"}],"replies":[{"embeddable":true,"href":"https:\/\/meditex.ee\/lt\/wp-json\/wp\/v2\/comments?post=19752"}],"version-history":[{"count":2,"href":"https:\/\/meditex.ee\/lt\/wp-json\/wp\/v2\/pages\/19752\/revisions"}],"predecessor-version":[{"id":19758,"href":"https:\/\/meditex.ee\/lt\/wp-json\/wp\/v2\/pages\/19752\/revisions\/19758"}],"wp:attachment":[{"href":"https:\/\/meditex.ee\/lt\/wp-json\/wp\/v2\/media?parent=19752"}],"curies":[{"name":"wp","href":"https:\/\/api.w.org\/{rel}","templated":true}]}}