{"id":19734,"date":"2013-08-18T15:41:31","date_gmt":"2013-08-18T15:41:31","guid":{"rendered":"https:\/\/meditex.ee\/naudinga-informacija\/"},"modified":"2026-02-04T14:09:06","modified_gmt":"2026-02-04T14:09:06","slug":"naudinga-informacija","status":"publish","type":"page","link":"https:\/\/meditex.ee\/lt\/naudinga-informacija\/","title":{"rendered":"Naudinga informacija"},"content":{"rendered":"","protected":false},"excerpt":{"rendered":"","protected":false},"author":1,"featured_media":0,"parent":0,"menu_order":23,"comment_status":"closed","ping_status":"closed","template":"page-blank.php","meta":{"footnotes":""},"class_list":["post-19734","page","type-page","status-publish","hentry"],"yoast_head":"<!-- This site is optimized with the Yoast SEO plugin v27.3 - https:\/\/yoast.com\/product\/yoast-seo-wordpress\/ -->\n<title>Kokybi\u0161ki reabilitacijos drabu\u017eiai: Carefix\u00ae, Corsinel\u00ae ir Isavela - Meditex<\/title>\n<meta name=\"description\" content=\"Kokybi\u0161kos liemen\u0117l\u0117s, apatiniai drabu\u017eiai, dir\u017eai ir vamzdeliai medicininiam naudojimui. Corsinel\u00ae apatiniai drabu\u017eiai stomos ar i\u0161var\u017eos atveju.\" \/>\n<meta name=\"robots\" content=\"index, follow, max-snippet:-1, max-image-preview:large, max-video-preview:-1\" \/>\n<link rel=\"canonical\" href=\"https:\/\/meditex.ee\/lt\/naudinga-informacija\/\" \/>\n<meta property=\"og:locale\" content=\"lt_LT\" \/>\n<meta property=\"og:type\" content=\"article\" \/>\n<meta property=\"og:title\" content=\"Kokybi\u0161ki reabilitacijos drabu\u017eiai: Carefix\u00ae, Corsinel\u00ae ir Isavela - Meditex\" \/>\n<meta property=\"og:description\" content=\"Kokybi\u0161kos liemen\u0117l\u0117s, apatiniai drabu\u017eiai, dir\u017eai ir vamzdeliai medicininiam naudojimui. Corsinel\u00ae apatiniai drabu\u017eiai stomos ar i\u0161var\u017eos atveju.\" \/>\n<meta property=\"og:url\" content=\"https:\/\/meditex.ee\/lt\/naudinga-informacija\/\" \/>\n<meta property=\"og:site_name\" content=\"Meditex\" \/>\n<meta property=\"article:publisher\" content=\"https:\/\/www.facebook.com\/meditexepood\/\" \/>\n<meta property=\"article:modified_time\" content=\"2026-02-04T14:09:06+00:00\" \/>\n<meta name=\"twitter:card\" content=\"summary_large_image\" \/>\n<script type=\"application\/ld+json\" class=\"yoast-schema-graph\">{\"@context\":\"https:\\\/\\\/schema.org\",\"@graph\":[{\"@type\":\"WebPage\",\"@id\":\"https:\\\/\\\/meditex.ee\\\/lt\\\/naudinga-informacija\\\/\",\"url\":\"https:\\\/\\\/meditex.ee\\\/lt\\\/naudinga-informacija\\\/\",\"name\":\"Kokybi\u0161ki reabilitacijos drabu\u017eiai: Carefix\u00ae, Corsinel\u00ae ir Isavela - Meditex\",\"isPartOf\":{\"@id\":\"https:\\\/\\\/meditex.ee\\\/en\\\/#website\"},\"datePublished\":\"2013-08-18T15:41:31+00:00\",\"dateModified\":\"2026-02-04T14:09:06+00:00\",\"description\":\"Kokybi\u0161kos liemen\u0117l\u0117s, apatiniai drabu\u017eiai, dir\u017eai ir vamzdeliai medicininiam naudojimui. Corsinel\u00ae apatiniai drabu\u017eiai stomos ar i\u0161var\u017eos atveju.\",\"breadcrumb\":{\"@id\":\"https:\\\/\\\/meditex.ee\\\/lt\\\/naudinga-informacija\\\/#breadcrumb\"},\"inLanguage\":\"lt-LT\",\"potentialAction\":[{\"@type\":\"ReadAction\",\"target\":[\"https:\\\/\\\/meditex.ee\\\/lt\\\/naudinga-informacija\\\/\"]}]},{\"@type\":\"BreadcrumbList\",\"@id\":\"https:\\\/\\\/meditex.ee\\\/lt\\\/naudinga-informacija\\\/#breadcrumb\",\"itemListElement\":[{\"@type\":\"ListItem\",\"position\":1,\"name\":\"Home\",\"item\":\"https:\\\/\\\/meditex.ee\\\/lt\\\/\"},{\"@type\":\"ListItem\",\"position\":2,\"name\":\"Naudinga informacija\"}]},{\"@type\":\"WebSite\",\"@id\":\"https:\\\/\\\/meditex.ee\\\/en\\\/#website\",\"url\":\"https:\\\/\\\/meditex.ee\\\/en\\\/\",\"name\":\"Meditex\",\"description\":\"\",\"publisher\":{\"@id\":\"https:\\\/\\\/meditex.ee\\\/en\\\/#organization\"},\"potentialAction\":[{\"@type\":\"SearchAction\",\"target\":{\"@type\":\"EntryPoint\",\"urlTemplate\":\"https:\\\/\\\/meditex.ee\\\/en\\\/?s={search_term_string}\"},\"query-input\":{\"@type\":\"PropertyValueSpecification\",\"valueRequired\":true,\"valueName\":\"search_term_string\"}}],\"inLanguage\":\"lt-LT\"},{\"@type\":\"Organization\",\"@id\":\"https:\\\/\\\/meditex.ee\\\/en\\\/#organization\",\"name\":\"Meditex\",\"url\":\"https:\\\/\\\/meditex.ee\\\/en\\\/\",\"logo\":{\"@type\":\"ImageObject\",\"inLanguage\":\"lt-LT\",\"@id\":\"https:\\\/\\\/meditex.ee\\\/en\\\/#\\\/schema\\\/logo\\\/image\\\/\",\"url\":\"https:\\\/\\\/meditex.ee\\\/wp-content\\\/uploads\\\/2018\\\/03\\\/mdtx_logo.png\",\"contentUrl\":\"https:\\\/\\\/meditex.ee\\\/wp-content\\\/uploads\\\/2018\\\/03\\\/mdtx_logo.png\",\"width\":669,\"height\":235,\"caption\":\"Meditex\"},\"image\":{\"@id\":\"https:\\\/\\\/meditex.ee\\\/en\\\/#\\\/schema\\\/logo\\\/image\\\/\"},\"sameAs\":[\"https:\\\/\\\/www.facebook.com\\\/meditexepood\\\/\"]}]}<\/script>\n<!-- \/ Yoast SEO plugin. -->","yoast_head_json":{"title":"Kokybi\u0161ki reabilitacijos drabu\u017eiai: Carefix\u00ae, Corsinel\u00ae ir Isavela - Meditex","description":"Kokybi\u0161kos liemen\u0117l\u0117s, apatiniai drabu\u017eiai, dir\u017eai ir vamzdeliai medicininiam naudojimui. Corsinel\u00ae apatiniai drabu\u017eiai stomos ar i\u0161var\u017eos atveju.","robots":{"index":"index","follow":"follow","max-snippet":"max-snippet:-1","max-image-preview":"max-image-preview:large","max-video-preview":"max-video-preview:-1"},"canonical":"https:\/\/meditex.ee\/lt\/naudinga-informacija\/","og_locale":"lt_LT","og_type":"article","og_title":"Kokybi\u0161ki reabilitacijos drabu\u017eiai: Carefix\u00ae, Corsinel\u00ae ir Isavela - Meditex","og_description":"Kokybi\u0161kos liemen\u0117l\u0117s, apatiniai drabu\u017eiai, dir\u017eai ir vamzdeliai medicininiam naudojimui. Corsinel\u00ae apatiniai drabu\u017eiai stomos ar i\u0161var\u017eos atveju.","og_url":"https:\/\/meditex.ee\/lt\/naudinga-informacija\/","og_site_name":"Meditex","article_publisher":"https:\/\/www.facebook.com\/meditexepood\/","article_modified_time":"2026-02-04T14:09:06+00:00","twitter_card":"summary_large_image","schema":{"@context":"https:\/\/schema.org","@graph":[{"@type":"WebPage","@id":"https:\/\/meditex.ee\/lt\/naudinga-informacija\/","url":"https:\/\/meditex.ee\/lt\/naudinga-informacija\/","name":"Kokybi\u0161ki reabilitacijos drabu\u017eiai: Carefix\u00ae, Corsinel\u00ae ir Isavela - Meditex","isPartOf":{"@id":"https:\/\/meditex.ee\/en\/#website"},"datePublished":"2013-08-18T15:41:31+00:00","dateModified":"2026-02-04T14:09:06+00:00","description":"Kokybi\u0161kos liemen\u0117l\u0117s, apatiniai drabu\u017eiai, dir\u017eai ir vamzdeliai medicininiam naudojimui. Corsinel\u00ae apatiniai drabu\u017eiai stomos ar i\u0161var\u017eos atveju.","breadcrumb":{"@id":"https:\/\/meditex.ee\/lt\/naudinga-informacija\/#breadcrumb"},"inLanguage":"lt-LT","potentialAction":[{"@type":"ReadAction","target":["https:\/\/meditex.ee\/lt\/naudinga-informacija\/"]}]},{"@type":"BreadcrumbList","@id":"https:\/\/meditex.ee\/lt\/naudinga-informacija\/#breadcrumb","itemListElement":[{"@type":"ListItem","position":1,"name":"Home","item":"https:\/\/meditex.ee\/lt\/"},{"@type":"ListItem","position":2,"name":"Naudinga informacija"}]},{"@type":"WebSite","@id":"https:\/\/meditex.ee\/en\/#website","url":"https:\/\/meditex.ee\/en\/","name":"Meditex","description":"","publisher":{"@id":"https:\/\/meditex.ee\/en\/#organization"},"potentialAction":[{"@type":"SearchAction","target":{"@type":"EntryPoint","urlTemplate":"https:\/\/meditex.ee\/en\/?s={search_term_string}"},"query-input":{"@type":"PropertyValueSpecification","valueRequired":true,"valueName":"search_term_string"}}],"inLanguage":"lt-LT"},{"@type":"Organization","@id":"https:\/\/meditex.ee\/en\/#organization","name":"Meditex","url":"https:\/\/meditex.ee\/en\/","logo":{"@type":"ImageObject","inLanguage":"lt-LT","@id":"https:\/\/meditex.ee\/en\/#\/schema\/logo\/image\/","url":"https:\/\/meditex.ee\/wp-content\/uploads\/2018\/03\/mdtx_logo.png","contentUrl":"https:\/\/meditex.ee\/wp-content\/uploads\/2018\/03\/mdtx_logo.png","width":669,"height":235,"caption":"Meditex"},"image":{"@id":"https:\/\/meditex.ee\/en\/#\/schema\/logo\/image\/"},"sameAs":["https:\/\/www.facebook.com\/meditexepood\/"]}]}},"_links":{"self":[{"href":"https:\/\/meditex.ee\/lt\/wp-json\/wp\/v2\/pages\/19734","targetHints":{"allow":["GET"]}}],"collection":[{"href":"https:\/\/meditex.ee\/lt\/wp-json\/wp\/v2\/pages"}],"about":[{"href":"https:\/\/meditex.ee\/lt\/wp-json\/wp\/v2\/types\/page"}],"author":[{"embeddable":true,"href":"https:\/\/meditex.ee\/lt\/wp-json\/wp\/v2\/users\/1"}],"replies":[{"embeddable":true,"href":"https:\/\/meditex.ee\/lt\/wp-json\/wp\/v2\/comments?post=19734"}],"version-history":[{"count":0,"href":"https:\/\/meditex.ee\/lt\/wp-json\/wp\/v2\/pages\/19734\/revisions"}],"wp:attachment":[{"href":"https:\/\/meditex.ee\/lt\/wp-json\/wp\/v2\/media?parent=19734"}],"curies":[{"name":"wp","href":"https:\/\/api.w.org\/{rel}","templated":true}]}}