{"id":19726,"date":"2026-02-04T14:08:56","date_gmt":"2026-02-04T14:08:56","guid":{"rendered":"https:\/\/meditex.ee\/carefix-dydzio-pasirinkimas\/"},"modified":"2026-02-04T14:08:57","modified_gmt":"2026-02-04T14:08:57","slug":"carefix-dydzio-pasirinkimas","status":"publish","type":"page","link":"https:\/\/meditex.ee\/lt\/carefix-dydzio-pasirinkimas\/","title":{"rendered":"Carefix dyd\u017eio pasirinkimas"},"content":{"rendered":"\n<div class=\"text-center\"><div class=\"is-divider divider clearfix\" ><\/div><\/div>\n\n<div class=\"row\"  id=\"row-1245602600\">\n\n\n\t<div id=\"col-2131206604\" class=\"col medium-4 small-12 large-4\"  >\n\t\t\t\t<div class=\"col-inner\"  >\n\t\t\t\n\t\t\t\n\n\t<div class=\"img has-hover x md-x lg-x y md-y lg-y\" id=\"image_487971933\">\n\t\t\t\t\t\t\t\t<div class=\"img-inner dark\" >\n\t\t\t<img decoding=\"async\" width=\"1020\" height=\"315\" src=\"https:\/\/meditex.ee\/wp-content\/uploads\/2018\/03\/CAREFIX_PAYOFF_4F-1400x433.png\" class=\"attachment-large size-large\" alt=\"\" srcset=\"https:\/\/meditex.ee\/wp-content\/uploads\/2018\/03\/CAREFIX_PAYOFF_4F-1400x433.png 1400w, https:\/\/meditex.ee\/wp-content\/uploads\/2018\/03\/CAREFIX_PAYOFF_4F-510x158.png 510w, https:\/\/meditex.ee\/wp-content\/uploads\/2018\/03\/CAREFIX_PAYOFF_4F-800x248.png 800w, https:\/\/meditex.ee\/wp-content\/uploads\/2018\/03\/CAREFIX_PAYOFF_4F-768x238.png 768w, https:\/\/meditex.ee\/wp-content\/uploads\/2018\/03\/CAREFIX_PAYOFF_4F-600x186.png 600w, https:\/\/meditex.ee\/wp-content\/uploads\/2018\/03\/CAREFIX_PAYOFF_4F.png 2038w\" sizes=\"(max-width: 1020px) 100vw, 1020px\" \/>\t\t\t\t\t\t\n\t\t\t\t\t<\/div>\n\t\t\t\t\t\t\t\t\n<style>\n#image_487971933 {\n  width: 85%;\n}\n<\/style>\n\t<\/div>\n\t\n\n\n\t\t<\/div>\n\t\t\t\t\t<\/div>\n\n\t\n\n\t<div id=\"col-1145832613\" class=\"col medium-4 small-12 large-4\"  >\n\t\t\t\t<div class=\"col-inner\"  >\n\t\t\t\n\t\t\t\n\n\n\t\t<\/div>\n\t\t\t\t\t<\/div>\n\n\t\n\n\t<div id=\"col-175218666\" class=\"col medium-4 small-12 large-4\"  >\n\t\t\t\t<div class=\"col-inner\"  >\n\t\t\t\n\t\t\t\n\n\n\t\t<\/div>\n\t\t\t\t\t<\/div>\n\n\t\n\n<\/div>\n<h3 style=\"text-align: left;\" data-fontsize=\"28\" data-lineheight=\"52\"><span style=\"color: #00aae7;\">Tinkamo liemen\u0117l\u0117s dyd\u017eio radimas<\/span><\/h3>\n<p style=\"text-align: left;\" data-fontsize=\"16\" data-lineheight=\"19\"><span style=\"color: #000000;\">Perskaitykite toliau pateiktas instrukcijas, kad rastum\u0117te sau tinkam\u0105 dyd\u012f*<\/span><\/p>\n\t<div class=\"img has-hover x md-x lg-x y md-y lg-y\" id=\"image_606972177\">\n\t\t\t\t\t\t\t\t<div class=\"img-inner dark\" >\n\t\t\t<img decoding=\"async\" width=\"251\" height=\"258\" src=\"https:\/\/meditex.ee\/wp-content\/uploads\/2018\/04\/carefix-bra_how-to-measure_1-2.png\" class=\"attachment-large size-large\" alt=\"\" \/>\t\t\t\t\t\t\n\t\t\t\t\t<\/div>\n\t\t\t\t\t\t\t\t\n<style>\n#image_606972177 {\n  width: 22%;\n}\n<\/style>\n\t<\/div>\n\t\n\n<div class=\"fusion-text\">\n<p data-fontsize=\"16\" data-lineheight=\"19\"> <\/p>\n<p style=\"text-align: left;\" data-fontsize=\"16\" data-lineheight=\"19\"><span style=\"color: #000000;\">1. I\u0161matuokite k\u016bno apimt\u012f po kr\u016btimis, t. y. apimt\u012f po kr\u016btimis (Band Size) <\/span><\/p>\n<\/div>\n<div class=\"fusion-text\">\n<p style=\"text-align: left;\" data-fontsize=\"16\" data-lineheight=\"19\"><span style=\"color: #000000;\">2. I\u0161matuokite k\u016bno apimt\u012f per pla\u010diausi\u0105 kr\u016btin\u0117s dal\u012f, t. y. kr\u016btin\u0117s apimt\u012f (Bust Size) <\/span><\/p>\n<p style=\"text-align: left;\" data-fontsize=\"16\" data-lineheight=\"19\"><span style=\"color: #000000;\">3. Skirtumas tarp kr\u016btin\u0117s apimties ir apimties po kr\u016btimis lemia kau\u0161elio dyd\u012f (Cup Size)<\/span><\/p>\n<p style=\"text-align: left;\" data-fontsize=\"16\" data-lineheight=\"19\"><span style=\"color: #000000;\">Pavyzdys: kr\u016btin\u0117s apimtis 95 cm \u2013 apimtis po kr\u016btimis 80 cm = kau\u0161elio dydis 15, t. y. kau\u0161elis B <\/span><\/p>\n<p style=\"text-align: left;\" data-fontsize=\"16\" data-lineheight=\"19\"><span style=\"color: #000000;\">Kau\u0161eli\u0173 dyd\u017eiai:<\/span><\/p>\n<p style=\"text-align: left;\" data-fontsize=\"16\" data-lineheight=\"19\"><span style=\"color: #000000;\">10 \u2013 12 cm = kau\u0161elis AA<\/span><br\/><span style=\"color: #000000;\">12 \u2013 14 cm = kau\u0161elis A<\/span><br\/><span style=\"color: #000000;\">14 \u2013 16 cm = kau\u0161elis B<\/span><br\/><span style=\"color: #000000;\">16 \u2013 18 cm = kau\u0161elis C<\/span><br\/><span style=\"color: #000000;\">18 \u2013 20 cm = kau\u0161elis D<\/span><br\/><span style=\"color: #000000;\">20 \u2013 22 cm = kau\u0161elis E<\/span><br\/><span style=\"color: #000000;\">22 \u2013 24 cm = kau\u0161elis F<\/span><\/p>\n<p style=\"text-align: left;\" data-fontsize=\"16\" data-lineheight=\"19\"><span style=\"color: #000000;\">4. Nor\u0117dami rasti liemen\u0117l\u0117s dyd\u012f, naudokite apimt\u012f po kr\u016btimis ir kau\u0161elio dyd\u012f. Jei j\u016bs\u0173 apimtis po kr\u016btimis yra 80 cm, o kau\u0161elio dydis B, tinkam\u0105 dyd\u012f rasite dyd\u017ei\u0173 lentel\u0117je (dydis M toliau pateiktoje lentel\u0117je). <\/span><\/p>\n<\/div>\n\t<div class=\"img has-hover x md-x lg-x y md-y lg-y\" id=\"image_1402013073\">\n\t\t\t\t\t\t\t\t<div class=\"img-inner dark\" >\n\t\t\t<img decoding=\"async\" width=\"521\" height=\"176\" src=\"https:\/\/meditex.ee\/wp-content\/uploads\/2018\/04\/carefix-bra_how-to-measure_size-table.png\" class=\"attachment-large size-large\" alt=\"\" srcset=\"https:\/\/meditex.ee\/wp-content\/uploads\/2018\/04\/carefix-bra_how-to-measure_size-table.png 521w, https:\/\/meditex.ee\/wp-content\/uploads\/2018\/04\/carefix-bra_how-to-measure_size-table-510x172.png 510w\" sizes=\"(max-width: 521px) 100vw, 521px\" \/>\t\t\t\t\t\t\n\t\t\t\t\t<\/div>\n\t\t\t\t\t\t\t\t\n<style>\n#image_1402013073 {\n  width: 55%;\n}\n<\/style>\n\t<\/div>\n\t\n\n<p> <\/p>\n<p class=\"fusion-sep-clear\" style=\"text-align: left;\"><span style=\"color: #000000;\">* D\u0117l pooperacinio patinimo gali prireikti 1\u20132 dyd\u017eiais didesn\u0117s liemen\u0117l\u0117s nei \u012fprastas dydis.<\/span><\/p>\n<div class=\"fusion-text\">\n<p style=\"text-align: left;\" data-fontsize=\"16\" data-lineheight=\"19\"><span style=\"color: #000000;\">Stipresnei kompresijai rinkit\u0117s vienu dyd\u017eiu ma\u017eesn\u0119, o silpnesnei kompresijai \u2013 vienu dyd\u017eiu didesn\u0119 liemen\u0117l\u0119.<\/span><\/p>\n<p style=\"text-align: left;\" data-fontsize=\"16\" data-lineheight=\"19\"><span style=\"color: #000000;\">PASTABA! Visada i\u0161matuokite save, kad rastum\u0117te tinkam\u0105 dyd\u012f. <\/span><\/p>\n<\/div>\n<p data-fontsize=\"16\" data-lineheight=\"19\"> <\/p>\n<p style=\"text-align: left;\" data-fontsize=\"16\" data-lineheight=\"19\"><span style=\"color: #000000;\">Taip pat \u017ei\u016br\u0117kite dyd\u017eio pasirinkimo vaizdo \u012fra\u0161\u0105 (angl\u0173 kalba).<\/span><\/p>\n<div class=\"video video-fit mb\" style=\"padding-top:50%;\"><iframe title=\"Carefix post op bra size guide\" width=\"1020\" height=\"574\" src=\"https:\/\/www.youtube.com\/embed\/dbbiT3K8OrQ?feature=oembed\" frameborder=\"0\" allow=\"accelerometer; autoplay; clipboard-write; encrypted-media; gyroscope; picture-in-picture; web-share\" referrerpolicy=\"strict-origin-when-cross-origin\" allowfullscreen><\/iframe><\/div>\n","protected":false},"excerpt":{"rendered":"<p>Tinkamo liemen\u0117l\u0117s dyd\u017eio radimas Perskaitykite toliau pateiktas instrukcijas, kad rastum\u0117te sau tinkam\u0105 dyd\u012f* 1. I\u0161matuokite k\u016bno apimt\u012f po kr\u016btimis, t. y. apimt\u012f po kr\u016btimis (Band Size) 2. I\u0161matuokite k\u016bno apimt\u012f per pla\u010diausi\u0105 kr\u016btin\u0117s dal\u012f, t. y. kr\u016btin\u0117s apimt\u012f (Bust Size) 3. Skirtumas tarp kr\u016btin\u0117s apimties ir apimties po kr\u016btimis lemia kau\u0161elio dyd\u012f (Cup Size) Pavyzdys: [&#8230;]\n","protected":false},"author":1,"featured_media":0,"parent":0,"menu_order":0,"comment_status":"closed","ping_status":"closed","template":"","meta":{"footnotes":""},"class_list":["post-19726","page","type-page","status-publish","hentry"],"yoast_head":"<!-- This site is optimized with the Yoast SEO plugin v27.3 - https:\/\/yoast.com\/product\/yoast-seo-wordpress\/ -->\n<title>Carefix liemen\u0117l\u0117s dyd\u017eio pasirinkimas<\/title>\n<meta name=\"description\" content=\"Skaitykite \u010dia, kaip rasti sau tinkam\u0105 liemen\u0117l\u0117s dyd\u012f. PASTABA! Nelyginkite \u201eCarefix\u201c liemen\u0117li\u0173 dyd\u017ei\u0173 su savo \u012fprastos liemen\u0117l\u0117s dyd\u017eiais.\" \/>\n<meta name=\"robots\" content=\"index, follow, max-snippet:-1, max-image-preview:large, max-video-preview:-1\" \/>\n<link rel=\"canonical\" href=\"https:\/\/meditex.ee\/lt\/carefix-dydzio-pasirinkimas\/\" \/>\n<meta property=\"og:locale\" content=\"lt_LT\" \/>\n<meta property=\"og:type\" content=\"article\" \/>\n<meta property=\"og:title\" content=\"Carefix liemen\u0117l\u0117s dyd\u017eio pasirinkimas\" \/>\n<meta property=\"og:description\" content=\"Skaitykite \u010dia, kaip rasti sau tinkam\u0105 liemen\u0117l\u0117s dyd\u012f. PASTABA! Nelyginkite \u201eCarefix\u201c liemen\u0117li\u0173 dyd\u017ei\u0173 su savo \u012fprastos liemen\u0117l\u0117s dyd\u017eiais.\" \/>\n<meta property=\"og:url\" content=\"https:\/\/meditex.ee\/lt\/carefix-dydzio-pasirinkimas\/\" \/>\n<meta property=\"og:site_name\" content=\"Meditex\" \/>\n<meta property=\"article:publisher\" content=\"https:\/\/www.facebook.com\/meditexepood\/\" \/>\n<meta property=\"article:modified_time\" content=\"2026-02-04T14:08:57+00:00\" \/>\n<meta name=\"twitter:card\" content=\"summary_large_image\" \/>\n<meta name=\"twitter:label1\" content=\"Est. reading time\" \/>\n\t<meta name=\"twitter:data1\" content=\"1 minut\u0117\" \/>\n<script type=\"application\/ld+json\" class=\"yoast-schema-graph\">{\"@context\":\"https:\\\/\\\/schema.org\",\"@graph\":[{\"@type\":\"WebPage\",\"@id\":\"https:\\\/\\\/meditex.ee\\\/lt\\\/carefix-dydzio-pasirinkimas\\\/\",\"url\":\"https:\\\/\\\/meditex.ee\\\/lt\\\/carefix-dydzio-pasirinkimas\\\/\",\"name\":\"Carefix liemen\u0117l\u0117s dyd\u017eio pasirinkimas\",\"isPartOf\":{\"@id\":\"https:\\\/\\\/meditex.ee\\\/en\\\/#website\"},\"datePublished\":\"2026-02-04T14:08:56+00:00\",\"dateModified\":\"2026-02-04T14:08:57+00:00\",\"description\":\"Skaitykite \u010dia, kaip rasti sau tinkam\u0105 liemen\u0117l\u0117s dyd\u012f. PASTABA! Nelyginkite \u201eCarefix\u201c liemen\u0117li\u0173 dyd\u017ei\u0173 su savo \u012fprastos liemen\u0117l\u0117s dyd\u017eiais.\",\"breadcrumb\":{\"@id\":\"https:\\\/\\\/meditex.ee\\\/lt\\\/carefix-dydzio-pasirinkimas\\\/#breadcrumb\"},\"inLanguage\":\"lt-LT\",\"potentialAction\":[{\"@type\":\"ReadAction\",\"target\":[\"https:\\\/\\\/meditex.ee\\\/lt\\\/carefix-dydzio-pasirinkimas\\\/\"]}]},{\"@type\":\"BreadcrumbList\",\"@id\":\"https:\\\/\\\/meditex.ee\\\/lt\\\/carefix-dydzio-pasirinkimas\\\/#breadcrumb\",\"itemListElement\":[{\"@type\":\"ListItem\",\"position\":1,\"name\":\"Home\",\"item\":\"https:\\\/\\\/meditex.ee\\\/lt\\\/\"},{\"@type\":\"ListItem\",\"position\":2,\"name\":\"Carefix dyd\u017eio pasirinkimas\"}]},{\"@type\":\"WebSite\",\"@id\":\"https:\\\/\\\/meditex.ee\\\/en\\\/#website\",\"url\":\"https:\\\/\\\/meditex.ee\\\/en\\\/\",\"name\":\"Meditex\",\"description\":\"\",\"publisher\":{\"@id\":\"https:\\\/\\\/meditex.ee\\\/en\\\/#organization\"},\"potentialAction\":[{\"@type\":\"SearchAction\",\"target\":{\"@type\":\"EntryPoint\",\"urlTemplate\":\"https:\\\/\\\/meditex.ee\\\/en\\\/?s={search_term_string}\"},\"query-input\":{\"@type\":\"PropertyValueSpecification\",\"valueRequired\":true,\"valueName\":\"search_term_string\"}}],\"inLanguage\":\"lt-LT\"},{\"@type\":\"Organization\",\"@id\":\"https:\\\/\\\/meditex.ee\\\/en\\\/#organization\",\"name\":\"Meditex\",\"url\":\"https:\\\/\\\/meditex.ee\\\/en\\\/\",\"logo\":{\"@type\":\"ImageObject\",\"inLanguage\":\"lt-LT\",\"@id\":\"https:\\\/\\\/meditex.ee\\\/en\\\/#\\\/schema\\\/logo\\\/image\\\/\",\"url\":\"https:\\\/\\\/meditex.ee\\\/wp-content\\\/uploads\\\/2018\\\/03\\\/mdtx_logo.png\",\"contentUrl\":\"https:\\\/\\\/meditex.ee\\\/wp-content\\\/uploads\\\/2018\\\/03\\\/mdtx_logo.png\",\"width\":669,\"height\":235,\"caption\":\"Meditex\"},\"image\":{\"@id\":\"https:\\\/\\\/meditex.ee\\\/en\\\/#\\\/schema\\\/logo\\\/image\\\/\"},\"sameAs\":[\"https:\\\/\\\/www.facebook.com\\\/meditexepood\\\/\"]}]}<\/script>\n<!-- \/ Yoast SEO plugin. -->","yoast_head_json":{"title":"Carefix liemen\u0117l\u0117s dyd\u017eio pasirinkimas","description":"Skaitykite \u010dia, kaip rasti sau tinkam\u0105 liemen\u0117l\u0117s dyd\u012f. PASTABA! Nelyginkite \u201eCarefix\u201c liemen\u0117li\u0173 dyd\u017ei\u0173 su savo \u012fprastos liemen\u0117l\u0117s dyd\u017eiais.","robots":{"index":"index","follow":"follow","max-snippet":"max-snippet:-1","max-image-preview":"max-image-preview:large","max-video-preview":"max-video-preview:-1"},"canonical":"https:\/\/meditex.ee\/lt\/carefix-dydzio-pasirinkimas\/","og_locale":"lt_LT","og_type":"article","og_title":"Carefix liemen\u0117l\u0117s dyd\u017eio pasirinkimas","og_description":"Skaitykite \u010dia, kaip rasti sau tinkam\u0105 liemen\u0117l\u0117s dyd\u012f. PASTABA! Nelyginkite \u201eCarefix\u201c liemen\u0117li\u0173 dyd\u017ei\u0173 su savo \u012fprastos liemen\u0117l\u0117s dyd\u017eiais.","og_url":"https:\/\/meditex.ee\/lt\/carefix-dydzio-pasirinkimas\/","og_site_name":"Meditex","article_publisher":"https:\/\/www.facebook.com\/meditexepood\/","article_modified_time":"2026-02-04T14:08:57+00:00","twitter_card":"summary_large_image","twitter_misc":{"Est. reading time":"1 minut\u0117"},"schema":{"@context":"https:\/\/schema.org","@graph":[{"@type":"WebPage","@id":"https:\/\/meditex.ee\/lt\/carefix-dydzio-pasirinkimas\/","url":"https:\/\/meditex.ee\/lt\/carefix-dydzio-pasirinkimas\/","name":"Carefix liemen\u0117l\u0117s dyd\u017eio pasirinkimas","isPartOf":{"@id":"https:\/\/meditex.ee\/en\/#website"},"datePublished":"2026-02-04T14:08:56+00:00","dateModified":"2026-02-04T14:08:57+00:00","description":"Skaitykite \u010dia, kaip rasti sau tinkam\u0105 liemen\u0117l\u0117s dyd\u012f. PASTABA! Nelyginkite \u201eCarefix\u201c liemen\u0117li\u0173 dyd\u017ei\u0173 su savo \u012fprastos liemen\u0117l\u0117s dyd\u017eiais.","breadcrumb":{"@id":"https:\/\/meditex.ee\/lt\/carefix-dydzio-pasirinkimas\/#breadcrumb"},"inLanguage":"lt-LT","potentialAction":[{"@type":"ReadAction","target":["https:\/\/meditex.ee\/lt\/carefix-dydzio-pasirinkimas\/"]}]},{"@type":"BreadcrumbList","@id":"https:\/\/meditex.ee\/lt\/carefix-dydzio-pasirinkimas\/#breadcrumb","itemListElement":[{"@type":"ListItem","position":1,"name":"Home","item":"https:\/\/meditex.ee\/lt\/"},{"@type":"ListItem","position":2,"name":"Carefix dyd\u017eio pasirinkimas"}]},{"@type":"WebSite","@id":"https:\/\/meditex.ee\/en\/#website","url":"https:\/\/meditex.ee\/en\/","name":"Meditex","description":"","publisher":{"@id":"https:\/\/meditex.ee\/en\/#organization"},"potentialAction":[{"@type":"SearchAction","target":{"@type":"EntryPoint","urlTemplate":"https:\/\/meditex.ee\/en\/?s={search_term_string}"},"query-input":{"@type":"PropertyValueSpecification","valueRequired":true,"valueName":"search_term_string"}}],"inLanguage":"lt-LT"},{"@type":"Organization","@id":"https:\/\/meditex.ee\/en\/#organization","name":"Meditex","url":"https:\/\/meditex.ee\/en\/","logo":{"@type":"ImageObject","inLanguage":"lt-LT","@id":"https:\/\/meditex.ee\/en\/#\/schema\/logo\/image\/","url":"https:\/\/meditex.ee\/wp-content\/uploads\/2018\/03\/mdtx_logo.png","contentUrl":"https:\/\/meditex.ee\/wp-content\/uploads\/2018\/03\/mdtx_logo.png","width":669,"height":235,"caption":"Meditex"},"image":{"@id":"https:\/\/meditex.ee\/en\/#\/schema\/logo\/image\/"},"sameAs":["https:\/\/www.facebook.com\/meditexepood\/"]}]}},"_links":{"self":[{"href":"https:\/\/meditex.ee\/lt\/wp-json\/wp\/v2\/pages\/19726","targetHints":{"allow":["GET"]}}],"collection":[{"href":"https:\/\/meditex.ee\/lt\/wp-json\/wp\/v2\/pages"}],"about":[{"href":"https:\/\/meditex.ee\/lt\/wp-json\/wp\/v2\/types\/page"}],"author":[{"embeddable":true,"href":"https:\/\/meditex.ee\/lt\/wp-json\/wp\/v2\/users\/1"}],"replies":[{"embeddable":true,"href":"https:\/\/meditex.ee\/lt\/wp-json\/wp\/v2\/comments?post=19726"}],"version-history":[{"count":2,"href":"https:\/\/meditex.ee\/lt\/wp-json\/wp\/v2\/pages\/19726\/revisions"}],"predecessor-version":[{"id":19730,"href":"https:\/\/meditex.ee\/lt\/wp-json\/wp\/v2\/pages\/19726\/revisions\/19730"}],"wp:attachment":[{"href":"https:\/\/meditex.ee\/lt\/wp-json\/wp\/v2\/media?parent=19726"}],"curies":[{"name":"wp","href":"https:\/\/api.w.org\/{rel}","templated":true}]}}