{"id":19724,"date":"2026-02-04T14:08:46","date_gmt":"2026-02-04T14:08:46","guid":{"rendered":"https:\/\/meditex.ee\/salygos\/"},"modified":"2026-02-04T14:08:46","modified_gmt":"2026-02-04T14:08:46","slug":"salygos","status":"publish","type":"page","link":"https:\/\/meditex.ee\/lt\/salygos\/","title":{"rendered":"S\u0105lygos"},"content":{"rendered":"\n<h4 style=\"text-align: left;\"><span style=\"color: #000000;\"><strong>BENDROSIOS S\u0104LYGOS<\/strong><\/span><\/h4>\n<p style=\"text-align: left;\"><span style=\"color: #000000;\">Internetin\u0117s parduotuv\u0117s meditex.ee (toliau \u2013 Internetin\u0117 parduotuv\u0117) savininkas yra O\u00dc Scabo (registracijos kodas 14316126), \u012fsik\u016brusi Nurme tn 5a, 75501, Saku, Harjumaa. El. pa\u0161to adresas <a style=\"color: #000000;\" href=\"mailto:info@scabo.ee\">info@scabo.ee<\/a>, telefono numeris +372 514 8131. <\/span><\/p>\n<p style=\"text-align: left;\"><span style=\"color: #000000;\"><strong>Pardavimo sutarties galiojimas, preki\u0173 ir kain\u0173 informacija <\/strong><\/span><\/p>\n<p style=\"text-align: left;\"><span style=\"color: #000000;\">Pardavimo s\u0105lygos galioja perkant prekes i\u0161 Internetin\u0117s parduotuv\u0117s. Internetin\u0117je parduotuv\u0117je parduodam\u0173 preki\u0173 kainos nurodytos prie preki\u0173. Prie kainos pridedamas mokestis u\u017e preki\u0173 pristatym\u0105. Preki\u0173 pristatymo mokestis priklauso nuo pirk\u0117jo buvimo vietos ir pristatymo b\u016bdo. Pristatymo mokestis pirk\u0117jui rodomas u\u017esakymo formavimo metu. Informacija apie prekes pateikiama Internetin\u0117je parduotuv\u0117je tiesiogiai prie prek\u0117s.     <\/span><\/p>\n<p style=\"text-align: left;\"><span style=\"color: #000000;\"><strong>U\u017esakymo pateikimas<\/strong><\/span><\/p>\n<p style=\"text-align: left;\"><span style=\"color: #000000;\">Nor\u0117dami u\u017esisakyti prekes, norimas prekes turite \u012fd\u0117ti \u012f pirkini\u0173 krep\u0161el\u012f. Nor\u0117dami pateikti u\u017esakym\u0105, turite u\u017epildyti reikiamus duomen\u0173 laukus ir pasirinkti tinkam\u0105 preki\u0173 pristatymo b\u016bd\u0105. Tada ekrane bus rodoma mok\u0117tina suma, kuri\u0105 galima apmok\u0117ti per banko nuorod\u0105 arba kit\u0105 mok\u0117jimo sprendim\u0105. Sutartis \u012fsigalioja nuo mok\u0117tinos sumos gavimo \u012f Internetin\u0117s parduotuv\u0117s atsiskaitom\u0105j\u0105 s\u0105skait\u0105. Jei u\u017esakyt\u0173 preki\u0173 negalima pristatyti d\u0117l preki\u0173 tr\u016bkumo ar kitos prie\u017easties, pirk\u0117jas apie tai informuojamas kuo grei\u010diau ir sumok\u0117ti pinigai (\u012fskaitant preki\u0173 pristatymo i\u0161laidas) gr\u0105\u017einami nedelsiant, bet ne v\u0117liau kaip per 14 dien\u0173 nuo prane\u0161imo i\u0161siuntimo.    <\/span><\/p>\n<p style=\"text-align: left;\"><span style=\"color: #000000;\">Visos el. parduotuv\u0117je rodomos kainos nurodytos eurais (\u20ac) ir apima PVM.<\/span><\/p>\n<p style=\"text-align: left;\"><span style=\"color: #000000;\"><strong>Pristatymas<\/strong><\/span><\/p>\n<p style=\"text-align: left;\"><span style=\"color: #000000;\">Prek\u0117s siun\u010diamos \u012f \u0161ias \u0161alis: Estija, Latvija, Lietuva, Suomija. Preki\u0173 siuntimo i\u0161laidas apmoka pirk\u0117jas, o atitinkama kainos informacija rodoma prie siuntimo b\u016bdo. Siuntos Estijos viduje paprastai pasiekia pirk\u0117jo nurodyt\u0105 paskirties viet\u0105 per 2\u20135 darbo dienas nuo pardavimo sutarties \u012fsigaliojimo. U\u017e Estijos rib\u0173 pristatymas vykdomas per 7 kalendorines dienas. I\u0161imtiniais atvejais prek\u0117s gali b\u016bti pristatytos per 45 kalendorines dienas.    <\/span><\/p>\n<p style=\"text-align: left;\"><span style=\"color: #000000;\"><strong>Teis\u0117 atsisakyti sutarties<\/strong><\/span><\/p>\n<p style=\"text-align: left;\"><span style=\"color: #000000;\">Gav\u0119s u\u017esakym\u0105, pirk\u0117jas turi teis\u0119 per 14 dien\u0173 atsisakyti el. parduotuv\u0117je sudarytos sutarties.<\/span><\/p>\n<p style=\"text-align: left;\"><span style=\"color: #000000;\">Teis\u0117 atsisakyti sutarties netaikoma, jei pirk\u0117jas yra juridinis asmuo.<\/span><\/p>\n<p style=\"text-align: left;\"><span style=\"color: #000000;\">Norint pasinaudoti 14 dien\u0173 gr\u0105\u017einimo teise, u\u017esakyt\u0173 preki\u0173 negalima naudoti jokiu kitu b\u016bdu, i\u0161skyrus t\u0105, kuris b\u016btinas preki\u0173 pob\u016bd\u017eiui, savyb\u0117ms ir veikimui \u012fsitikinti, kaip tai leid\u017eiama preki\u0173 testavimui fizin\u0117je parduotuv\u0117je.<\/span><\/p>\n<p style=\"text-align: left;\"><span style=\"color: #000000;\">Jei prek\u0117s buvo naudojamos kitais tikslais, nei b\u016btina preki\u0173 pob\u016bd\u017eiui, savyb\u0117ms ir veikimui \u012fsitikinti, arba ant j\u0173 yra naudojimo ar nusid\u0117v\u0117jimo \u017eymi\u0173, Internetin\u0117 parduotuv\u0117 turi teis\u0119 suma\u017einti gr\u0105\u017einam\u0105 mokest\u012f atsi\u017evelgiant \u012f preki\u0173 vert\u0117s suma\u017e\u0117jim\u0105.<\/span><\/p>\n<p style=\"text-align: left;\"><span style=\"color: #000000;\">Nor\u0117dami gr\u0105\u017einti prekes, turite pateikti pra\u0161ym\u0105 atsisakyti preki\u0173 pirkimo, kurio form\u0105 rasite <em><a style=\"color: #000000;\" href=\"https:\/\/www.riigiteataja.ee\/aktilisa\/1030\/1201\/4001\/JM_m41_lisa1.pdf\">\u010dia<\/a><\/em>, ir i\u0161si\u0173sti j\u012f el. pa\u0161to adresu <a style=\"color: #000000;\" href=\"mailto:info@meditex.ee\">info@meditex.ee<\/a> ne v\u0117liau kaip per 14 dien\u0173 nuo preki\u0173 gavimo.<\/span><\/p>\n<p style=\"text-align: left;\"><span style=\"color: #000000;\">Preki\u0173 gr\u0105\u017einimo i\u0161laidas apmoka pirk\u0117jas, i\u0161skyrus atvejus, kai gr\u0105\u017einimo prie\u017eastis yra ta, kad gr\u0105\u017einama prek\u0117 neatitinka u\u017esakytos (pvz., neteisinga ar su defektais prek\u0117).<\/span><\/p>\n<p style=\"text-align: left;\"><span style=\"color: #000000;\">Pirk\u0117jas privalo gr\u0105\u017einti prekes per 14 dien\u0173 nuo pra\u0161ymo pateikimo arba pateikti \u012frodym\u0105, kad jis perdav\u0117 prekes ve\u017e\u0117jui per min\u0117t\u0105 laikotarp\u012f.<\/span><\/p>\n<p style=\"text-align: left;\"><span style=\"color: #000000;\">Internetin\u0117 parduotuv\u0117, gavusi gr\u0105\u017einamas prekes, nedelsdama, bet ne v\u0117liau kaip per 14 dien\u0173 nuo atsisakymo parei\u0161kimo gavimo, gr\u0105\u017eina pirk\u0117jui visus pagal sutart\u012f gautus mokes\u010dius.<\/span><\/p>\n<p style=\"text-align: left;\"><span style=\"color: #000000;\">Internetin\u0117 parduotuv\u0117 gali atsisakyti gr\u0105\u017einti pinigus tol, kol negaus sutarties objekto atgal arba kol pirk\u0117jas nepateiks \u012frodym\u0173, kad i\u0161siunt\u0117 prek\u0119 atgal, atsi\u017evelgiant \u012f tai, kas \u012fvyks anks\u010diau.<\/span><\/p>\n<p style=\"text-align: left;\"><span style=\"color: #000000;\">Jei pirk\u0117jas ai\u0161kiai pasirinko kit\u0105 pristatymo b\u016bd\u0105, nei pigiausias \u012fprastas Internetin\u0117s parduotuv\u0117s si\u016blomas pristatymo b\u016bdas, Internetin\u0117 parduotuv\u0117 neprivalo gr\u0105\u017einti vartotojui i\u0161laid\u0173, vir\u0161ijan\u010di\u0173 \u012fprasto pristatymo b\u016bdo i\u0161laidas.<\/span><\/p>\n<p style=\"text-align: left;\"><span style=\"color: #000000;\">Internetin\u0117 parduotuv\u0117 turi teis\u0119 atsisakyti pardavimo sandorio ir reikalauti i\u0161 pirk\u0117jo gr\u0105\u017einti prekes, jei prek\u0117s kaina internetin\u0117je parduotuv\u0117je d\u0117l klaidos buvo nurodyta \u017eymiai ma\u017eesn\u0117 u\u017e prek\u0117s rinkos kain\u0105.<\/span><\/p>\n<p style=\"text-align: left;\"><span style=\"color: #000000;\"><strong>Teis\u0117 pateikti pretenzij\u0105<\/strong><\/span><\/p>\n<p style=\"text-align: left;\"><span style=\"color: #000000;\">Internetin\u0117 parduotuv\u0117 atsako u\u017e pirk\u0117jui parduotos prek\u0117s neatitikim\u0105 sutarties s\u0105lygoms ar tr\u016bkum\u0105, kuris egzistavo jau prek\u0117s perdavimo metu ir kuris pasirei\u0161kia per dvejus metus nuo prek\u0117s perdavimo pirk\u0117jui. Per pirmuosius \u0161e\u0161is m\u0117nesius nuo prek\u0117s perdavimo pirk\u0117jui preziumuojama, kad tr\u016bkumas egzistavo jau prek\u0117s perdavimo metu. \u0160ios prezumpcijos paneigimas yra Internetin\u0117s parduotuv\u0117s pareiga.  <\/span><\/p>\n<p style=\"text-align: left;\"><span style=\"color: #000000;\">Pirk\u0117jas, atsiradus tr\u016bkumui, turi teis\u0119 kreiptis \u012f internetin\u0119 parduotuv\u0119 ne v\u0117liau kaip per du m\u0117nesius, i\u0161si\u0173sdamas el. lai\u0161k\u0105 adresu <a style=\"color: #000000;\" href=\"mailto:info@meditex.ee\">info@meditex.ee<\/a> arba paskambin\u0119s telefonu: +372 514 8131.<\/span><\/p>\n<p style=\"text-align: left;\"><span style=\"color: #000000;\">Internetin\u0117 parduotuv\u0117 neatsako u\u017e tr\u016bkumus, atsiradusius po prek\u0117s perdavimo pirk\u0117jui.<\/span><\/p>\n<p style=\"text-align: left;\"><span style=\"color: #000000;\">Jei Internetin\u0117je parduotuv\u0117je \u012fsigyta prek\u0117 turi tr\u016bkum\u0173, u\u017e kuriuos atsako Internetin\u0117 parduotuv\u0117, Internetin\u0117 parduotuv\u0117 pataiso arba pakei\u010dia prek\u0119 su tr\u016bkumais. Jei prek\u0117s negalima pataisyti ar pakeisti, Internetin\u0117 parduotuv\u0117 gr\u0105\u017eina pirk\u0117jui visus su pardavimo sutartimi susijusius mokes\u010dius. <\/span><\/p>\n<p style=\"text-align: left;\"><span style=\"color: #000000;\">Internetin\u0117 parduotuv\u0117 \u012f vartotojo pateikt\u0105 skund\u0105 atsako ra\u0161tu arba ra\u0161ytine forma, leid\u017eian\u010dia atkurti tekst\u0105, per 15 dien\u0173.<\/span><\/p>\n<p style=\"text-align: left;\"><span style=\"color: #000000;\"><strong>Tiesiogin\u0117 rinkodara ir asmens duomen\u0173 tvarkymas<\/strong><\/span><\/p>\n<p style=\"text-align: left;\"><span style=\"color: #000000;\">Internetin\u0117 parduotuv\u0117 naudoja pirk\u0117jo \u012fvestus asmens duomenis (\u012fskaitant vard\u0105, telefono numer\u012f, adres\u0105, el. pa\u0161to adres\u0105, banko rekvizitus) tik u\u017esakymo apdorojimui ir preki\u0173 i\u0161siuntimui pirk\u0117jui. Internetin\u0117 parduotuv\u0117 perduoda asmens duomenis transporto paslaugas teikian\u010dioms \u012fmon\u0117ms, kad b\u016bt\u0173 pristatytos prek\u0117s. <\/span><\/p>\n<p style=\"text-align: left;\"><span style=\"color: #000000;\">Internetin\u0117 parduotuv\u0117 siun\u010dia pirk\u0117jui naujienlai\u0161kius ir pasi\u016blymus pirk\u0117jo el. pa\u0161to adresu tik tuo atveju, jei pirk\u0117jas i\u0161rei\u0161k\u0117 nor\u0105, \u012fvesdamas el. pa\u0161to adres\u0105 svetain\u0117je ir prane\u0161damas apie savo nor\u0105 gauti tiesiogin\u0117s rinkodaros prane\u0161imus.<\/span><\/p>\n<p style=\"text-align: left;\"><span style=\"color: #000000;\">Pirk\u0117jas bet kuriuo metu gali atsisakyti el. pa\u0161tu siun\u010diam\u0173 pasi\u016blym\u0173 ir naujienlai\u0161ki\u0173, prane\u0161damas mums el. pa\u0161tu arba vadovaudamasis pasi\u016blymus turin\u010diame el. lai\u0161ke pateiktomis instrukcijomis.<\/span><\/p>\n<p style=\"text-align: left;\"><span style=\"color: #000000;\"><strong>Gin\u010d\u0173 sprendimas<\/strong><\/span><\/p>\n<p style=\"text-align: left;\"><span style=\"color: #000000;\">Jei pirk\u0117jas turi pretenzij\u0173 d\u0117l Internetin\u0117s parduotuv\u0117s, jas reikia si\u0173sti el. pa\u0161to adresu <a style=\"color: #000000;\" href=\"mailto:info@meditex.ee\">info@meditex.ee<\/a> arba skambinti telefonu: +372 514 8131.<\/span><\/p>\n<p style=\"text-align: left;\"><span style=\"color: #000000;\">Jei pirk\u0117jas ir Internetin\u0117 parduotuv\u0117 negali i\u0161spr\u0119sti gin\u010do susitarimu, pirk\u0117jas gali kreiptis \u012f Vartotoj\u0173 gin\u010d\u0173 komisij\u0105. Su proced\u016bros s\u0105lygomis galima susipa\u017einti ir pateikti pra\u0161ym\u0105 <a style=\"color: #000000;\" href=\"https:\/\/www.tarbijakaitseamet.ee\/et\/tarbijavaidluste-komisjon\"><em>\u010dia<\/em><\/a>. Vartotoj\u0173 gin\u010d\u0173 komisija yra kompetentinga spr\u0119sti gin\u010dus, kylan\u010dius i\u0161 pirk\u0117jo ir Internetin\u0117s parduotuv\u0117s sudarytos sutarties. Pirk\u0117jo skundo nagrin\u0117jimas komisijoje yra nemokamas.   <\/span><\/p>\n<p style=\"text-align: left;\"><span style=\"color: #000000;\">Pirk\u0117jas gali kreiptis \u012f Europos S\u0105jungos vartotoj\u0173 gin\u010d\u0173 sprendimo platform\u0105 <a style=\"color: #000000;\" href=\"https:\/\/ec.europa.eu\/consumers\/odr\/main\/index.cfm?event=main.home.chooseLanguage\"><em>\u010dia.<\/em><\/a><\/span><\/p>\n<p style=\"text-align: left;\" align=\"left\"> <\/p>\n","protected":false},"excerpt":{"rendered":"<p>BENDROSIOS S\u0104LYGOS Internetin\u0117s parduotuv\u0117s meditex.ee (toliau \u2013 Internetin\u0117 parduotuv\u0117) savininkas yra O\u00dc Scabo (registracijos kodas 14316126), \u012fsik\u016brusi Nurme tn 5a, 75501, Saku, Harjumaa. El. pa\u0161to adresas info@scabo.ee, telefono numeris +372 514 8131. Pardavimo sutarties galiojimas, preki\u0173 ir kain\u0173 informacija Pardavimo s\u0105lygos galioja perkant prekes i\u0161 Internetin\u0117s parduotuv\u0117s. Internetin\u0117je parduotuv\u0117je parduodam\u0173 preki\u0173 kainos nurodytos prie preki\u0173. [&#8230;]\n","protected":false},"author":1,"featured_media":0,"parent":0,"menu_order":0,"comment_status":"closed","ping_status":"closed","template":"","meta":{"footnotes":""},"class_list":["post-19724","page","type-page","status-publish","hentry"],"yoast_head":"<!-- This site is optimized with the Yoast SEO plugin v27.3 - https:\/\/yoast.com\/product\/yoast-seo-wordpress\/ -->\n<title>S\u0105lygos - Meditex<\/title>\n<meta name=\"robots\" content=\"noindex, nofollow\" \/>\n<meta property=\"og:locale\" content=\"lt_LT\" \/>\n<meta property=\"og:type\" content=\"article\" \/>\n<meta property=\"og:title\" content=\"S\u0105lygos - Meditex\" \/>\n<meta property=\"og:description\" content=\"BENDROSIOS S\u0104LYGOS Internetin\u0117s parduotuv\u0117s meditex.ee (toliau \u2013 Internetin\u0117 parduotuv\u0117) savininkas yra O\u00dc Scabo (registracijos kodas 14316126), \u012fsik\u016brusi Nurme tn 5a, 75501, Saku, Harjumaa. El. pa\u0161to adresas info@scabo.ee, telefono numeris +372 514 8131. Pardavimo sutarties galiojimas, preki\u0173 ir kain\u0173 informacija Pardavimo s\u0105lygos galioja perkant prekes i\u0161 Internetin\u0117s parduotuv\u0117s. Internetin\u0117je parduotuv\u0117je parduodam\u0173 preki\u0173 kainos nurodytos prie preki\u0173. [...]\" \/>\n<meta property=\"og:url\" content=\"https:\/\/meditex.ee\/lt\/salygos\/\" \/>\n<meta property=\"og:site_name\" content=\"Meditex\" \/>\n<meta property=\"article:publisher\" content=\"https:\/\/www.facebook.com\/meditexepood\/\" \/>\n<meta name=\"twitter:card\" content=\"summary_large_image\" \/>\n<meta name=\"twitter:label1\" content=\"Est. reading time\" \/>\n\t<meta name=\"twitter:data1\" content=\"5 minut\u0117\" \/>\n<script type=\"application\/ld+json\" class=\"yoast-schema-graph\">{\"@context\":\"https:\\\/\\\/schema.org\",\"@graph\":[{\"@type\":\"WebPage\",\"@id\":\"https:\\\/\\\/meditex.ee\\\/lt\\\/salygos\\\/\",\"url\":\"https:\\\/\\\/meditex.ee\\\/lt\\\/salygos\\\/\",\"name\":\"S\u0105lygos - Meditex\",\"isPartOf\":{\"@id\":\"https:\\\/\\\/meditex.ee\\\/en\\\/#website\"},\"datePublished\":\"2026-02-04T14:08:46+00:00\",\"breadcrumb\":{\"@id\":\"https:\\\/\\\/meditex.ee\\\/lt\\\/salygos\\\/#breadcrumb\"},\"inLanguage\":\"lt-LT\",\"potentialAction\":[{\"@type\":\"ReadAction\",\"target\":[\"https:\\\/\\\/meditex.ee\\\/lt\\\/salygos\\\/\"]}]},{\"@type\":\"BreadcrumbList\",\"@id\":\"https:\\\/\\\/meditex.ee\\\/lt\\\/salygos\\\/#breadcrumb\",\"itemListElement\":[{\"@type\":\"ListItem\",\"position\":1,\"name\":\"Home\",\"item\":\"https:\\\/\\\/meditex.ee\\\/lt\\\/\"},{\"@type\":\"ListItem\",\"position\":2,\"name\":\"S\u0105lygos\"}]},{\"@type\":\"WebSite\",\"@id\":\"https:\\\/\\\/meditex.ee\\\/en\\\/#website\",\"url\":\"https:\\\/\\\/meditex.ee\\\/en\\\/\",\"name\":\"Meditex\",\"description\":\"\",\"publisher\":{\"@id\":\"https:\\\/\\\/meditex.ee\\\/en\\\/#organization\"},\"potentialAction\":[{\"@type\":\"SearchAction\",\"target\":{\"@type\":\"EntryPoint\",\"urlTemplate\":\"https:\\\/\\\/meditex.ee\\\/en\\\/?s={search_term_string}\"},\"query-input\":{\"@type\":\"PropertyValueSpecification\",\"valueRequired\":true,\"valueName\":\"search_term_string\"}}],\"inLanguage\":\"lt-LT\"},{\"@type\":\"Organization\",\"@id\":\"https:\\\/\\\/meditex.ee\\\/en\\\/#organization\",\"name\":\"Meditex\",\"url\":\"https:\\\/\\\/meditex.ee\\\/en\\\/\",\"logo\":{\"@type\":\"ImageObject\",\"inLanguage\":\"lt-LT\",\"@id\":\"https:\\\/\\\/meditex.ee\\\/en\\\/#\\\/schema\\\/logo\\\/image\\\/\",\"url\":\"https:\\\/\\\/meditex.ee\\\/wp-content\\\/uploads\\\/2018\\\/03\\\/mdtx_logo.png\",\"contentUrl\":\"https:\\\/\\\/meditex.ee\\\/wp-content\\\/uploads\\\/2018\\\/03\\\/mdtx_logo.png\",\"width\":669,\"height\":235,\"caption\":\"Meditex\"},\"image\":{\"@id\":\"https:\\\/\\\/meditex.ee\\\/en\\\/#\\\/schema\\\/logo\\\/image\\\/\"},\"sameAs\":[\"https:\\\/\\\/www.facebook.com\\\/meditexepood\\\/\"]}]}<\/script>\n<!-- \/ Yoast SEO plugin. -->","yoast_head_json":{"title":"S\u0105lygos - Meditex","robots":{"index":"noindex","follow":"nofollow"},"og_locale":"lt_LT","og_type":"article","og_title":"S\u0105lygos - Meditex","og_description":"BENDROSIOS S\u0104LYGOS Internetin\u0117s parduotuv\u0117s meditex.ee (toliau \u2013 Internetin\u0117 parduotuv\u0117) savininkas yra O\u00dc Scabo (registracijos kodas 14316126), \u012fsik\u016brusi Nurme tn 5a, 75501, Saku, Harjumaa. El. pa\u0161to adresas info@scabo.ee, telefono numeris +372 514 8131. Pardavimo sutarties galiojimas, preki\u0173 ir kain\u0173 informacija Pardavimo s\u0105lygos galioja perkant prekes i\u0161 Internetin\u0117s parduotuv\u0117s. Internetin\u0117je parduotuv\u0117je parduodam\u0173 preki\u0173 kainos nurodytos prie preki\u0173. [...]","og_url":"https:\/\/meditex.ee\/lt\/salygos\/","og_site_name":"Meditex","article_publisher":"https:\/\/www.facebook.com\/meditexepood\/","twitter_card":"summary_large_image","twitter_misc":{"Est. reading time":"5 minut\u0117"},"schema":{"@context":"https:\/\/schema.org","@graph":[{"@type":"WebPage","@id":"https:\/\/meditex.ee\/lt\/salygos\/","url":"https:\/\/meditex.ee\/lt\/salygos\/","name":"S\u0105lygos - Meditex","isPartOf":{"@id":"https:\/\/meditex.ee\/en\/#website"},"datePublished":"2026-02-04T14:08:46+00:00","breadcrumb":{"@id":"https:\/\/meditex.ee\/lt\/salygos\/#breadcrumb"},"inLanguage":"lt-LT","potentialAction":[{"@type":"ReadAction","target":["https:\/\/meditex.ee\/lt\/salygos\/"]}]},{"@type":"BreadcrumbList","@id":"https:\/\/meditex.ee\/lt\/salygos\/#breadcrumb","itemListElement":[{"@type":"ListItem","position":1,"name":"Home","item":"https:\/\/meditex.ee\/lt\/"},{"@type":"ListItem","position":2,"name":"S\u0105lygos"}]},{"@type":"WebSite","@id":"https:\/\/meditex.ee\/en\/#website","url":"https:\/\/meditex.ee\/en\/","name":"Meditex","description":"","publisher":{"@id":"https:\/\/meditex.ee\/en\/#organization"},"potentialAction":[{"@type":"SearchAction","target":{"@type":"EntryPoint","urlTemplate":"https:\/\/meditex.ee\/en\/?s={search_term_string}"},"query-input":{"@type":"PropertyValueSpecification","valueRequired":true,"valueName":"search_term_string"}}],"inLanguage":"lt-LT"},{"@type":"Organization","@id":"https:\/\/meditex.ee\/en\/#organization","name":"Meditex","url":"https:\/\/meditex.ee\/en\/","logo":{"@type":"ImageObject","inLanguage":"lt-LT","@id":"https:\/\/meditex.ee\/en\/#\/schema\/logo\/image\/","url":"https:\/\/meditex.ee\/wp-content\/uploads\/2018\/03\/mdtx_logo.png","contentUrl":"https:\/\/meditex.ee\/wp-content\/uploads\/2018\/03\/mdtx_logo.png","width":669,"height":235,"caption":"Meditex"},"image":{"@id":"https:\/\/meditex.ee\/en\/#\/schema\/logo\/image\/"},"sameAs":["https:\/\/www.facebook.com\/meditexepood\/"]}]}},"_links":{"self":[{"href":"https:\/\/meditex.ee\/lt\/wp-json\/wp\/v2\/pages\/19724","targetHints":{"allow":["GET"]}}],"collection":[{"href":"https:\/\/meditex.ee\/lt\/wp-json\/wp\/v2\/pages"}],"about":[{"href":"https:\/\/meditex.ee\/lt\/wp-json\/wp\/v2\/types\/page"}],"author":[{"embeddable":true,"href":"https:\/\/meditex.ee\/lt\/wp-json\/wp\/v2\/users\/1"}],"replies":[{"embeddable":true,"href":"https:\/\/meditex.ee\/lt\/wp-json\/wp\/v2\/comments?post=19724"}],"version-history":[{"count":1,"href":"https:\/\/meditex.ee\/lt\/wp-json\/wp\/v2\/pages\/19724\/revisions"}],"predecessor-version":[{"id":19725,"href":"https:\/\/meditex.ee\/lt\/wp-json\/wp\/v2\/pages\/19724\/revisions\/19725"}],"wp:attachment":[{"href":"https:\/\/meditex.ee\/lt\/wp-json\/wp\/v2\/media?parent=19724"}],"curies":[{"name":"wp","href":"https:\/\/api.w.org\/{rel}","templated":true}]}}