{"id":19711,"date":"2026-02-04T14:08:32","date_gmt":"2026-02-04T14:08:32","guid":{"rendered":"https:\/\/meditex.ee\/4-kryptimis\/"},"modified":"2026-02-04T14:08:32","modified_gmt":"2026-02-04T14:08:32","slug":"4-kryptimis","status":"publish","type":"page","link":"https:\/\/meditex.ee\/lt\/4-kryptimis\/","title":{"rendered":"4 kryptimis"},"content":{"rendered":"","protected":false},"excerpt":{"rendered":"","protected":false},"author":1,"featured_media":0,"parent":0,"menu_order":0,"comment_status":"closed","ping_status":"closed","template":"","meta":{"footnotes":""},"class_list":["post-19711","page","type-page","status-publish","hentry"],"yoast_head":"<!-- This site is optimized with the Yoast SEO plugin v27.3 - https:\/\/yoast.com\/product\/yoast-seo-wordpress\/ -->\n<title>4 kryptimis tampraus kau\u0161elio privalumai - Meditex .ee el. parduotuv\u0117<\/title>\n<meta name=\"description\" content=\"I\u0161 keturiomis kryptimis tamprios med\u017eiagos pagamintos pooperacin\u0117s liemen\u0117l\u0117s u\u017etikrina pakankam\u0105 atram\u0105 ir kompresij\u0105.\" \/>\n<meta name=\"robots\" content=\"index, follow, max-snippet:-1, max-image-preview:large, max-video-preview:-1\" \/>\n<link rel=\"canonical\" href=\"https:\/\/meditex.ee\/lt\/4-kryptimis\/\" \/>\n<meta property=\"og:locale\" content=\"lt_LT\" \/>\n<meta property=\"og:type\" content=\"article\" \/>\n<meta property=\"og:title\" content=\"4 kryptimis tampraus kau\u0161elio privalumai - Meditex .ee el. parduotuv\u0117\" \/>\n<meta property=\"og:description\" content=\"I\u0161 keturiomis kryptimis tamprios med\u017eiagos pagamintos pooperacin\u0117s liemen\u0117l\u0117s u\u017etikrina pakankam\u0105 atram\u0105 ir kompresij\u0105.\" \/>\n<meta property=\"og:url\" content=\"https:\/\/meditex.ee\/lt\/4-kryptimis\/\" \/>\n<meta property=\"og:site_name\" content=\"Meditex\" \/>\n<meta property=\"article:publisher\" content=\"https:\/\/www.facebook.com\/meditexepood\/\" \/>\n<meta name=\"twitter:card\" content=\"summary_large_image\" \/>\n<script type=\"application\/ld+json\" class=\"yoast-schema-graph\">{\"@context\":\"https:\\\/\\\/schema.org\",\"@graph\":[{\"@type\":\"WebPage\",\"@id\":\"https:\\\/\\\/meditex.ee\\\/lt\\\/4-kryptimis\\\/\",\"url\":\"https:\\\/\\\/meditex.ee\\\/lt\\\/4-kryptimis\\\/\",\"name\":\"4 kryptimis tampraus kau\u0161elio privalumai - Meditex .ee el. parduotuv\u0117\",\"isPartOf\":{\"@id\":\"https:\\\/\\\/meditex.ee\\\/en\\\/#website\"},\"datePublished\":\"2026-02-04T14:08:32+00:00\",\"description\":\"I\u0161 keturiomis kryptimis tamprios med\u017eiagos pagamintos pooperacin\u0117s liemen\u0117l\u0117s u\u017etikrina pakankam\u0105 atram\u0105 ir kompresij\u0105.\",\"breadcrumb\":{\"@id\":\"https:\\\/\\\/meditex.ee\\\/lt\\\/4-kryptimis\\\/#breadcrumb\"},\"inLanguage\":\"lt-LT\",\"potentialAction\":[{\"@type\":\"ReadAction\",\"target\":[\"https:\\\/\\\/meditex.ee\\\/lt\\\/4-kryptimis\\\/\"]}]},{\"@type\":\"BreadcrumbList\",\"@id\":\"https:\\\/\\\/meditex.ee\\\/lt\\\/4-kryptimis\\\/#breadcrumb\",\"itemListElement\":[{\"@type\":\"ListItem\",\"position\":1,\"name\":\"Home\",\"item\":\"https:\\\/\\\/meditex.ee\\\/lt\\\/\"},{\"@type\":\"ListItem\",\"position\":2,\"name\":\"4 kryptimis\"}]},{\"@type\":\"WebSite\",\"@id\":\"https:\\\/\\\/meditex.ee\\\/en\\\/#website\",\"url\":\"https:\\\/\\\/meditex.ee\\\/en\\\/\",\"name\":\"Meditex\",\"description\":\"\",\"publisher\":{\"@id\":\"https:\\\/\\\/meditex.ee\\\/en\\\/#organization\"},\"potentialAction\":[{\"@type\":\"SearchAction\",\"target\":{\"@type\":\"EntryPoint\",\"urlTemplate\":\"https:\\\/\\\/meditex.ee\\\/en\\\/?s={search_term_string}\"},\"query-input\":{\"@type\":\"PropertyValueSpecification\",\"valueRequired\":true,\"valueName\":\"search_term_string\"}}],\"inLanguage\":\"lt-LT\"},{\"@type\":\"Organization\",\"@id\":\"https:\\\/\\\/meditex.ee\\\/en\\\/#organization\",\"name\":\"Meditex\",\"url\":\"https:\\\/\\\/meditex.ee\\\/en\\\/\",\"logo\":{\"@type\":\"ImageObject\",\"inLanguage\":\"lt-LT\",\"@id\":\"https:\\\/\\\/meditex.ee\\\/en\\\/#\\\/schema\\\/logo\\\/image\\\/\",\"url\":\"https:\\\/\\\/meditex.ee\\\/wp-content\\\/uploads\\\/2018\\\/03\\\/mdtx_logo.png\",\"contentUrl\":\"https:\\\/\\\/meditex.ee\\\/wp-content\\\/uploads\\\/2018\\\/03\\\/mdtx_logo.png\",\"width\":669,\"height\":235,\"caption\":\"Meditex\"},\"image\":{\"@id\":\"https:\\\/\\\/meditex.ee\\\/en\\\/#\\\/schema\\\/logo\\\/image\\\/\"},\"sameAs\":[\"https:\\\/\\\/www.facebook.com\\\/meditexepood\\\/\"]}]}<\/script>\n<!-- \/ Yoast SEO plugin. -->","yoast_head_json":{"title":"4 kryptimis tampraus kau\u0161elio privalumai - Meditex .ee el. parduotuv\u0117","description":"I\u0161 keturiomis kryptimis tamprios med\u017eiagos pagamintos pooperacin\u0117s liemen\u0117l\u0117s u\u017etikrina pakankam\u0105 atram\u0105 ir kompresij\u0105.","robots":{"index":"index","follow":"follow","max-snippet":"max-snippet:-1","max-image-preview":"max-image-preview:large","max-video-preview":"max-video-preview:-1"},"canonical":"https:\/\/meditex.ee\/lt\/4-kryptimis\/","og_locale":"lt_LT","og_type":"article","og_title":"4 kryptimis tampraus kau\u0161elio privalumai - Meditex .ee el. parduotuv\u0117","og_description":"I\u0161 keturiomis kryptimis tamprios med\u017eiagos pagamintos pooperacin\u0117s liemen\u0117l\u0117s u\u017etikrina pakankam\u0105 atram\u0105 ir kompresij\u0105.","og_url":"https:\/\/meditex.ee\/lt\/4-kryptimis\/","og_site_name":"Meditex","article_publisher":"https:\/\/www.facebook.com\/meditexepood\/","twitter_card":"summary_large_image","schema":{"@context":"https:\/\/schema.org","@graph":[{"@type":"WebPage","@id":"https:\/\/meditex.ee\/lt\/4-kryptimis\/","url":"https:\/\/meditex.ee\/lt\/4-kryptimis\/","name":"4 kryptimis tampraus kau\u0161elio privalumai - Meditex .ee el. parduotuv\u0117","isPartOf":{"@id":"https:\/\/meditex.ee\/en\/#website"},"datePublished":"2026-02-04T14:08:32+00:00","description":"I\u0161 keturiomis kryptimis tamprios med\u017eiagos pagamintos pooperacin\u0117s liemen\u0117l\u0117s u\u017etikrina pakankam\u0105 atram\u0105 ir kompresij\u0105.","breadcrumb":{"@id":"https:\/\/meditex.ee\/lt\/4-kryptimis\/#breadcrumb"},"inLanguage":"lt-LT","potentialAction":[{"@type":"ReadAction","target":["https:\/\/meditex.ee\/lt\/4-kryptimis\/"]}]},{"@type":"BreadcrumbList","@id":"https:\/\/meditex.ee\/lt\/4-kryptimis\/#breadcrumb","itemListElement":[{"@type":"ListItem","position":1,"name":"Home","item":"https:\/\/meditex.ee\/lt\/"},{"@type":"ListItem","position":2,"name":"4 kryptimis"}]},{"@type":"WebSite","@id":"https:\/\/meditex.ee\/en\/#website","url":"https:\/\/meditex.ee\/en\/","name":"Meditex","description":"","publisher":{"@id":"https:\/\/meditex.ee\/en\/#organization"},"potentialAction":[{"@type":"SearchAction","target":{"@type":"EntryPoint","urlTemplate":"https:\/\/meditex.ee\/en\/?s={search_term_string}"},"query-input":{"@type":"PropertyValueSpecification","valueRequired":true,"valueName":"search_term_string"}}],"inLanguage":"lt-LT"},{"@type":"Organization","@id":"https:\/\/meditex.ee\/en\/#organization","name":"Meditex","url":"https:\/\/meditex.ee\/en\/","logo":{"@type":"ImageObject","inLanguage":"lt-LT","@id":"https:\/\/meditex.ee\/en\/#\/schema\/logo\/image\/","url":"https:\/\/meditex.ee\/wp-content\/uploads\/2018\/03\/mdtx_logo.png","contentUrl":"https:\/\/meditex.ee\/wp-content\/uploads\/2018\/03\/mdtx_logo.png","width":669,"height":235,"caption":"Meditex"},"image":{"@id":"https:\/\/meditex.ee\/en\/#\/schema\/logo\/image\/"},"sameAs":["https:\/\/www.facebook.com\/meditexepood\/"]}]}},"_links":{"self":[{"href":"https:\/\/meditex.ee\/lt\/wp-json\/wp\/v2\/pages\/19711","targetHints":{"allow":["GET"]}}],"collection":[{"href":"https:\/\/meditex.ee\/lt\/wp-json\/wp\/v2\/pages"}],"about":[{"href":"https:\/\/meditex.ee\/lt\/wp-json\/wp\/v2\/types\/page"}],"author":[{"embeddable":true,"href":"https:\/\/meditex.ee\/lt\/wp-json\/wp\/v2\/users\/1"}],"replies":[{"embeddable":true,"href":"https:\/\/meditex.ee\/lt\/wp-json\/wp\/v2\/comments?post=19711"}],"version-history":[{"count":0,"href":"https:\/\/meditex.ee\/lt\/wp-json\/wp\/v2\/pages\/19711\/revisions"}],"wp:attachment":[{"href":"https:\/\/meditex.ee\/lt\/wp-json\/wp\/v2\/media?parent=19711"}],"curies":[{"name":"wp","href":"https:\/\/api.w.org\/{rel}","templated":true}]}}