{"id":19698,"date":"2026-02-04T14:07:44","date_gmt":"2026-02-04T14:07:44","guid":{"rendered":"https:\/\/meditex.ee\/privatumo-salygos\/"},"modified":"2026-02-04T14:07:45","modified_gmt":"2026-02-04T14:07:45","slug":"privatumo-salygos","status":"publish","type":"page","link":"https:\/\/meditex.ee\/lt\/privatumo-salygos\/","title":{"rendered":"Privatumo s\u0105lygos"},"content":{"rendered":"\n<p style=\"text-align: left;\"><span style=\"color: #000000;\"><b>PRIVATUMO S\u0104LYGOS<\/b><\/span><\/p>\n<p style=\"text-align: left;\"><span style=\"color: #000000;\">S\u0105vokos:<\/span><\/p>\n<ul style=\"text-align: left;\">\n<li><span style=\"color: #000000;\">Internetin\u0117 parduotuv\u0117 &#8211; elektronin\u0117 parduotuv\u0117, veikianti interneto adresu www.meditex.ee.<\/span><\/li>\n<li><span style=\"color: #000000;\">Pirk\u0117jas &#8211; fizinis arba juridinis asmuo, perkantis produktus i\u0161 meditex.ee elektronin\u0117s parduotuv\u0117s.<\/span><\/li>\n<li><span style=\"color: #000000;\">Internetin\u0117s parduotuv\u0117s savininkas &#8211; Scabo O\u00dc, reg. kodas: 14316126. Adresas: Nurme tn 5a, 75501 Saku, Estija. El. pa\u0161to adresas: <a style=\"color: #000000;\" href=\"mailto:info@scabo.ee\">info@scabo.ee<\/a>. Telefonas: +372 514 8131   <\/span><\/li>\n<\/ul>\n<p style=\"text-align: left;\"><span style=\"color: #000000;\">Kliento asmens duomen\u0173 tvarkymas:<\/span><\/p>\n<ul>\n<li style=\"text-align: left;\"><span style=\"color: #000000;\">Internetin\u0117 parduotuv\u0117 u\u017etikrina, kad pirk\u0117jo pateikti asmens duomenys b\u016bt\u0173 naudojami tik pagal asmens duomen\u0173 apsaugos \u012fstatym\u0105, vis\u0173 pirma tiek, kiek reikalinga u\u017esakymui \u012fvykdyti.<\/span><\/li>\n<li style=\"text-align: left;\"><span style=\"color: #000000;\">Internetin\u0117 parduotuv\u0117 neperduoda pirk\u0117jo asmens duomen\u0173 tretiesiems asmenims, i\u0161skyrus kurjeri\u0173 paslaugas teikian\u010di\u0105 \u012fmon\u0119 arba paslaugas teikian\u010di\u0105 \u012fmon\u0119 tiek, kiek reikalinga produktams pristatyti klientui arba paslaugai suteikti.<\/span><\/li>\n<li style=\"text-align: left;\"><span style=\"color: #000000;\">Internetin\u0117 parduotuv\u0117 taip pat gali naudoti asmens duomenis rinkodaros prane\u0161imams si\u0173sti.<\/span><\/li>\n<li style=\"text-align: left;\"><span style=\"color: #000000;\">Asmens duomenys yra duomenys, kuriuos pirk\u0117jas pateikia formuodamas u\u017esakym\u0105: vardas ir pavard\u0117, adresas, telefono numeris, el. pa\u0161to adresas ir banko rekvizitai.<\/span><\/li>\n<li style=\"text-align: left;\"><span style=\"color: #000000;\">Internetin\u0117 parduotuv\u0117 siun\u010dia pirk\u0117jui naujienlai\u0161kius bei pasi\u016blymus \u012f pirk\u0117jo el. pa\u0161to adres\u0105 tik tuo atveju, jei pirk\u0117jas i\u0161rei\u0161k\u0117 tok\u012f nor\u0105 \u012fvesdamas el. pa\u0161to adres\u0105 svetain\u0117je ir prane\u0161\u0117 apie savo nor\u0105 gauti tiesiogin\u0117s rinkodaros prane\u0161imus. Pirk\u0117jas visada turi teis\u0119 atsisakyti \u0161i\u0173 prane\u0161im\u0173, i\u0161si\u0173sdamas atitinkam\u0105 prane\u0161im\u0105 \u012f internetin\u0117s parduotuv\u0117s el. pa\u0161to adres\u0105 info@meditex.ee. <\/span><\/li>\n<\/ul>\n<p style=\"text-align: left;\"><span style=\"color: #000000;\"><strong>Slapukai<\/strong> (Cookies)<\/span><\/p>\n<p style=\"text-align: left;\"><span style=\"color: #000000;\">Meditex.ee internetin\u0117s parduotuv\u0117s svetain\u0117je naudojami slapukai siekiant u\u017etikrinti geresn\u0119 naudotojo patirt\u012f ir efektyvesn\u0119 rinkodaros veikl\u0105 bei rinkti naudojimo statistik\u0105.<\/span><\/p>\n<p style=\"text-align: left;\"><span style=\"color: #000000;\">Slapukas yra tekstinis failas, kur\u012f siun\u010dia ir i\u0161saugo naudotojo kompiuteryje svetain\u0117s, kurias naudotojas aplanko. Slapukas i\u0161saugomas naudotojo nar\u0161ykl\u0117s fail\u0173 kataloge. Jei naudotojas anks\u010diau lank\u0117si svetain\u0117je, nar\u0161ykl\u0117 nuskaito slapuk\u0105 ir perduoda atitinkam\u0105 informacij\u0105 svetainei arba elementui, kuris i\u0161 prad\u017ei\u0173 i\u0161saugojo slapuk\u0105.  <\/span><\/p>\n<p style=\"text-align: left;\"><span style=\"color: #000000;\">Slapukus taip pat gali kurti \u012fvair\u016bs paslaug\u0173 teik\u0117jai, pavyzd\u017eiui, Google ir Facebook (Daugiau informacijos: Google &#8211; <a style=\"color: #000000;\" href=\"https:\/\/policies.google.com\/privacy?hl=et&#038;gl=ee\">https:\/\/policies.google.com\/privacy?hl=et&#038;gl=ee<\/a>, Facebook &#8211; <a style=\"color: #000000;\" href=\"https:\/\/www.facebook.com\/policies\/cookies\/\">https:\/\/www.facebook.com\/policies\/cookies\/<\/a>). Kiti paslaug\u0173 teik\u0117jai gali rinkti informacij\u0105 apie svetain\u0117s lankytojo interneto naudojimo \u012fpro\u010dius naudodami savo slapukus, kurios pagrindu galima pateikti naudotojui tikslin\u0119 reklam\u0105. <\/span><\/p>\n<p style=\"text-align: left;\"><span style=\"color: #000000;\">Slapuk\u0173 failai n\u0117ra pavojingi kompiuteriui. Papildoma informacija apie slapukus prieinama svetain\u0117je <a style=\"color: #000000;\" href=\"http:\/\/www.aki.ee\/et\/kupsised\">http:\/\/www.aki.ee\/et\/kupsised<\/a>. <\/span><\/p>\n<p style=\"text-align: left;\"><span style=\"color: #000000;\">Slapukai yra dviej\u0173 tip\u0173: nuolatiniai slapukai ir sesijos slapukai.<\/span><\/p>\n<p style=\"text-align: left;\"><span style=\"color: #000000;\">Nuolatiniai slapukai lieka naudotojo kompiuterio slapuk\u0173 faile. Nuolatiniai slapukai turi ilgesn\u012f gyvavimo laik\u0105 nei sesijos slapukai ir galioja slapuke nurodyt\u0105 laik\u0105 (kuris skirtingiems slapukams skiriasi). Jie gali b\u016bti naudojami, pavyzd\u017eiui, naudotojo kaip svetain\u0117s pakartotinio lankytojo atpa\u017einimui ir svetain\u0117s turinio pritaikymui pagal naudotojo poreikius arba statistini\u0173 duomen\u0173 rinkimui.  <\/span><\/p>\n<p style=\"text-align: left;\"><span style=\"color: #000000;\">Sesijos slapukai yra laikini ir i\u0161nyksta, kai naudotojas palieka svetain\u0119 arba u\u017edaro savo nar\u0161ykl\u0119. Sesijos slapukai gali b\u016bti naudojami tam tikroms svetain\u0117s funkcijoms, pavyzd\u017eiui, kalbos pasirinkimo \u012fsiminimui. <\/span><\/p>\n<p style=\"text-align: left;\"><span style=\"color: #000000;\">Svetain\u0117s lankytojas laikomas sutikusiu su slapukais, jei jo nar\u0161ykl\u0117s nustatymuose slapukai yra leisti. Da\u017eniausiai nar\u0161ykl\u0117s pagal numatytuosius nustatymus leid\u017eia slapuk\u0173 fail\u0173 i\u0161saugojim\u0105 \u012frenginyje. Naudotojas gali savo \u012frenginyje u\u017edrausti slapuk\u0173 naudojim\u0105 arba juos i\u0161trinti, keisdamas atitinkamus nar\u0161ykl\u0117s nustatymus. Nenaudojant slapuk\u0173 svetain\u0117 gali veikti netinkamai. Instrukcijas, kaip i\u0161trinti ir konfig\u016bruoti slapukus nar\u0161ykl\u0117je, galima rasti, pavyzd\u017eiui, \u010dia: <a style=\"color: #000000;\" href=\"https:\/\/support.google.com\/chrome\/answer\/95647?co=GENIE.Platform%3DDesktop&#038;hl=en\">Chrome<\/a>, <a style=\"color: #000000;\" href=\"https:\/\/support.microsoft.com\/et-ee\/help\/17442\/windows-internet-explorer-delete-manage-cookies\">Internet Explorer<\/a>, <a style=\"color: #000000;\" href=\"https:\/\/support.microsoft.com\/en-us\/help\/4468242\/microsoft-edge-browsing-data-and-privacy-microsoft-privacy\">Microsoft Edge<\/a>, <a style=\"color: #000000;\" href=\"https:\/\/support.mozilla.org\/et\/kb\/enable-and-disable-cookies-website-preferences\">Mozilla Firefox<\/a>, <a style=\"color: #000000;\" href=\"https:\/\/support.apple.com\/guide\/safari\/sfri11471\/11.0\/mac\/10.13\">Safari<\/a>, <a style=\"color: #000000;\" href=\"https:\/\/blogs.opera.com\/news\/2015\/08\/how-to-manage-cookies-in-opera\/\">Opera<\/a>.    <\/span><\/p>\n<p style=\"text-align: left;\"><span style=\"color: #000000;\">Naudodamas meditex.ee elektronin\u0117s parduotuv\u0117s svetain\u0119, naudotojas sutinka su slapuk\u0173 naudojimu.<\/span><\/p>\n\n","protected":false},"excerpt":{"rendered":"<p>PRIVATUMO S\u0104LYGOS S\u0105vokos: Internetin\u0117 parduotuv\u0117 &#8211; elektronin\u0117 parduotuv\u0117, veikianti interneto adresu www.meditex.ee. Pirk\u0117jas &#8211; fizinis arba juridinis asmuo, perkantis produktus i\u0161 meditex.ee elektronin\u0117s parduotuv\u0117s. Internetin\u0117s parduotuv\u0117s savininkas &#8211; Scabo O\u00dc, reg. kodas: 14316126. Adresas: Nurme tn 5a, 75501 Saku, Estija. El. pa\u0161to adresas: info@scabo.ee. Telefonas: +372 514 8131 Kliento asmens duomen\u0173 tvarkymas: Internetin\u0117 parduotuv\u0117 u\u017etikrina, [&#8230;]\n","protected":false},"author":1,"featured_media":0,"parent":0,"menu_order":0,"comment_status":"closed","ping_status":"closed","template":"","meta":{"footnotes":""},"class_list":["post-19698","page","type-page","status-publish","hentry"],"yoast_head":"<!-- This site is optimized with the Yoast SEO plugin v27.3 - https:\/\/yoast.com\/product\/yoast-seo-wordpress\/ -->\n<title>Privatumo s\u0105lygos - Meditex<\/title>\n<meta name=\"robots\" content=\"noindex, nofollow\" \/>\n<meta property=\"og:locale\" content=\"lt_LT\" \/>\n<meta property=\"og:type\" content=\"article\" \/>\n<meta property=\"og:title\" content=\"Privatumo s\u0105lygos - Meditex\" \/>\n<meta property=\"og:description\" content=\"PRIVATUMO S\u0104LYGOS S\u0105vokos: Internetin\u0117 parduotuv\u0117 &#8211; elektronin\u0117 parduotuv\u0117, veikianti interneto adresu www.meditex.ee. Pirk\u0117jas &#8211; fizinis arba juridinis asmuo, perkantis produktus i\u0161 meditex.ee elektronin\u0117s parduotuv\u0117s. Internetin\u0117s parduotuv\u0117s savininkas &#8211; Scabo O\u00dc, reg. kodas: 14316126. Adresas: Nurme tn 5a, 75501 Saku, Estija. El. pa\u0161to adresas: info@scabo.ee. Telefonas: +372 514 8131 Kliento asmens duomen\u0173 tvarkymas: Internetin\u0117 parduotuv\u0117 u\u017etikrina, [...]\" \/>\n<meta property=\"og:url\" content=\"https:\/\/meditex.ee\/lt\/privatumo-salygos\/\" \/>\n<meta property=\"og:site_name\" content=\"Meditex\" \/>\n<meta property=\"article:publisher\" content=\"https:\/\/www.facebook.com\/meditexepood\/\" \/>\n<meta property=\"article:modified_time\" content=\"2026-02-04T14:07:45+00:00\" \/>\n<meta name=\"twitter:card\" content=\"summary_large_image\" \/>\n<meta name=\"twitter:label1\" content=\"Est. reading time\" \/>\n\t<meta name=\"twitter:data1\" content=\"3 minut\u0117\" \/>\n<script type=\"application\/ld+json\" class=\"yoast-schema-graph\">{\"@context\":\"https:\\\/\\\/schema.org\",\"@graph\":[{\"@type\":\"WebPage\",\"@id\":\"https:\\\/\\\/meditex.ee\\\/lt\\\/privatumo-salygos\\\/\",\"url\":\"https:\\\/\\\/meditex.ee\\\/lt\\\/privatumo-salygos\\\/\",\"name\":\"Privatumo s\u0105lygos - Meditex\",\"isPartOf\":{\"@id\":\"https:\\\/\\\/meditex.ee\\\/en\\\/#website\"},\"datePublished\":\"2026-02-04T14:07:44+00:00\",\"dateModified\":\"2026-02-04T14:07:45+00:00\",\"breadcrumb\":{\"@id\":\"https:\\\/\\\/meditex.ee\\\/lt\\\/privatumo-salygos\\\/#breadcrumb\"},\"inLanguage\":\"lt-LT\",\"potentialAction\":[{\"@type\":\"ReadAction\",\"target\":[\"https:\\\/\\\/meditex.ee\\\/lt\\\/privatumo-salygos\\\/\"]}]},{\"@type\":\"BreadcrumbList\",\"@id\":\"https:\\\/\\\/meditex.ee\\\/lt\\\/privatumo-salygos\\\/#breadcrumb\",\"itemListElement\":[{\"@type\":\"ListItem\",\"position\":1,\"name\":\"Home\",\"item\":\"https:\\\/\\\/meditex.ee\\\/lt\\\/\"},{\"@type\":\"ListItem\",\"position\":2,\"name\":\"Privatumo s\u0105lygos\"}]},{\"@type\":\"WebSite\",\"@id\":\"https:\\\/\\\/meditex.ee\\\/en\\\/#website\",\"url\":\"https:\\\/\\\/meditex.ee\\\/en\\\/\",\"name\":\"Meditex\",\"description\":\"\",\"publisher\":{\"@id\":\"https:\\\/\\\/meditex.ee\\\/en\\\/#organization\"},\"potentialAction\":[{\"@type\":\"SearchAction\",\"target\":{\"@type\":\"EntryPoint\",\"urlTemplate\":\"https:\\\/\\\/meditex.ee\\\/en\\\/?s={search_term_string}\"},\"query-input\":{\"@type\":\"PropertyValueSpecification\",\"valueRequired\":true,\"valueName\":\"search_term_string\"}}],\"inLanguage\":\"lt-LT\"},{\"@type\":\"Organization\",\"@id\":\"https:\\\/\\\/meditex.ee\\\/en\\\/#organization\",\"name\":\"Meditex\",\"url\":\"https:\\\/\\\/meditex.ee\\\/en\\\/\",\"logo\":{\"@type\":\"ImageObject\",\"inLanguage\":\"lt-LT\",\"@id\":\"https:\\\/\\\/meditex.ee\\\/en\\\/#\\\/schema\\\/logo\\\/image\\\/\",\"url\":\"https:\\\/\\\/meditex.ee\\\/wp-content\\\/uploads\\\/2018\\\/03\\\/mdtx_logo.png\",\"contentUrl\":\"https:\\\/\\\/meditex.ee\\\/wp-content\\\/uploads\\\/2018\\\/03\\\/mdtx_logo.png\",\"width\":669,\"height\":235,\"caption\":\"Meditex\"},\"image\":{\"@id\":\"https:\\\/\\\/meditex.ee\\\/en\\\/#\\\/schema\\\/logo\\\/image\\\/\"},\"sameAs\":[\"https:\\\/\\\/www.facebook.com\\\/meditexepood\\\/\"]}]}<\/script>\n<!-- \/ Yoast SEO plugin. -->","yoast_head_json":{"title":"Privatumo s\u0105lygos - Meditex","robots":{"index":"noindex","follow":"nofollow"},"og_locale":"lt_LT","og_type":"article","og_title":"Privatumo s\u0105lygos - Meditex","og_description":"PRIVATUMO S\u0104LYGOS S\u0105vokos: Internetin\u0117 parduotuv\u0117 &#8211; elektronin\u0117 parduotuv\u0117, veikianti interneto adresu www.meditex.ee. Pirk\u0117jas &#8211; fizinis arba juridinis asmuo, perkantis produktus i\u0161 meditex.ee elektronin\u0117s parduotuv\u0117s. Internetin\u0117s parduotuv\u0117s savininkas &#8211; Scabo O\u00dc, reg. kodas: 14316126. Adresas: Nurme tn 5a, 75501 Saku, Estija. El. pa\u0161to adresas: info@scabo.ee. Telefonas: +372 514 8131 Kliento asmens duomen\u0173 tvarkymas: Internetin\u0117 parduotuv\u0117 u\u017etikrina, [...]","og_url":"https:\/\/meditex.ee\/lt\/privatumo-salygos\/","og_site_name":"Meditex","article_publisher":"https:\/\/www.facebook.com\/meditexepood\/","article_modified_time":"2026-02-04T14:07:45+00:00","twitter_card":"summary_large_image","twitter_misc":{"Est. reading time":"3 minut\u0117"},"schema":{"@context":"https:\/\/schema.org","@graph":[{"@type":"WebPage","@id":"https:\/\/meditex.ee\/lt\/privatumo-salygos\/","url":"https:\/\/meditex.ee\/lt\/privatumo-salygos\/","name":"Privatumo s\u0105lygos - Meditex","isPartOf":{"@id":"https:\/\/meditex.ee\/en\/#website"},"datePublished":"2026-02-04T14:07:44+00:00","dateModified":"2026-02-04T14:07:45+00:00","breadcrumb":{"@id":"https:\/\/meditex.ee\/lt\/privatumo-salygos\/#breadcrumb"},"inLanguage":"lt-LT","potentialAction":[{"@type":"ReadAction","target":["https:\/\/meditex.ee\/lt\/privatumo-salygos\/"]}]},{"@type":"BreadcrumbList","@id":"https:\/\/meditex.ee\/lt\/privatumo-salygos\/#breadcrumb","itemListElement":[{"@type":"ListItem","position":1,"name":"Home","item":"https:\/\/meditex.ee\/lt\/"},{"@type":"ListItem","position":2,"name":"Privatumo s\u0105lygos"}]},{"@type":"WebSite","@id":"https:\/\/meditex.ee\/en\/#website","url":"https:\/\/meditex.ee\/en\/","name":"Meditex","description":"","publisher":{"@id":"https:\/\/meditex.ee\/en\/#organization"},"potentialAction":[{"@type":"SearchAction","target":{"@type":"EntryPoint","urlTemplate":"https:\/\/meditex.ee\/en\/?s={search_term_string}"},"query-input":{"@type":"PropertyValueSpecification","valueRequired":true,"valueName":"search_term_string"}}],"inLanguage":"lt-LT"},{"@type":"Organization","@id":"https:\/\/meditex.ee\/en\/#organization","name":"Meditex","url":"https:\/\/meditex.ee\/en\/","logo":{"@type":"ImageObject","inLanguage":"lt-LT","@id":"https:\/\/meditex.ee\/en\/#\/schema\/logo\/image\/","url":"https:\/\/meditex.ee\/wp-content\/uploads\/2018\/03\/mdtx_logo.png","contentUrl":"https:\/\/meditex.ee\/wp-content\/uploads\/2018\/03\/mdtx_logo.png","width":669,"height":235,"caption":"Meditex"},"image":{"@id":"https:\/\/meditex.ee\/en\/#\/schema\/logo\/image\/"},"sameAs":["https:\/\/www.facebook.com\/meditexepood\/"]}]}},"_links":{"self":[{"href":"https:\/\/meditex.ee\/lt\/wp-json\/wp\/v2\/pages\/19698","targetHints":{"allow":["GET"]}}],"collection":[{"href":"https:\/\/meditex.ee\/lt\/wp-json\/wp\/v2\/pages"}],"about":[{"href":"https:\/\/meditex.ee\/lt\/wp-json\/wp\/v2\/types\/page"}],"author":[{"embeddable":true,"href":"https:\/\/meditex.ee\/lt\/wp-json\/wp\/v2\/users\/1"}],"replies":[{"embeddable":true,"href":"https:\/\/meditex.ee\/lt\/wp-json\/wp\/v2\/comments?post=19698"}],"version-history":[{"count":1,"href":"https:\/\/meditex.ee\/lt\/wp-json\/wp\/v2\/pages\/19698\/revisions"}],"predecessor-version":[{"id":19699,"href":"https:\/\/meditex.ee\/lt\/wp-json\/wp\/v2\/pages\/19698\/revisions\/19699"}],"wp:attachment":[{"href":"https:\/\/meditex.ee\/lt\/wp-json\/wp\/v2\/media?parent=19698"}],"curies":[{"name":"wp","href":"https:\/\/api.w.org\/{rel}","templated":true}]}}