{"id":19692,"date":"2026-02-04T14:07:43","date_gmt":"2026-02-04T14:07:43","guid":{"rendered":"https:\/\/meditex.ee\/corsinel\/"},"modified":"2026-02-04T14:07:46","modified_gmt":"2026-02-04T14:07:46","slug":"corsinel","status":"publish","type":"page","link":"https:\/\/meditex.ee\/lt\/corsinel\/","title":{"rendered":"Corsinel"},"content":{"rendered":"\n<div class=\"text-center\"><div class=\"is-divider divider clearfix\" style=\"background-color:rgb(255, 255, 255);\"><\/div><\/div>\n\n<div class=\"row\"  id=\"row-175597651\">\n\n\n\t<div id=\"col-344860008\" class=\"col medium-6 small-12 large-6\"  >\n\t\t\t\t<div class=\"col-inner\"  >\n\t\t\t\n\t\t\t\n\n<h1><span style=\"color: #000080;\">STOMOS IR I\u0160VAR\u017dOS PRODUKTAI<\/span><\/h1>\n\n\t\t<\/div>\n\t\t\t\t\t<\/div>\n\n\t\n\n\t<div id=\"col-1097884779\" class=\"col medium-6 small-12 large-6\"  >\n\t\t\t\t<div class=\"col-inner text-right\"  >\n\t\t\t\n\t\t\t\n\n\t<div class=\"img has-hover x md-x lg-x y md-y lg-y\" id=\"image_991070800\">\n\t\t\t\t\t\t\t\t<div class=\"img-inner dark\" >\n\t\t\t<img decoding=\"async\" width=\"800\" height=\"215\" src=\"https:\/\/meditex.ee\/wp-content\/uploads\/2018\/03\/Corsinel_Live-as-you-like_200mm-800x215.png\" class=\"attachment-medium size-medium\" alt=\"\" srcset=\"https:\/\/meditex.ee\/wp-content\/uploads\/2018\/03\/Corsinel_Live-as-you-like_200mm-800x215.png 800w, https:\/\/meditex.ee\/wp-content\/uploads\/2018\/03\/Corsinel_Live-as-you-like_200mm-510x137.png 510w, https:\/\/meditex.ee\/wp-content\/uploads\/2018\/03\/Corsinel_Live-as-you-like_200mm-768x206.png 768w, https:\/\/meditex.ee\/wp-content\/uploads\/2018\/03\/Corsinel_Live-as-you-like_200mm-1400x376.png 1400w, https:\/\/meditex.ee\/wp-content\/uploads\/2018\/03\/Corsinel_Live-as-you-like_200mm-600x161.png 600w\" sizes=\"(max-width: 800px) 100vw, 800px\" \/>\t\t\t\t\t\t\n\t\t\t\t\t<\/div>\n\t\t\t\t\t\t\t\t\n<style>\n#image_991070800 {\n  width: 65%;\n}\n<\/style>\n\t<\/div>\n\t\n\n\n\t\t<\/div>\n\t\t\t\t\t<\/div>\n\n\t\n\n<\/div>\n<div class=\"fusion-text\">\n<p style=\"text-align: left;\" data-fontsize=\"16\" data-lineheight=\"19\"><span style=\"color: #000000;\">Elu koos stoomiga m\u00f5jutab suuresti inimese igap\u00e4evaelu. Stoom on v\u00e4ljakutseks nii inimese sotsiaalsele elule, kehakujule kui ka enesehinnangule.<\/span><\/p>\n<p style=\"text-align: left;\" data-fontsize=\"16\" data-lineheight=\"19\"><span style=\"color: #000000;\">K\u00f5hu\u00f5\u00f5ne operatsioon suurendab songa tekkimise ohtu. Selle tagaj\u00e4rjeks on suured ebamugavused nagu stoomiseadmete sobimatus, lekke oht, keha ebaloomulik kuju ja v\u00e4limus, ebamugavustunne, valu ja r\u00f5hutunne jne. Operatsiooniga v\u00f5i ilma, n\u00f5uab see eriline seisund erilist t\u00e4helepanu ja tuge.<\/span><\/p>\n<p style=\"text-align: left;\" data-fontsize=\"16\" data-lineheight=\"19\"><span style=\"color: #000000;\">Selleks, et aidata teil elada oma elu nii, nagu soovite, on v\u00e4lja t\u00f6\u00f6tatud usaldusv\u00e4\u00e4rsed tooted songa ennetamiseks ja stoomi ning songa hooldamiseks. Corsineli tooted on v\u00e4lja t\u00f6\u00f6tatud tihedas koost\u00f6\u00f6s arstide ja \u00f5dedega, et tagada parim tulemus, mugavus ja k\u00f5rgeim kvaliteet.<\/span><\/p>\n<p style=\"text-align: left;\" data-fontsize=\"16\" data-lineheight=\"19\"><span style=\"color: #000000;\">Corsinel stoomihooldustooted on disainitud individuaalset kehaanatoomiat silmas pidades selliselt, et sobiksid iga kehaga. Seet\u00f5ttu on Corsineli stoomihooldusvahendid valmistatud neljas suunas venivast materjalist, mis kohandub alati teie konkreetse keha kontuuriga. See ainulaadne paindlikkus tagab ka, et Corsineli stoomitooted toetavad stoomi v\u00f5i songa, takistamata stoomi voolu.<\/span><\/p>\n<\/div>\n<h4 data-fontsize=\"20\" data-lineheight=\"28\"><span style=\"color: #000000;\"><strong>Erinevad vajadused \u2013 erinev toetuse tase<\/strong><\/span><\/h4>\n<div class=\"fusion-text\">\n<p style=\"text-align: left;\" data-fontsize=\"16\" data-lineheight=\"19\"><span style=\"color: #000000;\">Kuna toetuse ja kompressiooni vajadus varieerub individuaalselt, jagatakse Corsineli tooted kolme vahemikku vastavalt toele: kerge, m\u00f5\u00f5dukas ja maksimaalne.<\/span><\/p>\n<\/div>\n<div class=\"text-center\"><div class=\"is-divider divider clearfix\" style=\"background-color:rgb(255, 255, 255);\"><\/div><\/div>\n\n<div class=\"row\"  id=\"row-711558808\">\n\n\n\t<div id=\"col-349770921\" class=\"col medium-4 small-12 large-4\"  >\n\t\t\t\t<div class=\"col-inner text-center\"  >\n\t\t\t\n\t\t\t\n\n<h3>LENGVAS PALAIKYMAS<\/h3>\n\t<div class=\"img has-hover x md-x lg-x y md-y lg-y\" id=\"image_937563693\">\n\t\t\t\t\t\t\t\t<div class=\"img-inner dark\" >\n\t\t\t<img decoding=\"async\" width=\"402\" height=\"400\" src=\"https:\/\/meditex.ee\/wp-content\/uploads\/2018\/03\/Corsinel-compression-level-icon_LIGHT-402x400.png\" class=\"attachment-medium size-medium\" alt=\"\" srcset=\"https:\/\/meditex.ee\/wp-content\/uploads\/2018\/03\/Corsinel-compression-level-icon_LIGHT-402x400.png 402w, https:\/\/meditex.ee\/wp-content\/uploads\/2018\/03\/Corsinel-compression-level-icon_LIGHT-100x100.png 100w, https:\/\/meditex.ee\/wp-content\/uploads\/2018\/03\/Corsinel-compression-level-icon_LIGHT-280x280.png 280w, https:\/\/meditex.ee\/wp-content\/uploads\/2018\/03\/Corsinel-compression-level-icon_LIGHT-300x300.png 300w, https:\/\/meditex.ee\/wp-content\/uploads\/2018\/03\/Corsinel-compression-level-icon_LIGHT.png 419w\" sizes=\"(max-width: 402px) 100vw, 402px\" \/>\t\t\t\t\t\t\n\t\t\t\t\t<\/div>\n\t\t\t\t\t\t\t\t\n<style>\n#image_937563693 {\n  width: 45%;\n}\n<\/style>\n\t<\/div>\n\t\n\n\n\t\t<\/div>\n\t\t\t\t\t<\/div>\n\n\t\n\n\t<div id=\"col-478566348\" class=\"col medium-8 small-12 large-8\"  >\n\t\t\t\t<div class=\"col-inner\"  >\n\t\t\t\n\t\t\t\n\n<p style=\"text-align: left;\" data-fontsize=\"16\" data-lineheight=\"19\"><span style=\"color: #000000;\">Lengvo palaikymo produktai skirti stomos mai\u0161elio fiksavimui ir lengvam palaikymui (n\u0117ra i\u0161var\u017eos kontrol\u0117s\/prevencijos).<\/span><\/p>\n<ul>\n<li style=\"text-align: left;\">\n<p data-fontsize=\"16\" data-lineheight=\"19\"><span style=\"color: #000000;\">Galima d\u0117v\u0117ti tiek dien\u0105, tiek nakt\u012f.<\/span><\/p>\n<\/li>\n<li style=\"text-align: left;\">\n<p data-fontsize=\"16\" data-lineheight=\"19\"><span style=\"color: #000000;\">U\u017etikrina diskretum\u0105, suteikdamas lyg\u0173 i\u0161vaizd\u0105 ir yra naudingas atliekant kasdienius veiksmus.<\/span><\/p>\n<\/li>\n<li>\n<p style=\"text-align: left;\" data-fontsize=\"16\" data-lineheight=\"19\"><span style=\"color: #000000;\">Mink\u0161ta, kv\u0117puojanti ir tampri med\u017eiaga optimaliam komfortui.<\/span><\/p>\n<\/li>\n<\/ul>\n\n\t\t<\/div>\n\t\t\t\t\t<\/div>\n\n\t\n\n<\/div>\n<div class=\"text-center\"><div class=\"is-divider divider clearfix\" style=\"background-color:rgb(255, 255, 255);\"><\/div><\/div>\n\n<div class=\"row\"  id=\"row-626731181\">\n\n\n\t<div id=\"col-838656147\" class=\"col medium-4 small-12 large-4\"  >\n\t\t\t\t<div class=\"col-inner text-center\"  >\n\t\t\t\n\t\t\t\n\n<div class=\"is-divider divider clearfix\" style=\"margin-top:30px;margin-bottom:30px;background-color:rgb(255, 255, 255);\"><\/div>\n\n<h3>VIDUTINIS PALAIKYMAS<\/h3>\n\t<div class=\"img has-hover x md-x lg-x y md-y lg-y\" id=\"image_65999904\">\n\t\t\t\t\t\t\t\t<div class=\"img-inner dark\" >\n\t\t\t<img decoding=\"async\" width=\"399\" height=\"400\" src=\"https:\/\/meditex.ee\/wp-content\/uploads\/2018\/03\/Corsinel-compression-level-icon_MEDIUM-1-399x400.png\" class=\"attachment-medium size-medium\" alt=\"\" srcset=\"https:\/\/meditex.ee\/wp-content\/uploads\/2018\/03\/Corsinel-compression-level-icon_MEDIUM-1-399x400.png 399w, https:\/\/meditex.ee\/wp-content\/uploads\/2018\/03\/Corsinel-compression-level-icon_MEDIUM-1-100x100.png 100w, https:\/\/meditex.ee\/wp-content\/uploads\/2018\/03\/Corsinel-compression-level-icon_MEDIUM-1-280x280.png 280w, https:\/\/meditex.ee\/wp-content\/uploads\/2018\/03\/Corsinel-compression-level-icon_MEDIUM-1-300x300.png 300w, https:\/\/meditex.ee\/wp-content\/uploads\/2018\/03\/Corsinel-compression-level-icon_MEDIUM-1.png 419w\" sizes=\"(max-width: 399px) 100vw, 399px\" \/>\t\t\t\t\t\t\n\t\t\t\t\t<\/div>\n\t\t\t\t\t\t\t\t\n<style>\n#image_65999904 {\n  width: 45%;\n}\n<\/style>\n\t<\/div>\n\t\n\n\n\t\t<\/div>\n\t\t\t\t\t<\/div>\n\n\t\n\n\t<div id=\"col-1801914484\" class=\"col medium-8 small-12 large-8\"  >\n\t\t\t\t<div class=\"col-inner\"  >\n\t\t\t\n\t\t\t\n\n<p style=\"text-align: left;\" data-fontsize=\"16\" data-lineheight=\"19\"><span style=\"color: #000000;\">Vidutinio palaikymo produktai skirti papildomam stomos mai\u0161elio fiksavimui ir palaikymui bei i\u0161var\u017eos kontrolei ir prevencijai.<\/span><\/p>\n<ul>\n<li style=\"text-align: left;\">\n<p data-fontsize=\"16\" data-lineheight=\"19\"><span style=\"color: #000000;\">Tinka, kai vartotojas poreikis diskretumo ir papildomo palaikymo savo stomos mai\u0161eliui intensyvaus fizinio aktyvumo metu.<\/span><\/p>\n<\/li>\n<li style=\"text-align: left;\">\n<p data-fontsize=\"16\" data-lineheight=\"19\"><span style=\"color: #000000;\">Alternatyva tiek i\u0161var\u017eos kontrolei, tiek prevencijai, kai didelis palaikymas n\u0117ra rekomenduojamas arba kai vartotojas netoleruoja stipraus palaikymo.<\/span><\/p>\n<\/li>\n<li style=\"text-align: left;\">\n<p data-fontsize=\"16\" data-lineheight=\"19\"><span style=\"color: #000000;\">Galima d\u0117v\u0117ti tiek dien\u0105, tiek nakt\u012f.<\/span><\/p>\n<\/li>\n<li style=\"text-align: left;\">\n<p data-fontsize=\"16\" data-lineheight=\"19\"><span style=\"color: #000000;\">Atrodo kaip \u012fprastas apatinis trikota\u017eas, ta\u010diau papildomas palaikymas stomos ir i\u0161var\u017eos srityje u\u017etikrina diskretum\u0105 netrukdant stomos srautui ir be nuot\u0117kio.<\/span><\/p>\n<\/li>\n<li>\n<p style=\"text-align: left;\" data-fontsize=\"16\" data-lineheight=\"19\"><span style=\"color: #000000;\">Mink\u0161ta, be si\u016bli\u0173, kv\u0117puojanti ir tampri med\u017eiaga optimaliam komfortui.<\/span><\/p>\n<\/li>\n<\/ul>\n\n\t\t<\/div>\n\t\t\t\t\t<\/div>\n\n\t\n\n<\/div>\n<div class=\"text-center\"><div class=\"is-divider divider clearfix\" style=\"background-color:rgb(255, 255, 255);\"><\/div><\/div>\n\n<div class=\"row\"  id=\"row-1572317346\">\n\n\n\t<div id=\"col-1357320019\" class=\"col medium-4 small-12 large-4\"  >\n\t\t\t\t<div class=\"col-inner text-center\"  >\n\t\t\t\n\t\t\t\n\n<h3>MAKSIMALUS PALAIKYMAS<\/h3>\n\t<div class=\"img has-hover x md-x lg-x y md-y lg-y\" id=\"image_154113824\">\n\t\t\t\t\t\t\t\t<div class=\"img-inner dark\" >\n\t\t\t<img decoding=\"async\" width=\"399\" height=\"400\" src=\"https:\/\/meditex.ee\/wp-content\/uploads\/2018\/03\/Corsinel-compression-level-icon_MAXIMUM-399x400.png\" class=\"attachment-medium size-medium\" alt=\"\" srcset=\"https:\/\/meditex.ee\/wp-content\/uploads\/2018\/03\/Corsinel-compression-level-icon_MAXIMUM-399x400.png 399w, https:\/\/meditex.ee\/wp-content\/uploads\/2018\/03\/Corsinel-compression-level-icon_MAXIMUM-100x100.png 100w, https:\/\/meditex.ee\/wp-content\/uploads\/2018\/03\/Corsinel-compression-level-icon_MAXIMUM-280x280.png 280w, https:\/\/meditex.ee\/wp-content\/uploads\/2018\/03\/Corsinel-compression-level-icon_MAXIMUM-300x300.png 300w, https:\/\/meditex.ee\/wp-content\/uploads\/2018\/03\/Corsinel-compression-level-icon_MAXIMUM.png 419w\" sizes=\"(max-width: 399px) 100vw, 399px\" \/>\t\t\t\t\t\t\n\t\t\t\t\t<\/div>\n\t\t\t\t\t\t\t\t\n<style>\n#image_154113824 {\n  width: 45%;\n}\n<\/style>\n\t<\/div>\n\t\n\n\n\t\t<\/div>\n\t\t\t\t\t<\/div>\n\n\t\n\n\t<div id=\"col-948723864\" class=\"col medium-8 small-12 large-8\"  >\n\t\t\t\t<div class=\"col-inner\"  >\n\t\t\t\n\t\t\t\n\n<p style=\"text-align: left;\" data-fontsize=\"16\" data-lineheight=\"19\"><span style=\"color: #000000;\">Maksimalaus palaikymo produktai skirti i\u0161var\u017eos kontrolei ir prevencijai, kai rekomenduojamas arba pageidaujamas maksimalus palaikymas ir kompresija.<\/span><\/p>\n<ul>\n<li style=\"text-align: left;\">\n<p data-fontsize=\"16\" data-lineheight=\"19\"><span style=\"color: #000000;\">Paprastai pirmasis pasirinkimas i\u0161var\u017eos kontrolei ar prevencijai, nes \u0161ie produktai suteikia vartotojui geresn\u012f palaikym\u0105, neribodami stomos srauto ir nesukeldami nuot\u0117kio. Jei vartotojas netoleruoja maksimalaus palaikymo, alternatyva gal\u0117t\u0173 b\u016bti vidutinio palaikymo produktai. <\/span><\/p>\n<\/li>\n<li style=\"text-align: left;\">\n<p data-fontsize=\"16\" data-lineheight=\"19\"><span style=\"color: #000000;\">Galima d\u0117v\u0117ti tiek dien\u0105, tiek nakt\u012f.<\/span><\/p>\n<\/li>\n<li>\n<p style=\"text-align: left;\" data-fontsize=\"16\" data-lineheight=\"19\"><span style=\"color: #000000;\">Mink\u0161ta, be si\u016bli\u0173, kv\u0117puojanti ir tampri med\u017eiaga optimaliam komfortui.<\/span><\/p>\n<\/li>\n<\/ul>\n\n\t\t<\/div>\n\t\t\t\t\t<\/div>\n\n\t\n\n<\/div>\n<div class=\"text-center\"><div class=\"is-divider divider clearfix\" style=\"background-color:rgb(255, 255, 255);\"><\/div><\/div>\n\n<div class=\"row\"  id=\"row-1152367866\">\n\n\n\t<div id=\"col-1686834554\" class=\"col medium-4 small-12 large-4\"  >\n\t\t\t\t<div class=\"col-inner text-center\"  >\n\t\t\t\n\t\t\t\n\n\t<div class=\"img has-hover x md-x lg-x y md-y lg-y\" id=\"image_439188500\">\n\t\t\t\t\t\t\t\t<div class=\"img-inner dark\" >\n\t\t\t<img decoding=\"async\" width=\"320\" height=\"167\" src=\"https:\/\/meditex.ee\/wp-content\/uploads\/2018\/03\/STA100_Label_RGB_EN_6234-7001.jpg\" class=\"attachment-medium size-medium\" alt=\"\" \/>\t\t\t\t\t\t\n\t\t\t\t\t<\/div>\n\t\t\t\t\t\t\t\t\n<style>\n#image_439188500 {\n  width: 100%;\n}\n<\/style>\n\t<\/div>\n\t\n\n\n\t\t<\/div>\n\t\t\t\t\t<\/div>\n\n\t\n\n\t<div id=\"col-20967025\" class=\"col medium-8 small-12 large-8\"  >\n\t\t\t\t<div class=\"col-inner\"  >\n\t\t\t\n\t\t\t\n\n<div class=\"fusion-text\">\n<p style=\"text-align: left;\" data-fontsize=\"16\" data-lineheight=\"19\"><span style=\"color: #000000;\">Visa Tytex produkcija turi Oeko-Tex Standard 100 sertifikat\u0105, kuris rodo, kad n\u0117 vienas \u012fmon\u0117s produktas neturi kenksming\u0173 med\u017eiag\u0173.<\/span><\/p>\n<\/div>\n<div class=\"fusion-text\">\n<p style=\"text-align: left;\" data-fontsize=\"16\" data-lineheight=\"19\"><span style=\"color: #000000;\"><span class=\"TextRun SCXW92274836\" lang=\"ET-EE\"><span class=\"NormalTextRun SCXW92274836\">Be to, \u012fmon\u0117 turi \u0161iuos sertifikatus: CE (I klas\u0117), ISO 9001, ISO 13485, ISO 14001, SEDEX, FDA (JAV), SF<\/span><\/span><span class=\"TextRun SCXW92274836\" lang=\"ET-EE\"><span class=\"NormalTextRun SCXW92274836\">DA (Kinija), PZN (Vokietija), <\/span><span class=\"SpellingError SCXW92274836\">Hilfsmittel<\/span><span class=\"NormalTextRun SCXW92274836\"> (Vokietija), <\/span><span class=\"SpellingError SCXW92274836\">MiGel<\/span><span class=\"NormalTextRun SCXW92274836\"> (<\/span><span class=\"SpellingError SCXW92274836\">Austrija<\/span><span class=\"NormalTextRun SCXW92274836\">), e-<\/span><span class=\"SpellingError SCXW92274836\">mediat<\/span><span class=\"NormalTextRun SCXW92274836\"> (\u0160veicarija).<\/span><\/span><\/span><\/p>\n<\/div>\n\n\t\t<\/div>\n\t\t\t\t\t<\/div>\n\n\t\n\n<\/div>\n<div class=\"text-center\"><div class=\"is-divider divider clearfix\" style=\"background-color:rgb(255, 255, 255);\"><\/div><\/div>\n\n<a href=\"http:\/\/meditex.ee\/pood\" class=\"button primary is-bevel box-shadow-3 box-shadow-5-hover expand\" style=\"border-radius:8px;\">\n\t<i class=\"icon-shopping-cart\" aria-hidden=\"true\"><\/i>\t<span>Parduotuv\u0117<\/span>\n\t<\/a>\n\n","protected":false},"excerpt":{"rendered":"<p>Elu koos stoomiga m\u00f5jutab suuresti inimese igap\u00e4evaelu. Stoom on v\u00e4ljakutseks nii inimese sotsiaalsele elule, kehakujule kui ka enesehinnangule. K\u00f5hu\u00f5\u00f5ne operatsioon suurendab songa tekkimise ohtu. Selle tagaj\u00e4rjeks on suured ebamugavused nagu stoomiseadmete sobimatus, lekke oht, keha ebaloomulik kuju ja v\u00e4limus, ebamugavustunne, valu ja r\u00f5hutunne jne. Operatsiooniga v\u00f5i ilma, n\u00f5uab see eriline seisund erilist t\u00e4helepanu ja tuge. [&#8230;]\n","protected":false},"author":1,"featured_media":0,"parent":0,"menu_order":0,"comment_status":"closed","ping_status":"closed","template":"","meta":{"footnotes":""},"class_list":["post-19692","page","type-page","status-publish","hentry"],"yoast_head":"<!-- This site is optimized with the Yoast SEO plugin v27.3 - https:\/\/yoast.com\/product\/yoast-seo-wordpress\/ -->\n<title>Corsinel stomos ir i\u0161var\u017eos produktai- Meditex .ee internetin\u0117 parduotuv\u0117<\/title>\n<meta name=\"description\" content=\"Siekiant pad\u0117ti jums gyventi gyvenim\u0105 taip, kaip norite, buvo sukurti patikimi produktai i\u0161var\u017eos prevencijai bei stomos ir i\u0161var\u017eos prie\u017ei\u016brai.\" \/>\n<meta name=\"robots\" content=\"index, follow, max-snippet:-1, max-image-preview:large, max-video-preview:-1\" \/>\n<link rel=\"canonical\" href=\"https:\/\/meditex.ee\/lt\/corsinel\/\" \/>\n<meta property=\"og:locale\" content=\"lt_LT\" \/>\n<meta property=\"og:type\" content=\"article\" \/>\n<meta property=\"og:title\" content=\"Corsinel stomos ir i\u0161var\u017eos produktai- Meditex .ee internetin\u0117 parduotuv\u0117\" \/>\n<meta property=\"og:description\" content=\"Siekiant pad\u0117ti jums gyventi gyvenim\u0105 taip, kaip norite, buvo sukurti patikimi produktai i\u0161var\u017eos prevencijai bei stomos ir i\u0161var\u017eos prie\u017ei\u016brai.\" \/>\n<meta property=\"og:url\" content=\"https:\/\/meditex.ee\/lt\/corsinel\/\" \/>\n<meta property=\"og:site_name\" content=\"Meditex\" \/>\n<meta property=\"article:publisher\" content=\"https:\/\/www.facebook.com\/meditexepood\/\" \/>\n<meta property=\"article:modified_time\" content=\"2026-02-04T14:07:46+00:00\" \/>\n<meta name=\"twitter:card\" content=\"summary_large_image\" \/>\n<meta name=\"twitter:label1\" content=\"Est. reading time\" \/>\n\t<meta name=\"twitter:data1\" content=\"3 minut\u0117\" \/>\n<script type=\"application\/ld+json\" class=\"yoast-schema-graph\">{\"@context\":\"https:\\\/\\\/schema.org\",\"@graph\":[{\"@type\":\"WebPage\",\"@id\":\"https:\\\/\\\/meditex.ee\\\/lt\\\/corsinel\\\/\",\"url\":\"https:\\\/\\\/meditex.ee\\\/lt\\\/corsinel\\\/\",\"name\":\"Corsinel stomos ir i\u0161var\u017eos produktai- Meditex .ee internetin\u0117 parduotuv\u0117\",\"isPartOf\":{\"@id\":\"https:\\\/\\\/meditex.ee\\\/en\\\/#website\"},\"datePublished\":\"2026-02-04T14:07:43+00:00\",\"dateModified\":\"2026-02-04T14:07:46+00:00\",\"description\":\"Siekiant pad\u0117ti jums gyventi gyvenim\u0105 taip, kaip norite, buvo sukurti patikimi produktai i\u0161var\u017eos prevencijai bei stomos ir i\u0161var\u017eos prie\u017ei\u016brai.\",\"breadcrumb\":{\"@id\":\"https:\\\/\\\/meditex.ee\\\/lt\\\/corsinel\\\/#breadcrumb\"},\"inLanguage\":\"lt-LT\",\"potentialAction\":[{\"@type\":\"ReadAction\",\"target\":[\"https:\\\/\\\/meditex.ee\\\/lt\\\/corsinel\\\/\"]}]},{\"@type\":\"BreadcrumbList\",\"@id\":\"https:\\\/\\\/meditex.ee\\\/lt\\\/corsinel\\\/#breadcrumb\",\"itemListElement\":[{\"@type\":\"ListItem\",\"position\":1,\"name\":\"Home\",\"item\":\"https:\\\/\\\/meditex.ee\\\/lt\\\/\"},{\"@type\":\"ListItem\",\"position\":2,\"name\":\"Corsinel\"}]},{\"@type\":\"WebSite\",\"@id\":\"https:\\\/\\\/meditex.ee\\\/en\\\/#website\",\"url\":\"https:\\\/\\\/meditex.ee\\\/en\\\/\",\"name\":\"Meditex\",\"description\":\"\",\"publisher\":{\"@id\":\"https:\\\/\\\/meditex.ee\\\/en\\\/#organization\"},\"potentialAction\":[{\"@type\":\"SearchAction\",\"target\":{\"@type\":\"EntryPoint\",\"urlTemplate\":\"https:\\\/\\\/meditex.ee\\\/en\\\/?s={search_term_string}\"},\"query-input\":{\"@type\":\"PropertyValueSpecification\",\"valueRequired\":true,\"valueName\":\"search_term_string\"}}],\"inLanguage\":\"lt-LT\"},{\"@type\":\"Organization\",\"@id\":\"https:\\\/\\\/meditex.ee\\\/en\\\/#organization\",\"name\":\"Meditex\",\"url\":\"https:\\\/\\\/meditex.ee\\\/en\\\/\",\"logo\":{\"@type\":\"ImageObject\",\"inLanguage\":\"lt-LT\",\"@id\":\"https:\\\/\\\/meditex.ee\\\/en\\\/#\\\/schema\\\/logo\\\/image\\\/\",\"url\":\"https:\\\/\\\/meditex.ee\\\/wp-content\\\/uploads\\\/2018\\\/03\\\/mdtx_logo.png\",\"contentUrl\":\"https:\\\/\\\/meditex.ee\\\/wp-content\\\/uploads\\\/2018\\\/03\\\/mdtx_logo.png\",\"width\":669,\"height\":235,\"caption\":\"Meditex\"},\"image\":{\"@id\":\"https:\\\/\\\/meditex.ee\\\/en\\\/#\\\/schema\\\/logo\\\/image\\\/\"},\"sameAs\":[\"https:\\\/\\\/www.facebook.com\\\/meditexepood\\\/\"]}]}<\/script>\n<!-- \/ Yoast SEO plugin. -->","yoast_head_json":{"title":"Corsinel stomos ir i\u0161var\u017eos produktai- Meditex .ee internetin\u0117 parduotuv\u0117","description":"Siekiant pad\u0117ti jums gyventi gyvenim\u0105 taip, kaip norite, buvo sukurti patikimi produktai i\u0161var\u017eos prevencijai bei stomos ir i\u0161var\u017eos prie\u017ei\u016brai.","robots":{"index":"index","follow":"follow","max-snippet":"max-snippet:-1","max-image-preview":"max-image-preview:large","max-video-preview":"max-video-preview:-1"},"canonical":"https:\/\/meditex.ee\/lt\/corsinel\/","og_locale":"lt_LT","og_type":"article","og_title":"Corsinel stomos ir i\u0161var\u017eos produktai- Meditex .ee internetin\u0117 parduotuv\u0117","og_description":"Siekiant pad\u0117ti jums gyventi gyvenim\u0105 taip, kaip norite, buvo sukurti patikimi produktai i\u0161var\u017eos prevencijai bei stomos ir i\u0161var\u017eos prie\u017ei\u016brai.","og_url":"https:\/\/meditex.ee\/lt\/corsinel\/","og_site_name":"Meditex","article_publisher":"https:\/\/www.facebook.com\/meditexepood\/","article_modified_time":"2026-02-04T14:07:46+00:00","twitter_card":"summary_large_image","twitter_misc":{"Est. reading time":"3 minut\u0117"},"schema":{"@context":"https:\/\/schema.org","@graph":[{"@type":"WebPage","@id":"https:\/\/meditex.ee\/lt\/corsinel\/","url":"https:\/\/meditex.ee\/lt\/corsinel\/","name":"Corsinel stomos ir i\u0161var\u017eos produktai- Meditex .ee internetin\u0117 parduotuv\u0117","isPartOf":{"@id":"https:\/\/meditex.ee\/en\/#website"},"datePublished":"2026-02-04T14:07:43+00:00","dateModified":"2026-02-04T14:07:46+00:00","description":"Siekiant pad\u0117ti jums gyventi gyvenim\u0105 taip, kaip norite, buvo sukurti patikimi produktai i\u0161var\u017eos prevencijai bei stomos ir i\u0161var\u017eos prie\u017ei\u016brai.","breadcrumb":{"@id":"https:\/\/meditex.ee\/lt\/corsinel\/#breadcrumb"},"inLanguage":"lt-LT","potentialAction":[{"@type":"ReadAction","target":["https:\/\/meditex.ee\/lt\/corsinel\/"]}]},{"@type":"BreadcrumbList","@id":"https:\/\/meditex.ee\/lt\/corsinel\/#breadcrumb","itemListElement":[{"@type":"ListItem","position":1,"name":"Home","item":"https:\/\/meditex.ee\/lt\/"},{"@type":"ListItem","position":2,"name":"Corsinel"}]},{"@type":"WebSite","@id":"https:\/\/meditex.ee\/en\/#website","url":"https:\/\/meditex.ee\/en\/","name":"Meditex","description":"","publisher":{"@id":"https:\/\/meditex.ee\/en\/#organization"},"potentialAction":[{"@type":"SearchAction","target":{"@type":"EntryPoint","urlTemplate":"https:\/\/meditex.ee\/en\/?s={search_term_string}"},"query-input":{"@type":"PropertyValueSpecification","valueRequired":true,"valueName":"search_term_string"}}],"inLanguage":"lt-LT"},{"@type":"Organization","@id":"https:\/\/meditex.ee\/en\/#organization","name":"Meditex","url":"https:\/\/meditex.ee\/en\/","logo":{"@type":"ImageObject","inLanguage":"lt-LT","@id":"https:\/\/meditex.ee\/en\/#\/schema\/logo\/image\/","url":"https:\/\/meditex.ee\/wp-content\/uploads\/2018\/03\/mdtx_logo.png","contentUrl":"https:\/\/meditex.ee\/wp-content\/uploads\/2018\/03\/mdtx_logo.png","width":669,"height":235,"caption":"Meditex"},"image":{"@id":"https:\/\/meditex.ee\/en\/#\/schema\/logo\/image\/"},"sameAs":["https:\/\/www.facebook.com\/meditexepood\/"]}]}},"_links":{"self":[{"href":"https:\/\/meditex.ee\/lt\/wp-json\/wp\/v2\/pages\/19692","targetHints":{"allow":["GET"]}}],"collection":[{"href":"https:\/\/meditex.ee\/lt\/wp-json\/wp\/v2\/pages"}],"about":[{"href":"https:\/\/meditex.ee\/lt\/wp-json\/wp\/v2\/types\/page"}],"author":[{"embeddable":true,"href":"https:\/\/meditex.ee\/lt\/wp-json\/wp\/v2\/users\/1"}],"replies":[{"embeddable":true,"href":"https:\/\/meditex.ee\/lt\/wp-json\/wp\/v2\/comments?post=19692"}],"version-history":[{"count":2,"href":"https:\/\/meditex.ee\/lt\/wp-json\/wp\/v2\/pages\/19692\/revisions"}],"predecessor-version":[{"id":19700,"href":"https:\/\/meditex.ee\/lt\/wp-json\/wp\/v2\/pages\/19692\/revisions\/19700"}],"wp:attachment":[{"href":"https:\/\/meditex.ee\/lt\/wp-json\/wp\/v2\/media?parent=19692"}],"curies":[{"name":"wp","href":"https:\/\/api.w.org\/{rel}","templated":true}]}}