{"id":19207,"date":"2018-04-09T11:25:54","date_gmt":"2018-04-09T11:25:54","guid":{"rendered":"https:\/\/meditex.ee\/grazinimas\/"},"modified":"2026-03-09T08:21:30","modified_gmt":"2026-03-09T08:21:30","slug":"grazinimas","status":"publish","type":"page","link":"https:\/\/meditex.ee\/lt\/grazinimas\/","title":{"rendered":"Gr\u0105\u017einimas"},"content":{"rendered":"\n<h4 style=\"text-align: left;\"><span style=\"color: #000000;\"><strong>PREKI\u0172 GR\u0104\u017dINIMAS<\/strong><\/span><\/h4>\n<p style=\"text-align: left;\" data-font-size=\"14\"><span style=\"color: #000000;\">Pirk\u0117jas turi teis\u0119, atsiradus tr\u016bkumams, kreiptis \u012f internetin\u0119 parduotuv\u0119 ne v\u0117liau kaip per du m\u0117nesius, pateikdamas s\u0105skait\u0105 fakt\u016br\u0105, pagal kuri\u0105 buvo apmok\u0117ta u\u017e prek\u0119. Internetin\u0117 parduotuv\u0117 neatsako u\u017e pirk\u0117jo kalt\u0117s d\u0117l netinkamo prek\u0117s laikymo ar ne pagal paskirt\u012f naudojimo atsiradusius prek\u0117s tr\u016bkumus. <\/span><\/p>\n<p style=\"text-align: left;\" data-font-size=\"14\"><span style=\"color: #000000;\">Pretenzijas tiesiogiai pardav\u0117jui ra\u0161tu galima si\u0173sti el. pa\u0161tu <a style=\"color: #000000;\" href=\"mailto:info@meditex.ee\" data-font-size=\"14\">info@meditex.ee<\/a> arba pa\u0161tu adresu O\u00dc Scabo, Nurme tn 5a, 75501 Saku, Harjumaa, Estija. Pretenzijoje turi b\u016bti nurodytas u\u017esakym\u0105 pateikusio asmens vardas, pavard\u0117, kontaktinis telefono numeris, u\u017esakymo numeris ir tikslus prek\u0117s neatitikimo s\u0105lygoms ar tr\u016bkumo apra\u0161ymas. Visos pretenzijos bus per\u017ei\u016br\u0117tos ir su jumis susisiekta kuo grei\u010diau, bet ne v\u0117liau kaip per 14 dien\u0173 nuo pretenzijos gavimo. Pretenzijas taip pat galima pateikti Europos internetin\u0117je gin\u010d\u0173 sprendimo platformoje <a style=\"color: #000000;\" href=\"https:\/\/ec.europa.eu\/consumers\/odr\/main\/index.cfm?event=main.home2.show&amp;lng=ET\" data-font-size=\"14\">https:\/\/ec.europa.eu\/consumers\/odr\/main\/index.cfm?event=main.home2.show&amp;lng=ET<\/a>. <\/span><\/p>\n<p style=\"text-align: left;\" data-font-size=\"14\"><span style=\"color: #000000;\" data-font-size=\"16\">Jei d\u0117l kokios nors prie\u017easties \u012fsigyta prek\u0117 netinka, pirk\u0117jas turi teis\u0119 j\u0105 gr\u0105\u017einti per 14 dien\u0173 nuo prek\u0117s gavimo. Norint gr\u0105\u017einti prek\u0119, turi b\u016bti u\u017epildytas atsisakymo parei\u0161kimas, kurio form\u0105 rasite <a href=\"https:\/\/www.riigiteataja.ee\/aktilisa\/1030\/1201\/4001\/JM_m41_lisa1.pdf#\">\u010dia<\/a>. Atsisakymo parei\u0161kimas turi b\u016bti i\u0161si\u0173stas el. pa\u0161tu <a style=\"color: #000000;\" href=\"mailto:info@meditex.ee\" data-font-size=\"16\">info@meditex.ee<\/a> ne v\u0117liau kaip per 14 dien\u0173 nuo prek\u0117s gavimo. Jei parei\u0161kimo negalima i\u0161si\u0173sti el. pa\u0161tu, j\u012f galima prid\u0117ti prie siuntos kartu su preke. <\/span><\/p>\n<p style=\"text-align: left;\" data-font-size=\"14\"><span style=\"color: #000000;\" data-font-size=\"16\">Gr\u0105\u017einama prek\u0117 turi b\u016bti <strong>nenaudota ir originalioje pakuot\u0117je<\/strong>. <strong>Pirk\u0117jas, atidarydamas pakuot\u0119, turi vengti sugadinti pakuot\u0119 ir jos turin\u012f.<\/strong> Pirk\u0117jas privalo pristatyti gr\u0105\u017einam\u0105 prek\u0119 \u012f internetin\u0119 parduotuv\u0119 per 14 dien\u0173 nuo atsisakymo parei\u0161kimo i\u0161siuntimo. Internetin\u0117 parduotuv\u0117, gavusi atsisakymo parei\u0161kim\u0105, nedelsdama, bet ne v\u0117liau kaip per 14 dien\u0173, gr\u0105\u017eina vartotojui visus i\u0161 pirk\u0117jo gautus mok\u0117jimus, \u012fskaitant prek\u0117s pristatymo i\u0161laidas, i\u0161skyrus atvejus, kai pirk\u0117jas pasirinko kit\u0105 pristatymo b\u016bd\u0105 nei pigiausias \u012fmon\u0117s si\u016blomas pristatymo b\u016bdas, internetin\u0117 parduotuv\u0117 neprivalo gr\u0105\u017einti pirk\u0117jui i\u0161laid\u0173, vir\u0161ijan\u010di\u0173 \u012fprasto pristatymo b\u016bdo i\u0161laidas.<\/span><\/p>\n<p data-font-size=\"14\">Jei gr\u0105\u017einimo kodas nenurodytas siuntos gavimo prane\u0161ime (SMS \u017einute, el. lai\u0161ke), preki\u0173 gr\u0105\u017einimo i\u0161laidas padengia pirk\u0117jas, nebent gr\u0105\u017einimo prie\u017eastis yra ta, kad gr\u0105\u017einama prek\u0117 neatitinka u\u017esakymo (pvz., neteisinga arba brokuota prek\u0117).<\/p>\n<p style=\"text-align: left;\" data-font-size=\"14\"><span style=\"color: #000000;\" data-font-size=\"16\">Pinigai u\u017e gr\u0105\u017eint\u0105 prek\u0119 bus pervesti \u012f pirk\u0117jo nurodyt\u0105 banko s\u0105skait\u0105 per 14 dien\u0173 nuo atsisakymo parei\u0161kimo gavimo. Panaudotos, sugadintos ir atidarytos pakuot\u0117s nekompensuojamos. <\/span><\/p>\n\n","protected":false},"excerpt":{"rendered":"","protected":false},"author":1,"featured_media":0,"parent":0,"menu_order":0,"comment_status":"closed","ping_status":"closed","template":"","meta":{"footnotes":""},"class_list":["post-19207","page","type-page","status-publish","hentry"],"yoast_head":"<!-- This site is optimized with the Yoast SEO plugin v27.3 - https:\/\/yoast.com\/product\/yoast-seo-wordpress\/ -->\n<title>Gr\u0105\u017einimas - Meditex<\/title>\n<meta name=\"robots\" content=\"noindex, nofollow\" \/>\n<meta property=\"og:locale\" content=\"lt_LT\" \/>\n<meta property=\"og:type\" content=\"article\" \/>\n<meta property=\"og:title\" content=\"Gr\u0105\u017einimas - Meditex\" \/>\n<meta property=\"og:url\" content=\"https:\/\/meditex.ee\/lt\/grazinimas\/\" \/>\n<meta property=\"og:site_name\" content=\"Meditex\" \/>\n<meta property=\"article:publisher\" content=\"https:\/\/www.facebook.com\/meditexepood\/\" \/>\n<meta property=\"article:modified_time\" content=\"2026-03-09T08:21:30+00:00\" \/>\n<meta name=\"twitter:card\" content=\"summary_large_image\" \/>\n<script type=\"application\/ld+json\" class=\"yoast-schema-graph\">{\"@context\":\"https:\\\/\\\/schema.org\",\"@graph\":[{\"@type\":\"WebPage\",\"@id\":\"https:\\\/\\\/meditex.ee\\\/lt\\\/grazinimas\\\/\",\"url\":\"https:\\\/\\\/meditex.ee\\\/lt\\\/grazinimas\\\/\",\"name\":\"Gr\u0105\u017einimas - Meditex\",\"isPartOf\":{\"@id\":\"https:\\\/\\\/meditex.ee\\\/en\\\/#website\"},\"datePublished\":\"2018-04-09T11:25:54+00:00\",\"dateModified\":\"2026-03-09T08:21:30+00:00\",\"breadcrumb\":{\"@id\":\"https:\\\/\\\/meditex.ee\\\/lt\\\/grazinimas\\\/#breadcrumb\"},\"inLanguage\":\"lt-LT\",\"potentialAction\":[{\"@type\":\"ReadAction\",\"target\":[\"https:\\\/\\\/meditex.ee\\\/lt\\\/grazinimas\\\/\"]}]},{\"@type\":\"BreadcrumbList\",\"@id\":\"https:\\\/\\\/meditex.ee\\\/lt\\\/grazinimas\\\/#breadcrumb\",\"itemListElement\":[{\"@type\":\"ListItem\",\"position\":1,\"name\":\"Home\",\"item\":\"https:\\\/\\\/meditex.ee\\\/lt\\\/\"},{\"@type\":\"ListItem\",\"position\":2,\"name\":\"Gr\u0105\u017einimas\"}]},{\"@type\":\"WebSite\",\"@id\":\"https:\\\/\\\/meditex.ee\\\/en\\\/#website\",\"url\":\"https:\\\/\\\/meditex.ee\\\/en\\\/\",\"name\":\"Meditex\",\"description\":\"\",\"publisher\":{\"@id\":\"https:\\\/\\\/meditex.ee\\\/en\\\/#organization\"},\"potentialAction\":[{\"@type\":\"SearchAction\",\"target\":{\"@type\":\"EntryPoint\",\"urlTemplate\":\"https:\\\/\\\/meditex.ee\\\/en\\\/?s={search_term_string}\"},\"query-input\":{\"@type\":\"PropertyValueSpecification\",\"valueRequired\":true,\"valueName\":\"search_term_string\"}}],\"inLanguage\":\"lt-LT\"},{\"@type\":\"Organization\",\"@id\":\"https:\\\/\\\/meditex.ee\\\/en\\\/#organization\",\"name\":\"Meditex\",\"url\":\"https:\\\/\\\/meditex.ee\\\/en\\\/\",\"logo\":{\"@type\":\"ImageObject\",\"inLanguage\":\"lt-LT\",\"@id\":\"https:\\\/\\\/meditex.ee\\\/en\\\/#\\\/schema\\\/logo\\\/image\\\/\",\"url\":\"https:\\\/\\\/meditex.ee\\\/wp-content\\\/uploads\\\/2018\\\/03\\\/mdtx_logo.png\",\"contentUrl\":\"https:\\\/\\\/meditex.ee\\\/wp-content\\\/uploads\\\/2018\\\/03\\\/mdtx_logo.png\",\"width\":669,\"height\":235,\"caption\":\"Meditex\"},\"image\":{\"@id\":\"https:\\\/\\\/meditex.ee\\\/en\\\/#\\\/schema\\\/logo\\\/image\\\/\"},\"sameAs\":[\"https:\\\/\\\/www.facebook.com\\\/meditexepood\\\/\"]}]}<\/script>\n<!-- \/ Yoast SEO plugin. -->","yoast_head_json":{"title":"Gr\u0105\u017einimas - Meditex","robots":{"index":"noindex","follow":"nofollow"},"og_locale":"lt_LT","og_type":"article","og_title":"Gr\u0105\u017einimas - Meditex","og_url":"https:\/\/meditex.ee\/lt\/grazinimas\/","og_site_name":"Meditex","article_publisher":"https:\/\/www.facebook.com\/meditexepood\/","article_modified_time":"2026-03-09T08:21:30+00:00","twitter_card":"summary_large_image","schema":{"@context":"https:\/\/schema.org","@graph":[{"@type":"WebPage","@id":"https:\/\/meditex.ee\/lt\/grazinimas\/","url":"https:\/\/meditex.ee\/lt\/grazinimas\/","name":"Gr\u0105\u017einimas - Meditex","isPartOf":{"@id":"https:\/\/meditex.ee\/en\/#website"},"datePublished":"2018-04-09T11:25:54+00:00","dateModified":"2026-03-09T08:21:30+00:00","breadcrumb":{"@id":"https:\/\/meditex.ee\/lt\/grazinimas\/#breadcrumb"},"inLanguage":"lt-LT","potentialAction":[{"@type":"ReadAction","target":["https:\/\/meditex.ee\/lt\/grazinimas\/"]}]},{"@type":"BreadcrumbList","@id":"https:\/\/meditex.ee\/lt\/grazinimas\/#breadcrumb","itemListElement":[{"@type":"ListItem","position":1,"name":"Home","item":"https:\/\/meditex.ee\/lt\/"},{"@type":"ListItem","position":2,"name":"Gr\u0105\u017einimas"}]},{"@type":"WebSite","@id":"https:\/\/meditex.ee\/en\/#website","url":"https:\/\/meditex.ee\/en\/","name":"Meditex","description":"","publisher":{"@id":"https:\/\/meditex.ee\/en\/#organization"},"potentialAction":[{"@type":"SearchAction","target":{"@type":"EntryPoint","urlTemplate":"https:\/\/meditex.ee\/en\/?s={search_term_string}"},"query-input":{"@type":"PropertyValueSpecification","valueRequired":true,"valueName":"search_term_string"}}],"inLanguage":"lt-LT"},{"@type":"Organization","@id":"https:\/\/meditex.ee\/en\/#organization","name":"Meditex","url":"https:\/\/meditex.ee\/en\/","logo":{"@type":"ImageObject","inLanguage":"lt-LT","@id":"https:\/\/meditex.ee\/en\/#\/schema\/logo\/image\/","url":"https:\/\/meditex.ee\/wp-content\/uploads\/2018\/03\/mdtx_logo.png","contentUrl":"https:\/\/meditex.ee\/wp-content\/uploads\/2018\/03\/mdtx_logo.png","width":669,"height":235,"caption":"Meditex"},"image":{"@id":"https:\/\/meditex.ee\/en\/#\/schema\/logo\/image\/"},"sameAs":["https:\/\/www.facebook.com\/meditexepood\/"]}]}},"_links":{"self":[{"href":"https:\/\/meditex.ee\/lt\/wp-json\/wp\/v2\/pages\/19207","targetHints":{"allow":["GET"]}}],"collection":[{"href":"https:\/\/meditex.ee\/lt\/wp-json\/wp\/v2\/pages"}],"about":[{"href":"https:\/\/meditex.ee\/lt\/wp-json\/wp\/v2\/types\/page"}],"author":[{"embeddable":true,"href":"https:\/\/meditex.ee\/lt\/wp-json\/wp\/v2\/users\/1"}],"replies":[{"embeddable":true,"href":"https:\/\/meditex.ee\/lt\/wp-json\/wp\/v2\/comments?post=19207"}],"version-history":[{"count":2,"href":"https:\/\/meditex.ee\/lt\/wp-json\/wp\/v2\/pages\/19207\/revisions"}],"predecessor-version":[{"id":20076,"href":"https:\/\/meditex.ee\/lt\/wp-json\/wp\/v2\/pages\/19207\/revisions\/20076"}],"wp:attachment":[{"href":"https:\/\/meditex.ee\/lt\/wp-json\/wp\/v2\/media?parent=19207"}],"curies":[{"name":"wp","href":"https:\/\/api.w.org\/{rel}","templated":true}]}}