{"id":19200,"date":"2026-02-04T13:58:46","date_gmt":"2026-02-04T13:58:46","guid":{"rendered":"https:\/\/meditex.ee\/mokejimas\/"},"modified":"2026-02-04T13:58:48","modified_gmt":"2026-02-04T13:58:48","slug":"mokejimas","status":"publish","type":"page","link":"https:\/\/meditex.ee\/lt\/mokejimas\/","title":{"rendered":"Mok\u0117jimas"},"content":{"rendered":"\n<h4 style=\"text-align: left;\"><span style=\"color: #000000;\"><strong>MOK\u0116JIMAS<\/strong><\/span><\/h4>\n<p style=\"text-align: left;\"><span style=\"color: #000000;\">U\u017e pirkimus galite mok\u0117ti naudodami banko nuorod\u0105 arba kredito kortele. Atitinkami variantai rodomi mok\u0117jimo puslapyje. <\/span><\/p>\n<p style=\"text-align: left;\"><span style=\"color: #000000;\">Svarbu! Atsiskai\u010dius u\u017e prekes (atlikus banko pavedim\u0105), i\u0161eikite i\u0161 el. banko puslapio paspaud\u0119 mygtuk\u0105 \u201eGr\u012f\u017eti pas pardav\u0117j\u0105\u201c. U\u017esakymo ir mok\u0117jimo patvirtinimui bus parodytas u\u017esakymo patvirtinimas, kur\u012f gal\u0117site atsispausdinti, jei pageidaujate.  <\/span><\/p>\n<p style=\"text-align: left;\"><span style=\"color: #000000;\">Po i\u0161ankstinio mok\u0117jimo s\u0105skaitos apmok\u0117jimo jums bus i\u0161duota s\u0105skaita skaitmeniniu formatu. Pageidaujant i\u0161duosime jums s\u0105skait\u0105 ir popieriaus laikmenoje. <\/span><\/p>\n<p style=\"text-align: left;\"><span style=\"color: #000000;\">Pageidaujant galima mok\u0117ti ir i\u0161ankstiniu mok\u0117jimu prane\u0161ant apie tai internetinei parduotuvei el. pa\u0161tu <a style=\"color: #000000;\" href=\"mailto:info@meditex.ee\">info@meditex.ee<\/a>. U\u017esakym\u0105 prad\u0117sime vykdyti po s\u0105skaitos apmok\u0117jimo. I\u0161ankstinio mok\u0117jimo s\u0105skaita jums taip pat bus automati\u0161kai i\u0161si\u0173sta el. pa\u0161tu.  <\/span><\/p>\n<p style=\"text-align: left;\"><span style=\"color: #000000;\">Visos internetin\u0117je parduotuv\u0117je rodomos kainos pateiktos eurais (\u20ac) ir \u012fskai\u010diuotas prid\u0117tin\u0117s vert\u0117s mokestis.<\/span><\/p>\n","protected":false},"excerpt":{"rendered":"<p>MOK\u0116JIMAS U\u017e pirkimus galite mok\u0117ti naudodami banko nuorod\u0105 arba kredito kortele. Atitinkami variantai rodomi mok\u0117jimo puslapyje. Svarbu! Atsiskai\u010dius u\u017e prekes (atlikus banko pavedim\u0105), i\u0161eikite i\u0161 el. banko puslapio paspaud\u0119 mygtuk\u0105 \u201eGr\u012f\u017eti pas pardav\u0117j\u0105\u201c. U\u017esakymo ir mok\u0117jimo patvirtinimui bus parodytas u\u017esakymo patvirtinimas, kur\u012f gal\u0117site atsispausdinti, jei pageidaujate. Po i\u0161ankstinio mok\u0117jimo s\u0105skaitos apmok\u0117jimo jums bus i\u0161duota s\u0105skaita [&#8230;]\n","protected":false},"author":1,"featured_media":0,"parent":0,"menu_order":0,"comment_status":"closed","ping_status":"closed","template":"","meta":{"footnotes":""},"class_list":["post-19200","page","type-page","status-publish","hentry"],"yoast_head":"<!-- This site is optimized with the Yoast SEO plugin v27.3 - https:\/\/yoast.com\/product\/yoast-seo-wordpress\/ -->\n<title>Mok\u0117jimas - Meditex<\/title>\n<meta name=\"robots\" content=\"index, follow, max-snippet:-1, max-image-preview:large, max-video-preview:-1\" \/>\n<link rel=\"canonical\" href=\"https:\/\/meditex.ee\/lt\/mokejimas\/\" \/>\n<meta property=\"og:locale\" content=\"lt_LT\" \/>\n<meta property=\"og:type\" content=\"article\" \/>\n<meta property=\"og:title\" content=\"Mok\u0117jimas - Meditex\" \/>\n<meta property=\"og:description\" content=\"MOK\u0116JIMAS U\u017e pirkimus galite mok\u0117ti naudodami banko nuorod\u0105 arba kredito kortele. Atitinkami variantai rodomi mok\u0117jimo puslapyje. Svarbu! Atsiskai\u010dius u\u017e prekes (atlikus banko pavedim\u0105), i\u0161eikite i\u0161 el. banko puslapio paspaud\u0119 mygtuk\u0105 \u201eGr\u012f\u017eti pas pardav\u0117j\u0105\u201c. U\u017esakymo ir mok\u0117jimo patvirtinimui bus parodytas u\u017esakymo patvirtinimas, kur\u012f gal\u0117site atsispausdinti, jei pageidaujate. Po i\u0161ankstinio mok\u0117jimo s\u0105skaitos apmok\u0117jimo jums bus i\u0161duota s\u0105skaita [...]\" \/>\n<meta property=\"og:url\" content=\"https:\/\/meditex.ee\/lt\/mokejimas\/\" \/>\n<meta property=\"og:site_name\" content=\"Meditex\" \/>\n<meta property=\"article:publisher\" content=\"https:\/\/www.facebook.com\/meditexepood\/\" \/>\n<meta property=\"article:modified_time\" content=\"2026-02-04T13:58:48+00:00\" \/>\n<meta name=\"twitter:card\" content=\"summary_large_image\" \/>\n<meta name=\"twitter:label1\" content=\"Est. reading time\" \/>\n\t<meta name=\"twitter:data1\" content=\"1 minut\u0117\" \/>\n<script type=\"application\/ld+json\" class=\"yoast-schema-graph\">{\"@context\":\"https:\\\/\\\/schema.org\",\"@graph\":[{\"@type\":\"WebPage\",\"@id\":\"https:\\\/\\\/meditex.ee\\\/lt\\\/mokejimas\\\/\",\"url\":\"https:\\\/\\\/meditex.ee\\\/lt\\\/mokejimas\\\/\",\"name\":\"Mok\u0117jimas - Meditex\",\"isPartOf\":{\"@id\":\"https:\\\/\\\/meditex.ee\\\/en\\\/#website\"},\"datePublished\":\"2026-02-04T13:58:46+00:00\",\"dateModified\":\"2026-02-04T13:58:48+00:00\",\"breadcrumb\":{\"@id\":\"https:\\\/\\\/meditex.ee\\\/lt\\\/mokejimas\\\/#breadcrumb\"},\"inLanguage\":\"lt-LT\",\"potentialAction\":[{\"@type\":\"ReadAction\",\"target\":[\"https:\\\/\\\/meditex.ee\\\/lt\\\/mokejimas\\\/\"]}]},{\"@type\":\"BreadcrumbList\",\"@id\":\"https:\\\/\\\/meditex.ee\\\/lt\\\/mokejimas\\\/#breadcrumb\",\"itemListElement\":[{\"@type\":\"ListItem\",\"position\":1,\"name\":\"Home\",\"item\":\"https:\\\/\\\/meditex.ee\\\/lt\\\/\"},{\"@type\":\"ListItem\",\"position\":2,\"name\":\"Mok\u0117jimas\"}]},{\"@type\":\"WebSite\",\"@id\":\"https:\\\/\\\/meditex.ee\\\/en\\\/#website\",\"url\":\"https:\\\/\\\/meditex.ee\\\/en\\\/\",\"name\":\"Meditex\",\"description\":\"\",\"publisher\":{\"@id\":\"https:\\\/\\\/meditex.ee\\\/en\\\/#organization\"},\"potentialAction\":[{\"@type\":\"SearchAction\",\"target\":{\"@type\":\"EntryPoint\",\"urlTemplate\":\"https:\\\/\\\/meditex.ee\\\/en\\\/?s={search_term_string}\"},\"query-input\":{\"@type\":\"PropertyValueSpecification\",\"valueRequired\":true,\"valueName\":\"search_term_string\"}}],\"inLanguage\":\"lt-LT\"},{\"@type\":\"Organization\",\"@id\":\"https:\\\/\\\/meditex.ee\\\/en\\\/#organization\",\"name\":\"Meditex\",\"url\":\"https:\\\/\\\/meditex.ee\\\/en\\\/\",\"logo\":{\"@type\":\"ImageObject\",\"inLanguage\":\"lt-LT\",\"@id\":\"https:\\\/\\\/meditex.ee\\\/en\\\/#\\\/schema\\\/logo\\\/image\\\/\",\"url\":\"https:\\\/\\\/meditex.ee\\\/wp-content\\\/uploads\\\/2018\\\/03\\\/mdtx_logo.png\",\"contentUrl\":\"https:\\\/\\\/meditex.ee\\\/wp-content\\\/uploads\\\/2018\\\/03\\\/mdtx_logo.png\",\"width\":669,\"height\":235,\"caption\":\"Meditex\"},\"image\":{\"@id\":\"https:\\\/\\\/meditex.ee\\\/en\\\/#\\\/schema\\\/logo\\\/image\\\/\"},\"sameAs\":[\"https:\\\/\\\/www.facebook.com\\\/meditexepood\\\/\"]}]}<\/script>\n<!-- \/ Yoast SEO plugin. -->","yoast_head_json":{"title":"Mok\u0117jimas - Meditex","robots":{"index":"index","follow":"follow","max-snippet":"max-snippet:-1","max-image-preview":"max-image-preview:large","max-video-preview":"max-video-preview:-1"},"canonical":"https:\/\/meditex.ee\/lt\/mokejimas\/","og_locale":"lt_LT","og_type":"article","og_title":"Mok\u0117jimas - Meditex","og_description":"MOK\u0116JIMAS U\u017e pirkimus galite mok\u0117ti naudodami banko nuorod\u0105 arba kredito kortele. Atitinkami variantai rodomi mok\u0117jimo puslapyje. Svarbu! Atsiskai\u010dius u\u017e prekes (atlikus banko pavedim\u0105), i\u0161eikite i\u0161 el. banko puslapio paspaud\u0119 mygtuk\u0105 \u201eGr\u012f\u017eti pas pardav\u0117j\u0105\u201c. U\u017esakymo ir mok\u0117jimo patvirtinimui bus parodytas u\u017esakymo patvirtinimas, kur\u012f gal\u0117site atsispausdinti, jei pageidaujate. Po i\u0161ankstinio mok\u0117jimo s\u0105skaitos apmok\u0117jimo jums bus i\u0161duota s\u0105skaita [...]","og_url":"https:\/\/meditex.ee\/lt\/mokejimas\/","og_site_name":"Meditex","article_publisher":"https:\/\/www.facebook.com\/meditexepood\/","article_modified_time":"2026-02-04T13:58:48+00:00","twitter_card":"summary_large_image","twitter_misc":{"Est. reading time":"1 minut\u0117"},"schema":{"@context":"https:\/\/schema.org","@graph":[{"@type":"WebPage","@id":"https:\/\/meditex.ee\/lt\/mokejimas\/","url":"https:\/\/meditex.ee\/lt\/mokejimas\/","name":"Mok\u0117jimas - Meditex","isPartOf":{"@id":"https:\/\/meditex.ee\/en\/#website"},"datePublished":"2026-02-04T13:58:46+00:00","dateModified":"2026-02-04T13:58:48+00:00","breadcrumb":{"@id":"https:\/\/meditex.ee\/lt\/mokejimas\/#breadcrumb"},"inLanguage":"lt-LT","potentialAction":[{"@type":"ReadAction","target":["https:\/\/meditex.ee\/lt\/mokejimas\/"]}]},{"@type":"BreadcrumbList","@id":"https:\/\/meditex.ee\/lt\/mokejimas\/#breadcrumb","itemListElement":[{"@type":"ListItem","position":1,"name":"Home","item":"https:\/\/meditex.ee\/lt\/"},{"@type":"ListItem","position":2,"name":"Mok\u0117jimas"}]},{"@type":"WebSite","@id":"https:\/\/meditex.ee\/en\/#website","url":"https:\/\/meditex.ee\/en\/","name":"Meditex","description":"","publisher":{"@id":"https:\/\/meditex.ee\/en\/#organization"},"potentialAction":[{"@type":"SearchAction","target":{"@type":"EntryPoint","urlTemplate":"https:\/\/meditex.ee\/en\/?s={search_term_string}"},"query-input":{"@type":"PropertyValueSpecification","valueRequired":true,"valueName":"search_term_string"}}],"inLanguage":"lt-LT"},{"@type":"Organization","@id":"https:\/\/meditex.ee\/en\/#organization","name":"Meditex","url":"https:\/\/meditex.ee\/en\/","logo":{"@type":"ImageObject","inLanguage":"lt-LT","@id":"https:\/\/meditex.ee\/en\/#\/schema\/logo\/image\/","url":"https:\/\/meditex.ee\/wp-content\/uploads\/2018\/03\/mdtx_logo.png","contentUrl":"https:\/\/meditex.ee\/wp-content\/uploads\/2018\/03\/mdtx_logo.png","width":669,"height":235,"caption":"Meditex"},"image":{"@id":"https:\/\/meditex.ee\/en\/#\/schema\/logo\/image\/"},"sameAs":["https:\/\/www.facebook.com\/meditexepood\/"]}]}},"_links":{"self":[{"href":"https:\/\/meditex.ee\/lt\/wp-json\/wp\/v2\/pages\/19200","targetHints":{"allow":["GET"]}}],"collection":[{"href":"https:\/\/meditex.ee\/lt\/wp-json\/wp\/v2\/pages"}],"about":[{"href":"https:\/\/meditex.ee\/lt\/wp-json\/wp\/v2\/types\/page"}],"author":[{"embeddable":true,"href":"https:\/\/meditex.ee\/lt\/wp-json\/wp\/v2\/users\/1"}],"replies":[{"embeddable":true,"href":"https:\/\/meditex.ee\/lt\/wp-json\/wp\/v2\/comments?post=19200"}],"version-history":[{"count":1,"href":"https:\/\/meditex.ee\/lt\/wp-json\/wp\/v2\/pages\/19200\/revisions"}],"predecessor-version":[{"id":19201,"href":"https:\/\/meditex.ee\/lt\/wp-json\/wp\/v2\/pages\/19200\/revisions\/19201"}],"wp:attachment":[{"href":"https:\/\/meditex.ee\/lt\/wp-json\/wp\/v2\/media?parent=19200"}],"curies":[{"name":"wp","href":"https:\/\/api.w.org\/{rel}","templated":true}]}}