{"id":19197,"date":"2026-02-04T13:58:12","date_gmt":"2026-02-04T13:58:12","guid":{"rendered":"https:\/\/meditex.ee\/grazinimo-ir-pinigu-grazinimo-politika\/"},"modified":"2026-02-04T13:58:13","modified_gmt":"2026-02-04T13:58:13","slug":"grazinimo-ir-pinigu-grazinimo-politika","status":"publish","type":"page","link":"https:\/\/meditex.ee\/lt\/grazinimo-ir-pinigu-grazinimo-politika\/","title":{"rendered":"Gr\u0105\u017einimo ir pinig\u0173 gr\u0105\u017einimo politika"},"content":{"rendered":"\n<p><b>Tai yra pavyzdinis puslapis.<\/b><\/p>\n\n<h3>Overview<\/h3>\n\n<p>M\u016bs\u0173 gr\u0105\u017einimo ir pinig\u0173 gr\u0105\u017einimo politika galioja 30 dien\u0173. Jei nuo pirkimo pra\u0117jo 30 dien\u0173, negalime jums pasi\u016blyti visi\u0161ko pinig\u0173 gr\u0105\u017einimo ar keitimo. <\/p>\n\n<p>Kad prek\u0117 b\u016bt\u0173 tinkama gr\u0105\u017einti, ji turi b\u016bti nenaudota ir tokios pat b\u016bkl\u0117s, kokios j\u0105 gavote. Ji taip pat turi b\u016bti originalioje pakuot\u0117je. <\/p>\n\n<p>Kai kuri\u0173 r\u016b\u0161i\u0173 prek\u0117s negali b\u016bti gr\u0105\u017einamos. Greitai gendantys produktai, tokie kaip maistas, g\u0117l\u0117s, laikra\u0161\u010diai ar \u017eurnalai, negali b\u016bti gr\u0105\u017einami. Taip pat nepriimame intymi\u0173 ar higienos preki\u0173, pavojing\u0173 med\u017eiag\u0173, degi\u0173j\u0173 skys\u010di\u0173 ar duj\u0173.  <\/p>\n\n<p>Papildomos negr\u0105\u017einamos prek\u0117s:<\/p>\n\n<ul class=\"wp-block-list\">\n<li>Dovan\u0173 kortel\u0117s<\/li>\n<li>Atsisiun\u010diamos programin\u0117s \u012frangos produktai<\/li>\n<li>Kai kurios sveikatos ir asmens prie\u017ei\u016bros prek\u0117s<\/li>\n<\/ul>\n\n<p>Nor\u0117dami u\u017ebaigti gr\u0105\u017einim\u0105, mums reikalingas kvitas arba pirkimo \u012frodymas.<\/p>\n\n<p>Pra\u0161ome nesi\u0173sti pirkinio atgal gamintojui.<\/p>\n\n<p>Yra tam tikr\u0173 situacij\u0173, kai gr\u0105\u017einami tik daliniai pinigai:<\/p>\n\n<ul class=\"wp-block-list\">\n<li>Knyga su akivaizd\u017eiais naudojimo \u017eenklais<\/li>\n<li>Atidarytas kompaktinis diskas, DVD, VHS kaset\u0117, programin\u0117 \u012franga, vaizdo \u017eaidimas, kaset\u0117 ar vinilin\u0117 plok\u0161tel\u0117.<\/li>\n<li>Bet kuri prek\u0117, kuri n\u0117ra originalios b\u016bkl\u0117s, yra sugadinta arba tr\u016bksta dali\u0173 ne d\u0117l m\u016bs\u0173 kalt\u0117s.<\/li>\n<li>Bet kuri prek\u0117, gr\u0105\u017einta pra\u0117jus daugiau nei 30 dien\u0173 po pristatymo<\/li>\n<\/ul>\n\n<h2>Pinig\u0173 gr\u0105\u017einimas<\/h2>\n\n<p>Kai j\u016bs\u0173 gr\u0105\u017einama prek\u0117 bus gauta ir patikrinta, atsi\u0173sime jums el. lai\u0161k\u0105, kad prane\u0161tume apie gaut\u0105 prek\u0119. Taip pat prane\u0161ime apie j\u016bs\u0173 pinig\u0173 gr\u0105\u017einimo patvirtinim\u0105 arba atmetim\u0105. <\/p>\n\n<p>Jei j\u016bs\u0173 pra\u0161ymas bus patvirtintas, pinigai bus gr\u0105\u017einti, o kreditas automati\u0161kai pritaikytas j\u016bs\u0173 kredito kortelei arba originaliam mok\u0117jimo b\u016bdui per tam tikr\u0105 dien\u0173 skai\u010di\u0173.<\/p>\n\n<b>Late or missing refunds<\/b>\n\n<p>Jei dar negavote pinig\u0173 gr\u0105\u017einimo, pirmiausia dar kart\u0105 patikrinkite savo banko s\u0105skait\u0105.<\/p>\n\n<p>Tada susisiekite su savo kredito kortel\u0117s bendrove, gali u\u017etrukti, kol j\u016bs\u0173 pinig\u0173 gr\u0105\u017einimas bus oficialiai paskelbtas.<\/p>\n\n<p>Toliau susisiekite su savo banku. Da\u017enai yra tam tikras apdorojimo laikas, kol pinig\u0173 gr\u0105\u017einimas yra paskelbiamas. <\/p>\n\n<p>Jei visa tai atlikote ir vis dar negavote pinig\u0173 gr\u0105\u017einimo, susisiekite su mumis adresu {email address}.<\/p>\n\n<b>Sale items<\/b>\n\n<p>Gr\u0105\u017einami gali b\u016bti tik \u012fprastos kainos produktai. I\u0161pardavimo preki\u0173 gr\u0105\u017einti negalima. <\/p>\n\n<h2>Keitimas<\/h2>\n\n<p>Prekes kei\u010diame tik tuo atveju, jei jos yra su defektais arba sugadintos. Jei jums reikia pakeisti t\u0105 pa\u010di\u0105 prek\u0119, atsi\u0173skite mums el. lai\u0161k\u0105 adresu {email address} ir i\u0161si\u0173skite prek\u0119 adresu: {physical address}. <\/p>\n\n<h2>Dovanos<\/h2>\n\n<p>Jei prek\u0117 buvo pa\u017eym\u0117ta kaip dovana pirkimo metu ir i\u0161si\u0173sta tiesiai jums, gausite dovan\u0173 kredit\u0105 u\u017e gr\u0105\u017einamos prek\u0117s vert\u0119. Kai gr\u0105\u017einama prek\u0117 bus gauta, jums bus i\u0161si\u0173stas dovan\u0173 \u010dekis. <\/p>\n\n<p>Jei prek\u0117 nebuvo pa\u017eym\u0117ta kaip dovana pirkimo metu, arba dovanotojas u\u017esak\u0117 prek\u0119 sau, kad v\u0117liau j\u0105 \u012fteikt\u0173 jums, mes gr\u0105\u017einsime pinigus dovanotojui ir jis su\u017einos apie j\u016bs\u0173 gr\u0105\u017einim\u0105.<\/p>\n\n<h2>Gr\u0105\u017einimo siuntimas<\/h2>\n\n<p>Nor\u0117dami gr\u0105\u017einti prek\u0119, tur\u0117tum\u0117te j\u0105 i\u0161si\u0173sti adresu: {physical address}.<\/p>\n\n<p>J\u016bs b\u016bsite atsakingi u\u017e savo gr\u0105\u017einamos prek\u0117s siuntimo i\u0161laid\u0173 apmok\u0117jim\u0105. Siuntimo i\u0161laidos negr\u0105\u017einamos. Jei gausite pinig\u0173 gr\u0105\u017einim\u0105, gr\u0105\u017einimo siuntimo i\u0161laidos bus i\u0161skai\u010diuotos i\u0161 j\u016bs\u0173 gr\u0105\u017einamos sumos.  <\/p>\n\n<p>Priklausomai nuo j\u016bs\u0173 gyvenamosios vietos, laikas, per kur\u012f pakeista prek\u0117 jus pasieks, gali skirtis.<\/p>\n\n<p>Jei gr\u0105\u017einate brangesnes prekes, galite apsvarstyti galimyb\u0119 naudotis siunt\u0173 sekimo paslauga arba \u012fsigyti siuntimo draudim\u0105. Mes negarantuojame, kad gausime j\u016bs\u0173 gr\u0105\u017einam\u0105 prek\u0119. <\/p>\n\n<h2>Reikia pagalbos?<\/h2>\n\n<p>Susisiekite su mumis {email} d\u0117l klausim\u0173, susijusi\u0173 su pinig\u0173 gr\u0105\u017einimu ir gr\u0105\u017einimu.<\/p>\n","protected":false},"excerpt":{"rendered":"<p>Tai yra pavyzdinis puslapis. Overview M\u016bs\u0173 gr\u0105\u017einimo ir pinig\u0173 gr\u0105\u017einimo politika galioja 30 dien\u0173. Jei nuo pirkimo pra\u0117jo 30 dien\u0173, negalime jums pasi\u016blyti visi\u0161ko pinig\u0173 gr\u0105\u017einimo ar keitimo. Kad prek\u0117 b\u016bt\u0173 tinkama gr\u0105\u017einti, ji turi b\u016bti nenaudota ir tokios pat b\u016bkl\u0117s, kokios j\u0105 gavote. Ji taip pat turi b\u016bti originalioje pakuot\u0117je. Kai kuri\u0173 r\u016b\u0161i\u0173 prek\u0117s [&#8230;]\n","protected":false},"author":1,"featured_media":0,"parent":0,"menu_order":0,"comment_status":"closed","ping_status":"closed","template":"","meta":{"footnotes":""},"class_list":["post-19197","page","type-page","status-publish","hentry"],"yoast_head":"<!-- This site is optimized with the Yoast SEO plugin v27.4 - https:\/\/yoast.com\/product\/yoast-seo-wordpress\/ -->\n<title>Gr\u0105\u017einimo ir pinig\u0173 gr\u0105\u017einimo politika - Meditex<\/title>\n<meta name=\"robots\" content=\"index, follow, max-snippet:-1, max-image-preview:large, max-video-preview:-1\" \/>\n<link rel=\"canonical\" href=\"https:\/\/meditex.ee\/lt\/grazinimo-ir-pinigu-grazinimo-politika\/\" \/>\n<meta property=\"og:locale\" content=\"lt_LT\" \/>\n<meta property=\"og:type\" content=\"article\" \/>\n<meta property=\"og:title\" content=\"Gr\u0105\u017einimo ir pinig\u0173 gr\u0105\u017einimo politika - Meditex\" \/>\n<meta property=\"og:description\" content=\"Tai yra pavyzdinis puslapis. Overview M\u016bs\u0173 gr\u0105\u017einimo ir pinig\u0173 gr\u0105\u017einimo politika galioja 30 dien\u0173. Jei nuo pirkimo pra\u0117jo 30 dien\u0173, negalime jums pasi\u016blyti visi\u0161ko pinig\u0173 gr\u0105\u017einimo ar keitimo. Kad prek\u0117 b\u016bt\u0173 tinkama gr\u0105\u017einti, ji turi b\u016bti nenaudota ir tokios pat b\u016bkl\u0117s, kokios j\u0105 gavote. Ji taip pat turi b\u016bti originalioje pakuot\u0117je. Kai kuri\u0173 r\u016b\u0161i\u0173 prek\u0117s [...]\" \/>\n<meta property=\"og:url\" content=\"https:\/\/meditex.ee\/lt\/grazinimo-ir-pinigu-grazinimo-politika\/\" \/>\n<meta property=\"og:site_name\" content=\"Meditex\" \/>\n<meta property=\"article:publisher\" content=\"https:\/\/www.facebook.com\/meditexepood\/\" \/>\n<meta property=\"article:modified_time\" content=\"2026-02-04T13:58:13+00:00\" \/>\n<meta name=\"twitter:card\" content=\"summary_large_image\" \/>\n<meta name=\"twitter:label1\" content=\"Est. reading time\" \/>\n\t<meta name=\"twitter:data1\" content=\"3 minut\u0117\" \/>\n<script type=\"application\/ld+json\" class=\"yoast-schema-graph\">{\"@context\":\"https:\\\/\\\/schema.org\",\"@graph\":[{\"@type\":\"WebPage\",\"@id\":\"https:\\\/\\\/meditex.ee\\\/lt\\\/grazinimo-ir-pinigu-grazinimo-politika\\\/\",\"url\":\"https:\\\/\\\/meditex.ee\\\/lt\\\/grazinimo-ir-pinigu-grazinimo-politika\\\/\",\"name\":\"Gr\u0105\u017einimo ir pinig\u0173 gr\u0105\u017einimo politika - Meditex\",\"isPartOf\":{\"@id\":\"https:\\\/\\\/meditex.ee\\\/en\\\/#website\"},\"datePublished\":\"2026-02-04T13:58:12+00:00\",\"dateModified\":\"2026-02-04T13:58:13+00:00\",\"breadcrumb\":{\"@id\":\"https:\\\/\\\/meditex.ee\\\/lt\\\/grazinimo-ir-pinigu-grazinimo-politika\\\/#breadcrumb\"},\"inLanguage\":\"lt-LT\",\"potentialAction\":[{\"@type\":\"ReadAction\",\"target\":[\"https:\\\/\\\/meditex.ee\\\/lt\\\/grazinimo-ir-pinigu-grazinimo-politika\\\/\"]}]},{\"@type\":\"BreadcrumbList\",\"@id\":\"https:\\\/\\\/meditex.ee\\\/lt\\\/grazinimo-ir-pinigu-grazinimo-politika\\\/#breadcrumb\",\"itemListElement\":[{\"@type\":\"ListItem\",\"position\":1,\"name\":\"Home\",\"item\":\"https:\\\/\\\/meditex.ee\\\/lt\\\/\"},{\"@type\":\"ListItem\",\"position\":2,\"name\":\"Gr\u0105\u017einimo ir pinig\u0173 gr\u0105\u017einimo politika\"}]},{\"@type\":\"WebSite\",\"@id\":\"https:\\\/\\\/meditex.ee\\\/en\\\/#website\",\"url\":\"https:\\\/\\\/meditex.ee\\\/en\\\/\",\"name\":\"Meditex\",\"description\":\"\",\"publisher\":{\"@id\":\"https:\\\/\\\/meditex.ee\\\/en\\\/#organization\"},\"potentialAction\":[{\"@type\":\"SearchAction\",\"target\":{\"@type\":\"EntryPoint\",\"urlTemplate\":\"https:\\\/\\\/meditex.ee\\\/en\\\/?s={search_term_string}\"},\"query-input\":{\"@type\":\"PropertyValueSpecification\",\"valueRequired\":true,\"valueName\":\"search_term_string\"}}],\"inLanguage\":\"lt-LT\"},{\"@type\":\"Organization\",\"@id\":\"https:\\\/\\\/meditex.ee\\\/en\\\/#organization\",\"name\":\"Meditex\",\"url\":\"https:\\\/\\\/meditex.ee\\\/en\\\/\",\"logo\":{\"@type\":\"ImageObject\",\"inLanguage\":\"lt-LT\",\"@id\":\"https:\\\/\\\/meditex.ee\\\/en\\\/#\\\/schema\\\/logo\\\/image\\\/\",\"url\":\"https:\\\/\\\/meditex.ee\\\/wp-content\\\/uploads\\\/2018\\\/03\\\/mdtx_logo.png\",\"contentUrl\":\"https:\\\/\\\/meditex.ee\\\/wp-content\\\/uploads\\\/2018\\\/03\\\/mdtx_logo.png\",\"width\":669,\"height\":235,\"caption\":\"Meditex\"},\"image\":{\"@id\":\"https:\\\/\\\/meditex.ee\\\/en\\\/#\\\/schema\\\/logo\\\/image\\\/\"},\"sameAs\":[\"https:\\\/\\\/www.facebook.com\\\/meditexepood\\\/\"]}]}<\/script>\n<!-- \/ Yoast SEO plugin. -->","yoast_head_json":{"title":"Gr\u0105\u017einimo ir pinig\u0173 gr\u0105\u017einimo politika - Meditex","robots":{"index":"index","follow":"follow","max-snippet":"max-snippet:-1","max-image-preview":"max-image-preview:large","max-video-preview":"max-video-preview:-1"},"canonical":"https:\/\/meditex.ee\/lt\/grazinimo-ir-pinigu-grazinimo-politika\/","og_locale":"lt_LT","og_type":"article","og_title":"Gr\u0105\u017einimo ir pinig\u0173 gr\u0105\u017einimo politika - Meditex","og_description":"Tai yra pavyzdinis puslapis. Overview M\u016bs\u0173 gr\u0105\u017einimo ir pinig\u0173 gr\u0105\u017einimo politika galioja 30 dien\u0173. Jei nuo pirkimo pra\u0117jo 30 dien\u0173, negalime jums pasi\u016blyti visi\u0161ko pinig\u0173 gr\u0105\u017einimo ar keitimo. Kad prek\u0117 b\u016bt\u0173 tinkama gr\u0105\u017einti, ji turi b\u016bti nenaudota ir tokios pat b\u016bkl\u0117s, kokios j\u0105 gavote. Ji taip pat turi b\u016bti originalioje pakuot\u0117je. Kai kuri\u0173 r\u016b\u0161i\u0173 prek\u0117s [...]","og_url":"https:\/\/meditex.ee\/lt\/grazinimo-ir-pinigu-grazinimo-politika\/","og_site_name":"Meditex","article_publisher":"https:\/\/www.facebook.com\/meditexepood\/","article_modified_time":"2026-02-04T13:58:13+00:00","twitter_card":"summary_large_image","twitter_misc":{"Est. reading time":"3 minut\u0117"},"schema":{"@context":"https:\/\/schema.org","@graph":[{"@type":"WebPage","@id":"https:\/\/meditex.ee\/lt\/grazinimo-ir-pinigu-grazinimo-politika\/","url":"https:\/\/meditex.ee\/lt\/grazinimo-ir-pinigu-grazinimo-politika\/","name":"Gr\u0105\u017einimo ir pinig\u0173 gr\u0105\u017einimo politika - Meditex","isPartOf":{"@id":"https:\/\/meditex.ee\/en\/#website"},"datePublished":"2026-02-04T13:58:12+00:00","dateModified":"2026-02-04T13:58:13+00:00","breadcrumb":{"@id":"https:\/\/meditex.ee\/lt\/grazinimo-ir-pinigu-grazinimo-politika\/#breadcrumb"},"inLanguage":"lt-LT","potentialAction":[{"@type":"ReadAction","target":["https:\/\/meditex.ee\/lt\/grazinimo-ir-pinigu-grazinimo-politika\/"]}]},{"@type":"BreadcrumbList","@id":"https:\/\/meditex.ee\/lt\/grazinimo-ir-pinigu-grazinimo-politika\/#breadcrumb","itemListElement":[{"@type":"ListItem","position":1,"name":"Home","item":"https:\/\/meditex.ee\/lt\/"},{"@type":"ListItem","position":2,"name":"Gr\u0105\u017einimo ir pinig\u0173 gr\u0105\u017einimo politika"}]},{"@type":"WebSite","@id":"https:\/\/meditex.ee\/en\/#website","url":"https:\/\/meditex.ee\/en\/","name":"Meditex","description":"","publisher":{"@id":"https:\/\/meditex.ee\/en\/#organization"},"potentialAction":[{"@type":"SearchAction","target":{"@type":"EntryPoint","urlTemplate":"https:\/\/meditex.ee\/en\/?s={search_term_string}"},"query-input":{"@type":"PropertyValueSpecification","valueRequired":true,"valueName":"search_term_string"}}],"inLanguage":"lt-LT"},{"@type":"Organization","@id":"https:\/\/meditex.ee\/en\/#organization","name":"Meditex","url":"https:\/\/meditex.ee\/en\/","logo":{"@type":"ImageObject","inLanguage":"lt-LT","@id":"https:\/\/meditex.ee\/en\/#\/schema\/logo\/image\/","url":"https:\/\/meditex.ee\/wp-content\/uploads\/2018\/03\/mdtx_logo.png","contentUrl":"https:\/\/meditex.ee\/wp-content\/uploads\/2018\/03\/mdtx_logo.png","width":669,"height":235,"caption":"Meditex"},"image":{"@id":"https:\/\/meditex.ee\/en\/#\/schema\/logo\/image\/"},"sameAs":["https:\/\/www.facebook.com\/meditexepood\/"]}]}},"_links":{"self":[{"href":"https:\/\/meditex.ee\/lt\/wp-json\/wp\/v2\/pages\/19197","targetHints":{"allow":["GET"]}}],"collection":[{"href":"https:\/\/meditex.ee\/lt\/wp-json\/wp\/v2\/pages"}],"about":[{"href":"https:\/\/meditex.ee\/lt\/wp-json\/wp\/v2\/types\/page"}],"author":[{"embeddable":true,"href":"https:\/\/meditex.ee\/lt\/wp-json\/wp\/v2\/users\/1"}],"replies":[{"embeddable":true,"href":"https:\/\/meditex.ee\/lt\/wp-json\/wp\/v2\/comments?post=19197"}],"version-history":[{"count":1,"href":"https:\/\/meditex.ee\/lt\/wp-json\/wp\/v2\/pages\/19197\/revisions"}],"predecessor-version":[{"id":19198,"href":"https:\/\/meditex.ee\/lt\/wp-json\/wp\/v2\/pages\/19197\/revisions\/19198"}],"wp:attachment":[{"href":"https:\/\/meditex.ee\/lt\/wp-json\/wp\/v2\/media?parent=19197"}],"curies":[{"name":"wp","href":"https:\/\/api.w.org\/{rel}","templated":true}]}}