{"id":19188,"date":"2026-02-04T13:58:11","date_gmt":"2026-02-04T13:58:11","guid":{"rendered":"https:\/\/meditex.ee\/isavela\/"},"modified":"2026-02-04T13:58:15","modified_gmt":"2026-02-04T13:58:15","slug":"isavela","status":"publish","type":"page","link":"https:\/\/meditex.ee\/lt\/isavela\/","title":{"rendered":"Isavela"},"content":{"rendered":"\n<div class=\"row\"  id=\"row-878005594\">\n\n\n\t<div id=\"col-2138035023\" class=\"col medium-6 small-12 large-6\"  >\n\t\t\t\t<div class=\"col-inner\"  >\n\t\t\t\n\t\t\t\n\n<div class=\"is-divider divider clearfix\" style=\"background-color:rgb(255, 255, 255);\"><\/div>\n\n<h2><span style=\"color: #000080;\">KOMPRESINIAI DRABU\u017dIAI<\/span><\/h2>\n\n\t\t<\/div>\n\t\t\t\t\t<\/div>\n\n\t\n\n\t<div id=\"col-1235142966\" class=\"col medium-6 small-12 large-6\"  >\n\t\t\t\t<div class=\"col-inner text-right\"  >\n\t\t\t\n\t\t\t\n\n\t<div class=\"img has-hover x md-x lg-x y md-y lg-y\" id=\"image_193136474\">\n\t\t\t\t\t\t\t\t<div class=\"img-inner dark\" >\n\t\t\t<img decoding=\"async\" width=\"486\" height=\"199\" src=\"https:\/\/meditex.ee\/wp-content\/uploads\/2020\/10\/isavela_logo-1.png\" class=\"attachment-large size-large\" alt=\"\" \/>\t\t\t\t\t\t\n\t\t\t\t\t<\/div>\n\t\t\t\t\t\t\t\t\n<style>\n#image_193136474 {\n  width: 60%;\n}\n<\/style>\n\t<\/div>\n\t\n\n\n\t\t<\/div>\n\t\t\t\t\t<\/div>\n\n\t\n\n<\/div>\n<p style=\"text-align: left;\"><span style=\"color: #000000;\">Isavela Enterprises, Inc. asutati 2008. aastal seoses n\u00f5udlusega k\u00f5rgekvaliteediliste ja samas soodsate surveriiete j\u00e4rgi, mis oleks tehtud vastupidavast USA kangast.<\/span><\/p>\n<div class=\"row\"  id=\"row-902608618\">\n\n\n\t<div id=\"col-2109527752\" class=\"col medium-6 small-12 large-6\"  >\n\t\t\t\t<div class=\"col-inner\"  >\n\t\t\t\n\t\t\t\n\n<p style=\"text-align: left;\"><span style=\"color: #000000;\">Po de\u0161imties s\u0117kming\u0173 met\u0173 \u201eIsavela\u201c tapo pirmaujan\u010dia kompresini\u0173 drabu\u017ei\u0173 gamintoja pasaulyje. J\u0173 auk\u0161t\u0173j\u0173 technologij\u0173 audinys gaminamas Amerikoje. \u012emon\u0117s sukurtas \u201eComprexxwear\u00ae\u201c audinys u\u017etikrina tinkam\u0105 kompresijos lyg\u012f.  <\/span><\/p>\n<p style=\"text-align: left;\"><span style=\"color: #000000;\">\u201eIsavela\u201c kompresiniai drabu\u017eiai yra specialiai sukurti su konkre\u010dios paskirties kompresiniais paneliais, kurie padeda suma\u017einti kraujavim\u0105 ir patinim\u0105 tiek i\u0161kart po chirurgin\u0117s proced\u016bros, tiek gijimo metu. <\/span><\/p>\n\n\t\t<\/div>\n\t\t\t\t\t<\/div>\n\n\t\n\n\t<div id=\"col-480299939\" class=\"col medium-6 small-12 large-6\"  >\n\t\t\t\t<div class=\"col-inner text-center\"  >\n\t\t\t\n\t\t\t\n\n\t<div class=\"img has-hover x md-x lg-x y md-y lg-y\" id=\"image_424389760\">\n\t\t\t\t\t\t\t\t<div class=\"img-inner dark\" >\n\t\t\t<img decoding=\"async\" width=\"640\" height=\"427\" src=\"https:\/\/meditex.ee\/wp-content\/uploads\/2018\/03\/isavela-compression-garments-manufacturing-technology-autonesting-setting-rules.jpg\" class=\"attachment-large size-large\" alt=\"\" srcset=\"https:\/\/meditex.ee\/wp-content\/uploads\/2018\/03\/isavela-compression-garments-manufacturing-technology-autonesting-setting-rules.jpg 640w, https:\/\/meditex.ee\/wp-content\/uploads\/2018\/03\/isavela-compression-garments-manufacturing-technology-autonesting-setting-rules-510x340.jpg 510w, https:\/\/meditex.ee\/wp-content\/uploads\/2018\/03\/isavela-compression-garments-manufacturing-technology-autonesting-setting-rules-600x400.jpg 600w\" sizes=\"(max-width: 640px) 100vw, 640px\" \/>\t\t\t\t\t\t\n\t\t\t\t\t<\/div>\n\t\t\t\t\t\t\t\t\n<style>\n#image_424389760 {\n  width: 70%;\n}\n<\/style>\n\t<\/div>\n\t\n\n\n\t\t<\/div>\n\t\t\t\t\t<\/div>\n\n\t\n\n<\/div>\n<div class=\"row\"  id=\"row-639224466\">\n\n\n\t<div id=\"col-317413626\" class=\"col medium-6 small-12 large-6\"  >\n\t\t\t\t<div class=\"col-inner text-center\"  >\n\t\t\t\n\t\t\t\n\n<div class=\"is-divider divider clearfix\" style=\"height:20px;background-color:rgb(255, 255, 255);\"><\/div>\n\n\t<div class=\"img has-hover x md-x lg-x y md-y lg-y\" id=\"image_1580868690\">\n\t\t\t\t\t\t\t\t<div class=\"img-inner dark\" >\n\t\t\t<img decoding=\"async\" width=\"640\" height=\"427\" src=\"https:\/\/meditex.ee\/wp-content\/uploads\/2018\/03\/isavela-compression-garments-manufacturing-technology-cutter-automation-closeup.jpg\" class=\"attachment-large size-large\" alt=\"\" srcset=\"https:\/\/meditex.ee\/wp-content\/uploads\/2018\/03\/isavela-compression-garments-manufacturing-technology-cutter-automation-closeup.jpg 640w, https:\/\/meditex.ee\/wp-content\/uploads\/2018\/03\/isavela-compression-garments-manufacturing-technology-cutter-automation-closeup-510x340.jpg 510w, https:\/\/meditex.ee\/wp-content\/uploads\/2018\/03\/isavela-compression-garments-manufacturing-technology-cutter-automation-closeup-600x400.jpg 600w\" sizes=\"(max-width: 640px) 100vw, 640px\" \/>\t\t\t\t\t\t\n\t\t\t\t\t<\/div>\n\t\t\t\t\t\t\t\t\n<style>\n#image_1580868690 {\n  width: 80%;\n}\n<\/style>\n\t<\/div>\n\t\n\n\n\t\t<\/div>\n\t\t\t\t\t<\/div>\n\n\t\n\n\t<div id=\"col-774761497\" class=\"col medium-6 small-12 large-6\"  >\n\t\t\t\t<div class=\"col-inner\"  >\n\t\t\t\n\t\t\t\n\n<p style=\"text-align: left;\"><span style=\"color: #000000;\">\u201eComprexxwear\u00ae\u201c kompresiniai drabu\u017eiai yra tarsi antra oda, tik geresn\u0117, tod\u0117l juos galima patogiai d\u0117v\u0117ti kasdien arba tiek, kiek rekomenduoja chirurgas. \u201eIsavela\u201c kv\u0117puojantys ir mink\u0161ti kompresiniai drabu\u017eiai palaiko v\u0117s\u0105 ir sausum\u0105. Be to, jie apdoroti nuo kvapo, kad visada jaustum\u0117t\u0117s gaiviai.  <\/span><\/p>\n<p style=\"text-align: left;\"><span style=\"color: #000000;\">\u201eIsavela\u201c drabu\u017eiai idealiai tinka naudoti:<\/span><\/p>\n<p style=\"text-align: left;\"><span style=\"color: #000000;\">-po operacijos<\/span><\/p>\n<p style=\"text-align: left;\"><span style=\"color: #000000;\">-n\u0117\u0161tumo metu<\/span><\/p>\n<p style=\"text-align: left;\"><span style=\"color: #000000;\">-po gimdymo<\/span><\/p>\n<p style=\"text-align: left;\"><span style=\"color: #000000;\">-kaip koreguojantys drabu\u017eiai<\/span><\/p>\n<p style=\"text-align: left;\"><span style=\"color: #000000;\">-po s\u0117dmen\u0173 plastikos<\/span><\/p>\n\n\t\t<\/div>\n\t\t\t\t\t<\/div>\n\n\t\n\n<\/div>\n<p style=\"text-align: left;\"><span style=\"color: #000000;\">Isavela r\u00f5ivad pakuvad Teile taastumisperioodi ajal mugavust, enesekindlust ning optimaalseid tingimusi.<\/span><\/p>\n<div class=\"row\"  id=\"row-1888521480\">\n\n\n\t<div id=\"col-498911331\" class=\"col small-12 large-12\"  >\n\t\t\t\t<div class=\"col-inner\"  >\n\t\t\t\n\t\t\t\n\n\t<div class=\"img has-hover x md-x lg-x y md-y lg-y\" id=\"image_519455489\">\n\t\t\t\t\t\t\t\t<div class=\"img-inner dark\" >\n\t\t\t<img decoding=\"async\" width=\"683\" height=\"400\" src=\"https:\/\/meditex.ee\/wp-content\/uploads\/2020\/10\/isavela-683x400.png\" class=\"attachment-medium size-medium\" alt=\"\" srcset=\"https:\/\/meditex.ee\/wp-content\/uploads\/2020\/10\/isavela-683x400.png 683w, https:\/\/meditex.ee\/wp-content\/uploads\/2020\/10\/isavela-510x299.png 510w, https:\/\/meditex.ee\/wp-content\/uploads\/2020\/10\/isavela-768x450.png 768w, https:\/\/meditex.ee\/wp-content\/uploads\/2020\/10\/isavela-600x351.png 600w, https:\/\/meditex.ee\/wp-content\/uploads\/2020\/10\/isavela.png 1170w\" sizes=\"(max-width: 683px) 100vw, 683px\" \/>\t\t\t\t\t\t\n\t\t\t\t\t<\/div>\n\t\t\t\t\t\t\t\t\n<style>\n#image_519455489 {\n  width: 100%;\n}\n<\/style>\n\t<\/div>\n\t\n\n\n\t\t<\/div>\n\t\t\t\t\t<\/div>\n\n\t\n\n<\/div>\n<div class=\"text-center\"><div class=\"is-divider divider clearfix\" style=\"background-color:rgb(255, 255, 255);\"><\/div><\/div>\n\n<a href=\"http:\/\/meditex.ee\/pood\" class=\"button primary is-bevel box-shadow-3 box-shadow-5-hover expand\" style=\"border-radius:8px;\">\n\t<i class=\"icon-shopping-cart\" aria-hidden=\"true\"><\/i>\t<span>Parduotuv\u0117<\/span>\n\t<\/a>\n\n\n\n","protected":false},"excerpt":{"rendered":"<p>Isavela Enterprises, Inc. asutati 2008. aastal seoses n\u00f5udlusega k\u00f5rgekvaliteediliste ja samas soodsate surveriiete j\u00e4rgi, mis oleks tehtud vastupidavast USA kangast. Isavela r\u00f5ivad pakuvad Teile taastumisperioodi ajal mugavust, enesekindlust ning optimaalseid tingimusi.<\/p>\n","protected":false},"author":1,"featured_media":0,"parent":0,"menu_order":0,"comment_status":"closed","ping_status":"closed","template":"","meta":{"footnotes":""},"class_list":["post-19188","page","type-page","status-publish","hentry"],"yoast_head":"<!-- This site is optimized with the Yoast SEO plugin v27.3 - https:\/\/yoast.com\/product\/yoast-seo-wordpress\/ -->\n<title>Isavela - Meditex<\/title>\n<meta name=\"robots\" content=\"index, follow, max-snippet:-1, max-image-preview:large, max-video-preview:-1\" \/>\n<link rel=\"canonical\" href=\"https:\/\/meditex.ee\/lt\/isavela\/\" \/>\n<meta property=\"og:locale\" content=\"lt_LT\" \/>\n<meta property=\"og:type\" content=\"article\" \/>\n<meta property=\"og:title\" content=\"Isavela - Meditex\" \/>\n<meta property=\"og:description\" content=\"Isavela Enterprises, Inc. asutati 2008. aastal seoses n\u00f5udlusega k\u00f5rgekvaliteediliste ja samas soodsate surveriiete j\u00e4rgi, mis oleks tehtud vastupidavast USA kangast. Isavela r\u00f5ivad pakuvad Teile taastumisperioodi ajal mugavust, enesekindlust ning optimaalseid tingimusi.\" \/>\n<meta property=\"og:url\" content=\"https:\/\/meditex.ee\/lt\/isavela\/\" \/>\n<meta property=\"og:site_name\" content=\"Meditex\" \/>\n<meta property=\"article:publisher\" content=\"https:\/\/www.facebook.com\/meditexepood\/\" \/>\n<meta property=\"article:modified_time\" content=\"2026-02-04T13:58:15+00:00\" \/>\n<meta name=\"twitter:card\" content=\"summary_large_image\" \/>\n<meta name=\"twitter:label1\" content=\"Est. reading time\" \/>\n\t<meta name=\"twitter:data1\" content=\"1 minut\u0117\" \/>\n<script type=\"application\/ld+json\" class=\"yoast-schema-graph\">{\"@context\":\"https:\\\/\\\/schema.org\",\"@graph\":[{\"@type\":\"WebPage\",\"@id\":\"https:\\\/\\\/meditex.ee\\\/lt\\\/isavela\\\/\",\"url\":\"https:\\\/\\\/meditex.ee\\\/lt\\\/isavela\\\/\",\"name\":\"Isavela - Meditex\",\"isPartOf\":{\"@id\":\"https:\\\/\\\/meditex.ee\\\/en\\\/#website\"},\"datePublished\":\"2026-02-04T13:58:11+00:00\",\"dateModified\":\"2026-02-04T13:58:15+00:00\",\"breadcrumb\":{\"@id\":\"https:\\\/\\\/meditex.ee\\\/lt\\\/isavela\\\/#breadcrumb\"},\"inLanguage\":\"lt-LT\",\"potentialAction\":[{\"@type\":\"ReadAction\",\"target\":[\"https:\\\/\\\/meditex.ee\\\/lt\\\/isavela\\\/\"]}]},{\"@type\":\"BreadcrumbList\",\"@id\":\"https:\\\/\\\/meditex.ee\\\/lt\\\/isavela\\\/#breadcrumb\",\"itemListElement\":[{\"@type\":\"ListItem\",\"position\":1,\"name\":\"Home\",\"item\":\"https:\\\/\\\/meditex.ee\\\/lt\\\/\"},{\"@type\":\"ListItem\",\"position\":2,\"name\":\"Isavela\"}]},{\"@type\":\"WebSite\",\"@id\":\"https:\\\/\\\/meditex.ee\\\/en\\\/#website\",\"url\":\"https:\\\/\\\/meditex.ee\\\/en\\\/\",\"name\":\"Meditex\",\"description\":\"\",\"publisher\":{\"@id\":\"https:\\\/\\\/meditex.ee\\\/en\\\/#organization\"},\"potentialAction\":[{\"@type\":\"SearchAction\",\"target\":{\"@type\":\"EntryPoint\",\"urlTemplate\":\"https:\\\/\\\/meditex.ee\\\/en\\\/?s={search_term_string}\"},\"query-input\":{\"@type\":\"PropertyValueSpecification\",\"valueRequired\":true,\"valueName\":\"search_term_string\"}}],\"inLanguage\":\"lt-LT\"},{\"@type\":\"Organization\",\"@id\":\"https:\\\/\\\/meditex.ee\\\/en\\\/#organization\",\"name\":\"Meditex\",\"url\":\"https:\\\/\\\/meditex.ee\\\/en\\\/\",\"logo\":{\"@type\":\"ImageObject\",\"inLanguage\":\"lt-LT\",\"@id\":\"https:\\\/\\\/meditex.ee\\\/en\\\/#\\\/schema\\\/logo\\\/image\\\/\",\"url\":\"https:\\\/\\\/meditex.ee\\\/wp-content\\\/uploads\\\/2018\\\/03\\\/mdtx_logo.png\",\"contentUrl\":\"https:\\\/\\\/meditex.ee\\\/wp-content\\\/uploads\\\/2018\\\/03\\\/mdtx_logo.png\",\"width\":669,\"height\":235,\"caption\":\"Meditex\"},\"image\":{\"@id\":\"https:\\\/\\\/meditex.ee\\\/en\\\/#\\\/schema\\\/logo\\\/image\\\/\"},\"sameAs\":[\"https:\\\/\\\/www.facebook.com\\\/meditexepood\\\/\"]}]}<\/script>\n<!-- \/ Yoast SEO plugin. -->","yoast_head_json":{"title":"Isavela - Meditex","robots":{"index":"index","follow":"follow","max-snippet":"max-snippet:-1","max-image-preview":"max-image-preview:large","max-video-preview":"max-video-preview:-1"},"canonical":"https:\/\/meditex.ee\/lt\/isavela\/","og_locale":"lt_LT","og_type":"article","og_title":"Isavela - Meditex","og_description":"Isavela Enterprises, Inc. asutati 2008. aastal seoses n\u00f5udlusega k\u00f5rgekvaliteediliste ja samas soodsate surveriiete j\u00e4rgi, mis oleks tehtud vastupidavast USA kangast. Isavela r\u00f5ivad pakuvad Teile taastumisperioodi ajal mugavust, enesekindlust ning optimaalseid tingimusi.","og_url":"https:\/\/meditex.ee\/lt\/isavela\/","og_site_name":"Meditex","article_publisher":"https:\/\/www.facebook.com\/meditexepood\/","article_modified_time":"2026-02-04T13:58:15+00:00","twitter_card":"summary_large_image","twitter_misc":{"Est. reading time":"1 minut\u0117"},"schema":{"@context":"https:\/\/schema.org","@graph":[{"@type":"WebPage","@id":"https:\/\/meditex.ee\/lt\/isavela\/","url":"https:\/\/meditex.ee\/lt\/isavela\/","name":"Isavela - Meditex","isPartOf":{"@id":"https:\/\/meditex.ee\/en\/#website"},"datePublished":"2026-02-04T13:58:11+00:00","dateModified":"2026-02-04T13:58:15+00:00","breadcrumb":{"@id":"https:\/\/meditex.ee\/lt\/isavela\/#breadcrumb"},"inLanguage":"lt-LT","potentialAction":[{"@type":"ReadAction","target":["https:\/\/meditex.ee\/lt\/isavela\/"]}]},{"@type":"BreadcrumbList","@id":"https:\/\/meditex.ee\/lt\/isavela\/#breadcrumb","itemListElement":[{"@type":"ListItem","position":1,"name":"Home","item":"https:\/\/meditex.ee\/lt\/"},{"@type":"ListItem","position":2,"name":"Isavela"}]},{"@type":"WebSite","@id":"https:\/\/meditex.ee\/en\/#website","url":"https:\/\/meditex.ee\/en\/","name":"Meditex","description":"","publisher":{"@id":"https:\/\/meditex.ee\/en\/#organization"},"potentialAction":[{"@type":"SearchAction","target":{"@type":"EntryPoint","urlTemplate":"https:\/\/meditex.ee\/en\/?s={search_term_string}"},"query-input":{"@type":"PropertyValueSpecification","valueRequired":true,"valueName":"search_term_string"}}],"inLanguage":"lt-LT"},{"@type":"Organization","@id":"https:\/\/meditex.ee\/en\/#organization","name":"Meditex","url":"https:\/\/meditex.ee\/en\/","logo":{"@type":"ImageObject","inLanguage":"lt-LT","@id":"https:\/\/meditex.ee\/en\/#\/schema\/logo\/image\/","url":"https:\/\/meditex.ee\/wp-content\/uploads\/2018\/03\/mdtx_logo.png","contentUrl":"https:\/\/meditex.ee\/wp-content\/uploads\/2018\/03\/mdtx_logo.png","width":669,"height":235,"caption":"Meditex"},"image":{"@id":"https:\/\/meditex.ee\/en\/#\/schema\/logo\/image\/"},"sameAs":["https:\/\/www.facebook.com\/meditexepood\/"]}]}},"_links":{"self":[{"href":"https:\/\/meditex.ee\/lt\/wp-json\/wp\/v2\/pages\/19188","targetHints":{"allow":["GET"]}}],"collection":[{"href":"https:\/\/meditex.ee\/lt\/wp-json\/wp\/v2\/pages"}],"about":[{"href":"https:\/\/meditex.ee\/lt\/wp-json\/wp\/v2\/types\/page"}],"author":[{"embeddable":true,"href":"https:\/\/meditex.ee\/lt\/wp-json\/wp\/v2\/users\/1"}],"replies":[{"embeddable":true,"href":"https:\/\/meditex.ee\/lt\/wp-json\/wp\/v2\/comments?post=19188"}],"version-history":[{"count":3,"href":"https:\/\/meditex.ee\/lt\/wp-json\/wp\/v2\/pages\/19188\/revisions"}],"predecessor-version":[{"id":19199,"href":"https:\/\/meditex.ee\/lt\/wp-json\/wp\/v2\/pages\/19188\/revisions\/19199"}],"wp:attachment":[{"href":"https:\/\/meditex.ee\/lt\/wp-json\/wp\/v2\/media?parent=19188"}],"curies":[{"name":"wp","href":"https:\/\/api.w.org\/{rel}","templated":true}]}}