{"id":19022,"date":"2026-02-04T13:52:40","date_gmt":"2026-02-04T13:52:40","guid":{"rendered":"https:\/\/meditex.ee\/palaikymo-zonos\/"},"modified":"2026-02-04T13:52:41","modified_gmt":"2026-02-04T13:52:41","slug":"palaikymo-zonos","status":"publish","type":"page","link":"https:\/\/meditex.ee\/lt\/palaikymo-zonos\/","title":{"rendered":"Palaikymo zonos"},"content":{"rendered":"\n\t<div class=\"img has-hover x md-x lg-x y md-y lg-y\" id=\"image_1728231731\">\n\t\t\t\t\t\t\t\t<div class=\"img-inner dark\" >\n\t\t\t<img decoding=\"async\" width=\"1020\" height=\"250\" src=\"https:\/\/meditex.ee\/wp-content\/uploads\/2018\/03\/Carefix-Compression-Bra-2_banner-1400x343.jpg\" class=\"attachment-large size-large\" alt=\"\" srcset=\"https:\/\/meditex.ee\/wp-content\/uploads\/2018\/03\/Carefix-Compression-Bra-2_banner-1400x343.jpg 1400w, https:\/\/meditex.ee\/wp-content\/uploads\/2018\/03\/Carefix-Compression-Bra-2_banner-510x125.jpg 510w, https:\/\/meditex.ee\/wp-content\/uploads\/2018\/03\/Carefix-Compression-Bra-2_banner-800x196.jpg 800w, https:\/\/meditex.ee\/wp-content\/uploads\/2018\/03\/Carefix-Compression-Bra-2_banner-768x188.jpg 768w, https:\/\/meditex.ee\/wp-content\/uploads\/2018\/03\/Carefix-Compression-Bra-2_banner-600x147.jpg 600w, https:\/\/meditex.ee\/wp-content\/uploads\/2018\/03\/Carefix-Compression-Bra-2_banner.jpg 2000w\" sizes=\"(max-width: 1020px) 100vw, 1020px\" \/>\t\t\t\t\t\t\n\t\t\t\t\t<\/div>\n\t\t\t\t\t\t\t\t\n<style>\n#image_1728231731 {\n  width: 100%;\n}\n<\/style>\n\t<\/div>\n\t\n\n<div class=\"is-divider divider clearfix\" style=\"background-color:rgb(255, 255, 255);\"><\/div>\n\n<h3 style=\"text-align: left;\"><strong><span style=\"font-size: 110%; color: #000080;\">Apie palaikymo zon\u0173 svarb\u0105 pooperacin\u0117se liemen\u0117l\u0117se<\/span><\/strong><\/h3>\n<div class=\"is-divider divider clearfix\" style=\"height:1px;background-color:rgb(255, 255, 255);\"><\/div>\n\n<p style=\"text-align: left;\"><strong><span style=\"font-size: 105%;\">Yra \u017einoma, kad tikslin\u0117 kompresija, nukreipta \u012f \u017eaizd\u0105 ir pooperacin\u012f patinus\u012f odos audin\u012f, pagerina pooperacin\u012f gijimo proces\u0105, suma\u017eina infekcijos rizik\u0105 ir padeda suformuoti gra\u017eesn\u012f rand\u0105.<\/span><\/strong><\/p>\n<p style=\"text-align: left;\"><strong><span style=\"font-size: 105%;\">\u201eTytex\u201c pooperacin\u0117s liemen\u0117l\u0117s yra sukurtos taip, kad suteikt\u0173 reikiam\u0105 kompresij\u0105 ir palaikym\u0105 b\u016btent ten, kur to reikia. Tai pasiekiama vadinamosiomis tikslin\u0117mis kompresijos zonomis, \u012faustomis \u012f gaminius. <\/span><\/strong><\/p>\n<p style=\"text-align: left;\"><span style=\"color: #282828;\">\u0160ios zonos yra specialiai sukurtos kiekvienam gaminiui, atsi\u017evelgiant \u012f medicinines indikacijas. Suteikdamos tikslin\u0119 kompresij\u0105 ir palaikym\u0105, \u0161ios liemen\u0117l\u0117s po operacijos fiksuoja ir palaiko kr\u016btis. Be to, jos sukuria optimalias s\u0105lygas \u017eaizd\u0173 gijimui ir skausmo mal\u0161inimui, o tai savo ruo\u017etu padidina komfort\u0105 ir pagreitina atsigavim\u0105.  <\/span><\/p>\n<p style=\"text-align: left;\"><span style=\"color: #282828;\">Remdamiesi savo patirtimi ir medicinine patirtimi \u0161ioje srityje, mes tiksliai \u017einome, kada reikalinga kompresija ir palaikymas.<\/span><\/p>\n<p style=\"text-align: left;\"><span style=\"color: #282828;\">Be to, liemen\u0117li\u0173 \u0161onuose ir nugaroje esan\u010dios kompresijos ir palaikymo zonos skirtos palaikymui ir laikysenos gerinimui, suma\u017einant pooperacin\u012f kaklo, pe\u010di\u0173 ir nugaros skausm\u0105, neapribojant jud\u0117jimo.<\/span><\/p>\n<p style=\"text-align: left;\"><span style=\"color: #282828;\">\u0160i patirtis naudojama kiekvien\u0105 kart\u0105, kai kuriama nauja liemen\u0117l\u0117.<\/span><\/p>\n<p style=\"text-align: left;\"><span style=\"font-size: large; color: #282828;\"><b>\u201eCarefix\u201c liemen\u0117l\u0117s turi skirtingas mezgimo strukt\u016bras.<\/b><\/span><\/p>\n<p style=\"text-align: left;\"><span style=\"color: #282828;\">Kiekviena liemen\u0117l\u0117 turi savo visi\u0161kai unikalias mezgimo strukt\u016bras. Joms iliustruoti naudojamos skirtingos spalvos. Spalvos su skai\u010diais 1-6 nurodo audinio lankstum\u0105, t. y. megztos strukt\u016bros kompresijos ir palaikymo geb\u0117jim\u0105:  <\/span><\/p>\n<ul style=\"text-align: left;\">\n<li>\n<p><span style=\"color: #282828;\">Kuo ma\u017eesnis skai\u010dius, tuo ma\u017eesnis mezgimo strukt\u016bros lankstumas. D\u0117l to liemen\u0117l\u0117s kompresijos zonos yra tvirtos ir stabilios, kai to reikia. Trumpai tariant \u2013 tvirta mezgimo strukt\u016bra skirta kompresijai.  <\/span><\/p>\n<\/li>\n<li>\n<p><span style=\"color: #282828;\">Kuo didesnis skai\u010dius, tuo lankstesn\u0117 mezgimo strukt\u016bra, leid\u017eianti audiniui suteikti reikiam\u0105 palaikym\u0105 ir jud\u0117jimo laisv\u0119, t. y. laisvesn\u0117 mezgimo strukt\u016bra skirta palaikymui ir lankstumui.<\/span><\/p>\n<\/li>\n<\/ul>\n<p style=\"text-align: left;\"><span style=\"color: #282828;\">Tarp tvirt\u0173 ir laisv\u0173 mezgimo strukt\u016br\u0173 yra vadinamosios pereinamosios mezgimo strukt\u016bros. Jos yra svarbi kiekvienos liemen\u0117l\u0117s dalis, siekiant padidinti komfort\u0105 ir sukurti lyg\u0173 k\u016bno profil\u012f. <\/span><\/p>\n<p style=\"text-align: left;\"><span style=\"color: #282828;\">Mezgimo strukt\u016bros technologija ir j\u0105 apib\u016bdinan\u010dios iliustracijos vadinamos \u201eTytex Zonetch<\/span><span style=\"color: #333333;\"><span style=\"font-family: Liberation Serif, serif;\"><span style=\"font-size: medium;\">\u00ae\u201c.<\/span><\/span><\/span><\/p>\n<p style=\"text-align: left;\"><span style=\"color: #282828;\">Skirtingos palaikymo zonos taip pat vadinamos kompresijos ir palaikymo zonomis:<\/span><\/p>\n\t<div class=\"img has-hover x md-x lg-x y md-y lg-y\" id=\"image_1841608720\">\n\t\t\t\t\t\t\t\t<div class=\"img-inner dark\" >\n\t\t\t<img decoding=\"async\" width=\"1020\" height=\"328\" src=\"https:\/\/meditex.ee\/wp-content\/uploads\/2018\/03\/Compression-Support-Zones-Overview_est.png\" class=\"attachment-large size-large\" alt=\"\" srcset=\"https:\/\/meditex.ee\/wp-content\/uploads\/2018\/03\/Compression-Support-Zones-Overview_est.png 1247w, https:\/\/meditex.ee\/wp-content\/uploads\/2018\/03\/Compression-Support-Zones-Overview_est-510x164.png 510w, https:\/\/meditex.ee\/wp-content\/uploads\/2018\/03\/Compression-Support-Zones-Overview_est-800x257.png 800w, https:\/\/meditex.ee\/wp-content\/uploads\/2018\/03\/Compression-Support-Zones-Overview_est-768x247.png 768w, https:\/\/meditex.ee\/wp-content\/uploads\/2018\/03\/Compression-Support-Zones-Overview_est-600x193.png 600w\" sizes=\"(max-width: 1020px) 100vw, 1020px\" \/>\t\t\t\t\t\t\n\t\t\t\t\t<\/div>\n\t\t\t\t\t\t\t\t\n<style>\n#image_1841608720 {\n  width: 80%;\n}\n<\/style>\n\t<\/div>\n\t\n\n<p><span style=\"color: #282828;\">Reik\u0117t\u0173 atkreipti d\u0117mes\u012f, kad vienos liemen\u0117l\u0117s zonos spalva neb\u016btinai sutampa su tos pa\u010dios zonos spalva kitoje liemen\u0117l\u0117je, nes tos pa\u010dios spalvos zonos mezgimo strukt\u016bra gali skirtis skirtingose liemen\u0117l\u0117se.<\/span><\/p>\n<p><span style=\"color: #282828;\">Kiekviena liemen\u0117l\u0117 turi savo \u201eZoneTech<span style=\"font-family: Liberation Serif, serif;\"><span style=\"font-size: medium;\">\u00ae <\/span><\/span>br\u0117\u017ein\u012f ir apra\u0161ym\u0105. \u017demiau pateikiamas \u201eMary\u201c liemen\u0117l\u0117s br\u0117\u017einio pavyzdys. Pana\u0161i grafika yra prieinama kiekvienai liemen\u0117lei atskirai.  <\/span><\/p>\n\t<div class=\"img has-hover x md-x lg-x y md-y lg-y\" id=\"image_74989865\">\n\t\t\t\t\t\t\t\t<div class=\"img-inner dark\" >\n\t\t\t<img decoding=\"async\" width=\"599\" height=\"800\" src=\"https:\/\/meditex.ee\/wp-content\/uploads\/2018\/03\/Mary_crop_est-599x800.png\" class=\"attachment-large size-large\" alt=\"\" srcset=\"https:\/\/meditex.ee\/wp-content\/uploads\/2018\/03\/Mary_crop_est-599x800.png 599w, https:\/\/meditex.ee\/wp-content\/uploads\/2018\/03\/Mary_crop_est-510x682.png 510w, https:\/\/meditex.ee\/wp-content\/uploads\/2018\/03\/Mary_crop_est-299x400.png 299w, https:\/\/meditex.ee\/wp-content\/uploads\/2018\/03\/Mary_crop_est-600x802.png 600w, https:\/\/meditex.ee\/wp-content\/uploads\/2018\/03\/Mary_crop_est.png 734w\" sizes=\"(max-width: 599px) 100vw, 599px\" \/>\t\t\t\t\t\t\n\t\t\t\t\t<\/div>\n\t\t\t\t\t\t\t\t\n<style>\n#image_74989865 {\n  width: 80%;\n}\n<\/style>\n\t<\/div>\n\t\n\n<p style=\"text-align: left;\"><span style=\"font-size: 120%; color: #282828;\"><strong>I\u0161bandytas veikimas.<\/strong><\/span><\/p>\n<p style=\"text-align: left;\"><span style=\"color: #282828;\">Skirting\u0173 kompresijos ir palaikymo zon\u0173 mezgimo strukt\u016bra visada nustatoma pagal chirurg\u0173 ir slaugytoj\u0173 pageidavimus ir rekomendacijas, taip pat zonos vieta ir kiekvienos zonos dydis.<\/span><\/p>\n<p style=\"text-align: left;\"><span style=\"color: #282828;\">Visos \u201eCarefix\u201c liemen\u0117li\u0173 kompresijos ir palaikymo zonos yra i\u0161bandytos su pacient\u0117mis, kurios gali naudoti kiekvien\u0105 liemen\u0117l\u0119. Tai rei\u0161kia, kad kiekviena liemen\u0117l\u0117 yra i\u0161bandoma d\u0117l indikacij\u0173, medicininio veikimo ir d\u0117v\u0117jimo komforto. Apibendrinant, tai rei\u0161kia, kad mezgimo strukt\u016bra, visos kompresijos ir palaikymo zon\u0173 vietos ir j\u0173 dyd\u017eiai yra kruop\u0161\u010diai parenkami, atsi\u017evelgiant \u012f chirurg\u0173, slaugytoj\u0173 ir galutini\u0173 vartotoj\u0173 rekomendacijas ir pageidavimus.  <\/span><\/p>\n<div class=\"row\"  id=\"row-1196851146\">\n\n\n\t<div id=\"col-1734720079\" class=\"col small-12 large-12\"  >\n\t\t\t\t<div class=\"col-inner\"  >\n\t\t\t\n\t\t\t\n\n<div class=\"is-divider divider clearfix\" style=\"height:1px;background-color:rgba(255, 255, 255, 0);\"><\/div>\n\n<p style=\"padding-left: 30px;\"><span style=\"color: #ffffff;\">Kiekvieno liemen\u0117l\u0117s modelio skirting\u0173 zon\u0173 derinys yra pagr\u012fstas vartotoj\u0173 bandymais (vadinamasis bandym\u0173 ir klaid\u0173 metodas) ir glaud\u017eiu bendradarbiavimu su medicinos specialistais. I\u0161 anksto buvo i\u0161bandyta daug skirting\u0173 derini\u0173, kad \u012f rink\u0105 pateikiama liemen\u0117l\u0117 b\u016bt\u0173 tiksliai sureguliuotas ir auk\u0161\u010diausios klas\u0117s produktas, kuris yra tiek medicini\u0161kai veiksmingas, tiek patogus d\u0117v\u0117ti. <\/span><\/p>\n<div class=\"is-divider divider clearfix\" style=\"height:1px;background-color:rgba(255, 255, 255, 0);\"><\/div>\n\n\n\t\t<\/div>\n\t\t\t\t\t<\/div>\n\n\t\n\n\n<style>\n#row-1196851146 > .col > .col-inner {\n  background-color: rgb(34, 25, 97);\n}\n<\/style>\n<\/div>\n<p style=\"text-align: left;\"><span style=\"color: #282828;\">Puikus kompresijos ir palaikymo zon\u0173 derinys kartu su specialia paskirtimi ir medicinos specialist\u0173 bei vartotoj\u0173 rekomendacijomis daro kiekvien\u0105 liemen\u0117l\u0119 unikali\u0105.<\/span><\/p>\n<p style=\"text-align: left;\"><a href=\"https:\/\/tytex.com\/products\/post-surgery\/post-surgical-bras\/the-importance-of-compression-and-support-zones\"><span style=\"color: #000080;\">\u0160altinis.<\/span><\/a><\/p>\n<div class=\"social-icons share-icons share-row relative full-width text-right icon-style-fill\" ><a href=\"whatsapp:\/\/send?text=Palaikymo%20zonos - https:\/\/meditex.ee\/lt\/palaikymo-zonos\/\" data-action=\"share\/whatsapp\/share\" class=\"icon primary button circle tooltip whatsapp show-for-medium\" title=\"Share on WhatsApp\" aria-label=\"Share on WhatsApp\"><i class=\"icon-whatsapp\" aria-hidden=\"true\"><\/i><\/a><a href=\"https:\/\/www.facebook.com\/sharer.php?u=https:\/\/meditex.ee\/lt\/palaikymo-zonos\/\" data-label=\"Facebook\" onclick=\"window.open(this.href,this.title,'width=500,height=500,top=300px,left=300px'); return false;\" target=\"_blank\" class=\"icon primary button circle tooltip facebook\" title=\"Share on Facebook\" aria-label=\"Share on Facebook\" rel=\"noopener nofollow\"><i class=\"icon-facebook\" aria-hidden=\"true\"><\/i><\/a><a href=\"https:\/\/twitter.com\/share?url=https:\/\/meditex.ee\/lt\/palaikymo-zonos\/\" onclick=\"window.open(this.href,this.title,'width=500,height=500,top=300px,left=300px'); return false;\" target=\"_blank\" class=\"icon primary button circle tooltip twitter\" title=\"Share on Twitter\" aria-label=\"Share on Twitter\" rel=\"noopener nofollow\"><i class=\"icon-twitter\" aria-hidden=\"true\"><\/i><\/a><a href=\"mailto:?subject=Palaikymo%20zonos&body=Pa%C5%BEi%C5%ABr%C4%97kite%20tai%3A%20https%3A%2F%2Fmeditex.ee%2Flt%2Fpalaikymo-zonos%2F\" class=\"icon primary button circle tooltip email\" title=\"Email to a Friend\" aria-label=\"Email to a Friend\" rel=\"nofollow\"><i class=\"icon-envelop\" aria-hidden=\"true\"><\/i><\/a><a href=\"https:\/\/pinterest.com\/pin\/create\/button?url=https:\/\/meditex.ee\/lt\/palaikymo-zonos\/&media&description=Palaikymo%20zonos\" onclick=\"window.open(this.href,this.title,'width=500,height=500,top=300px,left=300px'); return false;\" target=\"_blank\" class=\"icon primary button circle tooltip pinterest\" title=\"Pin on Pinterest\" aria-label=\"Pin on Pinterest\" rel=\"noopener nofollow\"><i class=\"icon-pinterest\" aria-hidden=\"true\"><\/i><\/a><a href=\"https:\/\/www.linkedin.com\/shareArticle?mini=true&url=https:\/\/meditex.ee\/lt\/palaikymo-zonos\/&title=Palaikymo%20zonos\" onclick=\"window.open(this.href,this.title,'width=500,height=500,top=300px,left=300px'); return false;\" target=\"_blank\" class=\"icon primary button circle tooltip linkedin\" title=\"Share on LinkedIn\" aria-label=\"Share on LinkedIn\" rel=\"noopener nofollow\"><i class=\"icon-linkedin\" aria-hidden=\"true\"><\/i><\/a><\/div>\n","protected":false},"excerpt":{"rendered":"<p>Apie palaikymo zon\u0173 svarb\u0105 pooperacin\u0117se liemen\u0117l\u0117se Yra \u017einoma, kad tikslin\u0117 kompresija, nukreipta \u012f \u017eaizd\u0105 ir pooperacin\u012f patinus\u012f odos audin\u012f, pagerina pooperacin\u012f gijimo proces\u0105, suma\u017eina infekcijos rizik\u0105 ir padeda suformuoti gra\u017eesn\u012f rand\u0105. \u201eTytex\u201c pooperacin\u0117s liemen\u0117l\u0117s yra sukurtos taip, kad suteikt\u0173 reikiam\u0105 kompresij\u0105 ir palaikym\u0105 b\u016btent ten, kur to reikia. Tai pasiekiama vadinamosiomis tikslin\u0117mis kompresijos zonomis, \u012faustomis [&#8230;]\n","protected":false},"author":1,"featured_media":0,"parent":0,"menu_order":0,"comment_status":"closed","ping_status":"closed","template":"","meta":{"footnotes":""},"class_list":["post-19022","page","type-page","status-publish","hentry"],"yoast_head":"<!-- This site is optimized with the Yoast SEO plugin v27.3 - https:\/\/yoast.com\/product\/yoast-seo-wordpress\/ -->\n<title>Palaikymo zonos - Meditex<\/title>\n<meta name=\"robots\" content=\"index, follow, max-snippet:-1, max-image-preview:large, max-video-preview:-1\" \/>\n<link rel=\"canonical\" href=\"https:\/\/meditex.ee\/lt\/palaikymo-zonos\/\" \/>\n<meta property=\"og:locale\" content=\"lt_LT\" \/>\n<meta property=\"og:type\" content=\"article\" \/>\n<meta property=\"og:title\" content=\"Pooperacini\u0173 liemen\u0117li\u0173 palaikymo zonos ir j\u0173 svarba.\" \/>\n<meta property=\"og:description\" content=\"\u201eCarefix\u201c liemen\u0117l\u0117s yra sukurtos taip, kad suteikt\u0173 reikiam\u0105 kompresij\u0105 ir palaikym\u0105 b\u016btent ten, kur to reikia.\" \/>\n<meta property=\"og:url\" content=\"https:\/\/meditex.ee\/lt\/palaikymo-zonos\/\" \/>\n<meta property=\"og:site_name\" content=\"Meditex\" \/>\n<meta property=\"article:publisher\" content=\"https:\/\/www.facebook.com\/meditexepood\/\" \/>\n<meta property=\"article:modified_time\" content=\"2026-02-04T13:52:41+00:00\" \/>\n<meta property=\"og:image\" content=\"https:\/\/meditex.ee\/wp-content\/uploads\/2020\/08\/Carefix-Compression-Bra-2_banner.jpg\" \/>\n<meta name=\"twitter:card\" content=\"summary_large_image\" \/>\n<meta name=\"twitter:label1\" content=\"Est. reading time\" \/>\n\t<meta name=\"twitter:data1\" content=\"3 minut\u0117\" \/>\n<script type=\"application\/ld+json\" class=\"yoast-schema-graph\">{\"@context\":\"https:\\\/\\\/schema.org\",\"@graph\":[{\"@type\":\"WebPage\",\"@id\":\"https:\\\/\\\/meditex.ee\\\/lt\\\/palaikymo-zonos\\\/\",\"url\":\"https:\\\/\\\/meditex.ee\\\/lt\\\/palaikymo-zonos\\\/\",\"name\":\"Palaikymo zonos - Meditex\",\"isPartOf\":{\"@id\":\"https:\\\/\\\/meditex.ee\\\/en\\\/#website\"},\"datePublished\":\"2026-02-04T13:52:40+00:00\",\"dateModified\":\"2026-02-04T13:52:41+00:00\",\"breadcrumb\":{\"@id\":\"https:\\\/\\\/meditex.ee\\\/lt\\\/palaikymo-zonos\\\/#breadcrumb\"},\"inLanguage\":\"lt-LT\",\"potentialAction\":[{\"@type\":\"ReadAction\",\"target\":[\"https:\\\/\\\/meditex.ee\\\/lt\\\/palaikymo-zonos\\\/\"]}]},{\"@type\":\"BreadcrumbList\",\"@id\":\"https:\\\/\\\/meditex.ee\\\/lt\\\/palaikymo-zonos\\\/#breadcrumb\",\"itemListElement\":[{\"@type\":\"ListItem\",\"position\":1,\"name\":\"Home\",\"item\":\"https:\\\/\\\/meditex.ee\\\/lt\\\/\"},{\"@type\":\"ListItem\",\"position\":2,\"name\":\"Palaikymo zonos\"}]},{\"@type\":\"WebSite\",\"@id\":\"https:\\\/\\\/meditex.ee\\\/en\\\/#website\",\"url\":\"https:\\\/\\\/meditex.ee\\\/en\\\/\",\"name\":\"Meditex\",\"description\":\"\",\"publisher\":{\"@id\":\"https:\\\/\\\/meditex.ee\\\/en\\\/#organization\"},\"potentialAction\":[{\"@type\":\"SearchAction\",\"target\":{\"@type\":\"EntryPoint\",\"urlTemplate\":\"https:\\\/\\\/meditex.ee\\\/en\\\/?s={search_term_string}\"},\"query-input\":{\"@type\":\"PropertyValueSpecification\",\"valueRequired\":true,\"valueName\":\"search_term_string\"}}],\"inLanguage\":\"lt-LT\"},{\"@type\":\"Organization\",\"@id\":\"https:\\\/\\\/meditex.ee\\\/en\\\/#organization\",\"name\":\"Meditex\",\"url\":\"https:\\\/\\\/meditex.ee\\\/en\\\/\",\"logo\":{\"@type\":\"ImageObject\",\"inLanguage\":\"lt-LT\",\"@id\":\"https:\\\/\\\/meditex.ee\\\/en\\\/#\\\/schema\\\/logo\\\/image\\\/\",\"url\":\"https:\\\/\\\/meditex.ee\\\/wp-content\\\/uploads\\\/2018\\\/03\\\/mdtx_logo.png\",\"contentUrl\":\"https:\\\/\\\/meditex.ee\\\/wp-content\\\/uploads\\\/2018\\\/03\\\/mdtx_logo.png\",\"width\":669,\"height\":235,\"caption\":\"Meditex\"},\"image\":{\"@id\":\"https:\\\/\\\/meditex.ee\\\/en\\\/#\\\/schema\\\/logo\\\/image\\\/\"},\"sameAs\":[\"https:\\\/\\\/www.facebook.com\\\/meditexepood\\\/\"]}]}<\/script>\n<!-- \/ Yoast SEO plugin. -->","yoast_head_json":{"title":"Palaikymo zonos - Meditex","robots":{"index":"index","follow":"follow","max-snippet":"max-snippet:-1","max-image-preview":"max-image-preview:large","max-video-preview":"max-video-preview:-1"},"canonical":"https:\/\/meditex.ee\/lt\/palaikymo-zonos\/","og_locale":"lt_LT","og_type":"article","og_title":"Pooperacini\u0173 liemen\u0117li\u0173 palaikymo zonos ir j\u0173 svarba.","og_description":"\u201eCarefix\u201c liemen\u0117l\u0117s yra sukurtos taip, kad suteikt\u0173 reikiam\u0105 kompresij\u0105 ir palaikym\u0105 b\u016btent ten, kur to reikia.","og_url":"https:\/\/meditex.ee\/lt\/palaikymo-zonos\/","og_site_name":"Meditex","article_publisher":"https:\/\/www.facebook.com\/meditexepood\/","article_modified_time":"2026-02-04T13:52:41+00:00","og_image":[{"url":"https:\/\/meditex.ee\/wp-content\/uploads\/2020\/08\/Carefix-Compression-Bra-2_banner.jpg","type":"","width":"","height":""}],"twitter_card":"summary_large_image","twitter_misc":{"Est. reading time":"3 minut\u0117"},"schema":{"@context":"https:\/\/schema.org","@graph":[{"@type":"WebPage","@id":"https:\/\/meditex.ee\/lt\/palaikymo-zonos\/","url":"https:\/\/meditex.ee\/lt\/palaikymo-zonos\/","name":"Palaikymo zonos - Meditex","isPartOf":{"@id":"https:\/\/meditex.ee\/en\/#website"},"datePublished":"2026-02-04T13:52:40+00:00","dateModified":"2026-02-04T13:52:41+00:00","breadcrumb":{"@id":"https:\/\/meditex.ee\/lt\/palaikymo-zonos\/#breadcrumb"},"inLanguage":"lt-LT","potentialAction":[{"@type":"ReadAction","target":["https:\/\/meditex.ee\/lt\/palaikymo-zonos\/"]}]},{"@type":"BreadcrumbList","@id":"https:\/\/meditex.ee\/lt\/palaikymo-zonos\/#breadcrumb","itemListElement":[{"@type":"ListItem","position":1,"name":"Home","item":"https:\/\/meditex.ee\/lt\/"},{"@type":"ListItem","position":2,"name":"Palaikymo zonos"}]},{"@type":"WebSite","@id":"https:\/\/meditex.ee\/en\/#website","url":"https:\/\/meditex.ee\/en\/","name":"Meditex","description":"","publisher":{"@id":"https:\/\/meditex.ee\/en\/#organization"},"potentialAction":[{"@type":"SearchAction","target":{"@type":"EntryPoint","urlTemplate":"https:\/\/meditex.ee\/en\/?s={search_term_string}"},"query-input":{"@type":"PropertyValueSpecification","valueRequired":true,"valueName":"search_term_string"}}],"inLanguage":"lt-LT"},{"@type":"Organization","@id":"https:\/\/meditex.ee\/en\/#organization","name":"Meditex","url":"https:\/\/meditex.ee\/en\/","logo":{"@type":"ImageObject","inLanguage":"lt-LT","@id":"https:\/\/meditex.ee\/en\/#\/schema\/logo\/image\/","url":"https:\/\/meditex.ee\/wp-content\/uploads\/2018\/03\/mdtx_logo.png","contentUrl":"https:\/\/meditex.ee\/wp-content\/uploads\/2018\/03\/mdtx_logo.png","width":669,"height":235,"caption":"Meditex"},"image":{"@id":"https:\/\/meditex.ee\/en\/#\/schema\/logo\/image\/"},"sameAs":["https:\/\/www.facebook.com\/meditexepood\/"]}]}},"_links":{"self":[{"href":"https:\/\/meditex.ee\/lt\/wp-json\/wp\/v2\/pages\/19022","targetHints":{"allow":["GET"]}}],"collection":[{"href":"https:\/\/meditex.ee\/lt\/wp-json\/wp\/v2\/pages"}],"about":[{"href":"https:\/\/meditex.ee\/lt\/wp-json\/wp\/v2\/types\/page"}],"author":[{"embeddable":true,"href":"https:\/\/meditex.ee\/lt\/wp-json\/wp\/v2\/users\/1"}],"replies":[{"embeddable":true,"href":"https:\/\/meditex.ee\/lt\/wp-json\/wp\/v2\/comments?post=19022"}],"version-history":[{"count":2,"href":"https:\/\/meditex.ee\/lt\/wp-json\/wp\/v2\/pages\/19022\/revisions"}],"predecessor-version":[{"id":19028,"href":"https:\/\/meditex.ee\/lt\/wp-json\/wp\/v2\/pages\/19022\/revisions\/19028"}],"wp:attachment":[{"href":"https:\/\/meditex.ee\/lt\/wp-json\/wp\/v2\/media?parent=19022"}],"curies":[{"name":"wp","href":"https:\/\/api.w.org\/{rel}","templated":true}]}}