{"id":18963,"date":"2026-02-04T13:51:06","date_gmt":"2026-02-04T13:51:06","guid":{"rendered":"https:\/\/meditex.ee\/nordicare\/"},"modified":"2026-02-04T13:51:07","modified_gmt":"2026-02-04T13:51:07","slug":"nordicare","status":"publish","type":"page","link":"https:\/\/meditex.ee\/lt\/nordicare\/","title":{"rendered":"NordiCare"},"content":{"rendered":"\n\t<div id=\"gap-1150401458\" class=\"gap-element clearfix\" style=\"display:block; height:auto;\">\n\t\t\n<style>\n#gap-1150401458 {\n  padding-top: 30px;\n}\n<\/style>\n\t<\/div>\n\t\n\n<div class=\"row\"  id=\"row-220805385\">\n\n\n\t<div id=\"col-1268373334\" class=\"col medium-6 small-12 large-6\"  >\n\t\t\t\t<div class=\"col-inner\"  >\n\t\t\t\n\t\t\t\n\n<p><img decoding=\"async\" class=\"alignnone wp-image-9962\" src=\"https:\/\/meditex.ee\/wp-content\/uploads\/2020\/03\/nordicare_logo.png\" alt=\"\" width=\"193\" height=\"61\"\/><\/p>\n<p class=\"Standard\" style=\"text-align: left;\"><span style=\"font-size: 11pt; color: #000000;\">\u201eNordiCare\u201c yra pirmaujanti \u0160vedijos medicinos technologij\u0173 produkt\u0173 \u012fmon\u0117, turinti sveikatos prie\u017ei\u016bros ir reabilitacijos klient\u0173 visose \u0160iaur\u0117s \u0161alyse. Kuriame ir platiname kruop\u0161\u010diai atrinktus produktus bei sprendimus. M\u016bs\u0173 vizija \u2013 kurti produktus ir sprendimus, kurie suteikt\u0173 klientams prid\u0117tin\u0117s vert\u0117s.  <\/span><\/p>\n<p class=\"Standard\" style=\"text-align: left;\"><strong><span style=\"font-size: 11pt; color: #000000;\">Patobulinta sveikatos prie\u017ei\u016bros ekonomika<\/span><\/strong><\/p>\n<p class=\"Standard\" style=\"text-align: left;\"><span style=\"font-size: 11pt; color: #000000;\">\u0160iandien sveikatos prie\u017ei\u016bra susiduria su did\u0117jan\u010diu i\u0161\u0161\u016bkiu \u2013 reikia rasti ekonomi\u0161kai efektyvi\u0173 sprendim\u0173 geresnei ir laik\u0105 taupan\u010diai prie\u017ei\u016brai bei reabilitacijai. \u0160i\u0173 i\u0161\u0161\u016bki\u0173 sprendim\u0173 k\u016brimas yra viena stipriausi\u0173 \u201eNordiCare\u201c varom\u0173j\u0173 j\u0117g\u0173. <\/span><\/p>\n\n\t\t<\/div>\n\t\t\t\t\t<\/div>\n\n\t\n\n\t<div id=\"col-1433902019\" class=\"col medium-6 small-12 large-6\"  >\n\t\t\t\t<div class=\"col-inner\"  >\n\t\t\t\n\t\t\t\n\n\t<div class=\"img has-hover x md-x lg-x y md-y lg-y\" id=\"image_1832573388\">\n\t\t\t\t\t\t\t\t<div class=\"img-inner dark\" >\n\t\t\t<img fetchpriority=\"high\" decoding=\"async\" width=\"494\" height=\"386\" src=\"https:\/\/meditex.ee\/wp-content\/uploads\/2020\/03\/nordicare.jpg\" class=\"attachment-large size-large\" alt=\"\" \/>\t\t\t\t\t\t\n\t\t\t\t\t<\/div>\n\t\t\t\t\t\t\t\t\n<style>\n#image_1832573388 {\n  width: 100%;\n}\n<\/style>\n\t<\/div>\n\t\n\n\n\t\t<\/div>\n\t\t\t\t\t<\/div>\n\n\t\n\n<\/div>\n<div class=\"row\"  id=\"row-1805846461\">\n\n\n\t<div id=\"col-13113977\" class=\"col medium-5 small-12 large-5\"  >\n\t\t\t\t<div class=\"col-inner\"  >\n\t\t\t\n\t\t\t\n\n\t<div class=\"img has-hover x md-x lg-x y md-y lg-y\" id=\"image_478527813\">\n\t\t\t\t\t\t\t\t<div class=\"img-inner dark\" >\n\t\t\t<img decoding=\"async\" width=\"494\" height=\"303\" src=\"https:\/\/meditex.ee\/wp-content\/uploads\/2020\/03\/tooted.png\" class=\"attachment-large size-large\" alt=\"\" \/>\t\t\t\t\t\t\n\t\t\t\t\t<\/div>\n\t\t\t\t\t\t\t\t\n<style>\n#image_478527813 {\n  width: 80%;\n}\n<\/style>\n\t<\/div>\n\t\n\n\n\t\t<\/div>\n\t\t\t\t\t<\/div>\n\n\t\n\n\t<div id=\"col-1273981145\" class=\"col medium-7 small-12 large-7\"  >\n\t\t\t\t<div class=\"col-inner\"  >\n\t\t\t\n\t\t\t\n\n<p class=\"Standard\" style=\"text-align: left;\"><strong><span style=\"font-size: 11pt; color: #000000;\">\u012e \u017emog\u0173 orientuotas dizainas<\/span><\/strong><\/p>\n<p class=\"Standard\" style=\"text-align: left;\"><span style=\"font-size: 11pt; color: #000000;\">\u201eNordiCare\u201c produkt\u0173 k\u016brimo pagrindas yra funkcionalumas ir patogumas vartotojui \u2013 m\u016bs\u0173 tikslas yra kurti funkcionalius, patrauklaus dizaino produktus, kurie palengvint\u0173 kasdien\u012f gyvenim\u0105 tiek vartotojams, tiek medicinos personalui. Tai vadiname \u012f \u017emog\u0173 orientuotu dizainu. <\/span><\/p>\n\n\t\t<\/div>\n\t\t\t\t\t<\/div>\n\n\t\n\n<\/div>\n<p class=\"Standard\" style=\"text-align: left;\"><strong><span style=\"font-size: 11pt; color: #000000;\">Kruop\u0161\u010diai atrinkta<\/span><\/strong><\/p>\n<p class=\"Standard\" style=\"text-align: left;\"><span style=\"font-size: 11pt; color: #000000;\">\u201eNordiCare\u201c produkt\u0173 asortimentas sukurtas atsi\u017evelgiant \u012f klient\u0173 poreikius. Siekdami pasi\u016blyti geriausius sprendimus ir auk\u0161\u010diausi\u0105 kokyb\u0119, bendradarbiaujame su pasirinktais tarptautiniais pirmaujan\u010diais med\u017eiag\u0173 gamintojais ir gamintojais. Asortimentas nuolat tobulinamas, o partneri\u0173 pasirinkimas yra ne ma\u017eiau svarbus nei m\u016bs\u0173 pa\u010di\u0173 projektavimo ir pl\u0117tros darbai. Klientai, rinkdamiesi \u201eNordiCare\u201c produktus, visada tur\u0117t\u0173 jaustis u\u017etikrinti d\u0117l kokyb\u0117s, funkcijos ir poveikio aplinkai. Tai vadiname kruop\u0161\u010diai atrinktu.    <\/span><\/p>\n<div class=\"row\"  id=\"row-1360700738\">\n\n\n\t<div id=\"col-511460694\" class=\"col medium-6 small-12 large-6\"  >\n\t\t\t\t<div class=\"col-inner\"  >\n\t\t\t\n\t\t\t\n\n<p class=\"Standard\" style=\"text-align: left;\"><strong><span style=\"font-size: 11pt; color: #000000;\">Istorija ir klientai<\/span><\/strong><\/p>\n<p class=\"Standard\" style=\"text-align: left;\"><span style=\"font-size: 11pt; color: #000000;\">\u201eNordiCare\u201c buvo \u012fkurta 2004 m. ir yra 100 % dizaino ir inovacij\u0173 \u012fmon\u0117s \u201eCarlia Consulting AB\u201c dukterin\u0117 \u012fmon\u0117. \u012emonei vadovauja generalin\u0117 direktor\u0117 Helena Peters, kuri taip pat dalyvavo \u012fkuriant \u201eCarlia Consulting AB\u201c 1994 m. \u0160iuo metu \u201eNordiCare\u201c turi \u0161iek tiek daugiau nei 2000 klient\u0173, \u012fskaitant vie\u0161\u0105sias universitetines ligonines ir priva\u010dius sveikatos prie\u017ei\u016bros paslaug\u0173 teik\u0117jus visose \u0160iaur\u0117s \u0161alyse.    <\/span><\/p>\n\n\t\t<\/div>\n\t\t\t\t\t<\/div>\n\n\t\n\n\t<div id=\"col-1939604267\" class=\"col medium-6 small-12 large-6\"  >\n\t\t\t\t<div class=\"col-inner\"  >\n\t\t\t\n\t\t\t\n\n\t<div class=\"img has-hover x md-x lg-x y md-y lg-y\" id=\"image_1762325709\">\n\t\t\t\t\t\t\t\t<div class=\"img-inner dark\" >\n\t\t\t<img loading=\"lazy\" decoding=\"async\" width=\"1020\" height=\"377\" src=\"https:\/\/meditex.ee\/wp-content\/uploads\/2020\/03\/unnamed-1400x518.jpg\" class=\"attachment-large size-large\" alt=\"\" srcset=\"https:\/\/meditex.ee\/wp-content\/uploads\/2020\/03\/unnamed-1400x518.jpg 1400w, https:\/\/meditex.ee\/wp-content\/uploads\/2020\/03\/unnamed-510x189.jpg 510w, https:\/\/meditex.ee\/wp-content\/uploads\/2020\/03\/unnamed-800x296.jpg 800w, https:\/\/meditex.ee\/wp-content\/uploads\/2020\/03\/unnamed-768x284.jpg 768w, https:\/\/meditex.ee\/wp-content\/uploads\/2020\/03\/unnamed-600x222.jpg 600w, https:\/\/meditex.ee\/wp-content\/uploads\/2020\/03\/unnamed.jpg 1500w\" sizes=\"(max-width: 1020px) 100vw, 1020px\" \/>\t\t\t\t\t\t\n\t\t\t\t\t<\/div>\n\t\t\t\t\t\t\t\t\n<style>\n#image_1762325709 {\n  width: 100%;\n}\n<\/style>\n\t<\/div>\n\t\n\n\n\t\t<\/div>\n\t\t\t\t\t<\/div>\n\n\t\n\n<\/div>\n<p class=\"Standard\" style=\"text-align: left;\"><strong><span style=\"font-size: 11pt; color: #000000;\">\u0160vedijos \u201eMedtech\u201c nar\u0117<\/span><\/strong><\/p>\n<p class=\"Standard\" style=\"text-align: left;\"><span style=\"font-size: 11pt; color: #000000;\">\u201eNordiCare\u201c yra \u0160vedijos \u201eMedtech\u201c nar\u0117 nuo 2015 m. \u0160vedijos \u201eMedtech\u201c yra medicinos technologij\u0173 pramon\u0117s organizacija. \u0160iuo metu ji turi apie 170 \u012fmoni\u0173 nari\u0173, kurios sudaro beveik 90 procent\u0173 \u0160vedijos medicinos technologij\u0173 rinkos.   <\/span><\/p>\n<p><img loading=\"lazy\" decoding=\"async\" class=\" wp-image-10096 alignright\" src=\"https:\/\/meditex.ee\/wp-content\/uploads\/2020\/03\/swedish_medtech_logo.png\" alt=\"\" width=\"152\" height=\"74\"\/><\/p>\n","protected":false},"excerpt":{"rendered":"<p>Kruop\u0161\u010diai atrinkta \u201eNordiCare\u201c produkt\u0173 asortimentas sukurtas atsi\u017evelgiant \u012f klient\u0173 poreikius. Siekdami pasi\u016blyti geriausius sprendimus ir auk\u0161\u010diausi\u0105 kokyb\u0119, bendradarbiaujame su pasirinktais tarptautiniais pirmaujan\u010diais med\u017eiag\u0173 gamintojais ir gamintojais. Asortimentas nuolat tobulinamas, o partneri\u0173 pasirinkimas yra ne ma\u017eiau svarbus nei m\u016bs\u0173 pa\u010di\u0173 projektavimo ir pl\u0117tros darbai. Klientai, rinkdamiesi \u201eNordiCare\u201c produktus, visada tur\u0117t\u0173 jaustis u\u017etikrinti d\u0117l kokyb\u0117s, funkcijos ir [&#8230;]\n","protected":false},"author":1,"featured_media":0,"parent":0,"menu_order":0,"comment_status":"closed","ping_status":"closed","template":"","meta":{"footnotes":""},"class_list":["post-18963","page","type-page","status-publish","hentry"],"yoast_head":"<!-- This site is optimized with the Yoast SEO plugin v27.4 - https:\/\/yoast.com\/product\/yoast-seo-wordpress\/ -->\n<title>NordiCare - Meditex<\/title>\n<meta name=\"robots\" content=\"index, follow, max-snippet:-1, max-image-preview:large, max-video-preview:-1\" \/>\n<link rel=\"canonical\" href=\"https:\/\/meditex.ee\/lt\/nordicare\/\" \/>\n<meta property=\"og:locale\" content=\"lt_LT\" \/>\n<meta property=\"og:type\" content=\"article\" \/>\n<meta property=\"og:title\" content=\"NordiCare - Meditex\" \/>\n<meta property=\"og:description\" content=\"Kruop\u0161\u010diai atrinkta \u201eNordiCare\u201c produkt\u0173 asortimentas sukurtas atsi\u017evelgiant \u012f klient\u0173 poreikius. Siekdami pasi\u016blyti geriausius sprendimus ir auk\u0161\u010diausi\u0105 kokyb\u0119, bendradarbiaujame su pasirinktais tarptautiniais pirmaujan\u010diais med\u017eiag\u0173 gamintojais ir gamintojais. Asortimentas nuolat tobulinamas, o partneri\u0173 pasirinkimas yra ne ma\u017eiau svarbus nei m\u016bs\u0173 pa\u010di\u0173 projektavimo ir pl\u0117tros darbai. Klientai, rinkdamiesi \u201eNordiCare\u201c produktus, visada tur\u0117t\u0173 jaustis u\u017etikrinti d\u0117l kokyb\u0117s, funkcijos ir [...]\" \/>\n<meta property=\"og:url\" content=\"https:\/\/meditex.ee\/lt\/nordicare\/\" \/>\n<meta property=\"og:site_name\" content=\"Meditex\" \/>\n<meta property=\"article:publisher\" content=\"https:\/\/www.facebook.com\/meditexepood\/\" \/>\n<meta property=\"article:modified_time\" content=\"2026-02-04T13:51:07+00:00\" \/>\n<meta property=\"og:image\" content=\"https:\/\/meditex.ee\/wp-content\/uploads\/2020\/03\/nordicare_logo.png\" \/>\n\t<meta property=\"og:image:width\" content=\"488\" \/>\n\t<meta property=\"og:image:height\" content=\"154\" \/>\n\t<meta property=\"og:image:type\" content=\"image\/png\" \/>\n<meta name=\"twitter:card\" content=\"summary_large_image\" \/>\n<meta name=\"twitter:label1\" content=\"Est. reading time\" \/>\n\t<meta name=\"twitter:data1\" content=\"2 minut\u0117\" \/>\n<script type=\"application\/ld+json\" class=\"yoast-schema-graph\">{\"@context\":\"https:\\\/\\\/schema.org\",\"@graph\":[{\"@type\":\"WebPage\",\"@id\":\"https:\\\/\\\/meditex.ee\\\/lt\\\/nordicare\\\/\",\"url\":\"https:\\\/\\\/meditex.ee\\\/lt\\\/nordicare\\\/\",\"name\":\"NordiCare - Meditex\",\"isPartOf\":{\"@id\":\"https:\\\/\\\/meditex.ee\\\/en\\\/#website\"},\"primaryImageOfPage\":{\"@id\":\"https:\\\/\\\/meditex.ee\\\/lt\\\/nordicare\\\/#primaryimage\"},\"image\":{\"@id\":\"https:\\\/\\\/meditex.ee\\\/lt\\\/nordicare\\\/#primaryimage\"},\"thumbnailUrl\":\"https:\\\/\\\/meditex.ee\\\/wp-content\\\/uploads\\\/2020\\\/03\\\/nordicare_logo.png\",\"datePublished\":\"2026-02-04T13:51:06+00:00\",\"dateModified\":\"2026-02-04T13:51:07+00:00\",\"breadcrumb\":{\"@id\":\"https:\\\/\\\/meditex.ee\\\/lt\\\/nordicare\\\/#breadcrumb\"},\"inLanguage\":\"lt-LT\",\"potentialAction\":[{\"@type\":\"ReadAction\",\"target\":[\"https:\\\/\\\/meditex.ee\\\/lt\\\/nordicare\\\/\"]}]},{\"@type\":\"ImageObject\",\"inLanguage\":\"lt-LT\",\"@id\":\"https:\\\/\\\/meditex.ee\\\/lt\\\/nordicare\\\/#primaryimage\",\"url\":\"https:\\\/\\\/meditex.ee\\\/wp-content\\\/uploads\\\/2020\\\/03\\\/nordicare_logo.png\",\"contentUrl\":\"https:\\\/\\\/meditex.ee\\\/wp-content\\\/uploads\\\/2020\\\/03\\\/nordicare_logo.png\"},{\"@type\":\"BreadcrumbList\",\"@id\":\"https:\\\/\\\/meditex.ee\\\/lt\\\/nordicare\\\/#breadcrumb\",\"itemListElement\":[{\"@type\":\"ListItem\",\"position\":1,\"name\":\"Home\",\"item\":\"https:\\\/\\\/meditex.ee\\\/lt\\\/\"},{\"@type\":\"ListItem\",\"position\":2,\"name\":\"NordiCare\"}]},{\"@type\":\"WebSite\",\"@id\":\"https:\\\/\\\/meditex.ee\\\/en\\\/#website\",\"url\":\"https:\\\/\\\/meditex.ee\\\/en\\\/\",\"name\":\"Meditex\",\"description\":\"\",\"publisher\":{\"@id\":\"https:\\\/\\\/meditex.ee\\\/en\\\/#organization\"},\"potentialAction\":[{\"@type\":\"SearchAction\",\"target\":{\"@type\":\"EntryPoint\",\"urlTemplate\":\"https:\\\/\\\/meditex.ee\\\/en\\\/?s={search_term_string}\"},\"query-input\":{\"@type\":\"PropertyValueSpecification\",\"valueRequired\":true,\"valueName\":\"search_term_string\"}}],\"inLanguage\":\"lt-LT\"},{\"@type\":\"Organization\",\"@id\":\"https:\\\/\\\/meditex.ee\\\/en\\\/#organization\",\"name\":\"Meditex\",\"url\":\"https:\\\/\\\/meditex.ee\\\/en\\\/\",\"logo\":{\"@type\":\"ImageObject\",\"inLanguage\":\"lt-LT\",\"@id\":\"https:\\\/\\\/meditex.ee\\\/en\\\/#\\\/schema\\\/logo\\\/image\\\/\",\"url\":\"https:\\\/\\\/meditex.ee\\\/wp-content\\\/uploads\\\/2018\\\/03\\\/mdtx_logo.png\",\"contentUrl\":\"https:\\\/\\\/meditex.ee\\\/wp-content\\\/uploads\\\/2018\\\/03\\\/mdtx_logo.png\",\"width\":669,\"height\":235,\"caption\":\"Meditex\"},\"image\":{\"@id\":\"https:\\\/\\\/meditex.ee\\\/en\\\/#\\\/schema\\\/logo\\\/image\\\/\"},\"sameAs\":[\"https:\\\/\\\/www.facebook.com\\\/meditexepood\\\/\"]}]}<\/script>\n<!-- \/ Yoast SEO plugin. -->","yoast_head_json":{"title":"NordiCare - Meditex","robots":{"index":"index","follow":"follow","max-snippet":"max-snippet:-1","max-image-preview":"max-image-preview:large","max-video-preview":"max-video-preview:-1"},"canonical":"https:\/\/meditex.ee\/lt\/nordicare\/","og_locale":"lt_LT","og_type":"article","og_title":"NordiCare - Meditex","og_description":"Kruop\u0161\u010diai atrinkta \u201eNordiCare\u201c produkt\u0173 asortimentas sukurtas atsi\u017evelgiant \u012f klient\u0173 poreikius. Siekdami pasi\u016blyti geriausius sprendimus ir auk\u0161\u010diausi\u0105 kokyb\u0119, bendradarbiaujame su pasirinktais tarptautiniais pirmaujan\u010diais med\u017eiag\u0173 gamintojais ir gamintojais. Asortimentas nuolat tobulinamas, o partneri\u0173 pasirinkimas yra ne ma\u017eiau svarbus nei m\u016bs\u0173 pa\u010di\u0173 projektavimo ir pl\u0117tros darbai. Klientai, rinkdamiesi \u201eNordiCare\u201c produktus, visada tur\u0117t\u0173 jaustis u\u017etikrinti d\u0117l kokyb\u0117s, funkcijos ir [...]","og_url":"https:\/\/meditex.ee\/lt\/nordicare\/","og_site_name":"Meditex","article_publisher":"https:\/\/www.facebook.com\/meditexepood\/","article_modified_time":"2026-02-04T13:51:07+00:00","og_image":[{"width":488,"height":154,"url":"https:\/\/meditex.ee\/wp-content\/uploads\/2020\/03\/nordicare_logo.png","type":"image\/png"}],"twitter_card":"summary_large_image","twitter_misc":{"Est. reading time":"2 minut\u0117"},"schema":{"@context":"https:\/\/schema.org","@graph":[{"@type":"WebPage","@id":"https:\/\/meditex.ee\/lt\/nordicare\/","url":"https:\/\/meditex.ee\/lt\/nordicare\/","name":"NordiCare - Meditex","isPartOf":{"@id":"https:\/\/meditex.ee\/en\/#website"},"primaryImageOfPage":{"@id":"https:\/\/meditex.ee\/lt\/nordicare\/#primaryimage"},"image":{"@id":"https:\/\/meditex.ee\/lt\/nordicare\/#primaryimage"},"thumbnailUrl":"https:\/\/meditex.ee\/wp-content\/uploads\/2020\/03\/nordicare_logo.png","datePublished":"2026-02-04T13:51:06+00:00","dateModified":"2026-02-04T13:51:07+00:00","breadcrumb":{"@id":"https:\/\/meditex.ee\/lt\/nordicare\/#breadcrumb"},"inLanguage":"lt-LT","potentialAction":[{"@type":"ReadAction","target":["https:\/\/meditex.ee\/lt\/nordicare\/"]}]},{"@type":"ImageObject","inLanguage":"lt-LT","@id":"https:\/\/meditex.ee\/lt\/nordicare\/#primaryimage","url":"https:\/\/meditex.ee\/wp-content\/uploads\/2020\/03\/nordicare_logo.png","contentUrl":"https:\/\/meditex.ee\/wp-content\/uploads\/2020\/03\/nordicare_logo.png"},{"@type":"BreadcrumbList","@id":"https:\/\/meditex.ee\/lt\/nordicare\/#breadcrumb","itemListElement":[{"@type":"ListItem","position":1,"name":"Home","item":"https:\/\/meditex.ee\/lt\/"},{"@type":"ListItem","position":2,"name":"NordiCare"}]},{"@type":"WebSite","@id":"https:\/\/meditex.ee\/en\/#website","url":"https:\/\/meditex.ee\/en\/","name":"Meditex","description":"","publisher":{"@id":"https:\/\/meditex.ee\/en\/#organization"},"potentialAction":[{"@type":"SearchAction","target":{"@type":"EntryPoint","urlTemplate":"https:\/\/meditex.ee\/en\/?s={search_term_string}"},"query-input":{"@type":"PropertyValueSpecification","valueRequired":true,"valueName":"search_term_string"}}],"inLanguage":"lt-LT"},{"@type":"Organization","@id":"https:\/\/meditex.ee\/en\/#organization","name":"Meditex","url":"https:\/\/meditex.ee\/en\/","logo":{"@type":"ImageObject","inLanguage":"lt-LT","@id":"https:\/\/meditex.ee\/en\/#\/schema\/logo\/image\/","url":"https:\/\/meditex.ee\/wp-content\/uploads\/2018\/03\/mdtx_logo.png","contentUrl":"https:\/\/meditex.ee\/wp-content\/uploads\/2018\/03\/mdtx_logo.png","width":669,"height":235,"caption":"Meditex"},"image":{"@id":"https:\/\/meditex.ee\/en\/#\/schema\/logo\/image\/"},"sameAs":["https:\/\/www.facebook.com\/meditexepood\/"]}]}},"_links":{"self":[{"href":"https:\/\/meditex.ee\/lt\/wp-json\/wp\/v2\/pages\/18963","targetHints":{"allow":["GET"]}}],"collection":[{"href":"https:\/\/meditex.ee\/lt\/wp-json\/wp\/v2\/pages"}],"about":[{"href":"https:\/\/meditex.ee\/lt\/wp-json\/wp\/v2\/types\/page"}],"author":[{"embeddable":true,"href":"https:\/\/meditex.ee\/lt\/wp-json\/wp\/v2\/users\/1"}],"replies":[{"embeddable":true,"href":"https:\/\/meditex.ee\/lt\/wp-json\/wp\/v2\/comments?post=18963"}],"version-history":[{"count":2,"href":"https:\/\/meditex.ee\/lt\/wp-json\/wp\/v2\/pages\/18963\/revisions"}],"predecessor-version":[{"id":18968,"href":"https:\/\/meditex.ee\/lt\/wp-json\/wp\/v2\/pages\/18963\/revisions\/18968"}],"wp:attachment":[{"href":"https:\/\/meditex.ee\/lt\/wp-json\/wp\/v2\/media?parent=18963"}],"curies":[{"name":"wp","href":"https:\/\/api.w.org\/{rel}","templated":true}]}}