{"id":7180,"date":"2018-03-25T12:31:23","date_gmt":"2019-11-04T07:57:30","guid":{"rendered":"https:\/\/meditex.ee\/?post_type=product&#038;p=7180"},"modified":"2026-02-04T14:03:28","modified_gmt":"2026-02-04T14:03:28","slug":"avain","status":"publish","type":"product","link":"https:\/\/meditex.ee\/fi\/tuote\/avain\/","title":{"rendered":"Carefix Ava"},"content":{"rendered":"<div class=\"row align-bottom\"  id=\"row-1666745164\">\n\n\t<div id=\"col-1687325736\" class=\"col medium-4 small-12 large-4\"  >\n\t\t\t\t<div class=\"col-inner text-left\"  >\n\t\t\t\n\t\t\t\n<h3>PURISTUSTASO 2 &#8211; VAHVA<\/h3>\n\t\t<\/div>\n\t\t\t\t\t<\/div>\n\n\t\n\n\t<div id=\"col-1185050208\" class=\"col medium-4 small-12 large-4\"  >\n\t\t\t\t<div class=\"col-inner\"  >\n\t\t\t\n\t\t\t\n\t\t<\/div>\n\t\t\t\t\t<\/div>\n\n\t\n\n\t<div id=\"col-1301435254\" class=\"col medium-4 small-12 large-4\"  >\n\t\t\t\t<div class=\"col-inner text-right\"  >\n\t\t\t\n\t\t\t\n\t<div class=\"img has-hover x md-x lg-x y md-y lg-y\" id=\"image_1455428711\">\n\t\t\t\t\t\t\t\t<div class=\"img-inner dark\" >\n\t\t\t<img fetchpriority=\"high\" decoding=\"async\" width=\"1020\" height=\"315\" src=\"https:\/\/meditex.ee\/wp-content\/uploads\/2018\/03\/CAREFIX_PAYOFF_4F-1400x433.png\" class=\"attachment-large size-large\" alt=\"\" srcset=\"https:\/\/meditex.ee\/wp-content\/uploads\/2018\/03\/CAREFIX_PAYOFF_4F-1400x433.png 1400w, https:\/\/meditex.ee\/wp-content\/uploads\/2018\/03\/CAREFIX_PAYOFF_4F-510x158.png 510w, https:\/\/meditex.ee\/wp-content\/uploads\/2018\/03\/CAREFIX_PAYOFF_4F-800x248.png 800w, https:\/\/meditex.ee\/wp-content\/uploads\/2018\/03\/CAREFIX_PAYOFF_4F-768x238.png 768w, https:\/\/meditex.ee\/wp-content\/uploads\/2018\/03\/CAREFIX_PAYOFF_4F-600x186.png 600w, https:\/\/meditex.ee\/wp-content\/uploads\/2018\/03\/CAREFIX_PAYOFF_4F.png 2038w\" sizes=\"(max-width: 1020px) 100vw, 1020px\" \/>\t\t\t\t\t\t\n\t\t\t\t\t<\/div>\n\t\t\t\t\t\t\t\t\n<style>\n#image_1455428711 {\n  width: 50%;\n}\n<\/style>\n\t<\/div>\n\t\n\t\t<\/div>\n\t\t\t\t\t<\/div>\n\n\t\n<\/div>\n<h2 data-fontsize=\"16\" data-lineheight=\"19\">Carefix Ava &#8211; leikkauksen j\u00e4lkeiset rintaliivit, joissa on integroitu rintakeh\u00e4efekti.<\/h2>\n<p style=\"text-align: left;\" data-fontsize=\"16\" data-lineheight=\"19\"><span style=\"color: #000000;\"><strong>KUVAUS:<\/strong> Ava on leikkauksen j\u00e4lkeinen rintaliivi, jossa on integroitu rintakeh\u00e4vaikutus ja joka on tarkoitettu k\u00e4ytett\u00e4v\u00e4ksi rintojen suurennuksen j\u00e4lkeen. Sopii k\u00e4ytett\u00e4v\u00e4ksi my\u00f6s rintojen pienennyksen, rintojen kohotuksen tai rintojen rekonstruktion j\u00e4lkeen. Aukko takaa parhaan leikkauksen j\u00e4lkeisen tuloksen tinkim\u00e4tt\u00e4 k\u00e4yt\u00f6n helppoudesta.<\/span><\/p>\n<p style=\"text-align: left;\" data-fontsize=\"16\" data-lineheight=\"19\"><span style=\"color: #000000;\">Ava-rintaliivit tukevat, muotoilevat ja muotoilevat rintoja, mik\u00e4 takaa parhaat leikkaustulokset ja tyylikk\u00e4\u00e4n muotoiset rinnat.<\/span><\/p>\n<p style=\"text-align: left;\" data-fontsize=\"16\" data-lineheight=\"19\"><span style=\"color: #000000;\">Materiaalin 4-suuntainen venyvyys mukautuu aina rinnan ja vartalon \u00e4\u00e4riviivoihin. T\u00e4ll\u00e4 tavoin Ava-liivit edist\u00e4v\u00e4t paranemisprosessia.<\/span><\/p>\n<p style=\"text-align: left;\" data-fontsize=\"16\" data-lineheight=\"19\"><span style=\"color: #000000;\">Rintatuki on t\u00e4ysin avattavissa edest\u00e4 soljen avulla ja sen pohja koukkujen ja olkahihnojen avulla, joissa on taottu kiinnitys, mik\u00e4 takaa helpon sovellettavuuden sek\u00e4 terveydenhuollon ammattilaisille ett\u00e4 tavallisille k\u00e4ytt\u00e4jille. Haavan seuranta on helppoa, ja edest\u00e4 avautuva muotoilu takaa helpon haavan seurannan.<\/span><\/p>\n<p style=\"text-align: left;\" data-fontsize=\"16\" data-lineheight=\"19\"><span style=\"color: #000000;\">Erityisesti suunniteltujen kompressiovy\u00f6hykkeiden ansiosta Ava-liivit takaavat optimaalisen tasapainon kompression ja mukavuuden v\u00e4lill\u00e4.<\/span><\/p>\n<p style=\"text-align: left;\" data-fontsize=\"16\" data-lineheight=\"19\"><span style=\"color: #000000;\"><strong>KANGASMATERIAALI:<\/strong> 78 % polyamidi, 13 % elastaani, 9 % polyesteri.<\/span><\/p>\n<a href=\"https:\/\/meditex.ee\/fi\/mittaaminen\/\" class=\"button primary is-underline expand\" >\n\t\t<span>OIKEAN KOON VALITSEMINEN<\/span>\n\t<\/a>\n\n\t<div class=\"box has-hover   has-hover box-text-bottom\" >\n\n\t\t<div class=\"box-image\" >\n\t\t\t\t\t\t<div class=\"\" >\n\t\t\t\t<img decoding=\"async\" width=\"1713\" height=\"397\" src=\"https:\/\/meditex.ee\/wp-content\/uploads\/2020\/12\/Carefix-bra-sizechart_Ava.png\" class=\"attachment- size-\" alt=\"\" srcset=\"https:\/\/meditex.ee\/wp-content\/uploads\/2020\/12\/Carefix-bra-sizechart_Ava.png 1713w, https:\/\/meditex.ee\/wp-content\/uploads\/2020\/12\/Carefix-bra-sizechart_Ava-510x118.png 510w, https:\/\/meditex.ee\/wp-content\/uploads\/2020\/12\/Carefix-bra-sizechart_Ava-800x185.png 800w, https:\/\/meditex.ee\/wp-content\/uploads\/2020\/12\/Carefix-bra-sizechart_Ava-1400x324.png 1400w, https:\/\/meditex.ee\/wp-content\/uploads\/2020\/12\/Carefix-bra-sizechart_Ava-768x178.png 768w, https:\/\/meditex.ee\/wp-content\/uploads\/2020\/12\/Carefix-bra-sizechart_Ava-1536x356.png 1536w, https:\/\/meditex.ee\/wp-content\/uploads\/2020\/12\/Carefix-bra-sizechart_Ava-600x139.png 600w\" sizes=\"(max-width: 1713px) 100vw, 1713px\" \/>\t\t\t\t\t\t\t\t\t\t\t<\/div>\n\t\t\t\t\t<\/div>\n\n\t\t<div class=\"box-text text-center\" >\n\t\t\t<div class=\"box-text-inner\">\n\t\t\t\t\n<p style=\"text-align: left;\">HUOM. \u00c4l\u00e4 vertaa Carefix-rintaliivien kokoja tavallisiin rintaliiveihin. Koska Carefix-rintaliivit on suunniteltu antamaan tukea ja kompressiota, niiden on oltava tiiviit ja ne voivat tuntua pienilt\u00e4.<\/p>\n\t\t\t<\/div>\n\t\t<\/div>\n\t<\/div>\n\t\n\t<div class=\"box has-hover   has-hover box-text-bottom\" >\n\n\t\t<div class=\"box-image\" >\n\t\t\t\t\t\t<div class=\"\" >\n\t\t\t\t<img decoding=\"async\" width=\"900\" height=\"472\" src=\"https:\/\/meditex.ee\/wp-content\/uploads\/2018\/03\/ava_front-back.png\" class=\"attachment- size-\" alt=\"\" srcset=\"https:\/\/meditex.ee\/wp-content\/uploads\/2018\/03\/ava_front-back.png 900w, https:\/\/meditex.ee\/wp-content\/uploads\/2018\/03\/ava_front-back-510x267.png 510w, https:\/\/meditex.ee\/wp-content\/uploads\/2018\/03\/ava_front-back-763x400.png 763w, https:\/\/meditex.ee\/wp-content\/uploads\/2018\/03\/ava_front-back-768x403.png 768w, https:\/\/meditex.ee\/wp-content\/uploads\/2018\/03\/ava_front-back-600x315.png 600w\" sizes=\"(max-width: 900px) 100vw, 900px\" \/>\t\t\t\t\t\t\t\t\t\t\t<\/div>\n\t\t\t\t\t<\/div>\n\n\t\t<div class=\"box-text text-center\" >\n\t\t\t<div class=\"box-text-inner\">\n\t\t\t\t\n<p style=\"text-align: left;\"><span style=\"color: #e14d43;\">PURISTUSVY\u00d6HYKKEET, JOISSA NUMERO 1 OSOITTAA VOIMAKKAINTA PURISTUSTA.<\/span><\/p>\n\t\t\t<\/div>\n\t\t<\/div>\n\t<\/div>\n\t\n<p style=\"text-align: left;\"><span style=\"font-weight: 400;\">Eri kompressio- ja tukivy\u00f6hykkeiden kudosrakenne m\u00e4\u00e4r\u00e4ytyy aina kirurgien ja sairaanhoitajien mieltymysten ja suositusten sek\u00e4 vy\u00f6hykkeen sijainnin ja koon mukaan.<\/span><\/p>\n<p style=\"text-align: left;\"><span style=\"font-weight: 400;\">Kaikkien Carefix-rintaliivien eri mallien puristus- ja tukialueet on testattu todellisilla potilailla. Jokainen rintaliivimalli testataan merkint\u00f6jen, l\u00e4\u00e4ketieteellisen suorituskyvyn ja mukavuuden osalta. Kaiken kaikkiaan t\u00e4m\u00e4 tarkoittaa sit\u00e4, ett\u00e4 ompeleen rakenne, kunkin puristus- ja tukivy\u00f6hykkeen sijainti ja koko valitaan huolellisesti kirurgien, sairaanhoitajien ja loppuk\u00e4ytt\u00e4jien suositusten ja mieltymysten mukaan.<\/span><\/p>\n<p style=\"text-align: left;\"><span style=\"font-weight: 400;\">Kukin rintaliivi perustuu eri vy\u00f6hykkeiden yhdistelm\u00e4\u00e4n:<\/span><\/p>\n<ul style=\"text-align: left;\">\n<li><span style=\"font-weight: 400;\"> k\u00e4ytt\u00e4j\u00e4testit (testi-uusintatestimenetelm\u00e4).<\/span><\/li>\n<li><span style=\"font-weight: 400;\"> ainutlaatuinen ja vahva yhteisty\u00f6 terveydenhuollon ammattilaisten, yleens\u00e4 kirurgien ja sairaanhoitajien, kanssa.<\/span><\/li>\n<\/ul>\n<p style=\"text-align: left;\"><span style=\"font-weight: 400;\">Useita yhdistelmi\u00e4 on testattu, jotta rintaliivien lopputulos on hienos\u00e4\u00e4detty ja luokkansa paras sek\u00e4 istuvuuden ja mukavuuden (k\u00e4ytt\u00e4jille) ett\u00e4 kliinisen ja l\u00e4\u00e4ketieteellisen suorituskyvyn (ammattilaisille) kannalta.<\/span><\/p>\n<p style=\"text-align: left;\"><span style=\"font-weight: 400;\">Erinomainen yhdistelm\u00e4 puristus- ja tukivy\u00f6hykkeit\u00e4, jossa otetaan huomioon l\u00e4\u00e4ketieteen asiantuntijoiden ja k\u00e4ytt\u00e4jien suositukset, tekee jokaisesta rintaliivimallista ainutlaatuisen.<\/span><\/p>\n<p style=\"text-align: left;\">\t<div id=\"gap-2098150616\" class=\"gap-element clearfix\" style=\"display:block; height:auto;\">\n\t\t\n<style>\n#gap-2098150616 {\n  padding-top: 30px;\n}\n<\/style>\n\t<\/div>\n\t\n<p style=\"text-align: left;\">Tiedot valmistajan verkkosivuilla (englanniksi) <a href=\"https:\/\/shorturl.at\/cxBOQ\">https:\/\/shorturl.at\/cxBOQ<\/a>.<\/p>\n<p>Lue lis\u00e4\u00e4 Carefix-rintaliivien ominaisuuksista t\u00e4\u00e4lt\u00e4 <a href=\"https:\/\/meditex.ee\/fi\/carefix\/\">https:\/\/meditex.ee\/carefix\/<\/a>.<\/p>\n","protected":false},"excerpt":{"rendered":"<p><span style=\"color: #000000; font-size: 85%;\">Postoperatiiviset rintaliivit, joissa on integroitu rintakeh\u00e4vaikutus, k\u00e4ytett\u00e4v\u00e4ksi rintojen suurennuksen j\u00e4lkeen. Sopii k\u00e4ytett\u00e4v\u00e4ksi my\u00f6s rintojen pienennyksen, rintojen kohotuksen tai rintojen rekonstruktion j\u00e4lkeen.<\/span><\/p>\n","protected":false},"featured_media":12811,"template":"","meta":[],"product_brand":[],"product_cat":[229],"product_tag":[224],"class_list":{"0":"post-7180","1":"product","2":"type-product","3":"status-publish","4":"has-post-thumbnail","6":"product_cat-rintaliivit","7":"product_tag-carefix-fi","9":"first","10":"instock","11":"taxable","12":"shipping-taxable","13":"purchasable","14":"product-type-variable"},"yoast_head":"<!-- This site is optimized with the Yoast SEO plugin v27.4 - https:\/\/yoast.com\/product\/yoast-seo-wordpress\/ -->\n<title>Carefix Ava - integroidut rintaliivit, joissa on rintakeh\u00e4efekti - Meditex %<\/title>\n<meta name=\"description\" content=\"Aukko on integroitu leikkauksen j\u00e4lkeinen rintaliivi, jossa on rintakeh\u00e4vaikutus. Avoimet rintaliivit edist\u00e4v\u00e4t paranemisprosessia.\" \/>\n<meta name=\"robots\" content=\"index, follow, max-snippet:-1, max-image-preview:large, max-video-preview:-1\" \/>\n<link rel=\"canonical\" href=\"https:\/\/meditex.ee\/fi\/tuote\/avain\/\" \/>\n<meta property=\"og:locale\" content=\"fi_FI\" \/>\n<meta property=\"og:type\" content=\"article\" \/>\n<meta property=\"og:title\" content=\"Carefix Ava - integroidut rintaliivit, joissa on rintakeh\u00e4efekti - Meditex %\" \/>\n<meta property=\"og:description\" content=\"Aukko on integroitu leikkauksen j\u00e4lkeinen rintaliivi, jossa on rintakeh\u00e4vaikutus. Avoimet rintaliivit edist\u00e4v\u00e4t paranemisprosessia.\" \/>\n<meta property=\"og:url\" content=\"https:\/\/meditex.ee\/fi\/tuote\/avain\/\" \/>\n<meta property=\"og:site_name\" content=\"Meditex\" \/>\n<meta property=\"article:publisher\" content=\"https:\/\/www.facebook.com\/meditexepood\/\" \/>\n<meta property=\"article:modified_time\" content=\"2026-02-04T14:03:28+00:00\" \/>\n<meta property=\"og:image\" content=\"https:\/\/meditex.ee\/wp-content\/uploads\/2018\/03\/Ava_3444_BL_Front_300-medium.jpg\" \/>\n\t<meta property=\"og:image:width\" content=\"1252\" \/>\n\t<meta property=\"og:image:height\" content=\"1600\" \/>\n\t<meta property=\"og:image:type\" content=\"image\/jpeg\" \/>\n<meta name=\"twitter:card\" content=\"summary_large_image\" \/>\n<meta name=\"twitter:label1\" content=\"Arvioitu lukuaika\" \/>\n\t<meta name=\"twitter:data1\" content=\"3 minuuttia\" \/>\n<script type=\"application\/ld+json\" class=\"yoast-schema-graph\">{\"@context\":\"https:\\\/\\\/schema.org\",\"@graph\":[{\"@type\":\"WebPage\",\"@id\":\"https:\\\/\\\/meditex.ee\\\/fi\\\/tuote\\\/avain\\\/\",\"url\":\"https:\\\/\\\/meditex.ee\\\/fi\\\/tuote\\\/avain\\\/\",\"name\":\"Carefix Ava - integroidut rintaliivit, joissa on rintakeh\u00e4efekti - Meditex %\",\"isPartOf\":{\"@id\":\"https:\\\/\\\/meditex.ee\\\/en\\\/#website\"},\"primaryImageOfPage\":{\"@id\":\"https:\\\/\\\/meditex.ee\\\/fi\\\/tuote\\\/avain\\\/#primaryimage\"},\"image\":{\"@id\":\"https:\\\/\\\/meditex.ee\\\/fi\\\/tuote\\\/avain\\\/#primaryimage\"},\"thumbnailUrl\":\"https:\\\/\\\/meditex.ee\\\/wp-content\\\/uploads\\\/2018\\\/03\\\/Ava_3444_BL_Front_300-medium.jpg\",\"datePublished\":\"2019-11-04T07:57:30+00:00\",\"dateModified\":\"2026-02-04T14:03:28+00:00\",\"description\":\"Aukko on integroitu leikkauksen j\u00e4lkeinen rintaliivi, jossa on rintakeh\u00e4vaikutus. Avoimet rintaliivit edist\u00e4v\u00e4t paranemisprosessia.\",\"breadcrumb\":{\"@id\":\"https:\\\/\\\/meditex.ee\\\/fi\\\/tuote\\\/avain\\\/#breadcrumb\"},\"inLanguage\":\"fi\",\"potentialAction\":[{\"@type\":\"ReadAction\",\"target\":[\"https:\\\/\\\/meditex.ee\\\/fi\\\/tuote\\\/avain\\\/\"]}]},{\"@type\":\"ImageObject\",\"inLanguage\":\"fi\",\"@id\":\"https:\\\/\\\/meditex.ee\\\/fi\\\/tuote\\\/avain\\\/#primaryimage\",\"url\":\"https:\\\/\\\/meditex.ee\\\/wp-content\\\/uploads\\\/2018\\\/03\\\/Ava_3444_BL_Front_300-medium.jpg\",\"contentUrl\":\"https:\\\/\\\/meditex.ee\\\/wp-content\\\/uploads\\\/2018\\\/03\\\/Ava_3444_BL_Front_300-medium.jpg\",\"width\":1252,\"height\":1600,\"caption\":\"Ava operatsioonij\u00e4rgne rinnahoidja\"},{\"@type\":\"BreadcrumbList\",\"@id\":\"https:\\\/\\\/meditex.ee\\\/fi\\\/tuote\\\/avain\\\/#breadcrumb\",\"itemListElement\":[{\"@type\":\"ListItem\",\"position\":1,\"name\":\"Home\",\"item\":\"https:\\\/\\\/meditex.ee\\\/fi\\\/\"},{\"@type\":\"ListItem\",\"position\":2,\"name\":\"Verkkokauppa\",\"item\":\"https:\\\/\\\/meditex.ee\\\/fi\\\/verkkokauppa\\\/\"},{\"@type\":\"ListItem\",\"position\":3,\"name\":\"Carefix Ava\"}]},{\"@type\":\"WebSite\",\"@id\":\"https:\\\/\\\/meditex.ee\\\/en\\\/#website\",\"url\":\"https:\\\/\\\/meditex.ee\\\/en\\\/\",\"name\":\"Meditex\",\"description\":\"\",\"publisher\":{\"@id\":\"https:\\\/\\\/meditex.ee\\\/en\\\/#organization\"},\"potentialAction\":[{\"@type\":\"SearchAction\",\"target\":{\"@type\":\"EntryPoint\",\"urlTemplate\":\"https:\\\/\\\/meditex.ee\\\/en\\\/?s={search_term_string}\"},\"query-input\":{\"@type\":\"PropertyValueSpecification\",\"valueRequired\":true,\"valueName\":\"search_term_string\"}}],\"inLanguage\":\"fi\"},{\"@type\":\"Organization\",\"@id\":\"https:\\\/\\\/meditex.ee\\\/en\\\/#organization\",\"name\":\"Meditex\",\"url\":\"https:\\\/\\\/meditex.ee\\\/en\\\/\",\"logo\":{\"@type\":\"ImageObject\",\"inLanguage\":\"fi\",\"@id\":\"https:\\\/\\\/meditex.ee\\\/en\\\/#\\\/schema\\\/logo\\\/image\\\/\",\"url\":\"https:\\\/\\\/meditex.ee\\\/wp-content\\\/uploads\\\/2018\\\/03\\\/mdtx_logo.png\",\"contentUrl\":\"https:\\\/\\\/meditex.ee\\\/wp-content\\\/uploads\\\/2018\\\/03\\\/mdtx_logo.png\",\"width\":669,\"height\":235,\"caption\":\"Meditex\"},\"image\":{\"@id\":\"https:\\\/\\\/meditex.ee\\\/en\\\/#\\\/schema\\\/logo\\\/image\\\/\"},\"sameAs\":[\"https:\\\/\\\/www.facebook.com\\\/meditexepood\\\/\"]}]}<\/script>\n<!-- \/ Yoast SEO plugin. -->","yoast_head_json":{"title":"Carefix Ava - integroidut rintaliivit, joissa on rintakeh\u00e4efekti - Meditex %","description":"Aukko on integroitu leikkauksen j\u00e4lkeinen rintaliivi, jossa on rintakeh\u00e4vaikutus. Avoimet rintaliivit edist\u00e4v\u00e4t paranemisprosessia.","robots":{"index":"index","follow":"follow","max-snippet":"max-snippet:-1","max-image-preview":"max-image-preview:large","max-video-preview":"max-video-preview:-1"},"canonical":"https:\/\/meditex.ee\/fi\/tuote\/avain\/","og_locale":"fi_FI","og_type":"article","og_title":"Carefix Ava - integroidut rintaliivit, joissa on rintakeh\u00e4efekti - Meditex %","og_description":"Aukko on integroitu leikkauksen j\u00e4lkeinen rintaliivi, jossa on rintakeh\u00e4vaikutus. Avoimet rintaliivit edist\u00e4v\u00e4t paranemisprosessia.","og_url":"https:\/\/meditex.ee\/fi\/tuote\/avain\/","og_site_name":"Meditex","article_publisher":"https:\/\/www.facebook.com\/meditexepood\/","article_modified_time":"2026-02-04T14:03:28+00:00","og_image":[{"width":1252,"height":1600,"url":"https:\/\/meditex.ee\/wp-content\/uploads\/2018\/03\/Ava_3444_BL_Front_300-medium.jpg","type":"image\/jpeg"}],"twitter_card":"summary_large_image","twitter_misc":{"Arvioitu lukuaika":"3 minuuttia"},"schema":{"@context":"https:\/\/schema.org","@graph":[{"@type":"WebPage","@id":"https:\/\/meditex.ee\/fi\/tuote\/avain\/","url":"https:\/\/meditex.ee\/fi\/tuote\/avain\/","name":"Carefix Ava - integroidut rintaliivit, joissa on rintakeh\u00e4efekti - Meditex %","isPartOf":{"@id":"https:\/\/meditex.ee\/en\/#website"},"primaryImageOfPage":{"@id":"https:\/\/meditex.ee\/fi\/tuote\/avain\/#primaryimage"},"image":{"@id":"https:\/\/meditex.ee\/fi\/tuote\/avain\/#primaryimage"},"thumbnailUrl":"https:\/\/meditex.ee\/wp-content\/uploads\/2018\/03\/Ava_3444_BL_Front_300-medium.jpg","datePublished":"2019-11-04T07:57:30+00:00","dateModified":"2026-02-04T14:03:28+00:00","description":"Aukko on integroitu leikkauksen j\u00e4lkeinen rintaliivi, jossa on rintakeh\u00e4vaikutus. Avoimet rintaliivit edist\u00e4v\u00e4t paranemisprosessia.","breadcrumb":{"@id":"https:\/\/meditex.ee\/fi\/tuote\/avain\/#breadcrumb"},"inLanguage":"fi","potentialAction":[{"@type":"ReadAction","target":["https:\/\/meditex.ee\/fi\/tuote\/avain\/"]}]},{"@type":"ImageObject","inLanguage":"fi","@id":"https:\/\/meditex.ee\/fi\/tuote\/avain\/#primaryimage","url":"https:\/\/meditex.ee\/wp-content\/uploads\/2018\/03\/Ava_3444_BL_Front_300-medium.jpg","contentUrl":"https:\/\/meditex.ee\/wp-content\/uploads\/2018\/03\/Ava_3444_BL_Front_300-medium.jpg","width":1252,"height":1600,"caption":"Ava operatsioonij\u00e4rgne rinnahoidja"},{"@type":"BreadcrumbList","@id":"https:\/\/meditex.ee\/fi\/tuote\/avain\/#breadcrumb","itemListElement":[{"@type":"ListItem","position":1,"name":"Home","item":"https:\/\/meditex.ee\/fi\/"},{"@type":"ListItem","position":2,"name":"Verkkokauppa","item":"https:\/\/meditex.ee\/fi\/verkkokauppa\/"},{"@type":"ListItem","position":3,"name":"Carefix Ava"}]},{"@type":"WebSite","@id":"https:\/\/meditex.ee\/en\/#website","url":"https:\/\/meditex.ee\/en\/","name":"Meditex","description":"","publisher":{"@id":"https:\/\/meditex.ee\/en\/#organization"},"potentialAction":[{"@type":"SearchAction","target":{"@type":"EntryPoint","urlTemplate":"https:\/\/meditex.ee\/en\/?s={search_term_string}"},"query-input":{"@type":"PropertyValueSpecification","valueRequired":true,"valueName":"search_term_string"}}],"inLanguage":"fi"},{"@type":"Organization","@id":"https:\/\/meditex.ee\/en\/#organization","name":"Meditex","url":"https:\/\/meditex.ee\/en\/","logo":{"@type":"ImageObject","inLanguage":"fi","@id":"https:\/\/meditex.ee\/en\/#\/schema\/logo\/image\/","url":"https:\/\/meditex.ee\/wp-content\/uploads\/2018\/03\/mdtx_logo.png","contentUrl":"https:\/\/meditex.ee\/wp-content\/uploads\/2018\/03\/mdtx_logo.png","width":669,"height":235,"caption":"Meditex"},"image":{"@id":"https:\/\/meditex.ee\/en\/#\/schema\/logo\/image\/"},"sameAs":["https:\/\/www.facebook.com\/meditexepood\/"]}]}},"_links":{"self":[{"href":"https:\/\/meditex.ee\/fi\/wp-json\/wp\/v2\/product\/7180","targetHints":{"allow":["GET"]}}],"collection":[{"href":"https:\/\/meditex.ee\/fi\/wp-json\/wp\/v2\/product"}],"about":[{"href":"https:\/\/meditex.ee\/fi\/wp-json\/wp\/v2\/types\/product"}],"wp:featuredmedia":[{"embeddable":true,"href":"https:\/\/meditex.ee\/fi\/wp-json\/wp\/v2\/media\/12811"}],"wp:attachment":[{"href":"https:\/\/meditex.ee\/fi\/wp-json\/wp\/v2\/media?parent=7180"}],"wp:term":[{"taxonomy":"product_brand","embeddable":true,"href":"https:\/\/meditex.ee\/fi\/wp-json\/wp\/v2\/product_brand?post=7180"},{"taxonomy":"product_cat","embeddable":true,"href":"https:\/\/meditex.ee\/fi\/wp-json\/wp\/v2\/product_cat?post=7180"},{"taxonomy":"product_tag","embeddable":true,"href":"https:\/\/meditex.ee\/fi\/wp-json\/wp\/v2\/product_tag?post=7180"}],"curies":[{"name":"wp","href":"https:\/\/api.w.org\/{rel}","templated":true}]}}