{"id":7146,"date":"2018-03-25T12:52:07","date_gmt":"2019-11-03T09:52:07","guid":{"rendered":"https:\/\/meditex.ee\/?post_type=product&#038;p=7146"},"modified":"2026-02-04T14:02:28","modified_gmt":"2026-02-04T14:02:28","slug":"mary","status":"publish","type":"product","link":"https:\/\/meditex.ee\/fi\/tuote\/mary\/","title":{"rendered":"Carefix Mary"},"content":{"rendered":"<div class=\"row row-small align-bottom\"  id=\"row-283756219\">\n\n\t<div id=\"col-2071885825\" class=\"col medium-4 small-12 large-4\"  >\n\t\t\t\t<div class=\"col-inner text-left\"  >\n\t\t\t\n\t\t\t\n<h3>PURISTUSTASO 2 &#8211; VAHVA<\/h3>\n\t\t<\/div>\n\t\t\t\t\t<\/div>\n\n\t\n\n\t<div id=\"col-2115951167\" class=\"col medium-4 small-12 large-4\"  >\n\t\t\t\t<div class=\"col-inner\"  >\n\t\t\t\n\t\t\t\n\t\t<\/div>\n\t\t\t\t\t<\/div>\n\n\t\n\n\t<div id=\"col-1485436291\" class=\"col medium-4 small-12 large-4\"  >\n\t\t\t\t<div class=\"col-inner text-right\"  >\n\t\t\t\n\t\t\t\n\t<div class=\"img has-hover x md-x lg-x y md-y lg-y\" id=\"image_1602096438\">\n\t\t\t\t\t\t\t\t<div class=\"img-inner dark\" >\n\t\t\t<img decoding=\"async\" width=\"1020\" height=\"315\" src=\"https:\/\/meditex.ee\/wp-content\/uploads\/2018\/03\/CAREFIX_PAYOFF_4F-1400x433.png\" class=\"attachment-large size-large\" alt=\"\" srcset=\"https:\/\/meditex.ee\/wp-content\/uploads\/2018\/03\/CAREFIX_PAYOFF_4F-1400x433.png 1400w, https:\/\/meditex.ee\/wp-content\/uploads\/2018\/03\/CAREFIX_PAYOFF_4F-510x158.png 510w, https:\/\/meditex.ee\/wp-content\/uploads\/2018\/03\/CAREFIX_PAYOFF_4F-800x248.png 800w, https:\/\/meditex.ee\/wp-content\/uploads\/2018\/03\/CAREFIX_PAYOFF_4F-768x238.png 768w, https:\/\/meditex.ee\/wp-content\/uploads\/2018\/03\/CAREFIX_PAYOFF_4F-600x186.png 600w, https:\/\/meditex.ee\/wp-content\/uploads\/2018\/03\/CAREFIX_PAYOFF_4F.png 2038w\" sizes=\"(max-width: 1020px) 100vw, 1020px\" \/>\t\t\t\t\t\t\n\t\t\t\t\t<\/div>\n\t\t\t\t\t\t\t\t\n<style>\n#image_1602096438 {\n  width: 50%;\n}\n<\/style>\n\t<\/div>\n\t\n\t\t<\/div>\n\t\t\t\t\t<\/div>\n\n\t\n<\/div>\n<h2 data-fontsize=\"16\" data-lineheight=\"19\">Carefix Mary rintojen kohotuksen j\u00e4lkeiset rintaliivit<\/h2>\n<p style=\"text-align: left;\" data-fontsize=\"16\" data-lineheight=\"19\"><span style=\"color: #000000;\"><strong>KUVAUS<\/strong>: Maryn rintojen kohotuksen j\u00e4lkeisiss\u00e4 rintaliiveiss\u00e4 on integroidut tuki- ja kompressiovy\u00f6hykkeet parhaan leikkaustuloksen saavuttamiseksi. Se on t\u00e4ysin avattavissa haavan helppoa hallintaa varten ja tarjoaa optimaalisen mukavuuden ja ihoyst\u00e4v\u00e4llisyyden.<\/span><\/p>\n<p style=\"text-align: left;\" data-fontsize=\"16\" data-lineheight=\"19\"><span style=\"color: #000000;\">Maryn postoperatiiviset rintaliivit on suunniteltu leikkauksen j\u00e4lkeiseen aikaan, jolloin iho on herkk\u00e4 ja herkk\u00e4 ja tarvitaan tukea ja kompressiota.<\/span><\/p>\n<p style=\"text-align: left;\" data-fontsize=\"16\" data-lineheight=\"19\"><span style=\"color: #000000;\">Rintaliivit edist\u00e4v\u00e4t haavan paranemista ja suojaavat sit\u00e4, mik\u00e4 v\u00e4hent\u00e4\u00e4 turvotuksen ja leikkauksen j\u00e4lkeisten komplikaatioiden riski\u00e4.<\/span><\/p>\n<p style=\"text-align: left;\" data-fontsize=\"16\" data-lineheight=\"19\"><span style=\"color: #000000;\">Helppo avata kahvoista ja olkahihnoista, mik\u00e4 takaa helpon sovellettavuuden sek\u00e4 terveydenhuollon ammattilaisille ett\u00e4 tavallisille k\u00e4ytt\u00e4jille. Etuaukko takaa my\u00f6s helpon haavan seurannan. Kaksirivisen puristuskiinnikkeen avulla voidaan s\u00e4\u00e4t\u00e4\u00e4 puristusvoimaa.<\/span><\/p>\n<p style=\"text-align: left;\" data-fontsize=\"16\" data-lineheight=\"19\"><span style=\"color: #000000;\">Leve\u00e4t s\u00e4\u00e4dett\u00e4v\u00e4t olkahihnat antavat optimaalisen tuen ja mukavuuden.<\/span><\/p>\n<p style=\"text-align: left;\" data-fontsize=\"16\" data-lineheight=\"19\"><span style=\"color: #000000;\">Mary Bra -rintaliivit on suunniteltu erityisesti sis\u00e4\u00e4nrakennetuilla kompressiovy\u00f6hykkeill\u00e4, ja ne tarjoavat optimaalisen tasapainon kompression ja mukavuuden v\u00e4lill\u00e4.<\/span><\/p>\n<p style=\"text-align: left;\" data-fontsize=\"16\" data-lineheight=\"19\"><span style=\"color: #000000;\"><strong>KANGASKOOSTUMUS: <\/strong>S-2XL: 91% polyamidi, 9% elastaani, 3XL-4XL: 94% polyamidi, 4% elastaani.<\/span><\/p>\n<a href=\"https:\/\/meditex.ee\/fi\/mittaaminen\/\" class=\"button primary is-underline expand\" >\n\t\t<span>OIKEAN KOON VALITSEMINEN<\/span>\n\t<\/a>\n\n\t<div class=\"box has-hover   has-hover box-text-bottom\" >\n\n\t\t<div class=\"box-image\" >\n\t\t\t\t\t\t<div class=\"\" >\n\t\t\t\t\t\t\t\t\t\t\t\t\t\t\t<\/div>\n\t\t\t\t\t<\/div>\n\n\t\t<div class=\"box-text text-center\" >\n\t\t\t<div class=\"box-text-inner\">\n\t\t\t\t\n\t<div class=\"img has-hover x md-x lg-x y md-y lg-y\" id=\"image_373877374\">\n\t\t\t\t\t\t\t\t<div class=\"img-inner dark\" >\n\t\t\t<img decoding=\"async\" width=\"1020\" height=\"281\" src=\"https:\/\/meditex.ee\/wp-content\/uploads\/2020\/10\/carefix-bra-sizechart_marianne-mary_size_red-1400x386.jpg\" class=\"attachment-large size-large\" alt=\"\" srcset=\"https:\/\/meditex.ee\/wp-content\/uploads\/2020\/10\/carefix-bra-sizechart_marianne-mary_size_red-1400x386.jpg 1400w, https:\/\/meditex.ee\/wp-content\/uploads\/2020\/10\/carefix-bra-sizechart_marianne-mary_size_red-510x141.jpg 510w, https:\/\/meditex.ee\/wp-content\/uploads\/2020\/10\/carefix-bra-sizechart_marianne-mary_size_red-800x220.jpg 800w, https:\/\/meditex.ee\/wp-content\/uploads\/2020\/10\/carefix-bra-sizechart_marianne-mary_size_red-768x212.jpg 768w, https:\/\/meditex.ee\/wp-content\/uploads\/2020\/10\/carefix-bra-sizechart_marianne-mary_size_red-1536x423.jpg 1536w, https:\/\/meditex.ee\/wp-content\/uploads\/2020\/10\/carefix-bra-sizechart_marianne-mary_size_red-600x165.jpg 600w, https:\/\/meditex.ee\/wp-content\/uploads\/2020\/10\/carefix-bra-sizechart_marianne-mary_size_red.jpg 1713w\" sizes=\"(max-width: 1020px) 100vw, 1020px\" \/>\t\t\t\t\t\t\n\t\t\t\t\t<\/div>\n\t\t\t\t\t\t\t\t\n<style>\n#image_373877374 {\n  width: 100%;\n}\n<\/style>\n\t<\/div>\n\t\n<p style=\"text-align: left;\">HUOM. \u00c4l\u00e4 vertaa Carefix-rintaliivien kokoja tavallisiin rintaliiveihin. Koska Carefix-rintaliivit on suunniteltu antamaan tukea ja kompressiota, niiden on oltava tiiviit ja ne voivat tuntua pienilt\u00e4.<\/p>\n\t\t\t<\/div>\n\t\t<\/div>\n\t<\/div>\n\t\n\t<div class=\"box has-hover   has-hover box-text-bottom\" >\n\n\t\t<div class=\"box-image\" >\n\t\t\t\t\t\t<div class=\"\" >\n\t\t\t\t<img decoding=\"async\" width=\"900\" height=\"472\" src=\"https:\/\/meditex.ee\/wp-content\/uploads\/2018\/03\/mary_front-back.png\" class=\"attachment- size-\" alt=\"\" srcset=\"https:\/\/meditex.ee\/wp-content\/uploads\/2018\/03\/mary_front-back.png 900w, https:\/\/meditex.ee\/wp-content\/uploads\/2018\/03\/mary_front-back-510x267.png 510w, https:\/\/meditex.ee\/wp-content\/uploads\/2018\/03\/mary_front-back-763x400.png 763w, https:\/\/meditex.ee\/wp-content\/uploads\/2018\/03\/mary_front-back-768x403.png 768w, https:\/\/meditex.ee\/wp-content\/uploads\/2018\/03\/mary_front-back-600x315.png 600w\" sizes=\"(max-width: 900px) 100vw, 900px\" \/>\t\t\t\t\t\t\t\t\t\t\t<\/div>\n\t\t\t\t\t<\/div>\n\n\t\t<div class=\"box-text text-center\" >\n\t\t\t<div class=\"box-text-inner\">\n\t\t\t\t\n<p style=\"text-align: left;\"><span style=\"color: #e14d43;\">PURISTUSVY\u00d6HYKKEET, JOISSA NUMERO 1 OSOITTAA VOIMAKKAINTA PURISTUSTA.<\/span><\/p>\n\t\t\t<\/div>\n\t\t<\/div>\n\t<\/div>\n\t\n<p style=\"text-align: left;\"><span style=\"font-weight: 400;\">Eri kompressio- ja tukivy\u00f6hykkeiden kudosrakenne m\u00e4\u00e4r\u00e4ytyy aina kirurgien ja sairaanhoitajien mieltymysten ja suositusten sek\u00e4 vy\u00f6hykkeen sijainnin ja koon mukaan.<\/span><\/p>\n<p style=\"text-align: left;\"><span style=\"font-weight: 400;\">Kaikkien Carefix-rintaliivien eri mallien puristus- ja tukialueet on testattu todellisilla potilailla. Jokainen rintaliivimalli testataan merkint\u00f6jen, l\u00e4\u00e4ketieteellisen suorituskyvyn ja mukavuuden osalta. Kaiken kaikkiaan t\u00e4m\u00e4 tarkoittaa sit\u00e4, ett\u00e4 ompeleen rakenne, kunkin puristus- ja tukivy\u00f6hykkeen sijainti ja koko valitaan huolellisesti kirurgien, sairaanhoitajien ja loppuk\u00e4ytt\u00e4jien suositusten ja mieltymysten mukaan.<\/span><\/p>\n<p style=\"text-align: left;\"><span style=\"font-weight: 400;\">Kukin rintaliivi perustuu eri vy\u00f6hykkeiden yhdistelm\u00e4\u00e4n:<\/span><\/p>\n<ul style=\"text-align: left;\">\n<li><span style=\"font-weight: 400;\"> k\u00e4ytt\u00e4j\u00e4testit (testi-uusintatestimenetelm\u00e4).<\/span><\/li>\n<li><span style=\"font-weight: 400;\"> ainutlaatuinen ja vahva yhteisty\u00f6 terveydenhuollon ammattilaisten, yleens\u00e4 kirurgien ja sairaanhoitajien, kanssa.<\/span><\/li>\n<\/ul>\n<p style=\"text-align: left;\"><span style=\"font-weight: 400;\">Useita yhdistelmi\u00e4 on testattu, jotta rintaliivien lopputulos on hienos\u00e4\u00e4detty ja luokkansa paras sek\u00e4 istuvuuden ja mukavuuden (k\u00e4ytt\u00e4jille) ett\u00e4 kliinisen ja l\u00e4\u00e4ketieteellisen suorituskyvyn (ammattilaisille) kannalta.<\/span><\/p>\n<p style=\"text-align: left;\"><span style=\"font-weight: 400;\">Erinomainen yhdistelm\u00e4 puristus- ja tukivy\u00f6hykkeit\u00e4, jossa otetaan huomioon l\u00e4\u00e4ketieteen asiantuntijoiden ja k\u00e4ytt\u00e4jien suositukset, tekee jokaisesta rintaliivimallista ainutlaatuisen.<\/span><\/p>\n\t<div id=\"gap-60292252\" class=\"gap-element clearfix\" style=\"display:block; height:auto;\">\n\t\t\n<style>\n#gap-60292252 {\n  padding-top: 30px;\n}\n<\/style>\n\t<\/div>\n\t\n<p style=\"text-align: left;\">Tiedot valmistajan verkkosivuilla (englanniksi) <a href=\"https:\/\/shorturl.at\/czDJN\">https:\/\/shorturl.at\/czDJN<\/a>.<\/p>\n<p>Lue lis\u00e4\u00e4 Carefix-rintaliivien ominaisuuksista t\u00e4\u00e4lt\u00e4 <a href=\"https:\/\/meditex.ee\/fi\/carefix\/\">https:\/\/meditex.ee\/carefix\/<\/a>.<\/p>\n","protected":false},"excerpt":{"rendered":"<p style=\"text-align: left;\" data-fontsize=\"16\" data-lineheight=\"19\"><span style=\"font-size: 75%; color: #000000;\">L\u00e4\u00e4kinn\u00e4llinen laite k\u00e4ytett\u00e4v\u00e4ksi rintaleikkauksen, erityisesti rinnanpoiston j\u00e4lkeen. Sis\u00e4lt\u00e4\u00e4 taskut Carefix-t\u00e4ytt\u00f6tyynyille (ei sis\u00e4lly).<\/span><\/p>\n","protected":false},"featured_media":12887,"template":"","meta":[],"product_brand":[],"product_cat":[229],"product_tag":[224],"class_list":{"0":"post-7146","1":"product","2":"type-product","3":"status-publish","4":"has-post-thumbnail","6":"product_cat-rintaliivit","7":"product_tag-carefix-fi","9":"first","10":"instock","11":"taxable","12":"shipping-taxable","13":"purchasable","14":"product-type-variable"},"yoast_head":"<!-- This site is optimized with the Yoast SEO plugin v27.3 - https:\/\/yoast.com\/product\/yoast-seo-wordpress\/ -->\n<title>Carefix\u00ae Mary rintojen kohotuksen j\u00e4lkeiset rintaliivit - Meditex %<\/title>\n<meta name=\"description\" content=\"Carefix\u00ae Mary -rintojen kohotuksen j\u00e4lkeisiss\u00e4 rintaliiveiss\u00e4 on integroidut tuki- ja kompressiovy\u00f6hykkeet parhaan leikkaustuloksen saavuttamiseksi.\" \/>\n<meta name=\"robots\" content=\"index, follow, max-snippet:-1, max-image-preview:large, max-video-preview:-1\" \/>\n<link rel=\"canonical\" href=\"https:\/\/meditex.ee\/fi\/tuote\/mary\/\" \/>\n<meta property=\"og:locale\" content=\"fi_FI\" \/>\n<meta property=\"og:type\" content=\"article\" \/>\n<meta property=\"og:title\" content=\"Carefix\u00ae Mary rintojen kohotuksen j\u00e4lkeiset rintaliivit - Meditex %\" \/>\n<meta property=\"og:description\" content=\"Carefix\u00ae Mary -rintojen kohotuksen j\u00e4lkeisiss\u00e4 rintaliiveiss\u00e4 on integroidut tuki- ja kompressiovy\u00f6hykkeet parhaan leikkaustuloksen saavuttamiseksi.\" \/>\n<meta property=\"og:url\" content=\"https:\/\/meditex.ee\/fi\/tuote\/mary\/\" \/>\n<meta property=\"og:site_name\" content=\"Meditex\" \/>\n<meta property=\"article:publisher\" content=\"https:\/\/www.facebook.com\/meditexepood\/\" \/>\n<meta property=\"article:modified_time\" content=\"2026-02-04T14:02:28+00:00\" \/>\n<meta property=\"og:image\" content=\"https:\/\/meditex.ee\/wp-content\/uploads\/2018\/03\/Mary_3343_BL2_Front_300-medium.jpg\" \/>\n\t<meta property=\"og:image:width\" content=\"1252\" \/>\n\t<meta property=\"og:image:height\" content=\"1600\" \/>\n\t<meta property=\"og:image:type\" content=\"image\/jpeg\" \/>\n<meta name=\"twitter:card\" content=\"summary_large_image\" \/>\n<meta name=\"twitter:label1\" content=\"Arvioitu lukuaika\" \/>\n\t<meta name=\"twitter:data1\" content=\"3 minuuttia\" \/>\n<script type=\"application\/ld+json\" class=\"yoast-schema-graph\">{\"@context\":\"https:\\\/\\\/schema.org\",\"@graph\":[{\"@type\":\"WebPage\",\"@id\":\"https:\\\/\\\/meditex.ee\\\/fi\\\/tuote\\\/mary\\\/\",\"url\":\"https:\\\/\\\/meditex.ee\\\/fi\\\/tuote\\\/mary\\\/\",\"name\":\"Carefix\u00ae Mary rintojen kohotuksen j\u00e4lkeiset rintaliivit - Meditex %\",\"isPartOf\":{\"@id\":\"https:\\\/\\\/meditex.ee\\\/en\\\/#website\"},\"primaryImageOfPage\":{\"@id\":\"https:\\\/\\\/meditex.ee\\\/fi\\\/tuote\\\/mary\\\/#primaryimage\"},\"image\":{\"@id\":\"https:\\\/\\\/meditex.ee\\\/fi\\\/tuote\\\/mary\\\/#primaryimage\"},\"thumbnailUrl\":\"https:\\\/\\\/meditex.ee\\\/wp-content\\\/uploads\\\/2018\\\/03\\\/Mary_3343_BL2_Front_300-medium.jpg\",\"datePublished\":\"2019-11-03T09:52:07+00:00\",\"dateModified\":\"2026-02-04T14:02:28+00:00\",\"description\":\"Carefix\u00ae Mary -rintojen kohotuksen j\u00e4lkeisiss\u00e4 rintaliiveiss\u00e4 on integroidut tuki- ja kompressiovy\u00f6hykkeet parhaan leikkaustuloksen saavuttamiseksi.\",\"breadcrumb\":{\"@id\":\"https:\\\/\\\/meditex.ee\\\/fi\\\/tuote\\\/mary\\\/#breadcrumb\"},\"inLanguage\":\"fi\",\"potentialAction\":[{\"@type\":\"ReadAction\",\"target\":[\"https:\\\/\\\/meditex.ee\\\/fi\\\/tuote\\\/mary\\\/\"]}]},{\"@type\":\"ImageObject\",\"inLanguage\":\"fi\",\"@id\":\"https:\\\/\\\/meditex.ee\\\/fi\\\/tuote\\\/mary\\\/#primaryimage\",\"url\":\"https:\\\/\\\/meditex.ee\\\/wp-content\\\/uploads\\\/2018\\\/03\\\/Mary_3343_BL2_Front_300-medium.jpg\",\"contentUrl\":\"https:\\\/\\\/meditex.ee\\\/wp-content\\\/uploads\\\/2018\\\/03\\\/Mary_3343_BL2_Front_300-medium.jpg\",\"width\":1252,\"height\":1600,\"caption\":\"Mary operatsioonij\u00e4rgne rinnahoidja\"},{\"@type\":\"BreadcrumbList\",\"@id\":\"https:\\\/\\\/meditex.ee\\\/fi\\\/tuote\\\/mary\\\/#breadcrumb\",\"itemListElement\":[{\"@type\":\"ListItem\",\"position\":1,\"name\":\"Home\",\"item\":\"https:\\\/\\\/meditex.ee\\\/fi\\\/\"},{\"@type\":\"ListItem\",\"position\":2,\"name\":\"Verkkokauppa\",\"item\":\"https:\\\/\\\/meditex.ee\\\/fi\\\/verkkokauppa\\\/\"},{\"@type\":\"ListItem\",\"position\":3,\"name\":\"Carefix Mary\"}]},{\"@type\":\"WebSite\",\"@id\":\"https:\\\/\\\/meditex.ee\\\/en\\\/#website\",\"url\":\"https:\\\/\\\/meditex.ee\\\/en\\\/\",\"name\":\"Meditex\",\"description\":\"\",\"publisher\":{\"@id\":\"https:\\\/\\\/meditex.ee\\\/en\\\/#organization\"},\"potentialAction\":[{\"@type\":\"SearchAction\",\"target\":{\"@type\":\"EntryPoint\",\"urlTemplate\":\"https:\\\/\\\/meditex.ee\\\/en\\\/?s={search_term_string}\"},\"query-input\":{\"@type\":\"PropertyValueSpecification\",\"valueRequired\":true,\"valueName\":\"search_term_string\"}}],\"inLanguage\":\"fi\"},{\"@type\":\"Organization\",\"@id\":\"https:\\\/\\\/meditex.ee\\\/en\\\/#organization\",\"name\":\"Meditex\",\"url\":\"https:\\\/\\\/meditex.ee\\\/en\\\/\",\"logo\":{\"@type\":\"ImageObject\",\"inLanguage\":\"fi\",\"@id\":\"https:\\\/\\\/meditex.ee\\\/en\\\/#\\\/schema\\\/logo\\\/image\\\/\",\"url\":\"https:\\\/\\\/meditex.ee\\\/wp-content\\\/uploads\\\/2018\\\/03\\\/mdtx_logo.png\",\"contentUrl\":\"https:\\\/\\\/meditex.ee\\\/wp-content\\\/uploads\\\/2018\\\/03\\\/mdtx_logo.png\",\"width\":669,\"height\":235,\"caption\":\"Meditex\"},\"image\":{\"@id\":\"https:\\\/\\\/meditex.ee\\\/en\\\/#\\\/schema\\\/logo\\\/image\\\/\"},\"sameAs\":[\"https:\\\/\\\/www.facebook.com\\\/meditexepood\\\/\"]}]}<\/script>\n<!-- \/ Yoast SEO plugin. -->","yoast_head_json":{"title":"Carefix\u00ae Mary rintojen kohotuksen j\u00e4lkeiset rintaliivit - Meditex %","description":"Carefix\u00ae Mary -rintojen kohotuksen j\u00e4lkeisiss\u00e4 rintaliiveiss\u00e4 on integroidut tuki- ja kompressiovy\u00f6hykkeet parhaan leikkaustuloksen saavuttamiseksi.","robots":{"index":"index","follow":"follow","max-snippet":"max-snippet:-1","max-image-preview":"max-image-preview:large","max-video-preview":"max-video-preview:-1"},"canonical":"https:\/\/meditex.ee\/fi\/tuote\/mary\/","og_locale":"fi_FI","og_type":"article","og_title":"Carefix\u00ae Mary rintojen kohotuksen j\u00e4lkeiset rintaliivit - Meditex %","og_description":"Carefix\u00ae Mary -rintojen kohotuksen j\u00e4lkeisiss\u00e4 rintaliiveiss\u00e4 on integroidut tuki- ja kompressiovy\u00f6hykkeet parhaan leikkaustuloksen saavuttamiseksi.","og_url":"https:\/\/meditex.ee\/fi\/tuote\/mary\/","og_site_name":"Meditex","article_publisher":"https:\/\/www.facebook.com\/meditexepood\/","article_modified_time":"2026-02-04T14:02:28+00:00","og_image":[{"width":1252,"height":1600,"url":"https:\/\/meditex.ee\/wp-content\/uploads\/2018\/03\/Mary_3343_BL2_Front_300-medium.jpg","type":"image\/jpeg"}],"twitter_card":"summary_large_image","twitter_misc":{"Arvioitu lukuaika":"3 minuuttia"},"schema":{"@context":"https:\/\/schema.org","@graph":[{"@type":"WebPage","@id":"https:\/\/meditex.ee\/fi\/tuote\/mary\/","url":"https:\/\/meditex.ee\/fi\/tuote\/mary\/","name":"Carefix\u00ae Mary rintojen kohotuksen j\u00e4lkeiset rintaliivit - Meditex %","isPartOf":{"@id":"https:\/\/meditex.ee\/en\/#website"},"primaryImageOfPage":{"@id":"https:\/\/meditex.ee\/fi\/tuote\/mary\/#primaryimage"},"image":{"@id":"https:\/\/meditex.ee\/fi\/tuote\/mary\/#primaryimage"},"thumbnailUrl":"https:\/\/meditex.ee\/wp-content\/uploads\/2018\/03\/Mary_3343_BL2_Front_300-medium.jpg","datePublished":"2019-11-03T09:52:07+00:00","dateModified":"2026-02-04T14:02:28+00:00","description":"Carefix\u00ae Mary -rintojen kohotuksen j\u00e4lkeisiss\u00e4 rintaliiveiss\u00e4 on integroidut tuki- ja kompressiovy\u00f6hykkeet parhaan leikkaustuloksen saavuttamiseksi.","breadcrumb":{"@id":"https:\/\/meditex.ee\/fi\/tuote\/mary\/#breadcrumb"},"inLanguage":"fi","potentialAction":[{"@type":"ReadAction","target":["https:\/\/meditex.ee\/fi\/tuote\/mary\/"]}]},{"@type":"ImageObject","inLanguage":"fi","@id":"https:\/\/meditex.ee\/fi\/tuote\/mary\/#primaryimage","url":"https:\/\/meditex.ee\/wp-content\/uploads\/2018\/03\/Mary_3343_BL2_Front_300-medium.jpg","contentUrl":"https:\/\/meditex.ee\/wp-content\/uploads\/2018\/03\/Mary_3343_BL2_Front_300-medium.jpg","width":1252,"height":1600,"caption":"Mary operatsioonij\u00e4rgne rinnahoidja"},{"@type":"BreadcrumbList","@id":"https:\/\/meditex.ee\/fi\/tuote\/mary\/#breadcrumb","itemListElement":[{"@type":"ListItem","position":1,"name":"Home","item":"https:\/\/meditex.ee\/fi\/"},{"@type":"ListItem","position":2,"name":"Verkkokauppa","item":"https:\/\/meditex.ee\/fi\/verkkokauppa\/"},{"@type":"ListItem","position":3,"name":"Carefix Mary"}]},{"@type":"WebSite","@id":"https:\/\/meditex.ee\/en\/#website","url":"https:\/\/meditex.ee\/en\/","name":"Meditex","description":"","publisher":{"@id":"https:\/\/meditex.ee\/en\/#organization"},"potentialAction":[{"@type":"SearchAction","target":{"@type":"EntryPoint","urlTemplate":"https:\/\/meditex.ee\/en\/?s={search_term_string}"},"query-input":{"@type":"PropertyValueSpecification","valueRequired":true,"valueName":"search_term_string"}}],"inLanguage":"fi"},{"@type":"Organization","@id":"https:\/\/meditex.ee\/en\/#organization","name":"Meditex","url":"https:\/\/meditex.ee\/en\/","logo":{"@type":"ImageObject","inLanguage":"fi","@id":"https:\/\/meditex.ee\/en\/#\/schema\/logo\/image\/","url":"https:\/\/meditex.ee\/wp-content\/uploads\/2018\/03\/mdtx_logo.png","contentUrl":"https:\/\/meditex.ee\/wp-content\/uploads\/2018\/03\/mdtx_logo.png","width":669,"height":235,"caption":"Meditex"},"image":{"@id":"https:\/\/meditex.ee\/en\/#\/schema\/logo\/image\/"},"sameAs":["https:\/\/www.facebook.com\/meditexepood\/"]}]}},"_links":{"self":[{"href":"https:\/\/meditex.ee\/fi\/wp-json\/wp\/v2\/product\/7146","targetHints":{"allow":["GET"]}}],"collection":[{"href":"https:\/\/meditex.ee\/fi\/wp-json\/wp\/v2\/product"}],"about":[{"href":"https:\/\/meditex.ee\/fi\/wp-json\/wp\/v2\/types\/product"}],"wp:featuredmedia":[{"embeddable":true,"href":"https:\/\/meditex.ee\/fi\/wp-json\/wp\/v2\/media\/12887"}],"wp:attachment":[{"href":"https:\/\/meditex.ee\/fi\/wp-json\/wp\/v2\/media?parent=7146"}],"wp:term":[{"taxonomy":"product_brand","embeddable":true,"href":"https:\/\/meditex.ee\/fi\/wp-json\/wp\/v2\/product_brand?post=7146"},{"taxonomy":"product_cat","embeddable":true,"href":"https:\/\/meditex.ee\/fi\/wp-json\/wp\/v2\/product_cat?post=7146"},{"taxonomy":"product_tag","embeddable":true,"href":"https:\/\/meditex.ee\/fi\/wp-json\/wp\/v2\/product_tag?post=7146"}],"curies":[{"name":"wp","href":"https:\/\/api.w.org\/{rel}","templated":true}]}}