{"id":7077,"date":"2018-04-04T05:59:48","date_gmt":"2019-11-03T09:00:32","guid":{"rendered":"https:\/\/meditex.ee\/?post_type=product&#038;p=7077"},"modified":"2019-11-03T09:01:15","modified_gmt":"2019-11-03T09:01:15","slug":"corsinel-vyo-15","status":"publish","type":"product","link":"https:\/\/meditex.ee\/fi\/tuote\/corsinel-vyo-15\/","title":{"rendered":"Corsinel Vy\u00f6 15"},"content":{"rendered":"<div class=\"row row-small align-bottom\"  id=\"row-1423277982\">\n\n\t<div id=\"col-917447857\" class=\"col medium-4 small-12 large-4\"  >\n\t\t\t\t<div class=\"col-inner\"  >\n\t\t\t\n\t\t\t\n\t<div class=\"img has-hover x md-x lg-x y md-y lg-y\" id=\"image_119896459\">\n\t\t\t\t\t\t\t\t<div class=\"img-inner dark\" >\n\t\t\t<img decoding=\"async\" width=\"419\" height=\"420\" src=\"https:\/\/meditex.ee\/wp-content\/uploads\/2018\/04\/Corsinel-compression-level-icon_MAXIMUM.png\" class=\"attachment-large size-large\" alt=\"\" srcset=\"https:\/\/meditex.ee\/wp-content\/uploads\/2018\/04\/Corsinel-compression-level-icon_MAXIMUM.png 419w, https:\/\/meditex.ee\/wp-content\/uploads\/2018\/04\/Corsinel-compression-level-icon_MAXIMUM-100x100.png 100w, https:\/\/meditex.ee\/wp-content\/uploads\/2018\/04\/Corsinel-compression-level-icon_MAXIMUM-280x280.png 280w, https:\/\/meditex.ee\/wp-content\/uploads\/2018\/04\/Corsinel-compression-level-icon_MAXIMUM-399x400.png 399w, https:\/\/meditex.ee\/wp-content\/uploads\/2018\/04\/Corsinel-compression-level-icon_MAXIMUM-300x300.png 300w\" sizes=\"(max-width: 419px) 100vw, 419px\" \/>\t\t\t\t\t\t\n\t\t\t\t\t<\/div>\n\t\t\t\t\t\t\t\t\n<style>\n#image_119896459 {\n  width: 30%;\n}\n<\/style>\n\t<\/div>\n\t\n\t\t<\/div>\n\t\t\t\t\t<\/div>\n\n\t\n\n\t<div id=\"col-2066493372\" class=\"col medium-4 small-12 large-4\"  >\n\t\t\t\t<div class=\"col-inner\"  >\n\t\t\t\n\t\t\t\n\t\t<\/div>\n\t\t\t\t\t<\/div>\n\n\t\n\n\t<div id=\"col-187424295\" class=\"col medium-4 small-12 large-4\"  >\n\t\t\t\t<div class=\"col-inner text-right\"  >\n\t\t\t\n\t\t\t\n\t<div class=\"img has-hover x md-x lg-x y md-y lg-y\" id=\"image_249593263\">\n\t\t\t\t\t\t\t\t<div class=\"img-inner dark\" >\n\t\t\t<img decoding=\"async\" width=\"1020\" height=\"274\" src=\"https:\/\/meditex.ee\/wp-content\/uploads\/2018\/03\/Corsinel_Live-as-you-like_200mm-1400x376.png\" class=\"attachment-large size-large\" alt=\"\" srcset=\"https:\/\/meditex.ee\/wp-content\/uploads\/2018\/03\/Corsinel_Live-as-you-like_200mm-1400x376.png 1400w, https:\/\/meditex.ee\/wp-content\/uploads\/2018\/03\/Corsinel_Live-as-you-like_200mm-510x137.png 510w, https:\/\/meditex.ee\/wp-content\/uploads\/2018\/03\/Corsinel_Live-as-you-like_200mm-800x215.png 800w, https:\/\/meditex.ee\/wp-content\/uploads\/2018\/03\/Corsinel_Live-as-you-like_200mm-768x206.png 768w, https:\/\/meditex.ee\/wp-content\/uploads\/2018\/03\/Corsinel_Live-as-you-like_200mm-600x161.png 600w\" sizes=\"(max-width: 1020px) 100vw, 1020px\" \/>\t\t\t\t\t\t\n\t\t\t\t\t<\/div>\n\t\t\t\t\t\t\t\t\n<style>\n#image_249593263 {\n  width: 50%;\n}\n<\/style>\n\t<\/div>\n\t\n\t\t<\/div>\n\t\t\t\t\t<\/div>\n\n\t\n<\/div>\n<p style=\"text-align: left;\"><span style=\"font-size: 100%; color: #000000;\"><strong>KUVAUS:<\/strong> 15 cm Corsinel-vy\u00f6 on suunniteltu lievitt\u00e4m\u00e4\u00e4n parastomaalista tyr\u00e4\u00e4, napatyr\u00e4\u00e4, epigastrista tyr\u00e4\u00e4 tai vatsa-arpityr\u00e4\u00e4. Corsinel-vy\u00f6 on kehitetty yll\u00e4mainittujen tyrien vatsan tukemiseen. Vy\u00f6n tuki tarjoaa helpotusta, lievityst\u00e4, edist\u00e4\u00e4 liikkuvuutta, kumoaa painovoiman tunteen ja lievitt\u00e4\u00e4 siten kipua. Lis\u00e4ksi vy\u00f6 voi auttaa v\u00e4hent\u00e4m\u00e4\u00e4n mahdollisia hajuja ja \u00e4\u00e4ni\u00e4. Vy\u00f6 voi my\u00f6s v\u00e4hent\u00e4\u00e4 tyr\u00e4n kehittymisen riski\u00e4. Corsinel-vy\u00f6t\u00e4 on saatavana kolmessa pituudessa 15, 20 ja 26 cm. Ota yhteys l\u00e4\u00e4k\u00e4riisi tai sairaanhoitajaasi saadaksesi suosituksia pituudesta ja k\u00e4yt\u00f6st\u00e4.<\/span><\/p>\n\t<div class=\"img has-hover x md-x lg-x y md-y lg-y\" id=\"image_409183797\">\n\t\t\t\t\t\t\t\t<div class=\"img-inner dark\" >\n\t\t\t<img decoding=\"async\" width=\"406\" height=\"364\" src=\"https:\/\/meditex.ee\/wp-content\/uploads\/2019\/11\/pressure-on-parastomal-hernia_graph-_fi.png\" class=\"attachment-large size-large\" alt=\"\" \/>\t\t\t\t\t\t\n\t\t\t\t\t<\/div>\n\t\t\t\t\t\t\t\t\n<style>\n#image_409183797 {\n  width: 40%;\n}\n<\/style>\n\t<\/div>\n\t\n<p style=\"text-align: left;\"><strong><span style=\"font-size: 100%; color: #000000;\">Ominaisuudet:<\/span><\/strong><\/p>\n<ul>\n<li style=\"text-align: left;\"><span style=\"font-size: 100%; color: #000000;\">Maksimaalista tukea tyr\u00e4n hallintaan ja ehk\u00e4isyyn<\/span><\/li>\n<li style=\"text-align: left;\"><span style=\"font-size: 100%; color: #000000;\">Tarjoaa huomaamattomuutta ja helpotusta, helpottaa liikkuvuutta<\/span><\/li>\n<li style=\"text-align: left;\"><span style=\"font-size: 100%; color: #000000;\">Pehme\u00e4, saumaton ja hengitt\u00e4v\u00e4 materiaali tarjoaa optimaalisen mukavuuden<\/span><\/li>\n<li style=\"text-align: left;\"><span style=\"font-size: 100%; color: #000000;\">Parantaa ulkon\u00e4k\u00f6\u00e4, takaa huomaamattomuuden ja rohkaisee sosiaaliseen aktiivisuuteen<\/span><\/li>\n<li style=\"text-align: left;\"><span style=\"font-size: 100%; color: #000000;\">Ilmaa, kosteutta l\u00e4p\u00e4isev\u00e4 ja ihoyst\u00e4v\u00e4llinen materiaali<\/span><\/li>\n<li style=\"text-align: left;\"><span style=\"font-size: 100%; color: #000000;\">4-suuntainen joustavuus lis\u00e4\u00e4 liikkumisvapautta ja tukevaa istuvuutta<\/span><\/li>\n<li style=\"text-align: left;\"><span style=\"font-size: 100%; color: #000000;\">Helppok\u00e4ytt\u00f6inen tasku ja leve\u00e4\u00e4 hakaskiinnitys mahdollistaa tukitason s\u00e4\u00e4t\u00e4miseen<\/span><\/li>\n<li style=\"text-align: left;\"><span style=\"font-size: 100%; color: #000000;\">Silikoniset rullautumattomat yl\u00e4- ja alareunat est\u00e4v\u00e4t vy\u00f6n liikkumisen<\/span><\/li>\n<li style=\"text-align: left;\"><span style=\"font-size: 100%; color: #000000;\">Matala selk\u00e4osa lis\u00e4\u00e4 liikkuvuutta ja mukavuutta<\/span><\/li>\n<li style=\"text-align: left;\"><span style=\"font-size: 100%; color: #000000;\">Pest\u00e4v\u00e4<\/span><\/li>\n<li style=\"text-align: left;\"><span style=\"font-size: 100%; color: #000000;\">Ei sis\u00e4ll\u00e4 lateksia <\/span><\/li>\n<li>\n<p style=\"text-align: left;\"><span style=\"font-size: 100%; color: #000000;\">24 tuntiseen k\u00e4ytt\u00f6\u00f6n<\/span><\/p>\n<\/li>\n<\/ul>\n<p><span style=\"color: #000000; font-size: 14.4px;\">\u00a0<\/span><\/p>\n<div class=\"fusion-text\">\n<p style=\"text-align: left;\" data-lineheight=\"28\" data-fontsize=\"20\"><span style=\"color: #000000;\"><strong>Koko:<\/strong><\/span><\/p>\n<\/div>\n<div class=\"row\"  id=\"row-319994297\">\n\n\t<div id=\"col-1043489176\" class=\"col medium-8 small-12 large-8\"  >\n\t\t\t\t<div class=\"col-inner\"  >\n\t\t\t\n\t\t\t\n\t<div class=\"img has-hover x md-x lg-x y md-y lg-y\" id=\"image_2018764234\">\n\t\t\t\t\t\t\t\t<div class=\"img-inner dark\" >\n\t\t\t<img decoding=\"async\" width=\"710\" height=\"369\" src=\"https:\/\/meditex.ee\/wp-content\/uploads\/2019\/11\/Koko.png\" class=\"attachment-large size-large\" alt=\"\" srcset=\"https:\/\/meditex.ee\/wp-content\/uploads\/2019\/11\/Koko.png 710w, https:\/\/meditex.ee\/wp-content\/uploads\/2019\/11\/Koko-510x265.png 510w, https:\/\/meditex.ee\/wp-content\/uploads\/2019\/11\/Koko-600x312.png 600w\" sizes=\"(max-width: 710px) 100vw, 710px\" \/>\t\t\t\t\t\t\n\t\t\t\t\t<\/div>\n\t\t\t\t\t\t\t\t\n<style>\n#image_2018764234 {\n  width: 100%;\n}\n<\/style>\n\t<\/div>\n\t\n<p style=\"text-align: left;\"><span style=\"font-size: 100%; color: #000000;\">HUOMAUTUS: Jos haluat enemm\u00e4n tukea, valitse yht\u00e4 kokoa pienempi ja jos haluat v\u00e4hemm\u00e4n tukea, valitse yht\u00e4 kokoa suurempi.<\/span><\/p>\n<p style=\"text-align: left;\"><span style=\"font-size: 100%; color: #000000;\">T\u00c4RKE\u00c4\u00c4: Mittaa itsesi aina l\u00f6yt\u00e4\u00e4ksesi oikean koon!<\/span><\/p>\n\t\t<\/div>\n\t\t\t\t\t<\/div>\n\n\t\n\n\t<div id=\"col-126306616\" class=\"col medium-4 small-12 large-4\"  >\n\t\t\t\t<div class=\"col-inner\"  >\n\t\t\t\n\t\t\t\n\t\t<\/div>\n\t\t\t\t\t<\/div>\n\n\t\n<\/div>\n","protected":false},"excerpt":{"rendered":"<p style=\"text-align: left;\"><span style=\"font-size: 75%; color: #000000;\">Maksimaalista tukea tarjoava avanne- ja tyr\u00e4vy\u00f6.<\/span><\/p>\n","protected":false},"featured_media":10625,"template":"","meta":[],"product_brand":[],"product_cat":[230],"product_tag":[225,227],"class_list":{"0":"post-7077","1":"product","2":"type-product","3":"status-publish","4":"has-post-thumbnail","6":"product_cat-avanne-ja-tyravyot","7":"product_tag-corsinel-fi","8":"product_tag-suurin-tuki","10":"first","11":"instock","12":"taxable","13":"shipping-taxable","14":"purchasable","15":"product-type-variable"},"yoast_head":"<!-- This site is optimized with the Yoast SEO plugin v27.3 - https:\/\/yoast.com\/product\/yoast-seo-wordpress\/ -->\n<title>Corsinel Vy\u00f6 15 - Meditex<\/title>\n<meta name=\"robots\" content=\"index, follow, max-snippet:-1, max-image-preview:large, max-video-preview:-1\" \/>\n<link rel=\"canonical\" href=\"https:\/\/meditex.ee\/fi\/tuote\/corsinel-vyo-15\/\" \/>\n<meta property=\"og:locale\" content=\"fi_FI\" \/>\n<meta property=\"og:type\" content=\"article\" \/>\n<meta property=\"og:title\" content=\"Corsinel Vy\u00f6 15 - Meditex\" \/>\n<meta property=\"og:description\" content=\"Maksimaalista tukea tarjoava avanne- ja tyr\u00e4vy\u00f6.\" \/>\n<meta property=\"og:url\" content=\"https:\/\/meditex.ee\/fi\/tuote\/corsinel-vyo-15\/\" \/>\n<meta property=\"og:site_name\" content=\"Meditex\" \/>\n<meta property=\"article:publisher\" content=\"https:\/\/www.facebook.com\/meditexepood\/\" \/>\n<meta property=\"article:modified_time\" content=\"2019-11-03T09:01:15+00:00\" \/>\n<meta property=\"og:image\" content=\"https:\/\/meditex.ee\/wp-content\/uploads\/2018\/04\/Corsinel-Maxsupp-15.png\" \/>\n\t<meta property=\"og:image:width\" content=\"600\" \/>\n\t<meta property=\"og:image:height\" content=\"600\" \/>\n\t<meta property=\"og:image:type\" content=\"image\/png\" \/>\n<meta name=\"twitter:card\" content=\"summary_large_image\" \/>\n<meta name=\"twitter:label1\" content=\"Arvioitu lukuaika\" \/>\n\t<meta name=\"twitter:data1\" content=\"1 minuutti\" \/>\n<script type=\"application\/ld+json\" class=\"yoast-schema-graph\">{\"@context\":\"https:\\\/\\\/schema.org\",\"@graph\":[{\"@type\":\"WebPage\",\"@id\":\"https:\\\/\\\/meditex.ee\\\/fi\\\/tuote\\\/corsinel-vyo-15\\\/\",\"url\":\"https:\\\/\\\/meditex.ee\\\/fi\\\/tuote\\\/corsinel-vyo-15\\\/\",\"name\":\"Corsinel Vy\u00f6 15 - Meditex\",\"isPartOf\":{\"@id\":\"https:\\\/\\\/meditex.ee\\\/en\\\/#website\"},\"primaryImageOfPage\":{\"@id\":\"https:\\\/\\\/meditex.ee\\\/fi\\\/tuote\\\/corsinel-vyo-15\\\/#primaryimage\"},\"image\":{\"@id\":\"https:\\\/\\\/meditex.ee\\\/fi\\\/tuote\\\/corsinel-vyo-15\\\/#primaryimage\"},\"thumbnailUrl\":\"https:\\\/\\\/meditex.ee\\\/wp-content\\\/uploads\\\/2018\\\/04\\\/Corsinel-Maxsupp-15.png\",\"datePublished\":\"2019-11-03T09:00:32+00:00\",\"dateModified\":\"2019-11-03T09:01:15+00:00\",\"breadcrumb\":{\"@id\":\"https:\\\/\\\/meditex.ee\\\/fi\\\/tuote\\\/corsinel-vyo-15\\\/#breadcrumb\"},\"inLanguage\":\"fi\",\"potentialAction\":[{\"@type\":\"ReadAction\",\"target\":[\"https:\\\/\\\/meditex.ee\\\/fi\\\/tuote\\\/corsinel-vyo-15\\\/\"]}]},{\"@type\":\"ImageObject\",\"inLanguage\":\"fi\",\"@id\":\"https:\\\/\\\/meditex.ee\\\/fi\\\/tuote\\\/corsinel-vyo-15\\\/#primaryimage\",\"url\":\"https:\\\/\\\/meditex.ee\\\/wp-content\\\/uploads\\\/2018\\\/04\\\/Corsinel-Maxsupp-15.png\",\"contentUrl\":\"https:\\\/\\\/meditex.ee\\\/wp-content\\\/uploads\\\/2018\\\/04\\\/Corsinel-Maxsupp-15.png\",\"width\":600,\"height\":600},{\"@type\":\"BreadcrumbList\",\"@id\":\"https:\\\/\\\/meditex.ee\\\/fi\\\/tuote\\\/corsinel-vyo-15\\\/#breadcrumb\",\"itemListElement\":[{\"@type\":\"ListItem\",\"position\":1,\"name\":\"Home\",\"item\":\"https:\\\/\\\/meditex.ee\\\/fi\\\/\"},{\"@type\":\"ListItem\",\"position\":2,\"name\":\"Verkkokauppa\",\"item\":\"https:\\\/\\\/meditex.ee\\\/fi\\\/verkkokauppa\\\/\"},{\"@type\":\"ListItem\",\"position\":3,\"name\":\"Corsinel Vy\u00f6 15\"}]},{\"@type\":\"WebSite\",\"@id\":\"https:\\\/\\\/meditex.ee\\\/en\\\/#website\",\"url\":\"https:\\\/\\\/meditex.ee\\\/en\\\/\",\"name\":\"Meditex\",\"description\":\"\",\"publisher\":{\"@id\":\"https:\\\/\\\/meditex.ee\\\/en\\\/#organization\"},\"potentialAction\":[{\"@type\":\"SearchAction\",\"target\":{\"@type\":\"EntryPoint\",\"urlTemplate\":\"https:\\\/\\\/meditex.ee\\\/en\\\/?s={search_term_string}\"},\"query-input\":{\"@type\":\"PropertyValueSpecification\",\"valueRequired\":true,\"valueName\":\"search_term_string\"}}],\"inLanguage\":\"fi\"},{\"@type\":\"Organization\",\"@id\":\"https:\\\/\\\/meditex.ee\\\/en\\\/#organization\",\"name\":\"Meditex\",\"url\":\"https:\\\/\\\/meditex.ee\\\/en\\\/\",\"logo\":{\"@type\":\"ImageObject\",\"inLanguage\":\"fi\",\"@id\":\"https:\\\/\\\/meditex.ee\\\/en\\\/#\\\/schema\\\/logo\\\/image\\\/\",\"url\":\"https:\\\/\\\/meditex.ee\\\/wp-content\\\/uploads\\\/2018\\\/03\\\/mdtx_logo.png\",\"contentUrl\":\"https:\\\/\\\/meditex.ee\\\/wp-content\\\/uploads\\\/2018\\\/03\\\/mdtx_logo.png\",\"width\":669,\"height\":235,\"caption\":\"Meditex\"},\"image\":{\"@id\":\"https:\\\/\\\/meditex.ee\\\/en\\\/#\\\/schema\\\/logo\\\/image\\\/\"},\"sameAs\":[\"https:\\\/\\\/www.facebook.com\\\/meditexepood\\\/\"]}]}<\/script>\n<!-- \/ Yoast SEO plugin. -->","yoast_head_json":{"title":"Corsinel Vy\u00f6 15 - Meditex","robots":{"index":"index","follow":"follow","max-snippet":"max-snippet:-1","max-image-preview":"max-image-preview:large","max-video-preview":"max-video-preview:-1"},"canonical":"https:\/\/meditex.ee\/fi\/tuote\/corsinel-vyo-15\/","og_locale":"fi_FI","og_type":"article","og_title":"Corsinel Vy\u00f6 15 - Meditex","og_description":"Maksimaalista tukea tarjoava avanne- ja tyr\u00e4vy\u00f6.","og_url":"https:\/\/meditex.ee\/fi\/tuote\/corsinel-vyo-15\/","og_site_name":"Meditex","article_publisher":"https:\/\/www.facebook.com\/meditexepood\/","article_modified_time":"2019-11-03T09:01:15+00:00","og_image":[{"width":600,"height":600,"url":"https:\/\/meditex.ee\/wp-content\/uploads\/2018\/04\/Corsinel-Maxsupp-15.png","type":"image\/png"}],"twitter_card":"summary_large_image","twitter_misc":{"Arvioitu lukuaika":"1 minuutti"},"schema":{"@context":"https:\/\/schema.org","@graph":[{"@type":"WebPage","@id":"https:\/\/meditex.ee\/fi\/tuote\/corsinel-vyo-15\/","url":"https:\/\/meditex.ee\/fi\/tuote\/corsinel-vyo-15\/","name":"Corsinel Vy\u00f6 15 - Meditex","isPartOf":{"@id":"https:\/\/meditex.ee\/en\/#website"},"primaryImageOfPage":{"@id":"https:\/\/meditex.ee\/fi\/tuote\/corsinel-vyo-15\/#primaryimage"},"image":{"@id":"https:\/\/meditex.ee\/fi\/tuote\/corsinel-vyo-15\/#primaryimage"},"thumbnailUrl":"https:\/\/meditex.ee\/wp-content\/uploads\/2018\/04\/Corsinel-Maxsupp-15.png","datePublished":"2019-11-03T09:00:32+00:00","dateModified":"2019-11-03T09:01:15+00:00","breadcrumb":{"@id":"https:\/\/meditex.ee\/fi\/tuote\/corsinel-vyo-15\/#breadcrumb"},"inLanguage":"fi","potentialAction":[{"@type":"ReadAction","target":["https:\/\/meditex.ee\/fi\/tuote\/corsinel-vyo-15\/"]}]},{"@type":"ImageObject","inLanguage":"fi","@id":"https:\/\/meditex.ee\/fi\/tuote\/corsinel-vyo-15\/#primaryimage","url":"https:\/\/meditex.ee\/wp-content\/uploads\/2018\/04\/Corsinel-Maxsupp-15.png","contentUrl":"https:\/\/meditex.ee\/wp-content\/uploads\/2018\/04\/Corsinel-Maxsupp-15.png","width":600,"height":600},{"@type":"BreadcrumbList","@id":"https:\/\/meditex.ee\/fi\/tuote\/corsinel-vyo-15\/#breadcrumb","itemListElement":[{"@type":"ListItem","position":1,"name":"Home","item":"https:\/\/meditex.ee\/fi\/"},{"@type":"ListItem","position":2,"name":"Verkkokauppa","item":"https:\/\/meditex.ee\/fi\/verkkokauppa\/"},{"@type":"ListItem","position":3,"name":"Corsinel Vy\u00f6 15"}]},{"@type":"WebSite","@id":"https:\/\/meditex.ee\/en\/#website","url":"https:\/\/meditex.ee\/en\/","name":"Meditex","description":"","publisher":{"@id":"https:\/\/meditex.ee\/en\/#organization"},"potentialAction":[{"@type":"SearchAction","target":{"@type":"EntryPoint","urlTemplate":"https:\/\/meditex.ee\/en\/?s={search_term_string}"},"query-input":{"@type":"PropertyValueSpecification","valueRequired":true,"valueName":"search_term_string"}}],"inLanguage":"fi"},{"@type":"Organization","@id":"https:\/\/meditex.ee\/en\/#organization","name":"Meditex","url":"https:\/\/meditex.ee\/en\/","logo":{"@type":"ImageObject","inLanguage":"fi","@id":"https:\/\/meditex.ee\/en\/#\/schema\/logo\/image\/","url":"https:\/\/meditex.ee\/wp-content\/uploads\/2018\/03\/mdtx_logo.png","contentUrl":"https:\/\/meditex.ee\/wp-content\/uploads\/2018\/03\/mdtx_logo.png","width":669,"height":235,"caption":"Meditex"},"image":{"@id":"https:\/\/meditex.ee\/en\/#\/schema\/logo\/image\/"},"sameAs":["https:\/\/www.facebook.com\/meditexepood\/"]}]}},"_links":{"self":[{"href":"https:\/\/meditex.ee\/fi\/wp-json\/wp\/v2\/product\/7077","targetHints":{"allow":["GET"]}}],"collection":[{"href":"https:\/\/meditex.ee\/fi\/wp-json\/wp\/v2\/product"}],"about":[{"href":"https:\/\/meditex.ee\/fi\/wp-json\/wp\/v2\/types\/product"}],"wp:featuredmedia":[{"embeddable":true,"href":"https:\/\/meditex.ee\/fi\/wp-json\/wp\/v2\/media\/10625"}],"wp:attachment":[{"href":"https:\/\/meditex.ee\/fi\/wp-json\/wp\/v2\/media?parent=7077"}],"wp:term":[{"taxonomy":"product_brand","embeddable":true,"href":"https:\/\/meditex.ee\/fi\/wp-json\/wp\/v2\/product_brand?post=7077"},{"taxonomy":"product_cat","embeddable":true,"href":"https:\/\/meditex.ee\/fi\/wp-json\/wp\/v2\/product_cat?post=7077"},{"taxonomy":"product_tag","embeddable":true,"href":"https:\/\/meditex.ee\/fi\/wp-json\/wp\/v2\/product_tag?post=7077"}],"curies":[{"name":"wp","href":"https:\/\/api.w.org\/{rel}","templated":true}]}}