{"id":7045,"date":"2018-04-04T07:19:04","date_gmt":"2019-11-03T07:57:37","guid":{"rendered":"https:\/\/meditex.ee\/?post_type=product&#038;p=7045"},"modified":"2026-02-23T11:20:21","modified_gmt":"2026-02-23T11:20:21","slug":"corsinel-regular-naisten-tavalliset-korkeat-alushousut","status":"publish","type":"product","link":"https:\/\/meditex.ee\/fi\/tuote\/corsinel-regular-naisten-tavalliset-korkeat-alushousut\/","title":{"rendered":"Corsinel Regular naisten tavalliset korkeat alushousut"},"content":{"rendered":"<div class=\"row row-small align-bottom\"  id=\"row-376946203\">\n\n\t<div id=\"col-490992399\" class=\"col medium-4 small-12 large-4\"  >\n\t\t\t\t<div class=\"col-inner\"  >\n\t\t\t\n\t\t\t\n\t<div class=\"img has-hover x md-x lg-x y md-y lg-y\" id=\"image_1073027017\">\n\t\t\t\t\t\t\t\t<div class=\"img-inner dark\" >\n\t\t\t<img decoding=\"async\" width=\"419\" height=\"420\" src=\"https:\/\/meditex.ee\/wp-content\/uploads\/2018\/03\/Corsinel-compression-level-icon_MEDIUM.png\" class=\"attachment-large size-large\" alt=\"\" srcset=\"https:\/\/meditex.ee\/wp-content\/uploads\/2018\/03\/Corsinel-compression-level-icon_MEDIUM.png 419w, https:\/\/meditex.ee\/wp-content\/uploads\/2018\/03\/Corsinel-compression-level-icon_MEDIUM-100x100.png 100w, https:\/\/meditex.ee\/wp-content\/uploads\/2018\/03\/Corsinel-compression-level-icon_MEDIUM-280x280.png 280w, https:\/\/meditex.ee\/wp-content\/uploads\/2018\/03\/Corsinel-compression-level-icon_MEDIUM-399x400.png 399w, https:\/\/meditex.ee\/wp-content\/uploads\/2018\/03\/Corsinel-compression-level-icon_MEDIUM-300x300.png 300w\" sizes=\"(max-width: 419px) 100vw, 419px\" \/>\t\t\t\t\t\t\n\t\t\t\t\t<\/div>\n\t\t\t\t\t\t\t\t\n<style>\n#image_1073027017 {\n  width: 30%;\n}\n<\/style>\n\t<\/div>\n\t\n\t\t<\/div>\n\t\t\t\t\t<\/div>\n\n\t\n\n\t<div id=\"col-1195371183\" class=\"col medium-4 small-12 large-4\"  >\n\t\t\t\t<div class=\"col-inner\"  >\n\t\t\t\n\t\t\t\n\t\t<\/div>\n\t\t\t\t\t<\/div>\n\n\t\n\n\t<div id=\"col-840157738\" class=\"col medium-4 small-12 large-4\"  >\n\t\t\t\t<div class=\"col-inner text-right\"  >\n\t\t\t\n\t\t\t\n\t<div class=\"img has-hover x md-x lg-x y md-y lg-y\" id=\"image_1675530915\">\n\t\t\t\t\t\t\t\t<div class=\"img-inner dark\" >\n\t\t\t<img decoding=\"async\" width=\"1020\" height=\"274\" src=\"https:\/\/meditex.ee\/wp-content\/uploads\/2018\/03\/Corsinel_Live-as-you-like_200mm-1400x376.png\" class=\"attachment-large size-large\" alt=\"\" srcset=\"https:\/\/meditex.ee\/wp-content\/uploads\/2018\/03\/Corsinel_Live-as-you-like_200mm-1400x376.png 1400w, https:\/\/meditex.ee\/wp-content\/uploads\/2018\/03\/Corsinel_Live-as-you-like_200mm-510x137.png 510w, https:\/\/meditex.ee\/wp-content\/uploads\/2018\/03\/Corsinel_Live-as-you-like_200mm-800x215.png 800w, https:\/\/meditex.ee\/wp-content\/uploads\/2018\/03\/Corsinel_Live-as-you-like_200mm-768x206.png 768w, https:\/\/meditex.ee\/wp-content\/uploads\/2018\/03\/Corsinel_Live-as-you-like_200mm-600x161.png 600w\" sizes=\"(max-width: 1020px) 100vw, 1020px\" \/>\t\t\t\t\t\t\n\t\t\t\t\t<\/div>\n\t\t\t\t\t\t\t\t\n<style>\n#image_1675530915 {\n  width: 50%;\n}\n<\/style>\n\t<\/div>\n\t\n\t\t<\/div>\n\t\t\t\t\t<\/div>\n\n\t\n<\/div>\n<p style=\"text-align: left;\"><span style=\"font-size: 100%; color: #000000;\">Naisten tavalliset korkeat Corsinel-alushousut on suunniteltu tarjoamaan lis\u00e4tukea avannepussille. Naisten tavalliset korkeat Corsinel-alushousut tukevat ja lievitt\u00e4v\u00e4t my\u00f6s parastomaalista tyr\u00e4\u00e4, napatyr\u00e4\u00e4, epigastrista tyr\u00e4\u00e4 tai vatsa-arpityr\u00e4\u00e4. Alushousujen tuki tarjoaa helpotusta, lievityst\u00e4, edist\u00e4\u00e4 liikkuvuutta, kumoaa painovoiman tunteen ja lievitt\u00e4\u00e4 siten kipua. Alushousut voivat my\u00f6s v\u00e4hent\u00e4\u00e4 tyr\u00e4n kehittymisen riski\u00e4. Ota yhteys l\u00e4\u00e4k\u00e4riisi tai sairaanhoitajaasi saadaksesi suosituksia pituudesta ja k\u00e4yt\u00f6st\u00e4.<\/span><\/p>\n<p style=\"text-align: left;\"><strong><span style=\"font-size: 100%; color: #000000;\">Ominaisuudet:<\/span><\/strong><\/p>\n<ul>\n<li style=\"text-align: left;\"><span style=\"font-size: 100%; color: #000000;\">Naisten tavallisten korkeiden Corsinel-alushousujen vahva yl\u00e4osa tukee pussia ja\/tai tyr\u00e4\u00e4 ja alaosa on pehme\u00e4mp\u00e4\u00e4 materiaalia, mik\u00e4 helpottaa pukemista ja riisumista.<\/span><\/li>\n<li style=\"text-align: left;\"><span style=\"font-size: 100%; color: #000000;\">Suunniteltu tavallisiksi alusvaatteiksi<\/span><\/li>\n<li style=\"text-align: left;\"><span style=\"font-size: 100%; color: #000000;\">Parantaa ulkon\u00e4k\u00f6\u00e4, takaa huomaamattomuuden ja rohkaisee sosiaaliseen el\u00e4m\u00e4\u00e4n<\/span><\/li>\n<li style=\"text-align: left;\"><span style=\"font-size: 100%; color: #000000;\">Ilmaa, kosteutta l\u00e4p\u00e4isev\u00e4 ja ihoyst\u00e4v\u00e4llinen materiaali<\/span><\/li>\n<li style=\"text-align: left;\"><span style=\"font-size: 100%; color: #000000;\">4-suuntainen joustavuus lis\u00e4\u00e4 liikkumisvapautta ja tukevaa istuvuutta<\/span><\/li>\n<li style=\"text-align: left;\"><span style=\"font-size: 100%; color: #000000;\">Saumaton malli takaa optimaalisen ihoyst\u00e4v\u00e4llisyyden<\/span><\/li>\n<li style=\"text-align: left;\"><span style=\"font-size: 100%; color: #000000;\">Pest\u00e4v\u00e4<\/span><\/li>\n<li style=\"text-align: left;\"><span style=\"font-size: 100%; color: #000000;\">Ei sis\u00e4ll\u00e4 lateksia<\/span><\/li>\n<li>\n<p style=\"text-align: left;\"><span style=\"font-size: 100%; color: #000000;\">24 tuntiseen k\u00e4ytt\u00f6\u00f6n<\/span><\/p>\n<\/li>\n<\/ul>\n<p>KOKO:<\/p>\n<div class=\"row\"  id=\"row-20992516\">\n\n\t<div id=\"col-2001547809\" class=\"col medium-8 small-12 large-8\"  >\n\t\t\t\t<div class=\"col-inner\"  >\n\t\t\t\n\t\t\t\n\t<div class=\"img has-hover x md-x lg-x y md-y lg-y\" id=\"image_898542012\">\n\t\t\t\t\t\t\t\t<div class=\"img-inner dark\" >\n\t\t\t<img decoding=\"async\" width=\"427\" height=\"202\" src=\"https:\/\/meditex.ee\/wp-content\/uploads\/2019\/11\/naiste_fi.png\" class=\"attachment-large size-large\" alt=\"\" \/>\t\t\t\t\t\t\n\t\t\t\t\t<\/div>\n\t\t\t\t\t\t\t\t\n<style>\n#image_898542012 {\n  width: 80%;\n}\n<\/style>\n\t<\/div>\n\t\n\t\t<\/div>\n\t\t\t\t\t<\/div>\n\n\t\n\n\t<div id=\"col-770320718\" class=\"col medium-4 small-12 large-4\"  >\n\t\t\t\t<div class=\"col-inner\"  >\n\t\t\t\n\t\t\t\n\t\t<\/div>\n\t\t\t\t\t<\/div>\n\n\t\n<\/div>\n<p style=\"text-align: left;\"><span style=\"font-size: 100%; color: #000000;\">HUOMAUTUS: Jos haluat enemm\u00e4n tukea, valitse yht\u00e4 kokoa pienempi ja jos haluat v\u00e4hemm\u00e4n tukea, valitse yht\u00e4 kokoa suurempi.<\/span><\/p>\n<p style=\"text-align: left;\"><span style=\"font-size: 100%; color: #000000;\">T\u00c4RKE\u00c4\u00c4: Mittaa itsesi aina l\u00f6yt\u00e4\u00e4ksesi oikean koon!<\/span><\/p>\n","protected":false},"excerpt":{"rendered":"<p style=\"text-align: left;\"><span style=\"font-size: 75%; color: #000000;\">Naisten kohtalaista tukea tarjoavat avanne- ja tyr\u00e4alusvaatteet.<\/span><\/p>\n","protected":false},"featured_media":10581,"template":"","meta":[],"product_brand":[],"product_cat":[231],"product_tag":[225,228],"class_list":{"0":"post-7045","1":"product","2":"type-product","3":"status-publish","4":"has-post-thumbnail","6":"product_cat-avanne-ja-tyraalusvaatteet","7":"product_tag-corsinel-fi","8":"product_tag-kohtalainen-tuki","10":"first","11":"instock","12":"taxable","13":"shipping-taxable","14":"purchasable","15":"product-type-variable"},"yoast_head":"<!-- This site is optimized with the Yoast SEO plugin v27.3 - https:\/\/yoast.com\/product\/yoast-seo-wordpress\/ -->\n<title>Corsinel Regular naisten tavalliset korkeat alushousut - Meditex<\/title>\n<meta name=\"description\" content=\"Naisten korkeat Corsinel alusvaatteet avanneleikatuille on suunniteltu tarjoamaan lis\u00e4tukea avannepussille. 4-suuntainen joustavuus.\" \/>\n<meta name=\"robots\" content=\"index, follow, max-snippet:-1, max-image-preview:large, max-video-preview:-1\" \/>\n<link rel=\"canonical\" href=\"https:\/\/meditex.ee\/fi\/tuote\/corsinel-regular-naisten-tavalliset-korkeat-alushousut\/\" \/>\n<meta property=\"og:locale\" content=\"fi_FI\" \/>\n<meta property=\"og:type\" content=\"article\" \/>\n<meta property=\"og:title\" content=\"Corsinel Regular naisten tavalliset korkeat alushousut - Meditex\" \/>\n<meta property=\"og:description\" content=\"Naisten korkeat Corsinel alusvaatteet avanneleikatuille on suunniteltu tarjoamaan lis\u00e4tukea avannepussille. 4-suuntainen joustavuus.\" \/>\n<meta property=\"og:url\" content=\"https:\/\/meditex.ee\/fi\/tuote\/corsinel-regular-naisten-tavalliset-korkeat-alushousut\/\" \/>\n<meta property=\"og:site_name\" content=\"Meditex\" \/>\n<meta property=\"article:publisher\" content=\"https:\/\/www.facebook.com\/meditexepood\/\" \/>\n<meta property=\"article:modified_time\" content=\"2026-02-23T11:20:21+00:00\" \/>\n<meta property=\"og:image\" content=\"https:\/\/meditex.ee\/wp-content\/uploads\/2018\/04\/Corsinel-naiste-k\u00f5rge.png\" \/>\n\t<meta property=\"og:image:width\" content=\"800\" \/>\n\t<meta property=\"og:image:height\" content=\"800\" \/>\n\t<meta property=\"og:image:type\" content=\"image\/png\" \/>\n<meta name=\"twitter:card\" content=\"summary_large_image\" \/>\n<meta name=\"twitter:label1\" content=\"Arvioitu lukuaika\" \/>\n\t<meta name=\"twitter:data1\" content=\"1 minuutti\" \/>\n<script type=\"application\/ld+json\" class=\"yoast-schema-graph\">{\"@context\":\"https:\\\/\\\/schema.org\",\"@graph\":[{\"@type\":\"WebPage\",\"@id\":\"https:\\\/\\\/meditex.ee\\\/fi\\\/tuote\\\/corsinel-regular-naisten-tavalliset-korkeat-alushousut\\\/\",\"url\":\"https:\\\/\\\/meditex.ee\\\/fi\\\/tuote\\\/corsinel-regular-naisten-tavalliset-korkeat-alushousut\\\/\",\"name\":\"Corsinel Regular naisten tavalliset korkeat alushousut - Meditex\",\"isPartOf\":{\"@id\":\"https:\\\/\\\/meditex.ee\\\/en\\\/#website\"},\"primaryImageOfPage\":{\"@id\":\"https:\\\/\\\/meditex.ee\\\/fi\\\/tuote\\\/corsinel-regular-naisten-tavalliset-korkeat-alushousut\\\/#primaryimage\"},\"image\":{\"@id\":\"https:\\\/\\\/meditex.ee\\\/fi\\\/tuote\\\/corsinel-regular-naisten-tavalliset-korkeat-alushousut\\\/#primaryimage\"},\"thumbnailUrl\":\"https:\\\/\\\/meditex.ee\\\/wp-content\\\/uploads\\\/2018\\\/04\\\/Corsinel-naiste-k\u00f5rge.png\",\"datePublished\":\"2019-11-03T07:57:37+00:00\",\"dateModified\":\"2026-02-23T11:20:21+00:00\",\"description\":\"Naisten korkeat Corsinel alusvaatteet avanneleikatuille on suunniteltu tarjoamaan lis\u00e4tukea avannepussille. 4-suuntainen joustavuus.\",\"breadcrumb\":{\"@id\":\"https:\\\/\\\/meditex.ee\\\/fi\\\/tuote\\\/corsinel-regular-naisten-tavalliset-korkeat-alushousut\\\/#breadcrumb\"},\"inLanguage\":\"fi\",\"potentialAction\":[{\"@type\":\"ReadAction\",\"target\":[\"https:\\\/\\\/meditex.ee\\\/fi\\\/tuote\\\/corsinel-regular-naisten-tavalliset-korkeat-alushousut\\\/\"]}]},{\"@type\":\"ImageObject\",\"inLanguage\":\"fi\",\"@id\":\"https:\\\/\\\/meditex.ee\\\/fi\\\/tuote\\\/corsinel-regular-naisten-tavalliset-korkeat-alushousut\\\/#primaryimage\",\"url\":\"https:\\\/\\\/meditex.ee\\\/wp-content\\\/uploads\\\/2018\\\/04\\\/Corsinel-naiste-k\u00f5rge.png\",\"contentUrl\":\"https:\\\/\\\/meditex.ee\\\/wp-content\\\/uploads\\\/2018\\\/04\\\/Corsinel-naiste-k\u00f5rge.png\",\"width\":800,\"height\":800,\"caption\":\"Cornaiste stoomi ja songa aluspesu\"},{\"@type\":\"BreadcrumbList\",\"@id\":\"https:\\\/\\\/meditex.ee\\\/fi\\\/tuote\\\/corsinel-regular-naisten-tavalliset-korkeat-alushousut\\\/#breadcrumb\",\"itemListElement\":[{\"@type\":\"ListItem\",\"position\":1,\"name\":\"Home\",\"item\":\"https:\\\/\\\/meditex.ee\\\/fi\\\/\"},{\"@type\":\"ListItem\",\"position\":2,\"name\":\"Verkkokauppa\",\"item\":\"https:\\\/\\\/meditex.ee\\\/fi\\\/verkkokauppa\\\/\"},{\"@type\":\"ListItem\",\"position\":3,\"name\":\"Corsinel Regular naisten tavalliset korkeat alushousut\"}]},{\"@type\":\"WebSite\",\"@id\":\"https:\\\/\\\/meditex.ee\\\/en\\\/#website\",\"url\":\"https:\\\/\\\/meditex.ee\\\/en\\\/\",\"name\":\"Meditex\",\"description\":\"\",\"publisher\":{\"@id\":\"https:\\\/\\\/meditex.ee\\\/en\\\/#organization\"},\"potentialAction\":[{\"@type\":\"SearchAction\",\"target\":{\"@type\":\"EntryPoint\",\"urlTemplate\":\"https:\\\/\\\/meditex.ee\\\/en\\\/?s={search_term_string}\"},\"query-input\":{\"@type\":\"PropertyValueSpecification\",\"valueRequired\":true,\"valueName\":\"search_term_string\"}}],\"inLanguage\":\"fi\"},{\"@type\":\"Organization\",\"@id\":\"https:\\\/\\\/meditex.ee\\\/en\\\/#organization\",\"name\":\"Meditex\",\"url\":\"https:\\\/\\\/meditex.ee\\\/en\\\/\",\"logo\":{\"@type\":\"ImageObject\",\"inLanguage\":\"fi\",\"@id\":\"https:\\\/\\\/meditex.ee\\\/en\\\/#\\\/schema\\\/logo\\\/image\\\/\",\"url\":\"https:\\\/\\\/meditex.ee\\\/wp-content\\\/uploads\\\/2018\\\/03\\\/mdtx_logo.png\",\"contentUrl\":\"https:\\\/\\\/meditex.ee\\\/wp-content\\\/uploads\\\/2018\\\/03\\\/mdtx_logo.png\",\"width\":669,\"height\":235,\"caption\":\"Meditex\"},\"image\":{\"@id\":\"https:\\\/\\\/meditex.ee\\\/en\\\/#\\\/schema\\\/logo\\\/image\\\/\"},\"sameAs\":[\"https:\\\/\\\/www.facebook.com\\\/meditexepood\\\/\"]}]}<\/script>\n<!-- \/ Yoast SEO plugin. -->","yoast_head_json":{"title":"Corsinel Regular naisten tavalliset korkeat alushousut - Meditex","description":"Naisten korkeat Corsinel alusvaatteet avanneleikatuille on suunniteltu tarjoamaan lis\u00e4tukea avannepussille. 4-suuntainen joustavuus.","robots":{"index":"index","follow":"follow","max-snippet":"max-snippet:-1","max-image-preview":"max-image-preview:large","max-video-preview":"max-video-preview:-1"},"canonical":"https:\/\/meditex.ee\/fi\/tuote\/corsinel-regular-naisten-tavalliset-korkeat-alushousut\/","og_locale":"fi_FI","og_type":"article","og_title":"Corsinel Regular naisten tavalliset korkeat alushousut - Meditex","og_description":"Naisten korkeat Corsinel alusvaatteet avanneleikatuille on suunniteltu tarjoamaan lis\u00e4tukea avannepussille. 4-suuntainen joustavuus.","og_url":"https:\/\/meditex.ee\/fi\/tuote\/corsinel-regular-naisten-tavalliset-korkeat-alushousut\/","og_site_name":"Meditex","article_publisher":"https:\/\/www.facebook.com\/meditexepood\/","article_modified_time":"2026-02-23T11:20:21+00:00","og_image":[{"width":800,"height":800,"url":"https:\/\/meditex.ee\/wp-content\/uploads\/2018\/04\/Corsinel-naiste-k\u00f5rge.png","type":"image\/png"}],"twitter_card":"summary_large_image","twitter_misc":{"Arvioitu lukuaika":"1 minuutti"},"schema":{"@context":"https:\/\/schema.org","@graph":[{"@type":"WebPage","@id":"https:\/\/meditex.ee\/fi\/tuote\/corsinel-regular-naisten-tavalliset-korkeat-alushousut\/","url":"https:\/\/meditex.ee\/fi\/tuote\/corsinel-regular-naisten-tavalliset-korkeat-alushousut\/","name":"Corsinel Regular naisten tavalliset korkeat alushousut - Meditex","isPartOf":{"@id":"https:\/\/meditex.ee\/en\/#website"},"primaryImageOfPage":{"@id":"https:\/\/meditex.ee\/fi\/tuote\/corsinel-regular-naisten-tavalliset-korkeat-alushousut\/#primaryimage"},"image":{"@id":"https:\/\/meditex.ee\/fi\/tuote\/corsinel-regular-naisten-tavalliset-korkeat-alushousut\/#primaryimage"},"thumbnailUrl":"https:\/\/meditex.ee\/wp-content\/uploads\/2018\/04\/Corsinel-naiste-k\u00f5rge.png","datePublished":"2019-11-03T07:57:37+00:00","dateModified":"2026-02-23T11:20:21+00:00","description":"Naisten korkeat Corsinel alusvaatteet avanneleikatuille on suunniteltu tarjoamaan lis\u00e4tukea avannepussille. 4-suuntainen joustavuus.","breadcrumb":{"@id":"https:\/\/meditex.ee\/fi\/tuote\/corsinel-regular-naisten-tavalliset-korkeat-alushousut\/#breadcrumb"},"inLanguage":"fi","potentialAction":[{"@type":"ReadAction","target":["https:\/\/meditex.ee\/fi\/tuote\/corsinel-regular-naisten-tavalliset-korkeat-alushousut\/"]}]},{"@type":"ImageObject","inLanguage":"fi","@id":"https:\/\/meditex.ee\/fi\/tuote\/corsinel-regular-naisten-tavalliset-korkeat-alushousut\/#primaryimage","url":"https:\/\/meditex.ee\/wp-content\/uploads\/2018\/04\/Corsinel-naiste-k\u00f5rge.png","contentUrl":"https:\/\/meditex.ee\/wp-content\/uploads\/2018\/04\/Corsinel-naiste-k\u00f5rge.png","width":800,"height":800,"caption":"Cornaiste stoomi ja songa aluspesu"},{"@type":"BreadcrumbList","@id":"https:\/\/meditex.ee\/fi\/tuote\/corsinel-regular-naisten-tavalliset-korkeat-alushousut\/#breadcrumb","itemListElement":[{"@type":"ListItem","position":1,"name":"Home","item":"https:\/\/meditex.ee\/fi\/"},{"@type":"ListItem","position":2,"name":"Verkkokauppa","item":"https:\/\/meditex.ee\/fi\/verkkokauppa\/"},{"@type":"ListItem","position":3,"name":"Corsinel Regular naisten tavalliset korkeat alushousut"}]},{"@type":"WebSite","@id":"https:\/\/meditex.ee\/en\/#website","url":"https:\/\/meditex.ee\/en\/","name":"Meditex","description":"","publisher":{"@id":"https:\/\/meditex.ee\/en\/#organization"},"potentialAction":[{"@type":"SearchAction","target":{"@type":"EntryPoint","urlTemplate":"https:\/\/meditex.ee\/en\/?s={search_term_string}"},"query-input":{"@type":"PropertyValueSpecification","valueRequired":true,"valueName":"search_term_string"}}],"inLanguage":"fi"},{"@type":"Organization","@id":"https:\/\/meditex.ee\/en\/#organization","name":"Meditex","url":"https:\/\/meditex.ee\/en\/","logo":{"@type":"ImageObject","inLanguage":"fi","@id":"https:\/\/meditex.ee\/en\/#\/schema\/logo\/image\/","url":"https:\/\/meditex.ee\/wp-content\/uploads\/2018\/03\/mdtx_logo.png","contentUrl":"https:\/\/meditex.ee\/wp-content\/uploads\/2018\/03\/mdtx_logo.png","width":669,"height":235,"caption":"Meditex"},"image":{"@id":"https:\/\/meditex.ee\/en\/#\/schema\/logo\/image\/"},"sameAs":["https:\/\/www.facebook.com\/meditexepood\/"]}]}},"_links":{"self":[{"href":"https:\/\/meditex.ee\/fi\/wp-json\/wp\/v2\/product\/7045","targetHints":{"allow":["GET"]}}],"collection":[{"href":"https:\/\/meditex.ee\/fi\/wp-json\/wp\/v2\/product"}],"about":[{"href":"https:\/\/meditex.ee\/fi\/wp-json\/wp\/v2\/types\/product"}],"wp:featuredmedia":[{"embeddable":true,"href":"https:\/\/meditex.ee\/fi\/wp-json\/wp\/v2\/media\/10581"}],"wp:attachment":[{"href":"https:\/\/meditex.ee\/fi\/wp-json\/wp\/v2\/media?parent=7045"}],"wp:term":[{"taxonomy":"product_brand","embeddable":true,"href":"https:\/\/meditex.ee\/fi\/wp-json\/wp\/v2\/product_brand?post=7045"},{"taxonomy":"product_cat","embeddable":true,"href":"https:\/\/meditex.ee\/fi\/wp-json\/wp\/v2\/product_cat?post=7045"},{"taxonomy":"product_tag","embeddable":true,"href":"https:\/\/meditex.ee\/fi\/wp-json\/wp\/v2\/product_tag?post=7045"}],"curies":[{"name":"wp","href":"https:\/\/api.w.org\/{rel}","templated":true}]}}