{"id":7034,"date":"2018-04-04T08:40:13","date_gmt":"2019-11-03T07:48:58","guid":{"rendered":"https:\/\/meditex.ee\/?post_type=product&#038;p=7034"},"modified":"2025-12-10T13:15:23","modified_gmt":"2025-12-10T13:15:23","slug":"regular-men","status":"publish","type":"product","link":"https:\/\/meditex.ee\/fi\/tuote\/regular-men\/","title":{"rendered":"Corsinel Regular miesten stoma- ja songa-bokserit"},"content":{"rendered":"<div class=\"row row-small align-bottom\"  id=\"row-1589767459\">\n\n\t<div id=\"col-1233456940\" class=\"col medium-4 small-12 large-4\"  >\n\t\t\t\t<div class=\"col-inner\"  >\n\t\t\t\n\t\t\t\n\t<div class=\"img has-hover x md-x lg-x y md-y lg-y\" id=\"image_2045370200\">\n\t\t\t\t\t\t\t\t<div class=\"img-inner dark\" >\n\t\t\t<img fetchpriority=\"high\" decoding=\"async\" width=\"419\" height=\"420\" src=\"https:\/\/meditex.ee\/wp-content\/uploads\/2018\/03\/Corsinel-compression-level-icon_MEDIUM.png\" class=\"attachment-large size-large\" alt=\"\" srcset=\"https:\/\/meditex.ee\/wp-content\/uploads\/2018\/03\/Corsinel-compression-level-icon_MEDIUM.png 419w, https:\/\/meditex.ee\/wp-content\/uploads\/2018\/03\/Corsinel-compression-level-icon_MEDIUM-100x100.png 100w, https:\/\/meditex.ee\/wp-content\/uploads\/2018\/03\/Corsinel-compression-level-icon_MEDIUM-280x280.png 280w, https:\/\/meditex.ee\/wp-content\/uploads\/2018\/03\/Corsinel-compression-level-icon_MEDIUM-399x400.png 399w, https:\/\/meditex.ee\/wp-content\/uploads\/2018\/03\/Corsinel-compression-level-icon_MEDIUM-300x300.png 300w\" sizes=\"(max-width: 419px) 100vw, 419px\" \/>\t\t\t\t\t\t\n\t\t\t\t\t<\/div>\n\t\t\t\t\t\t\t\t\n<style>\n#image_2045370200 {\n  width: 30%;\n}\n<\/style>\n\t<\/div>\n\t\n\t\t<\/div>\n\t\t\t\t\t<\/div>\n\n\t\n\n\t<div id=\"col-707898981\" class=\"col medium-4 small-12 large-4\"  >\n\t\t\t\t<div class=\"col-inner\"  >\n\t\t\t\n\t\t\t\n\t\t<\/div>\n\t\t\t\t\t<\/div>\n\n\t\n\n\t<div id=\"col-1853640778\" class=\"col medium-4 small-12 large-4\"  >\n\t\t\t\t<div class=\"col-inner text-right\"  >\n\t\t\t\n\t\t\t\n\t<div class=\"img has-hover x md-x lg-x y md-y lg-y\" id=\"image_1418103768\">\n\t\t\t\t\t\t\t\t<div class=\"img-inner dark\" >\n\t\t\t<img decoding=\"async\" width=\"1020\" height=\"274\" src=\"https:\/\/meditex.ee\/wp-content\/uploads\/2018\/03\/Corsinel_Live-as-you-like_200mm-1400x376.png\" class=\"attachment-large size-large\" alt=\"\" srcset=\"https:\/\/meditex.ee\/wp-content\/uploads\/2018\/03\/Corsinel_Live-as-you-like_200mm-1400x376.png 1400w, https:\/\/meditex.ee\/wp-content\/uploads\/2018\/03\/Corsinel_Live-as-you-like_200mm-510x137.png 510w, https:\/\/meditex.ee\/wp-content\/uploads\/2018\/03\/Corsinel_Live-as-you-like_200mm-800x215.png 800w, https:\/\/meditex.ee\/wp-content\/uploads\/2018\/03\/Corsinel_Live-as-you-like_200mm-768x206.png 768w, https:\/\/meditex.ee\/wp-content\/uploads\/2018\/03\/Corsinel_Live-as-you-like_200mm-600x161.png 600w\" sizes=\"(max-width: 1020px) 100vw, 1020px\" \/>\t\t\t\t\t\t\n\t\t\t\t\t<\/div>\n\t\t\t\t\t\t\t\t\n<style>\n#image_1418103768 {\n  width: 50%;\n}\n<\/style>\n\t<\/div>\n\t\n\t\t<\/div>\n\t\t\t\t\t<\/div>\n\n\t\n<\/div>\n<p style=\"text-align: left;\"><span style=\"font-weight: 400; color: #000000;\">Corsinel Regular -stoma- ja kalvopussin alusvaatteet on suunniteltu tarjoamaan k\u00e4ytt\u00e4jille ymp\u00e4rivuotista tukea, jotta stomapussi voidaan kiinnitt\u00e4\u00e4 ja tukea paremmin. Lis\u00e4ksi Corsinel Regular -alusvaatteet tukevat my\u00f6s vatsaonteloa ja antavat kohtuullisen tuen, kun suurta tukea ei haluta tai siedet\u00e4. Alusvaatteet voivat my\u00f6s ehk\u00e4ist\u00e4 rengasrokon muodostumista riskik\u00e4ytt\u00e4jill\u00e4, ja niit\u00e4 voidaan tarvittaessa k\u00e4ytt\u00e4\u00e4 y\u00f6pesuna.<\/span><\/p>\n<p style=\"text-align: left;\"><span style=\"font-weight: 400; color: #000000;\">Sek\u00e4 naisten ett\u00e4 miesten mallit on suunniteltu n\u00e4ytt\u00e4m\u00e4\u00e4n tavallisilta alusvaatteilta, ja ne ovat eritt\u00e4in mukavat ja huomaamattomat k\u00e4ytt\u00e4\u00e4. Alusvaatteiden k\u00e4ytt\u00e4minen p\u00e4ivitt\u00e4in helpottaa aiemmin vaikealta tuntuneiden toimintojen suorittamista. Lisak antaa alusvaatteiden k\u00e4ytt\u00e4j\u00e4lle tasaisen ulkon\u00e4\u00f6n, tarjoaa hienovaraisuutta ja rohkaisee osallistumaan sosiaaliseen el\u00e4m\u00e4\u00e4n.<\/span><\/p>\n<p style=\"text-align: left;\"><span style=\"font-weight: 400; color: #000000;\">Corsinel Regular stoma- ja stoomapussin alusvaatteissa on vahva yl\u00e4osa, joka tukee pussia ja\/tai stoomaa. Alaosa on valmistettu pehme\u00e4mm\u00e4st\u00e4 materiaalista, mik\u00e4 helpottaa pukemista ja riisumista.<\/span><\/p>\n<p style=\"text-align: left;\"><span style=\"font-weight: 400; color: #000000;\">Corsinel Regular -stooman ja ristiluun tukimateriaalissa on nelisuuntainen venytys, mik\u00e4 tarkoittaa, ett\u00e4 se mukautuu aina t\u00e4ydellisesti vartalon \u00e4\u00e4riviivoihin ja takaa t\u00e4ydellisen istuvuuden. Alusvaatteet on valmistettu ihoyst\u00e4v\u00e4llisest\u00e4 ja lateksittomasta materiaalista allergisten reaktioiden, punoituksen tai ihon \u00e4rsytyksen v\u00e4ltt\u00e4miseksi.<\/span><\/p>\n<h3 data-fontsize=\"16\" data-lineheight=\"19\"><strong>Corsinel Regular miesten stoma- ja songa-bokserit<\/strong><\/h3>\n<p style=\"text-align: left;\" data-fontsize=\"16\" data-lineheight=\"19\"><span style=\"color: #000000;\">Corsinel Regular miesten stoma- ja ristiluu-bokseri kiinnitt\u00e4\u00e4 stomapussin ja tukee ja kevent\u00e4\u00e4 parastomal-, napa-, epigastrista- ja arpipussia. Tukeva alusvaatetus helpottaa, rentouttaa, auttaa liikkumaan ja neutralisoi painovoiman vaikutuksia &#8211; kaikki n\u00e4m\u00e4 lievitt\u00e4v\u00e4t kipua. T\u00e4t\u00e4 alusvaatetta voidaan k\u00e4ytt\u00e4\u00e4 my\u00f6s sammasrokon ehk\u00e4isyyn. Corsinel-alusvaatteita on saatavana sek\u00e4 matalia ett\u00e4 korkeita malleja. Kysy l\u00e4\u00e4k\u00e4rilt\u00e4si tai sairaanhoitajaltasi alusvaatteiden pituudesta ja k\u00e4yt\u00f6st\u00e4.<\/span><\/p>\n<h4 style=\"text-align: left;\" data-fontsize=\"16\" data-lineheight=\"19\"><span style=\"color: #000000;\"><strong>Ominaisuudet:<\/strong><\/span><\/h4>\n<ul>\n<li style=\"text-align: left;\">\n<p data-fontsize=\"16\" data-lineheight=\"19\"><span style=\"color: #000000;\">Vahvempi yl\u00e4osa tukee pussia\/laulua, kun taas alaosa on valmistettu pehme\u00e4mm\u00e4st\u00e4 materiaalista, jotta pyykki on helpompi pukea ja ottaa pois.<\/span><\/p>\n<\/li>\n<li style=\"text-align: left;\">\n<p data-fontsize=\"16\" data-lineheight=\"19\"><span style=\"color: #000000;\">Suunniteltu kuin tavalliset alusvaatteet<\/span><\/p>\n<\/li>\n<li style=\"text-align: left;\">\n<p data-fontsize=\"16\" data-lineheight=\"19\"><span style=\"color: #000000;\">Varmistaa tasaisen ja huomaamattoman ulkon\u00e4\u00f6n<\/span><\/p>\n<\/li>\n<li style=\"text-align: left;\">\n<p data-fontsize=\"16\" data-lineheight=\"19\"><span style=\"color: #000000;\">Hengitt\u00e4v\u00e4, kosteutta siirt\u00e4v\u00e4 ja ihoyst\u00e4v\u00e4llinen materiaali.<\/span><\/p>\n<\/li>\n<li style=\"text-align: left;\">\n<p data-fontsize=\"16\" data-lineheight=\"19\"><span style=\"color: #000000;\">Nelisuuntainen stretch-materiaali lis\u00e4\u00e4 liikelaajuutta.<\/span><\/p>\n<\/li>\n<li style=\"text-align: left;\">\n<p data-fontsize=\"16\" data-lineheight=\"19\"><span style=\"color: #000000;\">Saumaton muotoilu takaa optimaalisen ihoyst\u00e4v\u00e4llisyyden.<\/span><\/p>\n<\/li>\n<li style=\"text-align: left;\">\n<p data-fontsize=\"16\" data-lineheight=\"19\"><span style=\"color: #000000;\">Pestav<\/span><\/p>\n<\/li>\n<li style=\"text-align: left;\">\n<p data-fontsize=\"16\" data-lineheight=\"19\"><span style=\"color: #000000;\">Ei sis\u00e4ll\u00e4 lateksia<\/span><\/p>\n<\/li>\n<li style=\"text-align: left;\">\n<p data-fontsize=\"16\" data-lineheight=\"19\"><span style=\"color: #000000;\">24 tunnin k\u00e4ytt\u00f6<\/span><\/p>\n<\/li>\n<\/ul>\n<p>KOKO:<\/p>\n<div class=\"row\"  id=\"row-162836477\">\n\n\t<div id=\"col-402956570\" class=\"col medium-8 small-12 large-8\"  >\n\t\t\t\t<div class=\"col-inner\"  >\n\t\t\t\n\t\t\t\n\t<div class=\"img has-hover x md-x lg-x y md-y lg-y\" id=\"image_1131213768\">\n\t\t\t\t\t\t\t\t<div class=\"img-inner dark\" >\n\t\t\t<img decoding=\"async\" width=\"427\" height=\"202\" src=\"https:\/\/meditex.ee\/wp-content\/uploads\/2019\/07\/meeste.png\" class=\"attachment-large size-large\" alt=\"\" \/>\t\t\t\t\t\t\n\t\t\t\t\t<\/div>\n\t\t\t\t\t\t\t\t\n<style>\n#image_1131213768 {\n  width: 80%;\n}\n<\/style>\n\t<\/div>\n\t\n\t\t<\/div>\n\t\t\t\t\t<\/div>\n\n\t\n\n\t<div id=\"col-2133001909\" class=\"col medium-4 small-12 large-4\"  >\n\t\t\t\t<div class=\"col-inner\"  >\n\t\t\t\n\t\t\t\n\t\t<\/div>\n\t\t\t\t\t<\/div>\n\n\t\n<\/div>\n<p style=\"text-align: left;\" data-fontsize=\"16\" data-lineheight=\"19\"><span style=\"color: #000000;\">Jos haluat voimakkaamman pakkauksen, valitse yksi numero pienempi ja jos haluat heikomman pakkauksen, valitse yksi numero suurempi.<\/span><\/p>\n<p style=\"text-align: left;\" data-fontsize=\"16\" data-lineheight=\"19\"><span style=\"color: #000000;\">NB! Mittaa aina itsesi oikean koon l\u00f6yt\u00e4miseksi.<\/span><\/p>\n<p data-fontsize=\"16\" data-lineheight=\"19\">Lue lis\u00e4\u00e4 Corsinelin stoma- ja songa-tuotteista t\u00e4\u00e4lt\u00e4 <a href=\"https:\/\/meditex.ee\/fi\/corsinel\/\">https:\/\/meditex.ee\/corsinel\/ https:\/\/meditex.ee\/corsinel\/<\/a><\/p>\n<p data-fontsize=\"16\" data-lineheight=\"19\">Tiedot valmistajan verkkosivuilla <a href=\"https:\/\/tytex.com\/products\/ostomy-hernia\/corsinel-underwear-medium-support\/regular-male-boxer-high\">https:\/\/tytex.com\/products\/ostomy-hernia\/corsinel-underwear-medium-support\/regular-male-boxer-high<\/a><\/p>\n","protected":false},"excerpt":{"rendered":"<p style=\"text-align: left;\"><span style=\"font-size: 75%; color: #000000;\">Kohtalaisen tukeva stooma- ja nielurisojen pesu miehille.<\/span><\/p>\n","protected":false},"featured_media":10577,"template":"","meta":[],"product_brand":[],"product_cat":[231],"product_tag":[225,228],"class_list":{"0":"post-7034","1":"product","2":"type-product","3":"status-publish","4":"has-post-thumbnail","6":"product_cat-avanne-ja-tyraalusvaatteet","7":"product_tag-corsinel-fi","8":"product_tag-kohtalainen-tuki","10":"first","11":"instock","12":"taxable","13":"shipping-taxable","14":"purchasable","15":"product-type-variable"},"yoast_head":"<!-- This site is optimized with the Yoast SEO plugin v27.4 - https:\/\/yoast.com\/product\/yoast-seo-wordpress\/ -->\n<title>Corsinel Regular miesten stoma- ja songa-bokserit - Meditex% .ee<\/title>\n<meta name=\"description\" content=\"Corsinel Regular miesten stoma- ja ristiluu-bokseri kiinnitt\u00e4\u00e4 stomapussin ja tukee ja kevent\u00e4\u00e4 parastomal-, napa-, epigastrista- ja arpipussia.\" \/>\n<meta name=\"robots\" content=\"index, follow, max-snippet:-1, max-image-preview:large, max-video-preview:-1\" \/>\n<link rel=\"canonical\" href=\"https:\/\/meditex.ee\/fi\/tuote\/regular-men\/\" \/>\n<meta property=\"og:locale\" content=\"fi_FI\" \/>\n<meta property=\"og:type\" content=\"article\" \/>\n<meta property=\"og:title\" content=\"Corsinel Regular miesten stoma- ja songa-bokserit - Meditex% .ee\" \/>\n<meta property=\"og:description\" content=\"Corsinel Regular miesten stoma- ja ristiluu-bokseri kiinnitt\u00e4\u00e4 stomapussin ja tukee ja kevent\u00e4\u00e4 parastomal-, napa-, epigastrista- ja arpipussia.\" \/>\n<meta property=\"og:url\" content=\"https:\/\/meditex.ee\/fi\/tuote\/regular-men\/\" \/>\n<meta property=\"og:site_name\" content=\"Meditex\" \/>\n<meta property=\"article:publisher\" content=\"https:\/\/www.facebook.com\/meditexepood\/\" \/>\n<meta property=\"article:modified_time\" content=\"2025-12-10T13:15:23+00:00\" \/>\n<meta property=\"og:image\" content=\"https:\/\/meditex.ee\/wp-content\/uploads\/2018\/04\/Corsinel-meeste-k\u00f5rge.png\" \/>\n\t<meta property=\"og:image:width\" content=\"800\" \/>\n\t<meta property=\"og:image:height\" content=\"800\" \/>\n\t<meta property=\"og:image:type\" content=\"image\/png\" \/>\n<meta name=\"twitter:card\" content=\"summary_large_image\" \/>\n<meta name=\"twitter:label1\" content=\"Arvioitu lukuaika\" \/>\n\t<meta name=\"twitter:data1\" content=\"2 minuuttia\" \/>\n<script type=\"application\/ld+json\" class=\"yoast-schema-graph\">{\"@context\":\"https:\\\/\\\/schema.org\",\"@graph\":[{\"@type\":\"WebPage\",\"@id\":\"https:\\\/\\\/meditex.ee\\\/fi\\\/tuote\\\/regular-men\\\/\",\"url\":\"https:\\\/\\\/meditex.ee\\\/fi\\\/tuote\\\/regular-men\\\/\",\"name\":\"Corsinel Regular miesten stoma- ja songa-bokserit - Meditex% .ee\",\"isPartOf\":{\"@id\":\"https:\\\/\\\/meditex.ee\\\/en\\\/#website\"},\"primaryImageOfPage\":{\"@id\":\"https:\\\/\\\/meditex.ee\\\/fi\\\/tuote\\\/regular-men\\\/#primaryimage\"},\"image\":{\"@id\":\"https:\\\/\\\/meditex.ee\\\/fi\\\/tuote\\\/regular-men\\\/#primaryimage\"},\"thumbnailUrl\":\"https:\\\/\\\/meditex.ee\\\/wp-content\\\/uploads\\\/2018\\\/04\\\/Corsinel-meeste-k\u00f5rge.png\",\"datePublished\":\"2019-11-03T07:48:58+00:00\",\"dateModified\":\"2025-12-10T13:15:23+00:00\",\"description\":\"Corsinel Regular miesten stoma- ja ristiluu-bokseri kiinnitt\u00e4\u00e4 stomapussin ja tukee ja kevent\u00e4\u00e4 parastomal-, napa-, epigastrista- ja arpipussia.\",\"breadcrumb\":{\"@id\":\"https:\\\/\\\/meditex.ee\\\/fi\\\/tuote\\\/regular-men\\\/#breadcrumb\"},\"inLanguage\":\"fi\",\"potentialAction\":[{\"@type\":\"ReadAction\",\"target\":[\"https:\\\/\\\/meditex.ee\\\/fi\\\/tuote\\\/regular-men\\\/\"]}]},{\"@type\":\"ImageObject\",\"inLanguage\":\"fi\",\"@id\":\"https:\\\/\\\/meditex.ee\\\/fi\\\/tuote\\\/regular-men\\\/#primaryimage\",\"url\":\"https:\\\/\\\/meditex.ee\\\/wp-content\\\/uploads\\\/2018\\\/04\\\/Corsinel-meeste-k\u00f5rge.png\",\"contentUrl\":\"https:\\\/\\\/meditex.ee\\\/wp-content\\\/uploads\\\/2018\\\/04\\\/Corsinel-meeste-k\u00f5rge.png\",\"width\":800,\"height\":800,\"caption\":\"stoomi ja songa pesu meestele\"},{\"@type\":\"BreadcrumbList\",\"@id\":\"https:\\\/\\\/meditex.ee\\\/fi\\\/tuote\\\/regular-men\\\/#breadcrumb\",\"itemListElement\":[{\"@type\":\"ListItem\",\"position\":1,\"name\":\"Home\",\"item\":\"https:\\\/\\\/meditex.ee\\\/fi\\\/\"},{\"@type\":\"ListItem\",\"position\":2,\"name\":\"Verkkokauppa\",\"item\":\"https:\\\/\\\/meditex.ee\\\/fi\\\/verkkokauppa\\\/\"},{\"@type\":\"ListItem\",\"position\":3,\"name\":\"Corsinel Regular miesten stoma- ja songa-bokserit\"}]},{\"@type\":\"WebSite\",\"@id\":\"https:\\\/\\\/meditex.ee\\\/en\\\/#website\",\"url\":\"https:\\\/\\\/meditex.ee\\\/en\\\/\",\"name\":\"Meditex\",\"description\":\"\",\"publisher\":{\"@id\":\"https:\\\/\\\/meditex.ee\\\/en\\\/#organization\"},\"potentialAction\":[{\"@type\":\"SearchAction\",\"target\":{\"@type\":\"EntryPoint\",\"urlTemplate\":\"https:\\\/\\\/meditex.ee\\\/en\\\/?s={search_term_string}\"},\"query-input\":{\"@type\":\"PropertyValueSpecification\",\"valueRequired\":true,\"valueName\":\"search_term_string\"}}],\"inLanguage\":\"fi\"},{\"@type\":\"Organization\",\"@id\":\"https:\\\/\\\/meditex.ee\\\/en\\\/#organization\",\"name\":\"Meditex\",\"url\":\"https:\\\/\\\/meditex.ee\\\/en\\\/\",\"logo\":{\"@type\":\"ImageObject\",\"inLanguage\":\"fi\",\"@id\":\"https:\\\/\\\/meditex.ee\\\/en\\\/#\\\/schema\\\/logo\\\/image\\\/\",\"url\":\"https:\\\/\\\/meditex.ee\\\/wp-content\\\/uploads\\\/2018\\\/03\\\/mdtx_logo.png\",\"contentUrl\":\"https:\\\/\\\/meditex.ee\\\/wp-content\\\/uploads\\\/2018\\\/03\\\/mdtx_logo.png\",\"width\":669,\"height\":235,\"caption\":\"Meditex\"},\"image\":{\"@id\":\"https:\\\/\\\/meditex.ee\\\/en\\\/#\\\/schema\\\/logo\\\/image\\\/\"},\"sameAs\":[\"https:\\\/\\\/www.facebook.com\\\/meditexepood\\\/\"]}]}<\/script>\n<!-- \/ Yoast SEO plugin. -->","yoast_head_json":{"title":"Corsinel Regular miesten stoma- ja songa-bokserit - Meditex% .ee","description":"Corsinel Regular miesten stoma- ja ristiluu-bokseri kiinnitt\u00e4\u00e4 stomapussin ja tukee ja kevent\u00e4\u00e4 parastomal-, napa-, epigastrista- ja arpipussia.","robots":{"index":"index","follow":"follow","max-snippet":"max-snippet:-1","max-image-preview":"max-image-preview:large","max-video-preview":"max-video-preview:-1"},"canonical":"https:\/\/meditex.ee\/fi\/tuote\/regular-men\/","og_locale":"fi_FI","og_type":"article","og_title":"Corsinel Regular miesten stoma- ja songa-bokserit - Meditex% .ee","og_description":"Corsinel Regular miesten stoma- ja ristiluu-bokseri kiinnitt\u00e4\u00e4 stomapussin ja tukee ja kevent\u00e4\u00e4 parastomal-, napa-, epigastrista- ja arpipussia.","og_url":"https:\/\/meditex.ee\/fi\/tuote\/regular-men\/","og_site_name":"Meditex","article_publisher":"https:\/\/www.facebook.com\/meditexepood\/","article_modified_time":"2025-12-10T13:15:23+00:00","og_image":[{"width":800,"height":800,"url":"https:\/\/meditex.ee\/wp-content\/uploads\/2018\/04\/Corsinel-meeste-k\u00f5rge.png","type":"image\/png"}],"twitter_card":"summary_large_image","twitter_misc":{"Arvioitu lukuaika":"2 minuuttia"},"schema":{"@context":"https:\/\/schema.org","@graph":[{"@type":"WebPage","@id":"https:\/\/meditex.ee\/fi\/tuote\/regular-men\/","url":"https:\/\/meditex.ee\/fi\/tuote\/regular-men\/","name":"Corsinel Regular miesten stoma- ja songa-bokserit - Meditex% .ee","isPartOf":{"@id":"https:\/\/meditex.ee\/en\/#website"},"primaryImageOfPage":{"@id":"https:\/\/meditex.ee\/fi\/tuote\/regular-men\/#primaryimage"},"image":{"@id":"https:\/\/meditex.ee\/fi\/tuote\/regular-men\/#primaryimage"},"thumbnailUrl":"https:\/\/meditex.ee\/wp-content\/uploads\/2018\/04\/Corsinel-meeste-k\u00f5rge.png","datePublished":"2019-11-03T07:48:58+00:00","dateModified":"2025-12-10T13:15:23+00:00","description":"Corsinel Regular miesten stoma- ja ristiluu-bokseri kiinnitt\u00e4\u00e4 stomapussin ja tukee ja kevent\u00e4\u00e4 parastomal-, napa-, epigastrista- ja arpipussia.","breadcrumb":{"@id":"https:\/\/meditex.ee\/fi\/tuote\/regular-men\/#breadcrumb"},"inLanguage":"fi","potentialAction":[{"@type":"ReadAction","target":["https:\/\/meditex.ee\/fi\/tuote\/regular-men\/"]}]},{"@type":"ImageObject","inLanguage":"fi","@id":"https:\/\/meditex.ee\/fi\/tuote\/regular-men\/#primaryimage","url":"https:\/\/meditex.ee\/wp-content\/uploads\/2018\/04\/Corsinel-meeste-k\u00f5rge.png","contentUrl":"https:\/\/meditex.ee\/wp-content\/uploads\/2018\/04\/Corsinel-meeste-k\u00f5rge.png","width":800,"height":800,"caption":"stoomi ja songa pesu meestele"},{"@type":"BreadcrumbList","@id":"https:\/\/meditex.ee\/fi\/tuote\/regular-men\/#breadcrumb","itemListElement":[{"@type":"ListItem","position":1,"name":"Home","item":"https:\/\/meditex.ee\/fi\/"},{"@type":"ListItem","position":2,"name":"Verkkokauppa","item":"https:\/\/meditex.ee\/fi\/verkkokauppa\/"},{"@type":"ListItem","position":3,"name":"Corsinel Regular miesten stoma- ja songa-bokserit"}]},{"@type":"WebSite","@id":"https:\/\/meditex.ee\/en\/#website","url":"https:\/\/meditex.ee\/en\/","name":"Meditex","description":"","publisher":{"@id":"https:\/\/meditex.ee\/en\/#organization"},"potentialAction":[{"@type":"SearchAction","target":{"@type":"EntryPoint","urlTemplate":"https:\/\/meditex.ee\/en\/?s={search_term_string}"},"query-input":{"@type":"PropertyValueSpecification","valueRequired":true,"valueName":"search_term_string"}}],"inLanguage":"fi"},{"@type":"Organization","@id":"https:\/\/meditex.ee\/en\/#organization","name":"Meditex","url":"https:\/\/meditex.ee\/en\/","logo":{"@type":"ImageObject","inLanguage":"fi","@id":"https:\/\/meditex.ee\/en\/#\/schema\/logo\/image\/","url":"https:\/\/meditex.ee\/wp-content\/uploads\/2018\/03\/mdtx_logo.png","contentUrl":"https:\/\/meditex.ee\/wp-content\/uploads\/2018\/03\/mdtx_logo.png","width":669,"height":235,"caption":"Meditex"},"image":{"@id":"https:\/\/meditex.ee\/en\/#\/schema\/logo\/image\/"},"sameAs":["https:\/\/www.facebook.com\/meditexepood\/"]}]}},"_links":{"self":[{"href":"https:\/\/meditex.ee\/fi\/wp-json\/wp\/v2\/product\/7034","targetHints":{"allow":["GET"]}}],"collection":[{"href":"https:\/\/meditex.ee\/fi\/wp-json\/wp\/v2\/product"}],"about":[{"href":"https:\/\/meditex.ee\/fi\/wp-json\/wp\/v2\/types\/product"}],"wp:featuredmedia":[{"embeddable":true,"href":"https:\/\/meditex.ee\/fi\/wp-json\/wp\/v2\/media\/10577"}],"wp:attachment":[{"href":"https:\/\/meditex.ee\/fi\/wp-json\/wp\/v2\/media?parent=7034"}],"wp:term":[{"taxonomy":"product_brand","embeddable":true,"href":"https:\/\/meditex.ee\/fi\/wp-json\/wp\/v2\/product_brand?post=7034"},{"taxonomy":"product_cat","embeddable":true,"href":"https:\/\/meditex.ee\/fi\/wp-json\/wp\/v2\/product_cat?post=7034"},{"taxonomy":"product_tag","embeddable":true,"href":"https:\/\/meditex.ee\/fi\/wp-json\/wp\/v2\/product_tag?post=7034"}],"curies":[{"name":"wp","href":"https:\/\/api.w.org\/{rel}","templated":true}]}}