{"id":7024,"date":"2018-06-19T14:13:11","date_gmt":"2019-11-03T07:35:27","guid":{"rendered":"https:\/\/meditex.ee\/?post_type=product&#038;p=7024"},"modified":"2024-08-22T16:03:59","modified_gmt":"2024-08-22T16:03:59","slug":"leukatuki-jossa-taskut-kylmapakkauksille-w-koko-kaulan-tuki","status":"publish","type":"product","link":"https:\/\/meditex.ee\/fi\/tuote\/leukatuki-jossa-taskut-kylmapakkauksille-w-koko-kaulan-tuki\/","title":{"rendered":"Leukatuki, jossa taskut kylm\u00e4pakkauksille W\/ Koko kaulan tuki"},"content":{"rendered":"<div class=\"row\"  id=\"row-1443038258\">\n\n\t<div id=\"col-2074934938\" class=\"col medium-6 small-12 large-6\"  >\n\t\t\t\t<div class=\"col-inner\"  >\n\t\t\t\n\t\t\t\n\t\t<\/div>\n\t\t\t\t\t<\/div>\n\n\t\n\n\t<div id=\"col-1711456325\" class=\"col medium-6 small-12 large-6\"  >\n\t\t\t\t<div class=\"col-inner text-right\"  >\n\t\t\t\n\t\t\t\n\t<div class=\"img has-hover x md-x lg-x y md-y lg-y\" id=\"image_1416364780\">\n\t\t\t\t\t\t\t\t<div class=\"img-inner dark\" >\n\t\t\t<img decoding=\"async\" width=\"1020\" height=\"380\" src=\"https:\/\/meditex.ee\/wp-content\/uploads\/2018\/03\/Isavela-Logo-Transparent-1400x522.png\" class=\"attachment-large size-large\" alt=\"\" srcset=\"https:\/\/meditex.ee\/wp-content\/uploads\/2018\/03\/Isavela-Logo-Transparent-1400x522.png 1400w, https:\/\/meditex.ee\/wp-content\/uploads\/2018\/03\/Isavela-Logo-Transparent-510x190.png 510w, https:\/\/meditex.ee\/wp-content\/uploads\/2018\/03\/Isavela-Logo-Transparent-800x298.png 800w, https:\/\/meditex.ee\/wp-content\/uploads\/2018\/03\/Isavela-Logo-Transparent-768x286.png 768w, https:\/\/meditex.ee\/wp-content\/uploads\/2018\/03\/Isavela-Logo-Transparent-600x224.png 600w\" sizes=\"(max-width: 1020px) 100vw, 1020px\" \/>\t\t\t\t\t\t\n\t\t\t\t\t<\/div>\n\t\t\t\t\t\t\t\t\n<style>\n#image_1416364780 {\n  width: 40%;\n}\n<\/style>\n\t<\/div>\n\t\n\t\t<\/div>\n\t\t\t\t\t<\/div>\n\n\t\n<\/div>\n<p style=\"text-align: left;\"><span style=\"font-size: 100%; color: #000000;\">Kasvojen kompressiovaatteet tarjoavat ylim\u00e4\u00e4r\u00e4ist\u00e4 kompressiota leuan rasvaimun tai muiden kasvojen kirurgisten toimenpiteiden j\u00e4lkeen. Ne sopivat t\u00e4ydellisesti kasvojen ja kaulan tukemiseen ihonkiristyksen tai rasvaimun j\u00e4lkeen. Oikein k\u00e4ytettyn\u00e4 vaate lis\u00e4\u00e4 verenkiertoa leikkausalueella. N\u00e4m\u00e4 vaatteet v\u00e4hent\u00e4v\u00e4t turvotusta, poistavat haitallisia kehon nesteit\u00e4 ja nopeuttavat paranemisprosessia. Ne my\u00f6s minimoivat ep\u00e4mukavuutta \u00e4kkin\u00e4isiss\u00e4 liikkeiss\u00e4 (kuten ysk\u00e4 tai aivastus).<\/span><\/p>\n<p style=\"text-align: left;\"><span style=\"font-size: 100%; color: #000000;\"><strong>Ominaisuudet:<\/strong> UNISEX Sile\u00e4, kasvojen kompressiovaate, tarrahihnallinen leukahihna ja niskatuki. T\u00e4m\u00e4 kompressioasu on hengitt\u00e4v\u00e4, lateksiton ja antimikrobinen, ja se est\u00e4\u00e4 hajujen ja bakteerien muodostumisen. Saatavana beigen\u00e4 ja mustana.<\/span><\/p>\n<ul>\n<li style=\"text-align: left;\"><span style=\"font-size: 100%; color: #000000;\">Ihanteellinen k\u00e4ytett\u00e4v\u00e4ksi kasvojen tai kaulan kohotuksen, rasvaimun (kasvot, leuka, kaula), leuan suurennuksen, geeniplastiikan tai kasvoimplanttien j\u00e4lkeen.<\/span><\/li>\n<li style=\"text-align: left;\"><span style=\"font-size: 100%; color: #000000;\">Tarjoaa kompressiota kasvojen, leuan ja kaulan alueille sek\u00e4 soveltuu kasvojen tai kaulan kohotuksen sek\u00e4 rasvaimun j\u00e4lkeiseen aikaan. <\/span><\/li>\n<li style=\"text-align: left;\"><span style=\"font-size: 100%; color: #000000;\">Taskut kylm\u00e4pakkauksille<\/span><\/li>\n<li style=\"text-align: left;\"><span style=\"font-size: 100%; color: #000000;\">T\u00e4m\u00e4 vaate parantaa verenkiertoa, minimoi turvotusta toimenpiteen j\u00e4lkeen, poistaa haitallisia kehon nesteit\u00e4, nopeuttaa paranemisprosessia ja antaa potilaalle mahdollisuuden palata p\u00e4ivitt\u00e4isiin rutiineihinsa nopeammin. <\/span><\/li>\n<li style=\"text-align: left;\"><span style=\"font-size: 100%; color: #000000;\">Tukee my\u00f6s leikkausalueita mukavuuden lis\u00e4\u00e4miseksi ja auttaa ihoa sopeutumaan paremmin uusiin muotoihin.<\/span><\/li>\n<li style=\"text-align: left;\"><span style=\"font-size: 100%; color: #000000;\">Hakaskiinnitys mahdollistaa oikean paineen tai tuen m\u00e4\u00e4r\u00e4n s\u00e4\u00e4t\u00e4misen tunteaksesi olosi mukavimmaksi. <\/span><\/li>\n<li style=\"text-align: left;\"><span style=\"font-size: 100%; color: #000000;\">T\u00e4m\u00e4 9\u2033 kompressiovaate koostuu kolmesta 3\u2033 paneelista, jotka parantavat joustavuutta ja antavat sinulle t\u00e4yden kaulatuen.<\/span><\/li>\n<li style=\"text-align: left;\"><span style=\"font-size: 100%; color: #000000;\">Vaate on helppo pukea p\u00e4\u00e4lle tarranauhalla s\u00e4\u00e4dett\u00e4v\u00e4n kaula-aukon ansiosta. <\/span><\/li>\n<li style=\"text-align: left;\"><span style=\"font-size: 100%; color: #000000;\">Liukumaton materiaali ja t\u00e4ydellisesti sijoiteltu leukakuppi takaavat jatkuvan kompression ja tuen.<\/span><\/li>\n<li style=\"text-align: left;\"><span style=\"font-size: 100%; color: #000000;\">Valmistettu kudotusta joustavasta rullaantumattomasta materiaalista, mik\u00e4 takaa paremman kest\u00e4vyyden ja kompression, ja siin\u00e4 on pehme\u00e4 muhkea puoli, joka tuntuu mukavalta ihoa vasten. Lis\u00e4ksi vaate on valmistettu tavalla, joka takaa maksimaalisen tuen ja kompression.<\/span><\/li>\n<li>\n<p style=\"text-align: left;\"><span style=\"font-size: 100%; color: #000000;\">100 % lateksiton<\/span><\/p>\n<\/li>\n<\/ul>\n\t<div class=\"img has-hover x md-x lg-x y md-y lg-y\" id=\"image_932520831\">\n\t\t\t\t\t\t\t\t<div class=\"img-inner dark\" >\n\t\t\t<img decoding=\"async\" width=\"745\" height=\"800\" src=\"https:\/\/meditex.ee\/wp-content\/uploads\/2018\/03\/isvlmdd-745x800.png\" class=\"attachment-large size-large\" alt=\"\" srcset=\"https:\/\/meditex.ee\/wp-content\/uploads\/2018\/03\/isvlmdd-745x800.png 745w, https:\/\/meditex.ee\/wp-content\/uploads\/2018\/03\/isvlmdd-510x548.png 510w, https:\/\/meditex.ee\/wp-content\/uploads\/2018\/03\/isvlmdd-372x400.png 372w, https:\/\/meditex.ee\/wp-content\/uploads\/2018\/03\/isvlmdd-768x825.png 768w, https:\/\/meditex.ee\/wp-content\/uploads\/2018\/03\/isvlmdd-600x645.png 600w, https:\/\/meditex.ee\/wp-content\/uploads\/2018\/03\/isvlmdd.png 794w\" sizes=\"(max-width: 745px) 100vw, 745px\" \/>\t\t\t\t\t\t\n\t\t\t\t\t<\/div>\n\t\t\t\t\t\t\t\t\n<style>\n#image_932520831 {\n  width: 60%;\n}\n<\/style>\n\t<\/div>\n\t\n","protected":false},"excerpt":{"rendered":"<p>Kasvojen kompressiovaatteet tarjoavat ylim\u00e4\u00e4r\u00e4ist\u00e4 kompressiota leuan rasvaimun tai muiden kasvojen kirurgisten toimenpiteiden j\u00e4lkeen. Ne sopivat t\u00e4ydellisesti kasvojen ja kaulan tukemiseen ihonkiristyksen tai rasvaimun j\u00e4lkeen. Oikein k\u00e4ytettyn\u00e4 vaate lis\u00e4\u00e4 verenkiertoa leikkausalueella. N\u00e4m\u00e4 vaatteet v\u00e4hent\u00e4v\u00e4t turvotusta, poistavat haitallisia kehon nesteit\u00e4 ja nopeuttavat paranemisprosessia. Ne my\u00f6s minimoivat ep\u00e4mukavuutta \u00e4kkin\u00e4isiss\u00e4 liikkeiss\u00e4 (kuten ysk\u00e4 tai aivastus). Ominaisuudet: UNISEX Sile\u00e4, kasvojen [&#8230;]\n","protected":false},"featured_media":7025,"template":"","meta":[],"product_brand":[],"product_cat":[358],"product_tag":[226],"class_list":{"0":"post-7024","1":"product","2":"type-product","3":"status-publish","4":"has-post-thumbnail","6":"product_cat-kasvojen-sidos","7":"product_tag-isavela-fi","9":"first","10":"instock","11":"taxable","12":"shipping-taxable","13":"purchasable","14":"product-type-variable"},"yoast_head":"<!-- This site is optimized with the Yoast SEO plugin v27.3 - https:\/\/yoast.com\/product\/yoast-seo-wordpress\/ -->\n<title>Leukatuki, jossa taskut kylm\u00e4pakkauksille W\/ Koko kaulan tuki - Meditex<\/title>\n<meta name=\"robots\" content=\"index, follow, max-snippet:-1, max-image-preview:large, max-video-preview:-1\" \/>\n<link rel=\"canonical\" href=\"https:\/\/meditex.ee\/fi\/tuote\/leukatuki-jossa-taskut-kylmapakkauksille-w-koko-kaulan-tuki\/\" \/>\n<meta property=\"og:locale\" content=\"fi_FI\" \/>\n<meta property=\"og:type\" content=\"article\" \/>\n<meta property=\"og:title\" content=\"Leukatuki, jossa taskut kylm\u00e4pakkauksille W\/ Koko kaulan tuki - Meditex\" \/>\n<meta property=\"og:description\" content=\"Kasvojen kompressiovaatteet tarjoavat ylim\u00e4\u00e4r\u00e4ist\u00e4 kompressiota leuan rasvaimun tai muiden kasvojen kirurgisten toimenpiteiden j\u00e4lkeen. Ne sopivat t\u00e4ydellisesti kasvojen ja kaulan tukemiseen ihonkiristyksen tai rasvaimun j\u00e4lkeen. Oikein k\u00e4ytettyn\u00e4 vaate lis\u00e4\u00e4 verenkiertoa leikkausalueella. N\u00e4m\u00e4 vaatteet v\u00e4hent\u00e4v\u00e4t turvotusta, poistavat haitallisia kehon nesteit\u00e4 ja nopeuttavat paranemisprosessia. Ne my\u00f6s minimoivat ep\u00e4mukavuutta \u00e4kkin\u00e4isiss\u00e4 liikkeiss\u00e4 (kuten ysk\u00e4 tai aivastus). Ominaisuudet: UNISEX Sile\u00e4, kasvojen [...]\" \/>\n<meta property=\"og:url\" content=\"https:\/\/meditex.ee\/fi\/tuote\/leukatuki-jossa-taskut-kylmapakkauksille-w-koko-kaulan-tuki\/\" \/>\n<meta property=\"og:site_name\" content=\"Meditex\" \/>\n<meta property=\"article:publisher\" content=\"https:\/\/www.facebook.com\/meditexepood\/\" \/>\n<meta property=\"article:modified_time\" content=\"2024-08-22T16:03:59+00:00\" \/>\n<meta property=\"og:image\" content=\"https:\/\/meditex.ee\/wp-content\/uploads\/2018\/06\/FA04-beige-compression-garment-garment-garments-browlift-lipoplasty-facelift-activseam-comprexxwear__42229.1495727500.1280.1280.jpg\" \/>\n\t<meta property=\"og:image:width\" content=\"1280\" \/>\n\t<meta property=\"og:image:height\" content=\"1280\" \/>\n\t<meta property=\"og:image:type\" content=\"image\/jpeg\" \/>\n<meta name=\"twitter:card\" content=\"summary_large_image\" \/>\n<meta name=\"twitter:label1\" content=\"Arvioitu lukuaika\" \/>\n\t<meta name=\"twitter:data1\" content=\"1 minuutti\" \/>\n<script type=\"application\/ld+json\" class=\"yoast-schema-graph\">{\"@context\":\"https:\\\/\\\/schema.org\",\"@graph\":[{\"@type\":\"WebPage\",\"@id\":\"https:\\\/\\\/meditex.ee\\\/fi\\\/tuote\\\/leukatuki-jossa-taskut-kylmapakkauksille-w-koko-kaulan-tuki\\\/\",\"url\":\"https:\\\/\\\/meditex.ee\\\/fi\\\/tuote\\\/leukatuki-jossa-taskut-kylmapakkauksille-w-koko-kaulan-tuki\\\/\",\"name\":\"Leukatuki, jossa taskut kylm\u00e4pakkauksille W\\\/ Koko kaulan tuki - Meditex\",\"isPartOf\":{\"@id\":\"https:\\\/\\\/meditex.ee\\\/en\\\/#website\"},\"primaryImageOfPage\":{\"@id\":\"https:\\\/\\\/meditex.ee\\\/fi\\\/tuote\\\/leukatuki-jossa-taskut-kylmapakkauksille-w-koko-kaulan-tuki\\\/#primaryimage\"},\"image\":{\"@id\":\"https:\\\/\\\/meditex.ee\\\/fi\\\/tuote\\\/leukatuki-jossa-taskut-kylmapakkauksille-w-koko-kaulan-tuki\\\/#primaryimage\"},\"thumbnailUrl\":\"https:\\\/\\\/meditex.ee\\\/wp-content\\\/uploads\\\/2018\\\/06\\\/FA04-beige-compression-garment-garment-garments-browlift-lipoplasty-facelift-activseam-comprexxwear__42229.1495727500.1280.1280.jpg\",\"datePublished\":\"2019-11-03T07:35:27+00:00\",\"dateModified\":\"2024-08-22T16:03:59+00:00\",\"breadcrumb\":{\"@id\":\"https:\\\/\\\/meditex.ee\\\/fi\\\/tuote\\\/leukatuki-jossa-taskut-kylmapakkauksille-w-koko-kaulan-tuki\\\/#breadcrumb\"},\"inLanguage\":\"fi\",\"potentialAction\":[{\"@type\":\"ReadAction\",\"target\":[\"https:\\\/\\\/meditex.ee\\\/fi\\\/tuote\\\/leukatuki-jossa-taskut-kylmapakkauksille-w-koko-kaulan-tuki\\\/\"]}]},{\"@type\":\"ImageObject\",\"inLanguage\":\"fi\",\"@id\":\"https:\\\/\\\/meditex.ee\\\/fi\\\/tuote\\\/leukatuki-jossa-taskut-kylmapakkauksille-w-koko-kaulan-tuki\\\/#primaryimage\",\"url\":\"https:\\\/\\\/meditex.ee\\\/wp-content\\\/uploads\\\/2018\\\/06\\\/FA04-beige-compression-garment-garment-garments-browlift-lipoplasty-facelift-activseam-comprexxwear__42229.1495727500.1280.1280.jpg\",\"contentUrl\":\"https:\\\/\\\/meditex.ee\\\/wp-content\\\/uploads\\\/2018\\\/06\\\/FA04-beige-compression-garment-garment-garments-browlift-lipoplasty-facelift-activseam-comprexxwear__42229.1495727500.1280.1280.jpg\",\"width\":1280,\"height\":1280},{\"@type\":\"BreadcrumbList\",\"@id\":\"https:\\\/\\\/meditex.ee\\\/fi\\\/tuote\\\/leukatuki-jossa-taskut-kylmapakkauksille-w-koko-kaulan-tuki\\\/#breadcrumb\",\"itemListElement\":[{\"@type\":\"ListItem\",\"position\":1,\"name\":\"Home\",\"item\":\"https:\\\/\\\/meditex.ee\\\/fi\\\/\"},{\"@type\":\"ListItem\",\"position\":2,\"name\":\"Verkkokauppa\",\"item\":\"https:\\\/\\\/meditex.ee\\\/fi\\\/verkkokauppa\\\/\"},{\"@type\":\"ListItem\",\"position\":3,\"name\":\"Leukatuki, jossa taskut kylm\u00e4pakkauksille W\\\/ Koko kaulan tuki\"}]},{\"@type\":\"WebSite\",\"@id\":\"https:\\\/\\\/meditex.ee\\\/en\\\/#website\",\"url\":\"https:\\\/\\\/meditex.ee\\\/en\\\/\",\"name\":\"Meditex\",\"description\":\"\",\"publisher\":{\"@id\":\"https:\\\/\\\/meditex.ee\\\/en\\\/#organization\"},\"potentialAction\":[{\"@type\":\"SearchAction\",\"target\":{\"@type\":\"EntryPoint\",\"urlTemplate\":\"https:\\\/\\\/meditex.ee\\\/en\\\/?s={search_term_string}\"},\"query-input\":{\"@type\":\"PropertyValueSpecification\",\"valueRequired\":true,\"valueName\":\"search_term_string\"}}],\"inLanguage\":\"fi\"},{\"@type\":\"Organization\",\"@id\":\"https:\\\/\\\/meditex.ee\\\/en\\\/#organization\",\"name\":\"Meditex\",\"url\":\"https:\\\/\\\/meditex.ee\\\/en\\\/\",\"logo\":{\"@type\":\"ImageObject\",\"inLanguage\":\"fi\",\"@id\":\"https:\\\/\\\/meditex.ee\\\/en\\\/#\\\/schema\\\/logo\\\/image\\\/\",\"url\":\"https:\\\/\\\/meditex.ee\\\/wp-content\\\/uploads\\\/2018\\\/03\\\/mdtx_logo.png\",\"contentUrl\":\"https:\\\/\\\/meditex.ee\\\/wp-content\\\/uploads\\\/2018\\\/03\\\/mdtx_logo.png\",\"width\":669,\"height\":235,\"caption\":\"Meditex\"},\"image\":{\"@id\":\"https:\\\/\\\/meditex.ee\\\/en\\\/#\\\/schema\\\/logo\\\/image\\\/\"},\"sameAs\":[\"https:\\\/\\\/www.facebook.com\\\/meditexepood\\\/\"]}]}<\/script>\n<!-- \/ Yoast SEO plugin. -->","yoast_head_json":{"title":"Leukatuki, jossa taskut kylm\u00e4pakkauksille W\/ Koko kaulan tuki - Meditex","robots":{"index":"index","follow":"follow","max-snippet":"max-snippet:-1","max-image-preview":"max-image-preview:large","max-video-preview":"max-video-preview:-1"},"canonical":"https:\/\/meditex.ee\/fi\/tuote\/leukatuki-jossa-taskut-kylmapakkauksille-w-koko-kaulan-tuki\/","og_locale":"fi_FI","og_type":"article","og_title":"Leukatuki, jossa taskut kylm\u00e4pakkauksille W\/ Koko kaulan tuki - Meditex","og_description":"Kasvojen kompressiovaatteet tarjoavat ylim\u00e4\u00e4r\u00e4ist\u00e4 kompressiota leuan rasvaimun tai muiden kasvojen kirurgisten toimenpiteiden j\u00e4lkeen. Ne sopivat t\u00e4ydellisesti kasvojen ja kaulan tukemiseen ihonkiristyksen tai rasvaimun j\u00e4lkeen. Oikein k\u00e4ytettyn\u00e4 vaate lis\u00e4\u00e4 verenkiertoa leikkausalueella. N\u00e4m\u00e4 vaatteet v\u00e4hent\u00e4v\u00e4t turvotusta, poistavat haitallisia kehon nesteit\u00e4 ja nopeuttavat paranemisprosessia. Ne my\u00f6s minimoivat ep\u00e4mukavuutta \u00e4kkin\u00e4isiss\u00e4 liikkeiss\u00e4 (kuten ysk\u00e4 tai aivastus). Ominaisuudet: UNISEX Sile\u00e4, kasvojen [...]","og_url":"https:\/\/meditex.ee\/fi\/tuote\/leukatuki-jossa-taskut-kylmapakkauksille-w-koko-kaulan-tuki\/","og_site_name":"Meditex","article_publisher":"https:\/\/www.facebook.com\/meditexepood\/","article_modified_time":"2024-08-22T16:03:59+00:00","og_image":[{"width":1280,"height":1280,"url":"https:\/\/meditex.ee\/wp-content\/uploads\/2018\/06\/FA04-beige-compression-garment-garment-garments-browlift-lipoplasty-facelift-activseam-comprexxwear__42229.1495727500.1280.1280.jpg","type":"image\/jpeg"}],"twitter_card":"summary_large_image","twitter_misc":{"Arvioitu lukuaika":"1 minuutti"},"schema":{"@context":"https:\/\/schema.org","@graph":[{"@type":"WebPage","@id":"https:\/\/meditex.ee\/fi\/tuote\/leukatuki-jossa-taskut-kylmapakkauksille-w-koko-kaulan-tuki\/","url":"https:\/\/meditex.ee\/fi\/tuote\/leukatuki-jossa-taskut-kylmapakkauksille-w-koko-kaulan-tuki\/","name":"Leukatuki, jossa taskut kylm\u00e4pakkauksille W\/ Koko kaulan tuki - Meditex","isPartOf":{"@id":"https:\/\/meditex.ee\/en\/#website"},"primaryImageOfPage":{"@id":"https:\/\/meditex.ee\/fi\/tuote\/leukatuki-jossa-taskut-kylmapakkauksille-w-koko-kaulan-tuki\/#primaryimage"},"image":{"@id":"https:\/\/meditex.ee\/fi\/tuote\/leukatuki-jossa-taskut-kylmapakkauksille-w-koko-kaulan-tuki\/#primaryimage"},"thumbnailUrl":"https:\/\/meditex.ee\/wp-content\/uploads\/2018\/06\/FA04-beige-compression-garment-garment-garments-browlift-lipoplasty-facelift-activseam-comprexxwear__42229.1495727500.1280.1280.jpg","datePublished":"2019-11-03T07:35:27+00:00","dateModified":"2024-08-22T16:03:59+00:00","breadcrumb":{"@id":"https:\/\/meditex.ee\/fi\/tuote\/leukatuki-jossa-taskut-kylmapakkauksille-w-koko-kaulan-tuki\/#breadcrumb"},"inLanguage":"fi","potentialAction":[{"@type":"ReadAction","target":["https:\/\/meditex.ee\/fi\/tuote\/leukatuki-jossa-taskut-kylmapakkauksille-w-koko-kaulan-tuki\/"]}]},{"@type":"ImageObject","inLanguage":"fi","@id":"https:\/\/meditex.ee\/fi\/tuote\/leukatuki-jossa-taskut-kylmapakkauksille-w-koko-kaulan-tuki\/#primaryimage","url":"https:\/\/meditex.ee\/wp-content\/uploads\/2018\/06\/FA04-beige-compression-garment-garment-garments-browlift-lipoplasty-facelift-activseam-comprexxwear__42229.1495727500.1280.1280.jpg","contentUrl":"https:\/\/meditex.ee\/wp-content\/uploads\/2018\/06\/FA04-beige-compression-garment-garment-garments-browlift-lipoplasty-facelift-activseam-comprexxwear__42229.1495727500.1280.1280.jpg","width":1280,"height":1280},{"@type":"BreadcrumbList","@id":"https:\/\/meditex.ee\/fi\/tuote\/leukatuki-jossa-taskut-kylmapakkauksille-w-koko-kaulan-tuki\/#breadcrumb","itemListElement":[{"@type":"ListItem","position":1,"name":"Home","item":"https:\/\/meditex.ee\/fi\/"},{"@type":"ListItem","position":2,"name":"Verkkokauppa","item":"https:\/\/meditex.ee\/fi\/verkkokauppa\/"},{"@type":"ListItem","position":3,"name":"Leukatuki, jossa taskut kylm\u00e4pakkauksille W\/ Koko kaulan tuki"}]},{"@type":"WebSite","@id":"https:\/\/meditex.ee\/en\/#website","url":"https:\/\/meditex.ee\/en\/","name":"Meditex","description":"","publisher":{"@id":"https:\/\/meditex.ee\/en\/#organization"},"potentialAction":[{"@type":"SearchAction","target":{"@type":"EntryPoint","urlTemplate":"https:\/\/meditex.ee\/en\/?s={search_term_string}"},"query-input":{"@type":"PropertyValueSpecification","valueRequired":true,"valueName":"search_term_string"}}],"inLanguage":"fi"},{"@type":"Organization","@id":"https:\/\/meditex.ee\/en\/#organization","name":"Meditex","url":"https:\/\/meditex.ee\/en\/","logo":{"@type":"ImageObject","inLanguage":"fi","@id":"https:\/\/meditex.ee\/en\/#\/schema\/logo\/image\/","url":"https:\/\/meditex.ee\/wp-content\/uploads\/2018\/03\/mdtx_logo.png","contentUrl":"https:\/\/meditex.ee\/wp-content\/uploads\/2018\/03\/mdtx_logo.png","width":669,"height":235,"caption":"Meditex"},"image":{"@id":"https:\/\/meditex.ee\/en\/#\/schema\/logo\/image\/"},"sameAs":["https:\/\/www.facebook.com\/meditexepood\/"]}]}},"_links":{"self":[{"href":"https:\/\/meditex.ee\/fi\/wp-json\/wp\/v2\/product\/7024","targetHints":{"allow":["GET"]}}],"collection":[{"href":"https:\/\/meditex.ee\/fi\/wp-json\/wp\/v2\/product"}],"about":[{"href":"https:\/\/meditex.ee\/fi\/wp-json\/wp\/v2\/types\/product"}],"wp:featuredmedia":[{"embeddable":true,"href":"https:\/\/meditex.ee\/fi\/wp-json\/wp\/v2\/media\/7025"}],"wp:attachment":[{"href":"https:\/\/meditex.ee\/fi\/wp-json\/wp\/v2\/media?parent=7024"}],"wp:term":[{"taxonomy":"product_brand","embeddable":true,"href":"https:\/\/meditex.ee\/fi\/wp-json\/wp\/v2\/product_brand?post=7024"},{"taxonomy":"product_cat","embeddable":true,"href":"https:\/\/meditex.ee\/fi\/wp-json\/wp\/v2\/product_cat?post=7024"},{"taxonomy":"product_tag","embeddable":true,"href":"https:\/\/meditex.ee\/fi\/wp-json\/wp\/v2\/product_tag?post=7024"}],"curies":[{"name":"wp","href":"https:\/\/api.w.org\/{rel}","templated":true}]}}