{"id":6942,"date":"2018-04-03T06:51:45","date_gmt":"2019-11-01T12:27:55","guid":{"rendered":"https:\/\/meditex.ee\/?post_type=product&#038;p=6942"},"modified":"2026-04-24T10:16:04","modified_gmt":"2026-04-24T10:16:04","slug":"alice","status":"publish","type":"product","link":"https:\/\/meditex.ee\/fi\/tuote\/alice\/","title":{"rendered":"Carefix Alice"},"content":{"rendered":"<div class=\"row align-bottom\"  id=\"row-1286263997\">\n\n\t<div id=\"col-41687369\" class=\"col medium-5 small-12 large-5\"  >\n\t\t\t\t<div class=\"col-inner text-left\"  >\n\t\t\t\n\t\t\t\n<h3>PURISTUSTASO 4 &#8211; KOHTALAINEN<\/h3>\n\t\t<\/div>\n\t\t\t\t\t<\/div>\n\n\t\n\n\t<div id=\"col-605303988\" class=\"col medium-3 small-12 large-3\"  >\n\t\t\t\t<div class=\"col-inner\"  >\n\t\t\t\n\t\t\t\n\t\t<\/div>\n\t\t\t\t\t<\/div>\n\n\t\n\n\t<div id=\"col-448660794\" class=\"col medium-4 small-12 large-4\"  >\n\t\t\t\t<div class=\"col-inner text-right\"  >\n\t\t\t\n\t\t\t\n\t<div class=\"img has-hover x md-x lg-x y md-y lg-y\" id=\"image_1682389921\">\n\t\t\t\t\t\t\t\t<div class=\"img-inner dark\" >\n\t\t\t<img fetchpriority=\"high\" decoding=\"async\" width=\"1020\" height=\"315\" src=\"https:\/\/meditex.ee\/wp-content\/uploads\/2018\/03\/CAREFIX_PAYOFF_4F-1400x433.png\" class=\"attachment-large size-large\" alt=\"\" srcset=\"https:\/\/meditex.ee\/wp-content\/uploads\/2018\/03\/CAREFIX_PAYOFF_4F-1400x433.png 1400w, https:\/\/meditex.ee\/wp-content\/uploads\/2018\/03\/CAREFIX_PAYOFF_4F-510x158.png 510w, https:\/\/meditex.ee\/wp-content\/uploads\/2018\/03\/CAREFIX_PAYOFF_4F-800x248.png 800w, https:\/\/meditex.ee\/wp-content\/uploads\/2018\/03\/CAREFIX_PAYOFF_4F-768x238.png 768w, https:\/\/meditex.ee\/wp-content\/uploads\/2018\/03\/CAREFIX_PAYOFF_4F-600x186.png 600w, https:\/\/meditex.ee\/wp-content\/uploads\/2018\/03\/CAREFIX_PAYOFF_4F.png 2038w\" sizes=\"(max-width: 1020px) 100vw, 1020px\" \/>\t\t\t\t\t\t\n\t\t\t\t\t<\/div>\n\t\t\t\t\t\t\t\t\n<style>\n#image_1682389921 {\n  width: 50%;\n}\n<\/style>\n\t<\/div>\n\t\n\t\t<\/div>\n\t\t\t\t\t<\/div>\n\n\t\n<\/div>\n<p style=\"text-align: left;\" data-lineheight=\"19\" data-fontsize=\"16\"><span style=\"color: #000000;\"><strong>KUVAUS:<\/strong> Alice on naisellinen rintaliivi, jossa on integroidut tukivy\u00f6hykkeet parhaan leikkaustuloksen saavuttamiseksi. Se on t\u00e4ysin avattavissa, mik\u00e4 mahdollistaa helpon tarkastuksen.<\/span><\/p>\n<p style=\"text-align: left;\" data-lineheight=\"19\" data-fontsize=\"16\"><span style=\"color: #000000;\">Rintaliivit on tarkoitettu k\u00e4ytett\u00e4v\u00e4ksi rintaleikkauksen j\u00e4lkeen, kun iho on pehme\u00e4 ja herkk\u00e4 ja puristus on toivottavaa.<\/span><\/p>\n<p style=\"text-align: left;\" data-lineheight=\"19\" data-fontsize=\"16\"><span style=\"color: #000000;\">Rintaliivit edist\u00e4v\u00e4t haavan paranemista ja suojaavat sit\u00e4, mik\u00e4 v\u00e4hent\u00e4\u00e4 turvotuksen ja leikkauksen j\u00e4lkeisten komplikaatioiden riski\u00e4.<\/span><\/p>\n<p style=\"text-align: left;\" data-lineheight=\"19\" data-fontsize=\"16\"><span style=\"color: #000000;\">Eteenp\u00e4in k\u00e4ytett\u00e4vyys kahvoista ja haarukkakiinnityksell\u00e4 varustetut olkahihnat takaavat helpon k\u00e4ytett\u00e4vyyden ja tuen s\u00e4\u00e4dett\u00e4vyyden sek\u00e4 terveydenhuollon ammattilaisille ett\u00e4 tavallisille k\u00e4ytt\u00e4jille. Haavan seuranta on helppoa, ja edest\u00e4 avautuva muotoilu takaa helpon haavan seurannan.<\/span><\/p>\n<p style=\"text-align: left;\" data-lineheight=\"19\" data-fontsize=\"16\"><span style=\"color: #000000;\">Rintaliiveiss\u00e4 on leve\u00e4t s\u00e4\u00e4dett\u00e4v\u00e4t olkahihnat optimaalisen tuen ja hyv\u00e4n istuvuuden takaamiseksi.<\/span><\/p>\n<p style=\"text-align: left;\" data-lineheight=\"19\" data-fontsize=\"16\"><span style=\"color: #000000;\">100 % saumaton kudos lis\u00e4\u00e4 k\u00e4ytt\u00f6mukavuutta, ehk\u00e4isee painepisteit\u00e4 ja kudos\u00e4rsytyst\u00e4. T\u00e4m\u00e4 takaa maksimaalisen ihoyst\u00e4v\u00e4llisyyden.<\/span><\/p>\n<p style=\"text-align: left;\" data-lineheight=\"19\" data-fontsize=\"16\"><span style=\"color: #000000;\"><strong>KANGAS MATERIAALI:<\/strong> 91% polyamidia, 9% elastaania.<\/span><\/p>\n<a href=\"https:\/\/meditex.ee\/fi\/mittaaminen\/\" class=\"button primary is-underline expand\" >\n\t\t<span>OIKEAN KOON VALITSEMINEN<\/span>\n\t<\/a>\n\n\t<div class=\"img has-hover x md-x lg-x y md-y lg-y\" id=\"image_1847090391\">\n\t\t\t\t\t\t\t\t<div class=\"img-inner dark\" >\n\t\t\t<img decoding=\"async\" width=\"1020\" height=\"281\" src=\"https:\/\/meditex.ee\/wp-content\/uploads\/2018\/03\/carefix-bra-sizechart_anna_alice_mindy_red-1200x331.jpg\" class=\"attachment-large size-large\" alt=\"\" srcset=\"https:\/\/meditex.ee\/wp-content\/uploads\/2018\/03\/carefix-bra-sizechart_anna_alice_mindy_red-1200x331.jpg 1200w, https:\/\/meditex.ee\/wp-content\/uploads\/2018\/03\/carefix-bra-sizechart_anna_alice_mindy_red-1200x331-510x141.jpg 510w, https:\/\/meditex.ee\/wp-content\/uploads\/2018\/03\/carefix-bra-sizechart_anna_alice_mindy_red-1200x331-800x221.jpg 800w, https:\/\/meditex.ee\/wp-content\/uploads\/2018\/03\/carefix-bra-sizechart_anna_alice_mindy_red-1200x331-768x212.jpg 768w, https:\/\/meditex.ee\/wp-content\/uploads\/2018\/03\/carefix-bra-sizechart_anna_alice_mindy_red-1200x331-600x166.jpg 600w\" sizes=\"(max-width: 1020px) 100vw, 1020px\" \/>\t\t\t\t\t\t\n\t\t\t\t\t<\/div>\n\t\t\t\t\t\t\t\t\n<style>\n#image_1847090391 {\n  width: 100%;\n}\n<\/style>\n\t<\/div>\n\t\n<p style=\"text-align: left;\">HUOM. \u00c4l\u00e4 vertaa Carefix-rintaliivien kokoja tavallisiin rintaliiveihin. Koska Carefix-rintaliivit on suunniteltu antamaan tukea ja kompressiota, niiden on oltava tiiviit ja ne voivat tuntua pienilt\u00e4.<\/p>\n\t<div class=\"box has-hover   has-hover box-text-bottom\" >\n\n\t\t<div class=\"box-image\" >\n\t\t\t\t\t\t<div class=\"\" >\n\t\t\t\t<img decoding=\"async\" width=\"900\" height=\"472\" src=\"https:\/\/meditex.ee\/wp-content\/uploads\/2018\/03\/alice_front-back.png\" class=\"attachment- size-\" alt=\"\" srcset=\"https:\/\/meditex.ee\/wp-content\/uploads\/2018\/03\/alice_front-back.png 900w, https:\/\/meditex.ee\/wp-content\/uploads\/2018\/03\/alice_front-back-510x267.png 510w, https:\/\/meditex.ee\/wp-content\/uploads\/2018\/03\/alice_front-back-763x400.png 763w, https:\/\/meditex.ee\/wp-content\/uploads\/2018\/03\/alice_front-back-768x403.png 768w, https:\/\/meditex.ee\/wp-content\/uploads\/2018\/03\/alice_front-back-600x315.png 600w\" sizes=\"(max-width: 900px) 100vw, 900px\" \/>\t\t\t\t\t\t\t\t\t\t\t<\/div>\n\t\t\t\t\t<\/div>\n\n\t\t<div class=\"box-text text-center\" >\n\t\t\t<div class=\"box-text-inner\">\n\t\t\t\t\n<p style=\"text-align: left;\"><span style=\"color: #e14d43;\">PURISTUSVY\u00d6HYKKEET, JOISSA NUMERO 1 OSOITTAA VOIMAKKAINTA PURISTUSTA.<\/span><\/p>\n\t\t\t<\/div>\n\t\t<\/div>\n\t<\/div>\n\t\n<p style=\"text-align: left;\"><span style=\"font-weight: 400;\">Eri kompressio- ja tukivy\u00f6hykkeiden kudosrakenne m\u00e4\u00e4r\u00e4ytyy aina kirurgien ja sairaanhoitajien mieltymysten ja suositusten sek\u00e4 vy\u00f6hykkeen sijainnin ja koon mukaan.<\/span><\/p>\n<p style=\"text-align: left;\"><span style=\"font-weight: 400;\">Kaikkien Carefix-rintaliivien eri mallien puristus- ja tukialueet on testattu todellisilla potilailla. Jokainen rintaliivimalli testataan merkint\u00f6jen, l\u00e4\u00e4ketieteellisen suorituskyvyn ja mukavuuden osalta. Kaiken kaikkiaan t\u00e4m\u00e4 tarkoittaa sit\u00e4, ett\u00e4 ompeleen rakenne, kunkin puristus- ja tukivy\u00f6hykkeen sijainti ja koko valitaan huolellisesti kirurgien, sairaanhoitajien ja loppuk\u00e4ytt\u00e4jien suositusten ja mieltymysten mukaan.<\/span><\/p>\n<p style=\"text-align: left;\"><span style=\"font-weight: 400;\">Kukin rintaliivi perustuu eri vy\u00f6hykkeiden yhdistelm\u00e4\u00e4n:<\/span><\/p>\n<ul style=\"text-align: left;\">\n<li><span style=\"font-weight: 400;\"> k\u00e4ytt\u00e4j\u00e4testit (testi-uusintatestimenetelm\u00e4).<\/span><\/li>\n<li><span style=\"font-weight: 400;\"> ainutlaatuinen ja vahva yhteisty\u00f6 terveydenhuollon ammattilaisten, yleens\u00e4 kirurgien ja sairaanhoitajien, kanssa.<\/span><\/li>\n<\/ul>\n<p style=\"text-align: left;\"><span style=\"font-weight: 400;\">Useita yhdistelmi\u00e4 on testattu, jotta rintaliivien lopputulos on hienos\u00e4\u00e4detty ja luokkansa paras sek\u00e4 istuvuuden ja mukavuuden (k\u00e4ytt\u00e4jille) ett\u00e4 kliinisen ja l\u00e4\u00e4ketieteellisen suorituskyvyn (ammattilaisille) kannalta.<\/span><\/p>\n<p style=\"text-align: left;\"><span style=\"font-weight: 400;\">Erinomainen yhdistelm\u00e4 puristus- ja tukivy\u00f6hykkeit\u00e4, jossa otetaan huomioon l\u00e4\u00e4ketieteen asiantuntijoiden ja k\u00e4ytt\u00e4jien suositukset, tekee jokaisesta rintaliivimallista ainutlaatuisen.<\/span><\/p>\n\t<div id=\"gap-672975257\" class=\"gap-element clearfix\" style=\"display:block; height:auto;\">\n\t\t\n<style>\n#gap-672975257 {\n  padding-top: 30px;\n}\n<\/style>\n\t<\/div>\n\t\n<p style=\"text-align: left;\">Tiedot valmistajan verkkosivuilla (englanniksi) <a href=\"https:\/\/shorturl.at\/mFIKO\">https:\/\/shorturl.at\/mFIKO<\/a>.<\/p>\n<p>Lue lis\u00e4\u00e4 Carefix-rintaliivien ominaisuuksista t\u00e4\u00e4lt\u00e4 <a href=\"https:\/\/meditex.ee\/fi\/carefix\/\">https:\/\/meditex.ee\/carefix\/<\/a>.<\/p>\n","protected":false},"excerpt":{"rendered":"<p style=\"text-align: left;\" data-lineheight=\"19\" data-fontsize=\"16\"><span style=\"font-size: 75%; color: #000000;\">L\u00e4\u00e4kinn\u00e4llinen laite k\u00e4ytett\u00e4v\u00e4ksi rintaleikkauksen j\u00e4lkeen. Sopii periaatteessa pienille ja keskikokoisille rinnoille.<\/span><\/p>\n","protected":false},"featured_media":13014,"template":"","meta":[],"product_brand":[],"product_cat":[229],"product_tag":[224],"class_list":{"0":"post-6942","1":"product","2":"type-product","3":"status-publish","4":"has-post-thumbnail","6":"product_cat-rintaliivit","7":"product_tag-carefix-fi","9":"first","10":"instock","11":"taxable","12":"shipping-taxable","13":"purchasable","14":"product-type-variable"},"yoast_head":"<!-- This site is optimized with the Yoast SEO plugin v27.4 - https:\/\/yoast.com\/product\/yoast-seo-wordpress\/ -->\n<title>Carefix Alice % - edest\u00e4 avattavat, leikkauksen j\u00e4lkeiset rintaliivit - Meditex %<\/title>\n<meta name=\"description\" content=\"Alice on t\u00e4ysin avattava leikkauksen j\u00e4lkeinen rintaliivi, jossa on integroituja tukivy\u00f6hykkeit\u00e4 parhaiden tulosten saavuttamiseksi.\" \/>\n<meta name=\"robots\" content=\"index, follow, max-snippet:-1, max-image-preview:large, max-video-preview:-1\" \/>\n<link rel=\"canonical\" href=\"https:\/\/meditex.ee\/fi\/tuote\/alice\/\" \/>\n<meta property=\"og:locale\" content=\"fi_FI\" \/>\n<meta property=\"og:type\" content=\"article\" \/>\n<meta property=\"og:title\" content=\"Carefix Alice % - edest\u00e4 avattavat, leikkauksen j\u00e4lkeiset rintaliivit - Meditex %\" \/>\n<meta property=\"og:description\" content=\"Alice on t\u00e4ysin avattava leikkauksen j\u00e4lkeinen rintaliivi, jossa on integroituja tukivy\u00f6hykkeit\u00e4 parhaiden tulosten saavuttamiseksi.\" \/>\n<meta property=\"og:url\" content=\"https:\/\/meditex.ee\/fi\/tuote\/alice\/\" \/>\n<meta property=\"og:site_name\" content=\"Meditex\" \/>\n<meta property=\"article:publisher\" content=\"https:\/\/www.facebook.com\/meditexepood\/\" \/>\n<meta property=\"article:modified_time\" content=\"2026-04-24T10:16:04+00:00\" \/>\n<meta property=\"og:image\" content=\"https:\/\/meditex.ee\/wp-content\/uploads\/2018\/04\/Alice_3291_BL_Front_300-medium.jpg\" \/>\n\t<meta property=\"og:image:width\" content=\"1204\" \/>\n\t<meta property=\"og:image:height\" content=\"1600\" \/>\n\t<meta property=\"og:image:type\" content=\"image\/jpeg\" \/>\n<meta name=\"twitter:card\" content=\"summary_large_image\" \/>\n<meta name=\"twitter:label1\" content=\"Arvioitu lukuaika\" \/>\n\t<meta name=\"twitter:data1\" content=\"2 minuuttia\" \/>\n<script type=\"application\/ld+json\" class=\"yoast-schema-graph\">{\"@context\":\"https:\\\/\\\/schema.org\",\"@graph\":[{\"@type\":\"WebPage\",\"@id\":\"https:\\\/\\\/meditex.ee\\\/fi\\\/tuote\\\/alice\\\/\",\"url\":\"https:\\\/\\\/meditex.ee\\\/fi\\\/tuote\\\/alice\\\/\",\"name\":\"Carefix Alice % - edest\u00e4 avattavat, leikkauksen j\u00e4lkeiset rintaliivit - Meditex %\",\"isPartOf\":{\"@id\":\"https:\\\/\\\/meditex.ee\\\/en\\\/#website\"},\"primaryImageOfPage\":{\"@id\":\"https:\\\/\\\/meditex.ee\\\/fi\\\/tuote\\\/alice\\\/#primaryimage\"},\"image\":{\"@id\":\"https:\\\/\\\/meditex.ee\\\/fi\\\/tuote\\\/alice\\\/#primaryimage\"},\"thumbnailUrl\":\"https:\\\/\\\/meditex.ee\\\/wp-content\\\/uploads\\\/2018\\\/04\\\/Alice_3291_BL_Front_300-medium.jpg\",\"datePublished\":\"2019-11-01T12:27:55+00:00\",\"dateModified\":\"2026-04-24T10:16:04+00:00\",\"description\":\"Alice on t\u00e4ysin avattava leikkauksen j\u00e4lkeinen rintaliivi, jossa on integroituja tukivy\u00f6hykkeit\u00e4 parhaiden tulosten saavuttamiseksi.\",\"breadcrumb\":{\"@id\":\"https:\\\/\\\/meditex.ee\\\/fi\\\/tuote\\\/alice\\\/#breadcrumb\"},\"inLanguage\":\"fi\",\"potentialAction\":[{\"@type\":\"ReadAction\",\"target\":[\"https:\\\/\\\/meditex.ee\\\/fi\\\/tuote\\\/alice\\\/\"]}]},{\"@type\":\"ImageObject\",\"inLanguage\":\"fi\",\"@id\":\"https:\\\/\\\/meditex.ee\\\/fi\\\/tuote\\\/alice\\\/#primaryimage\",\"url\":\"https:\\\/\\\/meditex.ee\\\/wp-content\\\/uploads\\\/2018\\\/04\\\/Alice_3291_BL_Front_300-medium.jpg\",\"contentUrl\":\"https:\\\/\\\/meditex.ee\\\/wp-content\\\/uploads\\\/2018\\\/04\\\/Alice_3291_BL_Front_300-medium.jpg\",\"width\":1204,\"height\":1600,\"caption\":\"Carefix Alice on eest avatav rinnahoidja\"},{\"@type\":\"BreadcrumbList\",\"@id\":\"https:\\\/\\\/meditex.ee\\\/fi\\\/tuote\\\/alice\\\/#breadcrumb\",\"itemListElement\":[{\"@type\":\"ListItem\",\"position\":1,\"name\":\"Home\",\"item\":\"https:\\\/\\\/meditex.ee\\\/fi\\\/\"},{\"@type\":\"ListItem\",\"position\":2,\"name\":\"Verkkokauppa\",\"item\":\"https:\\\/\\\/meditex.ee\\\/fi\\\/verkkokauppa\\\/\"},{\"@type\":\"ListItem\",\"position\":3,\"name\":\"Carefix Alice\"}]},{\"@type\":\"WebSite\",\"@id\":\"https:\\\/\\\/meditex.ee\\\/en\\\/#website\",\"url\":\"https:\\\/\\\/meditex.ee\\\/en\\\/\",\"name\":\"Meditex\",\"description\":\"\",\"publisher\":{\"@id\":\"https:\\\/\\\/meditex.ee\\\/en\\\/#organization\"},\"potentialAction\":[{\"@type\":\"SearchAction\",\"target\":{\"@type\":\"EntryPoint\",\"urlTemplate\":\"https:\\\/\\\/meditex.ee\\\/en\\\/?s={search_term_string}\"},\"query-input\":{\"@type\":\"PropertyValueSpecification\",\"valueRequired\":true,\"valueName\":\"search_term_string\"}}],\"inLanguage\":\"fi\"},{\"@type\":\"Organization\",\"@id\":\"https:\\\/\\\/meditex.ee\\\/en\\\/#organization\",\"name\":\"Meditex\",\"url\":\"https:\\\/\\\/meditex.ee\\\/en\\\/\",\"logo\":{\"@type\":\"ImageObject\",\"inLanguage\":\"fi\",\"@id\":\"https:\\\/\\\/meditex.ee\\\/en\\\/#\\\/schema\\\/logo\\\/image\\\/\",\"url\":\"https:\\\/\\\/meditex.ee\\\/wp-content\\\/uploads\\\/2018\\\/03\\\/mdtx_logo.png\",\"contentUrl\":\"https:\\\/\\\/meditex.ee\\\/wp-content\\\/uploads\\\/2018\\\/03\\\/mdtx_logo.png\",\"width\":669,\"height\":235,\"caption\":\"Meditex\"},\"image\":{\"@id\":\"https:\\\/\\\/meditex.ee\\\/en\\\/#\\\/schema\\\/logo\\\/image\\\/\"},\"sameAs\":[\"https:\\\/\\\/www.facebook.com\\\/meditexepood\\\/\"]}]}<\/script>\n<!-- \/ Yoast SEO plugin. -->","yoast_head_json":{"title":"Carefix Alice % - edest\u00e4 avattavat, leikkauksen j\u00e4lkeiset rintaliivit - Meditex %","description":"Alice on t\u00e4ysin avattava leikkauksen j\u00e4lkeinen rintaliivi, jossa on integroituja tukivy\u00f6hykkeit\u00e4 parhaiden tulosten saavuttamiseksi.","robots":{"index":"index","follow":"follow","max-snippet":"max-snippet:-1","max-image-preview":"max-image-preview:large","max-video-preview":"max-video-preview:-1"},"canonical":"https:\/\/meditex.ee\/fi\/tuote\/alice\/","og_locale":"fi_FI","og_type":"article","og_title":"Carefix Alice % - edest\u00e4 avattavat, leikkauksen j\u00e4lkeiset rintaliivit - Meditex %","og_description":"Alice on t\u00e4ysin avattava leikkauksen j\u00e4lkeinen rintaliivi, jossa on integroituja tukivy\u00f6hykkeit\u00e4 parhaiden tulosten saavuttamiseksi.","og_url":"https:\/\/meditex.ee\/fi\/tuote\/alice\/","og_site_name":"Meditex","article_publisher":"https:\/\/www.facebook.com\/meditexepood\/","article_modified_time":"2026-04-24T10:16:04+00:00","og_image":[{"width":1204,"height":1600,"url":"https:\/\/meditex.ee\/wp-content\/uploads\/2018\/04\/Alice_3291_BL_Front_300-medium.jpg","type":"image\/jpeg"}],"twitter_card":"summary_large_image","twitter_misc":{"Arvioitu lukuaika":"2 minuuttia"},"schema":{"@context":"https:\/\/schema.org","@graph":[{"@type":"WebPage","@id":"https:\/\/meditex.ee\/fi\/tuote\/alice\/","url":"https:\/\/meditex.ee\/fi\/tuote\/alice\/","name":"Carefix Alice % - edest\u00e4 avattavat, leikkauksen j\u00e4lkeiset rintaliivit - Meditex %","isPartOf":{"@id":"https:\/\/meditex.ee\/en\/#website"},"primaryImageOfPage":{"@id":"https:\/\/meditex.ee\/fi\/tuote\/alice\/#primaryimage"},"image":{"@id":"https:\/\/meditex.ee\/fi\/tuote\/alice\/#primaryimage"},"thumbnailUrl":"https:\/\/meditex.ee\/wp-content\/uploads\/2018\/04\/Alice_3291_BL_Front_300-medium.jpg","datePublished":"2019-11-01T12:27:55+00:00","dateModified":"2026-04-24T10:16:04+00:00","description":"Alice on t\u00e4ysin avattava leikkauksen j\u00e4lkeinen rintaliivi, jossa on integroituja tukivy\u00f6hykkeit\u00e4 parhaiden tulosten saavuttamiseksi.","breadcrumb":{"@id":"https:\/\/meditex.ee\/fi\/tuote\/alice\/#breadcrumb"},"inLanguage":"fi","potentialAction":[{"@type":"ReadAction","target":["https:\/\/meditex.ee\/fi\/tuote\/alice\/"]}]},{"@type":"ImageObject","inLanguage":"fi","@id":"https:\/\/meditex.ee\/fi\/tuote\/alice\/#primaryimage","url":"https:\/\/meditex.ee\/wp-content\/uploads\/2018\/04\/Alice_3291_BL_Front_300-medium.jpg","contentUrl":"https:\/\/meditex.ee\/wp-content\/uploads\/2018\/04\/Alice_3291_BL_Front_300-medium.jpg","width":1204,"height":1600,"caption":"Carefix Alice on eest avatav rinnahoidja"},{"@type":"BreadcrumbList","@id":"https:\/\/meditex.ee\/fi\/tuote\/alice\/#breadcrumb","itemListElement":[{"@type":"ListItem","position":1,"name":"Home","item":"https:\/\/meditex.ee\/fi\/"},{"@type":"ListItem","position":2,"name":"Verkkokauppa","item":"https:\/\/meditex.ee\/fi\/verkkokauppa\/"},{"@type":"ListItem","position":3,"name":"Carefix Alice"}]},{"@type":"WebSite","@id":"https:\/\/meditex.ee\/en\/#website","url":"https:\/\/meditex.ee\/en\/","name":"Meditex","description":"","publisher":{"@id":"https:\/\/meditex.ee\/en\/#organization"},"potentialAction":[{"@type":"SearchAction","target":{"@type":"EntryPoint","urlTemplate":"https:\/\/meditex.ee\/en\/?s={search_term_string}"},"query-input":{"@type":"PropertyValueSpecification","valueRequired":true,"valueName":"search_term_string"}}],"inLanguage":"fi"},{"@type":"Organization","@id":"https:\/\/meditex.ee\/en\/#organization","name":"Meditex","url":"https:\/\/meditex.ee\/en\/","logo":{"@type":"ImageObject","inLanguage":"fi","@id":"https:\/\/meditex.ee\/en\/#\/schema\/logo\/image\/","url":"https:\/\/meditex.ee\/wp-content\/uploads\/2018\/03\/mdtx_logo.png","contentUrl":"https:\/\/meditex.ee\/wp-content\/uploads\/2018\/03\/mdtx_logo.png","width":669,"height":235,"caption":"Meditex"},"image":{"@id":"https:\/\/meditex.ee\/en\/#\/schema\/logo\/image\/"},"sameAs":["https:\/\/www.facebook.com\/meditexepood\/"]}]}},"_links":{"self":[{"href":"https:\/\/meditex.ee\/fi\/wp-json\/wp\/v2\/product\/6942","targetHints":{"allow":["GET"]}}],"collection":[{"href":"https:\/\/meditex.ee\/fi\/wp-json\/wp\/v2\/product"}],"about":[{"href":"https:\/\/meditex.ee\/fi\/wp-json\/wp\/v2\/types\/product"}],"wp:featuredmedia":[{"embeddable":true,"href":"https:\/\/meditex.ee\/fi\/wp-json\/wp\/v2\/media\/13014"}],"wp:attachment":[{"href":"https:\/\/meditex.ee\/fi\/wp-json\/wp\/v2\/media?parent=6942"}],"wp:term":[{"taxonomy":"product_brand","embeddable":true,"href":"https:\/\/meditex.ee\/fi\/wp-json\/wp\/v2\/product_brand?post=6942"},{"taxonomy":"product_cat","embeddable":true,"href":"https:\/\/meditex.ee\/fi\/wp-json\/wp\/v2\/product_cat?post=6942"},{"taxonomy":"product_tag","embeddable":true,"href":"https:\/\/meditex.ee\/fi\/wp-json\/wp\/v2\/product_tag?post=6942"}],"curies":[{"name":"wp","href":"https:\/\/api.w.org\/{rel}","templated":true}]}}