{"id":18717,"date":"2024-05-12T08:30:37","date_gmt":"2025-06-24T08:31:47","guid":{"rendered":"https:\/\/meditex.ee\/?post_type=product&#038;p=18717"},"modified":"2025-06-24T08:36:47","modified_gmt":"2025-06-24T08:36:47","slug":"kompressiohaalari-nordicare-alison","status":"publish","type":"product","link":"https:\/\/meditex.ee\/fi\/tuote\/kompressiohaalari-nordicare-alison\/","title":{"rendered":"Kompressio haalari NordiCare Alison"},"content":{"rendered":"<div class=\"row\"  id=\"row-1343267344\">\n\n\t<div id=\"col-513608075\" class=\"col medium-4 small-12 large-4\"  >\n\t\t\t\t<div class=\"col-inner\"  >\n\t\t\t\n\t\t\t\n\t\t<\/div>\n\t\t\t\t\t<\/div>\n\n\t\n\n\t<div id=\"col-711686783\" class=\"col medium-4 small-12 large-4\"  >\n\t\t\t\t<div class=\"col-inner\"  >\n\t\t\t\n\t\t\t\n\t\t<\/div>\n\t\t\t\t\t<\/div>\n\n\t\n\n\t<div id=\"col-1815879379\" class=\"col medium-4 small-12 large-4\"  >\n\t\t\t\t<div class=\"col-inner text-right\"  >\n\t\t\t\n\t\t\t\n\t<div class=\"img has-hover x md-x lg-x y md-y lg-y\" id=\"image_363982199\">\n\t\t\t\t\t\t\t\t<div class=\"img-inner dark\" >\n\t\t\t<img decoding=\"async\" width=\"488\" height=\"154\" src=\"https:\/\/meditex.ee\/wp-content\/uploads\/2020\/03\/nordicare_logo.png\" class=\"attachment-large size-large\" alt=\"\" \/>\t\t\t\t\t\t\n\t\t\t\t\t<\/div>\n\t\t\t\t\t\t\t\t\n<style>\n#image_363982199 {\n  width: 55%;\n}\n<\/style>\n\t<\/div>\n\t\n\t\t<\/div>\n\t\t\t\t\t<\/div>\n\n\t\n<\/div>\n<p>Korkeaselk\u00e4inen kompressiohaalari saumattomasta materiaalista. Suositellaan k\u00e4ytett\u00e4v\u00e4ksi leikkauksen tai rasvaimun j\u00e4lkeen vatsalle, kyljille ja\/tai sel\u00e4lle. Kolmivaiheiset hakaskiinnitykset molemmilla puolilla helppoa pukemista ja istuvuuden s\u00e4\u00e4t\u00f6\u00e4 varten. Avoin haaroitus helpottaa k\u00e4ytt\u00f6\u00e4 heti leikkauksen j\u00e4lkeen ja wc-k\u00e4ynnill\u00e4 ilman vaatetta riisumista. Istuvat lahkeensuut, joissa on leve\u00e4 haara sis\u00e4puolella mukavaan k\u00e4ytt\u00f6\u00f6n.<\/p>\n<p>Nelj\u00e4\u00e4n suuntaan joustava materiaali my\u00f6t\u00e4ilee vartalon muotoja. T\u00e4m\u00e4 jakaa kompression tasaisesti aiheuttamatta ep\u00e4mukavuutta eik\u00e4 paina ihoa. Neulotut alueet pakaroiden ja nivusten kohdalla paremman istuvuuden takaamiseksi. Vahvistetut neulotut alueet vatsan ymp\u00e4rill\u00e4 lis\u00e4tukea varten.<\/p>\n<p>K\u00e4ytt\u00f6aiheet: Suositellaan plastiikkakirurgisten leikkausten j\u00e4lkeen. Kompressio parantaa verenkiertoa ja v\u00e4hent\u00e4\u00e4 leikkauksen j\u00e4lkeisen turvotuksen riski\u00e4, \u200b\u200bmik\u00e4 johtaa parempaan paranemiseen ja kivunlievitykseen.<\/p>\n<p>Kompressioluokka 1.<\/p>\n<p>Vasta-aiheet: Infektio. Valtimoverenkiertoh\u00e4iri\u00f6t. Suuri tromboosiriski.<\/p>\n<div><strong>Hoito:<\/strong> Konepesu 40\u00b0C, tarvittaessa voidaan pest\u00e4 my\u00f6s korkeammassa l\u00e4mp\u00f6tilassa, jopa 60\u00b0C. Tuote kest\u00e4\u00e4 pidemp\u00e4\u00e4n, jos se pest\u00e4\u00e4n alhaisemmassa l\u00e4mp\u00f6tilassa. K\u00e4yt\u00e4 pyykkipussia. \u00c4l\u00e4 k\u00e4yt\u00e4 valkaisuainetta tai huuhteluainetta, sill\u00e4 ne voivat vahingoittaa materiaalin toimivuutta. Ei rumpukuivausta.<\/div>\n<div><\/div>\n<div><strong>V\u00e4ri:<\/strong> musta.<\/div>\n<div><\/div>\n<div><strong>Materiaali:<\/strong> 87% polyamidia, 13% elastaania. Lateksiton.<\/div>\n<div><\/div>\n<div><strong>Koot:<\/strong> S &#8211; 2XL<\/div>\n<p>Mittaaminen: Parhaan istuvuuden ja oikean puristuksen varmistamiseksi on t\u00e4rke\u00e4\u00e4, ett\u00e4 mitat otetaan huolellisesti ja koko valitaan mittataulukon mukaan. Vaatteen tulee olla tiukka mutta mukava.<\/p>\n<p>Vy\u00f6t\u00e4r\u00f6: Mittaa vy\u00f6t\u00e4r\u00f6n ohuimmasta kohdasta.<\/p>\n<p>Lantio: Seiso molemmat jalat yhdess\u00e4 ja mittaa lantion leveimm\u00e4n kohdan ymp\u00e4rysmitta.<\/p>\n<p>Reidet: Mittaa reisien keskelt\u00e4.<\/p>\n\t<div class=\"img has-hover x md-x lg-x y md-y lg-y\" id=\"image_1255381466\">\n\t\t\t\t\t\t\t\t<div class=\"img-inner dark\" >\n\t\t\t<img decoding=\"async\" width=\"500\" height=\"228\" src=\"https:\/\/meditex.ee\/wp-content\/uploads\/2024\/05\/Alison_measurements-1.webp\" class=\"attachment-large size-large\" alt=\"\" \/>\t\t\t\t\t\t\n\t\t\t\t\t<\/div>\n\t\t\t\t\t\t\t\t\n<style>\n#image_1255381466 {\n  width: 50%;\n}\n<\/style>\n\t<\/div>\n\t\n\t<div id=\"gap-837096789\" class=\"gap-element clearfix\" style=\"display:block; height:auto;\">\n\t\t\n<style>\n#gap-837096789 {\n  padding-top: 30px;\n}\n<\/style>\n\t<\/div>\n\t\n<div class=\"row\"  id=\"row-1331000291\">\n\n\t<div id=\"col-122953792\" class=\"col small-12 large-12\"  >\n\t\t\t\t<div class=\"col-inner\"  >\n\t\t\t\n\t\t\t\n\t<div id=\"gap-1544501009\" class=\"gap-element clearfix\" style=\"display:block; height:auto;\">\n\t\t\n<style>\n#gap-1544501009 {\n  padding-top: 30px;\n}\n<\/style>\n\t<\/div>\n\t\n<div class=\"video video-fit mb\" style=\"padding-top:56.25%;\"><p><iframe title=\"NordiCare Alison, Compression body\" src=\"https:\/\/player.vimeo.com\/video\/644800488?dnt=1&amp;app_id=122963\" width=\"1020\" height=\"574\" frameborder=\"0\" allow=\"autoplay; fullscreen; picture-in-picture; clipboard-write; encrypted-media; web-share\" referrerpolicy=\"strict-origin-when-cross-origin\"><\/iframe><\/p>\n<\/div>\n\t\t<\/div>\n\t\t\t\t\t<\/div>\n\n\t\n<\/div>\n<p>Lue lis\u00e4\u00e4 NordiCaresta t\u00e4\u00e4lt\u00e4: <a href=\"https:\/\/meditex.ee\/fi\/nordicare\/\">https:\/\/meditex.ee\/fi\/nordicare\/<\/a> Tiedot valmistajan verkkosivuilla: <a href=\"https:\/\/t.ly\/n4_pk\">https:\/\/t.ly\/n4_pk<\/a><\/p>\n","protected":false},"excerpt":{"rendered":"<p style=\"text-align: left;\"><span style=\"font-size: 75%;\">Korkeaselk\u00e4inen kompressiobr\u00e4ndi saumattomasta neulotusta materiaalista.<\/span><\/p>\n","protected":false},"featured_media":18107,"template":"","meta":[],"product_brand":[],"product_cat":[359],"product_tag":[286],"class_list":{"0":"post-18717","1":"product","2":"type-product","3":"status-publish","4":"has-post-thumbnail","6":"product_cat-muita-tuotteita","7":"product_tag-nordicare-fi","9":"first","10":"instock","11":"taxable","12":"shipping-taxable","13":"purchasable","14":"product-type-variable"},"yoast_head":"<!-- This site is optimized with the Yoast SEO plugin v27.3 - https:\/\/yoast.com\/product\/yoast-seo-wordpress\/ -->\n<title>Kompressio haalari NordiCare Alison - Meditex<\/title>\n<meta name=\"description\" content=\"Korkeaselk\u00e4inen kompressiobr\u00e4ndi saumattomasta neulosta. Suositellaan vatsan, kylkien ja\/tai sel\u00e4n alueen leikkauksen tai rasvaimun j\u00e4lkeen.\" \/>\n<meta name=\"robots\" content=\"index, follow, max-snippet:-1, max-image-preview:large, max-video-preview:-1\" \/>\n<link rel=\"canonical\" href=\"https:\/\/meditex.ee\/fi\/tuote\/kompressiohaalari-nordicare-alison\/\" \/>\n<meta property=\"og:locale\" content=\"fi_FI\" \/>\n<meta property=\"og:type\" content=\"article\" \/>\n<meta property=\"og:title\" content=\"Kompressio haalari NordiCare Alison - Meditex\" \/>\n<meta property=\"og:description\" content=\"Korkeaselk\u00e4inen kompressiobr\u00e4ndi saumattomasta neulosta. Suositellaan vatsan, kylkien ja\/tai sel\u00e4n alueen leikkauksen tai rasvaimun j\u00e4lkeen.\" \/>\n<meta property=\"og:url\" content=\"https:\/\/meditex.ee\/fi\/tuote\/kompressiohaalari-nordicare-alison\/\" \/>\n<meta property=\"og:site_name\" content=\"Meditex\" \/>\n<meta property=\"article:publisher\" content=\"https:\/\/www.facebook.com\/meditexepood\/\" \/>\n<meta property=\"article:modified_time\" content=\"2025-06-24T08:36:47+00:00\" \/>\n<meta property=\"og:image\" content=\"https:\/\/meditex.ee\/wp-content\/uploads\/2024\/05\/alison_bea_fram_2.webp\" \/>\n\t<meta property=\"og:image:width\" content=\"500\" \/>\n\t<meta property=\"og:image:height\" content=\"500\" \/>\n\t<meta property=\"og:image:type\" content=\"image\/webp\" \/>\n<meta name=\"twitter:card\" content=\"summary_large_image\" \/>\n<meta name=\"twitter:label1\" content=\"Arvioitu lukuaika\" \/>\n\t<meta name=\"twitter:data1\" content=\"2 minuuttia\" \/>\n<script type=\"application\/ld+json\" class=\"yoast-schema-graph\">{\"@context\":\"https:\\\/\\\/schema.org\",\"@graph\":[{\"@type\":\"WebPage\",\"@id\":\"https:\\\/\\\/meditex.ee\\\/fi\\\/tuote\\\/kompressiohaalari-nordicare-alison\\\/\",\"url\":\"https:\\\/\\\/meditex.ee\\\/fi\\\/tuote\\\/kompressiohaalari-nordicare-alison\\\/\",\"name\":\"Kompressio haalari NordiCare Alison - Meditex\",\"isPartOf\":{\"@id\":\"https:\\\/\\\/meditex.ee\\\/en\\\/#website\"},\"primaryImageOfPage\":{\"@id\":\"https:\\\/\\\/meditex.ee\\\/fi\\\/tuote\\\/kompressiohaalari-nordicare-alison\\\/#primaryimage\"},\"image\":{\"@id\":\"https:\\\/\\\/meditex.ee\\\/fi\\\/tuote\\\/kompressiohaalari-nordicare-alison\\\/#primaryimage\"},\"thumbnailUrl\":\"https:\\\/\\\/meditex.ee\\\/wp-content\\\/uploads\\\/2024\\\/05\\\/alison_bea_fram_2.webp\",\"datePublished\":\"2025-06-24T08:31:47+00:00\",\"dateModified\":\"2025-06-24T08:36:47+00:00\",\"description\":\"Korkeaselk\u00e4inen kompressiobr\u00e4ndi saumattomasta neulosta. Suositellaan vatsan, kylkien ja\\\/tai sel\u00e4n alueen leikkauksen tai rasvaimun j\u00e4lkeen.\",\"breadcrumb\":{\"@id\":\"https:\\\/\\\/meditex.ee\\\/fi\\\/tuote\\\/kompressiohaalari-nordicare-alison\\\/#breadcrumb\"},\"inLanguage\":\"fi\",\"potentialAction\":[{\"@type\":\"ReadAction\",\"target\":[\"https:\\\/\\\/meditex.ee\\\/fi\\\/tuote\\\/kompressiohaalari-nordicare-alison\\\/\"]}]},{\"@type\":\"ImageObject\",\"inLanguage\":\"fi\",\"@id\":\"https:\\\/\\\/meditex.ee\\\/fi\\\/tuote\\\/kompressiohaalari-nordicare-alison\\\/#primaryimage\",\"url\":\"https:\\\/\\\/meditex.ee\\\/wp-content\\\/uploads\\\/2024\\\/05\\\/alison_bea_fram_2.webp\",\"contentUrl\":\"https:\\\/\\\/meditex.ee\\\/wp-content\\\/uploads\\\/2024\\\/05\\\/alison_bea_fram_2.webp\",\"width\":500,\"height\":500},{\"@type\":\"BreadcrumbList\",\"@id\":\"https:\\\/\\\/meditex.ee\\\/fi\\\/tuote\\\/kompressiohaalari-nordicare-alison\\\/#breadcrumb\",\"itemListElement\":[{\"@type\":\"ListItem\",\"position\":1,\"name\":\"Home\",\"item\":\"https:\\\/\\\/meditex.ee\\\/fi\\\/\"},{\"@type\":\"ListItem\",\"position\":2,\"name\":\"Verkkokauppa\",\"item\":\"https:\\\/\\\/meditex.ee\\\/fi\\\/verkkokauppa\\\/\"},{\"@type\":\"ListItem\",\"position\":3,\"name\":\"Kompressio haalari NordiCare Alison\"}]},{\"@type\":\"WebSite\",\"@id\":\"https:\\\/\\\/meditex.ee\\\/en\\\/#website\",\"url\":\"https:\\\/\\\/meditex.ee\\\/en\\\/\",\"name\":\"Meditex\",\"description\":\"\",\"publisher\":{\"@id\":\"https:\\\/\\\/meditex.ee\\\/en\\\/#organization\"},\"potentialAction\":[{\"@type\":\"SearchAction\",\"target\":{\"@type\":\"EntryPoint\",\"urlTemplate\":\"https:\\\/\\\/meditex.ee\\\/en\\\/?s={search_term_string}\"},\"query-input\":{\"@type\":\"PropertyValueSpecification\",\"valueRequired\":true,\"valueName\":\"search_term_string\"}}],\"inLanguage\":\"fi\"},{\"@type\":\"Organization\",\"@id\":\"https:\\\/\\\/meditex.ee\\\/en\\\/#organization\",\"name\":\"Meditex\",\"url\":\"https:\\\/\\\/meditex.ee\\\/en\\\/\",\"logo\":{\"@type\":\"ImageObject\",\"inLanguage\":\"fi\",\"@id\":\"https:\\\/\\\/meditex.ee\\\/en\\\/#\\\/schema\\\/logo\\\/image\\\/\",\"url\":\"https:\\\/\\\/meditex.ee\\\/wp-content\\\/uploads\\\/2018\\\/03\\\/mdtx_logo.png\",\"contentUrl\":\"https:\\\/\\\/meditex.ee\\\/wp-content\\\/uploads\\\/2018\\\/03\\\/mdtx_logo.png\",\"width\":669,\"height\":235,\"caption\":\"Meditex\"},\"image\":{\"@id\":\"https:\\\/\\\/meditex.ee\\\/en\\\/#\\\/schema\\\/logo\\\/image\\\/\"},\"sameAs\":[\"https:\\\/\\\/www.facebook.com\\\/meditexepood\\\/\"]}]}<\/script>\n<!-- \/ Yoast SEO plugin. -->","yoast_head_json":{"title":"Kompressio haalari NordiCare Alison - Meditex","description":"Korkeaselk\u00e4inen kompressiobr\u00e4ndi saumattomasta neulosta. Suositellaan vatsan, kylkien ja\/tai sel\u00e4n alueen leikkauksen tai rasvaimun j\u00e4lkeen.","robots":{"index":"index","follow":"follow","max-snippet":"max-snippet:-1","max-image-preview":"max-image-preview:large","max-video-preview":"max-video-preview:-1"},"canonical":"https:\/\/meditex.ee\/fi\/tuote\/kompressiohaalari-nordicare-alison\/","og_locale":"fi_FI","og_type":"article","og_title":"Kompressio haalari NordiCare Alison - Meditex","og_description":"Korkeaselk\u00e4inen kompressiobr\u00e4ndi saumattomasta neulosta. Suositellaan vatsan, kylkien ja\/tai sel\u00e4n alueen leikkauksen tai rasvaimun j\u00e4lkeen.","og_url":"https:\/\/meditex.ee\/fi\/tuote\/kompressiohaalari-nordicare-alison\/","og_site_name":"Meditex","article_publisher":"https:\/\/www.facebook.com\/meditexepood\/","article_modified_time":"2025-06-24T08:36:47+00:00","og_image":[{"width":500,"height":500,"url":"https:\/\/meditex.ee\/wp-content\/uploads\/2024\/05\/alison_bea_fram_2.webp","type":"image\/webp"}],"twitter_card":"summary_large_image","twitter_misc":{"Arvioitu lukuaika":"2 minuuttia"},"schema":{"@context":"https:\/\/schema.org","@graph":[{"@type":"WebPage","@id":"https:\/\/meditex.ee\/fi\/tuote\/kompressiohaalari-nordicare-alison\/","url":"https:\/\/meditex.ee\/fi\/tuote\/kompressiohaalari-nordicare-alison\/","name":"Kompressio haalari NordiCare Alison - Meditex","isPartOf":{"@id":"https:\/\/meditex.ee\/en\/#website"},"primaryImageOfPage":{"@id":"https:\/\/meditex.ee\/fi\/tuote\/kompressiohaalari-nordicare-alison\/#primaryimage"},"image":{"@id":"https:\/\/meditex.ee\/fi\/tuote\/kompressiohaalari-nordicare-alison\/#primaryimage"},"thumbnailUrl":"https:\/\/meditex.ee\/wp-content\/uploads\/2024\/05\/alison_bea_fram_2.webp","datePublished":"2025-06-24T08:31:47+00:00","dateModified":"2025-06-24T08:36:47+00:00","description":"Korkeaselk\u00e4inen kompressiobr\u00e4ndi saumattomasta neulosta. Suositellaan vatsan, kylkien ja\/tai sel\u00e4n alueen leikkauksen tai rasvaimun j\u00e4lkeen.","breadcrumb":{"@id":"https:\/\/meditex.ee\/fi\/tuote\/kompressiohaalari-nordicare-alison\/#breadcrumb"},"inLanguage":"fi","potentialAction":[{"@type":"ReadAction","target":["https:\/\/meditex.ee\/fi\/tuote\/kompressiohaalari-nordicare-alison\/"]}]},{"@type":"ImageObject","inLanguage":"fi","@id":"https:\/\/meditex.ee\/fi\/tuote\/kompressiohaalari-nordicare-alison\/#primaryimage","url":"https:\/\/meditex.ee\/wp-content\/uploads\/2024\/05\/alison_bea_fram_2.webp","contentUrl":"https:\/\/meditex.ee\/wp-content\/uploads\/2024\/05\/alison_bea_fram_2.webp","width":500,"height":500},{"@type":"BreadcrumbList","@id":"https:\/\/meditex.ee\/fi\/tuote\/kompressiohaalari-nordicare-alison\/#breadcrumb","itemListElement":[{"@type":"ListItem","position":1,"name":"Home","item":"https:\/\/meditex.ee\/fi\/"},{"@type":"ListItem","position":2,"name":"Verkkokauppa","item":"https:\/\/meditex.ee\/fi\/verkkokauppa\/"},{"@type":"ListItem","position":3,"name":"Kompressio haalari NordiCare Alison"}]},{"@type":"WebSite","@id":"https:\/\/meditex.ee\/en\/#website","url":"https:\/\/meditex.ee\/en\/","name":"Meditex","description":"","publisher":{"@id":"https:\/\/meditex.ee\/en\/#organization"},"potentialAction":[{"@type":"SearchAction","target":{"@type":"EntryPoint","urlTemplate":"https:\/\/meditex.ee\/en\/?s={search_term_string}"},"query-input":{"@type":"PropertyValueSpecification","valueRequired":true,"valueName":"search_term_string"}}],"inLanguage":"fi"},{"@type":"Organization","@id":"https:\/\/meditex.ee\/en\/#organization","name":"Meditex","url":"https:\/\/meditex.ee\/en\/","logo":{"@type":"ImageObject","inLanguage":"fi","@id":"https:\/\/meditex.ee\/en\/#\/schema\/logo\/image\/","url":"https:\/\/meditex.ee\/wp-content\/uploads\/2018\/03\/mdtx_logo.png","contentUrl":"https:\/\/meditex.ee\/wp-content\/uploads\/2018\/03\/mdtx_logo.png","width":669,"height":235,"caption":"Meditex"},"image":{"@id":"https:\/\/meditex.ee\/en\/#\/schema\/logo\/image\/"},"sameAs":["https:\/\/www.facebook.com\/meditexepood\/"]}]}},"_links":{"self":[{"href":"https:\/\/meditex.ee\/fi\/wp-json\/wp\/v2\/product\/18717","targetHints":{"allow":["GET"]}}],"collection":[{"href":"https:\/\/meditex.ee\/fi\/wp-json\/wp\/v2\/product"}],"about":[{"href":"https:\/\/meditex.ee\/fi\/wp-json\/wp\/v2\/types\/product"}],"wp:featuredmedia":[{"embeddable":true,"href":"https:\/\/meditex.ee\/fi\/wp-json\/wp\/v2\/media\/18107"}],"wp:attachment":[{"href":"https:\/\/meditex.ee\/fi\/wp-json\/wp\/v2\/media?parent=18717"}],"wp:term":[{"taxonomy":"product_brand","embeddable":true,"href":"https:\/\/meditex.ee\/fi\/wp-json\/wp\/v2\/product_brand?post=18717"},{"taxonomy":"product_cat","embeddable":true,"href":"https:\/\/meditex.ee\/fi\/wp-json\/wp\/v2\/product_cat?post=18717"},{"taxonomy":"product_tag","embeddable":true,"href":"https:\/\/meditex.ee\/fi\/wp-json\/wp\/v2\/product_tag?post=18717"}],"curies":[{"name":"wp","href":"https:\/\/api.w.org\/{rel}","templated":true}]}}