{"id":18630,"date":"2025-06-21T08:00:29","date_gmt":"2025-06-21T08:00:29","guid":{"rendered":"https:\/\/meditex.ee\/?post_type=product&#038;p=18630"},"modified":"2025-06-24T07:59:21","modified_gmt":"2025-06-24T07:59:21","slug":"corsinel-stomasafe-cool","status":"publish","type":"product","link":"https:\/\/meditex.ee\/fi\/tuote\/corsinel-stomasafe-cool\/","title":{"rendered":"Corsinel StomaSafe Cool"},"content":{"rendered":"<div class=\"row\"  id=\"row-1927683481\">\n\n\t<div id=\"col-613465636\" class=\"col medium-4 small-12 large-4\"  >\n\t\t\t\t<div class=\"col-inner\"  >\n\t\t\t\n\t\t\t\n\t<div class=\"img has-hover x md-x lg-x y md-y lg-y\" id=\"image_436596216\">\n\t\t\t\t\t\t\t\t<div class=\"img-inner dark\" >\n\t\t\t<img decoding=\"async\" width=\"419\" height=\"417\" src=\"https:\/\/meditex.ee\/wp-content\/uploads\/2020\/09\/Corsinel-compression-level-icon_LIGHT.png\" class=\"attachment-large size-large\" alt=\"\" srcset=\"https:\/\/meditex.ee\/wp-content\/uploads\/2020\/09\/Corsinel-compression-level-icon_LIGHT.png 419w, https:\/\/meditex.ee\/wp-content\/uploads\/2020\/09\/Corsinel-compression-level-icon_LIGHT-100x100.png 100w, https:\/\/meditex.ee\/wp-content\/uploads\/2020\/09\/Corsinel-compression-level-icon_LIGHT-402x400.png 402w, https:\/\/meditex.ee\/wp-content\/uploads\/2020\/09\/Corsinel-compression-level-icon_LIGHT-280x280.png 280w, https:\/\/meditex.ee\/wp-content\/uploads\/2020\/09\/Corsinel-compression-level-icon_LIGHT-300x300.png 300w\" sizes=\"(max-width: 419px) 100vw, 419px\" \/>\t\t\t\t\t\t\n\t\t\t\t\t<\/div>\n\t\t\t\t\t\t\t\t\n<style>\n#image_436596216 {\n  width: 30%;\n}\n<\/style>\n\t<\/div>\n\t\n\t\t<\/div>\n\t\t\t\t\t<\/div>\n\n\t\n\n\t<div id=\"col-1717020673\" class=\"col medium-4 small-12 large-4\"  >\n\t\t\t\t<div class=\"col-inner\"  >\n\t\t\t\n\t\t\t\n\t\t<\/div>\n\t\t\t\t\t<\/div>\n\n\t\n\n\t<div id=\"col-1075728312\" class=\"col medium-4 small-12 large-4\"  >\n\t\t\t\t<div class=\"col-inner text-right\"  >\n\t\t\t\n\t\t\t\n\t<div class=\"img has-hover x md-x lg-x y md-y lg-y\" id=\"image_1660247616\">\n\t\t\t\t\t\t\t\t<div class=\"img-inner dark\" >\n\t\t\t<img decoding=\"async\" width=\"1000\" height=\"285\" src=\"https:\/\/meditex.ee\/wp-content\/uploads\/2023\/04\/logo_86_11zon.jpg\" class=\"attachment-large size-large\" alt=\"\" srcset=\"https:\/\/meditex.ee\/wp-content\/uploads\/2023\/04\/logo_86_11zon.jpg 1000w, https:\/\/meditex.ee\/wp-content\/uploads\/2023\/04\/logo_86_11zon-510x145.jpg 510w, https:\/\/meditex.ee\/wp-content\/uploads\/2023\/04\/logo_86_11zon-800x228.jpg 800w, https:\/\/meditex.ee\/wp-content\/uploads\/2023\/04\/logo_86_11zon-768x219.jpg 768w\" sizes=\"(max-width: 1000px) 100vw, 1000px\" \/>\t\t\t\t\t\t\n\t\t\t\t\t<\/div>\n\t\t\t\t\t\t\t\t\n<style>\n#image_1660247616 {\n  width: 50%;\n}\n<\/style>\n\t<\/div>\n\t\n\t\t<\/div>\n\t\t\t\t\t<\/div>\n\n\t\n<\/div>\n<h3 style=\"text-align: left;\"><span style=\"color: #000000;\"><strong>Kevyt tuki avanneputki <\/strong><\/span><span style=\"color: #000000;\"><strong>StomaSafe Cool<\/strong><\/span><\/h3>\n<p style=\"text-align: left;\"><span style=\"color: #000000;\">StomaSafe Cool avanneputki on suunniteltu ylitt\u00e4m\u00e4t\u00f6nt\u00e4 mukavuutta varten. Se kiinnitt\u00e4\u00e4 ja tukee avannepussin huomaamattomasti ja turvallisesti ja antaa samalla viilent\u00e4v\u00e4n tunteen iholle kehittyneen j\u00e4\u00e4hdytyslangateknologian ansiosta. Putken muotoilu mahdollistaa k\u00e4ytt\u00e4j\u00e4n fyysisesti aktiivisen el\u00e4m\u00e4n. StomaSafe Coolia voidaan k\u00e4ytt\u00e4\u00e4 sek\u00e4 yhden ett\u00e4 kahden j\u00e4rjestelm\u00e4n kanssa, ja sit\u00e4 voidaan k\u00e4ytt\u00e4\u00e4 ymp\u00e4ri vuorokauden. <\/span><\/p>\n<p><span style=\"color: #000000;\"><strong>Ominaisuudet:<\/strong><\/span><\/p>\n<ul>\n<li><span style=\"color: #000000;\">Huomaamaton ja turvallinen: Sama luotettava tuki kuin StomaSafe Plus, mutta nyt my\u00f6s viileyden tunne.<\/span><\/li>\n<li><span style=\"color: #000000;\">Jatkuva mukavuus kehittyneen tuulitunneliteknologian avulla<\/span><\/li>\n<li><span style=\"color: #000000;\">Kevyt, tuskin havaittava tunne, joka liikkuu luonnollisesti kehon mukana.<\/span><\/li>\n<li><span style=\"color: #000000;\">Ilman liimaa &#8211; suojaa herkk\u00e4\u00e4 ihoa<\/span><\/li>\n<li><span style=\"color: #000000;\">Esileikattu ja valmis nopeaan k\u00e4ytt\u00f6\u00f6n<\/span><\/li>\n<li><span style=\"color: #000000;\">Korkea elastisuus takaa turvallisen ja mukavan istuvuuden.<\/span><\/li>\n<li><span style=\"color: #000000;\">V\u00e4hent\u00e4\u00e4 sidoksen siirtymist\u00e4 ja haavan altistumista.<\/span><\/li>\n<\/ul>\n<p><span style=\"color: #000000;\"><strong>Kangaskoostumus:<\/strong> 91% polyamidia, 9% elastaania.<\/span><\/p>\n<p style=\"text-align: left;\"><span style=\"color: #000000;\"><strong>Koot: <\/strong>mittaa aina vatsan leveimm\u00e4st\u00e4 kohdasta.<\/span><\/p>\n<div class=\"row\"  id=\"row-1345425609\">\n\n\t<div id=\"col-940317735\" class=\"col medium-6 small-12 large-6\"  >\n\t\t\t\t<div class=\"col-inner\"  >\n\t\t\t\n\t\t\t\n\t<div class=\"img has-hover x md-x lg-x y md-y lg-y\" id=\"image_988997396\">\n\t\t\t\t\t\t\t\t<div class=\"img-inner dark\" >\n\t\t\t<img decoding=\"async\" width=\"441\" height=\"455\" src=\"https:\/\/meditex.ee\/wp-content\/uploads\/2025\/06\/suurused.webp\" class=\"attachment-large size-large\" alt=\"\" srcset=\"https:\/\/meditex.ee\/wp-content\/uploads\/2025\/06\/suurused.webp 441w, https:\/\/meditex.ee\/wp-content\/uploads\/2025\/06\/suurused-388x400.webp 388w\" sizes=\"(max-width: 441px) 100vw, 441px\" \/>\t\t\t\t\t\t\n\t\t\t\t\t<\/div>\n\t\t\t\t\t\t\t\t\n<style>\n#image_988997396 {\n  width: 100%;\n}\n<\/style>\n\t<\/div>\n\t\n\t\t<\/div>\n\t\t\t\t\t<\/div>\n\n\t\n\n\t<div id=\"col-2091080473\" class=\"col medium-6 small-12 large-6\"  >\n\t\t\t\t<div class=\"col-inner\"  >\n\t\t\t\n\t\t\t\n\t\t<\/div>\n\t\t\t\t\t<\/div>\n\n\t\n<\/div>\n<div class=\"is-divider divider clearfix\" style=\"background-color:rgb(255, 255, 255);\"><\/div>\n<div class=\"row row-small\"  id=\"row-1221486032\">\n\n\t<div id=\"col-1881495355\" class=\"col medium-6 small-12 large-6\"  >\n\t\t\t\t<div class=\"col-inner\"  >\n\t\t\t\n\t\t\t\n\t<div class=\"img has-hover x md-x lg-x y md-y lg-y\" id=\"image_1092062383\">\n\t\t\t\t\t\t\t\t<div class=\"img-inner dark\" >\n\t\t\t<img decoding=\"async\" width=\"500\" height=\"200\" src=\"https:\/\/meditex.ee\/wp-content\/uploads\/2020\/10\/SSP-paigaldamine-1.png\" class=\"attachment-large size-large\" alt=\"\" \/>\t\t\t\t\t\t\n\t\t\t\t\t<\/div>\n\t\t\t\t\t\t\t\t\n<style>\n#image_1092062383 {\n  width: 100%;\n}\n<\/style>\n\t<\/div>\n\t\n\t\t<\/div>\n\t\t\t\t\t<\/div>\n\n\t\n\n\t<div id=\"col-1302001912\" class=\"col medium-6 small-12 large-6\"  >\n\t\t\t\t<div class=\"col-inner\"  >\n\t\t\t\n\t\t\t\n\t<div class=\"img has-hover x md-x lg-x y md-y lg-y\" id=\"image_1361623660\">\n\t\t\t\t\t\t\t\t<div class=\"img-inner dark\" >\n\t\t\t<img decoding=\"async\" width=\"500\" height=\"200\" src=\"https:\/\/meditex.ee\/wp-content\/uploads\/2020\/10\/SSP-paigaldamine-2.png\" class=\"attachment-large size-large\" alt=\"\" \/>\t\t\t\t\t\t\n\t\t\t\t\t<\/div>\n\t\t\t\t\t\t\t\t\n<style>\n#image_1361623660 {\n  width: 100%;\n}\n<\/style>\n\t<\/div>\n\t\n\t\t<\/div>\n\t\t\t\t\t<\/div>\n\n\t\n<\/div>\n<div class=\"row row-small\"  id=\"row-1812776023\">\n\n\t<div id=\"col-385216329\" class=\"col medium-6 small-12 large-6\"  >\n\t\t\t\t<div class=\"col-inner\"  >\n\t\t\t\n\t\t\t\n\t<div class=\"img has-hover x md-x lg-x y md-y lg-y\" id=\"image_104704152\">\n\t\t\t\t\t\t\t\t<div class=\"img-inner dark\" >\n\t\t\t<img decoding=\"async\" width=\"500\" height=\"200\" src=\"https:\/\/meditex.ee\/wp-content\/uploads\/2020\/10\/SSP-paigaldamine-3.png\" class=\"attachment-large size-large\" alt=\"\" \/>\t\t\t\t\t\t\n\t\t\t\t\t<\/div>\n\t\t\t\t\t\t\t\t\n<style>\n#image_104704152 {\n  width: 100%;\n}\n<\/style>\n\t<\/div>\n\t\n\t\t<\/div>\n\t\t\t\t\t<\/div>\n\n\t\n\n\t<div id=\"col-940104805\" class=\"col medium-6 small-12 large-6\"  >\n\t\t\t\t<div class=\"col-inner\"  >\n\t\t\t\n\t\t\t\n\t<div class=\"img has-hover x md-x lg-x y md-y lg-y\" id=\"image_450962182\">\n\t\t\t\t\t\t\t\t<div class=\"img-inner dark\" >\n\t\t\t<img decoding=\"async\" width=\"500\" height=\"200\" src=\"https:\/\/meditex.ee\/wp-content\/uploads\/2020\/10\/SSP-paigaldamine-4.png\" class=\"attachment-large size-large\" alt=\"\" \/>\t\t\t\t\t\t\n\t\t\t\t\t<\/div>\n\t\t\t\t\t\t\t\t\n<style>\n#image_450962182 {\n  width: 100%;\n}\n<\/style>\n\t<\/div>\n\t\n\t\t<\/div>\n\t\t\t\t\t<\/div>\n\n\t\n<\/div>\n<p><strong>Tiedot valmistajan verkkosivustolla:<\/strong> <a href=\"https:\/\/tytex.com\/stomasafe-cool-light-support\">https:\/\/tytex.com\/stomasafe-cool-light-support<\/a><\/p>\n<p style=\"text-align: left;\"><span style=\"color: #000000;\"><strong>Hy\u00f6dyllist\u00e4 luettavaa:<\/strong> <a href=\"https:\/\/meditex.ee\/fi\/7-tekijaa-jotka-maarittavat-stooman-ja-laulutuotteen-oikean-korkeuden\/\">https:\/\/meditex.ee\/fi\/7-tekijaa-jotka-maarittavat-stooman-ja-laulutuotteen-oikean-korkeuden\/<\/a><\/span><\/p>\n<p style=\"text-align: left;\">Avannepussit ja avannehoitotuotteet: <a href=\"https:\/\/stoom.ee\/tooted\/\">https:\/\/stoom.ee\/tooted\/<\/a><br \/>\nHy\u00f6dyllisi\u00e4 vinkkej\u00e4 avannepotilaille: <a href=\"https:\/\/www.elustoomiga.ee\">https:\/\/www.elustoomiga.ee<\/a>.<\/p>\n","protected":false},"excerpt":{"rendered":"<p style=\"text-align: left;\"><span style=\"color: #282828; font-size: 75%;\">Avanneputki, jossa on kevyt tuki.<\/span><\/p>\n","protected":false},"featured_media":18658,"template":"","meta":[],"product_brand":[],"product_cat":[230],"product_tag":[225,324],"class_list":{"0":"post-18630","1":"product","2":"type-product","3":"status-publish","4":"has-post-thumbnail","6":"product_cat-avanne-ja-tyravyot","7":"product_tag-corsinel-fi","8":"product_tag-kevyt-tuki","10":"first","11":"instock","12":"taxable","13":"shipping-taxable","14":"purchasable","15":"product-type-variable"},"yoast_head":"<!-- This site is optimized with the Yoast SEO plugin v27.3 - https:\/\/yoast.com\/product\/yoast-seo-wordpress\/ -->\n<title>StomaSafe Cool avanneputki kevyell\u00e4 tuella - meditex.ee<\/title>\n<meta name=\"description\" content=\"StomaSafe Cool avanneputki kevyell\u00e4 tuella. Pehme\u00e4 ja joustava sis\u00e4tasku, johon mahtuu turvallisesti kaikenlaiset avanne- ja dreenipussit.\" \/>\n<meta name=\"robots\" content=\"index, follow, max-snippet:-1, max-image-preview:large, max-video-preview:-1\" \/>\n<link rel=\"canonical\" href=\"https:\/\/meditex.ee\/fi\/tuote\/corsinel-stomasafe-cool\/\" \/>\n<meta property=\"og:locale\" content=\"fi_FI\" \/>\n<meta property=\"og:type\" content=\"article\" \/>\n<meta property=\"og:title\" content=\"StomaSafe Cool avanneputki kevyell\u00e4 tuella - meditex.ee\" \/>\n<meta property=\"og:description\" content=\"StomaSafe Cool avanneputki kevyell\u00e4 tuella. Pehme\u00e4 ja joustava sis\u00e4tasku, johon mahtuu turvallisesti kaikenlaiset avanne- ja dreenipussit.\" \/>\n<meta property=\"og:url\" content=\"https:\/\/meditex.ee\/fi\/tuote\/corsinel-stomasafe-cool\/\" \/>\n<meta property=\"og:site_name\" content=\"Meditex\" \/>\n<meta property=\"article:publisher\" content=\"https:\/\/www.facebook.com\/meditexepood\/\" \/>\n<meta property=\"article:modified_time\" content=\"2025-06-24T07:59:21+00:00\" \/>\n<meta property=\"og:image\" content=\"https:\/\/meditex.ee\/wp-content\/uploads\/2025\/06\/321653_stomasafe_Cool_Unisex_TAN_Front_Highres_sticker.webp\" \/>\n\t<meta property=\"og:image:width\" content=\"4000\" \/>\n\t<meta property=\"og:image:height\" content=\"4000\" \/>\n\t<meta property=\"og:image:type\" content=\"image\/webp\" \/>\n<meta name=\"twitter:card\" content=\"summary_large_image\" \/>\n<meta name=\"twitter:label1\" content=\"Arvioitu lukuaika\" \/>\n\t<meta name=\"twitter:data1\" content=\"2 minuuttia\" \/>\n<script type=\"application\/ld+json\" class=\"yoast-schema-graph\">{\"@context\":\"https:\\\/\\\/schema.org\",\"@graph\":[{\"@type\":\"WebPage\",\"@id\":\"https:\\\/\\\/meditex.ee\\\/fi\\\/tuote\\\/corsinel-stomasafe-cool\\\/\",\"url\":\"https:\\\/\\\/meditex.ee\\\/fi\\\/tuote\\\/corsinel-stomasafe-cool\\\/\",\"name\":\"StomaSafe Cool avanneputki kevyell\u00e4 tuella - meditex.ee\",\"isPartOf\":{\"@id\":\"https:\\\/\\\/meditex.ee\\\/en\\\/#website\"},\"primaryImageOfPage\":{\"@id\":\"https:\\\/\\\/meditex.ee\\\/fi\\\/tuote\\\/corsinel-stomasafe-cool\\\/#primaryimage\"},\"image\":{\"@id\":\"https:\\\/\\\/meditex.ee\\\/fi\\\/tuote\\\/corsinel-stomasafe-cool\\\/#primaryimage\"},\"thumbnailUrl\":\"https:\\\/\\\/meditex.ee\\\/wp-content\\\/uploads\\\/2025\\\/06\\\/321653_stomasafe_Cool_Unisex_TAN_Front_Highres_sticker.webp\",\"datePublished\":\"2025-06-21T08:00:29+00:00\",\"dateModified\":\"2025-06-24T07:59:21+00:00\",\"description\":\"StomaSafe Cool avanneputki kevyell\u00e4 tuella. Pehme\u00e4 ja joustava sis\u00e4tasku, johon mahtuu turvallisesti kaikenlaiset avanne- ja dreenipussit.\",\"breadcrumb\":{\"@id\":\"https:\\\/\\\/meditex.ee\\\/fi\\\/tuote\\\/corsinel-stomasafe-cool\\\/#breadcrumb\"},\"inLanguage\":\"fi\",\"potentialAction\":[{\"@type\":\"ReadAction\",\"target\":[\"https:\\\/\\\/meditex.ee\\\/fi\\\/tuote\\\/corsinel-stomasafe-cool\\\/\"]}]},{\"@type\":\"ImageObject\",\"inLanguage\":\"fi\",\"@id\":\"https:\\\/\\\/meditex.ee\\\/fi\\\/tuote\\\/corsinel-stomasafe-cool\\\/#primaryimage\",\"url\":\"https:\\\/\\\/meditex.ee\\\/wp-content\\\/uploads\\\/2025\\\/06\\\/321653_stomasafe_Cool_Unisex_TAN_Front_Highres_sticker.webp\",\"contentUrl\":\"https:\\\/\\\/meditex.ee\\\/wp-content\\\/uploads\\\/2025\\\/06\\\/321653_stomasafe_Cool_Unisex_TAN_Front_Highres_sticker.webp\",\"width\":4000,\"height\":4000},{\"@type\":\"BreadcrumbList\",\"@id\":\"https:\\\/\\\/meditex.ee\\\/fi\\\/tuote\\\/corsinel-stomasafe-cool\\\/#breadcrumb\",\"itemListElement\":[{\"@type\":\"ListItem\",\"position\":1,\"name\":\"Home\",\"item\":\"https:\\\/\\\/meditex.ee\\\/fi\\\/\"},{\"@type\":\"ListItem\",\"position\":2,\"name\":\"Verkkokauppa\",\"item\":\"https:\\\/\\\/meditex.ee\\\/fi\\\/verkkokauppa\\\/\"},{\"@type\":\"ListItem\",\"position\":3,\"name\":\"Corsinel StomaSafe Cool\"}]},{\"@type\":\"WebSite\",\"@id\":\"https:\\\/\\\/meditex.ee\\\/en\\\/#website\",\"url\":\"https:\\\/\\\/meditex.ee\\\/en\\\/\",\"name\":\"Meditex\",\"description\":\"\",\"publisher\":{\"@id\":\"https:\\\/\\\/meditex.ee\\\/en\\\/#organization\"},\"potentialAction\":[{\"@type\":\"SearchAction\",\"target\":{\"@type\":\"EntryPoint\",\"urlTemplate\":\"https:\\\/\\\/meditex.ee\\\/en\\\/?s={search_term_string}\"},\"query-input\":{\"@type\":\"PropertyValueSpecification\",\"valueRequired\":true,\"valueName\":\"search_term_string\"}}],\"inLanguage\":\"fi\"},{\"@type\":\"Organization\",\"@id\":\"https:\\\/\\\/meditex.ee\\\/en\\\/#organization\",\"name\":\"Meditex\",\"url\":\"https:\\\/\\\/meditex.ee\\\/en\\\/\",\"logo\":{\"@type\":\"ImageObject\",\"inLanguage\":\"fi\",\"@id\":\"https:\\\/\\\/meditex.ee\\\/en\\\/#\\\/schema\\\/logo\\\/image\\\/\",\"url\":\"https:\\\/\\\/meditex.ee\\\/wp-content\\\/uploads\\\/2018\\\/03\\\/mdtx_logo.png\",\"contentUrl\":\"https:\\\/\\\/meditex.ee\\\/wp-content\\\/uploads\\\/2018\\\/03\\\/mdtx_logo.png\",\"width\":669,\"height\":235,\"caption\":\"Meditex\"},\"image\":{\"@id\":\"https:\\\/\\\/meditex.ee\\\/en\\\/#\\\/schema\\\/logo\\\/image\\\/\"},\"sameAs\":[\"https:\\\/\\\/www.facebook.com\\\/meditexepood\\\/\"]}]}<\/script>\n<!-- \/ Yoast SEO plugin. -->","yoast_head_json":{"title":"StomaSafe Cool avanneputki kevyell\u00e4 tuella - meditex.ee","description":"StomaSafe Cool avanneputki kevyell\u00e4 tuella. Pehme\u00e4 ja joustava sis\u00e4tasku, johon mahtuu turvallisesti kaikenlaiset avanne- ja dreenipussit.","robots":{"index":"index","follow":"follow","max-snippet":"max-snippet:-1","max-image-preview":"max-image-preview:large","max-video-preview":"max-video-preview:-1"},"canonical":"https:\/\/meditex.ee\/fi\/tuote\/corsinel-stomasafe-cool\/","og_locale":"fi_FI","og_type":"article","og_title":"StomaSafe Cool avanneputki kevyell\u00e4 tuella - meditex.ee","og_description":"StomaSafe Cool avanneputki kevyell\u00e4 tuella. Pehme\u00e4 ja joustava sis\u00e4tasku, johon mahtuu turvallisesti kaikenlaiset avanne- ja dreenipussit.","og_url":"https:\/\/meditex.ee\/fi\/tuote\/corsinel-stomasafe-cool\/","og_site_name":"Meditex","article_publisher":"https:\/\/www.facebook.com\/meditexepood\/","article_modified_time":"2025-06-24T07:59:21+00:00","og_image":[{"width":4000,"height":4000,"url":"https:\/\/meditex.ee\/wp-content\/uploads\/2025\/06\/321653_stomasafe_Cool_Unisex_TAN_Front_Highres_sticker.webp","type":"image\/webp"}],"twitter_card":"summary_large_image","twitter_misc":{"Arvioitu lukuaika":"2 minuuttia"},"schema":{"@context":"https:\/\/schema.org","@graph":[{"@type":"WebPage","@id":"https:\/\/meditex.ee\/fi\/tuote\/corsinel-stomasafe-cool\/","url":"https:\/\/meditex.ee\/fi\/tuote\/corsinel-stomasafe-cool\/","name":"StomaSafe Cool avanneputki kevyell\u00e4 tuella - meditex.ee","isPartOf":{"@id":"https:\/\/meditex.ee\/en\/#website"},"primaryImageOfPage":{"@id":"https:\/\/meditex.ee\/fi\/tuote\/corsinel-stomasafe-cool\/#primaryimage"},"image":{"@id":"https:\/\/meditex.ee\/fi\/tuote\/corsinel-stomasafe-cool\/#primaryimage"},"thumbnailUrl":"https:\/\/meditex.ee\/wp-content\/uploads\/2025\/06\/321653_stomasafe_Cool_Unisex_TAN_Front_Highres_sticker.webp","datePublished":"2025-06-21T08:00:29+00:00","dateModified":"2025-06-24T07:59:21+00:00","description":"StomaSafe Cool avanneputki kevyell\u00e4 tuella. Pehme\u00e4 ja joustava sis\u00e4tasku, johon mahtuu turvallisesti kaikenlaiset avanne- ja dreenipussit.","breadcrumb":{"@id":"https:\/\/meditex.ee\/fi\/tuote\/corsinel-stomasafe-cool\/#breadcrumb"},"inLanguage":"fi","potentialAction":[{"@type":"ReadAction","target":["https:\/\/meditex.ee\/fi\/tuote\/corsinel-stomasafe-cool\/"]}]},{"@type":"ImageObject","inLanguage":"fi","@id":"https:\/\/meditex.ee\/fi\/tuote\/corsinel-stomasafe-cool\/#primaryimage","url":"https:\/\/meditex.ee\/wp-content\/uploads\/2025\/06\/321653_stomasafe_Cool_Unisex_TAN_Front_Highres_sticker.webp","contentUrl":"https:\/\/meditex.ee\/wp-content\/uploads\/2025\/06\/321653_stomasafe_Cool_Unisex_TAN_Front_Highres_sticker.webp","width":4000,"height":4000},{"@type":"BreadcrumbList","@id":"https:\/\/meditex.ee\/fi\/tuote\/corsinel-stomasafe-cool\/#breadcrumb","itemListElement":[{"@type":"ListItem","position":1,"name":"Home","item":"https:\/\/meditex.ee\/fi\/"},{"@type":"ListItem","position":2,"name":"Verkkokauppa","item":"https:\/\/meditex.ee\/fi\/verkkokauppa\/"},{"@type":"ListItem","position":3,"name":"Corsinel StomaSafe Cool"}]},{"@type":"WebSite","@id":"https:\/\/meditex.ee\/en\/#website","url":"https:\/\/meditex.ee\/en\/","name":"Meditex","description":"","publisher":{"@id":"https:\/\/meditex.ee\/en\/#organization"},"potentialAction":[{"@type":"SearchAction","target":{"@type":"EntryPoint","urlTemplate":"https:\/\/meditex.ee\/en\/?s={search_term_string}"},"query-input":{"@type":"PropertyValueSpecification","valueRequired":true,"valueName":"search_term_string"}}],"inLanguage":"fi"},{"@type":"Organization","@id":"https:\/\/meditex.ee\/en\/#organization","name":"Meditex","url":"https:\/\/meditex.ee\/en\/","logo":{"@type":"ImageObject","inLanguage":"fi","@id":"https:\/\/meditex.ee\/en\/#\/schema\/logo\/image\/","url":"https:\/\/meditex.ee\/wp-content\/uploads\/2018\/03\/mdtx_logo.png","contentUrl":"https:\/\/meditex.ee\/wp-content\/uploads\/2018\/03\/mdtx_logo.png","width":669,"height":235,"caption":"Meditex"},"image":{"@id":"https:\/\/meditex.ee\/en\/#\/schema\/logo\/image\/"},"sameAs":["https:\/\/www.facebook.com\/meditexepood\/"]}]}},"_links":{"self":[{"href":"https:\/\/meditex.ee\/fi\/wp-json\/wp\/v2\/product\/18630","targetHints":{"allow":["GET"]}}],"collection":[{"href":"https:\/\/meditex.ee\/fi\/wp-json\/wp\/v2\/product"}],"about":[{"href":"https:\/\/meditex.ee\/fi\/wp-json\/wp\/v2\/types\/product"}],"wp:featuredmedia":[{"embeddable":true,"href":"https:\/\/meditex.ee\/fi\/wp-json\/wp\/v2\/media\/18658"}],"wp:attachment":[{"href":"https:\/\/meditex.ee\/fi\/wp-json\/wp\/v2\/media?parent=18630"}],"wp:term":[{"taxonomy":"product_brand","embeddable":true,"href":"https:\/\/meditex.ee\/fi\/wp-json\/wp\/v2\/product_brand?post=18630"},{"taxonomy":"product_cat","embeddable":true,"href":"https:\/\/meditex.ee\/fi\/wp-json\/wp\/v2\/product_cat?post=18630"},{"taxonomy":"product_tag","embeddable":true,"href":"https:\/\/meditex.ee\/fi\/wp-json\/wp\/v2\/product_tag?post=18630"}],"curies":[{"name":"wp","href":"https:\/\/api.w.org\/{rel}","templated":true}]}}