{"id":17799,"date":"2024-02-12T11:57:55","date_gmt":"2024-02-12T11:57:55","guid":{"rendered":"https:\/\/meditex.ee\/?post_type=product&#038;p=17799"},"modified":"2024-09-22T12:28:03","modified_gmt":"2024-09-22T12:28:03","slug":"paan-side-nordicare-kim","status":"publish","type":"product","link":"https:\/\/meditex.ee\/fi\/tuote\/paan-side-nordicare-kim\/","title":{"rendered":"P\u00e4\u00e4n side NordiCare KIM"},"content":{"rendered":"<div class=\"row\"  id=\"row-1963146848\">\n\n\t<div id=\"col-1567729242\" class=\"col medium-6 small-12 large-6\"  >\n\t\t\t\t<div class=\"col-inner\"  >\n\t\t\t\n\t\t\t\n\t\t<\/div>\n\t\t\t\t\t<\/div>\n\n\t\n\n\t<div id=\"col-179737063\" class=\"col medium-6 small-12 large-6\"  >\n\t\t\t\t<div class=\"col-inner text-right\"  >\n\t\t\t\n\t\t\t\n\t<div class=\"img has-hover x md-x lg-x y md-y lg-y\" id=\"image_177502407\">\n\t\t\t\t\t\t\t\t<div class=\"img-inner dark\" >\n\t\t\t<img decoding=\"async\" width=\"488\" height=\"154\" src=\"https:\/\/meditex.ee\/wp-content\/uploads\/2020\/03\/nordicare_logo.png\" class=\"attachment-large size-large\" alt=\"\" \/>\t\t\t\t\t\t\n\t\t\t\t\t<\/div>\n\t\t\t\t\t\t\t\t\n<style>\n#image_177502407 {\n  width: 40%;\n}\n<\/style>\n\t<\/div>\n\t\n\t\t<\/div>\n\t\t\t\t\t<\/div>\n\n\t\n<\/div>\n<p style=\"text-align: left;\">Kimiss\u00e4 on s\u00e4\u00e4dett\u00e4v\u00e4 p\u00e4\u00e4panta, joka on valmistettu mukavasta materiaalista, jossa on saumattomat reunat. Sidos voidaan helposti leikata poskien, leuan ja kaulan ymp\u00e4rilt\u00e4 optimaalisen mukavuuden ja istuvuuden saavuttamiseksi. Tuotteeseen voidaan my\u00f6s leikata reiki\u00e4, esimerkiksi korvia varten. Hihnojen pituutta voidaan lyhent\u00e4\u00e4.<\/p>\n<p style=\"text-align: left;\">Paras istuvuus ja puristus saavutetaan s\u00e4\u00e4t\u00e4m\u00e4ll\u00e4 kolmea hihnaa. Viestint\u00e4 pysyy tasaisena y\u00f6ll\u00e4. Sidoksen materiaali on hengitt\u00e4v\u00e4 ja antaa iholle viilent\u00e4v\u00e4n tunteen.<\/p>\n<p><strong>Koko:<\/strong> S\/M, L\/XL<\/p>\n\t<div class=\"img has-hover x md-x lg-x y md-y lg-y\" id=\"image_1278000643\">\n\t\t\t\t\t\t\t\t<div class=\"img-inner dark\" >\n\t\t\t<img decoding=\"async\" width=\"350\" height=\"276\" src=\"https:\/\/meditex.ee\/wp-content\/uploads\/2024\/02\/kim_measurment.webp\" class=\"attachment-medium size-medium\" alt=\"\" \/>\t\t\t\t\t\t\n\t\t\t\t\t<\/div>\n\t\t\t\t\t\t\t\t\n<style>\n#image_1278000643 {\n  width: 27%;\n}\n<\/style>\n\t<\/div>\n\t\n<div class=\"is-divider divider clearfix\" style=\"background-color:rgb(255, 255, 255);\"><\/div>\n<p><strong>Hoito: <\/strong>konepesu 40 \u00b0C:ssa, voidaan tarvittaessa pest\u00e4 korkeammissa l\u00e4mp\u00f6tiloissa 60 \u00b0C:seen asti. Tuote kest\u00e4\u00e4 kauemmin, kun se pest\u00e4\u00e4n alhaisemmissa l\u00e4mp\u00f6tiloissa. Rumpukuivaus kielletty. Sulje takin kiinnitys ennen pesua ja k\u00e4yt\u00e4 pesuverkkoa. Jos kyseess\u00e4 on veritahra, liota tai pese kylm\u00e4ll\u00e4 vedell\u00e4. \u00c4l\u00e4 k\u00e4yt\u00e4 valkaisuaineita tai huuhteluainetta, sill\u00e4 ne voivat vahingoittaa materiaalia.<\/p>\n","protected":false},"excerpt":{"rendered":"<p><span style=\"font-size: 75%;\">Mukavasta materiaalista valmistettu s\u00e4\u00e4dett\u00e4v\u00e4 p\u00e4\u00e4panta, jossa on saumattomat reunat.<\/span><\/p>\n","protected":false},"featured_media":17843,"template":"","meta":[],"product_brand":[],"product_cat":[358],"product_tag":[286],"class_list":{"0":"post-17799","1":"product","2":"type-product","3":"status-publish","4":"has-post-thumbnail","6":"product_cat-kasvojen-sidos","7":"product_tag-nordicare-fi","9":"first","10":"instock","11":"taxable","12":"shipping-taxable","13":"purchasable","14":"product-type-variable"},"yoast_head":"<!-- This site is optimized with the Yoast SEO plugin v27.3 - https:\/\/yoast.com\/product\/yoast-seo-wordpress\/ -->\n<title>P\u00e4\u00e4n side NordiCare KIM - Meditex<\/title>\n<meta name=\"description\" content=\"Kimiss\u00e4 on s\u00e4\u00e4dett\u00e4v\u00e4 p\u00e4\u00e4panta, joka on valmistettu mukavasta materiaalista. Sidos voidaan helposti leikata poskien, leuan ja kaulan ymp\u00e4rilt\u00e4, jotta se istuu hyvin.\" \/>\n<meta name=\"robots\" content=\"index, follow, max-snippet:-1, max-image-preview:large, max-video-preview:-1\" \/>\n<link rel=\"canonical\" href=\"https:\/\/meditex.ee\/toode\/peaside-nordicare-kim\/\" \/>\n<meta property=\"og:locale\" content=\"fi_FI\" \/>\n<meta property=\"og:type\" content=\"article\" \/>\n<meta property=\"og:title\" content=\"P\u00e4\u00e4n side NordiCare KIM - Meditex\" \/>\n<meta property=\"og:description\" content=\"Kimiss\u00e4 on s\u00e4\u00e4dett\u00e4v\u00e4 p\u00e4\u00e4panta, joka on valmistettu mukavasta materiaalista. Sidos voidaan helposti leikata poskien, leuan ja kaulan ymp\u00e4rilt\u00e4, jotta se istuu hyvin.\" \/>\n<meta property=\"og:url\" content=\"https:\/\/meditex.ee\/toode\/peaside-nordicare-kim\/\" \/>\n<meta property=\"og:site_name\" content=\"Meditex\" \/>\n<meta property=\"article:publisher\" content=\"https:\/\/www.facebook.com\/meditexepood\/\" \/>\n<meta property=\"article:modified_time\" content=\"2024-09-22T12:28:03+00:00\" \/>\n<meta property=\"og:image\" content=\"https:\/\/meditex.ee\/wp-content\/uploads\/2024\/02\/kim_mg_background.webp\" \/>\n\t<meta property=\"og:image:width\" content=\"500\" \/>\n\t<meta property=\"og:image:height\" content=\"500\" \/>\n\t<meta property=\"og:image:type\" content=\"image\/webp\" \/>\n<meta name=\"twitter:card\" content=\"summary_large_image\" \/>\n<meta name=\"twitter:label1\" content=\"Arvioitu lukuaika\" \/>\n\t<meta name=\"twitter:data1\" content=\"1 minuutti\" \/>\n<script type=\"application\/ld+json\" class=\"yoast-schema-graph\">{\"@context\":\"https:\\\/\\\/schema.org\",\"@graph\":[{\"@type\":\"WebPage\",\"@id\":\"https:\\\/\\\/meditex.ee\\\/toode\\\/peaside-nordicare-kim\\\/\",\"url\":\"https:\\\/\\\/meditex.ee\\\/toode\\\/peaside-nordicare-kim\\\/\",\"name\":\"P\u00e4\u00e4n side NordiCare KIM - Meditex\",\"isPartOf\":{\"@id\":\"https:\\\/\\\/meditex.ee\\\/en\\\/#website\"},\"primaryImageOfPage\":{\"@id\":\"https:\\\/\\\/meditex.ee\\\/toode\\\/peaside-nordicare-kim\\\/#primaryimage\"},\"image\":{\"@id\":\"https:\\\/\\\/meditex.ee\\\/toode\\\/peaside-nordicare-kim\\\/#primaryimage\"},\"thumbnailUrl\":\"https:\\\/\\\/meditex.ee\\\/wp-content\\\/uploads\\\/2024\\\/02\\\/kim_mg_background.webp\",\"datePublished\":\"2024-02-12T11:57:55+00:00\",\"dateModified\":\"2024-09-22T12:28:03+00:00\",\"description\":\"Kimiss\u00e4 on s\u00e4\u00e4dett\u00e4v\u00e4 p\u00e4\u00e4panta, joka on valmistettu mukavasta materiaalista. Sidos voidaan helposti leikata poskien, leuan ja kaulan ymp\u00e4rilt\u00e4, jotta se istuu hyvin.\",\"breadcrumb\":{\"@id\":\"https:\\\/\\\/meditex.ee\\\/toode\\\/peaside-nordicare-kim\\\/#breadcrumb\"},\"inLanguage\":\"fi\",\"potentialAction\":[{\"@type\":\"ReadAction\",\"target\":[\"https:\\\/\\\/meditex.ee\\\/toode\\\/peaside-nordicare-kim\\\/\"]}]},{\"@type\":\"ImageObject\",\"inLanguage\":\"fi\",\"@id\":\"https:\\\/\\\/meditex.ee\\\/toode\\\/peaside-nordicare-kim\\\/#primaryimage\",\"url\":\"https:\\\/\\\/meditex.ee\\\/wp-content\\\/uploads\\\/2024\\\/02\\\/kim_mg_background.webp\",\"contentUrl\":\"https:\\\/\\\/meditex.ee\\\/wp-content\\\/uploads\\\/2024\\\/02\\\/kim_mg_background.webp\",\"width\":500,\"height\":500},{\"@type\":\"BreadcrumbList\",\"@id\":\"https:\\\/\\\/meditex.ee\\\/toode\\\/peaside-nordicare-kim\\\/#breadcrumb\",\"itemListElement\":[{\"@type\":\"ListItem\",\"position\":1,\"name\":\"Home\",\"item\":\"https:\\\/\\\/meditex.ee\\\/fi\\\/\"},{\"@type\":\"ListItem\",\"position\":2,\"name\":\"Verkkokauppa\",\"item\":\"https:\\\/\\\/meditex.ee\\\/fi\\\/verkkokauppa\\\/\"},{\"@type\":\"ListItem\",\"position\":3,\"name\":\"P\u00e4\u00e4n side NordiCare KIM\"}]},{\"@type\":\"WebSite\",\"@id\":\"https:\\\/\\\/meditex.ee\\\/en\\\/#website\",\"url\":\"https:\\\/\\\/meditex.ee\\\/en\\\/\",\"name\":\"Meditex\",\"description\":\"\",\"publisher\":{\"@id\":\"https:\\\/\\\/meditex.ee\\\/en\\\/#organization\"},\"potentialAction\":[{\"@type\":\"SearchAction\",\"target\":{\"@type\":\"EntryPoint\",\"urlTemplate\":\"https:\\\/\\\/meditex.ee\\\/en\\\/?s={search_term_string}\"},\"query-input\":{\"@type\":\"PropertyValueSpecification\",\"valueRequired\":true,\"valueName\":\"search_term_string\"}}],\"inLanguage\":\"fi\"},{\"@type\":\"Organization\",\"@id\":\"https:\\\/\\\/meditex.ee\\\/en\\\/#organization\",\"name\":\"Meditex\",\"url\":\"https:\\\/\\\/meditex.ee\\\/en\\\/\",\"logo\":{\"@type\":\"ImageObject\",\"inLanguage\":\"fi\",\"@id\":\"https:\\\/\\\/meditex.ee\\\/en\\\/#\\\/schema\\\/logo\\\/image\\\/\",\"url\":\"https:\\\/\\\/meditex.ee\\\/wp-content\\\/uploads\\\/2018\\\/03\\\/mdtx_logo.png\",\"contentUrl\":\"https:\\\/\\\/meditex.ee\\\/wp-content\\\/uploads\\\/2018\\\/03\\\/mdtx_logo.png\",\"width\":669,\"height\":235,\"caption\":\"Meditex\"},\"image\":{\"@id\":\"https:\\\/\\\/meditex.ee\\\/en\\\/#\\\/schema\\\/logo\\\/image\\\/\"},\"sameAs\":[\"https:\\\/\\\/www.facebook.com\\\/meditexepood\\\/\"]}]}<\/script>\n<!-- \/ Yoast SEO plugin. -->","yoast_head_json":{"title":"P\u00e4\u00e4n side NordiCare KIM - Meditex","description":"Kimiss\u00e4 on s\u00e4\u00e4dett\u00e4v\u00e4 p\u00e4\u00e4panta, joka on valmistettu mukavasta materiaalista. Sidos voidaan helposti leikata poskien, leuan ja kaulan ymp\u00e4rilt\u00e4, jotta se istuu hyvin.","robots":{"index":"index","follow":"follow","max-snippet":"max-snippet:-1","max-image-preview":"max-image-preview:large","max-video-preview":"max-video-preview:-1"},"canonical":"https:\/\/meditex.ee\/toode\/peaside-nordicare-kim\/","og_locale":"fi_FI","og_type":"article","og_title":"P\u00e4\u00e4n side NordiCare KIM - Meditex","og_description":"Kimiss\u00e4 on s\u00e4\u00e4dett\u00e4v\u00e4 p\u00e4\u00e4panta, joka on valmistettu mukavasta materiaalista. Sidos voidaan helposti leikata poskien, leuan ja kaulan ymp\u00e4rilt\u00e4, jotta se istuu hyvin.","og_url":"https:\/\/meditex.ee\/toode\/peaside-nordicare-kim\/","og_site_name":"Meditex","article_publisher":"https:\/\/www.facebook.com\/meditexepood\/","article_modified_time":"2024-09-22T12:28:03+00:00","og_image":[{"width":500,"height":500,"url":"https:\/\/meditex.ee\/wp-content\/uploads\/2024\/02\/kim_mg_background.webp","type":"image\/webp"}],"twitter_card":"summary_large_image","twitter_misc":{"Arvioitu lukuaika":"1 minuutti"},"schema":{"@context":"https:\/\/schema.org","@graph":[{"@type":"WebPage","@id":"https:\/\/meditex.ee\/toode\/peaside-nordicare-kim\/","url":"https:\/\/meditex.ee\/toode\/peaside-nordicare-kim\/","name":"P\u00e4\u00e4n side NordiCare KIM - Meditex","isPartOf":{"@id":"https:\/\/meditex.ee\/en\/#website"},"primaryImageOfPage":{"@id":"https:\/\/meditex.ee\/toode\/peaside-nordicare-kim\/#primaryimage"},"image":{"@id":"https:\/\/meditex.ee\/toode\/peaside-nordicare-kim\/#primaryimage"},"thumbnailUrl":"https:\/\/meditex.ee\/wp-content\/uploads\/2024\/02\/kim_mg_background.webp","datePublished":"2024-02-12T11:57:55+00:00","dateModified":"2024-09-22T12:28:03+00:00","description":"Kimiss\u00e4 on s\u00e4\u00e4dett\u00e4v\u00e4 p\u00e4\u00e4panta, joka on valmistettu mukavasta materiaalista. Sidos voidaan helposti leikata poskien, leuan ja kaulan ymp\u00e4rilt\u00e4, jotta se istuu hyvin.","breadcrumb":{"@id":"https:\/\/meditex.ee\/toode\/peaside-nordicare-kim\/#breadcrumb"},"inLanguage":"fi","potentialAction":[{"@type":"ReadAction","target":["https:\/\/meditex.ee\/toode\/peaside-nordicare-kim\/"]}]},{"@type":"ImageObject","inLanguage":"fi","@id":"https:\/\/meditex.ee\/toode\/peaside-nordicare-kim\/#primaryimage","url":"https:\/\/meditex.ee\/wp-content\/uploads\/2024\/02\/kim_mg_background.webp","contentUrl":"https:\/\/meditex.ee\/wp-content\/uploads\/2024\/02\/kim_mg_background.webp","width":500,"height":500},{"@type":"BreadcrumbList","@id":"https:\/\/meditex.ee\/toode\/peaside-nordicare-kim\/#breadcrumb","itemListElement":[{"@type":"ListItem","position":1,"name":"Home","item":"https:\/\/meditex.ee\/fi\/"},{"@type":"ListItem","position":2,"name":"Verkkokauppa","item":"https:\/\/meditex.ee\/fi\/verkkokauppa\/"},{"@type":"ListItem","position":3,"name":"P\u00e4\u00e4n side NordiCare KIM"}]},{"@type":"WebSite","@id":"https:\/\/meditex.ee\/en\/#website","url":"https:\/\/meditex.ee\/en\/","name":"Meditex","description":"","publisher":{"@id":"https:\/\/meditex.ee\/en\/#organization"},"potentialAction":[{"@type":"SearchAction","target":{"@type":"EntryPoint","urlTemplate":"https:\/\/meditex.ee\/en\/?s={search_term_string}"},"query-input":{"@type":"PropertyValueSpecification","valueRequired":true,"valueName":"search_term_string"}}],"inLanguage":"fi"},{"@type":"Organization","@id":"https:\/\/meditex.ee\/en\/#organization","name":"Meditex","url":"https:\/\/meditex.ee\/en\/","logo":{"@type":"ImageObject","inLanguage":"fi","@id":"https:\/\/meditex.ee\/en\/#\/schema\/logo\/image\/","url":"https:\/\/meditex.ee\/wp-content\/uploads\/2018\/03\/mdtx_logo.png","contentUrl":"https:\/\/meditex.ee\/wp-content\/uploads\/2018\/03\/mdtx_logo.png","width":669,"height":235,"caption":"Meditex"},"image":{"@id":"https:\/\/meditex.ee\/en\/#\/schema\/logo\/image\/"},"sameAs":["https:\/\/www.facebook.com\/meditexepood\/"]}]}},"_links":{"self":[{"href":"https:\/\/meditex.ee\/fi\/wp-json\/wp\/v2\/product\/17799","targetHints":{"allow":["GET"]}}],"collection":[{"href":"https:\/\/meditex.ee\/fi\/wp-json\/wp\/v2\/product"}],"about":[{"href":"https:\/\/meditex.ee\/fi\/wp-json\/wp\/v2\/types\/product"}],"wp:featuredmedia":[{"embeddable":true,"href":"https:\/\/meditex.ee\/fi\/wp-json\/wp\/v2\/media\/17843"}],"wp:attachment":[{"href":"https:\/\/meditex.ee\/fi\/wp-json\/wp\/v2\/media?parent=17799"}],"wp:term":[{"taxonomy":"product_brand","embeddable":true,"href":"https:\/\/meditex.ee\/fi\/wp-json\/wp\/v2\/product_brand?post=17799"},{"taxonomy":"product_cat","embeddable":true,"href":"https:\/\/meditex.ee\/fi\/wp-json\/wp\/v2\/product_cat?post=17799"},{"taxonomy":"product_tag","embeddable":true,"href":"https:\/\/meditex.ee\/fi\/wp-json\/wp\/v2\/product_tag?post=17799"}],"curies":[{"name":"wp","href":"https:\/\/api.w.org\/{rel}","templated":true}]}}