{"id":17769,"date":"2024-02-12T10:14:22","date_gmt":"2024-02-12T10:14:22","guid":{"rendered":"https:\/\/meditex.ee\/?post_type=product&#038;p=17769"},"modified":"2024-05-22T14:55:35","modified_gmt":"2024-05-22T14:55:35","slug":"tukeva-paapanta-nordicare-alex","status":"publish","type":"product","link":"https:\/\/meditex.ee\/fi\/tuote\/tukeva-paapanta-nordicare-alex\/","title":{"rendered":"Tukeva p\u00e4\u00e4panta NordiCare Alex"},"content":{"rendered":"<div class=\"row\"  id=\"row-1285608799\">\n\n\t<div id=\"col-770732785\" class=\"col medium-6 small-12 large-6\"  >\n\t\t\t\t<div class=\"col-inner\"  >\n\t\t\t\n\t\t\t\n\t\t<\/div>\n\t\t\t\t\t<\/div>\n\n\t\n\n\t<div id=\"col-515872732\" class=\"col medium-6 small-12 large-6\"  >\n\t\t\t\t<div class=\"col-inner text-right\"  >\n\t\t\t\n\t\t\t\n\t<div class=\"img has-hover x md-x lg-x y md-y lg-y\" id=\"image_1652417685\">\n\t\t\t\t\t\t\t\t<div class=\"img-inner dark\" >\n\t\t\t<img decoding=\"async\" width=\"488\" height=\"154\" src=\"https:\/\/meditex.ee\/wp-content\/uploads\/2020\/03\/nordicare_logo.png\" class=\"attachment-large size-large\" alt=\"\" \/>\t\t\t\t\t\t\n\t\t\t\t\t<\/div>\n\t\t\t\t\t\t\t\t\n<style>\n#image_1652417685 {\n  width: 40%;\n}\n<\/style>\n\t<\/div>\n\t\n\t\t<\/div>\n\t\t\t\t\t<\/div>\n\n\t\n<\/div>\n<div>Mukava materiaalinen p\u00e4\u00e4panta, jossa on tarrakiinnitys. Helppo s\u00e4\u00e4t\u00e4\u00e4, koska sideharso on kiinnitetty koko sideharson pintaan. Sis\u00e4lt\u00e4\u00e4 kaksi eripituista pienemp\u00e4\u00e4 nauhaa lis\u00e4kiinnityst\u00e4 varten. Hihna voidaan kiinnitt\u00e4\u00e4 eri tavoin. Leveys 7,5 cm.<\/div>\n<div><\/div>\n<div>Koko: yksi koko sopii kaikille (OneSize).<\/div>\n<div><\/div>\n<div>Hoito:<\/div>\n<ul>\n<li>Konepesu 60\u00b0C.<\/li>\n<li>Yksi koko sopii kaikille (1,5 cm).<\/li>\n<li>Sulkeutuu lukollisella kiinnityksell\u00e4.<\/li>\n<li>K\u00e4yt\u00e4 pesupussia.<\/li>\n<li>Ei saa valkaista.<\/li>\n<li>Ei kuivapesua.<\/li>\n<li>Ei saa silitt\u00e4\u00e4.<\/li>\n<li>Kuivausrumpukuivaus kielletty.<\/li>\n<\/ul>\n","protected":false},"excerpt":{"rendered":"<p>Mukava materiaalinen p\u00e4\u00e4panta, jossa on tarrakiinnitys. Helppo s\u00e4\u00e4t\u00e4\u00e4, koska sideharso on kiinnitetty koko sideharson pintaan. Sis\u00e4lt\u00e4\u00e4 kaksi eripituista pienemp\u00e4\u00e4 nauhaa lis\u00e4kiinnityst\u00e4 varten. Hihna voidaan kiinnitt\u00e4\u00e4 eri tavoin. Leveys 7,5 cm. Koko: yksi koko sopii kaikille (OneSize). Hoito: Konepesu 60\u00b0C. Yksi koko sopii kaikille (1,5 cm). Sulkeutuu lukollisella kiinnityksell\u00e4. K\u00e4yt\u00e4 pesupussia. Ei saa valkaista. Ei kuivapesua. [&#8230;]\n","protected":false},"featured_media":17773,"template":"","meta":[],"product_brand":[],"product_cat":[358],"product_tag":[286],"class_list":{"0":"post-17769","1":"product","2":"type-product","3":"status-publish","4":"has-post-thumbnail","6":"product_cat-kasvojen-sidos","7":"product_tag-nordicare-fi","9":"first","10":"instock","11":"taxable","12":"shipping-taxable","13":"purchasable","14":"product-type-simple"},"yoast_head":"<!-- This site is optimized with the Yoast SEO plugin v27.3 - https:\/\/yoast.com\/product\/yoast-seo-wordpress\/ -->\n<title>Tukeva p\u00e4\u00e4panta NordiCare Alex - Meditex<\/title>\n<meta name=\"description\" content=\"Mukava materiaalinen p\u00e4\u00e4panta, jossa on tarrakiinnitys. Helppo s\u00e4\u00e4t\u00e4\u00e4, koska sideharso on kiinnitetty koko sideharson pintaan.\" \/>\n<meta name=\"robots\" content=\"index, follow, max-snippet:-1, max-image-preview:large, max-video-preview:-1\" \/>\n<link rel=\"canonical\" href=\"https:\/\/meditex.ee\/fi\/tuote\/tukeva-paapanta-nordicare-alex\/\" \/>\n<meta property=\"og:locale\" content=\"fi_FI\" \/>\n<meta property=\"og:type\" content=\"article\" \/>\n<meta property=\"og:title\" content=\"Tukeva p\u00e4\u00e4panta NordiCare Alex - Meditex\" \/>\n<meta property=\"og:description\" content=\"Mukava materiaalinen p\u00e4\u00e4panta, jossa on tarrakiinnitys. Helppo s\u00e4\u00e4t\u00e4\u00e4, koska sideharso on kiinnitetty koko sideharson pintaan.\" \/>\n<meta property=\"og:url\" content=\"https:\/\/meditex.ee\/fi\/tuote\/tukeva-paapanta-nordicare-alex\/\" \/>\n<meta property=\"og:site_name\" content=\"Meditex\" \/>\n<meta property=\"article:publisher\" content=\"https:\/\/www.facebook.com\/meditexepood\/\" \/>\n<meta property=\"article:modified_time\" content=\"2024-05-22T14:55:35+00:00\" \/>\n<meta property=\"og:image\" content=\"https:\/\/meditex.ee\/wp-content\/uploads\/2024\/02\/alex_fram_bakband_main.webp\" \/>\n\t<meta property=\"og:image:width\" content=\"500\" \/>\n\t<meta property=\"og:image:height\" content=\"500\" \/>\n\t<meta property=\"og:image:type\" content=\"image\/webp\" \/>\n<meta name=\"twitter:card\" content=\"summary_large_image\" \/>\n<meta name=\"twitter:label1\" content=\"Arvioitu lukuaika\" \/>\n\t<meta name=\"twitter:data1\" content=\"1 minuutti\" \/>\n<script type=\"application\/ld+json\" class=\"yoast-schema-graph\">{\"@context\":\"https:\\\/\\\/schema.org\",\"@graph\":[{\"@type\":\"WebPage\",\"@id\":\"https:\\\/\\\/meditex.ee\\\/fi\\\/tuote\\\/tukeva-paapanta-nordicare-alex\\\/\",\"url\":\"https:\\\/\\\/meditex.ee\\\/fi\\\/tuote\\\/tukeva-paapanta-nordicare-alex\\\/\",\"name\":\"Tukeva p\u00e4\u00e4panta NordiCare Alex - Meditex\",\"isPartOf\":{\"@id\":\"https:\\\/\\\/meditex.ee\\\/en\\\/#website\"},\"primaryImageOfPage\":{\"@id\":\"https:\\\/\\\/meditex.ee\\\/fi\\\/tuote\\\/tukeva-paapanta-nordicare-alex\\\/#primaryimage\"},\"image\":{\"@id\":\"https:\\\/\\\/meditex.ee\\\/fi\\\/tuote\\\/tukeva-paapanta-nordicare-alex\\\/#primaryimage\"},\"thumbnailUrl\":\"https:\\\/\\\/meditex.ee\\\/wp-content\\\/uploads\\\/2024\\\/02\\\/alex_fram_bakband_main.webp\",\"datePublished\":\"2024-02-12T10:14:22+00:00\",\"dateModified\":\"2024-05-22T14:55:35+00:00\",\"description\":\"Mukava materiaalinen p\u00e4\u00e4panta, jossa on tarrakiinnitys. Helppo s\u00e4\u00e4t\u00e4\u00e4, koska sideharso on kiinnitetty koko sideharson pintaan.\",\"breadcrumb\":{\"@id\":\"https:\\\/\\\/meditex.ee\\\/fi\\\/tuote\\\/tukeva-paapanta-nordicare-alex\\\/#breadcrumb\"},\"inLanguage\":\"fi\",\"potentialAction\":[{\"@type\":\"ReadAction\",\"target\":[\"https:\\\/\\\/meditex.ee\\\/fi\\\/tuote\\\/tukeva-paapanta-nordicare-alex\\\/\"]}]},{\"@type\":\"ImageObject\",\"inLanguage\":\"fi\",\"@id\":\"https:\\\/\\\/meditex.ee\\\/fi\\\/tuote\\\/tukeva-paapanta-nordicare-alex\\\/#primaryimage\",\"url\":\"https:\\\/\\\/meditex.ee\\\/wp-content\\\/uploads\\\/2024\\\/02\\\/alex_fram_bakband_main.webp\",\"contentUrl\":\"https:\\\/\\\/meditex.ee\\\/wp-content\\\/uploads\\\/2024\\\/02\\\/alex_fram_bakband_main.webp\",\"width\":500,\"height\":500,\"caption\":\"toetav peaside Alex\"},{\"@type\":\"BreadcrumbList\",\"@id\":\"https:\\\/\\\/meditex.ee\\\/fi\\\/tuote\\\/tukeva-paapanta-nordicare-alex\\\/#breadcrumb\",\"itemListElement\":[{\"@type\":\"ListItem\",\"position\":1,\"name\":\"Home\",\"item\":\"https:\\\/\\\/meditex.ee\\\/fi\\\/\"},{\"@type\":\"ListItem\",\"position\":2,\"name\":\"Verkkokauppa\",\"item\":\"https:\\\/\\\/meditex.ee\\\/fi\\\/verkkokauppa\\\/\"},{\"@type\":\"ListItem\",\"position\":3,\"name\":\"Tukeva p\u00e4\u00e4panta NordiCare Alex\"}]},{\"@type\":\"WebSite\",\"@id\":\"https:\\\/\\\/meditex.ee\\\/en\\\/#website\",\"url\":\"https:\\\/\\\/meditex.ee\\\/en\\\/\",\"name\":\"Meditex\",\"description\":\"\",\"publisher\":{\"@id\":\"https:\\\/\\\/meditex.ee\\\/en\\\/#organization\"},\"potentialAction\":[{\"@type\":\"SearchAction\",\"target\":{\"@type\":\"EntryPoint\",\"urlTemplate\":\"https:\\\/\\\/meditex.ee\\\/en\\\/?s={search_term_string}\"},\"query-input\":{\"@type\":\"PropertyValueSpecification\",\"valueRequired\":true,\"valueName\":\"search_term_string\"}}],\"inLanguage\":\"fi\"},{\"@type\":\"Organization\",\"@id\":\"https:\\\/\\\/meditex.ee\\\/en\\\/#organization\",\"name\":\"Meditex\",\"url\":\"https:\\\/\\\/meditex.ee\\\/en\\\/\",\"logo\":{\"@type\":\"ImageObject\",\"inLanguage\":\"fi\",\"@id\":\"https:\\\/\\\/meditex.ee\\\/en\\\/#\\\/schema\\\/logo\\\/image\\\/\",\"url\":\"https:\\\/\\\/meditex.ee\\\/wp-content\\\/uploads\\\/2018\\\/03\\\/mdtx_logo.png\",\"contentUrl\":\"https:\\\/\\\/meditex.ee\\\/wp-content\\\/uploads\\\/2018\\\/03\\\/mdtx_logo.png\",\"width\":669,\"height\":235,\"caption\":\"Meditex\"},\"image\":{\"@id\":\"https:\\\/\\\/meditex.ee\\\/en\\\/#\\\/schema\\\/logo\\\/image\\\/\"},\"sameAs\":[\"https:\\\/\\\/www.facebook.com\\\/meditexepood\\\/\"]}]}<\/script>\n<!-- \/ Yoast SEO plugin. -->","yoast_head_json":{"title":"Tukeva p\u00e4\u00e4panta NordiCare Alex - Meditex","description":"Mukava materiaalinen p\u00e4\u00e4panta, jossa on tarrakiinnitys. Helppo s\u00e4\u00e4t\u00e4\u00e4, koska sideharso on kiinnitetty koko sideharson pintaan.","robots":{"index":"index","follow":"follow","max-snippet":"max-snippet:-1","max-image-preview":"max-image-preview:large","max-video-preview":"max-video-preview:-1"},"canonical":"https:\/\/meditex.ee\/fi\/tuote\/tukeva-paapanta-nordicare-alex\/","og_locale":"fi_FI","og_type":"article","og_title":"Tukeva p\u00e4\u00e4panta NordiCare Alex - Meditex","og_description":"Mukava materiaalinen p\u00e4\u00e4panta, jossa on tarrakiinnitys. Helppo s\u00e4\u00e4t\u00e4\u00e4, koska sideharso on kiinnitetty koko sideharson pintaan.","og_url":"https:\/\/meditex.ee\/fi\/tuote\/tukeva-paapanta-nordicare-alex\/","og_site_name":"Meditex","article_publisher":"https:\/\/www.facebook.com\/meditexepood\/","article_modified_time":"2024-05-22T14:55:35+00:00","og_image":[{"width":500,"height":500,"url":"https:\/\/meditex.ee\/wp-content\/uploads\/2024\/02\/alex_fram_bakband_main.webp","type":"image\/webp"}],"twitter_card":"summary_large_image","twitter_misc":{"Arvioitu lukuaika":"1 minuutti"},"schema":{"@context":"https:\/\/schema.org","@graph":[{"@type":"WebPage","@id":"https:\/\/meditex.ee\/fi\/tuote\/tukeva-paapanta-nordicare-alex\/","url":"https:\/\/meditex.ee\/fi\/tuote\/tukeva-paapanta-nordicare-alex\/","name":"Tukeva p\u00e4\u00e4panta NordiCare Alex - Meditex","isPartOf":{"@id":"https:\/\/meditex.ee\/en\/#website"},"primaryImageOfPage":{"@id":"https:\/\/meditex.ee\/fi\/tuote\/tukeva-paapanta-nordicare-alex\/#primaryimage"},"image":{"@id":"https:\/\/meditex.ee\/fi\/tuote\/tukeva-paapanta-nordicare-alex\/#primaryimage"},"thumbnailUrl":"https:\/\/meditex.ee\/wp-content\/uploads\/2024\/02\/alex_fram_bakband_main.webp","datePublished":"2024-02-12T10:14:22+00:00","dateModified":"2024-05-22T14:55:35+00:00","description":"Mukava materiaalinen p\u00e4\u00e4panta, jossa on tarrakiinnitys. Helppo s\u00e4\u00e4t\u00e4\u00e4, koska sideharso on kiinnitetty koko sideharson pintaan.","breadcrumb":{"@id":"https:\/\/meditex.ee\/fi\/tuote\/tukeva-paapanta-nordicare-alex\/#breadcrumb"},"inLanguage":"fi","potentialAction":[{"@type":"ReadAction","target":["https:\/\/meditex.ee\/fi\/tuote\/tukeva-paapanta-nordicare-alex\/"]}]},{"@type":"ImageObject","inLanguage":"fi","@id":"https:\/\/meditex.ee\/fi\/tuote\/tukeva-paapanta-nordicare-alex\/#primaryimage","url":"https:\/\/meditex.ee\/wp-content\/uploads\/2024\/02\/alex_fram_bakband_main.webp","contentUrl":"https:\/\/meditex.ee\/wp-content\/uploads\/2024\/02\/alex_fram_bakband_main.webp","width":500,"height":500,"caption":"toetav peaside Alex"},{"@type":"BreadcrumbList","@id":"https:\/\/meditex.ee\/fi\/tuote\/tukeva-paapanta-nordicare-alex\/#breadcrumb","itemListElement":[{"@type":"ListItem","position":1,"name":"Home","item":"https:\/\/meditex.ee\/fi\/"},{"@type":"ListItem","position":2,"name":"Verkkokauppa","item":"https:\/\/meditex.ee\/fi\/verkkokauppa\/"},{"@type":"ListItem","position":3,"name":"Tukeva p\u00e4\u00e4panta NordiCare Alex"}]},{"@type":"WebSite","@id":"https:\/\/meditex.ee\/en\/#website","url":"https:\/\/meditex.ee\/en\/","name":"Meditex","description":"","publisher":{"@id":"https:\/\/meditex.ee\/en\/#organization"},"potentialAction":[{"@type":"SearchAction","target":{"@type":"EntryPoint","urlTemplate":"https:\/\/meditex.ee\/en\/?s={search_term_string}"},"query-input":{"@type":"PropertyValueSpecification","valueRequired":true,"valueName":"search_term_string"}}],"inLanguage":"fi"},{"@type":"Organization","@id":"https:\/\/meditex.ee\/en\/#organization","name":"Meditex","url":"https:\/\/meditex.ee\/en\/","logo":{"@type":"ImageObject","inLanguage":"fi","@id":"https:\/\/meditex.ee\/en\/#\/schema\/logo\/image\/","url":"https:\/\/meditex.ee\/wp-content\/uploads\/2018\/03\/mdtx_logo.png","contentUrl":"https:\/\/meditex.ee\/wp-content\/uploads\/2018\/03\/mdtx_logo.png","width":669,"height":235,"caption":"Meditex"},"image":{"@id":"https:\/\/meditex.ee\/en\/#\/schema\/logo\/image\/"},"sameAs":["https:\/\/www.facebook.com\/meditexepood\/"]}]}},"_links":{"self":[{"href":"https:\/\/meditex.ee\/fi\/wp-json\/wp\/v2\/product\/17769","targetHints":{"allow":["GET"]}}],"collection":[{"href":"https:\/\/meditex.ee\/fi\/wp-json\/wp\/v2\/product"}],"about":[{"href":"https:\/\/meditex.ee\/fi\/wp-json\/wp\/v2\/types\/product"}],"wp:featuredmedia":[{"embeddable":true,"href":"https:\/\/meditex.ee\/fi\/wp-json\/wp\/v2\/media\/17773"}],"wp:attachment":[{"href":"https:\/\/meditex.ee\/fi\/wp-json\/wp\/v2\/media?parent=17769"}],"wp:term":[{"taxonomy":"product_brand","embeddable":true,"href":"https:\/\/meditex.ee\/fi\/wp-json\/wp\/v2\/product_brand?post=17769"},{"taxonomy":"product_cat","embeddable":true,"href":"https:\/\/meditex.ee\/fi\/wp-json\/wp\/v2\/product_cat?post=17769"},{"taxonomy":"product_tag","embeddable":true,"href":"https:\/\/meditex.ee\/fi\/wp-json\/wp\/v2\/product_tag?post=17769"}],"curies":[{"name":"wp","href":"https:\/\/api.w.org\/{rel}","templated":true}]}}