{"id":17650,"date":"2024-02-12T08:35:19","date_gmt":"2024-02-12T08:35:21","guid":{"rendered":"https:\/\/meditex.ee\/?post_type=product&#038;p=17650"},"modified":"2026-02-05T17:51:17","modified_gmt":"2026-02-05T17:51:17","slug":"nordicare-mirabelle","status":"publish","type":"product","link":"https:\/\/meditex.ee\/fi\/tuote\/nordicare-mirabelle\/","title":{"rendered":"NordiCare Mirabelle"},"content":{"rendered":"<div class=\"row\"  id=\"row-1399181714\">\n\n\t<div id=\"col-17065135\" class=\"col medium-4 small-12 large-4\"  >\n\t\t\t\t<div class=\"col-inner\"  >\n\t\t\t\n\t\t\t\n\t\t<\/div>\n\t\t\t\t\t<\/div>\n\n\t\n\n\t<div id=\"col-986927070\" class=\"col medium-4 small-12 large-4\"  >\n\t\t\t\t<div class=\"col-inner\"  >\n\t\t\t\n\t\t\t\n\t\t<\/div>\n\t\t\t\t\t<\/div>\n\n\t\n\n\t<div id=\"col-1124466533\" class=\"col medium-4 small-12 large-4\"  >\n\t\t\t\t<div class=\"col-inner text-right\"  >\n\t\t\t\n\t\t\t\n\t<div class=\"img has-hover x md-x lg-x y md-y lg-y\" id=\"image_1393899521\">\n\t\t\t\t\t\t\t\t<div class=\"img-inner dark\" >\n\t\t\t<img decoding=\"async\" width=\"488\" height=\"154\" src=\"https:\/\/meditex.ee\/wp-content\/uploads\/2020\/03\/nordicare_logo.png\" class=\"attachment-large size-large\" alt=\"\" \/>\t\t\t\t\t\t\n\t\t\t\t\t<\/div>\n\t\t\t\t\t\t\t\t\n<style>\n#image_1393899521 {\n  width: 55%;\n}\n<\/style>\n\t<\/div>\n\t\n\t\t<\/div>\n\t\t\t\t\t<\/div>\n\n\t\n<\/div>\n<div>Vakaat saumattomat leikkauksen j\u00e4lkeiset rintaliivit superpehme\u00e4st\u00e4 materiaalista. Integroitu pakkaus eri vy\u00f6hykkeill\u00e4. Tarkoitettu k\u00e4ytett\u00e4v\u00e4ksi rintojen leikkauksen ja\/tai s\u00e4dehoidon j\u00e4lkeiseen kuntoutukseen, kun halutaan puristaa ja lievitt\u00e4\u00e4 hyv\u00e4\u00e4 paranemisprosessia ja v\u00e4hent\u00e4\u00e4 serooman ja irtoamisen riski\u00e4.<\/div>\n<div>\u00a0<\/div>\n<div>Leve\u00e4 sivuosa ja tukeva muotoilu takaavat hyv\u00e4n istuvuuden ja tuen. Integroitu kompressio eri vy\u00f6hykkeill\u00e4 edist\u00e4\u00e4 tehokasta paranemisprosessia leikkauksen j\u00e4lkeen. Rintaliivit ovat t\u00e4ysin saumattomat, my\u00f6s rintalinjan alla, mik\u00e4 tekee tuotteen k\u00e4yt\u00f6st\u00e4 miellytt\u00e4v\u00e4n ja miellytt\u00e4v\u00e4n iholle. Sis\u00e4lt\u00e4\u00e4 taskut rintamuotojen, pehmusteiden tai proteesien sovittamista varten.<\/div>\n<p>Vastaa pakkaustasoa 1.<\/p>\n<p style=\"text-align: left;\">Hoito: Konepesu 60\u00b0C. Optimaalisen v\u00e4rinkeston varmistamiseksi suositellaan pesua 40\u00b0C:ssa. Voidaan rumpukuivata alhaisessa l\u00e4mp\u00f6tilassa. \u00c4l\u00e4 k\u00e4yt\u00e4 valkaisuainetta, klooria tai huuhteluainetta. \u00c4l\u00e4 silit\u00e4. On suositeltavaa k\u00e4ytt\u00e4\u00e4 pyykkipussia.<\/p>\n<div><strong>V\u00e4ri:<\/strong> musta, valkoinen.<\/div>\n<div>\u00a0<\/div>\n<div><strong>Koot:<\/strong> musta S-2XL, valkoinen S-4XL<\/div>\n<div>\u00a0<\/div>\n<div>Kokotaulukko, jossa Cupin koko = korin koko<\/div>\n\t<div class=\"img has-hover x md-x lg-x y md-y lg-y\" id=\"image_291043787\">\n\t\t\t\t\t\t\t\t<div class=\"img-inner dark\" >\n\t\t\t<img decoding=\"async\" width=\"442\" height=\"193\" src=\"https:\/\/meditex.ee\/wp-content\/uploads\/2024\/02\/storlekar_mirabelle.webp\" class=\"attachment-large size-large\" alt=\"\" \/>\t\t\t\t\t\t\n\t\t\t\t\t<\/div>\n\t\t\t\t\t\t\t\t\n<style>\n#image_291043787 {\n  width: 50%;\n}\n<\/style>\n\t<\/div>\n\t\n\t<div id=\"gap-999904597\" class=\"gap-element clearfix\" style=\"display:block; height:auto;\">\n\t\t\n<style>\n#gap-999904597 {\n  padding-top: 30px;\n}\n<\/style>\n\t<\/div>\n\t\n<div class=\"row\"  id=\"row-394043244\">\n\n\t<div id=\"col-1025136650\" class=\"col small-12 large-12\"  >\n\t\t\t\t<div class=\"col-inner\"  >\n\t\t\t\n\t\t\t\n<div class=\"video video-fit mb\" style=\"padding-top:56.25%;\"><p><iframe title=\"Nordicare Mirabelle Bra, instruction\" src=\"https:\/\/player.vimeo.com\/video\/336768811?dnt=1&amp;app_id=122963\" width=\"1020\" height=\"574\" frameborder=\"0\" allow=\"autoplay; fullscreen; picture-in-picture; clipboard-write; encrypted-media; web-share\" referrerpolicy=\"strict-origin-when-cross-origin\"><\/iframe><\/p>\n<\/div>\n\t<div id=\"gap-540510049\" class=\"gap-element clearfix\" style=\"display:block; height:auto;\">\n\t\t\n<style>\n#gap-540510049 {\n  padding-top: 30px;\n}\n<\/style>\n\t<\/div>\n\t\n<p class=\"Standard\" style=\"text-align: left;\"><strong><span style=\"font-size: 11pt; color: #000000;\">Proteesirintaliivit, joissa on tilaa proteesille<\/span><\/strong><\/p>\n<p class=\"Standard\" style=\"text-align: left;\"><span style=\"font-size: 11pt; color: #000000;\">Tavoitteenamme on valmistaa alusvaatteita, jotka sopivat k\u00e4ytt\u00e4j\u00e4lle t\u00e4ydellisesti. Meill\u00e4 on pitk\u00e4 kokemus tuotteiden suunnittelusta naisille, joille on tehty erityyppisi\u00e4 rintaleikkauksia, kuten mastektomia, rintojen pienennys, rintojen rekonstruktio ja rintojen suurennus. Huolellisesti harkittujen mallien ja erityisesti valittujen materiaalien ansiosta olemme luoneet alusvaatteet, joita k\u00e4yt\u00e4t mielell\u00e4si.<\/span><\/p>\n<p class=\"Standard\" style=\"text-align: left;\"><span style=\"font-size: 11pt; color: #000000;\">Ymm\u00e4rr\u00e4mme, kuinka t\u00e4rke\u00e4\u00e4 rintaleikkauksen l\u00e4pik\u00e4yneille naisille on l\u00f6yt\u00e4\u00e4 rintaliivit, jotka istuvat hyvin, antavat runsaasti tukea ja ovat mukavat k\u00e4ytt\u00e4\u00e4. Siksi tarjoamme ylpe\u00e4n\u00e4 n\u00e4it\u00e4 tyylikk\u00e4it\u00e4 ja mukavia alusvaatteita niille, jotka k\u00e4ytt\u00e4v\u00e4t rintaliivej\u00e4 &#8211; tai jopa niille, jotka haluavat k\u00e4ytt\u00e4\u00e4 niit\u00e4 vain vaatteidensa alla.<\/span><\/p>\n\t\t<\/div>\n\t\t\t\t\t<\/div>\n\n\t\n<\/div>\n","protected":false},"excerpt":{"rendered":"<p style=\"text-align: left;\"><span style=\"font-size: 75%;\">Leikkauksen j\u00e4lkeiset rintaliivit, jotka on suunniteltu k\u00e4ytett\u00e4v\u00e4ksi erilaisten rintaleikkausten j\u00e4lkeen.<\/span><\/p>\n","protected":false},"featured_media":17693,"template":"","meta":[],"product_brand":[],"product_cat":[229],"product_tag":[286],"class_list":{"0":"post-17650","1":"product","2":"type-product","3":"status-publish","4":"has-post-thumbnail","6":"product_cat-rintaliivit","7":"product_tag-nordicare-fi","9":"first","10":"instock","11":"taxable","12":"shipping-taxable","13":"purchasable","14":"product-type-variable"},"yoast_head":"<!-- This site is optimized with the Yoast SEO plugin v27.3 - https:\/\/yoast.com\/product\/yoast-seo-wordpress\/ -->\n<title>Surgical bra - Meditex.ee<\/title>\n<meta name=\"description\" content=\"Tukevat saumattomat leikkauksen j\u00e4lkeiset rintaliivit eritt\u00e4in pehme\u00e4st\u00e4 materiaalista. Suunniteltu k\u00e4ytett\u00e4v\u00e4ksi rintaleikkauksen j\u00e4lkeisess\u00e4 kuntoutuksessa.\" \/>\n<meta name=\"robots\" content=\"index, follow, max-snippet:-1, max-image-preview:large, max-video-preview:-1\" \/>\n<link rel=\"canonical\" href=\"https:\/\/meditex.ee\/fi\/tuote\/nordicare-mirabelle\/\" \/>\n<meta property=\"og:locale\" content=\"fi_FI\" \/>\n<meta property=\"og:type\" content=\"article\" \/>\n<meta property=\"og:title\" content=\"Surgical bra - Meditex.ee\" \/>\n<meta property=\"og:description\" content=\"Tukevat saumattomat leikkauksen j\u00e4lkeiset rintaliivit eritt\u00e4in pehme\u00e4st\u00e4 materiaalista. Suunniteltu k\u00e4ytett\u00e4v\u00e4ksi rintaleikkauksen j\u00e4lkeisess\u00e4 kuntoutuksessa.\" \/>\n<meta property=\"og:url\" content=\"https:\/\/meditex.ee\/fi\/tuote\/nordicare-mirabelle\/\" \/>\n<meta property=\"og:site_name\" content=\"Meditex\" \/>\n<meta property=\"article:publisher\" content=\"https:\/\/www.facebook.com\/meditexepood\/\" \/>\n<meta property=\"article:modified_time\" content=\"2026-02-05T17:51:17+00:00\" \/>\n<meta property=\"og:image\" content=\"https:\/\/meditex.ee\/wp-content\/uploads\/2024\/02\/mirabelle_front_black.webp\" \/>\n\t<meta property=\"og:image:width\" content=\"500\" \/>\n\t<meta property=\"og:image:height\" content=\"500\" \/>\n\t<meta property=\"og:image:type\" content=\"image\/webp\" \/>\n<meta name=\"twitter:card\" content=\"summary_large_image\" \/>\n<meta name=\"twitter:label1\" content=\"Arvioitu lukuaika\" \/>\n\t<meta name=\"twitter:data1\" content=\"2 minuuttia\" \/>\n<script type=\"application\/ld+json\" class=\"yoast-schema-graph\">{\"@context\":\"https:\\\/\\\/schema.org\",\"@graph\":[{\"@type\":\"WebPage\",\"@id\":\"https:\\\/\\\/meditex.ee\\\/fi\\\/tuote\\\/nordicare-mirabelle\\\/\",\"url\":\"https:\\\/\\\/meditex.ee\\\/fi\\\/tuote\\\/nordicare-mirabelle\\\/\",\"name\":\"Surgical bra - Meditex.ee\",\"isPartOf\":{\"@id\":\"https:\\\/\\\/meditex.ee\\\/en\\\/#website\"},\"primaryImageOfPage\":{\"@id\":\"https:\\\/\\\/meditex.ee\\\/fi\\\/tuote\\\/nordicare-mirabelle\\\/#primaryimage\"},\"image\":{\"@id\":\"https:\\\/\\\/meditex.ee\\\/fi\\\/tuote\\\/nordicare-mirabelle\\\/#primaryimage\"},\"thumbnailUrl\":\"https:\\\/\\\/meditex.ee\\\/wp-content\\\/uploads\\\/2024\\\/02\\\/mirabelle_front_black.webp\",\"datePublished\":\"2024-02-12T08:35:21+00:00\",\"dateModified\":\"2026-02-05T17:51:17+00:00\",\"description\":\"Tukevat saumattomat leikkauksen j\u00e4lkeiset rintaliivit eritt\u00e4in pehme\u00e4st\u00e4 materiaalista. Suunniteltu k\u00e4ytett\u00e4v\u00e4ksi rintaleikkauksen j\u00e4lkeisess\u00e4 kuntoutuksessa.\",\"breadcrumb\":{\"@id\":\"https:\\\/\\\/meditex.ee\\\/fi\\\/tuote\\\/nordicare-mirabelle\\\/#breadcrumb\"},\"inLanguage\":\"fi\",\"potentialAction\":[{\"@type\":\"ReadAction\",\"target\":[\"https:\\\/\\\/meditex.ee\\\/fi\\\/tuote\\\/nordicare-mirabelle\\\/\"]}]},{\"@type\":\"ImageObject\",\"inLanguage\":\"fi\",\"@id\":\"https:\\\/\\\/meditex.ee\\\/fi\\\/tuote\\\/nordicare-mirabelle\\\/#primaryimage\",\"url\":\"https:\\\/\\\/meditex.ee\\\/wp-content\\\/uploads\\\/2024\\\/02\\\/mirabelle_front_black.webp\",\"contentUrl\":\"https:\\\/\\\/meditex.ee\\\/wp-content\\\/uploads\\\/2024\\\/02\\\/mirabelle_front_black.webp\",\"width\":500,\"height\":500,\"caption\":\"operatsioonij\u00f6rgne rinnahoidja\"},{\"@type\":\"BreadcrumbList\",\"@id\":\"https:\\\/\\\/meditex.ee\\\/fi\\\/tuote\\\/nordicare-mirabelle\\\/#breadcrumb\",\"itemListElement\":[{\"@type\":\"ListItem\",\"position\":1,\"name\":\"Home\",\"item\":\"https:\\\/\\\/meditex.ee\\\/fi\\\/\"},{\"@type\":\"ListItem\",\"position\":2,\"name\":\"Verkkokauppa\",\"item\":\"https:\\\/\\\/meditex.ee\\\/fi\\\/verkkokauppa\\\/\"},{\"@type\":\"ListItem\",\"position\":3,\"name\":\"NordiCare Mirabelle\"}]},{\"@type\":\"WebSite\",\"@id\":\"https:\\\/\\\/meditex.ee\\\/en\\\/#website\",\"url\":\"https:\\\/\\\/meditex.ee\\\/en\\\/\",\"name\":\"Meditex\",\"description\":\"\",\"publisher\":{\"@id\":\"https:\\\/\\\/meditex.ee\\\/en\\\/#organization\"},\"potentialAction\":[{\"@type\":\"SearchAction\",\"target\":{\"@type\":\"EntryPoint\",\"urlTemplate\":\"https:\\\/\\\/meditex.ee\\\/en\\\/?s={search_term_string}\"},\"query-input\":{\"@type\":\"PropertyValueSpecification\",\"valueRequired\":true,\"valueName\":\"search_term_string\"}}],\"inLanguage\":\"fi\"},{\"@type\":\"Organization\",\"@id\":\"https:\\\/\\\/meditex.ee\\\/en\\\/#organization\",\"name\":\"Meditex\",\"url\":\"https:\\\/\\\/meditex.ee\\\/en\\\/\",\"logo\":{\"@type\":\"ImageObject\",\"inLanguage\":\"fi\",\"@id\":\"https:\\\/\\\/meditex.ee\\\/en\\\/#\\\/schema\\\/logo\\\/image\\\/\",\"url\":\"https:\\\/\\\/meditex.ee\\\/wp-content\\\/uploads\\\/2018\\\/03\\\/mdtx_logo.png\",\"contentUrl\":\"https:\\\/\\\/meditex.ee\\\/wp-content\\\/uploads\\\/2018\\\/03\\\/mdtx_logo.png\",\"width\":669,\"height\":235,\"caption\":\"Meditex\"},\"image\":{\"@id\":\"https:\\\/\\\/meditex.ee\\\/en\\\/#\\\/schema\\\/logo\\\/image\\\/\"},\"sameAs\":[\"https:\\\/\\\/www.facebook.com\\\/meditexepood\\\/\"]}]}<\/script>\n<!-- \/ Yoast SEO plugin. -->","yoast_head_json":{"title":"Surgical bra - Meditex.ee","description":"Tukevat saumattomat leikkauksen j\u00e4lkeiset rintaliivit eritt\u00e4in pehme\u00e4st\u00e4 materiaalista. Suunniteltu k\u00e4ytett\u00e4v\u00e4ksi rintaleikkauksen j\u00e4lkeisess\u00e4 kuntoutuksessa.","robots":{"index":"index","follow":"follow","max-snippet":"max-snippet:-1","max-image-preview":"max-image-preview:large","max-video-preview":"max-video-preview:-1"},"canonical":"https:\/\/meditex.ee\/fi\/tuote\/nordicare-mirabelle\/","og_locale":"fi_FI","og_type":"article","og_title":"Surgical bra - Meditex.ee","og_description":"Tukevat saumattomat leikkauksen j\u00e4lkeiset rintaliivit eritt\u00e4in pehme\u00e4st\u00e4 materiaalista. Suunniteltu k\u00e4ytett\u00e4v\u00e4ksi rintaleikkauksen j\u00e4lkeisess\u00e4 kuntoutuksessa.","og_url":"https:\/\/meditex.ee\/fi\/tuote\/nordicare-mirabelle\/","og_site_name":"Meditex","article_publisher":"https:\/\/www.facebook.com\/meditexepood\/","article_modified_time":"2026-02-05T17:51:17+00:00","og_image":[{"width":500,"height":500,"url":"https:\/\/meditex.ee\/wp-content\/uploads\/2024\/02\/mirabelle_front_black.webp","type":"image\/webp"}],"twitter_card":"summary_large_image","twitter_misc":{"Arvioitu lukuaika":"2 minuuttia"},"schema":{"@context":"https:\/\/schema.org","@graph":[{"@type":"WebPage","@id":"https:\/\/meditex.ee\/fi\/tuote\/nordicare-mirabelle\/","url":"https:\/\/meditex.ee\/fi\/tuote\/nordicare-mirabelle\/","name":"Surgical bra - Meditex.ee","isPartOf":{"@id":"https:\/\/meditex.ee\/en\/#website"},"primaryImageOfPage":{"@id":"https:\/\/meditex.ee\/fi\/tuote\/nordicare-mirabelle\/#primaryimage"},"image":{"@id":"https:\/\/meditex.ee\/fi\/tuote\/nordicare-mirabelle\/#primaryimage"},"thumbnailUrl":"https:\/\/meditex.ee\/wp-content\/uploads\/2024\/02\/mirabelle_front_black.webp","datePublished":"2024-02-12T08:35:21+00:00","dateModified":"2026-02-05T17:51:17+00:00","description":"Tukevat saumattomat leikkauksen j\u00e4lkeiset rintaliivit eritt\u00e4in pehme\u00e4st\u00e4 materiaalista. Suunniteltu k\u00e4ytett\u00e4v\u00e4ksi rintaleikkauksen j\u00e4lkeisess\u00e4 kuntoutuksessa.","breadcrumb":{"@id":"https:\/\/meditex.ee\/fi\/tuote\/nordicare-mirabelle\/#breadcrumb"},"inLanguage":"fi","potentialAction":[{"@type":"ReadAction","target":["https:\/\/meditex.ee\/fi\/tuote\/nordicare-mirabelle\/"]}]},{"@type":"ImageObject","inLanguage":"fi","@id":"https:\/\/meditex.ee\/fi\/tuote\/nordicare-mirabelle\/#primaryimage","url":"https:\/\/meditex.ee\/wp-content\/uploads\/2024\/02\/mirabelle_front_black.webp","contentUrl":"https:\/\/meditex.ee\/wp-content\/uploads\/2024\/02\/mirabelle_front_black.webp","width":500,"height":500,"caption":"operatsioonij\u00f6rgne rinnahoidja"},{"@type":"BreadcrumbList","@id":"https:\/\/meditex.ee\/fi\/tuote\/nordicare-mirabelle\/#breadcrumb","itemListElement":[{"@type":"ListItem","position":1,"name":"Home","item":"https:\/\/meditex.ee\/fi\/"},{"@type":"ListItem","position":2,"name":"Verkkokauppa","item":"https:\/\/meditex.ee\/fi\/verkkokauppa\/"},{"@type":"ListItem","position":3,"name":"NordiCare Mirabelle"}]},{"@type":"WebSite","@id":"https:\/\/meditex.ee\/en\/#website","url":"https:\/\/meditex.ee\/en\/","name":"Meditex","description":"","publisher":{"@id":"https:\/\/meditex.ee\/en\/#organization"},"potentialAction":[{"@type":"SearchAction","target":{"@type":"EntryPoint","urlTemplate":"https:\/\/meditex.ee\/en\/?s={search_term_string}"},"query-input":{"@type":"PropertyValueSpecification","valueRequired":true,"valueName":"search_term_string"}}],"inLanguage":"fi"},{"@type":"Organization","@id":"https:\/\/meditex.ee\/en\/#organization","name":"Meditex","url":"https:\/\/meditex.ee\/en\/","logo":{"@type":"ImageObject","inLanguage":"fi","@id":"https:\/\/meditex.ee\/en\/#\/schema\/logo\/image\/","url":"https:\/\/meditex.ee\/wp-content\/uploads\/2018\/03\/mdtx_logo.png","contentUrl":"https:\/\/meditex.ee\/wp-content\/uploads\/2018\/03\/mdtx_logo.png","width":669,"height":235,"caption":"Meditex"},"image":{"@id":"https:\/\/meditex.ee\/en\/#\/schema\/logo\/image\/"},"sameAs":["https:\/\/www.facebook.com\/meditexepood\/"]}]}},"_links":{"self":[{"href":"https:\/\/meditex.ee\/fi\/wp-json\/wp\/v2\/product\/17650","targetHints":{"allow":["GET"]}}],"collection":[{"href":"https:\/\/meditex.ee\/fi\/wp-json\/wp\/v2\/product"}],"about":[{"href":"https:\/\/meditex.ee\/fi\/wp-json\/wp\/v2\/types\/product"}],"wp:featuredmedia":[{"embeddable":true,"href":"https:\/\/meditex.ee\/fi\/wp-json\/wp\/v2\/media\/17693"}],"wp:attachment":[{"href":"https:\/\/meditex.ee\/fi\/wp-json\/wp\/v2\/media?parent=17650"}],"wp:term":[{"taxonomy":"product_brand","embeddable":true,"href":"https:\/\/meditex.ee\/fi\/wp-json\/wp\/v2\/product_brand?post=17650"},{"taxonomy":"product_cat","embeddable":true,"href":"https:\/\/meditex.ee\/fi\/wp-json\/wp\/v2\/product_cat?post=17650"},{"taxonomy":"product_tag","embeddable":true,"href":"https:\/\/meditex.ee\/fi\/wp-json\/wp\/v2\/product_tag?post=17650"}],"curies":[{"name":"wp","href":"https:\/\/api.w.org\/{rel}","templated":true}]}}