{"id":17375,"date":"2023-10-03T08:22:57","date_gmt":"2023-10-03T08:23:04","guid":{"rendered":"https:\/\/meditex.ee\/?post_type=product&#038;p=17375"},"modified":"2024-05-02T15:43:05","modified_gmt":"2024-05-02T15:43:05","slug":"corsinel-maximum-miesten-korkeat-bokserit-maksimaalinen-tuki-kopeeri","status":"publish","type":"product","link":"https:\/\/meditex.ee\/fi\/tuote\/corsinel-maximum-miesten-korkeat-bokserit-maksimaalinen-tuki-kopeeri\/","title":{"rendered":"Corsinel-vy\u00f6, jossa on aukko stomapussin k\u00e4ytt\u00f6\u00e4 varten"},"content":{"rendered":"<div class=\"row row-small align-bottom\"  id=\"row-1874960276\">\n\n\t<div id=\"col-509167030\" class=\"col medium-6 small-12 large-6\"  >\n\t\t\t\t<div class=\"col-inner\"  >\n\t\t\t\n\t\t\t\n\t<div class=\"img has-hover x md-x lg-x y md-y lg-y\" id=\"image_2079650063\">\n\t\t\t\t\t\t\t\t<div class=\"img-inner dark\" >\n\t\t\t<img fetchpriority=\"high\" decoding=\"async\" width=\"320\" height=\"320\" src=\"https:\/\/meditex.ee\/wp-content\/uploads\/2023\/04\/Maximum-Support-Icon.webp\" class=\"attachment-large size-large\" alt=\"maksimaalne tugi\" srcset=\"https:\/\/meditex.ee\/wp-content\/uploads\/2023\/04\/Maximum-Support-Icon.webp 320w, https:\/\/meditex.ee\/wp-content\/uploads\/2023\/04\/Maximum-Support-Icon-100x100.webp 100w, https:\/\/meditex.ee\/wp-content\/uploads\/2023\/04\/Maximum-Support-Icon-280x280.webp 280w\" sizes=\"(max-width: 320px) 100vw, 320px\" \/>\t\t\t\t\t\t\n\t\t\t\t\t<\/div>\n\t\t\t\t\t\t\t\t\n<style>\n#image_2079650063 {\n  width: 30%;\n}\n<\/style>\n\t<\/div>\n\t\n\t\t<\/div>\n\t\t\t\t\t<\/div>\n\n\t\n\n\t<div id=\"col-380962615\" class=\"col medium-6 small-12 large-6\"  >\n\t\t\t\t<div class=\"col-inner text-right\"  >\n\t\t\t\n\t\t\t\n\t<div class=\"img has-hover x md-x lg-x y md-y lg-y\" id=\"image_918031924\">\n\t\t\t\t\t\t\t\t<div class=\"img-inner dark\" >\n\t\t\t<img decoding=\"async\" width=\"1000\" height=\"285\" src=\"https:\/\/meditex.ee\/wp-content\/uploads\/2023\/04\/logo_86_11zon.jpg\" class=\"attachment-large size-large\" alt=\"\" srcset=\"https:\/\/meditex.ee\/wp-content\/uploads\/2023\/04\/logo_86_11zon.jpg 1000w, https:\/\/meditex.ee\/wp-content\/uploads\/2023\/04\/logo_86_11zon-510x145.jpg 510w, https:\/\/meditex.ee\/wp-content\/uploads\/2023\/04\/logo_86_11zon-800x228.jpg 800w, https:\/\/meditex.ee\/wp-content\/uploads\/2023\/04\/logo_86_11zon-768x219.jpg 768w\" sizes=\"(max-width: 1000px) 100vw, 1000px\" \/>\t\t\t\t\t\t\n\t\t\t\t\t<\/div>\n\t\t\t\t\t\t\t\t\n<style>\n#image_918031924 {\n  width: 100%;\n}\n<\/style>\n\t<\/div>\n\t\n\t\t<\/div>\n\t\t\t\t\t<\/div>\n\n\t\n<\/div>\n<h3 style=\"text-align: left;\" data-fontsize=\"16\" data-lineheight=\"19\"><span style=\"color: #000000;\"><strong>Corsinel-vy\u00f6, jossa on aukko stomapussin k\u00e4ytt\u00f6\u00e4 varten<\/strong><\/span><\/h3>\n<p style=\"text-align: left;\"><span style=\"color: #000000;\">Corsinelin maksimaalisen tuen omaava parastomal-vy\u00f6t\u00e4r\u00f6 antaa k\u00e4ytt\u00e4j\u00e4lle mahdollisuuden leikata rei\u00e4n stoomapussia varten sopivaan paikkaan.<\/span><\/p>\n<h4 style=\"text-align: left;\"><span style=\"color: #000000;\"><strong>Tuotetiedot:<\/strong><\/span><\/h4>\n<ul>\n<li><span style=\"color: #000000;\">Maksimaalinen tuki siilin yll\u00e4pitoon.<\/span><\/li>\n<li><span style=\"color: #000000;\">Ainutlaatuisesti muotoiltu etupinta tarjoaa mahdollisuuden leikata reik\u00e4 yksitt\u00e4isen stomapussin sijainnin mukaan s\u00e4ilytt\u00e4en samalla paineen songan hallitsemiseksi.<\/span><\/li>\n<li><span style=\"color: #000000;\">Tarjoaa huomaamattomuutta ja lievitt\u00e4\u00e4 ahtautta varmistamalla suuremman liikkuvuuden.<\/span><\/li>\n<li data-lineheight=\"19\" data-fontsize=\"16\"><span style=\"color: #000000;\">Pehme\u00e4, hengitt\u00e4v\u00e4, kosteutta siirt\u00e4v\u00e4 ja ihoyst\u00e4v\u00e4llinen materiaali takaa t\u00e4ydellisen mukavuuden.<\/span><\/li>\n<li><span style=\"color: #000000;\">Ilman ja kosteuden l\u00e4p\u00e4isev\u00e4, ihoyst\u00e4v\u00e4llinen materiaali.<\/span><\/li>\n<li data-lineheight=\"19\" data-fontsize=\"16\"><span style=\"color: #000000;\">Silikoninen rullausta est\u00e4v\u00e4 kiekko.<\/span><\/li>\n<li><span style=\"color: #000000;\">Leikkausmalli mukana.<\/span><\/li>\n<li><span style=\"color: #000000;\">S\u00e4\u00e4dett\u00e4v\u00e4 valjaiden kiinnitys edess\u00e4.<\/span><\/li>\n<li>Korkeus 21,5-28 cm koosta riippuen.<\/li>\n<\/ul>\n\t<div id=\"gap-1335913474\" class=\"gap-element clearfix\" style=\"display:block; height:auto;\">\n\t\t\n<style>\n#gap-1335913474 {\n  padding-top: 30px;\n}\n<\/style>\n\t<\/div>\n\t\n<div class=\"row\"  id=\"row-102875039\">\n\n\t<div id=\"col-647380598\" class=\"col small-12 large-12\"  >\n\t\t\t\t<div class=\"col-inner\"  >\n\t\t\t\n\t\t\t\n<p style=\"text-align: left;\"><strong>Materiaali:<\/strong> 50 % polyamidi, 50 % elastaani.<\/p>\n<p style=\"text-align: left;\"><strong>KOKO:<\/strong><\/p>\n\t\t<\/div>\n\t\t\t\t\t<\/div>\n\n\t\n<\/div>\n<div class=\"row\"  id=\"row-943965293\">\n\n\t<div id=\"col-2001733192\" class=\"col medium-6 small-12 large-6\"  >\n\t\t\t\t<div class=\"col-inner\"  >\n\t\t\t\n\t\t\t\n\t<div class=\"img has-hover x md-x lg-x y md-y lg-y\" id=\"image_1544140975\">\n\t\t\t\t\t\t\t\t<div class=\"img-inner dark\" >\n\t\t\t<img decoding=\"async\" width=\"1020\" height=\"680\" src=\"https:\/\/meditex.ee\/wp-content\/uploads\/2023\/10\/SUURUS.webp\" class=\"attachment-large size-large\" alt=\"\" srcset=\"https:\/\/meditex.ee\/wp-content\/uploads\/2023\/10\/SUURUS.webp 1200w, https:\/\/meditex.ee\/wp-content\/uploads\/2023\/10\/SUURUS-600x400.webp 600w, https:\/\/meditex.ee\/wp-content\/uploads\/2023\/10\/SUURUS-768x512.webp 768w, https:\/\/meditex.ee\/wp-content\/uploads\/2023\/10\/SUURUS-510x340.webp 510w\" sizes=\"(max-width: 1020px) 100vw, 1020px\" \/>\t\t\t\t\t\t\n\t\t\t\t\t<\/div>\n\t\t\t\t\t\t\t\t\n<style>\n#image_1544140975 {\n  width: 80%;\n}\n<\/style>\n\t<\/div>\n\t\n\t\t<\/div>\n\t\t\t\t\t<\/div>\n\n\t\n\n\t<div id=\"col-339224064\" class=\"col medium-5 small-12 large-5\"  >\n\t\t\t\t<div class=\"col-inner\"  >\n\t\t\t\n\t\t\t\n\t<div class=\"img has-hover x md-x lg-x y md-y lg-y\" id=\"image_822831692\">\n\t\t\t\t\t\t\t\t<div class=\"img-inner dark\" >\n\t\t\t<img loading=\"lazy\" decoding=\"async\" width=\"480\" height=\"300\" src=\"https:\/\/meditex.ee\/wp-content\/uploads\/2023\/05\/Corsinel_Measuring-waitline_.webp\" class=\"attachment-large size-large\" alt=\"\" \/>\t\t\t\t\t\t\n\t\t\t\t\t<\/div>\n\t\t\t\t\t\t\t\t\n<style>\n#image_822831692 {\n  width: 100%;\n}\n<\/style>\n\t<\/div>\n\t\n<p style=\"text-align: left;\"><span style=\"color: #000000;\">NB! Mittaa aina itsesi oikean koon l\u00f6yt\u00e4miseksi.<\/span><\/p>\n\t\t<\/div>\n\t\t\t\t\t<\/div>\n\n\t\n\n\t<div id=\"col-1990576262\" class=\"col medium-4 small-12 large-4\"  >\n\t\t\t\t<div class=\"col-inner\"  >\n\t\t\t\n\t\t\t\n\t\t<\/div>\n\t\t\t\t\t<\/div>\n\n\t\n<\/div>\n<div class=\"row\"  id=\"row-1166778499\">\n\n\t<div id=\"col-1822031926\" class=\"col medium-4 small-12 large-4\"  >\n\t\t\t\t<div class=\"col-inner\"  >\n\t\t\t\n\t\t\t\n<p>Huolto:<\/p>\n\t<div class=\"img has-hover x md-x lg-x y md-y lg-y\" id=\"image_137251933\">\n\t\t\t\t\t\t\t\t<div class=\"img-inner dark\" >\n\t\t\t<img loading=\"lazy\" decoding=\"async\" width=\"800\" height=\"200\" src=\"https:\/\/meditex.ee\/wp-content\/uploads\/2023\/04\/hooldus_11zon.jpg\" class=\"attachment-large size-large\" alt=\"\" srcset=\"https:\/\/meditex.ee\/wp-content\/uploads\/2023\/04\/hooldus_11zon.jpg 800w, https:\/\/meditex.ee\/wp-content\/uploads\/2023\/04\/hooldus_11zon-510x128.jpg 510w, https:\/\/meditex.ee\/wp-content\/uploads\/2023\/04\/hooldus_11zon-768x192.jpg 768w\" sizes=\"(max-width: 800px) 100vw, 800px\" \/>\t\t\t\t\t\t\n\t\t\t\t\t<\/div>\n\t\t\t\t\t\t\t\t\n<style>\n#image_137251933 {\n  width: 100%;\n}\n<\/style>\n\t<\/div>\n\t\n\t\t<\/div>\n\t\t\t\t\t<\/div>\n\n\t\n<\/div>\n<div class=\"is-divider divider clearfix\" style=\"max-width:1100px;height:1px;background-color:rgb(0, 0, 0);\"><\/div>\n<p data-fontsize=\"16\" data-lineheight=\"19\">Lue lis\u00e4\u00e4 Corsinelin stoma- ja songa-tuotteista t\u00e4\u00e4lt\u00e4 <a href=\"https:\/\/meditex.ee\/fi\/corsinel\/\">https:\/\/meditex.ee\/fi\/corsinel\/<\/a><\/p>\n<p data-fontsize=\"16\" data-lineheight=\"19\">Tiedot valmistajan verkkosivuilla <a href=\"https:\/\/t.ly\/UUC03\">https:\/\/t.ly\/UUC03<\/a><\/p>\n","protected":false},"excerpt":{"rendered":"<p style=\"text-align: left;\"><span style=\"font-size: 75%; color: #000000;\">Maksimaalinen tuki stoomavy\u00f6aukolle.<\/span><\/p>\n","protected":false},"featured_media":17418,"template":"","meta":[],"product_brand":[],"product_cat":[230],"product_tag":[225,227],"class_list":{"0":"post-17375","1":"product","2":"type-product","3":"status-publish","4":"has-post-thumbnail","6":"product_cat-avanne-ja-tyravyot","7":"product_tag-corsinel-fi","8":"product_tag-suurin-tuki","10":"first","11":"instock","12":"taxable","13":"shipping-taxable","14":"purchasable","15":"product-type-variable"},"yoast_head":"<!-- This site is optimized with the Yoast SEO plugin v27.3 - https:\/\/yoast.com\/product\/yoast-seo-wordpress\/ -->\n<title>Corsinel-vy\u00f6, jossa on aukko stomapussille - meditex.ee<\/title>\n<meta name=\"description\" content=\"Corsinelin maksimaalisen tuen omaavan parastomal-vy\u00f6t\u00e4r\u00f6n ansiosta k\u00e4ytt\u00e4j\u00e4 voi leikata rei\u00e4n stoomapussia varten sopivaan paikkaan.\" \/>\n<meta name=\"robots\" content=\"index, follow, max-snippet:-1, max-image-preview:large, max-video-preview:-1\" \/>\n<link rel=\"canonical\" href=\"https:\/\/meditex.ee\/fi\/tuote\/corsinel-maximum-miesten-korkeat-bokserit-maksimaalinen-tuki-kopeeri\/\" \/>\n<meta property=\"og:locale\" content=\"fi_FI\" \/>\n<meta property=\"og:type\" content=\"article\" \/>\n<meta property=\"og:title\" content=\"Corsinel-vy\u00f6, jossa on aukko stomapussille - meditex.ee\" \/>\n<meta property=\"og:description\" content=\"Corsinelin maksimaalisen tuen omaavan parastomal-vy\u00f6t\u00e4r\u00f6n ansiosta k\u00e4ytt\u00e4j\u00e4 voi leikata rei\u00e4n stoomapussia varten sopivaan paikkaan.\" \/>\n<meta property=\"og:url\" content=\"https:\/\/meditex.ee\/fi\/tuote\/corsinel-maximum-miesten-korkeat-bokserit-maksimaalinen-tuki-kopeeri\/\" \/>\n<meta property=\"og:site_name\" content=\"Meditex\" \/>\n<meta property=\"article:publisher\" content=\"https:\/\/www.facebook.com\/meditexepood\/\" \/>\n<meta property=\"article:modified_time\" content=\"2024-05-02T15:43:05+00:00\" \/>\n<meta property=\"og:image\" content=\"https:\/\/meditex.ee\/wp-content\/uploads\/2023\/10\/3412_PANEL_FRONT.webp\" \/>\n\t<meta property=\"og:image:width\" content=\"2480\" \/>\n\t<meta property=\"og:image:height\" content=\"2480\" \/>\n\t<meta property=\"og:image:type\" content=\"image\/webp\" \/>\n<meta name=\"twitter:card\" content=\"summary_large_image\" \/>\n<meta name=\"twitter:label1\" content=\"Arvioitu lukuaika\" \/>\n\t<meta name=\"twitter:data1\" content=\"2 minuuttia\" \/>\n<script type=\"application\/ld+json\" class=\"yoast-schema-graph\">{\"@context\":\"https:\\\/\\\/schema.org\",\"@graph\":[{\"@type\":\"WebPage\",\"@id\":\"https:\\\/\\\/meditex.ee\\\/fi\\\/tuote\\\/corsinel-maximum-miesten-korkeat-bokserit-maksimaalinen-tuki-kopeeri\\\/\",\"url\":\"https:\\\/\\\/meditex.ee\\\/fi\\\/tuote\\\/corsinel-maximum-miesten-korkeat-bokserit-maksimaalinen-tuki-kopeeri\\\/\",\"name\":\"Corsinel-vy\u00f6, jossa on aukko stomapussille - meditex.ee\",\"isPartOf\":{\"@id\":\"https:\\\/\\\/meditex.ee\\\/en\\\/#website\"},\"primaryImageOfPage\":{\"@id\":\"https:\\\/\\\/meditex.ee\\\/fi\\\/tuote\\\/corsinel-maximum-miesten-korkeat-bokserit-maksimaalinen-tuki-kopeeri\\\/#primaryimage\"},\"image\":{\"@id\":\"https:\\\/\\\/meditex.ee\\\/fi\\\/tuote\\\/corsinel-maximum-miesten-korkeat-bokserit-maksimaalinen-tuki-kopeeri\\\/#primaryimage\"},\"thumbnailUrl\":\"https:\\\/\\\/meditex.ee\\\/wp-content\\\/uploads\\\/2023\\\/10\\\/3412_PANEL_FRONT.webp\",\"datePublished\":\"2023-10-03T08:23:04+00:00\",\"dateModified\":\"2024-05-02T15:43:05+00:00\",\"description\":\"Corsinelin maksimaalisen tuen omaavan parastomal-vy\u00f6t\u00e4r\u00f6n ansiosta k\u00e4ytt\u00e4j\u00e4 voi leikata rei\u00e4n stoomapussia varten sopivaan paikkaan.\",\"breadcrumb\":{\"@id\":\"https:\\\/\\\/meditex.ee\\\/fi\\\/tuote\\\/corsinel-maximum-miesten-korkeat-bokserit-maksimaalinen-tuki-kopeeri\\\/#breadcrumb\"},\"inLanguage\":\"fi\",\"potentialAction\":[{\"@type\":\"ReadAction\",\"target\":[\"https:\\\/\\\/meditex.ee\\\/fi\\\/tuote\\\/corsinel-maximum-miesten-korkeat-bokserit-maksimaalinen-tuki-kopeeri\\\/\"]}]},{\"@type\":\"ImageObject\",\"inLanguage\":\"fi\",\"@id\":\"https:\\\/\\\/meditex.ee\\\/fi\\\/tuote\\\/corsinel-maximum-miesten-korkeat-bokserit-maksimaalinen-tuki-kopeeri\\\/#primaryimage\",\"url\":\"https:\\\/\\\/meditex.ee\\\/wp-content\\\/uploads\\\/2023\\\/10\\\/3412_PANEL_FRONT.webp\",\"contentUrl\":\"https:\\\/\\\/meditex.ee\\\/wp-content\\\/uploads\\\/2023\\\/10\\\/3412_PANEL_FRONT.webp\",\"width\":2480,\"height\":2480},{\"@type\":\"BreadcrumbList\",\"@id\":\"https:\\\/\\\/meditex.ee\\\/fi\\\/tuote\\\/corsinel-maximum-miesten-korkeat-bokserit-maksimaalinen-tuki-kopeeri\\\/#breadcrumb\",\"itemListElement\":[{\"@type\":\"ListItem\",\"position\":1,\"name\":\"Home\",\"item\":\"https:\\\/\\\/meditex.ee\\\/fi\\\/\"},{\"@type\":\"ListItem\",\"position\":2,\"name\":\"Verkkokauppa\",\"item\":\"https:\\\/\\\/meditex.ee\\\/fi\\\/verkkokauppa\\\/\"},{\"@type\":\"ListItem\",\"position\":3,\"name\":\"Corsinel-vy\u00f6, jossa on aukko stomapussin k\u00e4ytt\u00f6\u00e4 varten\"}]},{\"@type\":\"WebSite\",\"@id\":\"https:\\\/\\\/meditex.ee\\\/en\\\/#website\",\"url\":\"https:\\\/\\\/meditex.ee\\\/en\\\/\",\"name\":\"Meditex\",\"description\":\"\",\"publisher\":{\"@id\":\"https:\\\/\\\/meditex.ee\\\/en\\\/#organization\"},\"potentialAction\":[{\"@type\":\"SearchAction\",\"target\":{\"@type\":\"EntryPoint\",\"urlTemplate\":\"https:\\\/\\\/meditex.ee\\\/en\\\/?s={search_term_string}\"},\"query-input\":{\"@type\":\"PropertyValueSpecification\",\"valueRequired\":true,\"valueName\":\"search_term_string\"}}],\"inLanguage\":\"fi\"},{\"@type\":\"Organization\",\"@id\":\"https:\\\/\\\/meditex.ee\\\/en\\\/#organization\",\"name\":\"Meditex\",\"url\":\"https:\\\/\\\/meditex.ee\\\/en\\\/\",\"logo\":{\"@type\":\"ImageObject\",\"inLanguage\":\"fi\",\"@id\":\"https:\\\/\\\/meditex.ee\\\/en\\\/#\\\/schema\\\/logo\\\/image\\\/\",\"url\":\"https:\\\/\\\/meditex.ee\\\/wp-content\\\/uploads\\\/2018\\\/03\\\/mdtx_logo.png\",\"contentUrl\":\"https:\\\/\\\/meditex.ee\\\/wp-content\\\/uploads\\\/2018\\\/03\\\/mdtx_logo.png\",\"width\":669,\"height\":235,\"caption\":\"Meditex\"},\"image\":{\"@id\":\"https:\\\/\\\/meditex.ee\\\/en\\\/#\\\/schema\\\/logo\\\/image\\\/\"},\"sameAs\":[\"https:\\\/\\\/www.facebook.com\\\/meditexepood\\\/\"]}]}<\/script>\n<!-- \/ Yoast SEO plugin. -->","yoast_head_json":{"title":"Corsinel-vy\u00f6, jossa on aukko stomapussille - meditex.ee","description":"Corsinelin maksimaalisen tuen omaavan parastomal-vy\u00f6t\u00e4r\u00f6n ansiosta k\u00e4ytt\u00e4j\u00e4 voi leikata rei\u00e4n stoomapussia varten sopivaan paikkaan.","robots":{"index":"index","follow":"follow","max-snippet":"max-snippet:-1","max-image-preview":"max-image-preview:large","max-video-preview":"max-video-preview:-1"},"canonical":"https:\/\/meditex.ee\/fi\/tuote\/corsinel-maximum-miesten-korkeat-bokserit-maksimaalinen-tuki-kopeeri\/","og_locale":"fi_FI","og_type":"article","og_title":"Corsinel-vy\u00f6, jossa on aukko stomapussille - meditex.ee","og_description":"Corsinelin maksimaalisen tuen omaavan parastomal-vy\u00f6t\u00e4r\u00f6n ansiosta k\u00e4ytt\u00e4j\u00e4 voi leikata rei\u00e4n stoomapussia varten sopivaan paikkaan.","og_url":"https:\/\/meditex.ee\/fi\/tuote\/corsinel-maximum-miesten-korkeat-bokserit-maksimaalinen-tuki-kopeeri\/","og_site_name":"Meditex","article_publisher":"https:\/\/www.facebook.com\/meditexepood\/","article_modified_time":"2024-05-02T15:43:05+00:00","og_image":[{"width":2480,"height":2480,"url":"https:\/\/meditex.ee\/wp-content\/uploads\/2023\/10\/3412_PANEL_FRONT.webp","type":"image\/webp"}],"twitter_card":"summary_large_image","twitter_misc":{"Arvioitu lukuaika":"2 minuuttia"},"schema":{"@context":"https:\/\/schema.org","@graph":[{"@type":"WebPage","@id":"https:\/\/meditex.ee\/fi\/tuote\/corsinel-maximum-miesten-korkeat-bokserit-maksimaalinen-tuki-kopeeri\/","url":"https:\/\/meditex.ee\/fi\/tuote\/corsinel-maximum-miesten-korkeat-bokserit-maksimaalinen-tuki-kopeeri\/","name":"Corsinel-vy\u00f6, jossa on aukko stomapussille - meditex.ee","isPartOf":{"@id":"https:\/\/meditex.ee\/en\/#website"},"primaryImageOfPage":{"@id":"https:\/\/meditex.ee\/fi\/tuote\/corsinel-maximum-miesten-korkeat-bokserit-maksimaalinen-tuki-kopeeri\/#primaryimage"},"image":{"@id":"https:\/\/meditex.ee\/fi\/tuote\/corsinel-maximum-miesten-korkeat-bokserit-maksimaalinen-tuki-kopeeri\/#primaryimage"},"thumbnailUrl":"https:\/\/meditex.ee\/wp-content\/uploads\/2023\/10\/3412_PANEL_FRONT.webp","datePublished":"2023-10-03T08:23:04+00:00","dateModified":"2024-05-02T15:43:05+00:00","description":"Corsinelin maksimaalisen tuen omaavan parastomal-vy\u00f6t\u00e4r\u00f6n ansiosta k\u00e4ytt\u00e4j\u00e4 voi leikata rei\u00e4n stoomapussia varten sopivaan paikkaan.","breadcrumb":{"@id":"https:\/\/meditex.ee\/fi\/tuote\/corsinel-maximum-miesten-korkeat-bokserit-maksimaalinen-tuki-kopeeri\/#breadcrumb"},"inLanguage":"fi","potentialAction":[{"@type":"ReadAction","target":["https:\/\/meditex.ee\/fi\/tuote\/corsinel-maximum-miesten-korkeat-bokserit-maksimaalinen-tuki-kopeeri\/"]}]},{"@type":"ImageObject","inLanguage":"fi","@id":"https:\/\/meditex.ee\/fi\/tuote\/corsinel-maximum-miesten-korkeat-bokserit-maksimaalinen-tuki-kopeeri\/#primaryimage","url":"https:\/\/meditex.ee\/wp-content\/uploads\/2023\/10\/3412_PANEL_FRONT.webp","contentUrl":"https:\/\/meditex.ee\/wp-content\/uploads\/2023\/10\/3412_PANEL_FRONT.webp","width":2480,"height":2480},{"@type":"BreadcrumbList","@id":"https:\/\/meditex.ee\/fi\/tuote\/corsinel-maximum-miesten-korkeat-bokserit-maksimaalinen-tuki-kopeeri\/#breadcrumb","itemListElement":[{"@type":"ListItem","position":1,"name":"Home","item":"https:\/\/meditex.ee\/fi\/"},{"@type":"ListItem","position":2,"name":"Verkkokauppa","item":"https:\/\/meditex.ee\/fi\/verkkokauppa\/"},{"@type":"ListItem","position":3,"name":"Corsinel-vy\u00f6, jossa on aukko stomapussin k\u00e4ytt\u00f6\u00e4 varten"}]},{"@type":"WebSite","@id":"https:\/\/meditex.ee\/en\/#website","url":"https:\/\/meditex.ee\/en\/","name":"Meditex","description":"","publisher":{"@id":"https:\/\/meditex.ee\/en\/#organization"},"potentialAction":[{"@type":"SearchAction","target":{"@type":"EntryPoint","urlTemplate":"https:\/\/meditex.ee\/en\/?s={search_term_string}"},"query-input":{"@type":"PropertyValueSpecification","valueRequired":true,"valueName":"search_term_string"}}],"inLanguage":"fi"},{"@type":"Organization","@id":"https:\/\/meditex.ee\/en\/#organization","name":"Meditex","url":"https:\/\/meditex.ee\/en\/","logo":{"@type":"ImageObject","inLanguage":"fi","@id":"https:\/\/meditex.ee\/en\/#\/schema\/logo\/image\/","url":"https:\/\/meditex.ee\/wp-content\/uploads\/2018\/03\/mdtx_logo.png","contentUrl":"https:\/\/meditex.ee\/wp-content\/uploads\/2018\/03\/mdtx_logo.png","width":669,"height":235,"caption":"Meditex"},"image":{"@id":"https:\/\/meditex.ee\/en\/#\/schema\/logo\/image\/"},"sameAs":["https:\/\/www.facebook.com\/meditexepood\/"]}]}},"_links":{"self":[{"href":"https:\/\/meditex.ee\/fi\/wp-json\/wp\/v2\/product\/17375","targetHints":{"allow":["GET"]}}],"collection":[{"href":"https:\/\/meditex.ee\/fi\/wp-json\/wp\/v2\/product"}],"about":[{"href":"https:\/\/meditex.ee\/fi\/wp-json\/wp\/v2\/types\/product"}],"wp:featuredmedia":[{"embeddable":true,"href":"https:\/\/meditex.ee\/fi\/wp-json\/wp\/v2\/media\/17418"}],"wp:attachment":[{"href":"https:\/\/meditex.ee\/fi\/wp-json\/wp\/v2\/media?parent=17375"}],"wp:term":[{"taxonomy":"product_brand","embeddable":true,"href":"https:\/\/meditex.ee\/fi\/wp-json\/wp\/v2\/product_brand?post=17375"},{"taxonomy":"product_cat","embeddable":true,"href":"https:\/\/meditex.ee\/fi\/wp-json\/wp\/v2\/product_cat?post=17375"},{"taxonomy":"product_tag","embeddable":true,"href":"https:\/\/meditex.ee\/fi\/wp-json\/wp\/v2\/product_tag?post=17375"}],"curies":[{"name":"wp","href":"https:\/\/api.w.org\/{rel}","templated":true}]}}