{"id":16205,"date":"2023-04-28T09:26:17","date_gmt":"2023-05-05T15:47:52","guid":{"rendered":"https:\/\/meditex.ee\/?post_type=product&#038;p=16205"},"modified":"2024-10-16T03:50:30","modified_gmt":"2024-10-16T03:50:30","slug":"corsinel-maximum-miesten-korkeat-bokserit-maksimaalinen-tuki","status":"publish","type":"product","link":"https:\/\/meditex.ee\/fi\/tuote\/corsinel-maximum-miesten-korkeat-bokserit-maksimaalinen-tuki\/","title":{"rendered":"Corsinel Maximum miesten korkeat bokserit, maksimaalinen tuki"},"content":{"rendered":"<div class=\"row row-small align-bottom\"  id=\"row-763634086\">\n\n\t<div id=\"col-2032178582\" class=\"col medium-6 small-12 large-6\"  >\n\t\t\t\t<div class=\"col-inner\"  >\n\t\t\t\n\t\t\t\n\t<div class=\"img has-hover x md-x lg-x y md-y lg-y\" id=\"image_1388581642\">\n\t\t\t\t\t\t\t\t<div class=\"img-inner dark\" >\n\t\t\t<img decoding=\"async\" width=\"320\" height=\"320\" src=\"https:\/\/meditex.ee\/wp-content\/uploads\/2023\/04\/Maximum-Support-Icon.webp\" class=\"attachment-large size-large\" alt=\"maksimaalne tugi\" srcset=\"https:\/\/meditex.ee\/wp-content\/uploads\/2023\/04\/Maximum-Support-Icon.webp 320w, https:\/\/meditex.ee\/wp-content\/uploads\/2023\/04\/Maximum-Support-Icon-100x100.webp 100w, https:\/\/meditex.ee\/wp-content\/uploads\/2023\/04\/Maximum-Support-Icon-280x280.webp 280w\" sizes=\"(max-width: 320px) 100vw, 320px\" \/>\t\t\t\t\t\t\n\t\t\t\t\t<\/div>\n\t\t\t\t\t\t\t\t\n<style>\n#image_1388581642 {\n  width: 30%;\n}\n<\/style>\n\t<\/div>\n\t\n\t\t<\/div>\n\t\t\t\t\t<\/div>\n\n\t\n\n\t<div id=\"col-1833277781\" class=\"col medium-6 small-12 large-6\"  >\n\t\t\t\t<div class=\"col-inner text-right\"  >\n\t\t\t\n\t\t\t\n\t<div class=\"img has-hover x md-x lg-x y md-y lg-y\" id=\"image_1344588803\">\n\t\t\t\t\t\t\t\t<div class=\"img-inner dark\" >\n\t\t\t<img decoding=\"async\" width=\"1000\" height=\"285\" src=\"https:\/\/meditex.ee\/wp-content\/uploads\/2023\/04\/logo_86_11zon.jpg\" class=\"attachment-large size-large\" alt=\"\" srcset=\"https:\/\/meditex.ee\/wp-content\/uploads\/2023\/04\/logo_86_11zon.jpg 1000w, https:\/\/meditex.ee\/wp-content\/uploads\/2023\/04\/logo_86_11zon-510x145.jpg 510w, https:\/\/meditex.ee\/wp-content\/uploads\/2023\/04\/logo_86_11zon-800x228.jpg 800w, https:\/\/meditex.ee\/wp-content\/uploads\/2023\/04\/logo_86_11zon-768x219.jpg 768w\" sizes=\"(max-width: 1000px) 100vw, 1000px\" \/>\t\t\t\t\t\t\n\t\t\t\t\t<\/div>\n\t\t\t\t\t\t\t\t\n<style>\n#image_1344588803 {\n  width: 100%;\n}\n<\/style>\n\t<\/div>\n\t\n\t\t<\/div>\n\t\t\t\t\t<\/div>\n\n\t\n<\/div>\n<h3 style=\"text-align: left;\" data-fontsize=\"16\" data-lineheight=\"19\"><span style=\"color: #000000;\"><strong>Corsinel Maximum mie<\/strong><\/span><span style=\"color: #000000;\"><strong>sten korkeat bokserit<\/strong><\/span><\/h3>\n<h4><strong>Tietoa tuotteesta:<\/strong><\/h4>\n<ul>\n<li>Sopii k\u00e4ytett\u00e4v\u00e4ksi paidan alla, jotta vaate, pussi ja tyr\u00e4 n\u00e4kyisiv\u00e4t mahdollisimman v\u00e4h\u00e4n<\/li>\n<li>L\u00e4\u00e4kinn\u00e4llinen laite on tarkoitettu jokap\u00e4iv\u00e4iseen k\u00e4ytt\u00f6\u00f6n, kotona, ty\u00f6paikalla, harrastuksissa tai urheillessa<\/li>\n<li>Suunniteltu tavallisten alusvaatteiden kaltaiseksi<\/li>\n<li>Maksimaalisesti tukevat vaatteet on suunniteltu tyr\u00e4n hoitoon, kun maksimaalista tukea ja kompressiota suositellaan<\/li>\n<li>L\u00e4\u00e4kinn\u00e4llisi\u00e4 laitteita voidaan k\u00e4ytt\u00e4\u00e4 koko p\u00e4iv\u00e4n ajan ja halutessaan my\u00f6s \u00f6isin<\/li>\n<li>Parastomaalinen tyr\u00e4 voi aiheuttaa potilaalle vaivoja, kuten vuotoja, kipuja ja suolitukoksia sek\u00e4 heikent\u00e4\u00e4 liikkumiskyky\u00e4 ja kosmeettista ulkon\u00e4k\u00f6\u00e4, mik\u00e4 voi johtaa dislokaatioon<\/li>\n<li>Vatsatyr\u00e4t voivat aiheuttaa merkitt\u00e4v\u00e4\u00e4 kipua ja vaivoja, joita t\u00e4m\u00e4 tuote voi ehk\u00e4ist\u00e4 ja lievitt\u00e4\u00e4<\/li>\n<li>Sis\u00e4\u00e4nommeltu puuvillainen froteehaarakiila<\/li>\n<li>Ei h\u00e4iritsevi\u00e4 saumoja<\/li>\n<\/ul>\n<p><em>Korkea malli, joka soveltuu erityisesti tyr\u00e4lle tai avanteelle navan viereen tai yl\u00e4puolelle sijoitettuna<\/em><\/p>\n<h4><strong>K\u00e4ytt\u00f6tarkoitus:<\/strong><\/h4>\n<p>Ostomiapussin kiinnitt\u00e4minen ja\/tai tyr\u00e4n tukeminen vatsan sis\u00e4ll\u00f6n ulkonemisen est\u00e4miseksi ja pienennetyn tyr\u00e4n pit\u00e4miseksi vatsaontelossa.<\/p>\n<h4><strong>Kohderyhm\u00e4:<\/strong><\/h4>\n<p>K\u00e4ytt\u00e4j\u00e4t, joilla on kolostomia, ileostomia tai urostomia.<\/p>\n<h4><strong>K\u00e4ytt\u00f6aiheet:<\/strong><\/h4>\n<p>K\u00e4ytt\u00f6 leikkauksen j\u00e4lkeen kolostomian, ileostomian tai urostomian rakentamisen j\u00e4lkeen.<\/p>\n<p>Parastomaalisten tai muiden vatsatyrien hoito.<\/p>\n<p>K\u00e4ytt\u00f6 sek\u00e4 1- ett\u00e4 2-osaisten j\u00e4rjestelmien kanssa.<\/p>\n<h4><strong>Ominaisuudet:<\/strong><\/h4>\n<p><em>Yleiset ominaisuudet<\/em><\/p>\n<ul>\n<li>Joustaa nelj\u00e4\u00e4n suuntaan: parantaa liikkuvuutta ja tukeva istuvuus<\/li>\n<li>Hengitt\u00e4v\u00e4: l\u00e4p\u00e4isee ilmaa ja imee kosteutta<\/li>\n<li>Saumaton: laite on saumattomasti neulottu yhdeksi kappaleeksi<\/li>\n<\/ul>\n<p><em>Erityisominaisuudet<\/em><\/p>\n<ul>\n<li>Tihe\u00e4sti neulottu yl\u00e4osa, joka tukee tyr\u00e4\u00e4 ja vatsalihaksia<\/li>\n<li>Valmistettu pehme\u00e4st\u00e4 ja miellytt\u00e4v\u00e4st\u00e4 materiaalista<\/li>\n<li>Alaosa pehme\u00e4\u00e4 joustavaa neulosta, joka helpottaa pukemista ja riisumista<\/li>\n<li>Vy\u00f6t\u00e4r\u00f6nauhassa oleva silikonikaistale auttaa pit\u00e4m\u00e4\u00e4n laitteen paikallaan<\/li>\n<li>Edist\u00e4\u00e4 kehon harmonisempaa muotoilua<\/li>\n<li>Ostomapussi pysyy tiukasti paikallaan liikunnan aikana<\/li>\n<li>Lievitt\u00e4\u00e4 tyr\u00e4n aiheuttamia tuntemuksia<\/li>\n<\/ul>\n\t<div id=\"gap-1586021755\" class=\"gap-element clearfix\" style=\"display:block; height:auto;\">\n\t\t\n<style>\n#gap-1586021755 {\n  padding-top: 30px;\n}\n<\/style>\n\t<\/div>\n\t\n<div class=\"row\"  id=\"row-760364280\">\n\n\t<div id=\"col-1204096026\" class=\"col small-12 large-12\"  >\n\t\t\t\t<div class=\"col-inner\"  >\n\t\t\t\n\t\t\t\n<p style=\"text-align: left;\"><strong>Materiaalia:<\/strong> 70% polyamidi, 30% elastaani<\/p>\n<p style=\"text-align: left;\"><strong>KOOT:<\/strong><\/p>\n\t\t<\/div>\n\t\t\t\t\t<\/div>\n\n\t\n<\/div>\n<div class=\"row\"  id=\"row-92957037\">\n\n\t<div id=\"col-2041279077\" class=\"col medium-6 small-12 large-6\"  >\n\t\t\t\t<div class=\"col-inner\"  >\n\t\t\t\n\t\t\t\n\t<div class=\"img has-hover x md-x lg-x y md-y lg-y\" id=\"image_443767263\">\n\t\t\t\t\t\t\t\t<div class=\"img-inner dark\" >\n\t\t\t<img decoding=\"async\" width=\"1020\" height=\"680\" src=\"https:\/\/meditex.ee\/wp-content\/uploads\/2023\/05\/SoomeCorsinel-suurus-max-sup_11zon.jpg\" class=\"attachment-large size-large\" alt=\"\" srcset=\"https:\/\/meditex.ee\/wp-content\/uploads\/2023\/05\/SoomeCorsinel-suurus-max-sup_11zon.jpg 1200w, https:\/\/meditex.ee\/wp-content\/uploads\/2023\/05\/SoomeCorsinel-suurus-max-sup_11zon-510x340.jpg 510w, https:\/\/meditex.ee\/wp-content\/uploads\/2023\/05\/SoomeCorsinel-suurus-max-sup_11zon-600x400.jpg 600w, https:\/\/meditex.ee\/wp-content\/uploads\/2023\/05\/SoomeCorsinel-suurus-max-sup_11zon-768x512.jpg 768w\" sizes=\"(max-width: 1020px) 100vw, 1020px\" \/>\t\t\t\t\t\t\n\t\t\t\t\t<\/div>\n\t\t\t\t\t\t\t\t\n<style>\n#image_443767263 {\n  width: 80%;\n}\n<\/style>\n\t<\/div>\n\t\n\t\t<\/div>\n\t\t\t\t\t<\/div>\n\n\t\n\n\t<div id=\"col-443597992\" class=\"col medium-5 small-12 large-5\"  >\n\t\t\t\t<div class=\"col-inner\"  >\n\t\t\t\n\t\t\t\n\t<div class=\"img has-hover x md-x lg-x y md-y lg-y\" id=\"image_764348987\">\n\t\t\t\t\t\t\t\t<div class=\"img-inner dark\" >\n\t\t\t<img decoding=\"async\" width=\"480\" height=\"300\" src=\"https:\/\/meditex.ee\/wp-content\/uploads\/2023\/05\/Corsinel_Measuring-waitline_.webp\" class=\"attachment-large size-large\" alt=\"\" \/>\t\t\t\t\t\t\n\t\t\t\t\t<\/div>\n\t\t\t\t\t\t\t\t\n<style>\n#image_764348987 {\n  width: 100%;\n}\n<\/style>\n\t<\/div>\n\t\n<p style=\"text-align: left;\">HUOM! Mittaa aina itsesi l\u00f6yt\u00e4\u00e4ksesi oikean koon.<\/p>\n\t\t<\/div>\n\t\t\t\t\t<\/div>\n\n\t\n\n\t<div id=\"col-1681757016\" class=\"col medium-4 small-12 large-4\"  >\n\t\t\t\t<div class=\"col-inner\"  >\n\t\t\t\n\t\t\t\n\t\t<\/div>\n\t\t\t\t\t<\/div>\n\n\t\n<\/div>\n<div class=\"row\"  id=\"row-225294575\">\n\n\t<div id=\"col-1946004907\" class=\"col medium-4 small-12 large-4\"  >\n\t\t\t\t<div class=\"col-inner\"  >\n\t\t\t\n\t\t\t\n<p>Huolto:<\/p>\n\t<div class=\"img has-hover x md-x lg-x y md-y lg-y\" id=\"image_971556423\">\n\t\t\t\t\t\t\t\t<div class=\"img-inner dark\" >\n\t\t\t<img decoding=\"async\" width=\"800\" height=\"200\" src=\"https:\/\/meditex.ee\/wp-content\/uploads\/2023\/04\/hooldus_11zon.jpg\" class=\"attachment-large size-large\" alt=\"\" srcset=\"https:\/\/meditex.ee\/wp-content\/uploads\/2023\/04\/hooldus_11zon.jpg 800w, https:\/\/meditex.ee\/wp-content\/uploads\/2023\/04\/hooldus_11zon-510x128.jpg 510w, https:\/\/meditex.ee\/wp-content\/uploads\/2023\/04\/hooldus_11zon-768x192.jpg 768w\" sizes=\"(max-width: 800px) 100vw, 800px\" \/>\t\t\t\t\t\t\n\t\t\t\t\t<\/div>\n\t\t\t\t\t\t\t\t\n<style>\n#image_971556423 {\n  width: 100%;\n}\n<\/style>\n\t<\/div>\n\t\n\t\t<\/div>\n\t\t\t\t\t<\/div>\n\n\t\n<\/div>\n<div class=\"is-divider divider clearfix\" style=\"max-width:1100px;height:1px;background-color:rgb(0, 0, 0);\"><\/div>\n<p data-fontsize=\"16\" data-lineheight=\"19\">Lue t\u00e4\u00e4lt\u00e4 Corsinel avanne- ja tyr\u00e4tuotteista <a href=\"https:\/\/meditex.ee\/fi\/corsinel\/\">https:\/\/meditex.ee\/fi\/corsinel\/<\/a><\/p>\n<p data-fontsize=\"16\" data-lineheight=\"19\">Tietoja valmistajan verkkosivuilta <a href=\"https:\/\/t.ly\/Dio6\">https:\/\/t.ly\/Dio6<\/a><\/p>\n","protected":false},"excerpt":{"rendered":"<p style=\"text-align: left;\"><span style=\"color: #000000; font-size: 75%;\">Miesten avanne- ja tyr\u00e4alusvaatteet, maksimaalinen tuki.<\/span><\/p>\n","protected":false},"featured_media":16152,"template":"","meta":[],"product_brand":[],"product_cat":[231],"product_tag":[225,227],"class_list":{"0":"post-16205","1":"product","2":"type-product","3":"status-publish","4":"has-post-thumbnail","6":"product_cat-avanne-ja-tyraalusvaatteet","7":"product_tag-corsinel-fi","8":"product_tag-suurin-tuki","10":"first","11":"instock","12":"taxable","13":"shipping-taxable","14":"purchasable","15":"product-type-variable"},"yoast_head":"<!-- This site is optimized with the Yoast SEO plugin v27.3 - https:\/\/yoast.com\/product\/yoast-seo-wordpress\/ -->\n<title>Corsinel Maximum miesten korkeat bokserit, maksimaalinen tuki<\/title>\n<meta name=\"description\" content=\"Corsinel maximum miesten korkeat bokserit sopii k\u00e4ytett\u00e4v\u00e4ksi paidan alla, jotta vaate, pussi ja tyr\u00e4 n\u00e4kyisiv\u00e4t mahdollisimman v\u00e4h\u00e4n.\" \/>\n<meta name=\"robots\" content=\"index, follow, max-snippet:-1, max-image-preview:large, max-video-preview:-1\" \/>\n<link rel=\"canonical\" href=\"https:\/\/meditex.ee\/fi\/tuote\/corsinel-maximum-miesten-korkeat-bokserit-maksimaalinen-tuki\/\" \/>\n<meta property=\"og:locale\" content=\"fi_FI\" \/>\n<meta property=\"og:type\" content=\"article\" \/>\n<meta property=\"og:title\" content=\"Corsinel Maximum miesten korkeat bokserit, maksimaalinen tuki\" \/>\n<meta property=\"og:description\" content=\"Corsinel maximum miesten korkeat bokserit sopii k\u00e4ytett\u00e4v\u00e4ksi paidan alla, jotta vaate, pussi ja tyr\u00e4 n\u00e4kyisiv\u00e4t mahdollisimman v\u00e4h\u00e4n.\" \/>\n<meta property=\"og:url\" content=\"https:\/\/meditex.ee\/fi\/tuote\/corsinel-maximum-miesten-korkeat-bokserit-maksimaalinen-tuki\/\" \/>\n<meta property=\"og:site_name\" content=\"Meditex\" \/>\n<meta property=\"article:publisher\" content=\"https:\/\/www.facebook.com\/meditexepood\/\" \/>\n<meta property=\"article:modified_time\" content=\"2024-10-16T03:50:30+00:00\" \/>\n<meta property=\"og:image\" content=\"https:\/\/meditex.ee\/wp-content\/uploads\/2023\/04\/3841A-200_1_11zon.jpg\" \/>\n\t<meta property=\"og:image:width\" content=\"1500\" \/>\n\t<meta property=\"og:image:height\" content=\"1500\" \/>\n\t<meta property=\"og:image:type\" content=\"image\/jpeg\" \/>\n<meta name=\"twitter:card\" content=\"summary_large_image\" \/>\n<meta name=\"twitter:label1\" content=\"Arvioitu lukuaika\" \/>\n\t<meta name=\"twitter:data1\" content=\"2 minuuttia\" \/>\n<script type=\"application\/ld+json\" class=\"yoast-schema-graph\">{\"@context\":\"https:\\\/\\\/schema.org\",\"@graph\":[{\"@type\":\"WebPage\",\"@id\":\"https:\\\/\\\/meditex.ee\\\/fi\\\/tuote\\\/corsinel-maximum-miesten-korkeat-bokserit-maksimaalinen-tuki\\\/\",\"url\":\"https:\\\/\\\/meditex.ee\\\/fi\\\/tuote\\\/corsinel-maximum-miesten-korkeat-bokserit-maksimaalinen-tuki\\\/\",\"name\":\"Corsinel Maximum miesten korkeat bokserit, maksimaalinen tuki\",\"isPartOf\":{\"@id\":\"https:\\\/\\\/meditex.ee\\\/en\\\/#website\"},\"primaryImageOfPage\":{\"@id\":\"https:\\\/\\\/meditex.ee\\\/fi\\\/tuote\\\/corsinel-maximum-miesten-korkeat-bokserit-maksimaalinen-tuki\\\/#primaryimage\"},\"image\":{\"@id\":\"https:\\\/\\\/meditex.ee\\\/fi\\\/tuote\\\/corsinel-maximum-miesten-korkeat-bokserit-maksimaalinen-tuki\\\/#primaryimage\"},\"thumbnailUrl\":\"https:\\\/\\\/meditex.ee\\\/wp-content\\\/uploads\\\/2023\\\/04\\\/3841A-200_1_11zon.jpg\",\"datePublished\":\"2023-05-05T15:47:52+00:00\",\"dateModified\":\"2024-10-16T03:50:30+00:00\",\"description\":\"Corsinel maximum miesten korkeat bokserit sopii k\u00e4ytett\u00e4v\u00e4ksi paidan alla, jotta vaate, pussi ja tyr\u00e4 n\u00e4kyisiv\u00e4t mahdollisimman v\u00e4h\u00e4n.\",\"breadcrumb\":{\"@id\":\"https:\\\/\\\/meditex.ee\\\/fi\\\/tuote\\\/corsinel-maximum-miesten-korkeat-bokserit-maksimaalinen-tuki\\\/#breadcrumb\"},\"inLanguage\":\"fi\",\"potentialAction\":[{\"@type\":\"ReadAction\",\"target\":[\"https:\\\/\\\/meditex.ee\\\/fi\\\/tuote\\\/corsinel-maximum-miesten-korkeat-bokserit-maksimaalinen-tuki\\\/\"]}]},{\"@type\":\"ImageObject\",\"inLanguage\":\"fi\",\"@id\":\"https:\\\/\\\/meditex.ee\\\/fi\\\/tuote\\\/corsinel-maximum-miesten-korkeat-bokserit-maksimaalinen-tuki\\\/#primaryimage\",\"url\":\"https:\\\/\\\/meditex.ee\\\/wp-content\\\/uploads\\\/2023\\\/04\\\/3841A-200_1_11zon.jpg\",\"contentUrl\":\"https:\\\/\\\/meditex.ee\\\/wp-content\\\/uploads\\\/2023\\\/04\\\/3841A-200_1_11zon.jpg\",\"width\":1500,\"height\":1500,\"caption\":\"meeste bokser maksimaalse toega\"},{\"@type\":\"BreadcrumbList\",\"@id\":\"https:\\\/\\\/meditex.ee\\\/fi\\\/tuote\\\/corsinel-maximum-miesten-korkeat-bokserit-maksimaalinen-tuki\\\/#breadcrumb\",\"itemListElement\":[{\"@type\":\"ListItem\",\"position\":1,\"name\":\"Home\",\"item\":\"https:\\\/\\\/meditex.ee\\\/fi\\\/\"},{\"@type\":\"ListItem\",\"position\":2,\"name\":\"Verkkokauppa\",\"item\":\"https:\\\/\\\/meditex.ee\\\/fi\\\/verkkokauppa\\\/\"},{\"@type\":\"ListItem\",\"position\":3,\"name\":\"Corsinel Maximum miesten korkeat bokserit, maksimaalinen tuki\"}]},{\"@type\":\"WebSite\",\"@id\":\"https:\\\/\\\/meditex.ee\\\/en\\\/#website\",\"url\":\"https:\\\/\\\/meditex.ee\\\/en\\\/\",\"name\":\"Meditex\",\"description\":\"\",\"publisher\":{\"@id\":\"https:\\\/\\\/meditex.ee\\\/en\\\/#organization\"},\"potentialAction\":[{\"@type\":\"SearchAction\",\"target\":{\"@type\":\"EntryPoint\",\"urlTemplate\":\"https:\\\/\\\/meditex.ee\\\/en\\\/?s={search_term_string}\"},\"query-input\":{\"@type\":\"PropertyValueSpecification\",\"valueRequired\":true,\"valueName\":\"search_term_string\"}}],\"inLanguage\":\"fi\"},{\"@type\":\"Organization\",\"@id\":\"https:\\\/\\\/meditex.ee\\\/en\\\/#organization\",\"name\":\"Meditex\",\"url\":\"https:\\\/\\\/meditex.ee\\\/en\\\/\",\"logo\":{\"@type\":\"ImageObject\",\"inLanguage\":\"fi\",\"@id\":\"https:\\\/\\\/meditex.ee\\\/en\\\/#\\\/schema\\\/logo\\\/image\\\/\",\"url\":\"https:\\\/\\\/meditex.ee\\\/wp-content\\\/uploads\\\/2018\\\/03\\\/mdtx_logo.png\",\"contentUrl\":\"https:\\\/\\\/meditex.ee\\\/wp-content\\\/uploads\\\/2018\\\/03\\\/mdtx_logo.png\",\"width\":669,\"height\":235,\"caption\":\"Meditex\"},\"image\":{\"@id\":\"https:\\\/\\\/meditex.ee\\\/en\\\/#\\\/schema\\\/logo\\\/image\\\/\"},\"sameAs\":[\"https:\\\/\\\/www.facebook.com\\\/meditexepood\\\/\"]}]}<\/script>\n<!-- \/ Yoast SEO plugin. -->","yoast_head_json":{"title":"Corsinel Maximum miesten korkeat bokserit, maksimaalinen tuki","description":"Corsinel maximum miesten korkeat bokserit sopii k\u00e4ytett\u00e4v\u00e4ksi paidan alla, jotta vaate, pussi ja tyr\u00e4 n\u00e4kyisiv\u00e4t mahdollisimman v\u00e4h\u00e4n.","robots":{"index":"index","follow":"follow","max-snippet":"max-snippet:-1","max-image-preview":"max-image-preview:large","max-video-preview":"max-video-preview:-1"},"canonical":"https:\/\/meditex.ee\/fi\/tuote\/corsinel-maximum-miesten-korkeat-bokserit-maksimaalinen-tuki\/","og_locale":"fi_FI","og_type":"article","og_title":"Corsinel Maximum miesten korkeat bokserit, maksimaalinen tuki","og_description":"Corsinel maximum miesten korkeat bokserit sopii k\u00e4ytett\u00e4v\u00e4ksi paidan alla, jotta vaate, pussi ja tyr\u00e4 n\u00e4kyisiv\u00e4t mahdollisimman v\u00e4h\u00e4n.","og_url":"https:\/\/meditex.ee\/fi\/tuote\/corsinel-maximum-miesten-korkeat-bokserit-maksimaalinen-tuki\/","og_site_name":"Meditex","article_publisher":"https:\/\/www.facebook.com\/meditexepood\/","article_modified_time":"2024-10-16T03:50:30+00:00","og_image":[{"width":1500,"height":1500,"url":"https:\/\/meditex.ee\/wp-content\/uploads\/2023\/04\/3841A-200_1_11zon.jpg","type":"image\/jpeg"}],"twitter_card":"summary_large_image","twitter_misc":{"Arvioitu lukuaika":"2 minuuttia"},"schema":{"@context":"https:\/\/schema.org","@graph":[{"@type":"WebPage","@id":"https:\/\/meditex.ee\/fi\/tuote\/corsinel-maximum-miesten-korkeat-bokserit-maksimaalinen-tuki\/","url":"https:\/\/meditex.ee\/fi\/tuote\/corsinel-maximum-miesten-korkeat-bokserit-maksimaalinen-tuki\/","name":"Corsinel Maximum miesten korkeat bokserit, maksimaalinen tuki","isPartOf":{"@id":"https:\/\/meditex.ee\/en\/#website"},"primaryImageOfPage":{"@id":"https:\/\/meditex.ee\/fi\/tuote\/corsinel-maximum-miesten-korkeat-bokserit-maksimaalinen-tuki\/#primaryimage"},"image":{"@id":"https:\/\/meditex.ee\/fi\/tuote\/corsinel-maximum-miesten-korkeat-bokserit-maksimaalinen-tuki\/#primaryimage"},"thumbnailUrl":"https:\/\/meditex.ee\/wp-content\/uploads\/2023\/04\/3841A-200_1_11zon.jpg","datePublished":"2023-05-05T15:47:52+00:00","dateModified":"2024-10-16T03:50:30+00:00","description":"Corsinel maximum miesten korkeat bokserit sopii k\u00e4ytett\u00e4v\u00e4ksi paidan alla, jotta vaate, pussi ja tyr\u00e4 n\u00e4kyisiv\u00e4t mahdollisimman v\u00e4h\u00e4n.","breadcrumb":{"@id":"https:\/\/meditex.ee\/fi\/tuote\/corsinel-maximum-miesten-korkeat-bokserit-maksimaalinen-tuki\/#breadcrumb"},"inLanguage":"fi","potentialAction":[{"@type":"ReadAction","target":["https:\/\/meditex.ee\/fi\/tuote\/corsinel-maximum-miesten-korkeat-bokserit-maksimaalinen-tuki\/"]}]},{"@type":"ImageObject","inLanguage":"fi","@id":"https:\/\/meditex.ee\/fi\/tuote\/corsinel-maximum-miesten-korkeat-bokserit-maksimaalinen-tuki\/#primaryimage","url":"https:\/\/meditex.ee\/wp-content\/uploads\/2023\/04\/3841A-200_1_11zon.jpg","contentUrl":"https:\/\/meditex.ee\/wp-content\/uploads\/2023\/04\/3841A-200_1_11zon.jpg","width":1500,"height":1500,"caption":"meeste bokser maksimaalse toega"},{"@type":"BreadcrumbList","@id":"https:\/\/meditex.ee\/fi\/tuote\/corsinel-maximum-miesten-korkeat-bokserit-maksimaalinen-tuki\/#breadcrumb","itemListElement":[{"@type":"ListItem","position":1,"name":"Home","item":"https:\/\/meditex.ee\/fi\/"},{"@type":"ListItem","position":2,"name":"Verkkokauppa","item":"https:\/\/meditex.ee\/fi\/verkkokauppa\/"},{"@type":"ListItem","position":3,"name":"Corsinel Maximum miesten korkeat bokserit, maksimaalinen tuki"}]},{"@type":"WebSite","@id":"https:\/\/meditex.ee\/en\/#website","url":"https:\/\/meditex.ee\/en\/","name":"Meditex","description":"","publisher":{"@id":"https:\/\/meditex.ee\/en\/#organization"},"potentialAction":[{"@type":"SearchAction","target":{"@type":"EntryPoint","urlTemplate":"https:\/\/meditex.ee\/en\/?s={search_term_string}"},"query-input":{"@type":"PropertyValueSpecification","valueRequired":true,"valueName":"search_term_string"}}],"inLanguage":"fi"},{"@type":"Organization","@id":"https:\/\/meditex.ee\/en\/#organization","name":"Meditex","url":"https:\/\/meditex.ee\/en\/","logo":{"@type":"ImageObject","inLanguage":"fi","@id":"https:\/\/meditex.ee\/en\/#\/schema\/logo\/image\/","url":"https:\/\/meditex.ee\/wp-content\/uploads\/2018\/03\/mdtx_logo.png","contentUrl":"https:\/\/meditex.ee\/wp-content\/uploads\/2018\/03\/mdtx_logo.png","width":669,"height":235,"caption":"Meditex"},"image":{"@id":"https:\/\/meditex.ee\/en\/#\/schema\/logo\/image\/"},"sameAs":["https:\/\/www.facebook.com\/meditexepood\/"]}]}},"_links":{"self":[{"href":"https:\/\/meditex.ee\/fi\/wp-json\/wp\/v2\/product\/16205","targetHints":{"allow":["GET"]}}],"collection":[{"href":"https:\/\/meditex.ee\/fi\/wp-json\/wp\/v2\/product"}],"about":[{"href":"https:\/\/meditex.ee\/fi\/wp-json\/wp\/v2\/types\/product"}],"wp:featuredmedia":[{"embeddable":true,"href":"https:\/\/meditex.ee\/fi\/wp-json\/wp\/v2\/media\/16152"}],"wp:attachment":[{"href":"https:\/\/meditex.ee\/fi\/wp-json\/wp\/v2\/media?parent=16205"}],"wp:term":[{"taxonomy":"product_brand","embeddable":true,"href":"https:\/\/meditex.ee\/fi\/wp-json\/wp\/v2\/product_brand?post=16205"},{"taxonomy":"product_cat","embeddable":true,"href":"https:\/\/meditex.ee\/fi\/wp-json\/wp\/v2\/product_cat?post=16205"},{"taxonomy":"product_tag","embeddable":true,"href":"https:\/\/meditex.ee\/fi\/wp-json\/wp\/v2\/product_tag?post=16205"}],"curies":[{"name":"wp","href":"https:\/\/api.w.org\/{rel}","templated":true}]}}