{"id":16189,"date":"2023-04-27T06:33:00","date_gmt":"2023-05-05T13:59:06","guid":{"rendered":"https:\/\/meditex.ee\/?post_type=product&#038;p=16189"},"modified":"2023-07-31T10:25:40","modified_gmt":"2023-07-31T10:25:40","slug":"corsinel-maximum-naisten-tuki-ja-pitkat-alusvaatteet","status":"publish","type":"product","link":"https:\/\/meditex.ee\/fi\/tuote\/corsinel-maximum-naisten-tuki-ja-pitkat-alusvaatteet\/","title":{"rendered":"Corsinel Maximum naisten stoma- ja nielurisojen korkeat alusvaatteet."},"content":{"rendered":"<div class=\"row row-small align-bottom\"  id=\"row-657932167\">\n\n\t<div id=\"col-1361632452\" class=\"col medium-6 small-12 large-6\"  >\n\t\t\t\t<div class=\"col-inner\"  >\n\t\t\t\n\t\t\t\n\t<div class=\"img has-hover x md-x lg-x y md-y lg-y\" id=\"image_328264436\">\n\t\t\t\t\t\t\t\t<div class=\"img-inner dark\" >\n\t\t\t<img decoding=\"async\" width=\"320\" height=\"320\" src=\"https:\/\/meditex.ee\/wp-content\/uploads\/2023\/04\/Maximum-Support-Icon.webp\" class=\"attachment-large size-large\" alt=\"maksimaalne tugi\" srcset=\"https:\/\/meditex.ee\/wp-content\/uploads\/2023\/04\/Maximum-Support-Icon.webp 320w, https:\/\/meditex.ee\/wp-content\/uploads\/2023\/04\/Maximum-Support-Icon-100x100.webp 100w, https:\/\/meditex.ee\/wp-content\/uploads\/2023\/04\/Maximum-Support-Icon-280x280.webp 280w\" sizes=\"(max-width: 320px) 100vw, 320px\" \/>\t\t\t\t\t\t\n\t\t\t\t\t<\/div>\n\t\t\t\t\t\t\t\t\n<style>\n#image_328264436 {\n  width: 30%;\n}\n<\/style>\n\t<\/div>\n\t\n\t\t<\/div>\n\t\t\t\t\t<\/div>\n\n\t\n\n\t<div id=\"col-554750073\" class=\"col medium-6 small-12 large-6\"  >\n\t\t\t\t<div class=\"col-inner text-right\"  >\n\t\t\t\n\t\t\t\n\t<div class=\"img has-hover x md-x lg-x y md-y lg-y\" id=\"image_1359430734\">\n\t\t\t\t\t\t\t\t<div class=\"img-inner dark\" >\n\t\t\t<img decoding=\"async\" width=\"1000\" height=\"285\" src=\"https:\/\/meditex.ee\/wp-content\/uploads\/2023\/04\/logo_86_11zon.jpg\" class=\"attachment-large size-large\" alt=\"\" srcset=\"https:\/\/meditex.ee\/wp-content\/uploads\/2023\/04\/logo_86_11zon.jpg 1000w, https:\/\/meditex.ee\/wp-content\/uploads\/2023\/04\/logo_86_11zon-510x145.jpg 510w, https:\/\/meditex.ee\/wp-content\/uploads\/2023\/04\/logo_86_11zon-800x228.jpg 800w, https:\/\/meditex.ee\/wp-content\/uploads\/2023\/04\/logo_86_11zon-768x219.jpg 768w\" sizes=\"(max-width: 1000px) 100vw, 1000px\" \/>\t\t\t\t\t\t\n\t\t\t\t\t<\/div>\n\t\t\t\t\t\t\t\t\n<style>\n#image_1359430734 {\n  width: 100%;\n}\n<\/style>\n\t<\/div>\n\t\n\t\t<\/div>\n\t\t\t\t\t<\/div>\n\n\t\n<\/div>\n<h3 style=\"text-align: left;\" data-fontsize=\"16\" data-lineheight=\"19\"><span style=\"color: #000000;\"><strong>Corsinel Maximum naisten stoma- ja nielurisojen alusvaatteet<\/strong><\/span><\/h3>\n<p style=\"text-align: left;\"><span style=\"color: #000000;\">Corsinelin maksimitukipesu on suunniteltu kiinnitt\u00e4m\u00e4\u00e4n stomapussi ja\/tai tukemaan vatsakalvoa, jotta vatsan sis\u00e4lt\u00f6 ei ty\u00f6ntyisi ulos ja jotta pienennetty vatsakalvo pysyisi vatsaontelossa.<\/span><\/p>\n<p style=\"text-align: left;\"><span style=\"color: #000000;\">Tarkoitettu leikkauksen j\u00e4lkeiseen k\u00e4ytt\u00f6\u00f6n kolostomian, ileostomian tai urostomian yhteydess\u00e4. My\u00f6s parastomia- tai muiden vatsaongelmien hoitoon.<\/span><\/p>\n<p style=\"text-align: left;\"><span style=\"color: #000000;\">K\u00e4ytet\u00e4\u00e4n sek\u00e4 1- ett\u00e4 2-osaisten j\u00e4rjestelmien kanssa.<\/span><\/p>\n<h4 style=\"text-align: left;\"><span style=\"color: #000000;\"><strong>Tuotetiedot:<\/strong><\/span><\/h4>\n<ul style=\"text-align: left;\">\n<li><span style=\"color: #000000;\">Ihanteellinen k\u00e4ytett\u00e4v\u00e4ksi paidan tai mekon alla, jotta itse alusvaatteet, stomapussi tai paita eiv\u00e4t n\u00e4kyisi.<\/span><\/li>\n<li><span style=\"color: #000000;\">Alusvaatteet on suunniteltu jokap\u00e4iv\u00e4iseen, jatkuvaan k\u00e4ytt\u00f6\u00f6n koti- tai ty\u00f6teht\u00e4viss\u00e4 sek\u00e4 harrastuksiin tai urheiluun.<\/span><\/li>\n<li><span style=\"color: #000000;\">Suunniteltu n\u00e4ytt\u00e4m\u00e4\u00e4n tavallisilta alusvaatteilta.<\/span><\/li>\n<li><span style=\"color: #000000;\">Maksimitukipesu on suunniteltu songa-hoitoon, jossa halutaan ja suositaan maksimaalista tukea ja kompressiota.<\/span><\/li>\n<li><span style=\"color: #000000;\">Voidaan k\u00e4ytt\u00e4\u00e4 koko p\u00e4iv\u00e4n ja haluttaessa ja siedett\u00e4ess\u00e4 my\u00f6s y\u00f6ll\u00e4.<\/span><\/li>\n<li><span style=\"color: #000000;\">Parastomaalinen laulu voi aiheuttaa potilaalle ylim\u00e4\u00e4r\u00e4ist\u00e4 ep\u00e4mukavuutta, kuten vuotoa, kipua, suolen liikkeit\u00e4, liikkuvuuden menetyst\u00e4.<\/span><\/li>\n<li><span style=\"color: #000000;\">Vatsavaivat voivat aiheuttaa huomattavaa kipua ja ep\u00e4mukavuutta, ja peseminen mahdollisimman suurella tuella voi ehk\u00e4ist\u00e4 ja lievitt\u00e4\u00e4 n\u00e4it\u00e4 vaivoja.<\/span><\/li>\n<li><span style=\"color: #000000;\">Jalkaosa on ommeltu puuvillafroteesta.<\/span><\/li>\n<li><span style=\"color: #000000;\">Neulottu yhdest\u00e4 kappaleesta, joten ei ole h\u00e4iritsevi\u00e4 saumoja.<\/span><\/li>\n<\/ul>\n<p style=\"text-align: left;\"><span style=\"color: #000000;\"><em>Korkea malli soveltuu erityisen hyvin stoomalle tai stoomalle, joka on navan vieress\u00e4 tai sen yl\u00e4puolella.<\/em><\/span><\/p>\n<h4 style=\"text-align: left;\" data-fontsize=\"16\" data-lineheight=\"19\"><span style=\"color: #000000;\"><strong>Yleiset ominaisuudet:<\/strong><\/span><\/h4>\n<ul style=\"text-align: left;\">\n<li style=\"text-align: left;\">4-suuntainen venytys: suurempi liikkumisvapaus ja asianmukainen tuki.<\/li>\n<li>Hengitt\u00e4v\u00e4: ilmaa l\u00e4p\u00e4isev\u00e4 ja kosteutta imev\u00e4.<\/li>\n<li>Saumaton: pyykki on neulottu yhten\u00e4 kappaleena.<\/li>\n<\/ul>\n<h4 style=\"text-align: left;\"><strong>Erityisominaisuudet:<\/strong><\/h4>\n<ul>\n<li style=\"text-align: left;\">Tiiviisti kudottu yl\u00e4osa tukee lantio- ja vatsalihaksia.<\/li>\n<li style=\"text-align: left;\">Valmistettu pehme\u00e4st\u00e4 ja mukavasta materiaalista.<\/li>\n<li style=\"text-align: left;\">Pohja on valmistettu pehme\u00e4st\u00e4 joustavasta neuloksesta, joka helpottaa pukemista ja riisumista.<\/li>\n<li style=\"text-align: left;\">Silikoninen liukastumista est\u00e4v\u00e4 kuvio vy\u00f6t\u00e4r\u00f6ll\u00e4 pit\u00e4\u00e4 pesun paikallaan.<\/li>\n<li style=\"text-align: left;\">Edist\u00e4\u00e4 vartalon harmonisempaa muotoilua.<\/li>\n<li style=\"text-align: left;\">Stomapussi on turvallisesti kiinnitetty liikunnan aikana.<\/li>\n<li style=\"text-align: left;\">Lievitt\u00e4\u00e4 songan aiheuttamaa &#8221;t\u00e4rin\u00e4n&#8221; tunnetta.<\/li>\n<\/ul>\n\t<div id=\"gap-945866065\" class=\"gap-element clearfix\" style=\"display:block; height:auto;\">\n\t\t\n<style>\n#gap-945866065 {\n  padding-top: 30px;\n}\n<\/style>\n\t<\/div>\n\t\n<div class=\"row\"  id=\"row-762922044\">\n\n\t<div id=\"col-1052850060\" class=\"col small-12 large-12\"  >\n\t\t\t\t<div class=\"col-inner\"  >\n\t\t\t\n\t\t\t\n<p style=\"text-align: left;\"><strong>Materiaali:<\/strong> 70 % polyamidia, 30 % elastaania.<\/p>\n<p style=\"text-align: left;\"><strong>KOKO:<\/strong><\/p>\n\t\t<\/div>\n\t\t\t\t\t<\/div>\n\n\t\n<\/div>\n<div class=\"row\"  id=\"row-1241241430\">\n\n\t<div id=\"col-1515810759\" class=\"col medium-6 small-12 large-6\"  >\n\t\t\t\t<div class=\"col-inner\"  >\n\t\t\t\n\t\t\t\n\t<div class=\"img has-hover x md-x lg-x y md-y lg-y\" id=\"image_920154057\">\n\t\t\t\t\t\t\t\t<div class=\"img-inner dark\" >\n\t\t\t<img decoding=\"async\" width=\"1020\" height=\"680\" src=\"https:\/\/meditex.ee\/wp-content\/uploads\/2023\/04\/Corsinel-suurus-max-sup_11zon.jpg\" class=\"attachment-large size-large\" alt=\"\" srcset=\"https:\/\/meditex.ee\/wp-content\/uploads\/2023\/04\/Corsinel-suurus-max-sup_11zon.jpg 1200w, https:\/\/meditex.ee\/wp-content\/uploads\/2023\/04\/Corsinel-suurus-max-sup_11zon-510x340.jpg 510w, https:\/\/meditex.ee\/wp-content\/uploads\/2023\/04\/Corsinel-suurus-max-sup_11zon-600x400.jpg 600w, https:\/\/meditex.ee\/wp-content\/uploads\/2023\/04\/Corsinel-suurus-max-sup_11zon-768x512.jpg 768w\" sizes=\"(max-width: 1020px) 100vw, 1020px\" \/>\t\t\t\t\t\t\n\t\t\t\t\t<\/div>\n\t\t\t\t\t\t\t\t\n<style>\n#image_920154057 {\n  width: 80%;\n}\n<\/style>\n\t<\/div>\n\t\n\t\t<\/div>\n\t\t\t\t\t<\/div>\n\n\t\n\n\t<div id=\"col-1141274660\" class=\"col medium-5 small-12 large-5\"  >\n\t\t\t\t<div class=\"col-inner\"  >\n\t\t\t\n\t\t\t\n\t<div class=\"img has-hover x md-x lg-x y md-y lg-y\" id=\"image_648343413\">\n\t\t\t\t\t\t\t\t<div class=\"img-inner dark\" >\n\t\t\t<img decoding=\"async\" width=\"480\" height=\"300\" src=\"https:\/\/meditex.ee\/wp-content\/uploads\/2023\/05\/Corsinel_Measuring-waitline_.webp\" class=\"attachment-large size-large\" alt=\"\" \/>\t\t\t\t\t\t\n\t\t\t\t\t<\/div>\n\t\t\t\t\t\t\t\t\n<style>\n#image_648343413 {\n  width: 100%;\n}\n<\/style>\n\t<\/div>\n\t\n<p style=\"text-align: left;\"><span style=\"color: #000000;\">NB! Mittaa aina itsesi oikean koon l\u00f6yt\u00e4miseksi.<\/span><\/p>\n\t\t<\/div>\n\t\t\t\t\t<\/div>\n\n\t\n\n\t<div id=\"col-379600605\" class=\"col medium-4 small-12 large-4\"  >\n\t\t\t\t<div class=\"col-inner\"  >\n\t\t\t\n\t\t\t\n\t\t<\/div>\n\t\t\t\t\t<\/div>\n\n\t\n<\/div>\n<div class=\"row\"  id=\"row-717995990\">\n\n\t<div id=\"col-702181359\" class=\"col medium-4 small-12 large-4\"  >\n\t\t\t\t<div class=\"col-inner\"  >\n\t\t\t\n\t\t\t\n<p>Huolto:<\/p>\n\t<div class=\"img has-hover x md-x lg-x y md-y lg-y\" id=\"image_218557160\">\n\t\t\t\t\t\t\t\t<div class=\"img-inner dark\" >\n\t\t\t<img decoding=\"async\" width=\"800\" height=\"200\" src=\"https:\/\/meditex.ee\/wp-content\/uploads\/2023\/04\/hooldus_11zon.jpg\" class=\"attachment-large size-large\" alt=\"\" srcset=\"https:\/\/meditex.ee\/wp-content\/uploads\/2023\/04\/hooldus_11zon.jpg 800w, https:\/\/meditex.ee\/wp-content\/uploads\/2023\/04\/hooldus_11zon-510x128.jpg 510w, https:\/\/meditex.ee\/wp-content\/uploads\/2023\/04\/hooldus_11zon-768x192.jpg 768w\" sizes=\"(max-width: 800px) 100vw, 800px\" \/>\t\t\t\t\t\t\n\t\t\t\t\t<\/div>\n\t\t\t\t\t\t\t\t\n<style>\n#image_218557160 {\n  width: 100%;\n}\n<\/style>\n\t<\/div>\n\t\n\t\t<\/div>\n\t\t\t\t\t<\/div>\n\n\t\n<\/div>\n<div class=\"is-divider divider clearfix\" style=\"max-width:1100px;height:1px;background-color:rgb(0, 0, 0);\"><\/div>\n<p data-fontsize=\"16\" data-lineheight=\"19\">Lue lis\u00e4\u00e4 Corsinelin stoma- ja songa-tuotteista t\u00e4\u00e4lt\u00e4 <a href=\"https:\/\/meditex.ee\/fi\/corsinel\/\">https:\/\/meditex.ee\/corsinel\/ https:\/\/meditex.ee\/corsinel\/<\/a><\/p>\n<p data-fontsize=\"16\" data-lineheight=\"19\">Tiedot valmistajan verkkosivuilla <a href=\"https:\/\/t.ly\/MJnF\">https:\/\/t.ly\/MJnF<\/a><\/p>\n","protected":false},"excerpt":{"rendered":"<p style=\"text-align: left;\"><span style=\"font-size: 75%; color: #000000;\">Naisten stooma- ja nielurisojen pesu, jossa on maksimaalinen tuki.<\/span><\/p>\n","protected":false},"featured_media":16070,"template":"","meta":[],"product_brand":[],"product_cat":[231],"product_tag":[225,227],"class_list":{"0":"post-16189","1":"product","2":"type-product","3":"status-publish","4":"has-post-thumbnail","6":"product_cat-avanne-ja-tyraalusvaatteet","7":"product_tag-corsinel-fi","8":"product_tag-suurin-tuki","10":"first","11":"instock","12":"taxable","13":"shipping-taxable","14":"purchasable","15":"product-type-variable"},"yoast_head":"<!-- This site is optimized with the Yoast SEO plugin v27.3 - https:\/\/yoast.com\/product\/yoast-seo-wordpress\/ -->\n<title>Corsinel Maximum naisten stoma- ja nielurisojen alusvaatteet - meditex.ee<\/title>\n<meta name=\"description\" content=\"Corsinel Maximum Maximum Support Women&#039;s Stoma and Labia Underwear -alusvaatteet sopivat erinomaisesti k\u00e4ytett\u00e4v\u00e4ksi kolostomian, ileostomian, urostomian tai h\u00e4pyhuulten kanssa.\" \/>\n<meta name=\"robots\" content=\"index, follow, max-snippet:-1, max-image-preview:large, max-video-preview:-1\" \/>\n<link rel=\"canonical\" href=\"https:\/\/meditex.ee\/fi\/tuote\/corsinel-maximum-naisten-tuki-ja-pitkat-alusvaatteet\/\" \/>\n<meta property=\"og:locale\" content=\"fi_FI\" \/>\n<meta property=\"og:type\" content=\"article\" \/>\n<meta property=\"og:title\" content=\"Corsinel Maximum naisten stoma- ja nielurisojen alusvaatteet - meditex.ee\" \/>\n<meta property=\"og:description\" content=\"Corsinel Maximum Maximum Support Women&#039;s Stoma and Labia Underwear -alusvaatteet sopivat erinomaisesti k\u00e4ytett\u00e4v\u00e4ksi kolostomian, ileostomian, urostomian tai h\u00e4pyhuulten kanssa.\" \/>\n<meta property=\"og:url\" content=\"https:\/\/meditex.ee\/fi\/tuote\/corsinel-maximum-naisten-tuki-ja-pitkat-alusvaatteet\/\" \/>\n<meta property=\"og:site_name\" content=\"Meditex\" \/>\n<meta property=\"article:publisher\" content=\"https:\/\/www.facebook.com\/meditexepood\/\" \/>\n<meta property=\"article:modified_time\" content=\"2023-07-31T10:25:40+00:00\" \/>\n<meta property=\"og:image\" content=\"https:\/\/meditex.ee\/wp-content\/uploads\/2023\/04\/3839A-200_1_1_11zon.jpg\" \/>\n\t<meta property=\"og:image:width\" content=\"1500\" \/>\n\t<meta property=\"og:image:height\" content=\"1500\" \/>\n\t<meta property=\"og:image:type\" content=\"image\/jpeg\" \/>\n<meta name=\"twitter:card\" content=\"summary_large_image\" \/>\n<meta name=\"twitter:label1\" content=\"Arvioitu lukuaika\" \/>\n\t<meta name=\"twitter:data1\" content=\"2 minuuttia\" \/>\n<script type=\"application\/ld+json\" class=\"yoast-schema-graph\">{\"@context\":\"https:\\\/\\\/schema.org\",\"@graph\":[{\"@type\":\"WebPage\",\"@id\":\"https:\\\/\\\/meditex.ee\\\/fi\\\/tuote\\\/corsinel-maximum-naisten-tuki-ja-pitkat-alusvaatteet\\\/\",\"url\":\"https:\\\/\\\/meditex.ee\\\/fi\\\/tuote\\\/corsinel-maximum-naisten-tuki-ja-pitkat-alusvaatteet\\\/\",\"name\":\"Corsinel Maximum naisten stoma- ja nielurisojen alusvaatteet - meditex.ee\",\"isPartOf\":{\"@id\":\"https:\\\/\\\/meditex.ee\\\/en\\\/#website\"},\"primaryImageOfPage\":{\"@id\":\"https:\\\/\\\/meditex.ee\\\/fi\\\/tuote\\\/corsinel-maximum-naisten-tuki-ja-pitkat-alusvaatteet\\\/#primaryimage\"},\"image\":{\"@id\":\"https:\\\/\\\/meditex.ee\\\/fi\\\/tuote\\\/corsinel-maximum-naisten-tuki-ja-pitkat-alusvaatteet\\\/#primaryimage\"},\"thumbnailUrl\":\"https:\\\/\\\/meditex.ee\\\/wp-content\\\/uploads\\\/2023\\\/04\\\/3839A-200_1_1_11zon.jpg\",\"datePublished\":\"2023-05-05T13:59:06+00:00\",\"dateModified\":\"2023-07-31T10:25:40+00:00\",\"description\":\"Corsinel Maximum Maximum Support Women's Stoma and Labia Underwear -alusvaatteet sopivat erinomaisesti k\u00e4ytett\u00e4v\u00e4ksi kolostomian, ileostomian, urostomian tai h\u00e4pyhuulten kanssa.\",\"breadcrumb\":{\"@id\":\"https:\\\/\\\/meditex.ee\\\/fi\\\/tuote\\\/corsinel-maximum-naisten-tuki-ja-pitkat-alusvaatteet\\\/#breadcrumb\"},\"inLanguage\":\"fi\",\"potentialAction\":[{\"@type\":\"ReadAction\",\"target\":[\"https:\\\/\\\/meditex.ee\\\/fi\\\/tuote\\\/corsinel-maximum-naisten-tuki-ja-pitkat-alusvaatteet\\\/\"]}]},{\"@type\":\"ImageObject\",\"inLanguage\":\"fi\",\"@id\":\"https:\\\/\\\/meditex.ee\\\/fi\\\/tuote\\\/corsinel-maximum-naisten-tuki-ja-pitkat-alusvaatteet\\\/#primaryimage\",\"url\":\"https:\\\/\\\/meditex.ee\\\/wp-content\\\/uploads\\\/2023\\\/04\\\/3839A-200_1_1_11zon.jpg\",\"contentUrl\":\"https:\\\/\\\/meditex.ee\\\/wp-content\\\/uploads\\\/2023\\\/04\\\/3839A-200_1_1_11zon.jpg\",\"width\":1500,\"height\":1500,\"caption\":\"maksimaalinen tuki\"},{\"@type\":\"BreadcrumbList\",\"@id\":\"https:\\\/\\\/meditex.ee\\\/fi\\\/tuote\\\/corsinel-maximum-naisten-tuki-ja-pitkat-alusvaatteet\\\/#breadcrumb\",\"itemListElement\":[{\"@type\":\"ListItem\",\"position\":1,\"name\":\"Home\",\"item\":\"https:\\\/\\\/meditex.ee\\\/fi\\\/\"},{\"@type\":\"ListItem\",\"position\":2,\"name\":\"Verkkokauppa\",\"item\":\"https:\\\/\\\/meditex.ee\\\/fi\\\/verkkokauppa\\\/\"},{\"@type\":\"ListItem\",\"position\":3,\"name\":\"Corsinel Maximum naisten stoma- ja nielurisojen korkeat alusvaatteet.\"}]},{\"@type\":\"WebSite\",\"@id\":\"https:\\\/\\\/meditex.ee\\\/en\\\/#website\",\"url\":\"https:\\\/\\\/meditex.ee\\\/en\\\/\",\"name\":\"Meditex\",\"description\":\"\",\"publisher\":{\"@id\":\"https:\\\/\\\/meditex.ee\\\/en\\\/#organization\"},\"potentialAction\":[{\"@type\":\"SearchAction\",\"target\":{\"@type\":\"EntryPoint\",\"urlTemplate\":\"https:\\\/\\\/meditex.ee\\\/en\\\/?s={search_term_string}\"},\"query-input\":{\"@type\":\"PropertyValueSpecification\",\"valueRequired\":true,\"valueName\":\"search_term_string\"}}],\"inLanguage\":\"fi\"},{\"@type\":\"Organization\",\"@id\":\"https:\\\/\\\/meditex.ee\\\/en\\\/#organization\",\"name\":\"Meditex\",\"url\":\"https:\\\/\\\/meditex.ee\\\/en\\\/\",\"logo\":{\"@type\":\"ImageObject\",\"inLanguage\":\"fi\",\"@id\":\"https:\\\/\\\/meditex.ee\\\/en\\\/#\\\/schema\\\/logo\\\/image\\\/\",\"url\":\"https:\\\/\\\/meditex.ee\\\/wp-content\\\/uploads\\\/2018\\\/03\\\/mdtx_logo.png\",\"contentUrl\":\"https:\\\/\\\/meditex.ee\\\/wp-content\\\/uploads\\\/2018\\\/03\\\/mdtx_logo.png\",\"width\":669,\"height\":235,\"caption\":\"Meditex\"},\"image\":{\"@id\":\"https:\\\/\\\/meditex.ee\\\/en\\\/#\\\/schema\\\/logo\\\/image\\\/\"},\"sameAs\":[\"https:\\\/\\\/www.facebook.com\\\/meditexepood\\\/\"]}]}<\/script>\n<!-- \/ Yoast SEO plugin. -->","yoast_head_json":{"title":"Corsinel Maximum naisten stoma- ja nielurisojen alusvaatteet - meditex.ee","description":"Corsinel Maximum Maximum Support Women's Stoma and Labia Underwear -alusvaatteet sopivat erinomaisesti k\u00e4ytett\u00e4v\u00e4ksi kolostomian, ileostomian, urostomian tai h\u00e4pyhuulten kanssa.","robots":{"index":"index","follow":"follow","max-snippet":"max-snippet:-1","max-image-preview":"max-image-preview:large","max-video-preview":"max-video-preview:-1"},"canonical":"https:\/\/meditex.ee\/fi\/tuote\/corsinel-maximum-naisten-tuki-ja-pitkat-alusvaatteet\/","og_locale":"fi_FI","og_type":"article","og_title":"Corsinel Maximum naisten stoma- ja nielurisojen alusvaatteet - meditex.ee","og_description":"Corsinel Maximum Maximum Support Women's Stoma and Labia Underwear -alusvaatteet sopivat erinomaisesti k\u00e4ytett\u00e4v\u00e4ksi kolostomian, ileostomian, urostomian tai h\u00e4pyhuulten kanssa.","og_url":"https:\/\/meditex.ee\/fi\/tuote\/corsinel-maximum-naisten-tuki-ja-pitkat-alusvaatteet\/","og_site_name":"Meditex","article_publisher":"https:\/\/www.facebook.com\/meditexepood\/","article_modified_time":"2023-07-31T10:25:40+00:00","og_image":[{"width":1500,"height":1500,"url":"https:\/\/meditex.ee\/wp-content\/uploads\/2023\/04\/3839A-200_1_1_11zon.jpg","type":"image\/jpeg"}],"twitter_card":"summary_large_image","twitter_misc":{"Arvioitu lukuaika":"2 minuuttia"},"schema":{"@context":"https:\/\/schema.org","@graph":[{"@type":"WebPage","@id":"https:\/\/meditex.ee\/fi\/tuote\/corsinel-maximum-naisten-tuki-ja-pitkat-alusvaatteet\/","url":"https:\/\/meditex.ee\/fi\/tuote\/corsinel-maximum-naisten-tuki-ja-pitkat-alusvaatteet\/","name":"Corsinel Maximum naisten stoma- ja nielurisojen alusvaatteet - meditex.ee","isPartOf":{"@id":"https:\/\/meditex.ee\/en\/#website"},"primaryImageOfPage":{"@id":"https:\/\/meditex.ee\/fi\/tuote\/corsinel-maximum-naisten-tuki-ja-pitkat-alusvaatteet\/#primaryimage"},"image":{"@id":"https:\/\/meditex.ee\/fi\/tuote\/corsinel-maximum-naisten-tuki-ja-pitkat-alusvaatteet\/#primaryimage"},"thumbnailUrl":"https:\/\/meditex.ee\/wp-content\/uploads\/2023\/04\/3839A-200_1_1_11zon.jpg","datePublished":"2023-05-05T13:59:06+00:00","dateModified":"2023-07-31T10:25:40+00:00","description":"Corsinel Maximum Maximum Support Women's Stoma and Labia Underwear -alusvaatteet sopivat erinomaisesti k\u00e4ytett\u00e4v\u00e4ksi kolostomian, ileostomian, urostomian tai h\u00e4pyhuulten kanssa.","breadcrumb":{"@id":"https:\/\/meditex.ee\/fi\/tuote\/corsinel-maximum-naisten-tuki-ja-pitkat-alusvaatteet\/#breadcrumb"},"inLanguage":"fi","potentialAction":[{"@type":"ReadAction","target":["https:\/\/meditex.ee\/fi\/tuote\/corsinel-maximum-naisten-tuki-ja-pitkat-alusvaatteet\/"]}]},{"@type":"ImageObject","inLanguage":"fi","@id":"https:\/\/meditex.ee\/fi\/tuote\/corsinel-maximum-naisten-tuki-ja-pitkat-alusvaatteet\/#primaryimage","url":"https:\/\/meditex.ee\/wp-content\/uploads\/2023\/04\/3839A-200_1_1_11zon.jpg","contentUrl":"https:\/\/meditex.ee\/wp-content\/uploads\/2023\/04\/3839A-200_1_1_11zon.jpg","width":1500,"height":1500,"caption":"maksimaalinen tuki"},{"@type":"BreadcrumbList","@id":"https:\/\/meditex.ee\/fi\/tuote\/corsinel-maximum-naisten-tuki-ja-pitkat-alusvaatteet\/#breadcrumb","itemListElement":[{"@type":"ListItem","position":1,"name":"Home","item":"https:\/\/meditex.ee\/fi\/"},{"@type":"ListItem","position":2,"name":"Verkkokauppa","item":"https:\/\/meditex.ee\/fi\/verkkokauppa\/"},{"@type":"ListItem","position":3,"name":"Corsinel Maximum naisten stoma- ja nielurisojen korkeat alusvaatteet."}]},{"@type":"WebSite","@id":"https:\/\/meditex.ee\/en\/#website","url":"https:\/\/meditex.ee\/en\/","name":"Meditex","description":"","publisher":{"@id":"https:\/\/meditex.ee\/en\/#organization"},"potentialAction":[{"@type":"SearchAction","target":{"@type":"EntryPoint","urlTemplate":"https:\/\/meditex.ee\/en\/?s={search_term_string}"},"query-input":{"@type":"PropertyValueSpecification","valueRequired":true,"valueName":"search_term_string"}}],"inLanguage":"fi"},{"@type":"Organization","@id":"https:\/\/meditex.ee\/en\/#organization","name":"Meditex","url":"https:\/\/meditex.ee\/en\/","logo":{"@type":"ImageObject","inLanguage":"fi","@id":"https:\/\/meditex.ee\/en\/#\/schema\/logo\/image\/","url":"https:\/\/meditex.ee\/wp-content\/uploads\/2018\/03\/mdtx_logo.png","contentUrl":"https:\/\/meditex.ee\/wp-content\/uploads\/2018\/03\/mdtx_logo.png","width":669,"height":235,"caption":"Meditex"},"image":{"@id":"https:\/\/meditex.ee\/en\/#\/schema\/logo\/image\/"},"sameAs":["https:\/\/www.facebook.com\/meditexepood\/"]}]}},"_links":{"self":[{"href":"https:\/\/meditex.ee\/fi\/wp-json\/wp\/v2\/product\/16189","targetHints":{"allow":["GET"]}}],"collection":[{"href":"https:\/\/meditex.ee\/fi\/wp-json\/wp\/v2\/product"}],"about":[{"href":"https:\/\/meditex.ee\/fi\/wp-json\/wp\/v2\/types\/product"}],"wp:featuredmedia":[{"embeddable":true,"href":"https:\/\/meditex.ee\/fi\/wp-json\/wp\/v2\/media\/16070"}],"wp:attachment":[{"href":"https:\/\/meditex.ee\/fi\/wp-json\/wp\/v2\/media?parent=16189"}],"wp:term":[{"taxonomy":"product_brand","embeddable":true,"href":"https:\/\/meditex.ee\/fi\/wp-json\/wp\/v2\/product_brand?post=16189"},{"taxonomy":"product_cat","embeddable":true,"href":"https:\/\/meditex.ee\/fi\/wp-json\/wp\/v2\/product_cat?post=16189"},{"taxonomy":"product_tag","embeddable":true,"href":"https:\/\/meditex.ee\/fi\/wp-json\/wp\/v2\/product_tag?post=16189"}],"curies":[{"name":"wp","href":"https:\/\/api.w.org\/{rel}","templated":true}]}}