{"id":13541,"date":"2021-12-07T09:52:51","date_gmt":"2021-12-07T09:52:52","guid":{"rendered":"https:\/\/meditex.ee\/?post_type=product&#038;p=13541"},"modified":"2024-10-16T03:50:30","modified_gmt":"2024-10-16T03:50:30","slug":"inkontinenssishortsit-integroidulla-imukykyisella-tyynylla","status":"publish","type":"product","link":"https:\/\/meditex.ee\/fi\/tuote\/inkontinenssishortsit-integroidulla-imukykyisella-tyynylla\/","title":{"rendered":"Kevyet inkontinenssishortsit integroidulla imukykyisell\u00e4 tyynyll\u00e4"},"content":{"rendered":"<div class=\"row\"  id=\"row-2089685999\">\n\n\t<div id=\"col-861817887\" class=\"col medium-4 small-12 large-4\"  >\n\t\t\t\t<div class=\"col-inner text-left\"  >\n\t\t\t\n\t\t\t\n\t<div class=\"img has-hover x md-x lg-x y md-y lg-y\" id=\"image_163581130\">\n\t\t\t\t\t\t\t\t<div class=\"img-inner dark\" >\n\t\t\t<img decoding=\"async\" width=\"140\" height=\"36\" src=\"https:\/\/meditex.ee\/wp-content\/uploads\/2020\/10\/tilk1.png\" class=\"attachment-large size-large\" alt=\"\" \/>\t\t\t\t\t\t\n\t\t\t\t\t<\/div>\n\t\t\t\t\t\t\t\t\n<style>\n#image_163581130 {\n  width: 40%;\n}\n<\/style>\n\t<\/div>\n\t\n\t\t<\/div>\n\t\t\t\t\t<\/div>\n\n\t\n\n\t<div id=\"col-318968629\" class=\"col medium-4 small-12 large-4\"  >\n\t\t\t\t<div class=\"col-inner text-center\"  >\n\t\t\t\n\t\t\t\n\t<div class=\"img has-hover x md-x lg-x y md-y lg-y\" id=\"image_1738803025\">\n\t\t\t\t\t\t\t\t<div class=\"img-inner dark\" >\n\t\t\t<img fetchpriority=\"high\" decoding=\"async\" width=\"500\" height=\"500\" src=\"https:\/\/meditex.ee\/wp-content\/uploads\/2020\/10\/meeste.png\" class=\"attachment-large size-large\" alt=\"\" srcset=\"https:\/\/meditex.ee\/wp-content\/uploads\/2020\/10\/meeste.png 500w, https:\/\/meditex.ee\/wp-content\/uploads\/2020\/10\/meeste-100x100.png 100w, https:\/\/meditex.ee\/wp-content\/uploads\/2020\/10\/meeste-400x400.png 400w, https:\/\/meditex.ee\/wp-content\/uploads\/2020\/10\/meeste-280x280.png 280w, https:\/\/meditex.ee\/wp-content\/uploads\/2020\/10\/meeste-300x300.png 300w\" sizes=\"(max-width: 500px) 100vw, 500px\" \/>\t\t\t\t\t\t\n\t\t\t\t\t<\/div>\n\t\t\t\t\t\t\t\t\n<style>\n#image_1738803025 {\n  width: 25%;\n}\n<\/style>\n\t<\/div>\n\t\n\t\t<\/div>\n\t\t\t\t\t<\/div>\n\n\t\n\n\t<div id=\"col-1262669810\" class=\"col medium-4 small-12 large-4\"  >\n\t\t\t\t<div class=\"col-inner text-right\"  >\n\t\t\t\n\t\t\t\n\t<div class=\"img has-hover x md-x lg-x y md-y lg-y\" id=\"image_615001486\">\n\t\t\t\t\t\t\t\t<div class=\"img-inner dark\" >\n\t\t\t<img decoding=\"async\" width=\"451\" height=\"112\" src=\"https:\/\/meditex.ee\/wp-content\/uploads\/2020\/10\/suprimalogo.png\" class=\"attachment-large size-large\" alt=\"\" \/>\t\t\t\t\t\t\n\t\t\t\t\t<\/div>\n\t\t\t\t\t\t\t\t\n<style>\n#image_615001486 {\n  width: 60%;\n}\n<\/style>\n\t<\/div>\n\t\n\t\t<\/div>\n\t\t\t\t\t<\/div>\n\n\t\n<\/div>\n<h3><strong>Kevyet inkontinenssishortsit integroidulla imukykyisell\u00e4 tyynyll\u00e4<\/strong><\/h3>\n<p style=\"text-align: left;\"><span style=\"color: #000000;\">K\u00e4rsitk\u00f6 kevyest\u00e4 pid\u00e4tyskyvytt\u00f6myydest\u00e4, mutta haluaisit nauttia el\u00e4m\u00e4st\u00e4si aktiivisesti murehtimatta vaatteiden hajuista tai kosteudesta? Voit huoletta el\u00e4\u00e4 aktiivista el\u00e4m\u00e4\u00e4 kevyiden inkontinenssishortsien ansiosta. N\u00e4m\u00e4 shortsit sopivat erityisen hyvin miehille, joilla on usein eturauhasleikkauksen j\u00e4lkeist\u00e4 tiputtelua.<\/span><\/p>\n<p style=\"text-align: left;\"><span style=\"color: #000000;\">Integroituun imukykyiseen tyynyyn imeytyy jopa 150 ml nestett\u00e4, jotta se ei p\u00e4\u00e4se vaatteille alushousujen kosteussulun ansiosta. Inkontinenssishortseissa on my\u00f6s hygienia-alue, joka on antibakteerinen ja est\u00e4\u00e4 hajuja. Pehme\u00e4 puuvilla takaa erinomaisen k\u00e4ytt\u00f6mukavuuden.<\/span><\/p>\n<ul>\n<li><span style=\"color: #000000;\">Integroitu imukykyinen tyyny<\/span><\/li>\n<li><span style=\"color: #000000;\">Tyhji\u00f6n j\u00e4lkeiseen tiputteluun (esim. eturauhasleikkauksen j\u00e4lkeen)<\/span><\/li>\n<li><span style=\"color: #000000;\">Imukyky: 150 ml<\/span><\/li>\n<li><span style=\"color: #000000;\">Antibakteerinen ja est\u00e4\u00e4 hajuja<\/span><\/li>\n<\/ul>\n<p style=\"text-align: left;\"><span style=\"color: #000000;\"><strong>Materiaali: <\/strong>100 % puuvillaa imukykyisell\u00e4 vuorauksella, PU kosteussulkukerros<\/span><\/p>\n<div><\/div>\n\t<div class=\"img has-hover x md-x lg-x y md-y lg-y\" id=\"image_383950417\">\n\t\t\t\t\t\t\t\t<div class=\"img-inner dark\" >\n\t\t\t<img loading=\"lazy\" decoding=\"async\" width=\"1020\" height=\"320\" src=\"https:\/\/meditex.ee\/wp-content\/uploads\/2020\/10\/Suurused-fi.png\" class=\"attachment-large size-large\" alt=\"\" srcset=\"https:\/\/meditex.ee\/wp-content\/uploads\/2020\/10\/Suurused-fi.png 1388w, https:\/\/meditex.ee\/wp-content\/uploads\/2020\/10\/Suurused-fi-510x160.png 510w, https:\/\/meditex.ee\/wp-content\/uploads\/2020\/10\/Suurused-fi-800x251.png 800w, https:\/\/meditex.ee\/wp-content\/uploads\/2020\/10\/Suurused-fi-768x241.png 768w, https:\/\/meditex.ee\/wp-content\/uploads\/2020\/10\/Suurused-fi-600x188.png 600w\" sizes=\"(max-width: 1020px) 100vw, 1020px\" \/>\t\t\t\t\t\t\n\t\t\t\t\t<\/div>\n\t\t\t\t\t\t\t\t\n<style>\n#image_383950417 {\n  width: 100%;\n}\n<\/style>\n\t<\/div>\n\t\n<div class=\"is-divider divider clearfix\" style=\"max-width:1110px;background-color:rgb(255, 255, 255);\"><\/div>\n<p style=\"text-align: left;\"><strong><span style=\"color: #000000;\">PESUOHJE:<\/span><\/strong><\/p>\n\t<div class=\"img has-hover x md-x lg-x y md-y lg-y\" id=\"image_382174825\">\n\t\t\t\t\t\t\t\t<div class=\"img-inner dark\" >\n\t\t\t<img loading=\"lazy\" decoding=\"async\" width=\"1020\" height=\"723\" src=\"https:\/\/meditex.ee\/wp-content\/uploads\/2021\/12\/Pesuohje-1-1128x800.png\" class=\"attachment-large size-large\" alt=\"\" srcset=\"https:\/\/meditex.ee\/wp-content\/uploads\/2021\/12\/Pesuohje-1-1128x800.png 1128w, https:\/\/meditex.ee\/wp-content\/uploads\/2021\/12\/Pesuohje-1-510x362.png 510w, https:\/\/meditex.ee\/wp-content\/uploads\/2021\/12\/Pesuohje-1-564x400.png 564w, https:\/\/meditex.ee\/wp-content\/uploads\/2021\/12\/Pesuohje-1-768x545.png 768w, https:\/\/meditex.ee\/wp-content\/uploads\/2021\/12\/Pesuohje-1-1536x1090.png 1536w, https:\/\/meditex.ee\/wp-content\/uploads\/2021\/12\/Pesuohje-1-600x426.png 600w, https:\/\/meditex.ee\/wp-content\/uploads\/2021\/12\/Pesuohje-1.png 1748w\" sizes=\"(max-width: 1020px) 100vw, 1020px\" \/>\t\t\t\t\t\t\n\t\t\t\t\t<\/div>\n\t\t\t\t\t\t\t\t\n<style>\n#image_382174825 {\n  width: 35%;\n}\n<\/style>\n\t<\/div>\n\t\n<p style=\"text-align: left;\"><span style=\"color: #000000;\">Tiedot valmistajan verkkosivustolla:<\/span> <a href=\"https:\/\/bit.ly\/3e1Q9q5\">https:\/\/bit.ly\/3e1Q9q5<\/a><\/p>\n<p>Lue SUPRIMAsta <a href=\"https:\/\/meditex.ee\/fi\/suprima\/\">t\u00e4\u00e4lt\u00e4<\/a><\/p>\n<div class=\"row\"  id=\"row-1963923224\">\n\n\t<div id=\"col-1472516114\" class=\"col small-12 large-12\"  >\n\t\t\t\t<div class=\"col-inner\"  >\n\t\t\t\n\t\t\t\n<div class=\"is-divider divider clearfix\" style=\"max-width:1100px;height:1px;\"><\/div>\n<div class=\"row\"  id=\"row-560369021\">\n\n\t<div id=\"col-544910059\" class=\"col medium-8 small-12 large-8\"  >\n\t\t\t\t<div class=\"col-inner\"  >\n\t\t\t\n\t\t\t\n<h4 style=\"text-align: left;\"><strong>Miksi k\u00e4ytt\u00e4\u00e4 inkontinenssipesua kertak\u00e4ytt\u00f6isten vaippojen sijaan.<\/strong><\/h4>\n<p style=\"text-align: left;\"><span style=\"font-weight: 400;\">Kertak\u00e4ytt\u00f6iset housut ovat eritt\u00e4in suosittuja. Mutta joka kerta, kun joudut vaihtamaan kertak\u00e4ytt\u00f6isi\u00e4 housuja, sinun on riisuttava kenki\u00e4si, mik\u00e4 voi olla sek\u00e4 ep\u00e4hygieenist\u00e4 ett\u00e4 ep\u00e4mukavaa.<\/span><\/p>\n\t\t<\/div>\n\t\t\t\t\t<\/div>\n\n\t\n\n\t<div id=\"col-369963472\" class=\"col medium-4 small-12 large-4\"  >\n\t\t\t\t<div class=\"col-inner text-center\"  >\n\t\t\t\n\t\t\t\n\t<div class=\"img has-hover x md-x lg-x y md-y lg-y\" id=\"image_216145095\">\n\t\t\t\t\t\t\t\t<div class=\"img-inner dark\" >\n\t\t\t<img loading=\"lazy\" decoding=\"async\" width=\"500\" height=\"500\" src=\"https:\/\/meditex.ee\/wp-content\/uploads\/2021\/02\/disposable-pants.png\" class=\"attachment-large size-large\" alt=\"\" srcset=\"https:\/\/meditex.ee\/wp-content\/uploads\/2021\/02\/disposable-pants.png 500w, https:\/\/meditex.ee\/wp-content\/uploads\/2021\/02\/disposable-pants-100x100.png 100w, https:\/\/meditex.ee\/wp-content\/uploads\/2021\/02\/disposable-pants-400x400.png 400w, https:\/\/meditex.ee\/wp-content\/uploads\/2021\/02\/disposable-pants-280x280.png 280w, https:\/\/meditex.ee\/wp-content\/uploads\/2021\/02\/disposable-pants-300x300.png 300w\" sizes=\"(max-width: 500px) 100vw, 500px\" \/>\t\t\t\t\t\t\n\t\t\t\t\t<\/div>\n\t\t\t\t\t\t\t\t\n<style>\n#image_216145095 {\n  width: 41%;\n}\n<\/style>\n\t<\/div>\n\t\n\t\t<\/div>\n\t\t\t\t\t<\/div>\n\n\t\n<\/div>\n<div class=\"row\"  id=\"row-896529470\">\n\n\t<div id=\"col-2086869992\" class=\"col medium-4 small-12 large-4\"  >\n\t\t\t\t<div class=\"col-inner text-center\"  >\n\t\t\t\n\t\t\t\n\t<div class=\"img has-hover x md-x lg-x y md-y lg-y\" id=\"image_2100901482\">\n\t\t\t\t\t\t\t\t<div class=\"img-inner dark\" >\n\t\t\t<img loading=\"lazy\" decoding=\"async\" width=\"800\" height=\"400\" src=\"https:\/\/meditex.ee\/wp-content\/uploads\/2021\/02\/suprima-lahendus.png\" class=\"attachment-large size-large\" alt=\"\" srcset=\"https:\/\/meditex.ee\/wp-content\/uploads\/2021\/02\/suprima-lahendus.png 800w, https:\/\/meditex.ee\/wp-content\/uploads\/2021\/02\/suprima-lahendus-510x255.png 510w, https:\/\/meditex.ee\/wp-content\/uploads\/2021\/02\/suprima-lahendus-768x384.png 768w, https:\/\/meditex.ee\/wp-content\/uploads\/2021\/02\/suprima-lahendus-600x300.png 600w\" sizes=\"(max-width: 800px) 100vw, 800px\" \/>\t\t\t\t\t\t\n\t\t\t\t\t<\/div>\n\t\t\t\t\t\t\t\t\n<style>\n#image_2100901482 {\n  width: 81%;\n}\n<\/style>\n\t<\/div>\n\t\n\t\t<\/div>\n\t\t\t\t\t<\/div>\n\n\t\n\n\t<div id=\"col-1208887503\" class=\"col medium-8 small-12 large-8\"  >\n\t\t\t\t<div class=\"col-inner\"  >\n\t\t\t\n\t\t\t\n<p style=\"text-align: left;\"><span style=\"font-weight: 400;\">Ratkaisu &#8211; kun k\u00e4yt\u00e4t suprima-alusvaatteita kertak\u00e4ytt\u00f6isill\u00e4 siteill\u00e4, vaihdat vain siteet.<\/span><\/p>\n<p style=\"text-align: left;\"><span style=\"font-weight: 400;\">Sidokset ovat halvempia kuin kertak\u00e4ytt\u00f6iset housut. Sidokset tuottavat my\u00f6s v\u00e4hemm\u00e4n j\u00e4tett\u00e4 kuin kertak\u00e4ytt\u00f6iset housut, ja voidaan sanoa, ett\u00e4 alusvaatteet + side ovat ymp\u00e4rist\u00f6yst\u00e4v\u00e4llisempi\u00e4.<\/span><\/p>\n\t\t<\/div>\n\t\t\t\t\t<\/div>\n\n\t\n<\/div>\n<div class=\"row\"  id=\"row-1625777676\">\n\n\t<div id=\"col-80452611\" class=\"col small-12 large-12\"  >\n\t\t\t\t<div class=\"col-inner\"  >\n\t\t\t\n\t\t\t\n<p style=\"text-align: left;\"><b>Kustannustehokas.<\/b><span style=\"font-weight: 400;\"> Pest\u00e4v\u00e4t housut kest\u00e4v\u00e4t pitk\u00e4\u00e4n, koska ne voidaan pest\u00e4 uudelleen useita kertoja. T\u00e4m\u00e4 tekee niist\u00e4 kustannustehokkaan ja kest\u00e4v\u00e4n ratkaisun. Alkuper\u00e4inen ostohinta saattaa tuntua kalliilta, mutta pitk\u00e4ll\u00e4 aikav\u00e4lill\u00e4 pest\u00e4v\u00e4t alushousut ovat halvempia k\u00e4ytt\u00e4\u00e4 kuin kertaluonteinen suoja.<\/span><\/p>\n<p style=\"text-align: left;\"><b>Hienotunteinen.<\/b><span style=\"font-weight: 400;\"> Pest\u00e4v\u00e4t inkontinenssihousut ovat ohuempia, mik\u00e4 tarkoittaa, ett\u00e4 ne ovat usein huomaamattomampia ja huomaamattomampia. Pest\u00e4vill\u00e4 housuilla ei ole massiivista vaipan ulkon\u00e4k\u00f6\u00e4, ja ne on suunniteltu n\u00e4ytt\u00e4m\u00e4\u00e4n tavallisilta housuilta.<\/span><\/p>\n<p style=\"text-align: left;\"><b>Ulkomuoto.<\/b><span style=\"font-weight: 400;\"> Pest\u00e4vi\u00e4 alusvaatteita on saatavana eri tyylein\u00e4. Sek\u00e4 miehet ett\u00e4 naiset l\u00f6yt\u00e4v\u00e4t sopivan ulkon\u00e4\u00f6n omaavan mallin. Tarjolla on sek\u00e4 nyrkkeilij\u00f6it\u00e4 ett\u00e4 tavallisia alushousuja.<\/span><\/p>\n\t\t<\/div>\n\t\t\t\t\t<\/div>\n\n\t\n<\/div>\n\t\t<\/div>\n\t\t\t\t\t<\/div>\n\n\t\n<\/div>\n","protected":false},"excerpt":{"rendered":"<p style=\"text-align: left;\"><span style=\"font-size: 75%;\">Kevyet inkontinenssishortsit integroidulla imukykyisell\u00e4 tyynyll\u00e4.<\/span><\/p>\n<p><img loading=\"lazy\" decoding=\"async\" class=\"alignnone wp-image-10973 size-full\" src=\"https:\/\/meditex.ee\/wp-content\/uploads\/2020\/10\/tilk1.png\" alt=\"\" width=\"140\" height=\"36\" \/><\/p>\n","protected":false},"featured_media":13589,"template":"","meta":[],"product_brand":[],"product_cat":[342],"product_tag":[330,338],"class_list":{"0":"post-13541","1":"product","2":"type-product","3":"status-publish","4":"has-post-thumbnail","6":"product_cat-inkontinenssi-alusvaatteet-fi","7":"product_tag-miesten","8":"product_tag-suprima-fi-fi","10":"first","11":"instock","12":"taxable","13":"shipping-taxable","14":"purchasable","15":"product-type-variable"},"yoast_head":"<!-- This site is optimized with the Yoast SEO plugin v27.4 - https:\/\/yoast.com\/product\/yoast-seo-wordpress\/ -->\n<title>Kevyet inkontinenssishortsit integroidulla imukykyisell\u00e4 tyynyll\u00e4<\/title>\n<meta name=\"description\" content=\"N\u00e4m\u00e4 shortsit sopivat erityisen hyvin miehille, joilla on usein eturauhasleikkauksen j\u00e4lkeist\u00e4 tiputtelua.\" \/>\n<meta name=\"robots\" content=\"index, follow, max-snippet:-1, max-image-preview:large, max-video-preview:-1\" \/>\n<link rel=\"canonical\" href=\"https:\/\/meditex.ee\/fi\/tuote\/inkontinenssishortsit-integroidulla-imukykyisella-tyynylla\/\" \/>\n<meta property=\"og:locale\" content=\"fi_FI\" \/>\n<meta property=\"og:type\" content=\"article\" \/>\n<meta property=\"og:title\" content=\"Kevyet inkontinenssishortsit integroidulla imukykyisell\u00e4 tyynyll\u00e4\" \/>\n<meta property=\"og:description\" content=\"N\u00e4m\u00e4 shortsit sopivat erityisen hyvin miehille, joilla on usein eturauhasleikkauksen j\u00e4lkeist\u00e4 tiputtelua.\" \/>\n<meta property=\"og:url\" content=\"https:\/\/meditex.ee\/fi\/tuote\/inkontinenssishortsit-integroidulla-imukykyisella-tyynylla\/\" \/>\n<meta property=\"og:site_name\" content=\"Meditex\" \/>\n<meta property=\"article:publisher\" content=\"https:\/\/www.facebook.com\/meditexepood\/\" \/>\n<meta property=\"article:modified_time\" content=\"2024-10-16T03:50:30+00:00\" \/>\n<meta property=\"og:image\" content=\"https:\/\/meditex.ee\/wp-content\/uploads\/2021\/12\/suprima_1254-009_D-2.jpg\" \/>\n\t<meta property=\"og:image:width\" content=\"1007\" \/>\n\t<meta property=\"og:image:height\" content=\"1007\" \/>\n\t<meta property=\"og:image:type\" content=\"image\/jpeg\" \/>\n<meta name=\"twitter:card\" content=\"summary_large_image\" \/>\n<meta name=\"twitter:label1\" content=\"Arvioitu lukuaika\" \/>\n\t<meta name=\"twitter:data1\" content=\"2 minuuttia\" \/>\n<script type=\"application\/ld+json\" class=\"yoast-schema-graph\">{\"@context\":\"https:\\\/\\\/schema.org\",\"@graph\":[{\"@type\":\"WebPage\",\"@id\":\"https:\\\/\\\/meditex.ee\\\/fi\\\/tuote\\\/inkontinenssishortsit-integroidulla-imukykyisella-tyynylla\\\/\",\"url\":\"https:\\\/\\\/meditex.ee\\\/fi\\\/tuote\\\/inkontinenssishortsit-integroidulla-imukykyisella-tyynylla\\\/\",\"name\":\"Kevyet inkontinenssishortsit integroidulla imukykyisell\u00e4 tyynyll\u00e4\",\"isPartOf\":{\"@id\":\"https:\\\/\\\/meditex.ee\\\/en\\\/#website\"},\"primaryImageOfPage\":{\"@id\":\"https:\\\/\\\/meditex.ee\\\/fi\\\/tuote\\\/inkontinenssishortsit-integroidulla-imukykyisella-tyynylla\\\/#primaryimage\"},\"image\":{\"@id\":\"https:\\\/\\\/meditex.ee\\\/fi\\\/tuote\\\/inkontinenssishortsit-integroidulla-imukykyisella-tyynylla\\\/#primaryimage\"},\"thumbnailUrl\":\"https:\\\/\\\/meditex.ee\\\/wp-content\\\/uploads\\\/2021\\\/12\\\/suprima_1254-009_D-2.jpg\",\"datePublished\":\"2021-12-07T09:52:52+00:00\",\"dateModified\":\"2024-10-16T03:50:30+00:00\",\"description\":\"N\u00e4m\u00e4 shortsit sopivat erityisen hyvin miehille, joilla on usein eturauhasleikkauksen j\u00e4lkeist\u00e4 tiputtelua.\",\"breadcrumb\":{\"@id\":\"https:\\\/\\\/meditex.ee\\\/fi\\\/tuote\\\/inkontinenssishortsit-integroidulla-imukykyisella-tyynylla\\\/#breadcrumb\"},\"inLanguage\":\"fi\",\"potentialAction\":[{\"@type\":\"ReadAction\",\"target\":[\"https:\\\/\\\/meditex.ee\\\/fi\\\/tuote\\\/inkontinenssishortsit-integroidulla-imukykyisella-tyynylla\\\/\"]}]},{\"@type\":\"ImageObject\",\"inLanguage\":\"fi\",\"@id\":\"https:\\\/\\\/meditex.ee\\\/fi\\\/tuote\\\/inkontinenssishortsit-integroidulla-imukykyisella-tyynylla\\\/#primaryimage\",\"url\":\"https:\\\/\\\/meditex.ee\\\/wp-content\\\/uploads\\\/2021\\\/12\\\/suprima_1254-009_D-2.jpg\",\"contentUrl\":\"https:\\\/\\\/meditex.ee\\\/wp-content\\\/uploads\\\/2021\\\/12\\\/suprima_1254-009_D-2.jpg\",\"width\":1007,\"height\":1007},{\"@type\":\"BreadcrumbList\",\"@id\":\"https:\\\/\\\/meditex.ee\\\/fi\\\/tuote\\\/inkontinenssishortsit-integroidulla-imukykyisella-tyynylla\\\/#breadcrumb\",\"itemListElement\":[{\"@type\":\"ListItem\",\"position\":1,\"name\":\"Home\",\"item\":\"https:\\\/\\\/meditex.ee\\\/fi\\\/\"},{\"@type\":\"ListItem\",\"position\":2,\"name\":\"Verkkokauppa\",\"item\":\"https:\\\/\\\/meditex.ee\\\/fi\\\/verkkokauppa\\\/\"},{\"@type\":\"ListItem\",\"position\":3,\"name\":\"Kevyet inkontinenssishortsit integroidulla imukykyisell\u00e4 tyynyll\u00e4\"}]},{\"@type\":\"WebSite\",\"@id\":\"https:\\\/\\\/meditex.ee\\\/en\\\/#website\",\"url\":\"https:\\\/\\\/meditex.ee\\\/en\\\/\",\"name\":\"Meditex\",\"description\":\"\",\"publisher\":{\"@id\":\"https:\\\/\\\/meditex.ee\\\/en\\\/#organization\"},\"potentialAction\":[{\"@type\":\"SearchAction\",\"target\":{\"@type\":\"EntryPoint\",\"urlTemplate\":\"https:\\\/\\\/meditex.ee\\\/en\\\/?s={search_term_string}\"},\"query-input\":{\"@type\":\"PropertyValueSpecification\",\"valueRequired\":true,\"valueName\":\"search_term_string\"}}],\"inLanguage\":\"fi\"},{\"@type\":\"Organization\",\"@id\":\"https:\\\/\\\/meditex.ee\\\/en\\\/#organization\",\"name\":\"Meditex\",\"url\":\"https:\\\/\\\/meditex.ee\\\/en\\\/\",\"logo\":{\"@type\":\"ImageObject\",\"inLanguage\":\"fi\",\"@id\":\"https:\\\/\\\/meditex.ee\\\/en\\\/#\\\/schema\\\/logo\\\/image\\\/\",\"url\":\"https:\\\/\\\/meditex.ee\\\/wp-content\\\/uploads\\\/2018\\\/03\\\/mdtx_logo.png\",\"contentUrl\":\"https:\\\/\\\/meditex.ee\\\/wp-content\\\/uploads\\\/2018\\\/03\\\/mdtx_logo.png\",\"width\":669,\"height\":235,\"caption\":\"Meditex\"},\"image\":{\"@id\":\"https:\\\/\\\/meditex.ee\\\/en\\\/#\\\/schema\\\/logo\\\/image\\\/\"},\"sameAs\":[\"https:\\\/\\\/www.facebook.com\\\/meditexepood\\\/\"]}]}<\/script>\n<!-- \/ Yoast SEO plugin. -->","yoast_head_json":{"title":"Kevyet inkontinenssishortsit integroidulla imukykyisell\u00e4 tyynyll\u00e4","description":"N\u00e4m\u00e4 shortsit sopivat erityisen hyvin miehille, joilla on usein eturauhasleikkauksen j\u00e4lkeist\u00e4 tiputtelua.","robots":{"index":"index","follow":"follow","max-snippet":"max-snippet:-1","max-image-preview":"max-image-preview:large","max-video-preview":"max-video-preview:-1"},"canonical":"https:\/\/meditex.ee\/fi\/tuote\/inkontinenssishortsit-integroidulla-imukykyisella-tyynylla\/","og_locale":"fi_FI","og_type":"article","og_title":"Kevyet inkontinenssishortsit integroidulla imukykyisell\u00e4 tyynyll\u00e4","og_description":"N\u00e4m\u00e4 shortsit sopivat erityisen hyvin miehille, joilla on usein eturauhasleikkauksen j\u00e4lkeist\u00e4 tiputtelua.","og_url":"https:\/\/meditex.ee\/fi\/tuote\/inkontinenssishortsit-integroidulla-imukykyisella-tyynylla\/","og_site_name":"Meditex","article_publisher":"https:\/\/www.facebook.com\/meditexepood\/","article_modified_time":"2024-10-16T03:50:30+00:00","og_image":[{"width":1007,"height":1007,"url":"https:\/\/meditex.ee\/wp-content\/uploads\/2021\/12\/suprima_1254-009_D-2.jpg","type":"image\/jpeg"}],"twitter_card":"summary_large_image","twitter_misc":{"Arvioitu lukuaika":"2 minuuttia"},"schema":{"@context":"https:\/\/schema.org","@graph":[{"@type":"WebPage","@id":"https:\/\/meditex.ee\/fi\/tuote\/inkontinenssishortsit-integroidulla-imukykyisella-tyynylla\/","url":"https:\/\/meditex.ee\/fi\/tuote\/inkontinenssishortsit-integroidulla-imukykyisella-tyynylla\/","name":"Kevyet inkontinenssishortsit integroidulla imukykyisell\u00e4 tyynyll\u00e4","isPartOf":{"@id":"https:\/\/meditex.ee\/en\/#website"},"primaryImageOfPage":{"@id":"https:\/\/meditex.ee\/fi\/tuote\/inkontinenssishortsit-integroidulla-imukykyisella-tyynylla\/#primaryimage"},"image":{"@id":"https:\/\/meditex.ee\/fi\/tuote\/inkontinenssishortsit-integroidulla-imukykyisella-tyynylla\/#primaryimage"},"thumbnailUrl":"https:\/\/meditex.ee\/wp-content\/uploads\/2021\/12\/suprima_1254-009_D-2.jpg","datePublished":"2021-12-07T09:52:52+00:00","dateModified":"2024-10-16T03:50:30+00:00","description":"N\u00e4m\u00e4 shortsit sopivat erityisen hyvin miehille, joilla on usein eturauhasleikkauksen j\u00e4lkeist\u00e4 tiputtelua.","breadcrumb":{"@id":"https:\/\/meditex.ee\/fi\/tuote\/inkontinenssishortsit-integroidulla-imukykyisella-tyynylla\/#breadcrumb"},"inLanguage":"fi","potentialAction":[{"@type":"ReadAction","target":["https:\/\/meditex.ee\/fi\/tuote\/inkontinenssishortsit-integroidulla-imukykyisella-tyynylla\/"]}]},{"@type":"ImageObject","inLanguage":"fi","@id":"https:\/\/meditex.ee\/fi\/tuote\/inkontinenssishortsit-integroidulla-imukykyisella-tyynylla\/#primaryimage","url":"https:\/\/meditex.ee\/wp-content\/uploads\/2021\/12\/suprima_1254-009_D-2.jpg","contentUrl":"https:\/\/meditex.ee\/wp-content\/uploads\/2021\/12\/suprima_1254-009_D-2.jpg","width":1007,"height":1007},{"@type":"BreadcrumbList","@id":"https:\/\/meditex.ee\/fi\/tuote\/inkontinenssishortsit-integroidulla-imukykyisella-tyynylla\/#breadcrumb","itemListElement":[{"@type":"ListItem","position":1,"name":"Home","item":"https:\/\/meditex.ee\/fi\/"},{"@type":"ListItem","position":2,"name":"Verkkokauppa","item":"https:\/\/meditex.ee\/fi\/verkkokauppa\/"},{"@type":"ListItem","position":3,"name":"Kevyet inkontinenssishortsit integroidulla imukykyisell\u00e4 tyynyll\u00e4"}]},{"@type":"WebSite","@id":"https:\/\/meditex.ee\/en\/#website","url":"https:\/\/meditex.ee\/en\/","name":"Meditex","description":"","publisher":{"@id":"https:\/\/meditex.ee\/en\/#organization"},"potentialAction":[{"@type":"SearchAction","target":{"@type":"EntryPoint","urlTemplate":"https:\/\/meditex.ee\/en\/?s={search_term_string}"},"query-input":{"@type":"PropertyValueSpecification","valueRequired":true,"valueName":"search_term_string"}}],"inLanguage":"fi"},{"@type":"Organization","@id":"https:\/\/meditex.ee\/en\/#organization","name":"Meditex","url":"https:\/\/meditex.ee\/en\/","logo":{"@type":"ImageObject","inLanguage":"fi","@id":"https:\/\/meditex.ee\/en\/#\/schema\/logo\/image\/","url":"https:\/\/meditex.ee\/wp-content\/uploads\/2018\/03\/mdtx_logo.png","contentUrl":"https:\/\/meditex.ee\/wp-content\/uploads\/2018\/03\/mdtx_logo.png","width":669,"height":235,"caption":"Meditex"},"image":{"@id":"https:\/\/meditex.ee\/en\/#\/schema\/logo\/image\/"},"sameAs":["https:\/\/www.facebook.com\/meditexepood\/"]}]}},"_links":{"self":[{"href":"https:\/\/meditex.ee\/fi\/wp-json\/wp\/v2\/product\/13541","targetHints":{"allow":["GET"]}}],"collection":[{"href":"https:\/\/meditex.ee\/fi\/wp-json\/wp\/v2\/product"}],"about":[{"href":"https:\/\/meditex.ee\/fi\/wp-json\/wp\/v2\/types\/product"}],"wp:featuredmedia":[{"embeddable":true,"href":"https:\/\/meditex.ee\/fi\/wp-json\/wp\/v2\/media\/13589"}],"wp:attachment":[{"href":"https:\/\/meditex.ee\/fi\/wp-json\/wp\/v2\/media?parent=13541"}],"wp:term":[{"taxonomy":"product_brand","embeddable":true,"href":"https:\/\/meditex.ee\/fi\/wp-json\/wp\/v2\/product_brand?post=13541"},{"taxonomy":"product_cat","embeddable":true,"href":"https:\/\/meditex.ee\/fi\/wp-json\/wp\/v2\/product_cat?post=13541"},{"taxonomy":"product_tag","embeddable":true,"href":"https:\/\/meditex.ee\/fi\/wp-json\/wp\/v2\/product_tag?post=13541"}],"curies":[{"name":"wp","href":"https:\/\/api.w.org\/{rel}","templated":true}]}}