{"id":13292,"date":"2021-08-02T13:07:43","date_gmt":"2021-08-23T09:18:36","guid":{"rendered":"https:\/\/meditex.ee\/?post_type=product&#038;p=13292"},"modified":"2026-04-11T11:04:10","modified_gmt":"2026-04-11T11:04:10","slug":"carepocket-jalkapussiteline","status":"publish","type":"product","link":"https:\/\/meditex.ee\/fi\/tuote\/carepocket-jalkapussiteline\/","title":{"rendered":"CarePocket\u2122 jalkapussi"},"content":{"rendered":"<div class=\"row align-bottom\"  id=\"row-536683988\">\n\n\t<div id=\"col-550860187\" class=\"col medium-4 small-12 large-4\"  >\n\t\t\t\t<div class=\"col-inner\"  >\n\t\t\t\n\t\t\t\n\t\t<\/div>\n\t\t\t\t\t<\/div>\n\n\t\n\n\t<div id=\"col-2052393287\" class=\"col medium-4 small-12 large-4\"  >\n\t\t\t\t<div class=\"col-inner\"  >\n\t\t\t\n\t\t\t\n\t\t<\/div>\n\t\t\t\t\t<\/div>\n\n\t\n\n\t<div id=\"col-1365308302\" class=\"col medium-4 small-12 large-4\"  >\n\t\t\t\t<div class=\"col-inner text-right\"  >\n\t\t\t\n\t\t\t\n\t<div class=\"img has-hover x md-x lg-x y md-y lg-y\" id=\"image_672443287\">\n\t\t\t\t\t\t\t\t<div class=\"img-inner dark\" >\n\t\t\t<img fetchpriority=\"high\" decoding=\"async\" width=\"1020\" height=\"315\" src=\"https:\/\/meditex.ee\/wp-content\/uploads\/2018\/03\/CAREFIX_PAYOFF_4F-1400x433.png\" class=\"attachment-large size-large\" alt=\"\" srcset=\"https:\/\/meditex.ee\/wp-content\/uploads\/2018\/03\/CAREFIX_PAYOFF_4F-1400x433.png 1400w, https:\/\/meditex.ee\/wp-content\/uploads\/2018\/03\/CAREFIX_PAYOFF_4F-510x158.png 510w, https:\/\/meditex.ee\/wp-content\/uploads\/2018\/03\/CAREFIX_PAYOFF_4F-800x248.png 800w, https:\/\/meditex.ee\/wp-content\/uploads\/2018\/03\/CAREFIX_PAYOFF_4F-768x238.png 768w, https:\/\/meditex.ee\/wp-content\/uploads\/2018\/03\/CAREFIX_PAYOFF_4F-600x186.png 600w, https:\/\/meditex.ee\/wp-content\/uploads\/2018\/03\/CAREFIX_PAYOFF_4F.png 2038w\" sizes=\"(max-width: 1020px) 100vw, 1020px\" \/>\t\t\t\t\t\t\n\t\t\t\t\t<\/div>\n\t\t\t\t\t\t\t\t\n<style>\n#image_672443287 {\n  width: 50%;\n}\n<\/style>\n\t<\/div>\n\t\n\t\t<\/div>\n\t\t\t\t\t<\/div>\n\n\t\n<\/div>\n<p style=\"text-align: left;\"><span style=\"font-weight: 400; color: #000000;\">Carefix CarePocket\u2122 virtsapussipidike jalkaan on helppo ja k\u00e4tev\u00e4 tapa kiinnitt\u00e4\u00e4 virtsapussi.<\/span><\/p>\n<p><span style=\"color: #000000;\">Virtsapussin kanssa el\u00e4minen voi vaikuttaa merkitt\u00e4v\u00e4sti k\u00e4ytt\u00e4j\u00e4n itseluottamukseen ja liikkuvuuteen. Siksi on eritt\u00e4in t\u00e4rke\u00e4\u00e4, ett\u00e4 pussi on kiinnitetty luotettavasti ja huomaamattomasti. T\u00e4h\u00e4n tarkoitukseen olemme kehitt\u00e4neet pussinpidikkeen virtsan s\u00e4\u00e4ripussille \u2013 CarePocket\u00ae.<\/span><span style=\"color: #000000;\">Kehitt\u00e4m\u00e4mme s\u00e4\u00e4ripussin pidikkeen edut:<\/span><\/p>\n<ul>\n<li><span style=\"color: #000000;\">Hyv\u00e4 vaihtoehto jalkahihnoille, koska se kannattelee s\u00e4\u00e4ripussin painoa est\u00e4en katetriin kohdistuvan vedon ja tarjoaa n\u00e4in mahdollisimman paljon turvaa ja mukavuutta.<\/span><\/li>\n<li><span style=\"color: #000000;\">S\u00e4\u00e4ripussin pidikkeen ainutlaatuinen ja joustava rakenne mahdollistaa sen k\u00e4ytt\u00e4misen sek\u00e4 jalan yl\u00e4- ett\u00e4 alaosassa. Se pit\u00e4\u00e4 ilman jalkahihnoja paikallaan virtsan s\u00e4\u00e4ripussit jopa 750 ml saakka.<\/span><\/li>\n<li><span style=\"color: #000000;\">Valmistettu mukavasta ja ihoyst\u00e4v\u00e4llisest\u00e4 materiaalista, joka antaa ihon hengitt\u00e4\u00e4 ja v\u00e4hent\u00e4\u00e4 hikoilua.<\/span><\/li>\n<li><span style=\"color: #000000;\">S\u00e4\u00e4ripussin pidike on lateksiton ja saatavana useammassa eri koossa: S \u2013 M \u2013 L \u2013 XL.<\/span><\/li>\n<li><span style=\"color: #000000;\">Voidaan pest\u00e4 60\u00b0C:ssa.<\/span><\/li>\n<\/ul>\n<p style=\"text-align: left;\" data-fontsize=\"16\" data-lineheight=\"19\"><span style=\"color: #000000;\"><strong>KUVAUS: <\/strong>Carefix CarePocket\u2122 on suunniteltu kiinnitt\u00e4m\u00e4\u00e4n virtsan s\u00e4\u00e4ripussi huomaamattomasti. Koko tuote kannattelee s\u00e4\u00e4ripussin painoa.<\/span><\/p>\n<p><span style=\"color: #000000;\">N\u00e4in ollen pussin paikallaan pit\u00e4miseen tarvittava voima jakautuu tasaisesti jalan ymp\u00e4rille sen sijaan, ett\u00e4 se keskittyisi kahden kapean renkaan alueelle pussin yl\u00e4- ja alaosassa. T\u00e4m\u00e4 muotoilu paitsi v\u00e4hent\u00e4\u00e4 lihasten supistumisvammojen ja painehaavojen riski\u00e4, my\u00f6s est\u00e4\u00e4 pussia liikkumasta ja auttaa vaimentamaan ei-toivottuja \u00e4\u00e4ni\u00e4 ollen huomaamaton my\u00f6s siin\u00e4 suhteessa.<\/span><\/p>\n<ul>\n<li><span style=\"color: #000000;\">Helppok\u00e4ytt\u00f6inen<\/span><\/li>\n<li><span style=\"color: #000000;\">S\u00e4\u00e4ripussin turvallinen kiinnitys optimaalisen tuen saamiseksi<\/span><\/li>\n<li><span style=\"color: #000000;\">Paine jakautuu tasaisesti jalan ymp\u00e4rille<\/span><\/li>\n<li><span style=\"color: #000000;\">Auttaa v\u00e4hent\u00e4m\u00e4\u00e4n ep\u00e4miellytt\u00e4vi\u00e4 \u00e4\u00e4ni\u00e4<\/span><\/li>\n<li><span style=\"color: #000000;\">V\u00e4hent\u00e4\u00e4 painehaavojen riski\u00e4<\/span><\/li>\n<li><span style=\"color: #000000;\">Tarjoaa ylim\u00e4\u00e4r\u00e4ist\u00e4 turvaa fyysisen toiminnan aikana<\/span><\/li>\n<li><span style=\"color: #000000;\">Eritt\u00e4in pehme\u00e4, joustava ja hengitt\u00e4v\u00e4 materiaali, jota on mukava k\u00e4ytt\u00e4\u00e4<\/span><\/li>\n<li><span style=\"color: #000000;\">Sopii yht\u00e4 hyvin sek\u00e4 vasempaan ett\u00e4 oikeaan jalkaan<\/span><\/li>\n<li><span style=\"color: #000000;\">Sis\u00e4taskussa on aukko s\u00e4\u00e4ripussille sek\u00e4 suljettava pohja-aukko<\/span><\/li>\n<li><span style=\"color: #000000;\">Tilavuus enint\u00e4\u00e4n 750 ml<\/span><\/li>\n<li><span style=\"color: #000000;\">K\u00e4yt\u00e4nn\u00f6llinen v\u00e4rikoodi koon osoittamiseen<\/span><\/li>\n<li><span style=\"color: #000000;\">Voidaan pest\u00e4 60\u00b0C:ssa<\/span><\/li>\n<li><span style=\"color: #000000;\">Ei sis\u00e4ll\u00e4 lateksia<\/span><\/li>\n<li><span style=\"color: #000000;\">\u00d6ko-Tex -sertifioitu<\/span><\/li>\n<\/ul>\n<p style=\"text-align: left;\" data-fontsize=\"16\" data-lineheight=\"19\"><span style=\"color: #000000;\"><strong>KOOSTUMUS: <\/strong><\/span>80 % polyesteri, 20 % elastaani<\/p>\n<p style=\"text-align: left;\"><strong><span style=\"color: #000000;\">SUOSITELLUT KOOT<\/span><\/strong><\/p>\n\t<div class=\"img has-hover x md-x lg-x y md-y lg-y\" id=\"image_295397099\">\n\t\t\t\t\t\t\t\t<div class=\"img-inner dark\" >\n\t\t\t<img decoding=\"async\" width=\"800\" height=\"300\" src=\"https:\/\/meditex.ee\/wp-content\/uploads\/2021\/08\/CarePocket-suurus-1.png\" class=\"attachment-large size-large\" alt=\"\" srcset=\"https:\/\/meditex.ee\/wp-content\/uploads\/2021\/08\/CarePocket-suurus-1.png 800w, https:\/\/meditex.ee\/wp-content\/uploads\/2021\/08\/CarePocket-suurus-1-510x191.png 510w, https:\/\/meditex.ee\/wp-content\/uploads\/2021\/08\/CarePocket-suurus-1-768x288.png 768w, https:\/\/meditex.ee\/wp-content\/uploads\/2021\/08\/CarePocket-suurus-1-600x225.png 600w\" sizes=\"(max-width: 800px) 100vw, 800px\" \/>\t\t\t\t\t\t\n\t\t\t\t\t<\/div>\n\t\t\t\t\t\t\t\t\n<style>\n#image_295397099 {\n  width: 65%;\n}\n<\/style>\n\t<\/div>\n\t\n<p>Tiedot valmistajan verkkosivustolla: <a href=\"https:\/\/tytex.com\/products\/continence-care\/leg-bag-holders\/carepocket\">https:\/\/tytex.com\/products\/continence-care\/leg-bag-holders\/carepocket<\/a><\/p>\n","protected":false},"excerpt":{"rendered":"<p>Virtsan jalkapussien kiinnitt\u00e4miseen.<\/p>\n","protected":false},"featured_media":13226,"template":"","meta":[],"product_brand":[],"product_cat":[359],"product_tag":[224],"class_list":{"0":"post-13292","1":"product","2":"type-product","3":"status-publish","4":"has-post-thumbnail","6":"product_cat-muita-tuotteita","7":"product_tag-carefix-fi","9":"first","10":"instock","11":"taxable","12":"shipping-taxable","13":"purchasable","14":"product-type-variable"},"yoast_head":"<!-- This site is optimized with the Yoast SEO plugin v27.4 - https:\/\/yoast.com\/product\/yoast-seo-wordpress\/ -->\n<title>CarePocket\u2122 jalkapussi - Meditex .ee verkkokauppa<\/title>\n<meta name=\"description\" content=\"CarePocket\u2122 on suunniteltu kiinnitt\u00e4m\u00e4\u00e4n virtsan s\u00e4\u00e4ripussi huomaamattomasti. Koko tuote kannattelee s\u00e4\u00e4ripussin painoa.\" \/>\n<meta name=\"robots\" content=\"index, follow, max-snippet:-1, max-image-preview:large, max-video-preview:-1\" \/>\n<link rel=\"canonical\" href=\"https:\/\/meditex.ee\/fi\/tuote\/carepocket-jalkapussiteline\/\" \/>\n<meta property=\"og:locale\" content=\"fi_FI\" \/>\n<meta property=\"og:type\" content=\"article\" \/>\n<meta property=\"og:title\" content=\"CarePocket\u2122 jalkapussi - Meditex .ee verkkokauppa\" \/>\n<meta property=\"og:description\" content=\"CarePocket\u2122 on suunniteltu kiinnitt\u00e4m\u00e4\u00e4n virtsan s\u00e4\u00e4ripussi huomaamattomasti. Koko tuote kannattelee s\u00e4\u00e4ripussin painoa.\" \/>\n<meta property=\"og:url\" content=\"https:\/\/meditex.ee\/fi\/tuote\/carepocket-jalkapussiteline\/\" \/>\n<meta property=\"og:site_name\" content=\"Meditex\" \/>\n<meta property=\"article:publisher\" content=\"https:\/\/www.facebook.com\/meditexepood\/\" \/>\n<meta property=\"article:modified_time\" content=\"2026-04-11T11:04:10+00:00\" \/>\n<meta property=\"og:image\" content=\"https:\/\/meditex.ee\/wp-content\/uploads\/2021\/08\/91L9idfOtYL._AC_SL1500_.jpg\" \/>\n\t<meta property=\"og:image:width\" content=\"1293\" \/>\n\t<meta property=\"og:image:height\" content=\"1500\" \/>\n\t<meta property=\"og:image:type\" content=\"image\/jpeg\" \/>\n<meta name=\"twitter:card\" content=\"summary_large_image\" \/>\n<meta name=\"twitter:label1\" content=\"Arvioitu lukuaika\" \/>\n\t<meta name=\"twitter:data1\" content=\"2 minuuttia\" \/>\n<script type=\"application\/ld+json\" class=\"yoast-schema-graph\">{\"@context\":\"https:\\\/\\\/schema.org\",\"@graph\":[{\"@type\":\"WebPage\",\"@id\":\"https:\\\/\\\/meditex.ee\\\/fi\\\/tuote\\\/carepocket-jalkapussiteline\\\/\",\"url\":\"https:\\\/\\\/meditex.ee\\\/fi\\\/tuote\\\/carepocket-jalkapussiteline\\\/\",\"name\":\"CarePocket\u2122 jalkapussi - Meditex .ee verkkokauppa\",\"isPartOf\":{\"@id\":\"https:\\\/\\\/meditex.ee\\\/en\\\/#website\"},\"primaryImageOfPage\":{\"@id\":\"https:\\\/\\\/meditex.ee\\\/fi\\\/tuote\\\/carepocket-jalkapussiteline\\\/#primaryimage\"},\"image\":{\"@id\":\"https:\\\/\\\/meditex.ee\\\/fi\\\/tuote\\\/carepocket-jalkapussiteline\\\/#primaryimage\"},\"thumbnailUrl\":\"https:\\\/\\\/meditex.ee\\\/wp-content\\\/uploads\\\/2021\\\/08\\\/91L9idfOtYL._AC_SL1500_.jpg\",\"datePublished\":\"2021-08-23T09:18:36+00:00\",\"dateModified\":\"2026-04-11T11:04:10+00:00\",\"description\":\"CarePocket\u2122 on suunniteltu kiinnitt\u00e4m\u00e4\u00e4n virtsan s\u00e4\u00e4ripussi huomaamattomasti. Koko tuote kannattelee s\u00e4\u00e4ripussin painoa.\",\"breadcrumb\":{\"@id\":\"https:\\\/\\\/meditex.ee\\\/fi\\\/tuote\\\/carepocket-jalkapussiteline\\\/#breadcrumb\"},\"inLanguage\":\"fi\",\"potentialAction\":[{\"@type\":\"ReadAction\",\"target\":[\"https:\\\/\\\/meditex.ee\\\/fi\\\/tuote\\\/carepocket-jalkapussiteline\\\/\"]}]},{\"@type\":\"ImageObject\",\"inLanguage\":\"fi\",\"@id\":\"https:\\\/\\\/meditex.ee\\\/fi\\\/tuote\\\/carepocket-jalkapussiteline\\\/#primaryimage\",\"url\":\"https:\\\/\\\/meditex.ee\\\/wp-content\\\/uploads\\\/2021\\\/08\\\/91L9idfOtYL._AC_SL1500_.jpg\",\"contentUrl\":\"https:\\\/\\\/meditex.ee\\\/wp-content\\\/uploads\\\/2021\\\/08\\\/91L9idfOtYL._AC_SL1500_.jpg\",\"width\":1293,\"height\":1500,\"caption\":\"Uriinikoti hoidja jalale\"},{\"@type\":\"BreadcrumbList\",\"@id\":\"https:\\\/\\\/meditex.ee\\\/fi\\\/tuote\\\/carepocket-jalkapussiteline\\\/#breadcrumb\",\"itemListElement\":[{\"@type\":\"ListItem\",\"position\":1,\"name\":\"Home\",\"item\":\"https:\\\/\\\/meditex.ee\\\/fi\\\/\"},{\"@type\":\"ListItem\",\"position\":2,\"name\":\"Verkkokauppa\",\"item\":\"https:\\\/\\\/meditex.ee\\\/fi\\\/verkkokauppa\\\/\"},{\"@type\":\"ListItem\",\"position\":3,\"name\":\"CarePocket\u2122 jalkapussi\"}]},{\"@type\":\"WebSite\",\"@id\":\"https:\\\/\\\/meditex.ee\\\/en\\\/#website\",\"url\":\"https:\\\/\\\/meditex.ee\\\/en\\\/\",\"name\":\"Meditex\",\"description\":\"\",\"publisher\":{\"@id\":\"https:\\\/\\\/meditex.ee\\\/en\\\/#organization\"},\"potentialAction\":[{\"@type\":\"SearchAction\",\"target\":{\"@type\":\"EntryPoint\",\"urlTemplate\":\"https:\\\/\\\/meditex.ee\\\/en\\\/?s={search_term_string}\"},\"query-input\":{\"@type\":\"PropertyValueSpecification\",\"valueRequired\":true,\"valueName\":\"search_term_string\"}}],\"inLanguage\":\"fi\"},{\"@type\":\"Organization\",\"@id\":\"https:\\\/\\\/meditex.ee\\\/en\\\/#organization\",\"name\":\"Meditex\",\"url\":\"https:\\\/\\\/meditex.ee\\\/en\\\/\",\"logo\":{\"@type\":\"ImageObject\",\"inLanguage\":\"fi\",\"@id\":\"https:\\\/\\\/meditex.ee\\\/en\\\/#\\\/schema\\\/logo\\\/image\\\/\",\"url\":\"https:\\\/\\\/meditex.ee\\\/wp-content\\\/uploads\\\/2018\\\/03\\\/mdtx_logo.png\",\"contentUrl\":\"https:\\\/\\\/meditex.ee\\\/wp-content\\\/uploads\\\/2018\\\/03\\\/mdtx_logo.png\",\"width\":669,\"height\":235,\"caption\":\"Meditex\"},\"image\":{\"@id\":\"https:\\\/\\\/meditex.ee\\\/en\\\/#\\\/schema\\\/logo\\\/image\\\/\"},\"sameAs\":[\"https:\\\/\\\/www.facebook.com\\\/meditexepood\\\/\"]}]}<\/script>\n<!-- \/ Yoast SEO plugin. -->","yoast_head_json":{"title":"CarePocket\u2122 jalkapussi - Meditex .ee verkkokauppa","description":"CarePocket\u2122 on suunniteltu kiinnitt\u00e4m\u00e4\u00e4n virtsan s\u00e4\u00e4ripussi huomaamattomasti. Koko tuote kannattelee s\u00e4\u00e4ripussin painoa.","robots":{"index":"index","follow":"follow","max-snippet":"max-snippet:-1","max-image-preview":"max-image-preview:large","max-video-preview":"max-video-preview:-1"},"canonical":"https:\/\/meditex.ee\/fi\/tuote\/carepocket-jalkapussiteline\/","og_locale":"fi_FI","og_type":"article","og_title":"CarePocket\u2122 jalkapussi - Meditex .ee verkkokauppa","og_description":"CarePocket\u2122 on suunniteltu kiinnitt\u00e4m\u00e4\u00e4n virtsan s\u00e4\u00e4ripussi huomaamattomasti. Koko tuote kannattelee s\u00e4\u00e4ripussin painoa.","og_url":"https:\/\/meditex.ee\/fi\/tuote\/carepocket-jalkapussiteline\/","og_site_name":"Meditex","article_publisher":"https:\/\/www.facebook.com\/meditexepood\/","article_modified_time":"2026-04-11T11:04:10+00:00","og_image":[{"width":1293,"height":1500,"url":"https:\/\/meditex.ee\/wp-content\/uploads\/2021\/08\/91L9idfOtYL._AC_SL1500_.jpg","type":"image\/jpeg"}],"twitter_card":"summary_large_image","twitter_misc":{"Arvioitu lukuaika":"2 minuuttia"},"schema":{"@context":"https:\/\/schema.org","@graph":[{"@type":"WebPage","@id":"https:\/\/meditex.ee\/fi\/tuote\/carepocket-jalkapussiteline\/","url":"https:\/\/meditex.ee\/fi\/tuote\/carepocket-jalkapussiteline\/","name":"CarePocket\u2122 jalkapussi - Meditex .ee verkkokauppa","isPartOf":{"@id":"https:\/\/meditex.ee\/en\/#website"},"primaryImageOfPage":{"@id":"https:\/\/meditex.ee\/fi\/tuote\/carepocket-jalkapussiteline\/#primaryimage"},"image":{"@id":"https:\/\/meditex.ee\/fi\/tuote\/carepocket-jalkapussiteline\/#primaryimage"},"thumbnailUrl":"https:\/\/meditex.ee\/wp-content\/uploads\/2021\/08\/91L9idfOtYL._AC_SL1500_.jpg","datePublished":"2021-08-23T09:18:36+00:00","dateModified":"2026-04-11T11:04:10+00:00","description":"CarePocket\u2122 on suunniteltu kiinnitt\u00e4m\u00e4\u00e4n virtsan s\u00e4\u00e4ripussi huomaamattomasti. Koko tuote kannattelee s\u00e4\u00e4ripussin painoa.","breadcrumb":{"@id":"https:\/\/meditex.ee\/fi\/tuote\/carepocket-jalkapussiteline\/#breadcrumb"},"inLanguage":"fi","potentialAction":[{"@type":"ReadAction","target":["https:\/\/meditex.ee\/fi\/tuote\/carepocket-jalkapussiteline\/"]}]},{"@type":"ImageObject","inLanguage":"fi","@id":"https:\/\/meditex.ee\/fi\/tuote\/carepocket-jalkapussiteline\/#primaryimage","url":"https:\/\/meditex.ee\/wp-content\/uploads\/2021\/08\/91L9idfOtYL._AC_SL1500_.jpg","contentUrl":"https:\/\/meditex.ee\/wp-content\/uploads\/2021\/08\/91L9idfOtYL._AC_SL1500_.jpg","width":1293,"height":1500,"caption":"Uriinikoti hoidja jalale"},{"@type":"BreadcrumbList","@id":"https:\/\/meditex.ee\/fi\/tuote\/carepocket-jalkapussiteline\/#breadcrumb","itemListElement":[{"@type":"ListItem","position":1,"name":"Home","item":"https:\/\/meditex.ee\/fi\/"},{"@type":"ListItem","position":2,"name":"Verkkokauppa","item":"https:\/\/meditex.ee\/fi\/verkkokauppa\/"},{"@type":"ListItem","position":3,"name":"CarePocket\u2122 jalkapussi"}]},{"@type":"WebSite","@id":"https:\/\/meditex.ee\/en\/#website","url":"https:\/\/meditex.ee\/en\/","name":"Meditex","description":"","publisher":{"@id":"https:\/\/meditex.ee\/en\/#organization"},"potentialAction":[{"@type":"SearchAction","target":{"@type":"EntryPoint","urlTemplate":"https:\/\/meditex.ee\/en\/?s={search_term_string}"},"query-input":{"@type":"PropertyValueSpecification","valueRequired":true,"valueName":"search_term_string"}}],"inLanguage":"fi"},{"@type":"Organization","@id":"https:\/\/meditex.ee\/en\/#organization","name":"Meditex","url":"https:\/\/meditex.ee\/en\/","logo":{"@type":"ImageObject","inLanguage":"fi","@id":"https:\/\/meditex.ee\/en\/#\/schema\/logo\/image\/","url":"https:\/\/meditex.ee\/wp-content\/uploads\/2018\/03\/mdtx_logo.png","contentUrl":"https:\/\/meditex.ee\/wp-content\/uploads\/2018\/03\/mdtx_logo.png","width":669,"height":235,"caption":"Meditex"},"image":{"@id":"https:\/\/meditex.ee\/en\/#\/schema\/logo\/image\/"},"sameAs":["https:\/\/www.facebook.com\/meditexepood\/"]}]}},"_links":{"self":[{"href":"https:\/\/meditex.ee\/fi\/wp-json\/wp\/v2\/product\/13292","targetHints":{"allow":["GET"]}}],"collection":[{"href":"https:\/\/meditex.ee\/fi\/wp-json\/wp\/v2\/product"}],"about":[{"href":"https:\/\/meditex.ee\/fi\/wp-json\/wp\/v2\/types\/product"}],"wp:featuredmedia":[{"embeddable":true,"href":"https:\/\/meditex.ee\/fi\/wp-json\/wp\/v2\/media\/13226"}],"wp:attachment":[{"href":"https:\/\/meditex.ee\/fi\/wp-json\/wp\/v2\/media?parent=13292"}],"wp:term":[{"taxonomy":"product_brand","embeddable":true,"href":"https:\/\/meditex.ee\/fi\/wp-json\/wp\/v2\/product_brand?post=13292"},{"taxonomy":"product_cat","embeddable":true,"href":"https:\/\/meditex.ee\/fi\/wp-json\/wp\/v2\/product_cat?post=13292"},{"taxonomy":"product_tag","embeddable":true,"href":"https:\/\/meditex.ee\/fi\/wp-json\/wp\/v2\/product_tag?post=13292"}],"curies":[{"name":"wp","href":"https:\/\/api.w.org\/{rel}","templated":true}]}}