{"id":12647,"date":"2021-03-29T14:15:23","date_gmt":"2021-03-29T14:15:23","guid":{"rendered":"https:\/\/meditex.ee\/?post_type=product&#038;p=12647"},"modified":"2025-11-28T19:29:52","modified_gmt":"2025-11-28T19:29:52","slug":"inkontinenssi-alusvaatteet-lapsille-bodyguard","status":"publish","type":"product","link":"https:\/\/meditex.ee\/fi\/tuote\/inkontinenssi-alusvaatteet-lapsille-bodyguard\/","title":{"rendered":"Inkontinenssi alusvaatteet lapsille Bodyguard"},"content":{"rendered":"<div class=\"row\"  id=\"row-1448594289\">\n\n\t<div id=\"col-1239731790\" class=\"col medium-4 small-12 large-4\"  >\n\t\t\t\t<div class=\"col-inner text-left\"  >\n\t\t\t\n\t\t\t\n\t<div class=\"img has-hover x md-x lg-x y md-y lg-y\" id=\"image_1783424175\">\n\t\t\t\t\t\t\t\t<div class=\"img-inner dark\" >\n\t\t\t<img decoding=\"async\" width=\"125\" height=\"34\" src=\"https:\/\/meditex.ee\/wp-content\/uploads\/2020\/10\/tilk4.png\" class=\"attachment-large size-large\" alt=\"\" \/>\t\t\t\t\t\t\n\t\t\t\t\t<\/div>\n\t\t\t\t\t\t\t\t\n<style>\n#image_1783424175 {\n  width: 40%;\n}\n<\/style>\n\t<\/div>\n\t\n\t\t<\/div>\n\t\t\t\t\t<\/div>\n\n\t\n\n\t<div id=\"col-2046774522\" class=\"col medium-4 small-12 large-4\"  >\n\t\t\t\t<div class=\"col-inner text-center\"  >\n\t\t\t\n\t\t\t\n\t<div class=\"img has-hover x md-x lg-x y md-y lg-y\" id=\"image_231863741\">\n\t\t\t\t\t\t\t\t<div class=\"img-inner dark\" >\n\t\t\t<img fetchpriority=\"high\" decoding=\"async\" width=\"500\" height=\"500\" src=\"https:\/\/meditex.ee\/wp-content\/uploads\/2020\/10\/unisex.png\" class=\"attachment-large size-large\" alt=\"\" srcset=\"https:\/\/meditex.ee\/wp-content\/uploads\/2020\/10\/unisex.png 500w, https:\/\/meditex.ee\/wp-content\/uploads\/2020\/10\/unisex-100x100.png 100w, https:\/\/meditex.ee\/wp-content\/uploads\/2020\/10\/unisex-400x400.png 400w, https:\/\/meditex.ee\/wp-content\/uploads\/2020\/10\/unisex-280x280.png 280w, https:\/\/meditex.ee\/wp-content\/uploads\/2020\/10\/unisex-300x300.png 300w\" sizes=\"(max-width: 500px) 100vw, 500px\" \/>\t\t\t\t\t\t\n\t\t\t\t\t<\/div>\n\t\t\t\t\t\t\t\t\n<style>\n#image_231863741 {\n  width: 25%;\n}\n<\/style>\n\t<\/div>\n\t\n\t\t<\/div>\n\t\t\t\t\t<\/div>\n\n\t\n\n\t<div id=\"col-1558290968\" class=\"col medium-4 small-12 large-4\"  >\n\t\t\t\t<div class=\"col-inner text-right\"  >\n\t\t\t\n\t\t\t\n\t<div class=\"img has-hover x md-x lg-x y md-y lg-y\" id=\"image_1312762088\">\n\t\t\t\t\t\t\t\t<div class=\"img-inner dark\" >\n\t\t\t<img decoding=\"async\" width=\"451\" height=\"112\" src=\"https:\/\/meditex.ee\/wp-content\/uploads\/2020\/10\/suprimalogo.png\" class=\"attachment-large size-large\" alt=\"\" \/>\t\t\t\t\t\t\n\t\t\t\t\t<\/div>\n\t\t\t\t\t\t\t\t\n<style>\n#image_1312762088 {\n  width: 60%;\n}\n<\/style>\n\t<\/div>\n\t\n\t\t<\/div>\n\t\t\t\t\t<\/div>\n\n\t\n<\/div>\n<h3><strong>Inkontinenssi alusvaatteet lapsille Bodyguard<\/strong><\/h3>\n<p style=\"text-align: left;\">T\u00e4ydellinen suoja kohtuullisen tai vaikean inkontinenssin sattuessa tai jos lapsesi huomaa s\u00e4ngyn.<\/p>\n<p style=\"text-align: left;\">suprima inkontinenssi alusvaatteet lapsille n\u00e4ytt\u00e4v\u00e4t tavallisilta alusvaatteilta, mutta ne voivat tehd\u00e4 paljon enemm\u00e4n. Kaksi kielekett\u00e4 housujen haarassa varmistaa, ett\u00e4 kertak\u00e4ytt\u00f6tuote on helppo asentaa ja pysy\u00e4 paikallaan. Integroidun alusvaatesuojan ansiosta lapsesi vaatteet ovat t\u00e4ysin suojattuja.<\/p>\n<p style=\"text-align: left;\">Inkontinenssi alusvaatteet Bodyguard sopivat sek\u00e4 tyt\u00f6ille ett\u00e4 pojille.<\/p>\n<p style=\"text-align: left;\"><span style=\"color: #000000;\"><strong>Materiaali:<\/strong> 96% puuvillaa, 4% elastaania<\/span><\/p>\n<div class=\"is-divider divider clearfix\" style=\"max-width:1110px;background-color:rgb(255, 255, 255);\"><\/div>\n<p style=\"text-align: left;\"><strong><span style=\"color: #000000;\">PESUOHJE:<\/span><\/strong><\/p>\n\t<div class=\"img has-hover x md-x lg-x y md-y lg-y\" id=\"image_272855253\">\n\t\t\t\t\t\t\t\t<div class=\"img-inner dark\" >\n\t\t\t<img loading=\"lazy\" decoding=\"async\" width=\"1020\" height=\"724\" src=\"https:\/\/meditex.ee\/wp-content\/uploads\/2021\/03\/Pesujuhend-1127x800.png\" class=\"attachment-large size-large\" alt=\"\" srcset=\"https:\/\/meditex.ee\/wp-content\/uploads\/2021\/03\/Pesujuhend-1127x800.png 1127w, https:\/\/meditex.ee\/wp-content\/uploads\/2021\/03\/Pesujuhend-510x362.png 510w, https:\/\/meditex.ee\/wp-content\/uploads\/2021\/03\/Pesujuhend-564x400.png 564w, https:\/\/meditex.ee\/wp-content\/uploads\/2021\/03\/Pesujuhend-768x545.png 768w, https:\/\/meditex.ee\/wp-content\/uploads\/2021\/03\/Pesujuhend-1536x1090.png 1536w, https:\/\/meditex.ee\/wp-content\/uploads\/2021\/03\/Pesujuhend-600x426.png 600w, https:\/\/meditex.ee\/wp-content\/uploads\/2021\/03\/Pesujuhend.png 1747w\" sizes=\"(max-width: 1020px) 100vw, 1020px\" \/>\t\t\t\t\t\t\n\t\t\t\t\t<\/div>\n\t\t\t\t\t\t\t\t\n<style>\n#image_272855253 {\n  width: 45%;\n}\n<\/style>\n\t<\/div>\n\t\n<div class=\"is-divider divider clearfix\" style=\"background-color:rgb(255, 255, 255);\"><\/div>\n<p>&nbsp;<\/p>\n<p>Tiedot valmistajan verkkosivustolla: <a href=\"https:\/\/www.suprima-gmbh.de\/en\/incontinence-briefs\/2027\/bodyguard-brief-kids?c=151\">https:\/\/www.suprima-gmbh.de\/en\/incontinence-briefs\/2027\/bodyguard-brief-kids?c=151<\/a><\/p>\n<p>Lue SUPRIMAsta <a href=\"https:\/\/meditex.ee\/fi\/suprima\/\">t\u00e4\u00e4lt\u00e4<\/a><\/p>\n<div class=\"row\"  id=\"row-200265497\">\n\n\t<div id=\"col-426214621\" class=\"col small-12 large-12\"  >\n\t\t\t\t<div class=\"col-inner\"  >\n\t\t\t\n\t\t\t\n<div class=\"is-divider divider clearfix\" style=\"max-width:1100px;height:1px;\"><\/div>\n<div class=\"row\"  id=\"row-1059589726\">\n\n\t<div id=\"col-1899737046\" class=\"col medium-8 small-12 large-8\"  >\n\t\t\t\t<div class=\"col-inner\"  >\n\t\t\t\n\t\t\t\n<h4 style=\"text-align: left;\"><strong>Miksi k\u00e4ytt\u00e4\u00e4 inkontinenssipesua kertak\u00e4ytt\u00f6isten vaippojen sijaan.<\/strong><\/h4>\n<p style=\"text-align: left;\"><span style=\"font-weight: 400;\">Kertak\u00e4ytt\u00f6iset housut ovat eritt\u00e4in suosittuja. Mutta joka kerta, kun joudut vaihtamaan kertak\u00e4ytt\u00f6isi\u00e4 housuja, sinun on riisuttava kenki\u00e4si, mik\u00e4 voi olla sek\u00e4 ep\u00e4hygieenist\u00e4 ett\u00e4 ep\u00e4mukavaa.<\/span><\/p>\n\t\t<\/div>\n\t\t\t\t\t<\/div>\n\n\t\n\n\t<div id=\"col-1182664142\" class=\"col medium-4 small-12 large-4\"  >\n\t\t\t\t<div class=\"col-inner text-center\"  >\n\t\t\t\n\t\t\t\n\t<div class=\"img has-hover x md-x lg-x y md-y lg-y\" id=\"image_111332851\">\n\t\t\t\t\t\t\t\t<div class=\"img-inner dark\" >\n\t\t\t<img loading=\"lazy\" decoding=\"async\" width=\"500\" height=\"500\" src=\"https:\/\/meditex.ee\/wp-content\/uploads\/2021\/02\/disposable-pants.png\" class=\"attachment-large size-large\" alt=\"\" srcset=\"https:\/\/meditex.ee\/wp-content\/uploads\/2021\/02\/disposable-pants.png 500w, https:\/\/meditex.ee\/wp-content\/uploads\/2021\/02\/disposable-pants-100x100.png 100w, https:\/\/meditex.ee\/wp-content\/uploads\/2021\/02\/disposable-pants-400x400.png 400w, https:\/\/meditex.ee\/wp-content\/uploads\/2021\/02\/disposable-pants-280x280.png 280w, https:\/\/meditex.ee\/wp-content\/uploads\/2021\/02\/disposable-pants-300x300.png 300w\" sizes=\"(max-width: 500px) 100vw, 500px\" \/>\t\t\t\t\t\t\n\t\t\t\t\t<\/div>\n\t\t\t\t\t\t\t\t\n<style>\n#image_111332851 {\n  width: 41%;\n}\n<\/style>\n\t<\/div>\n\t\n\t\t<\/div>\n\t\t\t\t\t<\/div>\n\n\t\n<\/div>\n<div class=\"row\"  id=\"row-758459524\">\n\n\t<div id=\"col-1657539193\" class=\"col medium-4 small-12 large-4\"  >\n\t\t\t\t<div class=\"col-inner text-center\"  >\n\t\t\t\n\t\t\t\n\t<div class=\"img has-hover x md-x lg-x y md-y lg-y\" id=\"image_1467125201\">\n\t\t\t\t\t\t\t\t<div class=\"img-inner dark\" >\n\t\t\t<img loading=\"lazy\" decoding=\"async\" width=\"800\" height=\"400\" src=\"https:\/\/meditex.ee\/wp-content\/uploads\/2021\/02\/suprima-lahendus.png\" class=\"attachment-large size-large\" alt=\"\" srcset=\"https:\/\/meditex.ee\/wp-content\/uploads\/2021\/02\/suprima-lahendus.png 800w, https:\/\/meditex.ee\/wp-content\/uploads\/2021\/02\/suprima-lahendus-510x255.png 510w, https:\/\/meditex.ee\/wp-content\/uploads\/2021\/02\/suprima-lahendus-768x384.png 768w, https:\/\/meditex.ee\/wp-content\/uploads\/2021\/02\/suprima-lahendus-600x300.png 600w\" sizes=\"(max-width: 800px) 100vw, 800px\" \/>\t\t\t\t\t\t\n\t\t\t\t\t<\/div>\n\t\t\t\t\t\t\t\t\n<style>\n#image_1467125201 {\n  width: 81%;\n}\n<\/style>\n\t<\/div>\n\t\n\t\t<\/div>\n\t\t\t\t\t<\/div>\n\n\t\n\n\t<div id=\"col-365529577\" class=\"col medium-8 small-12 large-8\"  >\n\t\t\t\t<div class=\"col-inner\"  >\n\t\t\t\n\t\t\t\n<p style=\"text-align: left;\"><span style=\"font-weight: 400;\">Ratkaisu &#8211; kun k\u00e4yt\u00e4t suprima-alusvaatteita kertak\u00e4ytt\u00f6isill\u00e4 siteill\u00e4, vaihdat vain siteet.<\/span><\/p>\n<p style=\"text-align: left;\"><span style=\"font-weight: 400;\">Sidokset ovat halvempia kuin kertak\u00e4ytt\u00f6iset housut. Sidokset tuottavat my\u00f6s v\u00e4hemm\u00e4n j\u00e4tett\u00e4 kuin kertak\u00e4ytt\u00f6iset housut, ja voidaan sanoa, ett\u00e4 alusvaatteet + side ovat ymp\u00e4rist\u00f6yst\u00e4v\u00e4llisempi\u00e4.<\/span><\/p>\n\t\t<\/div>\n\t\t\t\t\t<\/div>\n\n\t\n<\/div>\n<div class=\"row\"  id=\"row-128985131\">\n\n\t<div id=\"col-432389098\" class=\"col small-12 large-12\"  >\n\t\t\t\t<div class=\"col-inner\"  >\n\t\t\t\n\t\t\t\n<p style=\"text-align: left;\"><span style=\"font-weight: 400;\">Inkontinenssipesun edut:<\/span><\/p>\n<p style=\"text-align: left;\"><b>Kustannustehokas.<\/b><span style=\"font-weight: 400;\"> Pest\u00e4v\u00e4t housut kest\u00e4v\u00e4t pitk\u00e4\u00e4n, koska ne voidaan pest\u00e4 uudelleen useita kertoja. T\u00e4m\u00e4 tekee niist\u00e4 kustannustehokkaan ja kest\u00e4v\u00e4n ratkaisun. Alkuper\u00e4inen ostohinta saattaa tuntua kalliilta, mutta pitk\u00e4ll\u00e4 aikav\u00e4lill\u00e4 pest\u00e4v\u00e4t alushousut ovat halvempia k\u00e4ytt\u00e4\u00e4 kuin kertaluonteinen suoja.<\/span><\/p>\n<p style=\"text-align: left;\"><b>Hienotunteinen.<\/b><span style=\"font-weight: 400;\"> Pest\u00e4v\u00e4t inkontinenssihousut ovat ohuempia, mik\u00e4 tarkoittaa, ett\u00e4 ne ovat usein huomaamattomampia ja huomaamattomampia. Pest\u00e4vill\u00e4 housuilla ei ole massiivista vaipan ulkon\u00e4k\u00f6\u00e4, ja ne on suunniteltu n\u00e4ytt\u00e4m\u00e4\u00e4n tavallisilta housuilta.<\/span><\/p>\n<p style=\"text-align: left;\"><b>Ulkomuoto.<\/b><span style=\"font-weight: 400;\"> Pest\u00e4vi\u00e4 alusvaatteita on saatavana eri tyylein\u00e4. Sek\u00e4 miehet ett\u00e4 naiset l\u00f6yt\u00e4v\u00e4t sopivan ulkon\u00e4\u00f6n omaavan mallin. Tarjolla on sek\u00e4 nyrkkeilij\u00f6it\u00e4 ett\u00e4 tavallisia alushousuja.<\/span><\/p>\n\t\t<\/div>\n\t\t\t\t\t<\/div>\n\n\t\n<\/div>\n\t\t<\/div>\n\t\t\t\t\t<\/div>\n\n\t\n<\/div>\n","protected":false},"excerpt":{"rendered":"<p><span style=\"font-size: 85%;\">Inkontinenssi alusvaatteet lapsille.<\/span><\/p>\n<p style=\"text-align: left;\"><span style=\"color: #000000; font-size: 75%;\">.<\/span><\/p>\n<p><img loading=\"lazy\" decoding=\"async\" class=\"alignnone wp-image-10975 size-full\" src=\"https:\/\/meditex.ee\/wp-content\/uploads\/2020\/10\/tilk4.png\" alt=\"\" width=\"125\" height=\"34\" \/><\/p>\n<p>&nbsp;<\/p>\n","protected":false},"featured_media":12676,"template":"","meta":[],"product_brand":[],"product_cat":[342],"product_tag":[385,338,336],"class_list":{"0":"post-12647","1":"product","2":"type-product","3":"status-publish","4":"has-post-thumbnail","6":"product_cat-inkontinenssi-alusvaatteet-fi","7":"product_tag-laste-fi","8":"product_tag-suprima-fi-fi","9":"product_tag-unisex-fi","11":"first","12":"instock","13":"taxable","14":"shipping-taxable","15":"purchasable","16":"product-type-variable"},"yoast_head":"<!-- This site is optimized with the Yoast SEO plugin v27.4 - https:\/\/yoast.com\/product\/yoast-seo-wordpress\/ -->\n<title>Inkontinenssi alusvaatteet lapsille Bodyguard - Meditex .ee<\/title>\n<meta name=\"description\" content=\"Inkontinenssi alusvaatteet lapsille Bodyguard sopivat sek\u00e4 tyt\u00f6ille ett\u00e4 pojille. N\u00e4ytt\u00e4v\u00e4t tavallisilta alusvaatteilta\" \/>\n<meta name=\"robots\" content=\"index, follow, max-snippet:-1, max-image-preview:large, max-video-preview:-1\" \/>\n<link rel=\"canonical\" href=\"https:\/\/meditex.ee\/fi\/tuote\/inkontinenssi-alusvaatteet-lapsille-bodyguard\/\" \/>\n<meta property=\"og:locale\" content=\"fi_FI\" \/>\n<meta property=\"og:type\" content=\"article\" \/>\n<meta property=\"og:title\" content=\"Inkontinenssi alusvaatteet lapsille Bodyguard - Meditex .ee\" \/>\n<meta property=\"og:description\" content=\"Inkontinenssi alusvaatteet lapsille Bodyguard sopivat sek\u00e4 tyt\u00f6ille ett\u00e4 pojille. N\u00e4ytt\u00e4v\u00e4t tavallisilta alusvaatteilta\" \/>\n<meta property=\"og:url\" content=\"https:\/\/meditex.ee\/fi\/tuote\/inkontinenssi-alusvaatteet-lapsille-bodyguard\/\" \/>\n<meta property=\"og:site_name\" content=\"Meditex\" \/>\n<meta property=\"article:publisher\" content=\"https:\/\/www.facebook.com\/meditexepood\/\" \/>\n<meta property=\"article:modified_time\" content=\"2025-11-28T19:29:52+00:00\" \/>\n<meta property=\"og:image\" content=\"https:\/\/meditex.ee\/wp-content\/uploads\/2021\/03\/suprima_1255_001_KIDS.jpg\" \/>\n\t<meta property=\"og:image:width\" content=\"1208\" \/>\n\t<meta property=\"og:image:height\" content=\"997\" \/>\n\t<meta property=\"og:image:type\" content=\"image\/jpeg\" \/>\n<meta name=\"twitter:card\" content=\"summary_large_image\" \/>\n<meta name=\"twitter:label1\" content=\"Arvioitu lukuaika\" \/>\n\t<meta name=\"twitter:data1\" content=\"2 minuuttia\" \/>\n<script type=\"application\/ld+json\" class=\"yoast-schema-graph\">{\"@context\":\"https:\\\/\\\/schema.org\",\"@graph\":[{\"@type\":\"WebPage\",\"@id\":\"https:\\\/\\\/meditex.ee\\\/fi\\\/tuote\\\/inkontinenssi-alusvaatteet-lapsille-bodyguard\\\/\",\"url\":\"https:\\\/\\\/meditex.ee\\\/fi\\\/tuote\\\/inkontinenssi-alusvaatteet-lapsille-bodyguard\\\/\",\"name\":\"Inkontinenssi alusvaatteet lapsille Bodyguard - Meditex .ee\",\"isPartOf\":{\"@id\":\"https:\\\/\\\/meditex.ee\\\/en\\\/#website\"},\"primaryImageOfPage\":{\"@id\":\"https:\\\/\\\/meditex.ee\\\/fi\\\/tuote\\\/inkontinenssi-alusvaatteet-lapsille-bodyguard\\\/#primaryimage\"},\"image\":{\"@id\":\"https:\\\/\\\/meditex.ee\\\/fi\\\/tuote\\\/inkontinenssi-alusvaatteet-lapsille-bodyguard\\\/#primaryimage\"},\"thumbnailUrl\":\"https:\\\/\\\/meditex.ee\\\/wp-content\\\/uploads\\\/2021\\\/03\\\/suprima_1255_001_KIDS.jpg\",\"datePublished\":\"2021-03-29T14:15:23+00:00\",\"dateModified\":\"2025-11-28T19:29:52+00:00\",\"description\":\"Inkontinenssi alusvaatteet lapsille Bodyguard sopivat sek\u00e4 tyt\u00f6ille ett\u00e4 pojille. N\u00e4ytt\u00e4v\u00e4t tavallisilta alusvaatteilta\",\"breadcrumb\":{\"@id\":\"https:\\\/\\\/meditex.ee\\\/fi\\\/tuote\\\/inkontinenssi-alusvaatteet-lapsille-bodyguard\\\/#breadcrumb\"},\"inLanguage\":\"fi\",\"potentialAction\":[{\"@type\":\"ReadAction\",\"target\":[\"https:\\\/\\\/meditex.ee\\\/fi\\\/tuote\\\/inkontinenssi-alusvaatteet-lapsille-bodyguard\\\/\"]}]},{\"@type\":\"ImageObject\",\"inLanguage\":\"fi\",\"@id\":\"https:\\\/\\\/meditex.ee\\\/fi\\\/tuote\\\/inkontinenssi-alusvaatteet-lapsille-bodyguard\\\/#primaryimage\",\"url\":\"https:\\\/\\\/meditex.ee\\\/wp-content\\\/uploads\\\/2021\\\/03\\\/suprima_1255_001_KIDS.jpg\",\"contentUrl\":\"https:\\\/\\\/meditex.ee\\\/wp-content\\\/uploads\\\/2021\\\/03\\\/suprima_1255_001_KIDS.jpg\",\"width\":1208,\"height\":997},{\"@type\":\"BreadcrumbList\",\"@id\":\"https:\\\/\\\/meditex.ee\\\/fi\\\/tuote\\\/inkontinenssi-alusvaatteet-lapsille-bodyguard\\\/#breadcrumb\",\"itemListElement\":[{\"@type\":\"ListItem\",\"position\":1,\"name\":\"Home\",\"item\":\"https:\\\/\\\/meditex.ee\\\/fi\\\/\"},{\"@type\":\"ListItem\",\"position\":2,\"name\":\"Verkkokauppa\",\"item\":\"https:\\\/\\\/meditex.ee\\\/fi\\\/verkkokauppa\\\/\"},{\"@type\":\"ListItem\",\"position\":3,\"name\":\"Inkontinenssi alusvaatteet lapsille Bodyguard\"}]},{\"@type\":\"WebSite\",\"@id\":\"https:\\\/\\\/meditex.ee\\\/en\\\/#website\",\"url\":\"https:\\\/\\\/meditex.ee\\\/en\\\/\",\"name\":\"Meditex\",\"description\":\"\",\"publisher\":{\"@id\":\"https:\\\/\\\/meditex.ee\\\/en\\\/#organization\"},\"potentialAction\":[{\"@type\":\"SearchAction\",\"target\":{\"@type\":\"EntryPoint\",\"urlTemplate\":\"https:\\\/\\\/meditex.ee\\\/en\\\/?s={search_term_string}\"},\"query-input\":{\"@type\":\"PropertyValueSpecification\",\"valueRequired\":true,\"valueName\":\"search_term_string\"}}],\"inLanguage\":\"fi\"},{\"@type\":\"Organization\",\"@id\":\"https:\\\/\\\/meditex.ee\\\/en\\\/#organization\",\"name\":\"Meditex\",\"url\":\"https:\\\/\\\/meditex.ee\\\/en\\\/\",\"logo\":{\"@type\":\"ImageObject\",\"inLanguage\":\"fi\",\"@id\":\"https:\\\/\\\/meditex.ee\\\/en\\\/#\\\/schema\\\/logo\\\/image\\\/\",\"url\":\"https:\\\/\\\/meditex.ee\\\/wp-content\\\/uploads\\\/2018\\\/03\\\/mdtx_logo.png\",\"contentUrl\":\"https:\\\/\\\/meditex.ee\\\/wp-content\\\/uploads\\\/2018\\\/03\\\/mdtx_logo.png\",\"width\":669,\"height\":235,\"caption\":\"Meditex\"},\"image\":{\"@id\":\"https:\\\/\\\/meditex.ee\\\/en\\\/#\\\/schema\\\/logo\\\/image\\\/\"},\"sameAs\":[\"https:\\\/\\\/www.facebook.com\\\/meditexepood\\\/\"]}]}<\/script>\n<!-- \/ Yoast SEO plugin. -->","yoast_head_json":{"title":"Inkontinenssi alusvaatteet lapsille Bodyguard - Meditex .ee","description":"Inkontinenssi alusvaatteet lapsille Bodyguard sopivat sek\u00e4 tyt\u00f6ille ett\u00e4 pojille. N\u00e4ytt\u00e4v\u00e4t tavallisilta alusvaatteilta","robots":{"index":"index","follow":"follow","max-snippet":"max-snippet:-1","max-image-preview":"max-image-preview:large","max-video-preview":"max-video-preview:-1"},"canonical":"https:\/\/meditex.ee\/fi\/tuote\/inkontinenssi-alusvaatteet-lapsille-bodyguard\/","og_locale":"fi_FI","og_type":"article","og_title":"Inkontinenssi alusvaatteet lapsille Bodyguard - Meditex .ee","og_description":"Inkontinenssi alusvaatteet lapsille Bodyguard sopivat sek\u00e4 tyt\u00f6ille ett\u00e4 pojille. N\u00e4ytt\u00e4v\u00e4t tavallisilta alusvaatteilta","og_url":"https:\/\/meditex.ee\/fi\/tuote\/inkontinenssi-alusvaatteet-lapsille-bodyguard\/","og_site_name":"Meditex","article_publisher":"https:\/\/www.facebook.com\/meditexepood\/","article_modified_time":"2025-11-28T19:29:52+00:00","og_image":[{"width":1208,"height":997,"url":"https:\/\/meditex.ee\/wp-content\/uploads\/2021\/03\/suprima_1255_001_KIDS.jpg","type":"image\/jpeg"}],"twitter_card":"summary_large_image","twitter_misc":{"Arvioitu lukuaika":"2 minuuttia"},"schema":{"@context":"https:\/\/schema.org","@graph":[{"@type":"WebPage","@id":"https:\/\/meditex.ee\/fi\/tuote\/inkontinenssi-alusvaatteet-lapsille-bodyguard\/","url":"https:\/\/meditex.ee\/fi\/tuote\/inkontinenssi-alusvaatteet-lapsille-bodyguard\/","name":"Inkontinenssi alusvaatteet lapsille Bodyguard - Meditex .ee","isPartOf":{"@id":"https:\/\/meditex.ee\/en\/#website"},"primaryImageOfPage":{"@id":"https:\/\/meditex.ee\/fi\/tuote\/inkontinenssi-alusvaatteet-lapsille-bodyguard\/#primaryimage"},"image":{"@id":"https:\/\/meditex.ee\/fi\/tuote\/inkontinenssi-alusvaatteet-lapsille-bodyguard\/#primaryimage"},"thumbnailUrl":"https:\/\/meditex.ee\/wp-content\/uploads\/2021\/03\/suprima_1255_001_KIDS.jpg","datePublished":"2021-03-29T14:15:23+00:00","dateModified":"2025-11-28T19:29:52+00:00","description":"Inkontinenssi alusvaatteet lapsille Bodyguard sopivat sek\u00e4 tyt\u00f6ille ett\u00e4 pojille. N\u00e4ytt\u00e4v\u00e4t tavallisilta alusvaatteilta","breadcrumb":{"@id":"https:\/\/meditex.ee\/fi\/tuote\/inkontinenssi-alusvaatteet-lapsille-bodyguard\/#breadcrumb"},"inLanguage":"fi","potentialAction":[{"@type":"ReadAction","target":["https:\/\/meditex.ee\/fi\/tuote\/inkontinenssi-alusvaatteet-lapsille-bodyguard\/"]}]},{"@type":"ImageObject","inLanguage":"fi","@id":"https:\/\/meditex.ee\/fi\/tuote\/inkontinenssi-alusvaatteet-lapsille-bodyguard\/#primaryimage","url":"https:\/\/meditex.ee\/wp-content\/uploads\/2021\/03\/suprima_1255_001_KIDS.jpg","contentUrl":"https:\/\/meditex.ee\/wp-content\/uploads\/2021\/03\/suprima_1255_001_KIDS.jpg","width":1208,"height":997},{"@type":"BreadcrumbList","@id":"https:\/\/meditex.ee\/fi\/tuote\/inkontinenssi-alusvaatteet-lapsille-bodyguard\/#breadcrumb","itemListElement":[{"@type":"ListItem","position":1,"name":"Home","item":"https:\/\/meditex.ee\/fi\/"},{"@type":"ListItem","position":2,"name":"Verkkokauppa","item":"https:\/\/meditex.ee\/fi\/verkkokauppa\/"},{"@type":"ListItem","position":3,"name":"Inkontinenssi alusvaatteet lapsille Bodyguard"}]},{"@type":"WebSite","@id":"https:\/\/meditex.ee\/en\/#website","url":"https:\/\/meditex.ee\/en\/","name":"Meditex","description":"","publisher":{"@id":"https:\/\/meditex.ee\/en\/#organization"},"potentialAction":[{"@type":"SearchAction","target":{"@type":"EntryPoint","urlTemplate":"https:\/\/meditex.ee\/en\/?s={search_term_string}"},"query-input":{"@type":"PropertyValueSpecification","valueRequired":true,"valueName":"search_term_string"}}],"inLanguage":"fi"},{"@type":"Organization","@id":"https:\/\/meditex.ee\/en\/#organization","name":"Meditex","url":"https:\/\/meditex.ee\/en\/","logo":{"@type":"ImageObject","inLanguage":"fi","@id":"https:\/\/meditex.ee\/en\/#\/schema\/logo\/image\/","url":"https:\/\/meditex.ee\/wp-content\/uploads\/2018\/03\/mdtx_logo.png","contentUrl":"https:\/\/meditex.ee\/wp-content\/uploads\/2018\/03\/mdtx_logo.png","width":669,"height":235,"caption":"Meditex"},"image":{"@id":"https:\/\/meditex.ee\/en\/#\/schema\/logo\/image\/"},"sameAs":["https:\/\/www.facebook.com\/meditexepood\/"]}]}},"_links":{"self":[{"href":"https:\/\/meditex.ee\/fi\/wp-json\/wp\/v2\/product\/12647","targetHints":{"allow":["GET"]}}],"collection":[{"href":"https:\/\/meditex.ee\/fi\/wp-json\/wp\/v2\/product"}],"about":[{"href":"https:\/\/meditex.ee\/fi\/wp-json\/wp\/v2\/types\/product"}],"wp:featuredmedia":[{"embeddable":true,"href":"https:\/\/meditex.ee\/fi\/wp-json\/wp\/v2\/media\/12676"}],"wp:attachment":[{"href":"https:\/\/meditex.ee\/fi\/wp-json\/wp\/v2\/media?parent=12647"}],"wp:term":[{"taxonomy":"product_brand","embeddable":true,"href":"https:\/\/meditex.ee\/fi\/wp-json\/wp\/v2\/product_brand?post=12647"},{"taxonomy":"product_cat","embeddable":true,"href":"https:\/\/meditex.ee\/fi\/wp-json\/wp\/v2\/product_cat?post=12647"},{"taxonomy":"product_tag","embeddable":true,"href":"https:\/\/meditex.ee\/fi\/wp-json\/wp\/v2\/product_tag?post=12647"}],"curies":[{"name":"wp","href":"https:\/\/api.w.org\/{rel}","templated":true}]}}