{"id":12039,"date":"2020-12-09T07:28:37","date_gmt":"2020-12-09T07:28:37","guid":{"rendered":"https:\/\/meditex.ee\/?post_type=product&#038;p=12039"},"modified":"2020-12-21T07:54:33","modified_gmt":"2020-12-21T07:54:33","slug":"synnytyksen-jalkeiset-alusvaatteet","status":"publish","type":"product","link":"https:\/\/meditex.ee\/fi\/tuote\/synnytyksen-jalkeiset-alusvaatteet\/","title":{"rendered":"Synnytyksen j\u00e4lkeiset alusvaatteet"},"content":{"rendered":"<div class=\"row row-small align-bottom\"  id=\"row-1317716763\">\n\n\t<div id=\"col-438609531\" class=\"col medium-4 small-12 large-4\"  >\n\t\t\t\t<div class=\"col-inner text-left\"  >\n\t\t\t\n\t\t\t\n\t\t<\/div>\n\t\t\t\t\t<\/div>\n\n\t\n\n\t<div id=\"col-1462017323\" class=\"col medium-4 small-12 large-4\"  >\n\t\t\t\t<div class=\"col-inner\"  >\n\t\t\t\n\t\t\t\n\t\t<\/div>\n\t\t\t\t\t<\/div>\n\n\t\n\n\t<div id=\"col-1784340795\" class=\"col medium-4 small-12 large-4\"  >\n\t\t\t\t<div class=\"col-inner text-right\"  >\n\t\t\t\n\t\t\t\n\t<div class=\"img has-hover x md-x lg-x y md-y lg-y\" id=\"image_879178373\">\n\t\t\t\t\t\t\t\t<div class=\"img-inner dark\" >\n\t\t\t<img fetchpriority=\"high\" decoding=\"async\" width=\"1020\" height=\"315\" src=\"https:\/\/meditex.ee\/wp-content\/uploads\/2018\/03\/CAREFIX_PAYOFF_4F-1400x433.png\" class=\"attachment-large size-large\" alt=\"\" srcset=\"https:\/\/meditex.ee\/wp-content\/uploads\/2018\/03\/CAREFIX_PAYOFF_4F-1400x433.png 1400w, https:\/\/meditex.ee\/wp-content\/uploads\/2018\/03\/CAREFIX_PAYOFF_4F-510x158.png 510w, https:\/\/meditex.ee\/wp-content\/uploads\/2018\/03\/CAREFIX_PAYOFF_4F-800x248.png 800w, https:\/\/meditex.ee\/wp-content\/uploads\/2018\/03\/CAREFIX_PAYOFF_4F-768x238.png 768w, https:\/\/meditex.ee\/wp-content\/uploads\/2018\/03\/CAREFIX_PAYOFF_4F-600x186.png 600w, https:\/\/meditex.ee\/wp-content\/uploads\/2018\/03\/CAREFIX_PAYOFF_4F.png 2038w\" sizes=\"(max-width: 1020px) 100vw, 1020px\" \/>\t\t\t\t\t\t\n\t\t\t\t\t<\/div>\n\t\t\t\t\t\t\t\t\n<style>\n#image_879178373 {\n  width: 50%;\n}\n<\/style>\n\t<\/div>\n\t\n\t\t<\/div>\n\t\t\t\t\t<\/div>\n\n\t\n<\/div>\n<p>Synnytyksen j\u00e4lkeiset alusvaatteet ovat loistava valinta synnytyksen j\u00e4lkeiseen verenvuotoon.<\/p>\n<p>Turvallinen suojaus ja hyv\u00e4 mukavuuden tunne ovat v\u00e4ltt\u00e4m\u00e4tt\u00f6mi\u00e4 uudelle \u00e4idille syntym\u00e4n j\u00e4lkeisen verenvuodon aikana, jolloin tarvitaan erilaisia ja usein suurikokoisia tyynyj\u00e4.<\/p>\n<p>Todenn\u00e4k\u00f6isesti uudella \u00e4idill\u00e4 ei ole alusvaatteita, jotka sopivat suurikokoiseen tyynyyn, ja tavalliset alusvaatteet eiv\u00e4t usein tarjoa huomaamatonta ja turvallista suojaa, jota nainen tarvitsee tuntea olonsa turvalliseksi normaalissa toiminnassaan.<\/p>\n<p style=\"text-align: left;\">Useimmat naiset haluavat my\u00f6s v\u00e4ltt\u00e4\u00e4 tavallisten alusvaatteiden k\u00e4ytt\u00f6\u00e4, koska ne voivat vahingoittua vuotojen tapahtuessa.<\/p>\n<p style=\"text-align: left;\">Hyv\u00e4 tyynyn kiinnitys on ratkaisevan t\u00e4rke\u00e4\u00e4, jotta tyyny toimii optimaalisesti. Tyyny voi olla erinomainen, mutta jos se kiinnitet\u00e4\u00e4n v\u00e4\u00e4rin, se ty\u00f6ntyy pois ja vuotoja tapahtuu. <span class=\"word\">Synnytyksen<\/span>\u00a0<span class=\"word\">j\u00e4lkeisiss\u00e4<\/span>\u00a0<span class=\"word\">alushousuissamme<\/span>\u00a0<span class=\"word\">on<\/span>\u00a0<span class=\"word\">ns<\/span>. k<span class=\"word\">iinnitysvy\u00f6hykkeet<\/span>,\u00a0<span class=\"word\">jotka<\/span>\u00a0<span class=\"word\">ovat<\/span>\u00a0<span class=\"word\">alushousujen<\/span>\u00a0<span class=\"word\">alueita<\/span>\u00a0<span class=\"word\">erityisell\u00e4<\/span>\u00a0<span class=\"word\">neulonnalla<\/span>,\u00a0<span class=\"word\">jotka<\/span>\u00a0<span class=\"word\">auttavat<\/span>\u00a0<span class=\"word\">kiinnitt\u00e4m\u00e4\u00e4n<\/span>\u00a0<span class=\"word\">tyynyn<\/span>\u00a0oikein p\u00e4in\u00a0<span class=\"word\">niin<\/span>,\u00a0<span class=\"word\">ett\u00e4<\/span>\u00a0<span class=\"word\">se<\/span>\u00a0<span class=\"word\">pysyy<\/span>\u00a0<span class=\"word\">paikallaan<\/span>.<\/p>\n<p style=\"text-align: left;\">Pehmusteen oikea ja turvallinen kiinnitys tarkoittaa usein my\u00f6s sit\u00e4, ett\u00e4 tyynyn kokoa voidaan todenn\u00e4k\u00f6isesti pienent\u00e4\u00e4, mik\u00e4 paitsi parantaa \u00e4idin harkintaa ja hyvinvointia, my\u00f6s pienemm\u00e4t tyynyt ja v\u00e4hemm\u00e4n muutoksia tarkoittavat my\u00f6s v\u00e4hemm\u00e4n j\u00e4tett\u00e4 ja ymp\u00e4rist\u00f6vaikutuksia.<\/p>\n<p style=\"text-align: left;\" data-fontsize=\"16\" data-lineheight=\"19\"><strong>MATERIAALI:\u00a0<\/strong>97% polyesteri, 3% elastaani<\/p>\n<h4><strong>OMINAISUUDET:<\/strong><\/h4>\n<div class=\"row align-middle\"  id=\"row-128443012\">\n\n\t<div id=\"col-2069148569\" class=\"col medium-2 small-12 large-2\"  >\n\t\t\t\t<div class=\"col-inner text-right\"  >\n\t\t\t\n\t\t\t\n\t<div class=\"img has-hover x md-x lg-x y md-y lg-y\" id=\"image_1028274782\">\n\t\t\t\t\t\t\t\t<div class=\"img-inner dark\" >\n\t\t\t<img decoding=\"async\" width=\"440\" height=\"440\" src=\"https:\/\/meditex.ee\/wp-content\/uploads\/2020\/12\/shaping_zones.png\" class=\"attachment-large size-large\" alt=\"\" srcset=\"https:\/\/meditex.ee\/wp-content\/uploads\/2020\/12\/shaping_zones.png 440w, https:\/\/meditex.ee\/wp-content\/uploads\/2020\/12\/shaping_zones-100x100.png 100w, https:\/\/meditex.ee\/wp-content\/uploads\/2020\/12\/shaping_zones-400x400.png 400w, https:\/\/meditex.ee\/wp-content\/uploads\/2020\/12\/shaping_zones-280x280.png 280w, https:\/\/meditex.ee\/wp-content\/uploads\/2020\/12\/shaping_zones-300x300.png 300w\" sizes=\"(max-width: 440px) 100vw, 440px\" \/>\t\t\t\t\t\t\n\t\t\t\t\t<\/div>\n\t\t\t\t\t\t\t\t\n<style>\n#image_1028274782 {\n  width: 50%;\n}\n<\/style>\n\t<\/div>\n\t\n\t\t<\/div>\n\t\t\t\t\t<\/div>\n\n\t\n\n\t<div id=\"col-475387004\" class=\"col medium-10 small-12 large-10\"  >\n\t\t\t\t<div class=\"col-inner\"  >\n\t\t\t\n\t\t\t\n<p style=\"text-align: left;\"><strong>Tukialueet<\/strong> \u2013 varmistaa oikea puristus oikeassa paikassa.<\/p>\n\t\t<\/div>\n\t\t\t\t\t<\/div>\n\n\t\n<\/div>\n<div class=\"row align-middle\"  id=\"row-1565904970\">\n\n\t<div id=\"col-145898081\" class=\"col medium-2 small-12 large-2\"  >\n\t\t\t\t<div class=\"col-inner text-right\"  >\n\t\t\t\n\t\t\t\n\t<div class=\"img has-hover x md-x lg-x y md-y lg-y\" id=\"image_1823277720\">\n\t\t\t\t\t\t\t\t<div class=\"img-inner dark\" >\n\t\t\t<img decoding=\"async\" width=\"441\" height=\"440\" src=\"https:\/\/meditex.ee\/wp-content\/uploads\/2020\/12\/breathability.png\" class=\"attachment-large size-large\" alt=\"\" srcset=\"https:\/\/meditex.ee\/wp-content\/uploads\/2020\/12\/breathability.png 441w, https:\/\/meditex.ee\/wp-content\/uploads\/2020\/12\/breathability-100x100.png 100w, https:\/\/meditex.ee\/wp-content\/uploads\/2020\/12\/breathability-401x400.png 401w, https:\/\/meditex.ee\/wp-content\/uploads\/2020\/12\/breathability-280x280.png 280w, https:\/\/meditex.ee\/wp-content\/uploads\/2020\/12\/breathability-300x300.png 300w\" sizes=\"(max-width: 441px) 100vw, 441px\" \/>\t\t\t\t\t\t\n\t\t\t\t\t<\/div>\n\t\t\t\t\t\t\t\t\n<style>\n#image_1823277720 {\n  width: 50%;\n}\n<\/style>\n\t<\/div>\n\t\n\t\t<\/div>\n\t\t\t\t\t<\/div>\n\n\t\n\n\t<div id=\"col-332213902\" class=\"col medium-10 small-12 large-10\"  >\n\t\t\t\t<div class=\"col-inner\"  >\n\t\t\t\n\t\t\t\n<p><strong>Hengitt\u00e4v\u00e4<\/strong>\u00a0\u2013\u00a0parantaa ihoyst\u00e4v\u00e4llisyytt\u00e4 ja mukavuutta, koska kosteutta ei muodostu.<\/p>\n\t\t<\/div>\n\t\t\t\t\t<\/div>\n\n\t\n<\/div>\n<div class=\"row align-middle\"  id=\"row-2042643674\">\n\n\t<div id=\"col-1014260668\" class=\"col medium-2 small-12 large-2\"  >\n\t\t\t\t<div class=\"col-inner text-right\"  >\n\t\t\t\n\t\t\t\n\t<div class=\"img has-hover x md-x lg-x y md-y lg-y\" id=\"image_1141544260\">\n\t\t\t\t\t\t\t\t<div class=\"img-inner dark\" >\n\t\t\t<img loading=\"lazy\" decoding=\"async\" width=\"441\" height=\"440\" src=\"https:\/\/meditex.ee\/wp-content\/uploads\/2020\/12\/4-way_stretch.png\" class=\"attachment-large size-large\" alt=\"\" srcset=\"https:\/\/meditex.ee\/wp-content\/uploads\/2020\/12\/4-way_stretch.png 441w, https:\/\/meditex.ee\/wp-content\/uploads\/2020\/12\/4-way_stretch-100x100.png 100w, https:\/\/meditex.ee\/wp-content\/uploads\/2020\/12\/4-way_stretch-401x400.png 401w, https:\/\/meditex.ee\/wp-content\/uploads\/2020\/12\/4-way_stretch-280x280.png 280w, https:\/\/meditex.ee\/wp-content\/uploads\/2020\/12\/4-way_stretch-300x300.png 300w\" sizes=\"(max-width: 441px) 100vw, 441px\" \/>\t\t\t\t\t\t\n\t\t\t\t\t<\/div>\n\t\t\t\t\t\t\t\t\n<style>\n#image_1141544260 {\n  width: 50%;\n}\n<\/style>\n\t<\/div>\n\t\n\t\t<\/div>\n\t\t\t\t\t<\/div>\n\n\t\n\n\t<div id=\"col-1114917273\" class=\"col medium-10 small-12 large-10\"  >\n\t\t\t\t<div class=\"col-inner\"  >\n\t\t\t\n\t\t\t\n<p style=\"text-align: left;\"><span style=\"color: black;\"><strong>4-suuntainen venytys<\/strong> &#8211; materiaali sopeutuu luonnollisesti kehon muotoon, mik\u00e4 on eritt\u00e4in t\u00e4rke\u00e4\u00e4 mukavuuden ja tuen s\u00e4ilytt\u00e4miseksi ennallaan.<\/span><\/p>\n\t\t<\/div>\n\t\t\t\t\t<\/div>\n\n\t\n<\/div>\n<div class=\"row align-middle\"  id=\"row-1506928202\">\n\n\t<div id=\"col-479381680\" class=\"col medium-2 small-12 large-2\"  >\n\t\t\t\t<div class=\"col-inner text-right\"  >\n\t\t\t\n\t\t\t\n\t<div class=\"img has-hover x md-x lg-x y md-y lg-y\" id=\"image_180838404\">\n\t\t\t\t\t\t\t\t<div class=\"img-inner dark\" >\n\t\t\t<img loading=\"lazy\" decoding=\"async\" width=\"440\" height=\"440\" src=\"https:\/\/meditex.ee\/wp-content\/uploads\/2020\/12\/SeamlessNEW.png\" class=\"attachment-large size-large\" alt=\"\" srcset=\"https:\/\/meditex.ee\/wp-content\/uploads\/2020\/12\/SeamlessNEW.png 440w, https:\/\/meditex.ee\/wp-content\/uploads\/2020\/12\/SeamlessNEW-100x100.png 100w, https:\/\/meditex.ee\/wp-content\/uploads\/2020\/12\/SeamlessNEW-400x400.png 400w, https:\/\/meditex.ee\/wp-content\/uploads\/2020\/12\/SeamlessNEW-280x280.png 280w, https:\/\/meditex.ee\/wp-content\/uploads\/2020\/12\/SeamlessNEW-300x300.png 300w\" sizes=\"(max-width: 440px) 100vw, 440px\" \/>\t\t\t\t\t\t\n\t\t\t\t\t<\/div>\n\t\t\t\t\t\t\t\t\n<style>\n#image_180838404 {\n  width: 50%;\n}\n<\/style>\n\t<\/div>\n\t\n\t\t<\/div>\n\t\t\t\t\t<\/div>\n\n\t\n\n\t<div id=\"col-285240523\" class=\"col medium-10 small-12 large-10\"  >\n\t\t\t\t<div class=\"col-inner\"  >\n\t\t\t\n\t\t\t\n<p style=\"text-align: left;\"><strong>Saumaton\u00a0<\/strong>\u2013\u00a0varmistaa ihon maksimaalisen yst\u00e4v\u00e4llisyyden ja mukavuuden.<\/p>\n\t\t<\/div>\n\t\t\t\t\t<\/div>\n\n\t\n<\/div>\n<div class=\"row align-middle\"  id=\"row-1324026418\">\n\n\t<div id=\"col-1782572003\" class=\"col medium-2 small-12 large-2\"  >\n\t\t\t\t<div class=\"col-inner text-right\"  >\n\t\t\t\n\t\t\t\n\t<div class=\"img has-hover x md-x lg-x y md-y lg-y\" id=\"image_354843349\">\n\t\t\t\t\t\t\t\t<div class=\"img-inner dark\" >\n\t\t\t<img loading=\"lazy\" decoding=\"async\" width=\"440\" height=\"440\" src=\"https:\/\/meditex.ee\/wp-content\/uploads\/2020\/12\/latex_free_zone.png\" class=\"attachment-large size-large\" alt=\"\" srcset=\"https:\/\/meditex.ee\/wp-content\/uploads\/2020\/12\/latex_free_zone.png 440w, https:\/\/meditex.ee\/wp-content\/uploads\/2020\/12\/latex_free_zone-100x100.png 100w, https:\/\/meditex.ee\/wp-content\/uploads\/2020\/12\/latex_free_zone-400x400.png 400w, https:\/\/meditex.ee\/wp-content\/uploads\/2020\/12\/latex_free_zone-280x280.png 280w, https:\/\/meditex.ee\/wp-content\/uploads\/2020\/12\/latex_free_zone-300x300.png 300w\" sizes=\"(max-width: 440px) 100vw, 440px\" \/>\t\t\t\t\t\t\n\t\t\t\t\t<\/div>\n\t\t\t\t\t\t\t\t\n<style>\n#image_354843349 {\n  width: 50%;\n}\n<\/style>\n\t<\/div>\n\t\n\t\t<\/div>\n\t\t\t\t\t<\/div>\n\n\t\n\n\t<div id=\"col-787962077\" class=\"col medium-10 small-12 large-10\"  >\n\t\t\t\t<div class=\"col-inner\"  >\n\t\t\t\n\t\t\t\n<p><strong>Lateksiton<\/strong><b>\u00a0<\/b>\u2013 optimaalinen ihoyst\u00e4v\u00e4llisyys. Tuote on turvallinen k\u00e4ytt\u00e4\u00e4.<\/p>\n\t\t<\/div>\n\t\t\t\t\t<\/div>\n\n\t\n<\/div>\n<h4><strong>KOKO:<\/strong><\/h4>\n<div>\n<div>Mittaa lonkat leveimm\u00e4ll\u00e4 kohdalla kuvan mukaisesti.<\/div>\n<div>Alla olevasta kokotaulukosta l\u00f6yd\u00e4t lantiomittaasi sopivan vy\u00f6n koon.<\/div>\n<\/div>\n\t<div id=\"gap-163424999\" class=\"gap-element clearfix\" style=\"display:block; height:auto;\">\n\t\t\n<style>\n#gap-163424999 {\n  padding-top: 30px;\n}\n<\/style>\n\t<\/div>\n\t\n<div class=\"row\"  id=\"row-1547064980\">\n\n\t<div id=\"col-1487555891\" class=\"col medium-3 small-12 large-3\"  >\n\t\t\t\t<div class=\"col-inner\"  >\n\t\t\t\n\t\t\t\n\t<div class=\"img has-hover x md-x lg-x y md-y lg-y\" id=\"image_324003590\">\n\t\t\t\t\t\t\t\t<div class=\"img-inner dark\" >\n\t\t\t<img loading=\"lazy\" decoding=\"async\" width=\"296\" height=\"676\" src=\"https:\/\/meditex.ee\/wp-content\/uploads\/2020\/12\/Measure_hips.jpg\" class=\"attachment-large size-large\" alt=\"\" srcset=\"https:\/\/meditex.ee\/wp-content\/uploads\/2020\/12\/Measure_hips.jpg 296w, https:\/\/meditex.ee\/wp-content\/uploads\/2020\/12\/Measure_hips-175x400.jpg 175w\" sizes=\"(max-width: 296px) 100vw, 296px\" \/>\t\t\t\t\t\t\n\t\t\t\t\t<\/div>\n\t\t\t\t\t\t\t\t\n<style>\n#image_324003590 {\n  width: 70%;\n}\n<\/style>\n\t<\/div>\n\t\n\t\t<\/div>\n\t\t\t\t\t<\/div>\n\n\t\n\n\t<div id=\"col-1123739731\" class=\"col medium-9 small-12 large-9\"  >\n\t\t\t\t<div class=\"col-inner text-center\"  >\n\t\t\t\n\t\t\t\n\t<div id=\"gap-1206005663\" class=\"gap-element clearfix\" style=\"display:block; height:auto;\">\n\t\t\n<style>\n#gap-1206005663 {\n  padding-top: 80px;\n}\n<\/style>\n\t<\/div>\n\t\n\t<div class=\"img has-hover x md-x lg-x y md-y lg-y\" id=\"image_6713697\">\n\t\t\t\t\t\t\t\t<div class=\"img-inner dark\" >\n\t\t\t<img loading=\"lazy\" decoding=\"async\" width=\"726\" height=\"157\" src=\"https:\/\/meditex.ee\/wp-content\/uploads\/2020\/12\/Carefix_Str_PostNatalBriefFIN.png\" class=\"attachment-large size-large\" alt=\"\" srcset=\"https:\/\/meditex.ee\/wp-content\/uploads\/2020\/12\/Carefix_Str_PostNatalBriefFIN.png 726w, https:\/\/meditex.ee\/wp-content\/uploads\/2020\/12\/Carefix_Str_PostNatalBriefFIN-510x110.png 510w, https:\/\/meditex.ee\/wp-content\/uploads\/2020\/12\/Carefix_Str_PostNatalBriefFIN-600x130.png 600w\" sizes=\"(max-width: 726px) 100vw, 726px\" \/>\t\t\t\t\t\t\n\t\t\t\t\t<\/div>\n\t\t\t\t\t\t\t\t\n<style>\n#image_6713697 {\n  width: 100%;\n}\n<\/style>\n\t<\/div>\n\t\n\t\t<\/div>\n\t\t\t\t\t<\/div>\n\n\t\n<\/div>\n\t<div id=\"gap-730237726\" class=\"gap-element clearfix\" style=\"display:block; height:auto;\">\n\t\t\n<style>\n#gap-730237726 {\n  padding-top: 30px;\n}\n<\/style>\n\t<\/div>\n\t\n<p style=\"text-align: left;\"><span style=\"color: #000000;\">Tiedot valmistajan verkkosivuilla: <a href=\"https:\/\/tytex.com\/products\/maternity-care\/postnatal-briefs\">https:\/\/tytex.com\/products\/maternity-care\/postnatal-briefs<\/a><\/span><\/p>\n","protected":false},"excerpt":{"rendered":"<p style=\"text-align: left;\"><span style=\"font-size: 75%;\">Synnytyksen j\u00e4lkeiset alusvaatteet. 4 kpl pakkaus.<\/span><\/p>\n","protected":false},"featured_media":12107,"template":"","meta":[],"product_brand":[],"product_cat":[350],"product_tag":[224],"class_list":{"0":"post-12039","1":"product","2":"type-product","3":"status-publish","4":"has-post-thumbnail","6":"product_cat-raskaus-ja-aitiys","7":"product_tag-carefix-fi","9":"first","10":"instock","11":"taxable","12":"shipping-taxable","13":"purchasable","14":"product-type-variable"},"yoast_head":"<!-- This site is optimized with the Yoast SEO plugin v27.4 - https:\/\/yoast.com\/product\/yoast-seo-wordpress\/ -->\n<title>Synnytyksen j\u00e4lkeiset alusvaatteet - meditex.ee verkkokauppa<\/title>\n<meta name=\"description\" content=\"Carefix synnytyksen j\u00e4lkeiset alusvaatteet ovat loistava valinta synnytyksen j\u00e4lkeiseen verenvuotoon.\" \/>\n<meta name=\"robots\" content=\"index, follow, max-snippet:-1, max-image-preview:large, max-video-preview:-1\" \/>\n<link rel=\"canonical\" href=\"https:\/\/meditex.ee\/fi\/tuote\/synnytyksen-jalkeiset-alusvaatteet\/\" \/>\n<meta property=\"og:locale\" content=\"fi_FI\" \/>\n<meta property=\"og:type\" content=\"article\" \/>\n<meta property=\"og:title\" content=\"Synnytyksen j\u00e4lkeiset alusvaatteet - meditex.ee verkkokauppa\" \/>\n<meta property=\"og:description\" content=\"Carefix synnytyksen j\u00e4lkeiset alusvaatteet ovat loistava valinta synnytyksen j\u00e4lkeiseen verenvuotoon.\" \/>\n<meta property=\"og:url\" content=\"https:\/\/meditex.ee\/fi\/tuote\/synnytyksen-jalkeiset-alusvaatteet\/\" \/>\n<meta property=\"og:site_name\" content=\"Meditex\" \/>\n<meta property=\"article:publisher\" content=\"https:\/\/www.facebook.com\/meditexepood\/\" \/>\n<meta property=\"article:modified_time\" content=\"2020-12-21T07:54:33+00:00\" \/>\n<meta property=\"og:image\" content=\"https:\/\/meditex.ee\/wp-content\/uploads\/2020\/12\/3246_front.jpg\" \/>\n\t<meta property=\"og:image:width\" content=\"500\" \/>\n\t<meta property=\"og:image:height\" content=\"500\" \/>\n\t<meta property=\"og:image:type\" content=\"image\/jpeg\" \/>\n<meta name=\"twitter:card\" content=\"summary_large_image\" \/>\n<meta name=\"twitter:label1\" content=\"Arvioitu lukuaika\" \/>\n\t<meta name=\"twitter:data1\" content=\"2 minuuttia\" \/>\n<script type=\"application\/ld+json\" class=\"yoast-schema-graph\">{\"@context\":\"https:\\\/\\\/schema.org\",\"@graph\":[{\"@type\":\"WebPage\",\"@id\":\"https:\\\/\\\/meditex.ee\\\/fi\\\/tuote\\\/synnytyksen-jalkeiset-alusvaatteet\\\/\",\"url\":\"https:\\\/\\\/meditex.ee\\\/fi\\\/tuote\\\/synnytyksen-jalkeiset-alusvaatteet\\\/\",\"name\":\"Synnytyksen j\u00e4lkeiset alusvaatteet - meditex.ee verkkokauppa\",\"isPartOf\":{\"@id\":\"https:\\\/\\\/meditex.ee\\\/en\\\/#website\"},\"primaryImageOfPage\":{\"@id\":\"https:\\\/\\\/meditex.ee\\\/fi\\\/tuote\\\/synnytyksen-jalkeiset-alusvaatteet\\\/#primaryimage\"},\"image\":{\"@id\":\"https:\\\/\\\/meditex.ee\\\/fi\\\/tuote\\\/synnytyksen-jalkeiset-alusvaatteet\\\/#primaryimage\"},\"thumbnailUrl\":\"https:\\\/\\\/meditex.ee\\\/wp-content\\\/uploads\\\/2020\\\/12\\\/3246_front.jpg\",\"datePublished\":\"2020-12-09T07:28:37+00:00\",\"dateModified\":\"2020-12-21T07:54:33+00:00\",\"description\":\"Carefix synnytyksen j\u00e4lkeiset alusvaatteet ovat loistava valinta synnytyksen j\u00e4lkeiseen verenvuotoon.\",\"breadcrumb\":{\"@id\":\"https:\\\/\\\/meditex.ee\\\/fi\\\/tuote\\\/synnytyksen-jalkeiset-alusvaatteet\\\/#breadcrumb\"},\"inLanguage\":\"fi\",\"potentialAction\":[{\"@type\":\"ReadAction\",\"target\":[\"https:\\\/\\\/meditex.ee\\\/fi\\\/tuote\\\/synnytyksen-jalkeiset-alusvaatteet\\\/\"]}]},{\"@type\":\"ImageObject\",\"inLanguage\":\"fi\",\"@id\":\"https:\\\/\\\/meditex.ee\\\/fi\\\/tuote\\\/synnytyksen-jalkeiset-alusvaatteet\\\/#primaryimage\",\"url\":\"https:\\\/\\\/meditex.ee\\\/wp-content\\\/uploads\\\/2020\\\/12\\\/3246_front.jpg\",\"contentUrl\":\"https:\\\/\\\/meditex.ee\\\/wp-content\\\/uploads\\\/2020\\\/12\\\/3246_front.jpg\",\"width\":500,\"height\":500,\"caption\":\"keisril\u00f5ike j\u00e4rgne pesu\"},{\"@type\":\"BreadcrumbList\",\"@id\":\"https:\\\/\\\/meditex.ee\\\/fi\\\/tuote\\\/synnytyksen-jalkeiset-alusvaatteet\\\/#breadcrumb\",\"itemListElement\":[{\"@type\":\"ListItem\",\"position\":1,\"name\":\"Home\",\"item\":\"https:\\\/\\\/meditex.ee\\\/fi\\\/\"},{\"@type\":\"ListItem\",\"position\":2,\"name\":\"Verkkokauppa\",\"item\":\"https:\\\/\\\/meditex.ee\\\/fi\\\/verkkokauppa\\\/\"},{\"@type\":\"ListItem\",\"position\":3,\"name\":\"Synnytyksen j\u00e4lkeiset alusvaatteet\"}]},{\"@type\":\"WebSite\",\"@id\":\"https:\\\/\\\/meditex.ee\\\/en\\\/#website\",\"url\":\"https:\\\/\\\/meditex.ee\\\/en\\\/\",\"name\":\"Meditex\",\"description\":\"\",\"publisher\":{\"@id\":\"https:\\\/\\\/meditex.ee\\\/en\\\/#organization\"},\"potentialAction\":[{\"@type\":\"SearchAction\",\"target\":{\"@type\":\"EntryPoint\",\"urlTemplate\":\"https:\\\/\\\/meditex.ee\\\/en\\\/?s={search_term_string}\"},\"query-input\":{\"@type\":\"PropertyValueSpecification\",\"valueRequired\":true,\"valueName\":\"search_term_string\"}}],\"inLanguage\":\"fi\"},{\"@type\":\"Organization\",\"@id\":\"https:\\\/\\\/meditex.ee\\\/en\\\/#organization\",\"name\":\"Meditex\",\"url\":\"https:\\\/\\\/meditex.ee\\\/en\\\/\",\"logo\":{\"@type\":\"ImageObject\",\"inLanguage\":\"fi\",\"@id\":\"https:\\\/\\\/meditex.ee\\\/en\\\/#\\\/schema\\\/logo\\\/image\\\/\",\"url\":\"https:\\\/\\\/meditex.ee\\\/wp-content\\\/uploads\\\/2018\\\/03\\\/mdtx_logo.png\",\"contentUrl\":\"https:\\\/\\\/meditex.ee\\\/wp-content\\\/uploads\\\/2018\\\/03\\\/mdtx_logo.png\",\"width\":669,\"height\":235,\"caption\":\"Meditex\"},\"image\":{\"@id\":\"https:\\\/\\\/meditex.ee\\\/en\\\/#\\\/schema\\\/logo\\\/image\\\/\"},\"sameAs\":[\"https:\\\/\\\/www.facebook.com\\\/meditexepood\\\/\"]}]}<\/script>\n<!-- \/ Yoast SEO plugin. -->","yoast_head_json":{"title":"Synnytyksen j\u00e4lkeiset alusvaatteet - meditex.ee verkkokauppa","description":"Carefix synnytyksen j\u00e4lkeiset alusvaatteet ovat loistava valinta synnytyksen j\u00e4lkeiseen verenvuotoon.","robots":{"index":"index","follow":"follow","max-snippet":"max-snippet:-1","max-image-preview":"max-image-preview:large","max-video-preview":"max-video-preview:-1"},"canonical":"https:\/\/meditex.ee\/fi\/tuote\/synnytyksen-jalkeiset-alusvaatteet\/","og_locale":"fi_FI","og_type":"article","og_title":"Synnytyksen j\u00e4lkeiset alusvaatteet - meditex.ee verkkokauppa","og_description":"Carefix synnytyksen j\u00e4lkeiset alusvaatteet ovat loistava valinta synnytyksen j\u00e4lkeiseen verenvuotoon.","og_url":"https:\/\/meditex.ee\/fi\/tuote\/synnytyksen-jalkeiset-alusvaatteet\/","og_site_name":"Meditex","article_publisher":"https:\/\/www.facebook.com\/meditexepood\/","article_modified_time":"2020-12-21T07:54:33+00:00","og_image":[{"width":500,"height":500,"url":"https:\/\/meditex.ee\/wp-content\/uploads\/2020\/12\/3246_front.jpg","type":"image\/jpeg"}],"twitter_card":"summary_large_image","twitter_misc":{"Arvioitu lukuaika":"2 minuuttia"},"schema":{"@context":"https:\/\/schema.org","@graph":[{"@type":"WebPage","@id":"https:\/\/meditex.ee\/fi\/tuote\/synnytyksen-jalkeiset-alusvaatteet\/","url":"https:\/\/meditex.ee\/fi\/tuote\/synnytyksen-jalkeiset-alusvaatteet\/","name":"Synnytyksen j\u00e4lkeiset alusvaatteet - meditex.ee verkkokauppa","isPartOf":{"@id":"https:\/\/meditex.ee\/en\/#website"},"primaryImageOfPage":{"@id":"https:\/\/meditex.ee\/fi\/tuote\/synnytyksen-jalkeiset-alusvaatteet\/#primaryimage"},"image":{"@id":"https:\/\/meditex.ee\/fi\/tuote\/synnytyksen-jalkeiset-alusvaatteet\/#primaryimage"},"thumbnailUrl":"https:\/\/meditex.ee\/wp-content\/uploads\/2020\/12\/3246_front.jpg","datePublished":"2020-12-09T07:28:37+00:00","dateModified":"2020-12-21T07:54:33+00:00","description":"Carefix synnytyksen j\u00e4lkeiset alusvaatteet ovat loistava valinta synnytyksen j\u00e4lkeiseen verenvuotoon.","breadcrumb":{"@id":"https:\/\/meditex.ee\/fi\/tuote\/synnytyksen-jalkeiset-alusvaatteet\/#breadcrumb"},"inLanguage":"fi","potentialAction":[{"@type":"ReadAction","target":["https:\/\/meditex.ee\/fi\/tuote\/synnytyksen-jalkeiset-alusvaatteet\/"]}]},{"@type":"ImageObject","inLanguage":"fi","@id":"https:\/\/meditex.ee\/fi\/tuote\/synnytyksen-jalkeiset-alusvaatteet\/#primaryimage","url":"https:\/\/meditex.ee\/wp-content\/uploads\/2020\/12\/3246_front.jpg","contentUrl":"https:\/\/meditex.ee\/wp-content\/uploads\/2020\/12\/3246_front.jpg","width":500,"height":500,"caption":"keisril\u00f5ike j\u00e4rgne pesu"},{"@type":"BreadcrumbList","@id":"https:\/\/meditex.ee\/fi\/tuote\/synnytyksen-jalkeiset-alusvaatteet\/#breadcrumb","itemListElement":[{"@type":"ListItem","position":1,"name":"Home","item":"https:\/\/meditex.ee\/fi\/"},{"@type":"ListItem","position":2,"name":"Verkkokauppa","item":"https:\/\/meditex.ee\/fi\/verkkokauppa\/"},{"@type":"ListItem","position":3,"name":"Synnytyksen j\u00e4lkeiset alusvaatteet"}]},{"@type":"WebSite","@id":"https:\/\/meditex.ee\/en\/#website","url":"https:\/\/meditex.ee\/en\/","name":"Meditex","description":"","publisher":{"@id":"https:\/\/meditex.ee\/en\/#organization"},"potentialAction":[{"@type":"SearchAction","target":{"@type":"EntryPoint","urlTemplate":"https:\/\/meditex.ee\/en\/?s={search_term_string}"},"query-input":{"@type":"PropertyValueSpecification","valueRequired":true,"valueName":"search_term_string"}}],"inLanguage":"fi"},{"@type":"Organization","@id":"https:\/\/meditex.ee\/en\/#organization","name":"Meditex","url":"https:\/\/meditex.ee\/en\/","logo":{"@type":"ImageObject","inLanguage":"fi","@id":"https:\/\/meditex.ee\/en\/#\/schema\/logo\/image\/","url":"https:\/\/meditex.ee\/wp-content\/uploads\/2018\/03\/mdtx_logo.png","contentUrl":"https:\/\/meditex.ee\/wp-content\/uploads\/2018\/03\/mdtx_logo.png","width":669,"height":235,"caption":"Meditex"},"image":{"@id":"https:\/\/meditex.ee\/en\/#\/schema\/logo\/image\/"},"sameAs":["https:\/\/www.facebook.com\/meditexepood\/"]}]}},"_links":{"self":[{"href":"https:\/\/meditex.ee\/fi\/wp-json\/wp\/v2\/product\/12039","targetHints":{"allow":["GET"]}}],"collection":[{"href":"https:\/\/meditex.ee\/fi\/wp-json\/wp\/v2\/product"}],"about":[{"href":"https:\/\/meditex.ee\/fi\/wp-json\/wp\/v2\/types\/product"}],"wp:featuredmedia":[{"embeddable":true,"href":"https:\/\/meditex.ee\/fi\/wp-json\/wp\/v2\/media\/12107"}],"wp:attachment":[{"href":"https:\/\/meditex.ee\/fi\/wp-json\/wp\/v2\/media?parent=12039"}],"wp:term":[{"taxonomy":"product_brand","embeddable":true,"href":"https:\/\/meditex.ee\/fi\/wp-json\/wp\/v2\/product_brand?post=12039"},{"taxonomy":"product_cat","embeddable":true,"href":"https:\/\/meditex.ee\/fi\/wp-json\/wp\/v2\/product_cat?post=12039"},{"taxonomy":"product_tag","embeddable":true,"href":"https:\/\/meditex.ee\/fi\/wp-json\/wp\/v2\/product_tag?post=12039"}],"curies":[{"name":"wp","href":"https:\/\/api.w.org\/{rel}","templated":true}]}}