{"id":11753,"date":"2020-12-08T06:39:38","date_gmt":"2020-12-08T06:39:38","guid":{"rendered":"https:\/\/meditex.ee\/?post_type=product&#038;p=11753"},"modified":"2020-12-11T12:07:20","modified_gmt":"2020-12-11T12:07:20","slug":"raskausajan-tukivyo","status":"publish","type":"product","link":"https:\/\/meditex.ee\/fi\/tuote\/raskausajan-tukivyo\/","title":{"rendered":"Raskausajan tukivy\u00f6"},"content":{"rendered":"<div class=\"row row-small align-bottom\"  id=\"row-1869258023\">\n\n\t<div id=\"col-774753428\" class=\"col medium-4 small-12 large-4\"  >\n\t\t\t\t<div class=\"col-inner text-left\"  >\n\t\t\t\n\t\t\t\n\t\t<\/div>\n\t\t\t\t\t<\/div>\n\n\t\n\n\t<div id=\"col-286868272\" class=\"col medium-4 small-12 large-4\"  >\n\t\t\t\t<div class=\"col-inner\"  >\n\t\t\t\n\t\t\t\n\t\t<\/div>\n\t\t\t\t\t<\/div>\n\n\t\n\n\t<div id=\"col-1891234681\" class=\"col medium-4 small-12 large-4\"  >\n\t\t\t\t<div class=\"col-inner text-right\"  >\n\t\t\t\n\t\t\t\n\t<div class=\"img has-hover x md-x lg-x y md-y lg-y\" id=\"image_142657379\">\n\t\t\t\t\t\t\t\t<div class=\"img-inner dark\" >\n\t\t\t<img fetchpriority=\"high\" decoding=\"async\" width=\"1020\" height=\"315\" src=\"https:\/\/meditex.ee\/wp-content\/uploads\/2018\/03\/CAREFIX_PAYOFF_4F-1400x433.png\" class=\"attachment-large size-large\" alt=\"\" srcset=\"https:\/\/meditex.ee\/wp-content\/uploads\/2018\/03\/CAREFIX_PAYOFF_4F-1400x433.png 1400w, https:\/\/meditex.ee\/wp-content\/uploads\/2018\/03\/CAREFIX_PAYOFF_4F-510x158.png 510w, https:\/\/meditex.ee\/wp-content\/uploads\/2018\/03\/CAREFIX_PAYOFF_4F-800x248.png 800w, https:\/\/meditex.ee\/wp-content\/uploads\/2018\/03\/CAREFIX_PAYOFF_4F-768x238.png 768w, https:\/\/meditex.ee\/wp-content\/uploads\/2018\/03\/CAREFIX_PAYOFF_4F-600x186.png 600w, https:\/\/meditex.ee\/wp-content\/uploads\/2018\/03\/CAREFIX_PAYOFF_4F.png 2038w\" sizes=\"(max-width: 1020px) 100vw, 1020px\" \/>\t\t\t\t\t\t\n\t\t\t\t\t<\/div>\n\t\t\t\t\t\t\t\t\n<style>\n#image_142657379 {\n  width: 50%;\n}\n<\/style>\n\t<\/div>\n\t\n\t\t<\/div>\n\t\t\t\t\t<\/div>\n\n\t\n<\/div>\n<p style=\"text-align: left;\" data-fontsize=\"16\" data-lineheight=\"19\">Raskausajan tukivy\u00f6 on suunniteltu tarjoamaan tukea ja helpotusta kasvavalle vatsalle. Se antaa my\u00f6s tunteen l\u00e4mm\u00f6st\u00e4, joka voi auttaa edelleen helpottamaan hapan lihaksia ja selk\u00e4kipuja.<\/p>\n<p style=\"text-align: left;\" data-fontsize=\"16\" data-lineheight=\"19\">Vy\u00f6ss\u00e4 on neulottu tuki ja sile\u00e4t sivut mukavuuden lis\u00e4\u00e4miseksi. Siin\u00e4 on nelisuuntainen venytys ja se laajenee kasvavan vatsan mukana tarjoten aina oikean tuen tuntematta liian tiukkaa tai liian l\u00e4mpim\u00e4\u00e4 k\u00e4ytt\u00e4\u00e4.<\/p>\n<p style=\"text-align: left;\" data-fontsize=\"16\" data-lineheight=\"19\">Hienon muotoilunsa ansiosta se istuu tiukasti, mik\u00e4 lis\u00e4\u00e4 mukavuutta ja tekee siit\u00e4 eritt\u00e4in huomaamaton k\u00e4ytt\u00e4\u00e4.<\/p>\n<p style=\"text-align: left;\" data-fontsize=\"16\" data-lineheight=\"19\"><span style=\"color: #000000;\"><strong>MATERIAALI: <\/strong>91% polyamidi, 9% elastaani<\/span><\/p>\n<h4 style=\"text-align: left;\"><strong>OMINAISUUDET:<\/strong><\/h4>\n<div class=\"row align-middle\"  id=\"row-943862431\">\n\n\t<div id=\"col-1052653232\" class=\"col small-12 large-12\"  >\n\t\t\t\t<div class=\"col-inner\"  >\n\t\t\t\n\t\t\t\n<div class=\"row align-middle\"  id=\"row-1776689308\">\n\n\t<div id=\"col-2049398421\" class=\"col medium-1 small-12 large-1\"  >\n\t\t\t\t<div class=\"col-inner\"  >\n\t\t\t\n\t\t\t\n\t<div class=\"img has-hover x md-x lg-x y md-y lg-y\" id=\"image_2146259103\">\n\t\t\t\t\t\t\t\t<div class=\"img-inner dark\" >\n\t\t\t<img decoding=\"async\" width=\"440\" height=\"440\" src=\"https:\/\/meditex.ee\/wp-content\/uploads\/2020\/12\/shaping_zones.png\" class=\"attachment-large size-large\" alt=\"\" srcset=\"https:\/\/meditex.ee\/wp-content\/uploads\/2020\/12\/shaping_zones.png 440w, https:\/\/meditex.ee\/wp-content\/uploads\/2020\/12\/shaping_zones-100x100.png 100w, https:\/\/meditex.ee\/wp-content\/uploads\/2020\/12\/shaping_zones-400x400.png 400w, https:\/\/meditex.ee\/wp-content\/uploads\/2020\/12\/shaping_zones-280x280.png 280w, https:\/\/meditex.ee\/wp-content\/uploads\/2020\/12\/shaping_zones-300x300.png 300w\" sizes=\"(max-width: 440px) 100vw, 440px\" \/>\t\t\t\t\t\t\n\t\t\t\t\t<\/div>\n\t\t\t\t\t\t\t\t\n<style>\n#image_2146259103 {\n  width: 100%;\n}\n<\/style>\n\t<\/div>\n\t\n\t\t<\/div>\n\t\t\t\t\t<\/div>\n\n\t\n\n\t<div id=\"col-1035539298\" class=\"col medium-11 small-12 large-11\"  >\n\t\t\t\t<div class=\"col-inner\"  >\n\t\t\t\n\t\t\t\n<p><span style=\"color: #000000;\"><strong>Tukialueet<\/strong> &#8211; <span style=\"font-size: 95%;\">varmista oikea vatsa tuki oikeassa paikassa.<\/span><\/span><\/p>\n\t\t<\/div>\n\t\t\t\t\t<\/div>\n\n\t\n<\/div>\n<div class=\"row align-middle\"  id=\"row-1995157506\">\n\n\t<div id=\"col-1316339899\" class=\"col medium-1 small-12 large-1\"  >\n\t\t\t\t<div class=\"col-inner\"  >\n\t\t\t\n\t\t\t\n\t<div class=\"img has-hover x md-x lg-x y md-y lg-y\" id=\"image_195355054\">\n\t\t\t\t\t\t\t\t<div class=\"img-inner dark\" >\n\t\t\t<img decoding=\"async\" width=\"441\" height=\"440\" src=\"https:\/\/meditex.ee\/wp-content\/uploads\/2020\/12\/breathability.png\" class=\"attachment-large size-large\" alt=\"\" srcset=\"https:\/\/meditex.ee\/wp-content\/uploads\/2020\/12\/breathability.png 441w, https:\/\/meditex.ee\/wp-content\/uploads\/2020\/12\/breathability-100x100.png 100w, https:\/\/meditex.ee\/wp-content\/uploads\/2020\/12\/breathability-401x400.png 401w, https:\/\/meditex.ee\/wp-content\/uploads\/2020\/12\/breathability-280x280.png 280w, https:\/\/meditex.ee\/wp-content\/uploads\/2020\/12\/breathability-300x300.png 300w\" sizes=\"(max-width: 441px) 100vw, 441px\" \/>\t\t\t\t\t\t\n\t\t\t\t\t<\/div>\n\t\t\t\t\t\t\t\t\n<style>\n#image_195355054 {\n  width: 100%;\n}\n<\/style>\n\t<\/div>\n\t\n\t\t<\/div>\n\t\t\t\t\t<\/div>\n\n\t\n\n\t<div id=\"col-1028696424\" class=\"col medium-11 small-12 large-11\"  >\n\t\t\t\t<div class=\"col-inner\"  >\n\t\t\t\n\t\t\t\n<p style=\"text-align: left;\"><span style=\"color: #000000;\"><strong>Hengitt\u00e4v\u00e4<\/strong> &#8211; <span style=\"font-size: 95%;\">parantaa ihoyst\u00e4v\u00e4llisyytt\u00e4 ja mukavuutta, koska kosteutta ei muodostu.<\/span><\/span><\/p>\n\t\t<\/div>\n\t\t\t\t\t<\/div>\n\n\t\n<\/div>\n<div class=\"row align-middle\"  id=\"row-2132946664\">\n\n\t<div id=\"col-930407274\" class=\"col medium-1 small-12 large-1\"  >\n\t\t\t\t<div class=\"col-inner\"  >\n\t\t\t\n\t\t\t\n\t<div class=\"img has-hover x md-x lg-x y md-y lg-y\" id=\"image_289887668\">\n\t\t\t\t\t\t\t\t<div class=\"img-inner dark\" >\n\t\t\t<img loading=\"lazy\" decoding=\"async\" width=\"441\" height=\"440\" src=\"https:\/\/meditex.ee\/wp-content\/uploads\/2020\/12\/4-way_stretch.png\" class=\"attachment-large size-large\" alt=\"\" srcset=\"https:\/\/meditex.ee\/wp-content\/uploads\/2020\/12\/4-way_stretch.png 441w, https:\/\/meditex.ee\/wp-content\/uploads\/2020\/12\/4-way_stretch-100x100.png 100w, https:\/\/meditex.ee\/wp-content\/uploads\/2020\/12\/4-way_stretch-401x400.png 401w, https:\/\/meditex.ee\/wp-content\/uploads\/2020\/12\/4-way_stretch-280x280.png 280w, https:\/\/meditex.ee\/wp-content\/uploads\/2020\/12\/4-way_stretch-300x300.png 300w\" sizes=\"(max-width: 441px) 100vw, 441px\" \/>\t\t\t\t\t\t\n\t\t\t\t\t<\/div>\n\t\t\t\t\t\t\t\t\n<style>\n#image_289887668 {\n  width: 100%;\n}\n<\/style>\n\t<\/div>\n\t\n\t\t<\/div>\n\t\t\t\t\t<\/div>\n\n\t\n\n\t<div id=\"col-1829087493\" class=\"col medium-11 small-12 large-11\"  >\n\t\t\t\t<div class=\"col-inner\"  >\n\t\t\t\n\t\t\t\n<p style=\"text-align: left;\"><span style=\"color: #000000;\"> <strong>4-suuntainen venytys<\/strong>\u00a0&#8211; <span style=\"font-size: 95%;\">materiaali sopeutuu ja laajenee luonnollisesti vatsan mukana. Eritt\u00e4in t\u00e4rke\u00e4\u00e4 mukavuuden ja tuen s\u00e4ilytt\u00e4miseksi ennallaan.<\/span><\/span><\/p>\n\t\t<\/div>\n\t\t\t\t\t<\/div>\n\n\t\n<\/div>\n<div class=\"row align-middle\"  id=\"row-1682200838\">\n\n\t<div id=\"col-214714725\" class=\"col medium-1 small-12 large-1\"  >\n\t\t\t\t<div class=\"col-inner\"  >\n\t\t\t\n\t\t\t\n\t<div class=\"img has-hover x md-x lg-x y md-y lg-y\" id=\"image_510782098\">\n\t\t\t\t\t\t\t\t<div class=\"img-inner dark\" >\n\t\t\t<img loading=\"lazy\" decoding=\"async\" width=\"440\" height=\"440\" src=\"https:\/\/meditex.ee\/wp-content\/uploads\/2020\/12\/SeamlessNEW.png\" class=\"attachment-large size-large\" alt=\"\" srcset=\"https:\/\/meditex.ee\/wp-content\/uploads\/2020\/12\/SeamlessNEW.png 440w, https:\/\/meditex.ee\/wp-content\/uploads\/2020\/12\/SeamlessNEW-100x100.png 100w, https:\/\/meditex.ee\/wp-content\/uploads\/2020\/12\/SeamlessNEW-400x400.png 400w, https:\/\/meditex.ee\/wp-content\/uploads\/2020\/12\/SeamlessNEW-280x280.png 280w, https:\/\/meditex.ee\/wp-content\/uploads\/2020\/12\/SeamlessNEW-300x300.png 300w\" sizes=\"(max-width: 440px) 100vw, 440px\" \/>\t\t\t\t\t\t\n\t\t\t\t\t<\/div>\n\t\t\t\t\t\t\t\t\n<style>\n#image_510782098 {\n  width: 100%;\n}\n<\/style>\n\t<\/div>\n\t\n\t\t<\/div>\n\t\t\t\t\t<\/div>\n\n\t\n\n\t<div id=\"col-2120208776\" class=\"col medium-11 small-12 large-11\"  >\n\t\t\t\t<div class=\"col-inner\"  >\n\t\t\t\n\t\t\t\n<p><span style=\"color: #000000;\"><strong>Saumaton\u00a0<\/strong>&#8211; <span style=\"font-size: 95%;\">varmistaa ihon maksimaalisen yst\u00e4v\u00e4llisyyden ja mukavuuden.<\/span><\/span><\/p>\n\t\t<\/div>\n\t\t\t\t\t<\/div>\n\n\t\n<\/div>\n<div class=\"row align-middle\"  id=\"row-1126214870\">\n\n\t<div id=\"col-1500276571\" class=\"col medium-1 small-12 large-1\"  >\n\t\t\t\t<div class=\"col-inner\"  >\n\t\t\t\n\t\t\t\n\t<div class=\"img has-hover x md-x lg-x y md-y lg-y\" id=\"image_1023353456\">\n\t\t\t\t\t\t\t\t<div class=\"img-inner dark\" >\n\t\t\t<img loading=\"lazy\" decoding=\"async\" width=\"440\" height=\"440\" src=\"https:\/\/meditex.ee\/wp-content\/uploads\/2020\/12\/latex_free_zone.png\" class=\"attachment-large size-large\" alt=\"\" srcset=\"https:\/\/meditex.ee\/wp-content\/uploads\/2020\/12\/latex_free_zone.png 440w, https:\/\/meditex.ee\/wp-content\/uploads\/2020\/12\/latex_free_zone-100x100.png 100w, https:\/\/meditex.ee\/wp-content\/uploads\/2020\/12\/latex_free_zone-400x400.png 400w, https:\/\/meditex.ee\/wp-content\/uploads\/2020\/12\/latex_free_zone-280x280.png 280w, https:\/\/meditex.ee\/wp-content\/uploads\/2020\/12\/latex_free_zone-300x300.png 300w\" sizes=\"(max-width: 440px) 100vw, 440px\" \/>\t\t\t\t\t\t\n\t\t\t\t\t<\/div>\n\t\t\t\t\t\t\t\t\n<style>\n#image_1023353456 {\n  width: 100%;\n}\n<\/style>\n\t<\/div>\n\t\n\t\t<\/div>\n\t\t\t\t\t<\/div>\n\n\t\n\n\t<div id=\"col-1681009396\" class=\"col medium-11 small-12 large-11\"  >\n\t\t\t\t<div class=\"col-inner\"  >\n\t\t\t\n\t\t\t\n<p><span style=\"color: #000000;\"><strong>Lateksiton<\/strong><b>\u00a0<\/b>&#8211; optimaalinen ihoyst\u00e4v\u00e4llisyys. Tuote on turvallinen k\u00e4ytt\u00e4\u00e4.<\/span><\/p>\n\t\t<\/div>\n\t\t\t\t\t<\/div>\n\n\t\n<\/div>\n\t\t<\/div>\n\t\t\t\t\t<\/div>\n\n\t\n<\/div>\n<h4><strong>KOKO:<\/strong><\/h4>\n<div style=\"text-align: left;\">\n<div>Mittaa lonkat leveimm\u00e4ll\u00e4 kohdalla kuvan mukaisesti.<\/div>\n<div>Alla olevasta kokotaulukosta l\u00f6yd\u00e4t lantiomittaasi sopivan vy\u00f6n koon.<\/div>\n<\/div>\n\t<div id=\"gap-97512512\" class=\"gap-element clearfix\" style=\"display:block; height:auto;\">\n\t\t\n<style>\n#gap-97512512 {\n  padding-top: 30px;\n}\n<\/style>\n\t<\/div>\n\t\n<div class=\"row\"  id=\"row-141027408\">\n\n\t<div id=\"col-1375732614\" class=\"col medium-3 small-12 large-3\"  >\n\t\t\t\t<div class=\"col-inner\"  >\n\t\t\t\n\t\t\t\n\t<div class=\"img has-hover x md-x lg-x y md-y lg-y\" id=\"image_887271269\">\n\t\t\t\t\t\t\t\t<div class=\"img-inner dark\" >\n\t\t\t<img loading=\"lazy\" decoding=\"async\" width=\"296\" height=\"676\" src=\"https:\/\/meditex.ee\/wp-content\/uploads\/2020\/12\/Measure_hips.jpg\" class=\"attachment-large size-large\" alt=\"\" srcset=\"https:\/\/meditex.ee\/wp-content\/uploads\/2020\/12\/Measure_hips.jpg 296w, https:\/\/meditex.ee\/wp-content\/uploads\/2020\/12\/Measure_hips-175x400.jpg 175w\" sizes=\"(max-width: 296px) 100vw, 296px\" \/>\t\t\t\t\t\t\n\t\t\t\t\t<\/div>\n\t\t\t\t\t\t\t\t\n<style>\n#image_887271269 {\n  width: 70%;\n}\n<\/style>\n\t<\/div>\n\t\n\t\t<\/div>\n\t\t\t\t\t<\/div>\n\n\t\n\n\t<div id=\"col-326347087\" class=\"col medium-9 small-12 large-9\"  >\n\t\t\t\t<div class=\"col-inner text-center\"  >\n\t\t\t\n\t\t\t\n\t<div id=\"gap-931010849\" class=\"gap-element clearfix\" style=\"display:block; height:auto;\">\n\t\t\n<style>\n#gap-931010849 {\n  padding-top: 50px;\n}\n<\/style>\n\t<\/div>\n\t\n\t<div class=\"img has-hover x md-x lg-x y md-y lg-y\" id=\"image_1018429811\">\n\t\t\t\t\t\t\t\t<div class=\"img-inner dark\" >\n\t\t\t<img loading=\"lazy\" decoding=\"async\" width=\"726\" height=\"227\" src=\"https:\/\/meditex.ee\/wp-content\/uploads\/2020\/12\/Carefix_Str_Pregnancy_Support_Belt_BeltsFI.png\" class=\"attachment-large size-large\" alt=\"\" srcset=\"https:\/\/meditex.ee\/wp-content\/uploads\/2020\/12\/Carefix_Str_Pregnancy_Support_Belt_BeltsFI.png 726w, https:\/\/meditex.ee\/wp-content\/uploads\/2020\/12\/Carefix_Str_Pregnancy_Support_Belt_BeltsFI-510x159.png 510w, https:\/\/meditex.ee\/wp-content\/uploads\/2020\/12\/Carefix_Str_Pregnancy_Support_Belt_BeltsFI-600x188.png 600w\" sizes=\"(max-width: 726px) 100vw, 726px\" \/>\t\t\t\t\t\t\n\t\t\t\t\t<\/div>\n\t\t\t\t\t\t\t\t\n<style>\n#image_1018429811 {\n  width: 100%;\n}\n<\/style>\n\t<\/div>\n\t\n\t\t<\/div>\n\t\t\t\t\t<\/div>\n\n\t\n<\/div>\n\t<div id=\"gap-2106528901\" class=\"gap-element clearfix\" style=\"display:block; height:auto;\">\n\t\t\n<style>\n#gap-2106528901 {\n  padding-top: 30px;\n}\n<\/style>\n\t<\/div>\n\t\n<p style=\"text-align: left;\"><span style=\"color: #000000;\">Tiedot valmistajan verkkosivuilla:<\/span> <a href=\"https:\/\/tytex.com\/products\/maternity-care\/pregnancy-support-belt\">https:\/\/tytex.com\/products\/maternity-care\/pregnancy-support-belt<\/a><\/p>\n","protected":false},"excerpt":{"rendered":"<p style=\"text-align: left;\"><span style=\"font-size: 75%;\">Raskausajan tukivy\u00f6 optimaalisen mukavuuden ja helpotuksen saavuttamiseksi.<\/span><\/p>\n","protected":false},"featured_media":11811,"template":"","meta":[],"product_brand":[],"product_cat":[350],"product_tag":[224],"class_list":{"0":"post-11753","1":"product","2":"type-product","3":"status-publish","4":"has-post-thumbnail","6":"product_cat-raskaus-ja-aitiys","7":"product_tag-carefix-fi","9":"first","10":"instock","11":"taxable","12":"shipping-taxable","13":"product-type-variable"},"yoast_head":"<!-- This site is optimized with the Yoast SEO plugin v27.4 - https:\/\/yoast.com\/product\/yoast-seo-wordpress\/ -->\n<title>Raskausajan tukivy\u00f6 mukavuuden ja helpotuksen saavuttamiseksi.<\/title>\n<meta name=\"description\" content=\"Raskauden tukivy\u00f6 ei ainoastaan tarjoa t\u00e4t\u00e4 tukea, vaan my\u00f6s laajenee vatsan kasvaessa ja tarjoaa aina oikean tuen.\" \/>\n<meta name=\"robots\" content=\"index, follow, max-snippet:-1, max-image-preview:large, max-video-preview:-1\" \/>\n<link rel=\"canonical\" href=\"https:\/\/meditex.ee\/fi\/tuote\/raskausajan-tukivyo\/\" \/>\n<meta property=\"og:locale\" content=\"fi_FI\" \/>\n<meta property=\"og:type\" content=\"article\" \/>\n<meta property=\"og:title\" content=\"Raskausajan tukivy\u00f6 mukavuuden ja helpotuksen saavuttamiseksi.\" \/>\n<meta property=\"og:description\" content=\"Raskauden tukivy\u00f6 ei ainoastaan tarjoa t\u00e4t\u00e4 tukea, vaan my\u00f6s laajenee vatsan kasvaessa ja tarjoaa aina oikean tuen.\" \/>\n<meta property=\"og:url\" content=\"https:\/\/meditex.ee\/fi\/tuote\/raskausajan-tukivyo\/\" \/>\n<meta property=\"og:site_name\" content=\"Meditex\" \/>\n<meta property=\"article:publisher\" content=\"https:\/\/www.facebook.com\/meditexepood\/\" \/>\n<meta property=\"article:modified_time\" content=\"2020-12-11T12:07:20+00:00\" \/>\n<meta property=\"og:image\" content=\"https:\/\/meditex.ee\/wp-content\/uploads\/2020\/12\/3394_bl_3397_bl_3398_bl_front.jpg\" \/>\n\t<meta property=\"og:image:width\" content=\"390\" \/>\n\t<meta property=\"og:image:height\" content=\"390\" \/>\n\t<meta property=\"og:image:type\" content=\"image\/jpeg\" \/>\n<meta name=\"twitter:card\" content=\"summary_large_image\" \/>\n<meta name=\"twitter:label1\" content=\"Arvioitu lukuaika\" \/>\n\t<meta name=\"twitter:data1\" content=\"2 minuuttia\" \/>\n<script type=\"application\/ld+json\" class=\"yoast-schema-graph\">{\"@context\":\"https:\\\/\\\/schema.org\",\"@graph\":[{\"@type\":\"WebPage\",\"@id\":\"https:\\\/\\\/meditex.ee\\\/fi\\\/tuote\\\/raskausajan-tukivyo\\\/\",\"url\":\"https:\\\/\\\/meditex.ee\\\/fi\\\/tuote\\\/raskausajan-tukivyo\\\/\",\"name\":\"Raskausajan tukivy\u00f6 mukavuuden ja helpotuksen saavuttamiseksi.\",\"isPartOf\":{\"@id\":\"https:\\\/\\\/meditex.ee\\\/en\\\/#website\"},\"primaryImageOfPage\":{\"@id\":\"https:\\\/\\\/meditex.ee\\\/fi\\\/tuote\\\/raskausajan-tukivyo\\\/#primaryimage\"},\"image\":{\"@id\":\"https:\\\/\\\/meditex.ee\\\/fi\\\/tuote\\\/raskausajan-tukivyo\\\/#primaryimage\"},\"thumbnailUrl\":\"https:\\\/\\\/meditex.ee\\\/wp-content\\\/uploads\\\/2020\\\/12\\\/3394_bl_3397_bl_3398_bl_front.jpg\",\"datePublished\":\"2020-12-08T06:39:38+00:00\",\"dateModified\":\"2020-12-11T12:07:20+00:00\",\"description\":\"Raskauden tukivy\u00f6 ei ainoastaan tarjoa t\u00e4t\u00e4 tukea, vaan my\u00f6s laajenee vatsan kasvaessa ja tarjoaa aina oikean tuen.\",\"breadcrumb\":{\"@id\":\"https:\\\/\\\/meditex.ee\\\/fi\\\/tuote\\\/raskausajan-tukivyo\\\/#breadcrumb\"},\"inLanguage\":\"fi\",\"potentialAction\":[{\"@type\":\"ReadAction\",\"target\":[\"https:\\\/\\\/meditex.ee\\\/fi\\\/tuote\\\/raskausajan-tukivyo\\\/\"]}]},{\"@type\":\"ImageObject\",\"inLanguage\":\"fi\",\"@id\":\"https:\\\/\\\/meditex.ee\\\/fi\\\/tuote\\\/raskausajan-tukivyo\\\/#primaryimage\",\"url\":\"https:\\\/\\\/meditex.ee\\\/wp-content\\\/uploads\\\/2020\\\/12\\\/3394_bl_3397_bl_3398_bl_front.jpg\",\"contentUrl\":\"https:\\\/\\\/meditex.ee\\\/wp-content\\\/uploads\\\/2020\\\/12\\\/3394_bl_3397_bl_3398_bl_front.jpg\",\"width\":390,\"height\":390,\"caption\":\"Carefix raseduse tugiv\u00f6\u00f6\"},{\"@type\":\"BreadcrumbList\",\"@id\":\"https:\\\/\\\/meditex.ee\\\/fi\\\/tuote\\\/raskausajan-tukivyo\\\/#breadcrumb\",\"itemListElement\":[{\"@type\":\"ListItem\",\"position\":1,\"name\":\"Home\",\"item\":\"https:\\\/\\\/meditex.ee\\\/fi\\\/\"},{\"@type\":\"ListItem\",\"position\":2,\"name\":\"Verkkokauppa\",\"item\":\"https:\\\/\\\/meditex.ee\\\/fi\\\/verkkokauppa\\\/\"},{\"@type\":\"ListItem\",\"position\":3,\"name\":\"Raskausajan tukivy\u00f6\"}]},{\"@type\":\"WebSite\",\"@id\":\"https:\\\/\\\/meditex.ee\\\/en\\\/#website\",\"url\":\"https:\\\/\\\/meditex.ee\\\/en\\\/\",\"name\":\"Meditex\",\"description\":\"\",\"publisher\":{\"@id\":\"https:\\\/\\\/meditex.ee\\\/en\\\/#organization\"},\"potentialAction\":[{\"@type\":\"SearchAction\",\"target\":{\"@type\":\"EntryPoint\",\"urlTemplate\":\"https:\\\/\\\/meditex.ee\\\/en\\\/?s={search_term_string}\"},\"query-input\":{\"@type\":\"PropertyValueSpecification\",\"valueRequired\":true,\"valueName\":\"search_term_string\"}}],\"inLanguage\":\"fi\"},{\"@type\":\"Organization\",\"@id\":\"https:\\\/\\\/meditex.ee\\\/en\\\/#organization\",\"name\":\"Meditex\",\"url\":\"https:\\\/\\\/meditex.ee\\\/en\\\/\",\"logo\":{\"@type\":\"ImageObject\",\"inLanguage\":\"fi\",\"@id\":\"https:\\\/\\\/meditex.ee\\\/en\\\/#\\\/schema\\\/logo\\\/image\\\/\",\"url\":\"https:\\\/\\\/meditex.ee\\\/wp-content\\\/uploads\\\/2018\\\/03\\\/mdtx_logo.png\",\"contentUrl\":\"https:\\\/\\\/meditex.ee\\\/wp-content\\\/uploads\\\/2018\\\/03\\\/mdtx_logo.png\",\"width\":669,\"height\":235,\"caption\":\"Meditex\"},\"image\":{\"@id\":\"https:\\\/\\\/meditex.ee\\\/en\\\/#\\\/schema\\\/logo\\\/image\\\/\"},\"sameAs\":[\"https:\\\/\\\/www.facebook.com\\\/meditexepood\\\/\"]}]}<\/script>\n<!-- \/ Yoast SEO plugin. -->","yoast_head_json":{"title":"Raskausajan tukivy\u00f6 mukavuuden ja helpotuksen saavuttamiseksi.","description":"Raskauden tukivy\u00f6 ei ainoastaan tarjoa t\u00e4t\u00e4 tukea, vaan my\u00f6s laajenee vatsan kasvaessa ja tarjoaa aina oikean tuen.","robots":{"index":"index","follow":"follow","max-snippet":"max-snippet:-1","max-image-preview":"max-image-preview:large","max-video-preview":"max-video-preview:-1"},"canonical":"https:\/\/meditex.ee\/fi\/tuote\/raskausajan-tukivyo\/","og_locale":"fi_FI","og_type":"article","og_title":"Raskausajan tukivy\u00f6 mukavuuden ja helpotuksen saavuttamiseksi.","og_description":"Raskauden tukivy\u00f6 ei ainoastaan tarjoa t\u00e4t\u00e4 tukea, vaan my\u00f6s laajenee vatsan kasvaessa ja tarjoaa aina oikean tuen.","og_url":"https:\/\/meditex.ee\/fi\/tuote\/raskausajan-tukivyo\/","og_site_name":"Meditex","article_publisher":"https:\/\/www.facebook.com\/meditexepood\/","article_modified_time":"2020-12-11T12:07:20+00:00","og_image":[{"width":390,"height":390,"url":"https:\/\/meditex.ee\/wp-content\/uploads\/2020\/12\/3394_bl_3397_bl_3398_bl_front.jpg","type":"image\/jpeg"}],"twitter_card":"summary_large_image","twitter_misc":{"Arvioitu lukuaika":"2 minuuttia"},"schema":{"@context":"https:\/\/schema.org","@graph":[{"@type":"WebPage","@id":"https:\/\/meditex.ee\/fi\/tuote\/raskausajan-tukivyo\/","url":"https:\/\/meditex.ee\/fi\/tuote\/raskausajan-tukivyo\/","name":"Raskausajan tukivy\u00f6 mukavuuden ja helpotuksen saavuttamiseksi.","isPartOf":{"@id":"https:\/\/meditex.ee\/en\/#website"},"primaryImageOfPage":{"@id":"https:\/\/meditex.ee\/fi\/tuote\/raskausajan-tukivyo\/#primaryimage"},"image":{"@id":"https:\/\/meditex.ee\/fi\/tuote\/raskausajan-tukivyo\/#primaryimage"},"thumbnailUrl":"https:\/\/meditex.ee\/wp-content\/uploads\/2020\/12\/3394_bl_3397_bl_3398_bl_front.jpg","datePublished":"2020-12-08T06:39:38+00:00","dateModified":"2020-12-11T12:07:20+00:00","description":"Raskauden tukivy\u00f6 ei ainoastaan tarjoa t\u00e4t\u00e4 tukea, vaan my\u00f6s laajenee vatsan kasvaessa ja tarjoaa aina oikean tuen.","breadcrumb":{"@id":"https:\/\/meditex.ee\/fi\/tuote\/raskausajan-tukivyo\/#breadcrumb"},"inLanguage":"fi","potentialAction":[{"@type":"ReadAction","target":["https:\/\/meditex.ee\/fi\/tuote\/raskausajan-tukivyo\/"]}]},{"@type":"ImageObject","inLanguage":"fi","@id":"https:\/\/meditex.ee\/fi\/tuote\/raskausajan-tukivyo\/#primaryimage","url":"https:\/\/meditex.ee\/wp-content\/uploads\/2020\/12\/3394_bl_3397_bl_3398_bl_front.jpg","contentUrl":"https:\/\/meditex.ee\/wp-content\/uploads\/2020\/12\/3394_bl_3397_bl_3398_bl_front.jpg","width":390,"height":390,"caption":"Carefix raseduse tugiv\u00f6\u00f6"},{"@type":"BreadcrumbList","@id":"https:\/\/meditex.ee\/fi\/tuote\/raskausajan-tukivyo\/#breadcrumb","itemListElement":[{"@type":"ListItem","position":1,"name":"Home","item":"https:\/\/meditex.ee\/fi\/"},{"@type":"ListItem","position":2,"name":"Verkkokauppa","item":"https:\/\/meditex.ee\/fi\/verkkokauppa\/"},{"@type":"ListItem","position":3,"name":"Raskausajan tukivy\u00f6"}]},{"@type":"WebSite","@id":"https:\/\/meditex.ee\/en\/#website","url":"https:\/\/meditex.ee\/en\/","name":"Meditex","description":"","publisher":{"@id":"https:\/\/meditex.ee\/en\/#organization"},"potentialAction":[{"@type":"SearchAction","target":{"@type":"EntryPoint","urlTemplate":"https:\/\/meditex.ee\/en\/?s={search_term_string}"},"query-input":{"@type":"PropertyValueSpecification","valueRequired":true,"valueName":"search_term_string"}}],"inLanguage":"fi"},{"@type":"Organization","@id":"https:\/\/meditex.ee\/en\/#organization","name":"Meditex","url":"https:\/\/meditex.ee\/en\/","logo":{"@type":"ImageObject","inLanguage":"fi","@id":"https:\/\/meditex.ee\/en\/#\/schema\/logo\/image\/","url":"https:\/\/meditex.ee\/wp-content\/uploads\/2018\/03\/mdtx_logo.png","contentUrl":"https:\/\/meditex.ee\/wp-content\/uploads\/2018\/03\/mdtx_logo.png","width":669,"height":235,"caption":"Meditex"},"image":{"@id":"https:\/\/meditex.ee\/en\/#\/schema\/logo\/image\/"},"sameAs":["https:\/\/www.facebook.com\/meditexepood\/"]}]}},"_links":{"self":[{"href":"https:\/\/meditex.ee\/fi\/wp-json\/wp\/v2\/product\/11753","targetHints":{"allow":["GET"]}}],"collection":[{"href":"https:\/\/meditex.ee\/fi\/wp-json\/wp\/v2\/product"}],"about":[{"href":"https:\/\/meditex.ee\/fi\/wp-json\/wp\/v2\/types\/product"}],"wp:featuredmedia":[{"embeddable":true,"href":"https:\/\/meditex.ee\/fi\/wp-json\/wp\/v2\/media\/11811"}],"wp:attachment":[{"href":"https:\/\/meditex.ee\/fi\/wp-json\/wp\/v2\/media?parent=11753"}],"wp:term":[{"taxonomy":"product_brand","embeddable":true,"href":"https:\/\/meditex.ee\/fi\/wp-json\/wp\/v2\/product_brand?post=11753"},{"taxonomy":"product_cat","embeddable":true,"href":"https:\/\/meditex.ee\/fi\/wp-json\/wp\/v2\/product_cat?post=11753"},{"taxonomy":"product_tag","embeddable":true,"href":"https:\/\/meditex.ee\/fi\/wp-json\/wp\/v2\/product_tag?post=11753"}],"curies":[{"name":"wp","href":"https:\/\/api.w.org\/{rel}","templated":true}]}}