{"id":11485,"date":"2020-10-13T08:20:42","date_gmt":"2020-10-13T08:20:42","guid":{"rendered":"https:\/\/meditex.ee\/?post_type=product&#038;p=11485"},"modified":"2025-04-10T17:04:50","modified_gmt":"2025-04-10T17:04:50","slug":"lyhyt-inkontinenssi-alusvaatteet","status":"publish","type":"product","link":"https:\/\/meditex.ee\/fi\/tuote\/lyhyt-inkontinenssi-alusvaatteet\/","title":{"rendered":"Lyhyt inkontinenssi alusvaatteet"},"content":{"rendered":"<div class=\"row\"  id=\"row-262453755\">\n\n\t<div id=\"col-418980378\" class=\"col medium-4 small-12 large-4\"  >\n\t\t\t\t<div class=\"col-inner text-left\"  >\n\t\t\t\n\t\t\t\n\t<div class=\"img has-hover x md-x lg-x y md-y lg-y\" id=\"image_1725834213\">\n\t\t\t\t\t\t\t\t<div class=\"img-inner dark\" >\n\t\t\t<img decoding=\"async\" width=\"129\" height=\"33\" src=\"https:\/\/meditex.ee\/wp-content\/uploads\/2020\/10\/tilk5.png\" class=\"attachment-large size-large\" alt=\"\" \/>\t\t\t\t\t\t\n\t\t\t\t\t<\/div>\n\t\t\t\t\t\t\t\t\n<style>\n#image_1725834213 {\n  width: 40%;\n}\n<\/style>\n\t<\/div>\n\t\n\t\t<\/div>\n\t\t\t\t\t<\/div>\n\n\t\n\n\t<div id=\"col-1388201546\" class=\"col medium-4 small-12 large-4\"  >\n\t\t\t\t<div class=\"col-inner text-center\"  >\n\t\t\t\n\t\t\t\n\t<div class=\"img has-hover x md-x lg-x y md-y lg-y\" id=\"image_1479300598\">\n\t\t\t\t\t\t\t\t<div class=\"img-inner dark\" >\n\t\t\t<img decoding=\"async\" width=\"500\" height=\"500\" src=\"https:\/\/meditex.ee\/wp-content\/uploads\/2020\/10\/unisex.png\" class=\"attachment-large size-large\" alt=\"\" srcset=\"https:\/\/meditex.ee\/wp-content\/uploads\/2020\/10\/unisex.png 500w, https:\/\/meditex.ee\/wp-content\/uploads\/2020\/10\/unisex-100x100.png 100w, https:\/\/meditex.ee\/wp-content\/uploads\/2020\/10\/unisex-400x400.png 400w, https:\/\/meditex.ee\/wp-content\/uploads\/2020\/10\/unisex-280x280.png 280w, https:\/\/meditex.ee\/wp-content\/uploads\/2020\/10\/unisex-300x300.png 300w\" sizes=\"(max-width: 500px) 100vw, 500px\" \/>\t\t\t\t\t\t\n\t\t\t\t\t<\/div>\n\t\t\t\t\t\t\t\t\n<style>\n#image_1479300598 {\n  width: 25%;\n}\n<\/style>\n\t<\/div>\n\t\n\t\t<\/div>\n\t\t\t\t\t<\/div>\n\n\t\n\n\t<div id=\"col-1743212163\" class=\"col medium-4 small-12 large-4\"  >\n\t\t\t\t<div class=\"col-inner text-right\"  >\n\t\t\t\n\t\t\t\n\t<div class=\"img has-hover x md-x lg-x y md-y lg-y\" id=\"image_1310371166\">\n\t\t\t\t\t\t\t\t<div class=\"img-inner dark\" >\n\t\t\t<img decoding=\"async\" width=\"451\" height=\"112\" src=\"https:\/\/meditex.ee\/wp-content\/uploads\/2020\/10\/suprimalogo.png\" class=\"attachment-large size-large\" alt=\"\" \/>\t\t\t\t\t\t\n\t\t\t\t\t<\/div>\n\t\t\t\t\t\t\t\t\n<style>\n#image_1310371166 {\n  width: 60%;\n}\n<\/style>\n\t<\/div>\n\t\n\t\t<\/div>\n\t\t\t\t\t<\/div>\n\n\t\n<\/div>\n<h3 style=\"text-align: left;\"><strong>Lyhyt inkontinenssi alusvaatteet<\/strong><\/h3>\n<p style=\"text-align: left;\">Suprima lyhyt inkontinenssi alusvaatteet sopivat t\u00e4ydellisesti virtsarakon ja suoliston inkontinenssiin. Sit\u00e4 voidaan k\u00e4ytt\u00e4\u00e4 sek\u00e4 kertak\u00e4ytt\u00f6isin\u00e4 sidoshousuina ett\u00e4 ylim\u00e4\u00e4r\u00e4isen\u00e4 vaippasuojana.<\/p>\n<p style=\"text-align: left;\">Pehme\u00e4 elastinen hihna ja hengitt\u00e4v\u00e4, rep\u00e4isylujuus polyuretaani tarjoavat maksimaalisen k\u00e4ytt\u00f6mukavuuden ja suojaavat nestevuodolta sek\u00e4 k\u00e4yt\u00f6n aikana ett\u00e4 makuuasennossa.<\/p>\n<p style=\"text-align: left;\">Inkontinenssi alusvaatteet voidaan pest\u00e4 korkeissa l\u00e4mp\u00f6tiloissa ja ne soveltuvat rumpukuivaukseen.<\/p>\n<p style=\"text-align: left;\"><strong>Materiaali:<\/strong> 100% polyesteri\u00e4, PU-pinnoite.<\/p>\n\t<div class=\"img has-hover x md-x lg-x y md-y lg-y\" id=\"image_1557118457\">\n\t\t\t\t\t\t\t\t<div class=\"img-inner dark\" >\n\t\t\t<img decoding=\"async\" width=\"1020\" height=\"332\" src=\"https:\/\/meditex.ee\/wp-content\/uploads\/2020\/10\/Suuruste-tabel-1400x456.png\" class=\"attachment-large size-large\" alt=\"\" srcset=\"https:\/\/meditex.ee\/wp-content\/uploads\/2020\/10\/Suuruste-tabel-1400x456.png 1400w, https:\/\/meditex.ee\/wp-content\/uploads\/2020\/10\/Suuruste-tabel-510x166.png 510w, https:\/\/meditex.ee\/wp-content\/uploads\/2020\/10\/Suuruste-tabel-800x261.png 800w, https:\/\/meditex.ee\/wp-content\/uploads\/2020\/10\/Suuruste-tabel-768x250.png 768w, https:\/\/meditex.ee\/wp-content\/uploads\/2020\/10\/Suuruste-tabel-600x195.png 600w, https:\/\/meditex.ee\/wp-content\/uploads\/2020\/10\/Suuruste-tabel.png 1412w\" sizes=\"(max-width: 1020px) 100vw, 1020px\" \/>\t\t\t\t\t\t\n\t\t\t\t\t<\/div>\n\t\t\t\t\t\t\t\t\n<style>\n#image_1557118457 {\n  width: 100%;\n}\n<\/style>\n\t<\/div>\n\t\n<div class=\"is-divider divider clearfix\" style=\"max-width:1110px;background-color:rgb(255, 255, 255);\"><\/div>\n<p style=\"text-align: left;\"><strong><span style=\"color: #000000;\">PESUOHJE:<\/span><\/strong><\/p>\n\t<div class=\"img has-hover x md-x lg-x y md-y lg-y\" id=\"image_1652786569\">\n\t\t\t\t\t\t\t\t<div class=\"img-inner dark\" >\n\t\t\t<img decoding=\"async\" width=\"1020\" height=\"724\" src=\"https:\/\/meditex.ee\/wp-content\/uploads\/2020\/10\/Pesujuhend-1127x800.png\" class=\"attachment-large size-large\" alt=\"\" srcset=\"https:\/\/meditex.ee\/wp-content\/uploads\/2020\/10\/Pesujuhend-1127x800.png 1127w, https:\/\/meditex.ee\/wp-content\/uploads\/2020\/10\/Pesujuhend-510x362.png 510w, https:\/\/meditex.ee\/wp-content\/uploads\/2020\/10\/Pesujuhend-564x400.png 564w, https:\/\/meditex.ee\/wp-content\/uploads\/2020\/10\/Pesujuhend-768x545.png 768w, https:\/\/meditex.ee\/wp-content\/uploads\/2020\/10\/Pesujuhend-1536x1090.png 1536w, https:\/\/meditex.ee\/wp-content\/uploads\/2020\/10\/Pesujuhend-600x426.png 600w, https:\/\/meditex.ee\/wp-content\/uploads\/2020\/10\/Pesujuhend.png 1747w\" sizes=\"(max-width: 1020px) 100vw, 1020px\" \/>\t\t\t\t\t\t\n\t\t\t\t\t<\/div>\n\t\t\t\t\t\t\t\t\n<style>\n#image_1652786569 {\n  width: 35%;\n}\n<\/style>\n\t<\/div>\n\t\n<p style=\"text-align: left;\"><span style=\"color: #000000;\">Yhteensopivat <a href=\"https:\/\/www.tena.fi\/\">TENA<\/a> tuotteet: Extra, Extra Plus, Maxi, Maxi Night, Proskin Comfort.<\/span><\/p>\n<p style=\"text-align: left;\"><span style=\"color: #000000;\">Tiedot valmistajan verkkosivustolla: <a href=\"https:\/\/www.suprima-gmbh.de\/inkontinenz-slips\/2009\/pu-slip-schlupfform\">https:\/\/www.suprima-gmbh.de\/inkontinenz-slips\/2009\/pu-slip-schlupfform<\/a><\/span><\/p>\n<p>Lue SUPRIMAsta <a href=\"https:\/\/meditex.ee\/fi\/suprima\/\">t\u00e4\u00e4lt\u00e4<\/a><\/p>\n<div class=\"row\"  id=\"row-1810046200\">\n\n\t<div id=\"col-54760150\" class=\"col small-12 large-12\"  >\n\t\t\t\t<div class=\"col-inner\"  >\n\t\t\t\n\t\t\t\n<div class=\"is-divider divider clearfix\" style=\"max-width:1100px;height:1px;\"><\/div>\n<div class=\"row\"  id=\"row-1291262694\">\n\n\t<div id=\"col-796001947\" class=\"col medium-8 small-12 large-8\"  >\n\t\t\t\t<div class=\"col-inner\"  >\n\t\t\t\n\t\t\t\n<h4 style=\"text-align: left;\"><strong>Miksi k\u00e4ytt\u00e4\u00e4 inkontinenssipesua kertak\u00e4ytt\u00f6isten vaippojen sijaan.<\/strong><\/h4>\n<p style=\"text-align: left;\"><span style=\"font-weight: 400;\">Kertak\u00e4ytt\u00f6iset housut ovat eritt\u00e4in suosittuja. Mutta joka kerta, kun joudut vaihtamaan kertak\u00e4ytt\u00f6isi\u00e4 housuja, sinun on riisuttava kenki\u00e4si, mik\u00e4 voi olla sek\u00e4 ep\u00e4hygieenist\u00e4 ett\u00e4 ep\u00e4mukavaa.<\/span><\/p>\n\t\t<\/div>\n\t\t\t\t\t<\/div>\n\n\t\n\n\t<div id=\"col-1022405247\" class=\"col medium-4 small-12 large-4\"  >\n\t\t\t\t<div class=\"col-inner text-center\"  >\n\t\t\t\n\t\t\t\n\t<div class=\"img has-hover x md-x lg-x y md-y lg-y\" id=\"image_1150916042\">\n\t\t\t\t\t\t\t\t<div class=\"img-inner dark\" >\n\t\t\t<img decoding=\"async\" width=\"500\" height=\"500\" src=\"https:\/\/meditex.ee\/wp-content\/uploads\/2021\/02\/disposable-pants.png\" class=\"attachment-large size-large\" alt=\"\" srcset=\"https:\/\/meditex.ee\/wp-content\/uploads\/2021\/02\/disposable-pants.png 500w, https:\/\/meditex.ee\/wp-content\/uploads\/2021\/02\/disposable-pants-100x100.png 100w, https:\/\/meditex.ee\/wp-content\/uploads\/2021\/02\/disposable-pants-400x400.png 400w, https:\/\/meditex.ee\/wp-content\/uploads\/2021\/02\/disposable-pants-280x280.png 280w, https:\/\/meditex.ee\/wp-content\/uploads\/2021\/02\/disposable-pants-300x300.png 300w\" sizes=\"(max-width: 500px) 100vw, 500px\" \/>\t\t\t\t\t\t\n\t\t\t\t\t<\/div>\n\t\t\t\t\t\t\t\t\n<style>\n#image_1150916042 {\n  width: 41%;\n}\n<\/style>\n\t<\/div>\n\t\n\t\t<\/div>\n\t\t\t\t\t<\/div>\n\n\t\n<\/div>\n<div class=\"row\"  id=\"row-279124338\">\n\n\t<div id=\"col-318989392\" class=\"col medium-4 small-12 large-4\"  >\n\t\t\t\t<div class=\"col-inner text-center\"  >\n\t\t\t\n\t\t\t\n\t<div class=\"img has-hover x md-x lg-x y md-y lg-y\" id=\"image_1498374193\">\n\t\t\t\t\t\t\t\t<div class=\"img-inner dark\" >\n\t\t\t<img decoding=\"async\" width=\"800\" height=\"400\" src=\"https:\/\/meditex.ee\/wp-content\/uploads\/2021\/02\/suprima-lahendus.png\" class=\"attachment-large size-large\" alt=\"\" srcset=\"https:\/\/meditex.ee\/wp-content\/uploads\/2021\/02\/suprima-lahendus.png 800w, https:\/\/meditex.ee\/wp-content\/uploads\/2021\/02\/suprima-lahendus-510x255.png 510w, https:\/\/meditex.ee\/wp-content\/uploads\/2021\/02\/suprima-lahendus-768x384.png 768w, https:\/\/meditex.ee\/wp-content\/uploads\/2021\/02\/suprima-lahendus-600x300.png 600w\" sizes=\"(max-width: 800px) 100vw, 800px\" \/>\t\t\t\t\t\t\n\t\t\t\t\t<\/div>\n\t\t\t\t\t\t\t\t\n<style>\n#image_1498374193 {\n  width: 81%;\n}\n<\/style>\n\t<\/div>\n\t\n\t\t<\/div>\n\t\t\t\t\t<\/div>\n\n\t\n\n\t<div id=\"col-592273609\" class=\"col medium-8 small-12 large-8\"  >\n\t\t\t\t<div class=\"col-inner\"  >\n\t\t\t\n\t\t\t\n<p style=\"text-align: left;\"><span style=\"font-weight: 400;\">Ratkaisu &#8211; kun k\u00e4yt\u00e4t suprima-alusvaatteita kertak\u00e4ytt\u00f6isill\u00e4 siteill\u00e4, vaihdat vain siteet.<\/span><\/p>\n<p style=\"text-align: left;\"><span style=\"font-weight: 400;\">Sidokset ovat halvempia kuin kertak\u00e4ytt\u00f6iset housut. Sidokset tuottavat my\u00f6s v\u00e4hemm\u00e4n j\u00e4tett\u00e4 kuin kertak\u00e4ytt\u00f6iset housut, ja voidaan sanoa, ett\u00e4 alusvaatteet + side ovat ymp\u00e4rist\u00f6yst\u00e4v\u00e4llisempi\u00e4.<\/span><\/p>\n\t\t<\/div>\n\t\t\t\t\t<\/div>\n\n\t\n<\/div>\n<div class=\"row\"  id=\"row-1582391894\">\n\n\t<div id=\"col-727528150\" class=\"col small-12 large-12\"  >\n\t\t\t\t<div class=\"col-inner\"  >\n\t\t\t\n\t\t\t\n<p style=\"text-align: left;\"><span style=\"font-weight: 400;\">Pidamatuse pesu eelised:<\/span><\/p>\n<p style=\"text-align: left;\"><span style=\"font-weight: 400;\">Inkontinenssipesun edut:<\/span><\/p>\n<p style=\"text-align: left;\"><b>Kustannustehokas.<\/b><span style=\"font-weight: 400;\"> Pest\u00e4v\u00e4t housut kest\u00e4v\u00e4t pitk\u00e4\u00e4n, koska ne voidaan pest\u00e4 uudelleen useita kertoja. T\u00e4m\u00e4 tekee niist\u00e4 kustannustehokkaan ja kest\u00e4v\u00e4n ratkaisun. Alkuper\u00e4inen ostohinta saattaa tuntua kalliilta, mutta pitk\u00e4ll\u00e4 aikav\u00e4lill\u00e4 pest\u00e4v\u00e4t alushousut ovat halvempia k\u00e4ytt\u00e4\u00e4 kuin kertaluonteinen suoja.<\/span><\/p>\n<p style=\"text-align: left;\"><b>Hienotunteinen.<\/b><span style=\"font-weight: 400;\"> Pest\u00e4v\u00e4t inkontinenssihousut ovat ohuempia, mik\u00e4 tarkoittaa, ett\u00e4 ne ovat usein huomaamattomampia ja huomaamattomampia. Pest\u00e4vill\u00e4 housuilla ei ole massiivista vaipan ulkon\u00e4k\u00f6\u00e4, ja ne on suunniteltu n\u00e4ytt\u00e4m\u00e4\u00e4n tavallisilta housuilta.<\/span><\/p>\n<p style=\"text-align: left;\"><b>Ulkomuoto.<\/b><span style=\"font-weight: 400;\"> Pest\u00e4vi\u00e4 alusvaatteita on saatavana eri tyylein\u00e4. Sek\u00e4 miehet ett\u00e4 naiset l\u00f6yt\u00e4v\u00e4t sopivan ulkon\u00e4\u00f6n omaavan mallin. Tarjolla on sek\u00e4 nyrkkeilij\u00f6it\u00e4 ett\u00e4 tavallisia alushousuja.<\/span><\/p>\n\t\t<\/div>\n\t\t\t\t\t<\/div>\n\n\t\n<\/div>\n\t\t<\/div>\n\t\t\t\t\t<\/div>\n\n\t\n<\/div>\n","protected":false},"excerpt":{"rendered":"<p style=\"text-align: left;\"><span style=\"color: #000000; font-size: 75%;\">Inkontinenssi alusvaatteet naisille ja miehille.<\/span><\/p>\n<p><img decoding=\"async\" class=\"alignnone size-full wp-image-10880\" src=\"https:\/\/meditex.ee\/wp-content\/uploads\/2020\/10\/tilk5.png\" alt=\"\" width=\"129\" height=\"33\" \/><\/p>\n","protected":false},"featured_media":10894,"template":"","meta":[],"product_brand":[],"product_cat":[342],"product_tag":[338,336],"class_list":{"0":"post-11485","1":"product","2":"type-product","3":"status-publish","4":"has-post-thumbnail","6":"product_cat-inkontinenssi-alusvaatteet-fi","7":"product_tag-suprima-fi-fi","8":"product_tag-unisex-fi","10":"first","11":"instock","12":"taxable","13":"shipping-taxable","14":"purchasable","15":"product-type-variable"},"yoast_head":"<!-- This site is optimized with the Yoast SEO plugin v27.3 - https:\/\/yoast.com\/product\/yoast-seo-wordpress\/ -->\n<title>Lyhyt inkontinenssi alusvaatteet - Meditex.ee verkkokauppa.<\/title>\n<meta name=\"description\" content=\"Suprima PU lyhyt inkontinenssi alusvaatteet voidaan k\u00e4ytt\u00e4\u00e4 sek\u00e4 kertak\u00e4ytt\u00f6isten tyynyjen kiinnityshousuina ett\u00e4 lis\u00e4suojana vaippojen p\u00e4\u00e4ll\u00e4.\" \/>\n<meta name=\"robots\" content=\"index, follow, max-snippet:-1, max-image-preview:large, max-video-preview:-1\" \/>\n<link rel=\"canonical\" href=\"https:\/\/meditex.ee\/fi\/tuote\/lyhyt-inkontinenssi-alusvaatteet\/\" \/>\n<meta property=\"og:locale\" content=\"fi_FI\" \/>\n<meta property=\"og:type\" content=\"article\" \/>\n<meta property=\"og:title\" content=\"Lyhyt inkontinenssi alusvaatteet - Meditex.ee verkkokauppa.\" \/>\n<meta property=\"og:description\" content=\"Suprima PU lyhyt inkontinenssi alusvaatteet voidaan k\u00e4ytt\u00e4\u00e4 sek\u00e4 kertak\u00e4ytt\u00f6isten tyynyjen kiinnityshousuina ett\u00e4 lis\u00e4suojana vaippojen p\u00e4\u00e4ll\u00e4.\" \/>\n<meta property=\"og:url\" content=\"https:\/\/meditex.ee\/fi\/tuote\/lyhyt-inkontinenssi-alusvaatteet\/\" \/>\n<meta property=\"og:site_name\" content=\"Meditex\" \/>\n<meta property=\"article:publisher\" content=\"https:\/\/www.facebook.com\/meditexepood\/\" \/>\n<meta property=\"article:modified_time\" content=\"2025-04-10T17:04:50+00:00\" \/>\n<meta property=\"og:image\" content=\"https:\/\/meditex.ee\/wp-content\/uploads\/2020\/10\/suprima_1204-009_H-1.jpg\" \/>\n\t<meta property=\"og:image:width\" content=\"1063\" \/>\n\t<meta property=\"og:image:height\" content=\"1063\" \/>\n\t<meta property=\"og:image:type\" content=\"image\/jpeg\" \/>\n<meta name=\"twitter:card\" content=\"summary_large_image\" \/>\n<meta name=\"twitter:label1\" content=\"Arvioitu lukuaika\" \/>\n\t<meta name=\"twitter:data1\" content=\"2 minuuttia\" \/>\n<script type=\"application\/ld+json\" class=\"yoast-schema-graph\">{\"@context\":\"https:\\\/\\\/schema.org\",\"@graph\":[{\"@type\":\"WebPage\",\"@id\":\"https:\\\/\\\/meditex.ee\\\/fi\\\/tuote\\\/lyhyt-inkontinenssi-alusvaatteet\\\/\",\"url\":\"https:\\\/\\\/meditex.ee\\\/fi\\\/tuote\\\/lyhyt-inkontinenssi-alusvaatteet\\\/\",\"name\":\"Lyhyt inkontinenssi alusvaatteet - Meditex.ee verkkokauppa.\",\"isPartOf\":{\"@id\":\"https:\\\/\\\/meditex.ee\\\/en\\\/#website\"},\"primaryImageOfPage\":{\"@id\":\"https:\\\/\\\/meditex.ee\\\/fi\\\/tuote\\\/lyhyt-inkontinenssi-alusvaatteet\\\/#primaryimage\"},\"image\":{\"@id\":\"https:\\\/\\\/meditex.ee\\\/fi\\\/tuote\\\/lyhyt-inkontinenssi-alusvaatteet\\\/#primaryimage\"},\"thumbnailUrl\":\"https:\\\/\\\/meditex.ee\\\/wp-content\\\/uploads\\\/2020\\\/10\\\/suprima_1204-009_H-1.jpg\",\"datePublished\":\"2020-10-13T08:20:42+00:00\",\"dateModified\":\"2025-04-10T17:04:50+00:00\",\"description\":\"Suprima PU lyhyt inkontinenssi alusvaatteet voidaan k\u00e4ytt\u00e4\u00e4 sek\u00e4 kertak\u00e4ytt\u00f6isten tyynyjen kiinnityshousuina ett\u00e4 lis\u00e4suojana vaippojen p\u00e4\u00e4ll\u00e4.\",\"breadcrumb\":{\"@id\":\"https:\\\/\\\/meditex.ee\\\/fi\\\/tuote\\\/lyhyt-inkontinenssi-alusvaatteet\\\/#breadcrumb\"},\"inLanguage\":\"fi\",\"potentialAction\":[{\"@type\":\"ReadAction\",\"target\":[\"https:\\\/\\\/meditex.ee\\\/fi\\\/tuote\\\/lyhyt-inkontinenssi-alusvaatteet\\\/\"]}]},{\"@type\":\"ImageObject\",\"inLanguage\":\"fi\",\"@id\":\"https:\\\/\\\/meditex.ee\\\/fi\\\/tuote\\\/lyhyt-inkontinenssi-alusvaatteet\\\/#primaryimage\",\"url\":\"https:\\\/\\\/meditex.ee\\\/wp-content\\\/uploads\\\/2020\\\/10\\\/suprima_1204-009_H-1.jpg\",\"contentUrl\":\"https:\\\/\\\/meditex.ee\\\/wp-content\\\/uploads\\\/2020\\\/10\\\/suprima_1204-009_H-1.jpg\",\"width\":1063,\"height\":1063},{\"@type\":\"BreadcrumbList\",\"@id\":\"https:\\\/\\\/meditex.ee\\\/fi\\\/tuote\\\/lyhyt-inkontinenssi-alusvaatteet\\\/#breadcrumb\",\"itemListElement\":[{\"@type\":\"ListItem\",\"position\":1,\"name\":\"Home\",\"item\":\"https:\\\/\\\/meditex.ee\\\/fi\\\/\"},{\"@type\":\"ListItem\",\"position\":2,\"name\":\"Verkkokauppa\",\"item\":\"https:\\\/\\\/meditex.ee\\\/fi\\\/verkkokauppa\\\/\"},{\"@type\":\"ListItem\",\"position\":3,\"name\":\"Lyhyt inkontinenssi alusvaatteet\"}]},{\"@type\":\"WebSite\",\"@id\":\"https:\\\/\\\/meditex.ee\\\/en\\\/#website\",\"url\":\"https:\\\/\\\/meditex.ee\\\/en\\\/\",\"name\":\"Meditex\",\"description\":\"\",\"publisher\":{\"@id\":\"https:\\\/\\\/meditex.ee\\\/en\\\/#organization\"},\"potentialAction\":[{\"@type\":\"SearchAction\",\"target\":{\"@type\":\"EntryPoint\",\"urlTemplate\":\"https:\\\/\\\/meditex.ee\\\/en\\\/?s={search_term_string}\"},\"query-input\":{\"@type\":\"PropertyValueSpecification\",\"valueRequired\":true,\"valueName\":\"search_term_string\"}}],\"inLanguage\":\"fi\"},{\"@type\":\"Organization\",\"@id\":\"https:\\\/\\\/meditex.ee\\\/en\\\/#organization\",\"name\":\"Meditex\",\"url\":\"https:\\\/\\\/meditex.ee\\\/en\\\/\",\"logo\":{\"@type\":\"ImageObject\",\"inLanguage\":\"fi\",\"@id\":\"https:\\\/\\\/meditex.ee\\\/en\\\/#\\\/schema\\\/logo\\\/image\\\/\",\"url\":\"https:\\\/\\\/meditex.ee\\\/wp-content\\\/uploads\\\/2018\\\/03\\\/mdtx_logo.png\",\"contentUrl\":\"https:\\\/\\\/meditex.ee\\\/wp-content\\\/uploads\\\/2018\\\/03\\\/mdtx_logo.png\",\"width\":669,\"height\":235,\"caption\":\"Meditex\"},\"image\":{\"@id\":\"https:\\\/\\\/meditex.ee\\\/en\\\/#\\\/schema\\\/logo\\\/image\\\/\"},\"sameAs\":[\"https:\\\/\\\/www.facebook.com\\\/meditexepood\\\/\"]}]}<\/script>\n<!-- \/ Yoast SEO plugin. -->","yoast_head_json":{"title":"Lyhyt inkontinenssi alusvaatteet - Meditex.ee verkkokauppa.","description":"Suprima PU lyhyt inkontinenssi alusvaatteet voidaan k\u00e4ytt\u00e4\u00e4 sek\u00e4 kertak\u00e4ytt\u00f6isten tyynyjen kiinnityshousuina ett\u00e4 lis\u00e4suojana vaippojen p\u00e4\u00e4ll\u00e4.","robots":{"index":"index","follow":"follow","max-snippet":"max-snippet:-1","max-image-preview":"max-image-preview:large","max-video-preview":"max-video-preview:-1"},"canonical":"https:\/\/meditex.ee\/fi\/tuote\/lyhyt-inkontinenssi-alusvaatteet\/","og_locale":"fi_FI","og_type":"article","og_title":"Lyhyt inkontinenssi alusvaatteet - Meditex.ee verkkokauppa.","og_description":"Suprima PU lyhyt inkontinenssi alusvaatteet voidaan k\u00e4ytt\u00e4\u00e4 sek\u00e4 kertak\u00e4ytt\u00f6isten tyynyjen kiinnityshousuina ett\u00e4 lis\u00e4suojana vaippojen p\u00e4\u00e4ll\u00e4.","og_url":"https:\/\/meditex.ee\/fi\/tuote\/lyhyt-inkontinenssi-alusvaatteet\/","og_site_name":"Meditex","article_publisher":"https:\/\/www.facebook.com\/meditexepood\/","article_modified_time":"2025-04-10T17:04:50+00:00","og_image":[{"width":1063,"height":1063,"url":"https:\/\/meditex.ee\/wp-content\/uploads\/2020\/10\/suprima_1204-009_H-1.jpg","type":"image\/jpeg"}],"twitter_card":"summary_large_image","twitter_misc":{"Arvioitu lukuaika":"2 minuuttia"},"schema":{"@context":"https:\/\/schema.org","@graph":[{"@type":"WebPage","@id":"https:\/\/meditex.ee\/fi\/tuote\/lyhyt-inkontinenssi-alusvaatteet\/","url":"https:\/\/meditex.ee\/fi\/tuote\/lyhyt-inkontinenssi-alusvaatteet\/","name":"Lyhyt inkontinenssi alusvaatteet - Meditex.ee verkkokauppa.","isPartOf":{"@id":"https:\/\/meditex.ee\/en\/#website"},"primaryImageOfPage":{"@id":"https:\/\/meditex.ee\/fi\/tuote\/lyhyt-inkontinenssi-alusvaatteet\/#primaryimage"},"image":{"@id":"https:\/\/meditex.ee\/fi\/tuote\/lyhyt-inkontinenssi-alusvaatteet\/#primaryimage"},"thumbnailUrl":"https:\/\/meditex.ee\/wp-content\/uploads\/2020\/10\/suprima_1204-009_H-1.jpg","datePublished":"2020-10-13T08:20:42+00:00","dateModified":"2025-04-10T17:04:50+00:00","description":"Suprima PU lyhyt inkontinenssi alusvaatteet voidaan k\u00e4ytt\u00e4\u00e4 sek\u00e4 kertak\u00e4ytt\u00f6isten tyynyjen kiinnityshousuina ett\u00e4 lis\u00e4suojana vaippojen p\u00e4\u00e4ll\u00e4.","breadcrumb":{"@id":"https:\/\/meditex.ee\/fi\/tuote\/lyhyt-inkontinenssi-alusvaatteet\/#breadcrumb"},"inLanguage":"fi","potentialAction":[{"@type":"ReadAction","target":["https:\/\/meditex.ee\/fi\/tuote\/lyhyt-inkontinenssi-alusvaatteet\/"]}]},{"@type":"ImageObject","inLanguage":"fi","@id":"https:\/\/meditex.ee\/fi\/tuote\/lyhyt-inkontinenssi-alusvaatteet\/#primaryimage","url":"https:\/\/meditex.ee\/wp-content\/uploads\/2020\/10\/suprima_1204-009_H-1.jpg","contentUrl":"https:\/\/meditex.ee\/wp-content\/uploads\/2020\/10\/suprima_1204-009_H-1.jpg","width":1063,"height":1063},{"@type":"BreadcrumbList","@id":"https:\/\/meditex.ee\/fi\/tuote\/lyhyt-inkontinenssi-alusvaatteet\/#breadcrumb","itemListElement":[{"@type":"ListItem","position":1,"name":"Home","item":"https:\/\/meditex.ee\/fi\/"},{"@type":"ListItem","position":2,"name":"Verkkokauppa","item":"https:\/\/meditex.ee\/fi\/verkkokauppa\/"},{"@type":"ListItem","position":3,"name":"Lyhyt inkontinenssi alusvaatteet"}]},{"@type":"WebSite","@id":"https:\/\/meditex.ee\/en\/#website","url":"https:\/\/meditex.ee\/en\/","name":"Meditex","description":"","publisher":{"@id":"https:\/\/meditex.ee\/en\/#organization"},"potentialAction":[{"@type":"SearchAction","target":{"@type":"EntryPoint","urlTemplate":"https:\/\/meditex.ee\/en\/?s={search_term_string}"},"query-input":{"@type":"PropertyValueSpecification","valueRequired":true,"valueName":"search_term_string"}}],"inLanguage":"fi"},{"@type":"Organization","@id":"https:\/\/meditex.ee\/en\/#organization","name":"Meditex","url":"https:\/\/meditex.ee\/en\/","logo":{"@type":"ImageObject","inLanguage":"fi","@id":"https:\/\/meditex.ee\/en\/#\/schema\/logo\/image\/","url":"https:\/\/meditex.ee\/wp-content\/uploads\/2018\/03\/mdtx_logo.png","contentUrl":"https:\/\/meditex.ee\/wp-content\/uploads\/2018\/03\/mdtx_logo.png","width":669,"height":235,"caption":"Meditex"},"image":{"@id":"https:\/\/meditex.ee\/en\/#\/schema\/logo\/image\/"},"sameAs":["https:\/\/www.facebook.com\/meditexepood\/"]}]}},"_links":{"self":[{"href":"https:\/\/meditex.ee\/fi\/wp-json\/wp\/v2\/product\/11485","targetHints":{"allow":["GET"]}}],"collection":[{"href":"https:\/\/meditex.ee\/fi\/wp-json\/wp\/v2\/product"}],"about":[{"href":"https:\/\/meditex.ee\/fi\/wp-json\/wp\/v2\/types\/product"}],"wp:featuredmedia":[{"embeddable":true,"href":"https:\/\/meditex.ee\/fi\/wp-json\/wp\/v2\/media\/10894"}],"wp:attachment":[{"href":"https:\/\/meditex.ee\/fi\/wp-json\/wp\/v2\/media?parent=11485"}],"wp:term":[{"taxonomy":"product_brand","embeddable":true,"href":"https:\/\/meditex.ee\/fi\/wp-json\/wp\/v2\/product_brand?post=11485"},{"taxonomy":"product_cat","embeddable":true,"href":"https:\/\/meditex.ee\/fi\/wp-json\/wp\/v2\/product_cat?post=11485"},{"taxonomy":"product_tag","embeddable":true,"href":"https:\/\/meditex.ee\/fi\/wp-json\/wp\/v2\/product_tag?post=11485"}],"curies":[{"name":"wp","href":"https:\/\/api.w.org\/{rel}","templated":true}]}}