{"id":11275,"date":"2020-09-18T17:28:49","date_gmt":"2020-10-16T08:57:11","guid":{"rendered":"https:\/\/meditex.ee\/?post_type=product&#038;p=11275"},"modified":"2026-01-21T13:37:01","modified_gmt":"2026-01-21T13:37:01","slug":"corsinel-stomasafe-plus","status":"publish","type":"product","link":"https:\/\/meditex.ee\/fi\/tuote\/corsinel-stomasafe-plus\/","title":{"rendered":"Corsinel StomaSafe Plus"},"content":{"rendered":"<div class=\"row\"  id=\"row-1639890398\">\n\n\t<div id=\"col-581377785\" class=\"col medium-4 small-12 large-4\"  >\n\t\t\t\t<div class=\"col-inner\"  >\n\t\t\t\n\t\t\t\n\t<div class=\"img has-hover x md-x lg-x y md-y lg-y\" id=\"image_1155639292\">\n\t\t\t\t\t\t\t\t<div class=\"img-inner dark\" >\n\t\t\t<img decoding=\"async\" width=\"419\" height=\"417\" src=\"https:\/\/meditex.ee\/wp-content\/uploads\/2020\/09\/Corsinel-compression-level-icon_LIGHT.png\" class=\"attachment-large size-large\" alt=\"\" srcset=\"https:\/\/meditex.ee\/wp-content\/uploads\/2020\/09\/Corsinel-compression-level-icon_LIGHT.png 419w, https:\/\/meditex.ee\/wp-content\/uploads\/2020\/09\/Corsinel-compression-level-icon_LIGHT-100x100.png 100w, https:\/\/meditex.ee\/wp-content\/uploads\/2020\/09\/Corsinel-compression-level-icon_LIGHT-402x400.png 402w, https:\/\/meditex.ee\/wp-content\/uploads\/2020\/09\/Corsinel-compression-level-icon_LIGHT-280x280.png 280w, https:\/\/meditex.ee\/wp-content\/uploads\/2020\/09\/Corsinel-compression-level-icon_LIGHT-300x300.png 300w\" sizes=\"(max-width: 419px) 100vw, 419px\" \/>\t\t\t\t\t\t\n\t\t\t\t\t<\/div>\n\t\t\t\t\t\t\t\t\n<style>\n#image_1155639292 {\n  width: 30%;\n}\n<\/style>\n\t<\/div>\n\t\n\t\t<\/div>\n\t\t\t\t\t<\/div>\n\n\t\n\n\t<div id=\"col-1675783459\" class=\"col medium-4 small-12 large-4\"  >\n\t\t\t\t<div class=\"col-inner\"  >\n\t\t\t\n\t\t\t\n\t\t<\/div>\n\t\t\t\t\t<\/div>\n\n\t\n\n\t<div id=\"col-1699047174\" class=\"col medium-4 small-12 large-4\"  >\n\t\t\t\t<div class=\"col-inner text-right\"  >\n\t\t\t\n\t\t\t\n\t<div class=\"img has-hover x md-x lg-x y md-y lg-y\" id=\"image_1605399864\">\n\t\t\t\t\t\t\t\t<div class=\"img-inner dark\" >\n\t\t\t<img decoding=\"async\" width=\"1020\" height=\"274\" src=\"https:\/\/meditex.ee\/wp-content\/uploads\/2018\/03\/Corsinel_Live-as-you-like_200mm-1400x376.png\" class=\"attachment-large size-large\" alt=\"\" srcset=\"https:\/\/meditex.ee\/wp-content\/uploads\/2018\/03\/Corsinel_Live-as-you-like_200mm-1400x376.png 1400w, https:\/\/meditex.ee\/wp-content\/uploads\/2018\/03\/Corsinel_Live-as-you-like_200mm-510x137.png 510w, https:\/\/meditex.ee\/wp-content\/uploads\/2018\/03\/Corsinel_Live-as-you-like_200mm-800x215.png 800w, https:\/\/meditex.ee\/wp-content\/uploads\/2018\/03\/Corsinel_Live-as-you-like_200mm-768x206.png 768w, https:\/\/meditex.ee\/wp-content\/uploads\/2018\/03\/Corsinel_Live-as-you-like_200mm-600x161.png 600w\" sizes=\"(max-width: 1020px) 100vw, 1020px\" \/>\t\t\t\t\t\t\n\t\t\t\t\t<\/div>\n\t\t\t\t\t\t\t\t\n<style>\n#image_1605399864 {\n  width: 50%;\n}\n<\/style>\n\t<\/div>\n\t\n\t\t<\/div>\n\t\t\t\t\t<\/div>\n\n\t\n<\/div>\n<h1 style=\"text-align: left;\"><span style=\"color: #000000;\"><strong>StomaSafe Plus<\/strong><\/span><\/h1>\n<h2><span style=\"color: #000000;\"><strong>Avanne tukivy\u00f6<\/strong><\/span><\/h2>\n<p>&nbsp;<\/p>\n<p style=\"text-align: left;\"><span style=\"color: #000000;\"><strong>KUVAUS:<\/strong> <span class=\"word\">Pehme\u00e4<\/span>\u00a0<span class=\"word\">ja<\/span>\u00a0<span class=\"word\">joustava<\/span>\u00a0<span class=\"word\">sis\u00e4taskuinen<\/span>\u00a0<span class=\"word\">vaatetus<\/span>\u00a0<span class=\"word\">kaiken<\/span>\u00a0<span class=\"word\">tyyppisten<\/span>\u00a0avanne pussien\u00a0<span class=\"word\">ja<\/span>\u00a0<span class=\"word\">viem\u00e4ripussien<\/span>\u00a0<span class=\"word\">turvalliseen<\/span>\u00a0<span class=\"word\">s\u00e4ilytt\u00e4miseen<\/span>.<\/span><\/p>\n<p><strong>Ominaisuudet:<\/strong><\/p>\n<ul>\n<li><span style=\"color: #000000;\"><span class=\"word\">Kiinnitt\u00e4\u00e4<\/span>\u00a0<span class=\"word\">avannepussin<\/span>,\u00a0<span class=\"word\">mik\u00e4<\/span>\u00a0<span class=\"word\">auttaa<\/span>\u00a0<span class=\"word\">potilasta<\/span>\u00a0<span class=\"word\">tuntemaan<\/span>\u00a0<span class=\"word\">olonsa<\/span>\u00a0<span class=\"word\">turvalliseksi<\/span><\/span><\/li>\n<li><span style=\"color: #000000;\">Kaksikerroksinen j\u00e4rjestelm\u00e4 ei koske ihoa ja pussia<\/span><\/li>\n<li style=\"text-align: left;\"><span style=\"color: #000000;\">Saumaton muotoilu ihon yst\u00e4v\u00e4llisyyden parantamiseksi<\/span><\/li>\n<li style=\"text-align: left;\"><span style=\"color: #000000;\">Sile\u00e4 ja tukeva istuvuus<\/span><\/li>\n<li><span style=\"color: #000000;\">Pussisuojustoiminto, joka auttaa v\u00e4hent\u00e4m\u00e4\u00e4n sis\u00e4ll\u00f6n melua<\/span><\/li>\n<li style=\"text-align: left;\"><span style=\"color: #000000;\">Tarjoaa ylim\u00e4\u00e4r\u00e4ist\u00e4 turvallisuutta fyysisen toiminnan aikana<\/span><\/li>\n<li><span style=\"color: #000000;\">Pest\u00e4v\u00e4<\/span><\/li>\n<li><span style=\"color: #000000;\">Ei sis\u00e4ll\u00e4 lateksia<\/span><\/li>\n<\/ul>\n<p>&nbsp;<\/p>\n<p style=\"text-align: left;\"><span style=\"color: #000000;\"><strong>Koko:\u00a0<\/strong>Mitata aina vatsan laajimmasta kohdasta<\/span><\/p>\n<div class=\"row\"  id=\"row-506365852\">\n\n\t<div id=\"col-1814742499\" class=\"col medium-6 small-12 large-6\"  >\n\t\t\t\t<div class=\"col-inner\"  >\n\t\t\t\n\t\t\t\n\t<div class=\"img has-hover x md-x lg-x y md-y lg-y\" id=\"image_1578248019\">\n\t\t\t\t\t\t\t\t<div class=\"img-inner dark\" >\n\t\t\t<img decoding=\"async\" width=\"500\" height=\"150\" src=\"https:\/\/meditex.ee\/wp-content\/uploads\/2020\/10\/stomasafe-plus_size-chart.png\" class=\"attachment-large size-large\" alt=\"\" \/>\t\t\t\t\t\t\n\t\t\t\t\t<\/div>\n\t\t\t\t\t\t\t\t\n<style>\n#image_1578248019 {\n  width: 100%;\n}\n<\/style>\n\t<\/div>\n\t\n\t\t<\/div>\n\t\t\t\t\t<\/div>\n\n\t\n\n\t<div id=\"col-289338877\" class=\"col medium-6 small-12 large-6\"  >\n\t\t\t\t<div class=\"col-inner\"  >\n\t\t\t\n\t\t\t\n\t\t<\/div>\n\t\t\t\t\t<\/div>\n\n\t\n<\/div>\n<div class=\"is-divider divider clearfix\" style=\"background-color:rgb(255, 255, 255);\"><\/div>\n<div class=\"row row-small\"  id=\"row-1222551822\">\n\n\t<div id=\"col-358840772\" class=\"col medium-6 small-12 large-6\"  >\n\t\t\t\t<div class=\"col-inner\"  >\n\t\t\t\n\t\t\t\n\t<div class=\"img has-hover x md-x lg-x y md-y lg-y\" id=\"image_536325397\">\n\t\t\t\t\t\t\t\t<div class=\"img-inner dark\" >\n\t\t\t<img decoding=\"async\" width=\"500\" height=\"200\" src=\"https:\/\/meditex.ee\/wp-content\/uploads\/2020\/10\/SSP-paigaldamine-1fi.png\" class=\"attachment-large size-large\" alt=\"\" \/>\t\t\t\t\t\t\n\t\t\t\t\t<\/div>\n\t\t\t\t\t\t\t\t\n<style>\n#image_536325397 {\n  width: 100%;\n}\n<\/style>\n\t<\/div>\n\t\n\t\t<\/div>\n\t\t\t\t\t<\/div>\n\n\t\n\n\t<div id=\"col-570608979\" class=\"col medium-6 small-12 large-6\"  >\n\t\t\t\t<div class=\"col-inner\"  >\n\t\t\t\n\t\t\t\n\t<div class=\"img has-hover x md-x lg-x y md-y lg-y\" id=\"image_1001599332\">\n\t\t\t\t\t\t\t\t<div class=\"img-inner dark\" >\n\t\t\t<img decoding=\"async\" width=\"500\" height=\"200\" src=\"https:\/\/meditex.ee\/wp-content\/uploads\/2020\/10\/SSP-paigaldamine-2fi.png\" class=\"attachment-large size-large\" alt=\"\" \/>\t\t\t\t\t\t\n\t\t\t\t\t<\/div>\n\t\t\t\t\t\t\t\t\n<style>\n#image_1001599332 {\n  width: 100%;\n}\n<\/style>\n\t<\/div>\n\t\n\t\t<\/div>\n\t\t\t\t\t<\/div>\n\n\t\n<\/div>\n<div class=\"row row-small\"  id=\"row-59993876\">\n\n\t<div id=\"col-1195020412\" class=\"col medium-6 small-12 large-6\"  >\n\t\t\t\t<div class=\"col-inner\"  >\n\t\t\t\n\t\t\t\n\t<div class=\"img has-hover x md-x lg-x y md-y lg-y\" id=\"image_1785752772\">\n\t\t\t\t\t\t\t\t<div class=\"img-inner dark\" >\n\t\t\t<img decoding=\"async\" width=\"500\" height=\"200\" src=\"https:\/\/meditex.ee\/wp-content\/uploads\/2020\/10\/SSP-paigaldamine-3fi.png\" class=\"attachment-large size-large\" alt=\"\" \/>\t\t\t\t\t\t\n\t\t\t\t\t<\/div>\n\t\t\t\t\t\t\t\t\n<style>\n#image_1785752772 {\n  width: 100%;\n}\n<\/style>\n\t<\/div>\n\t\n\t\t<\/div>\n\t\t\t\t\t<\/div>\n\n\t\n\n\t<div id=\"col-1491104620\" class=\"col medium-6 small-12 large-6\"  >\n\t\t\t\t<div class=\"col-inner\"  >\n\t\t\t\n\t\t\t\n\t<div class=\"img has-hover x md-x lg-x y md-y lg-y\" id=\"image_1687190006\">\n\t\t\t\t\t\t\t\t<div class=\"img-inner dark\" >\n\t\t\t<img decoding=\"async\" width=\"500\" height=\"200\" src=\"https:\/\/meditex.ee\/wp-content\/uploads\/2020\/10\/SSP-paigaldamine-4fi.png\" class=\"attachment-large size-large\" alt=\"\" \/>\t\t\t\t\t\t\n\t\t\t\t\t<\/div>\n\t\t\t\t\t\t\t\t\n<style>\n#image_1687190006 {\n  width: 100%;\n}\n<\/style>\n\t<\/div>\n\t\n\t\t<\/div>\n\t\t\t\t\t<\/div>\n\n\t\n<\/div>\n<p style=\"text-align: left;\">\n","protected":false},"excerpt":{"rendered":"<p style=\"text-align: left;\"><span style=\"color: #000000; font-size: 75%;\"><span class=\"word\">Kevyt<\/span>\u00a0<span class=\"word\">avanne<\/span>\u00a0<span class=\"word\">tukivy\u00f6.<\/span><\/span><\/p>\n","protected":false},"featured_media":10765,"template":"","meta":[],"product_brand":[],"product_cat":[230],"product_tag":[225,324],"class_list":{"0":"post-11275","1":"product","2":"type-product","3":"status-publish","4":"has-post-thumbnail","6":"product_cat-avanne-ja-tyravyot","7":"product_tag-corsinel-fi","8":"product_tag-kevyt-tuki","10":"first","11":"instock","12":"taxable","13":"shipping-taxable","14":"purchasable","15":"product-type-variable"},"yoast_head":"<!-- This site is optimized with the Yoast SEO plugin v27.3 - https:\/\/yoast.com\/product\/yoast-seo-wordpress\/ -->\n<title>Corsinel StomaSafe Plus Avanne tukivy\u00f6 - Meditex .ee<\/title>\n<meta name=\"description\" content=\"Pehme\u00e4\u00a0ja\u00a0joustava\u00a0sis\u00e4taskuinen\u00a0vaatetus\u00a0kaiken\u00a0tyyppisten\u00a0avanne pussien\u00a0ja\u00a0viem\u00e4ripussien\u00a0turvalliseen\u00a0s\u00e4ilytt\u00e4miseen.\" \/>\n<meta name=\"robots\" content=\"index, follow, max-snippet:-1, max-image-preview:large, max-video-preview:-1\" \/>\n<link rel=\"canonical\" href=\"https:\/\/meditex.ee\/fi\/tuote\/corsinel-stomasafe-plus\/\" \/>\n<meta property=\"og:locale\" content=\"fi_FI\" \/>\n<meta property=\"og:type\" content=\"article\" \/>\n<meta property=\"og:title\" content=\"Corsinel StomaSafe Plus Avanne tukivy\u00f6 - Meditex .ee\" \/>\n<meta property=\"og:description\" content=\"Pehme\u00e4\u00a0ja\u00a0joustava\u00a0sis\u00e4taskuinen\u00a0vaatetus\u00a0kaiken\u00a0tyyppisten\u00a0avanne pussien\u00a0ja\u00a0viem\u00e4ripussien\u00a0turvalliseen\u00a0s\u00e4ilytt\u00e4miseen.\" \/>\n<meta property=\"og:url\" content=\"https:\/\/meditex.ee\/fi\/tuote\/corsinel-stomasafe-plus\/\" \/>\n<meta property=\"og:site_name\" content=\"Meditex\" \/>\n<meta property=\"article:publisher\" content=\"https:\/\/www.facebook.com\/meditexepood\/\" \/>\n<meta property=\"article:modified_time\" content=\"2026-01-21T13:37:01+00:00\" \/>\n<meta property=\"og:image\" content=\"https:\/\/meditex.ee\/wp-content\/uploads\/2020\/09\/3216_STOMASAFEPLUS_SIDE_BLACK-medium-removebg-preview.png\" \/>\n\t<meta property=\"og:image:width\" content=\"500\" \/>\n\t<meta property=\"og:image:height\" content=\"500\" \/>\n\t<meta property=\"og:image:type\" content=\"image\/png\" \/>\n<meta name=\"twitter:card\" content=\"summary_large_image\" \/>\n<meta name=\"twitter:label1\" content=\"Arvioitu lukuaika\" \/>\n\t<meta name=\"twitter:data1\" content=\"1 minuutti\" \/>\n<script type=\"application\/ld+json\" class=\"yoast-schema-graph\">{\"@context\":\"https:\\\/\\\/schema.org\",\"@graph\":[{\"@type\":\"WebPage\",\"@id\":\"https:\\\/\\\/meditex.ee\\\/fi\\\/tuote\\\/corsinel-stomasafe-plus\\\/\",\"url\":\"https:\\\/\\\/meditex.ee\\\/fi\\\/tuote\\\/corsinel-stomasafe-plus\\\/\",\"name\":\"Corsinel StomaSafe Plus Avanne tukivy\u00f6 - Meditex .ee\",\"isPartOf\":{\"@id\":\"https:\\\/\\\/meditex.ee\\\/en\\\/#website\"},\"primaryImageOfPage\":{\"@id\":\"https:\\\/\\\/meditex.ee\\\/fi\\\/tuote\\\/corsinel-stomasafe-plus\\\/#primaryimage\"},\"image\":{\"@id\":\"https:\\\/\\\/meditex.ee\\\/fi\\\/tuote\\\/corsinel-stomasafe-plus\\\/#primaryimage\"},\"thumbnailUrl\":\"https:\\\/\\\/meditex.ee\\\/wp-content\\\/uploads\\\/2020\\\/09\\\/3216_STOMASAFEPLUS_SIDE_BLACK-medium-removebg-preview.png\",\"datePublished\":\"2020-10-16T08:57:11+00:00\",\"dateModified\":\"2026-01-21T13:37:01+00:00\",\"description\":\"Pehme\u00e4\u00a0ja\u00a0joustava\u00a0sis\u00e4taskuinen\u00a0vaatetus\u00a0kaiken\u00a0tyyppisten\u00a0avanne pussien\u00a0ja\u00a0viem\u00e4ripussien\u00a0turvalliseen\u00a0s\u00e4ilytt\u00e4miseen.\",\"breadcrumb\":{\"@id\":\"https:\\\/\\\/meditex.ee\\\/fi\\\/tuote\\\/corsinel-stomasafe-plus\\\/#breadcrumb\"},\"inLanguage\":\"fi\",\"potentialAction\":[{\"@type\":\"ReadAction\",\"target\":[\"https:\\\/\\\/meditex.ee\\\/fi\\\/tuote\\\/corsinel-stomasafe-plus\\\/\"]}]},{\"@type\":\"ImageObject\",\"inLanguage\":\"fi\",\"@id\":\"https:\\\/\\\/meditex.ee\\\/fi\\\/tuote\\\/corsinel-stomasafe-plus\\\/#primaryimage\",\"url\":\"https:\\\/\\\/meditex.ee\\\/wp-content\\\/uploads\\\/2020\\\/09\\\/3216_STOMASAFEPLUS_SIDE_BLACK-medium-removebg-preview.png\",\"contentUrl\":\"https:\\\/\\\/meditex.ee\\\/wp-content\\\/uploads\\\/2020\\\/09\\\/3216_STOMASAFEPLUS_SIDE_BLACK-medium-removebg-preview.png\",\"width\":500,\"height\":500,\"caption\":\"kerge toega stoomiv\u00f6\u00f6 StomaSafe Plus\"},{\"@type\":\"BreadcrumbList\",\"@id\":\"https:\\\/\\\/meditex.ee\\\/fi\\\/tuote\\\/corsinel-stomasafe-plus\\\/#breadcrumb\",\"itemListElement\":[{\"@type\":\"ListItem\",\"position\":1,\"name\":\"Home\",\"item\":\"https:\\\/\\\/meditex.ee\\\/fi\\\/\"},{\"@type\":\"ListItem\",\"position\":2,\"name\":\"Verkkokauppa\",\"item\":\"https:\\\/\\\/meditex.ee\\\/fi\\\/verkkokauppa\\\/\"},{\"@type\":\"ListItem\",\"position\":3,\"name\":\"Corsinel StomaSafe Plus\"}]},{\"@type\":\"WebSite\",\"@id\":\"https:\\\/\\\/meditex.ee\\\/en\\\/#website\",\"url\":\"https:\\\/\\\/meditex.ee\\\/en\\\/\",\"name\":\"Meditex\",\"description\":\"\",\"publisher\":{\"@id\":\"https:\\\/\\\/meditex.ee\\\/en\\\/#organization\"},\"potentialAction\":[{\"@type\":\"SearchAction\",\"target\":{\"@type\":\"EntryPoint\",\"urlTemplate\":\"https:\\\/\\\/meditex.ee\\\/en\\\/?s={search_term_string}\"},\"query-input\":{\"@type\":\"PropertyValueSpecification\",\"valueRequired\":true,\"valueName\":\"search_term_string\"}}],\"inLanguage\":\"fi\"},{\"@type\":\"Organization\",\"@id\":\"https:\\\/\\\/meditex.ee\\\/en\\\/#organization\",\"name\":\"Meditex\",\"url\":\"https:\\\/\\\/meditex.ee\\\/en\\\/\",\"logo\":{\"@type\":\"ImageObject\",\"inLanguage\":\"fi\",\"@id\":\"https:\\\/\\\/meditex.ee\\\/en\\\/#\\\/schema\\\/logo\\\/image\\\/\",\"url\":\"https:\\\/\\\/meditex.ee\\\/wp-content\\\/uploads\\\/2018\\\/03\\\/mdtx_logo.png\",\"contentUrl\":\"https:\\\/\\\/meditex.ee\\\/wp-content\\\/uploads\\\/2018\\\/03\\\/mdtx_logo.png\",\"width\":669,\"height\":235,\"caption\":\"Meditex\"},\"image\":{\"@id\":\"https:\\\/\\\/meditex.ee\\\/en\\\/#\\\/schema\\\/logo\\\/image\\\/\"},\"sameAs\":[\"https:\\\/\\\/www.facebook.com\\\/meditexepood\\\/\"]}]}<\/script>\n<!-- \/ Yoast SEO plugin. -->","yoast_head_json":{"title":"Corsinel StomaSafe Plus Avanne tukivy\u00f6 - Meditex .ee","description":"Pehme\u00e4\u00a0ja\u00a0joustava\u00a0sis\u00e4taskuinen\u00a0vaatetus\u00a0kaiken\u00a0tyyppisten\u00a0avanne pussien\u00a0ja\u00a0viem\u00e4ripussien\u00a0turvalliseen\u00a0s\u00e4ilytt\u00e4miseen.","robots":{"index":"index","follow":"follow","max-snippet":"max-snippet:-1","max-image-preview":"max-image-preview:large","max-video-preview":"max-video-preview:-1"},"canonical":"https:\/\/meditex.ee\/fi\/tuote\/corsinel-stomasafe-plus\/","og_locale":"fi_FI","og_type":"article","og_title":"Corsinel StomaSafe Plus Avanne tukivy\u00f6 - Meditex .ee","og_description":"Pehme\u00e4\u00a0ja\u00a0joustava\u00a0sis\u00e4taskuinen\u00a0vaatetus\u00a0kaiken\u00a0tyyppisten\u00a0avanne pussien\u00a0ja\u00a0viem\u00e4ripussien\u00a0turvalliseen\u00a0s\u00e4ilytt\u00e4miseen.","og_url":"https:\/\/meditex.ee\/fi\/tuote\/corsinel-stomasafe-plus\/","og_site_name":"Meditex","article_publisher":"https:\/\/www.facebook.com\/meditexepood\/","article_modified_time":"2026-01-21T13:37:01+00:00","og_image":[{"width":500,"height":500,"url":"https:\/\/meditex.ee\/wp-content\/uploads\/2020\/09\/3216_STOMASAFEPLUS_SIDE_BLACK-medium-removebg-preview.png","type":"image\/png"}],"twitter_card":"summary_large_image","twitter_misc":{"Arvioitu lukuaika":"1 minuutti"},"schema":{"@context":"https:\/\/schema.org","@graph":[{"@type":"WebPage","@id":"https:\/\/meditex.ee\/fi\/tuote\/corsinel-stomasafe-plus\/","url":"https:\/\/meditex.ee\/fi\/tuote\/corsinel-stomasafe-plus\/","name":"Corsinel StomaSafe Plus Avanne tukivy\u00f6 - Meditex .ee","isPartOf":{"@id":"https:\/\/meditex.ee\/en\/#website"},"primaryImageOfPage":{"@id":"https:\/\/meditex.ee\/fi\/tuote\/corsinel-stomasafe-plus\/#primaryimage"},"image":{"@id":"https:\/\/meditex.ee\/fi\/tuote\/corsinel-stomasafe-plus\/#primaryimage"},"thumbnailUrl":"https:\/\/meditex.ee\/wp-content\/uploads\/2020\/09\/3216_STOMASAFEPLUS_SIDE_BLACK-medium-removebg-preview.png","datePublished":"2020-10-16T08:57:11+00:00","dateModified":"2026-01-21T13:37:01+00:00","description":"Pehme\u00e4\u00a0ja\u00a0joustava\u00a0sis\u00e4taskuinen\u00a0vaatetus\u00a0kaiken\u00a0tyyppisten\u00a0avanne pussien\u00a0ja\u00a0viem\u00e4ripussien\u00a0turvalliseen\u00a0s\u00e4ilytt\u00e4miseen.","breadcrumb":{"@id":"https:\/\/meditex.ee\/fi\/tuote\/corsinel-stomasafe-plus\/#breadcrumb"},"inLanguage":"fi","potentialAction":[{"@type":"ReadAction","target":["https:\/\/meditex.ee\/fi\/tuote\/corsinel-stomasafe-plus\/"]}]},{"@type":"ImageObject","inLanguage":"fi","@id":"https:\/\/meditex.ee\/fi\/tuote\/corsinel-stomasafe-plus\/#primaryimage","url":"https:\/\/meditex.ee\/wp-content\/uploads\/2020\/09\/3216_STOMASAFEPLUS_SIDE_BLACK-medium-removebg-preview.png","contentUrl":"https:\/\/meditex.ee\/wp-content\/uploads\/2020\/09\/3216_STOMASAFEPLUS_SIDE_BLACK-medium-removebg-preview.png","width":500,"height":500,"caption":"kerge toega stoomiv\u00f6\u00f6 StomaSafe Plus"},{"@type":"BreadcrumbList","@id":"https:\/\/meditex.ee\/fi\/tuote\/corsinel-stomasafe-plus\/#breadcrumb","itemListElement":[{"@type":"ListItem","position":1,"name":"Home","item":"https:\/\/meditex.ee\/fi\/"},{"@type":"ListItem","position":2,"name":"Verkkokauppa","item":"https:\/\/meditex.ee\/fi\/verkkokauppa\/"},{"@type":"ListItem","position":3,"name":"Corsinel StomaSafe Plus"}]},{"@type":"WebSite","@id":"https:\/\/meditex.ee\/en\/#website","url":"https:\/\/meditex.ee\/en\/","name":"Meditex","description":"","publisher":{"@id":"https:\/\/meditex.ee\/en\/#organization"},"potentialAction":[{"@type":"SearchAction","target":{"@type":"EntryPoint","urlTemplate":"https:\/\/meditex.ee\/en\/?s={search_term_string}"},"query-input":{"@type":"PropertyValueSpecification","valueRequired":true,"valueName":"search_term_string"}}],"inLanguage":"fi"},{"@type":"Organization","@id":"https:\/\/meditex.ee\/en\/#organization","name":"Meditex","url":"https:\/\/meditex.ee\/en\/","logo":{"@type":"ImageObject","inLanguage":"fi","@id":"https:\/\/meditex.ee\/en\/#\/schema\/logo\/image\/","url":"https:\/\/meditex.ee\/wp-content\/uploads\/2018\/03\/mdtx_logo.png","contentUrl":"https:\/\/meditex.ee\/wp-content\/uploads\/2018\/03\/mdtx_logo.png","width":669,"height":235,"caption":"Meditex"},"image":{"@id":"https:\/\/meditex.ee\/en\/#\/schema\/logo\/image\/"},"sameAs":["https:\/\/www.facebook.com\/meditexepood\/"]}]}},"_links":{"self":[{"href":"https:\/\/meditex.ee\/fi\/wp-json\/wp\/v2\/product\/11275","targetHints":{"allow":["GET"]}}],"collection":[{"href":"https:\/\/meditex.ee\/fi\/wp-json\/wp\/v2\/product"}],"about":[{"href":"https:\/\/meditex.ee\/fi\/wp-json\/wp\/v2\/types\/product"}],"wp:featuredmedia":[{"embeddable":true,"href":"https:\/\/meditex.ee\/fi\/wp-json\/wp\/v2\/media\/10765"}],"wp:attachment":[{"href":"https:\/\/meditex.ee\/fi\/wp-json\/wp\/v2\/media?parent=11275"}],"wp:term":[{"taxonomy":"product_brand","embeddable":true,"href":"https:\/\/meditex.ee\/fi\/wp-json\/wp\/v2\/product_brand?post=11275"},{"taxonomy":"product_cat","embeddable":true,"href":"https:\/\/meditex.ee\/fi\/wp-json\/wp\/v2\/product_cat?post=11275"},{"taxonomy":"product_tag","embeddable":true,"href":"https:\/\/meditex.ee\/fi\/wp-json\/wp\/v2\/product_tag?post=11275"}],"curies":[{"name":"wp","href":"https:\/\/api.w.org\/{rel}","templated":true}]}}