{"id":10069,"date":"2020-03-05T09:52:09","date_gmt":"2020-03-06T09:56:03","guid":{"rendered":"https:\/\/meditex.ee\/?post_type=product&#038;p=10069"},"modified":"2020-10-18T06:59:29","modified_gmt":"2020-10-18T06:59:29","slug":"nordicare-saga","status":"publish","type":"product","link":"https:\/\/meditex.ee\/fi\/tuote\/nordicare-saga\/","title":{"rendered":"NordiCare Saga"},"content":{"rendered":"<div class=\"row\"  id=\"row-114826555\">\n\n\t<div id=\"col-1278966923\" class=\"col medium-4 small-12 large-4\"  >\n\t\t\t\t<div class=\"col-inner\"  >\n\t\t\t\n\t\t\t\n\t\t<\/div>\n\t\t\t\t\t<\/div>\n\n\t\n\n\t<div id=\"col-359668645\" class=\"col medium-4 small-12 large-4\"  >\n\t\t\t\t<div class=\"col-inner\"  >\n\t\t\t\n\t\t\t\n\t\t<\/div>\n\t\t\t\t\t<\/div>\n\n\t\n\n\t<div id=\"col-962243228\" class=\"col medium-4 small-12 large-4\"  >\n\t\t\t\t<div class=\"col-inner text-right\"  >\n\t\t\t\n\t\t\t\n\t<div class=\"img has-hover x md-x lg-x y md-y lg-y\" id=\"image_1790481998\">\n\t\t\t\t\t\t\t\t<div class=\"img-inner dark\" >\n\t\t\t<img decoding=\"async\" width=\"488\" height=\"154\" src=\"https:\/\/meditex.ee\/wp-content\/uploads\/2020\/03\/nordicare_logo.png\" class=\"attachment-large size-large\" alt=\"\" \/>\t\t\t\t\t\t\n\t\t\t\t\t<\/div>\n\t\t\t\t\t\t\t\t\n<style>\n#image_1790481998 {\n  width: 55%;\n}\n<\/style>\n\t<\/div>\n\t\n\t\t<\/div>\n\t\t\t\t\t<\/div>\n\n\t\n<\/div>\n<p class=\"Standard\" style=\"text-align: left;\"><span style=\"color: #000000;\"><span class=\"TextRun SCXW105723395 BCX0\" lang=\"FI\" xml:lang=\"FI\" data-contrast=\"auto\"><span class=\"NormalTextRun SCXW105723395 BCX0\" data-ccp-parastyle=\"Standard\">Tukevat ja mukavat rintaliivit kauniilla pitsill\u00e4. Ihana istuvuus ja t\u00e4ydellinen tuki, my\u00f6s suure<\/span><\/span><span class=\"TextRun SCXW105723395 BCX0\" lang=\"FI\" xml:lang=\"FI\" data-contrast=\"auto\"><span class=\"NormalTextRun SCXW105723395 BCX0\" data-ccp-parastyle=\"Standard\">mmille rinnoille<\/span><\/span><span class=\"TextRun SCXW105723395 BCX0\" lang=\"FI\" xml:lang=\"FI\" data-contrast=\"auto\"><span class=\"NormalTextRun SCXW105723395 BCX0\" data-ccp-parastyle=\"Standard\">. Leve\u00e4<\/span><\/span><span class=\"TextRun SCXW105723395 BCX0\" lang=\"FI\" xml:lang=\"FI\" data-contrast=\"auto\"><span class=\"NormalTextRun SCXW105723395 BCX0\" data-ccp-parastyle=\"Standard\">t<\/span><\/span><span class=\"TextRun SCXW105723395 BCX0\" lang=\"FI\" xml:lang=\"FI\" data-contrast=\"auto\"><span class=\"NormalTextRun SCXW105723395 BCX0\" data-ccp-parastyle=\"Standard\">\u00a0pehmustet<\/span><\/span><span class=\"TextRun SCXW105723395 BCX0\" lang=\"FI\" xml:lang=\"FI\" data-contrast=\"auto\"><span class=\"NormalTextRun SCXW105723395 BCX0\" data-ccp-parastyle=\"Standard\">ut<\/span><\/span><span class=\"TextRun SCXW105723395 BCX0\" lang=\"FI\" xml:lang=\"FI\" data-contrast=\"auto\"><span class=\"NormalTextRun SCXW105723395 BCX0\" data-ccp-parastyle=\"Standard\">\u00a0olkahihnat ja tasku molemmin\u00a0<\/span><\/span><span class=\"TextRun SCXW105723395 BCX0\" lang=\"FI\" xml:lang=\"FI\" data-contrast=\"auto\"><span class=\"NormalTextRun SCXW105723395 BCX0\" data-ccp-parastyle=\"Standard\">puolin proteesin asettamista\/irrottamista varten<\/span><\/span><span class=\"TextRun SCXW105723395 BCX0\" lang=\"FI\" xml:lang=\"FI\" data-contrast=\"auto\"><span class=\"NormalTextRun SCXW105723395 BCX0\" data-ccp-parastyle=\"Standard\">.\u00a0<\/span><\/span><span class=\"TextRun SCXW105723395 BCX0\" lang=\"FI\" xml:lang=\"FI\" data-contrast=\"auto\"><span class=\"NormalTextRun SCXW105723395 BCX0\" data-ccp-parastyle=\"Standard\">Erinomainen<\/span><\/span><span class=\"TextRun SCXW105723395 BCX0\" lang=\"FI\" xml:lang=\"FI\" data-contrast=\"auto\"><span class=\"NormalTextRun SCXW105723395 BCX0\" data-ccp-parastyle=\"Standard\">\u00a0niille, jotka k\u00e4ytt\u00e4v\u00e4t\u00a0<\/span><\/span><span class=\"TextRun SCXW105723395 BCX0\" lang=\"FI\" xml:lang=\"FI\" data-contrast=\"auto\"><span class=\"NormalTextRun SCXW105723395 BCX0\" data-ccp-parastyle=\"Standard\">irtoproteeseja<\/span><\/span><span class=\"TextRun SCXW105723395 BCX0\" lang=\"FI\" xml:lang=\"FI\" data-contrast=\"auto\"><span class=\"NormalTextRun SCXW105723395 BCX0\" data-ccp-parastyle=\"Standard\">, mutta\u00a0<\/span><\/span><span class=\"TextRun SCXW105723395 BCX0\" lang=\"FI\" xml:lang=\"FI\" data-contrast=\"auto\"><span class=\"NormalTextRun SCXW105723395 BCX0\" data-ccp-parastyle=\"Standard\">rintaliivit\u00a0<\/span><\/span><span class=\"TextRun SCXW105723395 BCX0\" lang=\"FI\" xml:lang=\"FI\" data-contrast=\"auto\"><span class=\"NormalTextRun SCXW105723395 BCX0\" data-ccp-parastyle=\"Standard\">tarjoavat hyv\u00e4\u00e4<\/span><\/span><span class=\"TextRun SCXW105723395 BCX0\" lang=\"FI\" xml:lang=\"FI\" data-contrast=\"auto\"><span class=\"NormalTextRun SCXW105723395 BCX0\" data-ccp-parastyle=\"Standard\">\u00a0tukea\u00a0<\/span><\/span><span class=\"TextRun SCXW105723395 BCX0\" lang=\"FI\" xml:lang=\"FI\" data-contrast=\"auto\"><span class=\"NormalTextRun SCXW105723395 BCX0\" data-ccp-parastyle=\"Standard\">my\u00f6s rintojen kohotu<\/span><\/span><span class=\"TextRun SCXW105723395 BCX0\" lang=\"FI\" xml:lang=\"FI\" data-contrast=\"auto\"><span class=\"NormalTextRun SCXW105723395 BCX0\" data-ccp-parastyle=\"Standard\">ksen<\/span><\/span><span class=\"TextRun SCXW105723395 BCX0\" lang=\"FI\" xml:lang=\"FI\" data-contrast=\"auto\"><span class=\"NormalTextRun SCXW105723395 BCX0\" data-ccp-parastyle=\"Standard\">\u00a0tai rintojen\u00a0<\/span><\/span><span class=\"TextRun SCXW105723395 BCX0\" lang=\"FI\" xml:lang=\"FI\" data-contrast=\"auto\"><span class=\"NormalTextRun SCXW105723395 BCX0\" data-ccp-parastyle=\"Standard\">pienent\u00e4misen j\u00e4lkeen.<\/span><\/span><span class=\"EOP SCXW105723395 BCX0\" data-ccp-props=\"{}\">\u00a0<\/span><\/span><\/p>\n<p class=\"Standard\" style=\"text-align: left;\"><span style=\"color: #000000;\"><strong>V\u00e4ri:<\/strong> Valkoinen<\/span><\/p>\n<p class=\"Standard\" style=\"text-align: left;\"><span style=\"color: #000000;\"><strong>Saatavana koot:<\/strong> 80\u2013105 A, 75\u2013105 B, C, D, E.<\/span><\/p>\n<p style=\"text-align: left;\"><span style=\"color: #000000; font-size: 85%;\">NB! Jos etsim\u00e4\u00e4si kokoa ei ole saatavilla kaupassa, ota meihin yhteytt\u00e4.<\/span><\/p>\n<div class=\"is-divider divider clearfix\" style=\"max-width:1100px;background-color:rgb(0, 0, 0);\"><\/div>\n<div class=\"row\"  id=\"row-1216143427\">\n\n\t<div id=\"col-600282038\" class=\"col small-12 large-12\"  >\n\t\t\t\t<div class=\"col-inner\"  >\n\t\t\t\n\t\t\t\n<p style=\"text-align: left;\"><strong><span style=\"color: #000000;\">Proteesirintaliivit, joissa on tilaa rintaproteesille<\/span><\/strong><\/p>\n<p style=\"text-align: left;\"><span style=\"color: #000000;\">Tavoitteenamme on tehd\u00e4 alusvaatteita, jotka sopivat t\u00e4ydellisesti sinulle. Meill\u00e4 on laaja kokemus tuotteiden suunnittelemisesta naisille, jotka ovat k\u00e4yneet l\u00e4pi erilaisia rintaleikkauksia, kuten rinnanpoiston, rintojen pienennyksen, rintojen rekonstruktion ja rintaimplanttien asennuksen. Huolellisesti suunnitelluilla malleilla ja erityisesti valituilla materiaaleilla, jotka takaavat maksimaalisen mukavuuden, olemme luoneet alusvaatteita, joita k\u00e4yt\u00e4t mielell\u00e4\u00e4n.<\/span><\/p>\n<p style=\"text-align: left;\"><span style=\"color: #000000;\">Ymm\u00e4rr\u00e4mme,\u00a0\u00a0kuinka t\u00e4rke\u00e4\u00e4 on, ett\u00e4 naiset, jotka ovat olleet rintaleikkauksessa, l\u00f6yt\u00e4v\u00e4t rintaliivit, jotka istuvat hyvin, tarjoavat runsaasti tukea, ja ovat my\u00f6s mukavia k\u00e4ytt\u00e4\u00e4. T\u00e4t\u00e4 varten olemme ylpeit\u00e4 voidessamme tarjota n\u00e4it\u00e4 tyylikk\u00e4it\u00e4 ja mukavia alusvaatteita niille, jotka k\u00e4ytt\u00e4v\u00e4t rintaproteeseja \u2013 tai jopa niille, jotka haluavat vain k\u00e4ytt\u00e4\u00e4 niit\u00e4 vaatteiden alla.<\/span><\/p>\n\t\t<\/div>\n\t\t\t\t\t<\/div>\n\n\t\n<\/div>\n<p>&nbsp;<\/p>\n<p>&nbsp;<\/p>\n","protected":false},"excerpt":{"rendered":"<p style=\"text-align: left;\"><span style=\"color: #000000; font-size: 75%;\"><span class=\"TextRun SCXW201248096 BCX0\" lang=\"FI\" xml:lang=\"FI\" data-contrast=\"auto\"><span class=\"NormalTextRun SCXW201248096 BCX0\" data-ccp-parastyle=\"Standard\">Tukevat<\/span><\/span><span class=\"TextRun SCXW201248096 BCX0\" lang=\"FI\" xml:lang=\"FI\" data-contrast=\"auto\"><span class=\"NormalTextRun SCXW201248096 BCX0\" data-ccp-parastyle=\"Standard\">\u00a0ja<\/span><\/span><span class=\"TextRun SCXW201248096 BCX0\" lang=\"FI\" xml:lang=\"FI\" data-contrast=\"auto\"><span class=\"NormalTextRun SCXW201248096 BCX0\" data-ccp-parastyle=\"Standard\">\u00a0<\/span><\/span><span class=\"TextRun SCXW201248096 BCX0\" lang=\"FI\" xml:lang=\"FI\" data-contrast=\"auto\"><span class=\"NormalTextRun SCXW201248096 BCX0\" data-ccp-parastyle=\"Standard\">mukavat saumattomat\u00a0<\/span><\/span><span class=\"TextRun SCXW201248096 BCX0\" lang=\"FI\" xml:lang=\"FI\" data-contrast=\"auto\"><span class=\"NormalTextRun SCXW201248096 BCX0\" data-ccp-parastyle=\"Standard\">operaation j\u00e4lkeiset<\/span><\/span><span class=\"TextRun SCXW201248096 BCX0\" lang=\"FI\" xml:lang=\"FI\" data-contrast=\"auto\"><span class=\"NormalTextRun SCXW201248096 BCX0\" data-ccp-parastyle=\"Standard\"> rintaliivit\/proteesirintaliivit.<\/span><\/span><\/span><\/p>\n","protected":false},"featured_media":10569,"template":"","meta":[],"product_brand":[],"product_cat":[68],"product_tag":[258],"class_list":{"0":"post-10069","1":"product","2":"type-product","3":"status-publish","4":"has-post-thumbnail","6":"product_cat-operatsioonijargsed-rinnahoidjad","7":"product_tag-nordicare","9":"first","10":"instock","11":"taxable","12":"shipping-taxable","13":"purchasable","14":"product-type-variable"},"yoast_head":"<!-- This site is optimized with the Yoast SEO plugin v27.3 - https:\/\/yoast.com\/product\/yoast-seo-wordpress\/ -->\n<title>NordiCare Saga proteesiliivit - Meditex .ee verkkokauppa<\/title>\n<meta name=\"description\" content=\"Tukevat ja mukavat proteesiliivit kauniilla pitsill\u00e4. Ihana istuvuus ja t\u00e4ydellinen tuki, my\u00f6s suuremmille rinnoille.\" \/>\n<meta name=\"robots\" content=\"index, follow, max-snippet:-1, max-image-preview:large, max-video-preview:-1\" \/>\n<link rel=\"canonical\" href=\"https:\/\/meditex.ee\/fi\/tuote\/nordicare-saga\/\" \/>\n<meta property=\"og:locale\" content=\"fi_FI\" \/>\n<meta property=\"og:type\" content=\"article\" \/>\n<meta property=\"og:title\" content=\"NordiCare Saga proteesiliivit - Meditex .ee verkkokauppa\" \/>\n<meta property=\"og:description\" content=\"Tukevat ja mukavat proteesiliivit kauniilla pitsill\u00e4. Ihana istuvuus ja t\u00e4ydellinen tuki, my\u00f6s suuremmille rinnoille.\" \/>\n<meta property=\"og:url\" content=\"https:\/\/meditex.ee\/fi\/tuote\/nordicare-saga\/\" \/>\n<meta property=\"og:site_name\" content=\"Meditex\" \/>\n<meta property=\"article:publisher\" content=\"https:\/\/www.facebook.com\/meditexepood\/\" \/>\n<meta property=\"article:modified_time\" content=\"2020-10-18T06:59:29+00:00\" \/>\n<meta property=\"og:image\" content=\"https:\/\/meditex.ee\/wp-content\/uploads\/2020\/03\/NordiCare-Saga.png\" \/>\n\t<meta property=\"og:image:width\" content=\"500\" \/>\n\t<meta property=\"og:image:height\" content=\"600\" \/>\n\t<meta property=\"og:image:type\" content=\"image\/png\" \/>\n<meta name=\"twitter:card\" content=\"summary_large_image\" \/>\n<meta name=\"twitter:label1\" content=\"Arvioitu lukuaika\" \/>\n\t<meta name=\"twitter:data1\" content=\"1 minuutti\" \/>\n<script type=\"application\/ld+json\" class=\"yoast-schema-graph\">{\"@context\":\"https:\\\/\\\/schema.org\",\"@graph\":[{\"@type\":\"WebPage\",\"@id\":\"https:\\\/\\\/meditex.ee\\\/fi\\\/tuote\\\/nordicare-saga\\\/\",\"url\":\"https:\\\/\\\/meditex.ee\\\/fi\\\/tuote\\\/nordicare-saga\\\/\",\"name\":\"NordiCare Saga proteesiliivit - Meditex .ee verkkokauppa\",\"isPartOf\":{\"@id\":\"https:\\\/\\\/meditex.ee\\\/en\\\/#website\"},\"primaryImageOfPage\":{\"@id\":\"https:\\\/\\\/meditex.ee\\\/fi\\\/tuote\\\/nordicare-saga\\\/#primaryimage\"},\"image\":{\"@id\":\"https:\\\/\\\/meditex.ee\\\/fi\\\/tuote\\\/nordicare-saga\\\/#primaryimage\"},\"thumbnailUrl\":\"https:\\\/\\\/meditex.ee\\\/wp-content\\\/uploads\\\/2020\\\/03\\\/NordiCare-Saga.png\",\"datePublished\":\"2020-03-06T09:56:03+00:00\",\"dateModified\":\"2020-10-18T06:59:29+00:00\",\"description\":\"Tukevat ja mukavat proteesiliivit kauniilla pitsill\u00e4. Ihana istuvuus ja t\u00e4ydellinen tuki, my\u00f6s suuremmille rinnoille.\",\"breadcrumb\":{\"@id\":\"https:\\\/\\\/meditex.ee\\\/fi\\\/tuote\\\/nordicare-saga\\\/#breadcrumb\"},\"inLanguage\":\"fi\",\"potentialAction\":[{\"@type\":\"ReadAction\",\"target\":[\"https:\\\/\\\/meditex.ee\\\/fi\\\/tuote\\\/nordicare-saga\\\/\"]}]},{\"@type\":\"ImageObject\",\"inLanguage\":\"fi\",\"@id\":\"https:\\\/\\\/meditex.ee\\\/fi\\\/tuote\\\/nordicare-saga\\\/#primaryimage\",\"url\":\"https:\\\/\\\/meditex.ee\\\/wp-content\\\/uploads\\\/2020\\\/03\\\/NordiCare-Saga.png\",\"contentUrl\":\"https:\\\/\\\/meditex.ee\\\/wp-content\\\/uploads\\\/2020\\\/03\\\/NordiCare-Saga.png\",\"width\":500,\"height\":600},{\"@type\":\"BreadcrumbList\",\"@id\":\"https:\\\/\\\/meditex.ee\\\/fi\\\/tuote\\\/nordicare-saga\\\/#breadcrumb\",\"itemListElement\":[{\"@type\":\"ListItem\",\"position\":1,\"name\":\"Home\",\"item\":\"https:\\\/\\\/meditex.ee\\\/fi\\\/\"},{\"@type\":\"ListItem\",\"position\":2,\"name\":\"Verkkokauppa\",\"item\":\"https:\\\/\\\/meditex.ee\\\/fi\\\/verkkokauppa\\\/\"},{\"@type\":\"ListItem\",\"position\":3,\"name\":\"NordiCare Saga\"}]},{\"@type\":\"WebSite\",\"@id\":\"https:\\\/\\\/meditex.ee\\\/en\\\/#website\",\"url\":\"https:\\\/\\\/meditex.ee\\\/en\\\/\",\"name\":\"Meditex\",\"description\":\"\",\"publisher\":{\"@id\":\"https:\\\/\\\/meditex.ee\\\/en\\\/#organization\"},\"potentialAction\":[{\"@type\":\"SearchAction\",\"target\":{\"@type\":\"EntryPoint\",\"urlTemplate\":\"https:\\\/\\\/meditex.ee\\\/en\\\/?s={search_term_string}\"},\"query-input\":{\"@type\":\"PropertyValueSpecification\",\"valueRequired\":true,\"valueName\":\"search_term_string\"}}],\"inLanguage\":\"fi\"},{\"@type\":\"Organization\",\"@id\":\"https:\\\/\\\/meditex.ee\\\/en\\\/#organization\",\"name\":\"Meditex\",\"url\":\"https:\\\/\\\/meditex.ee\\\/en\\\/\",\"logo\":{\"@type\":\"ImageObject\",\"inLanguage\":\"fi\",\"@id\":\"https:\\\/\\\/meditex.ee\\\/en\\\/#\\\/schema\\\/logo\\\/image\\\/\",\"url\":\"https:\\\/\\\/meditex.ee\\\/wp-content\\\/uploads\\\/2018\\\/03\\\/mdtx_logo.png\",\"contentUrl\":\"https:\\\/\\\/meditex.ee\\\/wp-content\\\/uploads\\\/2018\\\/03\\\/mdtx_logo.png\",\"width\":669,\"height\":235,\"caption\":\"Meditex\"},\"image\":{\"@id\":\"https:\\\/\\\/meditex.ee\\\/en\\\/#\\\/schema\\\/logo\\\/image\\\/\"},\"sameAs\":[\"https:\\\/\\\/www.facebook.com\\\/meditexepood\\\/\"]}]}<\/script>\n<!-- \/ Yoast SEO plugin. -->","yoast_head_json":{"title":"NordiCare Saga proteesiliivit - Meditex .ee verkkokauppa","description":"Tukevat ja mukavat proteesiliivit kauniilla pitsill\u00e4. Ihana istuvuus ja t\u00e4ydellinen tuki, my\u00f6s suuremmille rinnoille.","robots":{"index":"index","follow":"follow","max-snippet":"max-snippet:-1","max-image-preview":"max-image-preview:large","max-video-preview":"max-video-preview:-1"},"canonical":"https:\/\/meditex.ee\/fi\/tuote\/nordicare-saga\/","og_locale":"fi_FI","og_type":"article","og_title":"NordiCare Saga proteesiliivit - Meditex .ee verkkokauppa","og_description":"Tukevat ja mukavat proteesiliivit kauniilla pitsill\u00e4. Ihana istuvuus ja t\u00e4ydellinen tuki, my\u00f6s suuremmille rinnoille.","og_url":"https:\/\/meditex.ee\/fi\/tuote\/nordicare-saga\/","og_site_name":"Meditex","article_publisher":"https:\/\/www.facebook.com\/meditexepood\/","article_modified_time":"2020-10-18T06:59:29+00:00","og_image":[{"width":500,"height":600,"url":"https:\/\/meditex.ee\/wp-content\/uploads\/2020\/03\/NordiCare-Saga.png","type":"image\/png"}],"twitter_card":"summary_large_image","twitter_misc":{"Arvioitu lukuaika":"1 minuutti"},"schema":{"@context":"https:\/\/schema.org","@graph":[{"@type":"WebPage","@id":"https:\/\/meditex.ee\/fi\/tuote\/nordicare-saga\/","url":"https:\/\/meditex.ee\/fi\/tuote\/nordicare-saga\/","name":"NordiCare Saga proteesiliivit - Meditex .ee verkkokauppa","isPartOf":{"@id":"https:\/\/meditex.ee\/en\/#website"},"primaryImageOfPage":{"@id":"https:\/\/meditex.ee\/fi\/tuote\/nordicare-saga\/#primaryimage"},"image":{"@id":"https:\/\/meditex.ee\/fi\/tuote\/nordicare-saga\/#primaryimage"},"thumbnailUrl":"https:\/\/meditex.ee\/wp-content\/uploads\/2020\/03\/NordiCare-Saga.png","datePublished":"2020-03-06T09:56:03+00:00","dateModified":"2020-10-18T06:59:29+00:00","description":"Tukevat ja mukavat proteesiliivit kauniilla pitsill\u00e4. Ihana istuvuus ja t\u00e4ydellinen tuki, my\u00f6s suuremmille rinnoille.","breadcrumb":{"@id":"https:\/\/meditex.ee\/fi\/tuote\/nordicare-saga\/#breadcrumb"},"inLanguage":"fi","potentialAction":[{"@type":"ReadAction","target":["https:\/\/meditex.ee\/fi\/tuote\/nordicare-saga\/"]}]},{"@type":"ImageObject","inLanguage":"fi","@id":"https:\/\/meditex.ee\/fi\/tuote\/nordicare-saga\/#primaryimage","url":"https:\/\/meditex.ee\/wp-content\/uploads\/2020\/03\/NordiCare-Saga.png","contentUrl":"https:\/\/meditex.ee\/wp-content\/uploads\/2020\/03\/NordiCare-Saga.png","width":500,"height":600},{"@type":"BreadcrumbList","@id":"https:\/\/meditex.ee\/fi\/tuote\/nordicare-saga\/#breadcrumb","itemListElement":[{"@type":"ListItem","position":1,"name":"Home","item":"https:\/\/meditex.ee\/fi\/"},{"@type":"ListItem","position":2,"name":"Verkkokauppa","item":"https:\/\/meditex.ee\/fi\/verkkokauppa\/"},{"@type":"ListItem","position":3,"name":"NordiCare Saga"}]},{"@type":"WebSite","@id":"https:\/\/meditex.ee\/en\/#website","url":"https:\/\/meditex.ee\/en\/","name":"Meditex","description":"","publisher":{"@id":"https:\/\/meditex.ee\/en\/#organization"},"potentialAction":[{"@type":"SearchAction","target":{"@type":"EntryPoint","urlTemplate":"https:\/\/meditex.ee\/en\/?s={search_term_string}"},"query-input":{"@type":"PropertyValueSpecification","valueRequired":true,"valueName":"search_term_string"}}],"inLanguage":"fi"},{"@type":"Organization","@id":"https:\/\/meditex.ee\/en\/#organization","name":"Meditex","url":"https:\/\/meditex.ee\/en\/","logo":{"@type":"ImageObject","inLanguage":"fi","@id":"https:\/\/meditex.ee\/en\/#\/schema\/logo\/image\/","url":"https:\/\/meditex.ee\/wp-content\/uploads\/2018\/03\/mdtx_logo.png","contentUrl":"https:\/\/meditex.ee\/wp-content\/uploads\/2018\/03\/mdtx_logo.png","width":669,"height":235,"caption":"Meditex"},"image":{"@id":"https:\/\/meditex.ee\/en\/#\/schema\/logo\/image\/"},"sameAs":["https:\/\/www.facebook.com\/meditexepood\/"]}]}},"_links":{"self":[{"href":"https:\/\/meditex.ee\/fi\/wp-json\/wp\/v2\/product\/10069","targetHints":{"allow":["GET"]}}],"collection":[{"href":"https:\/\/meditex.ee\/fi\/wp-json\/wp\/v2\/product"}],"about":[{"href":"https:\/\/meditex.ee\/fi\/wp-json\/wp\/v2\/types\/product"}],"wp:featuredmedia":[{"embeddable":true,"href":"https:\/\/meditex.ee\/fi\/wp-json\/wp\/v2\/media\/10569"}],"wp:attachment":[{"href":"https:\/\/meditex.ee\/fi\/wp-json\/wp\/v2\/media?parent=10069"}],"wp:term":[{"taxonomy":"product_brand","embeddable":true,"href":"https:\/\/meditex.ee\/fi\/wp-json\/wp\/v2\/product_brand?post=10069"},{"taxonomy":"product_cat","embeddable":true,"href":"https:\/\/meditex.ee\/fi\/wp-json\/wp\/v2\/product_cat?post=10069"},{"taxonomy":"product_tag","embeddable":true,"href":"https:\/\/meditex.ee\/fi\/wp-json\/wp\/v2\/product_tag?post=10069"}],"curies":[{"name":"wp","href":"https:\/\/api.w.org\/{rel}","templated":true}]}}